{"id":87,"date":"2022-08-11T22:59:48","date_gmt":"2022-08-11T22:59:48","guid":{"rendered":"https:\/\/hawaymusic.com\/?post_type=product&#038;p=87"},"modified":"2025-11-01T08:44:03","modified_gmt":"2025-11-01T08:44:03","slug":"vox-cable-de-guitarra-de-bobina-vintage-premium-vcc-90bk-29-5-ft","status":"publish","type":"product","link":"https:\/\/hawaymusic.com\/es\/product\/vox-cable-de-guitarra-de-bobina-vintage-premium-vcc-90bk-29-5-ft\/","title":{"rendered":"Vox Cable de guitarra de bobina vintage premium VCC-90BK 29.5 ft"},"content":{"rendered":"<p align=\"justify\">El cl\u00e1sico &#8220;cable rizado&#8221;, el VCC ha sido parte de algunos de los momentos m\u00e1s hist\u00f3ricos de la historia del rock and roll. Un dise\u00f1o \u00fanico de varios calibres utiliza tipos de conductores individuales que est\u00e1n optimizados para sus rangos de frecuencia particulares, lo que resulta en un cable en espiral confiable que es realmente musical.<\/p>\n<p align=\"justify\">El cable mide nueve metros de largo y viene en negro, azul, rojo, plata o blanco. Conductores de varios indicadores para ofrecer un rendimiento \u00f3ptimo en todas las frecuencias de sonidoMejor grado 99,99% de pureza, sin ox\u00edgeno, conductores de cable de cobre para un sonido superior.<\/p>\n<p align=\"justify\">Aislamiento m\u00e1ximo del ruido utilizando dos escudos separadosCalidad premium, resistente a la abrasi\u00f3n, chaqueta de PVC de alta temperatura para una m\u00e1xima durabilidad.Conectores chapados en oro con precisi\u00f3n con punta de una sola pieza para una m\u00e1xima conductividad y la fiabilidad que necesitas. Un dise\u00f1o \u00fanico de varios indicadores utiliza tipos de conductores individuales optimizados para sus rangos de frecuencia particulares, lo que resulta en un cable en espiral confiable que es verdaderamente musical. El cable tiene nueve metros de largo y viene en negro, azul, rojo, plata o blanco.<\/p>","protected":false},"excerpt":{"rendered":"<ul>\n<li>Conductores de calibre m\u00faltiple para proporcionar un rendimiento \u00f3ptimo en todas las frecuencias de sonido<\/li>\n<li>Conductores de cable de cobre de grado m\u00e1s fino 99,99% de pureza, sin ox\u00edgeno, para un sonido superior<\/li>\n<li>M\u00e1ximo aislamiento de ruido utilizando dos escudos separados<\/li>\n<li>Chaqueta de PVC de alta calidad resistente a la abrasi\u00f3n, de alta temperatura para una m\u00e1xima durabilidad<\/li>\n<li>Conectores chapados en oro mecanizados de precisi\u00f3n con punta de una pieza para una m\u00e1xima conductividad y la fiabilidad que necesitas<\/li>\n<\/ul>","protected":false},"featured_media":88,"comment_status":"open","ping_status":"closed","template":"","meta":[],"pwb-brand":[],"product_brand":[],"product_cat":[25,40],"product_tag":[],"class_list":{"0":"post-87","1":"product","2":"type-product","3":"status-publish","4":"has-post-thumbnail","6":"product_cat-accesorios","7":"product_cat-cables","9":"first","10":"instock","11":"taxable","12":"shipping-taxable","13":"purchasable","14":"product-type-simple"},"yoast_head":"<!-- This site is optimized with the Yoast SEO plugin v27.5 - https:\/\/yoast.com\/product\/yoast-seo-wordpress\/ -->\n<title>Vox Cable de guitarra de bobina vintage premium VCC-90BK 29.5 ft - Haway Music<\/title>\n<meta name=\"robots\" content=\"index, follow, max-snippet:-1, max-image-preview:large, max-video-preview:-1\" \/>\n<link rel=\"canonical\" href=\"https:\/\/hawaymusic.com\/es\/producto\/vox-cable-de-guitarra-de-bobina-vintage-premium-vcc-90bk-29-5-ft\/\" \/>\n<meta property=\"og:locale\" content=\"es_ES\" \/>\n<meta property=\"og:type\" content=\"article\" \/>\n<meta property=\"og:title\" content=\"Vox Cable de guitarra de bobina vintage premium VCC-90BK 29.5 ft - Haway Music\" \/>\n<meta property=\"og:description\" content=\"Conductores de calibre m\u00faltiple para proporcionar un rendimiento \u00f3ptimo en todas las frecuencias de sonido  Conductores de cable de cobre de grado m\u00e1s fino 99,99% de pureza, sin ox\u00edgeno, para un sonido superior  M\u00e1ximo aislamiento de ruido utilizando dos escudos separados  Chaqueta de PVC de alta calidad resistente a la abrasi\u00f3n, de alta temperatura para una m\u00e1xima durabilidad  Conectores chapados en oro mecanizados de precisi\u00f3n con punta de una pieza para una m\u00e1xima conductividad y la fiabilidad que necesitas\" \/>\n<meta property=\"og:url\" content=\"https:\/\/hawaymusic.com\/es\/producto\/vox-cable-de-guitarra-de-bobina-vintage-premium-vcc-90bk-29-5-ft\/\" \/>\n<meta property=\"og:site_name\" content=\"Haway Music\" \/>\n<meta property=\"article:modified_time\" content=\"2025-11-01T08:44:03+00:00\" \/>\n<meta property=\"og:image\" content=\"https:\/\/hawaymusic.com\/wp-content\/uploads\/2022\/08\/VOX-1.jpg\" \/>\n\t<meta property=\"og:image:width\" content=\"1080\" \/>\n\t<meta property=\"og:image:height\" content=\"1080\" \/>\n\t<meta property=\"og:image:type\" content=\"image\/jpeg\" \/>\n<meta name=\"twitter:card\" content=\"summary_large_image\" \/>\n<meta name=\"twitter:label1\" content=\"Tiempo de lectura\" \/>\n\t<meta name=\"twitter:data1\" content=\"1 minuto\" \/>\n<script type=\"application\/ld+json\" class=\"yoast-schema-graph\">{\"@context\":\"https:\\\/\\\/schema.org\",\"@graph\":[{\"@type\":\"WebPage\",\"@id\":\"https:\\\/\\\/hawaymusic.com\\\/producto\\\/vox-cable-de-guitarra-de-bobina-vintage-premium-vcc-90bk-29-5-ft\\\/\",\"url\":\"https:\\\/\\\/hawaymusic.com\\\/producto\\\/vox-cable-de-guitarra-de-bobina-vintage-premium-vcc-90bk-29-5-ft\\\/\",\"name\":\"Vox Cable de guitarra de bobina vintage premium VCC-90BK 29.5 ft - Haway Music\",\"isPartOf\":{\"@id\":\"https:\\\/\\\/hawaymusic.com\\\/#website\"},\"primaryImageOfPage\":{\"@id\":\"https:\\\/\\\/hawaymusic.com\\\/producto\\\/vox-cable-de-guitarra-de-bobina-vintage-premium-vcc-90bk-29-5-ft\\\/#primaryimage\"},\"image\":{\"@id\":\"https:\\\/\\\/hawaymusic.com\\\/producto\\\/vox-cable-de-guitarra-de-bobina-vintage-premium-vcc-90bk-29-5-ft\\\/#primaryimage\"},\"thumbnailUrl\":\"https:\\\/\\\/i0.wp.com\\\/hawaymusic.com\\\/wp-content\\\/uploads\\\/2022\\\/08\\\/VOX-1.jpg?fit=1080%2C1080&ssl=1\",\"datePublished\":\"2022-08-11T22:59:48+00:00\",\"dateModified\":\"2025-11-01T08:44:03+00:00\",\"breadcrumb\":{\"@id\":\"https:\\\/\\\/hawaymusic.com\\\/producto\\\/vox-cable-de-guitarra-de-bobina-vintage-premium-vcc-90bk-29-5-ft\\\/#breadcrumb\"},\"inLanguage\":\"es-CO\",\"potentialAction\":[{\"@type\":\"ReadAction\",\"target\":[\"https:\\\/\\\/hawaymusic.com\\\/producto\\\/vox-cable-de-guitarra-de-bobina-vintage-premium-vcc-90bk-29-5-ft\\\/\"]}]},{\"@type\":\"ImageObject\",\"inLanguage\":\"es-CO\",\"@id\":\"https:\\\/\\\/hawaymusic.com\\\/producto\\\/vox-cable-de-guitarra-de-bobina-vintage-premium-vcc-90bk-29-5-ft\\\/#primaryimage\",\"url\":\"https:\\\/\\\/i0.wp.com\\\/hawaymusic.com\\\/wp-content\\\/uploads\\\/2022\\\/08\\\/VOX-1.jpg?fit=1080%2C1080&ssl=1\",\"contentUrl\":\"https:\\\/\\\/i0.wp.com\\\/hawaymusic.com\\\/wp-content\\\/uploads\\\/2022\\\/08\\\/VOX-1.jpg?fit=1080%2C1080&ssl=1\",\"width\":1080,\"height\":1080},{\"@type\":\"BreadcrumbList\",\"@id\":\"https:\\\/\\\/hawaymusic.com\\\/producto\\\/vox-cable-de-guitarra-de-bobina-vintage-premium-vcc-90bk-29-5-ft\\\/#breadcrumb\",\"itemListElement\":[{\"@type\":\"ListItem\",\"position\":1,\"name\":\"Inicio\",\"item\":\"https:\\\/\\\/hawaymusic.com\\\/\"},{\"@type\":\"ListItem\",\"position\":2,\"name\":\"Shop\",\"item\":\"https:\\\/\\\/hawaymusic.com\\\/shop\\\/\"},{\"@type\":\"ListItem\",\"position\":3,\"name\":\"Vox Cable de guitarra de bobina vintage premium VCC-90BK 29.5 ft\"}]},{\"@type\":\"WebSite\",\"@id\":\"https:\\\/\\\/hawaymusic.com\\\/#website\",\"url\":\"https:\\\/\\\/hawaymusic.com\\\/\",\"name\":\"Haway Music\",\"description\":\"La mejor tienda de instrumentos musicales en Ecuador\",\"potentialAction\":[{\"@type\":\"SearchAction\",\"target\":{\"@type\":\"EntryPoint\",\"urlTemplate\":\"https:\\\/\\\/hawaymusic.com\\\/?s={search_term_string}\"},\"query-input\":{\"@type\":\"PropertyValueSpecification\",\"valueRequired\":true,\"valueName\":\"search_term_string\"}}],\"inLanguage\":\"es-CO\"}]}<\/script>\n<!-- \/ Yoast SEO plugin. -->","yoast_head_json":{"title":"Vox Cable de guitarra de bobina vintage premium VCC-90BK 29.5 ft - Haway Music","robots":{"index":"index","follow":"follow","max-snippet":"max-snippet:-1","max-image-preview":"max-image-preview:large","max-video-preview":"max-video-preview:-1"},"canonical":"https:\/\/hawaymusic.com\/es\/producto\/vox-cable-de-guitarra-de-bobina-vintage-premium-vcc-90bk-29-5-ft\/","og_locale":"es_ES","og_type":"article","og_title":"Vox Cable de guitarra de bobina vintage premium VCC-90BK 29.5 ft - Haway Music","og_description":"Conductores de calibre m\u00faltiple para proporcionar un rendimiento \u00f3ptimo en todas las frecuencias de sonido  Conductores de cable de cobre de grado m\u00e1s fino 99,99% de pureza, sin ox\u00edgeno, para un sonido superior  M\u00e1ximo aislamiento de ruido utilizando dos escudos separados  Chaqueta de PVC de alta calidad resistente a la abrasi\u00f3n, de alta temperatura para una m\u00e1xima durabilidad  Conectores chapados en oro mecanizados de precisi\u00f3n con punta de una pieza para una m\u00e1xima conductividad y la fiabilidad que necesitas","og_url":"https:\/\/hawaymusic.com\/es\/producto\/vox-cable-de-guitarra-de-bobina-vintage-premium-vcc-90bk-29-5-ft\/","og_site_name":"Haway Music","article_modified_time":"2025-11-01T08:44:03+00:00","og_image":[{"width":1080,"height":1080,"url":"https:\/\/hawaymusic.com\/wp-content\/uploads\/2022\/08\/VOX-1.jpg","type":"image\/jpeg"}],"twitter_card":"summary_large_image","twitter_misc":{"Tiempo de lectura":"1 minuto"},"schema":{"@context":"https:\/\/schema.org","@graph":[{"@type":"WebPage","@id":"https:\/\/hawaymusic.com\/producto\/vox-cable-de-guitarra-de-bobina-vintage-premium-vcc-90bk-29-5-ft\/","url":"https:\/\/hawaymusic.com\/producto\/vox-cable-de-guitarra-de-bobina-vintage-premium-vcc-90bk-29-5-ft\/","name":"Vox Cable de guitarra de bobina vintage premium VCC-90BK 29.5 ft - Haway Music","isPartOf":{"@id":"https:\/\/hawaymusic.com\/#website"},"primaryImageOfPage":{"@id":"https:\/\/hawaymusic.com\/producto\/vox-cable-de-guitarra-de-bobina-vintage-premium-vcc-90bk-29-5-ft\/#primaryimage"},"image":{"@id":"https:\/\/hawaymusic.com\/producto\/vox-cable-de-guitarra-de-bobina-vintage-premium-vcc-90bk-29-5-ft\/#primaryimage"},"thumbnailUrl":"https:\/\/i0.wp.com\/hawaymusic.com\/wp-content\/uploads\/2022\/08\/VOX-1.jpg?fit=1080%2C1080&ssl=1","datePublished":"2022-08-11T22:59:48+00:00","dateModified":"2025-11-01T08:44:03+00:00","breadcrumb":{"@id":"https:\/\/hawaymusic.com\/producto\/vox-cable-de-guitarra-de-bobina-vintage-premium-vcc-90bk-29-5-ft\/#breadcrumb"},"inLanguage":"es-CO","potentialAction":[{"@type":"ReadAction","target":["https:\/\/hawaymusic.com\/producto\/vox-cable-de-guitarra-de-bobina-vintage-premium-vcc-90bk-29-5-ft\/"]}]},{"@type":"ImageObject","inLanguage":"es-CO","@id":"https:\/\/hawaymusic.com\/producto\/vox-cable-de-guitarra-de-bobina-vintage-premium-vcc-90bk-29-5-ft\/#primaryimage","url":"https:\/\/i0.wp.com\/hawaymusic.com\/wp-content\/uploads\/2022\/08\/VOX-1.jpg?fit=1080%2C1080&ssl=1","contentUrl":"https:\/\/i0.wp.com\/hawaymusic.com\/wp-content\/uploads\/2022\/08\/VOX-1.jpg?fit=1080%2C1080&ssl=1","width":1080,"height":1080},{"@type":"BreadcrumbList","@id":"https:\/\/hawaymusic.com\/producto\/vox-cable-de-guitarra-de-bobina-vintage-premium-vcc-90bk-29-5-ft\/#breadcrumb","itemListElement":[{"@type":"ListItem","position":1,"name":"Inicio","item":"https:\/\/hawaymusic.com\/"},{"@type":"ListItem","position":2,"name":"Shop","item":"https:\/\/hawaymusic.com\/shop\/"},{"@type":"ListItem","position":3,"name":"Vox Cable de guitarra de bobina vintage premium VCC-90BK 29.5 ft"}]},{"@type":"WebSite","@id":"https:\/\/hawaymusic.com\/#website","url":"https:\/\/hawaymusic.com\/","name":"Haway Music","description":"La mejor tienda de instrumentos musicales en Ecuador","potentialAction":[{"@type":"SearchAction","target":{"@type":"EntryPoint","urlTemplate":"https:\/\/hawaymusic.com\/?s={search_term_string}"},"query-input":{"@type":"PropertyValueSpecification","valueRequired":true,"valueName":"search_term_string"}}],"inLanguage":"es-CO"}]}},"jetpack_sharing_enabled":true,"brands":[],"_links":{"self":[{"href":"https:\/\/hawaymusic.com\/es\/wp-json\/wp\/v2\/product\/87","targetHints":{"allow":["GET"]}}],"collection":[{"href":"https:\/\/hawaymusic.com\/es\/wp-json\/wp\/v2\/product"}],"about":[{"href":"https:\/\/hawaymusic.com\/es\/wp-json\/wp\/v2\/types\/product"}],"replies":[{"embeddable":true,"href":"https:\/\/hawaymusic.com\/es\/wp-json\/wp\/v2\/comments?post=87"}],"wp:featuredmedia":[{"embeddable":true,"href":"https:\/\/hawaymusic.com\/es\/wp-json\/wp\/v2\/media\/88"}],"wp:attachment":[{"href":"https:\/\/hawaymusic.com\/es\/wp-json\/wp\/v2\/media?parent=87"}],"wp:term":[{"taxonomy":"pwb-brand","embeddable":true,"href":"https:\/\/hawaymusic.com\/es\/wp-json\/wp\/v2\/pwb-brand?post=87"},{"taxonomy":"product_brand","embeddable":true,"href":"https:\/\/hawaymusic.com\/es\/wp-json\/wp\/v2\/product_brand?post=87"},{"taxonomy":"product_cat","embeddable":true,"href":"https:\/\/hawaymusic.com\/es\/wp-json\/wp\/v2\/product_cat?post=87"},{"taxonomy":"product_tag","embeddable":true,"href":"https:\/\/hawaymusic.com\/es\/wp-json\/wp\/v2\/product_tag?post=87"}],"curies":[{"name":"wp","href":"https:\/\/api.w.org\/{rel}","templated":true}]}}