{"id":842,"date":"2025-04-13T17:18:04","date_gmt":"2025-04-13T17:18:04","guid":{"rendered":"https:\/\/hawaymusic.com\/?post_type=product&#038;p=842"},"modified":"2025-04-13T17:21:29","modified_gmt":"2025-04-13T17:21:29","slug":"fender-stratocaster-american-standard-black-usado","status":"publish","type":"product","link":"https:\/\/hawaymusic.com\/es\/product\/fender-stratocaster-american-standard-black-usado\/","title":{"rendered":"Fender Stratocaster American Standard Black &#8211; Usado"},"content":{"rendered":"<ul class=\"i8Z77e\">\n<li class=\"TrT0Xe\">Forma de M\u00e1stil: Moderna Forma de &#8220;C&#8221;<\/li>\n<li class=\"TrT0Xe\">N\u00famero de trastes: 22.<\/li>\n<li class=\"TrT0Xe\">Tama\u00f1o de los trastes: Medium Jumbo.<\/li>\n<li class=\"TrT0Xe\">Marcadores de posici\u00f3n: Incrustaciones en Punto Negro.<\/li>\n<li class=\"TrT0Xe\">Radio de Diapas\u00f3n: 9.5 &#8220;(24.1 cm)<\/li>\n<li class=\"TrT0Xe\">Diapas\u00f3n: Arce.<\/li>\n<li class=\"TrT0Xe\">Material del M\u00e1stil: Arce.<\/li>\n<li class=\"TrT0Xe\">Ancho de Cejuela: 1.685 &#8220;(42.8 mm)<\/li>\n<\/ul>","protected":false},"excerpt":{"rendered":"<ul class=\"a-unordered-list a-vertical a-spacing-mini\">\n<li class=\"TrT0Xe\">Forma de M\u00e1stil: Moderna Forma de &#8220;C&#8221;<\/li>\n<li class=\"TrT0Xe\">N\u00famero de trastes: 22.<\/li>\n<li class=\"TrT0Xe\">Tama\u00f1o de los trastes: Medium Jumbo.<\/li>\n<li class=\"TrT0Xe\">Marcadores de posici\u00f3n: Incrustaciones en Punto Negro.<\/li>\n<li class=\"TrT0Xe\">Radio de Diapas\u00f3n: 9.5 &#8220;(24.1 cm)<\/li>\n<li class=\"TrT0Xe\">Diapas\u00f3n: Arce.<\/li>\n<li class=\"TrT0Xe\">Material del M\u00e1stil: Arce.<\/li>\n<li class=\"TrT0Xe\">Ancho de Cejuela: 1.685 &#8220;(42.8 mm)<\/li>\n<li class=\"a-spacing-mini\"><\/li>\n<\/ul>","protected":false},"featured_media":843,"comment_status":"open","ping_status":"closed","template":"","meta":[],"pwb-brand":[85],"product_brand":[],"product_cat":[20,29],"product_tag":[],"class_list":{"0":"post-842","1":"product","2":"type-product","3":"status-publish","4":"has-post-thumbnail","6":"pwb-brand-fender","7":"product_cat-guitarra","8":"product_cat-guitarra-electrica","10":"first","11":"instock","12":"taxable","13":"shipping-taxable","14":"purchasable","15":"product-type-simple"},"yoast_head":"<!-- This site is optimized with the Yoast SEO plugin v27.5 - https:\/\/yoast.com\/product\/yoast-seo-wordpress\/ -->\n<title>Fender Stratocaster American Standard Black - Usado - Haway Music<\/title>\n<meta name=\"robots\" content=\"index, follow, max-snippet:-1, max-image-preview:large, max-video-preview:-1\" \/>\n<link rel=\"canonical\" href=\"https:\/\/hawaymusic.com\/es\/product\/fender-stratocaster-american-standard-black-usado\/\" \/>\n<meta property=\"og:locale\" content=\"es_ES\" \/>\n<meta property=\"og:type\" content=\"article\" \/>\n<meta property=\"og:title\" content=\"Fender Stratocaster American Standard Black - Usado - Haway Music\" \/>\n<meta property=\"og:description\" content=\"Forma de M\u00e1stil: Moderna Forma de &quot;C&quot;  N\u00famero de trastes: 22.  Tama\u00f1o de los trastes: Medium Jumbo.  Marcadores de posici\u00f3n: Incrustaciones en Punto Negro.  Radio de Diapas\u00f3n: 9.5 &quot;(24.1 cm)  Diapas\u00f3n: Arce.  Material del M\u00e1stil: Arce.  Ancho de Cejuela: 1.685 &quot;(42.8 mm)\" \/>\n<meta property=\"og:url\" content=\"https:\/\/hawaymusic.com\/es\/product\/fender-stratocaster-american-standard-black-usado\/\" \/>\n<meta property=\"og:site_name\" content=\"Haway Music\" \/>\n<meta property=\"article:modified_time\" content=\"2025-04-13T17:21:29+00:00\" \/>\n<meta property=\"og:image\" content=\"https:\/\/hawaymusic.com\/wp-content\/uploads\/2025\/04\/david-g.jpg\" \/>\n\t<meta property=\"og:image:width\" content=\"1000\" \/>\n\t<meta property=\"og:image:height\" content=\"1000\" \/>\n\t<meta property=\"og:image:type\" content=\"image\/jpeg\" \/>\n<meta name=\"twitter:card\" content=\"summary_large_image\" \/>\n<meta name=\"twitter:label1\" content=\"Tiempo de lectura\" \/>\n\t<meta name=\"twitter:data1\" content=\"1 minuto\" \/>\n<script type=\"application\/ld+json\" class=\"yoast-schema-graph\">{\"@context\":\"https:\\\/\\\/schema.org\",\"@graph\":[{\"@type\":\"WebPage\",\"@id\":\"https:\\\/\\\/hawaymusic.com\\\/product\\\/fender-stratocaster-american-standard-black-usado\\\/\",\"url\":\"https:\\\/\\\/hawaymusic.com\\\/product\\\/fender-stratocaster-american-standard-black-usado\\\/\",\"name\":\"Fender Stratocaster American Standard Black - Usado - Haway Music\",\"isPartOf\":{\"@id\":\"https:\\\/\\\/hawaymusic.com\\\/#website\"},\"primaryImageOfPage\":{\"@id\":\"https:\\\/\\\/hawaymusic.com\\\/product\\\/fender-stratocaster-american-standard-black-usado\\\/#primaryimage\"},\"image\":{\"@id\":\"https:\\\/\\\/hawaymusic.com\\\/product\\\/fender-stratocaster-american-standard-black-usado\\\/#primaryimage\"},\"thumbnailUrl\":\"https:\\\/\\\/i0.wp.com\\\/hawaymusic.com\\\/wp-content\\\/uploads\\\/2025\\\/04\\\/david-g.jpg?fit=1000%2C1000&ssl=1\",\"datePublished\":\"2025-04-13T17:18:04+00:00\",\"dateModified\":\"2025-04-13T17:21:29+00:00\",\"breadcrumb\":{\"@id\":\"https:\\\/\\\/hawaymusic.com\\\/product\\\/fender-stratocaster-american-standard-black-usado\\\/#breadcrumb\"},\"inLanguage\":\"es-CO\",\"potentialAction\":[{\"@type\":\"ReadAction\",\"target\":[\"https:\\\/\\\/hawaymusic.com\\\/product\\\/fender-stratocaster-american-standard-black-usado\\\/\"]}]},{\"@type\":\"ImageObject\",\"inLanguage\":\"es-CO\",\"@id\":\"https:\\\/\\\/hawaymusic.com\\\/product\\\/fender-stratocaster-american-standard-black-usado\\\/#primaryimage\",\"url\":\"https:\\\/\\\/i0.wp.com\\\/hawaymusic.com\\\/wp-content\\\/uploads\\\/2025\\\/04\\\/david-g.jpg?fit=1000%2C1000&ssl=1\",\"contentUrl\":\"https:\\\/\\\/i0.wp.com\\\/hawaymusic.com\\\/wp-content\\\/uploads\\\/2025\\\/04\\\/david-g.jpg?fit=1000%2C1000&ssl=1\",\"width\":1000,\"height\":1000,\"caption\":\"Version 1.0.0\"},{\"@type\":\"BreadcrumbList\",\"@id\":\"https:\\\/\\\/hawaymusic.com\\\/product\\\/fender-stratocaster-american-standard-black-usado\\\/#breadcrumb\",\"itemListElement\":[{\"@type\":\"ListItem\",\"position\":1,\"name\":\"Inicio\",\"item\":\"https:\\\/\\\/hawaymusic.com\\\/\"},{\"@type\":\"ListItem\",\"position\":2,\"name\":\"Shop\",\"item\":\"https:\\\/\\\/hawaymusic.com\\\/shop\\\/\"},{\"@type\":\"ListItem\",\"position\":3,\"name\":\"Fender Stratocaster American Standard Black &#8211; Usado\"}]},{\"@type\":\"WebSite\",\"@id\":\"https:\\\/\\\/hawaymusic.com\\\/#website\",\"url\":\"https:\\\/\\\/hawaymusic.com\\\/\",\"name\":\"Haway Music\",\"description\":\"La mejor tienda de instrumentos musicales en Ecuador\",\"potentialAction\":[{\"@type\":\"SearchAction\",\"target\":{\"@type\":\"EntryPoint\",\"urlTemplate\":\"https:\\\/\\\/hawaymusic.com\\\/?s={search_term_string}\"},\"query-input\":{\"@type\":\"PropertyValueSpecification\",\"valueRequired\":true,\"valueName\":\"search_term_string\"}}],\"inLanguage\":\"es-CO\"}]}<\/script>\n<!-- \/ Yoast SEO plugin. -->","yoast_head_json":{"title":"Fender Stratocaster American Standard Black - Usado - Haway Music","robots":{"index":"index","follow":"follow","max-snippet":"max-snippet:-1","max-image-preview":"max-image-preview:large","max-video-preview":"max-video-preview:-1"},"canonical":"https:\/\/hawaymusic.com\/es\/product\/fender-stratocaster-american-standard-black-usado\/","og_locale":"es_ES","og_type":"article","og_title":"Fender Stratocaster American Standard Black - Usado - Haway Music","og_description":"Forma de M\u00e1stil: Moderna Forma de \"C\"  N\u00famero de trastes: 22.  Tama\u00f1o de los trastes: Medium Jumbo.  Marcadores de posici\u00f3n: Incrustaciones en Punto Negro.  Radio de Diapas\u00f3n: 9.5 \"(24.1 cm)  Diapas\u00f3n: Arce.  Material del M\u00e1stil: Arce.  Ancho de Cejuela: 1.685 \"(42.8 mm)","og_url":"https:\/\/hawaymusic.com\/es\/product\/fender-stratocaster-american-standard-black-usado\/","og_site_name":"Haway Music","article_modified_time":"2025-04-13T17:21:29+00:00","og_image":[{"width":1000,"height":1000,"url":"https:\/\/hawaymusic.com\/wp-content\/uploads\/2025\/04\/david-g.jpg","type":"image\/jpeg"}],"twitter_card":"summary_large_image","twitter_misc":{"Tiempo de lectura":"1 minuto"},"schema":{"@context":"https:\/\/schema.org","@graph":[{"@type":"WebPage","@id":"https:\/\/hawaymusic.com\/product\/fender-stratocaster-american-standard-black-usado\/","url":"https:\/\/hawaymusic.com\/product\/fender-stratocaster-american-standard-black-usado\/","name":"Fender Stratocaster American Standard Black - Usado - Haway Music","isPartOf":{"@id":"https:\/\/hawaymusic.com\/#website"},"primaryImageOfPage":{"@id":"https:\/\/hawaymusic.com\/product\/fender-stratocaster-american-standard-black-usado\/#primaryimage"},"image":{"@id":"https:\/\/hawaymusic.com\/product\/fender-stratocaster-american-standard-black-usado\/#primaryimage"},"thumbnailUrl":"https:\/\/i0.wp.com\/hawaymusic.com\/wp-content\/uploads\/2025\/04\/david-g.jpg?fit=1000%2C1000&ssl=1","datePublished":"2025-04-13T17:18:04+00:00","dateModified":"2025-04-13T17:21:29+00:00","breadcrumb":{"@id":"https:\/\/hawaymusic.com\/product\/fender-stratocaster-american-standard-black-usado\/#breadcrumb"},"inLanguage":"es-CO","potentialAction":[{"@type":"ReadAction","target":["https:\/\/hawaymusic.com\/product\/fender-stratocaster-american-standard-black-usado\/"]}]},{"@type":"ImageObject","inLanguage":"es-CO","@id":"https:\/\/hawaymusic.com\/product\/fender-stratocaster-american-standard-black-usado\/#primaryimage","url":"https:\/\/i0.wp.com\/hawaymusic.com\/wp-content\/uploads\/2025\/04\/david-g.jpg?fit=1000%2C1000&ssl=1","contentUrl":"https:\/\/i0.wp.com\/hawaymusic.com\/wp-content\/uploads\/2025\/04\/david-g.jpg?fit=1000%2C1000&ssl=1","width":1000,"height":1000,"caption":"Version 1.0.0"},{"@type":"BreadcrumbList","@id":"https:\/\/hawaymusic.com\/product\/fender-stratocaster-american-standard-black-usado\/#breadcrumb","itemListElement":[{"@type":"ListItem","position":1,"name":"Inicio","item":"https:\/\/hawaymusic.com\/"},{"@type":"ListItem","position":2,"name":"Shop","item":"https:\/\/hawaymusic.com\/shop\/"},{"@type":"ListItem","position":3,"name":"Fender Stratocaster American Standard Black &#8211; Usado"}]},{"@type":"WebSite","@id":"https:\/\/hawaymusic.com\/#website","url":"https:\/\/hawaymusic.com\/","name":"Haway Music","description":"La mejor tienda de instrumentos musicales en Ecuador","potentialAction":[{"@type":"SearchAction","target":{"@type":"EntryPoint","urlTemplate":"https:\/\/hawaymusic.com\/?s={search_term_string}"},"query-input":{"@type":"PropertyValueSpecification","valueRequired":true,"valueName":"search_term_string"}}],"inLanguage":"es-CO"}]}},"jetpack_sharing_enabled":true,"brands":[{"id":85,"name":"Fender","slug":"fender"}],"_links":{"self":[{"href":"https:\/\/hawaymusic.com\/es\/wp-json\/wp\/v2\/product\/842","targetHints":{"allow":["GET"]}}],"collection":[{"href":"https:\/\/hawaymusic.com\/es\/wp-json\/wp\/v2\/product"}],"about":[{"href":"https:\/\/hawaymusic.com\/es\/wp-json\/wp\/v2\/types\/product"}],"replies":[{"embeddable":true,"href":"https:\/\/hawaymusic.com\/es\/wp-json\/wp\/v2\/comments?post=842"}],"wp:featuredmedia":[{"embeddable":true,"href":"https:\/\/hawaymusic.com\/es\/wp-json\/wp\/v2\/media\/843"}],"wp:attachment":[{"href":"https:\/\/hawaymusic.com\/es\/wp-json\/wp\/v2\/media?parent=842"}],"wp:term":[{"taxonomy":"pwb-brand","embeddable":true,"href":"https:\/\/hawaymusic.com\/es\/wp-json\/wp\/v2\/pwb-brand?post=842"},{"taxonomy":"product_brand","embeddable":true,"href":"https:\/\/hawaymusic.com\/es\/wp-json\/wp\/v2\/product_brand?post=842"},{"taxonomy":"product_cat","embeddable":true,"href":"https:\/\/hawaymusic.com\/es\/wp-json\/wp\/v2\/product_cat?post=842"},{"taxonomy":"product_tag","embeddable":true,"href":"https:\/\/hawaymusic.com\/es\/wp-json\/wp\/v2\/product_tag?post=842"}],"curies":[{"name":"wp","href":"https:\/\/api.w.org\/{rel}","templated":true}]}}