{"id":833,"date":"2025-04-13T14:35:07","date_gmt":"2025-04-13T14:35:07","guid":{"rendered":"https:\/\/hawaymusic.com\/?post_type=product&#038;p=833"},"modified":"2026-03-15T22:50:14","modified_gmt":"2026-03-15T22:50:14","slug":"valeton-gp-200r-procesador-de-efectos-multiples-pedal-de-guitarra-o-bajo","status":"publish","type":"product","link":"https:\/\/hawaymusic.com\/es\/product\/valeton-gp-200r-procesador-de-efectos-multiples-pedal-de-guitarra-o-bajo\/","title":{"rendered":"VALETON GP-200R Procesador de efectos m\u00faltiples Pedal de guitarra o bajo"},"content":{"rendered":"<h2 class=\"a-size-base-plus a-text-bold\">Sobre este art\u00edculo<\/h2>\n<ul class=\"a-unordered-list a-vertical a-spacing-mini\">\n<li class=\"a-spacing-mini\"><span class=\"a-list-item\">El procesador de m\u00faltiples efectos tiene m\u00e1s de 240 efectos integrados de guitarra\/bajo\/ac\u00fastico con 140 amplificadores legendarios y simulaciones de gabinetes y 100 renombrados pedales de efecto Stompbox; compatible con 20 almacenamiento IRs de terceros; procesamiento de se\u00f1al de 24 bits 44.1 kHz<\/span><\/li>\n<li class=\"a-spacing-mini\"><span class=\"a-list-item\">100 ritmos de bater\u00eda integrados y bucle de 180 segundos, 256 presets, equipado con la tecnolog\u00eda de modelado HD de nueva generaci\u00f3n en este pedal multiefectos, cadena de se\u00f1al ajustable con un m\u00e1ximo de 11 bloques de efectos simult\u00e1neos<\/span><\/li>\n<li class=\"a-spacing-mini\"><span class=\"a-list-item\">Pantalla LCD TFT a color de 4.3 pulgadas con interfaz de usuario f\u00e1cil de usar, 8 interruptores LED personalizables, E\/S de l\u00ednea, XLR y auriculares para diversas necesidades de conexi\u00f3n, bucle FX para insertar stompboxes externos, conector MIDI IN y EXP2 para conectar controladores externos para el pedal de efectos de guitarra<\/span><\/li>\n<li class=\"a-spacing-mini\"><span class=\"a-list-item\">Interfaz de audio de conexi\u00f3n USB tipo C con transmisi\u00f3n de audio est\u00e9reo en el pedal de guitarra, compatible con funci\u00f3n OTG para conectarse directamente a dispositivos m\u00f3viles iOS\/Android<\/span><\/li>\n<li class=\"a-spacing-mini\"><span class=\"a-list-item\">Interfaz de usuario multiling\u00fce (Hardware) con software gratuito para Mac\/Windows para edici\u00f3n de sonido y presets de administraci\u00f3n para este procesador de pedal de efectos m\u00faltiples<\/span><\/li>\n<\/ul>","protected":false},"excerpt":{"rendered":"<p>Sobre este art\u00edculo El procesador de m\u00faltiples efectos tiene m\u00e1s de 240 efectos integrados de guitarra\/bajo\/ac\u00fastico con 140 amplificadores legendarios<\/p>","protected":false},"featured_media":835,"comment_status":"open","ping_status":"closed","template":"","meta":[],"pwb-brand":[],"product_brand":[],"product_cat":[19,16,44],"product_tag":[],"class_list":{"0":"post-833","1":"product","2":"type-product","3":"status-publish","4":"has-post-thumbnail","6":"product_cat-pedal-bajo","7":"product_cat-pedal-guitarra","8":"product_cat-pedales","10":"first","11":"instock","12":"taxable","13":"shipping-taxable","14":"purchasable","15":"product-type-simple"},"yoast_head":"<!-- This site is optimized with the Yoast SEO plugin v27.5 - https:\/\/yoast.com\/product\/yoast-seo-wordpress\/ -->\n<title>VALETON GP-200R Procesador de efectos m\u00faltiples Pedal de guitarra o bajo - Haway Music<\/title>\n<meta name=\"robots\" content=\"index, follow, max-snippet:-1, max-image-preview:large, max-video-preview:-1\" \/>\n<link rel=\"canonical\" href=\"https:\/\/hawaymusic.com\/es\/product\/valeton-gp-200r-procesador-de-efectos-multiples-pedal-de-guitarra-o-bajo\/\" \/>\n<meta property=\"og:locale\" content=\"es_ES\" \/>\n<meta property=\"og:type\" content=\"article\" \/>\n<meta property=\"og:title\" content=\"VALETON GP-200R Procesador de efectos m\u00faltiples Pedal de guitarra o bajo - Haway Music\" \/>\n<meta property=\"og:description\" content=\"Sobre este art\u00edculo El procesador de m\u00faltiples efectos tiene m\u00e1s de 240 efectos integrados de guitarra\/bajo\/ac\u00fastico con 140 amplificadores legendarios\" \/>\n<meta property=\"og:url\" content=\"https:\/\/hawaymusic.com\/es\/product\/valeton-gp-200r-procesador-de-efectos-multiples-pedal-de-guitarra-o-bajo\/\" \/>\n<meta property=\"og:site_name\" content=\"Haway Music\" \/>\n<meta property=\"article:modified_time\" content=\"2026-03-15T22:50:14+00:00\" \/>\n<meta property=\"og:image\" content=\"https:\/\/hawaymusic.com\/wp-content\/uploads\/2025\/04\/Valeton-GP200.jpg\" \/>\n\t<meta property=\"og:image:width\" content=\"600\" \/>\n\t<meta property=\"og:image:height\" content=\"600\" \/>\n\t<meta property=\"og:image:type\" content=\"image\/jpeg\" \/>\n<meta name=\"twitter:card\" content=\"summary_large_image\" \/>\n<meta name=\"twitter:label1\" content=\"Tiempo de lectura\" \/>\n\t<meta name=\"twitter:data1\" content=\"2 minutos\" \/>\n<script type=\"application\/ld+json\" class=\"yoast-schema-graph\">{\"@context\":\"https:\\\/\\\/schema.org\",\"@graph\":[{\"@type\":\"WebPage\",\"@id\":\"https:\\\/\\\/hawaymusic.com\\\/product\\\/valeton-gp-200r-procesador-de-efectos-multiples-pedal-de-guitarra-o-bajo\\\/\",\"url\":\"https:\\\/\\\/hawaymusic.com\\\/product\\\/valeton-gp-200r-procesador-de-efectos-multiples-pedal-de-guitarra-o-bajo\\\/\",\"name\":\"VALETON GP-200R Procesador de efectos m\u00faltiples Pedal de guitarra o bajo - Haway Music\",\"isPartOf\":{\"@id\":\"https:\\\/\\\/hawaymusic.com\\\/#website\"},\"primaryImageOfPage\":{\"@id\":\"https:\\\/\\\/hawaymusic.com\\\/product\\\/valeton-gp-200r-procesador-de-efectos-multiples-pedal-de-guitarra-o-bajo\\\/#primaryimage\"},\"image\":{\"@id\":\"https:\\\/\\\/hawaymusic.com\\\/product\\\/valeton-gp-200r-procesador-de-efectos-multiples-pedal-de-guitarra-o-bajo\\\/#primaryimage\"},\"thumbnailUrl\":\"https:\\\/\\\/i0.wp.com\\\/hawaymusic.com\\\/wp-content\\\/uploads\\\/2025\\\/04\\\/Valeton-GP200.jpg?fit=600%2C600&ssl=1\",\"datePublished\":\"2025-04-13T14:35:07+00:00\",\"dateModified\":\"2026-03-15T22:50:14+00:00\",\"breadcrumb\":{\"@id\":\"https:\\\/\\\/hawaymusic.com\\\/product\\\/valeton-gp-200r-procesador-de-efectos-multiples-pedal-de-guitarra-o-bajo\\\/#breadcrumb\"},\"inLanguage\":\"es-CO\",\"potentialAction\":[{\"@type\":\"ReadAction\",\"target\":[\"https:\\\/\\\/hawaymusic.com\\\/product\\\/valeton-gp-200r-procesador-de-efectos-multiples-pedal-de-guitarra-o-bajo\\\/\"]}]},{\"@type\":\"ImageObject\",\"inLanguage\":\"es-CO\",\"@id\":\"https:\\\/\\\/hawaymusic.com\\\/product\\\/valeton-gp-200r-procesador-de-efectos-multiples-pedal-de-guitarra-o-bajo\\\/#primaryimage\",\"url\":\"https:\\\/\\\/i0.wp.com\\\/hawaymusic.com\\\/wp-content\\\/uploads\\\/2025\\\/04\\\/Valeton-GP200.jpg?fit=600%2C600&ssl=1\",\"contentUrl\":\"https:\\\/\\\/i0.wp.com\\\/hawaymusic.com\\\/wp-content\\\/uploads\\\/2025\\\/04\\\/Valeton-GP200.jpg?fit=600%2C600&ssl=1\",\"width\":600,\"height\":600},{\"@type\":\"BreadcrumbList\",\"@id\":\"https:\\\/\\\/hawaymusic.com\\\/product\\\/valeton-gp-200r-procesador-de-efectos-multiples-pedal-de-guitarra-o-bajo\\\/#breadcrumb\",\"itemListElement\":[{\"@type\":\"ListItem\",\"position\":1,\"name\":\"Inicio\",\"item\":\"https:\\\/\\\/hawaymusic.com\\\/\"},{\"@type\":\"ListItem\",\"position\":2,\"name\":\"Shop\",\"item\":\"https:\\\/\\\/hawaymusic.com\\\/shop\\\/\"},{\"@type\":\"ListItem\",\"position\":3,\"name\":\"VALETON GP-200R Procesador de efectos m\u00faltiples Pedal de guitarra o bajo\"}]},{\"@type\":\"WebSite\",\"@id\":\"https:\\\/\\\/hawaymusic.com\\\/#website\",\"url\":\"https:\\\/\\\/hawaymusic.com\\\/\",\"name\":\"Haway Music\",\"description\":\"La mejor tienda de instrumentos musicales en Ecuador\",\"potentialAction\":[{\"@type\":\"SearchAction\",\"target\":{\"@type\":\"EntryPoint\",\"urlTemplate\":\"https:\\\/\\\/hawaymusic.com\\\/?s={search_term_string}\"},\"query-input\":{\"@type\":\"PropertyValueSpecification\",\"valueRequired\":true,\"valueName\":\"search_term_string\"}}],\"inLanguage\":\"es-CO\"}]}<\/script>\n<!-- \/ Yoast SEO plugin. -->","yoast_head_json":{"title":"VALETON GP-200R Procesador de efectos m\u00faltiples Pedal de guitarra o bajo - Haway Music","robots":{"index":"index","follow":"follow","max-snippet":"max-snippet:-1","max-image-preview":"max-image-preview:large","max-video-preview":"max-video-preview:-1"},"canonical":"https:\/\/hawaymusic.com\/es\/product\/valeton-gp-200r-procesador-de-efectos-multiples-pedal-de-guitarra-o-bajo\/","og_locale":"es_ES","og_type":"article","og_title":"VALETON GP-200R Procesador de efectos m\u00faltiples Pedal de guitarra o bajo - Haway Music","og_description":"Sobre este art\u00edculo El procesador de m\u00faltiples efectos tiene m\u00e1s de 240 efectos integrados de guitarra\/bajo\/ac\u00fastico con 140 amplificadores legendarios","og_url":"https:\/\/hawaymusic.com\/es\/product\/valeton-gp-200r-procesador-de-efectos-multiples-pedal-de-guitarra-o-bajo\/","og_site_name":"Haway Music","article_modified_time":"2026-03-15T22:50:14+00:00","og_image":[{"width":600,"height":600,"url":"https:\/\/hawaymusic.com\/wp-content\/uploads\/2025\/04\/Valeton-GP200.jpg","type":"image\/jpeg"}],"twitter_card":"summary_large_image","twitter_misc":{"Tiempo de lectura":"2 minutos"},"schema":{"@context":"https:\/\/schema.org","@graph":[{"@type":"WebPage","@id":"https:\/\/hawaymusic.com\/product\/valeton-gp-200r-procesador-de-efectos-multiples-pedal-de-guitarra-o-bajo\/","url":"https:\/\/hawaymusic.com\/product\/valeton-gp-200r-procesador-de-efectos-multiples-pedal-de-guitarra-o-bajo\/","name":"VALETON GP-200R Procesador de efectos m\u00faltiples Pedal de guitarra o bajo - Haway Music","isPartOf":{"@id":"https:\/\/hawaymusic.com\/#website"},"primaryImageOfPage":{"@id":"https:\/\/hawaymusic.com\/product\/valeton-gp-200r-procesador-de-efectos-multiples-pedal-de-guitarra-o-bajo\/#primaryimage"},"image":{"@id":"https:\/\/hawaymusic.com\/product\/valeton-gp-200r-procesador-de-efectos-multiples-pedal-de-guitarra-o-bajo\/#primaryimage"},"thumbnailUrl":"https:\/\/i0.wp.com\/hawaymusic.com\/wp-content\/uploads\/2025\/04\/Valeton-GP200.jpg?fit=600%2C600&ssl=1","datePublished":"2025-04-13T14:35:07+00:00","dateModified":"2026-03-15T22:50:14+00:00","breadcrumb":{"@id":"https:\/\/hawaymusic.com\/product\/valeton-gp-200r-procesador-de-efectos-multiples-pedal-de-guitarra-o-bajo\/#breadcrumb"},"inLanguage":"es-CO","potentialAction":[{"@type":"ReadAction","target":["https:\/\/hawaymusic.com\/product\/valeton-gp-200r-procesador-de-efectos-multiples-pedal-de-guitarra-o-bajo\/"]}]},{"@type":"ImageObject","inLanguage":"es-CO","@id":"https:\/\/hawaymusic.com\/product\/valeton-gp-200r-procesador-de-efectos-multiples-pedal-de-guitarra-o-bajo\/#primaryimage","url":"https:\/\/i0.wp.com\/hawaymusic.com\/wp-content\/uploads\/2025\/04\/Valeton-GP200.jpg?fit=600%2C600&ssl=1","contentUrl":"https:\/\/i0.wp.com\/hawaymusic.com\/wp-content\/uploads\/2025\/04\/Valeton-GP200.jpg?fit=600%2C600&ssl=1","width":600,"height":600},{"@type":"BreadcrumbList","@id":"https:\/\/hawaymusic.com\/product\/valeton-gp-200r-procesador-de-efectos-multiples-pedal-de-guitarra-o-bajo\/#breadcrumb","itemListElement":[{"@type":"ListItem","position":1,"name":"Inicio","item":"https:\/\/hawaymusic.com\/"},{"@type":"ListItem","position":2,"name":"Shop","item":"https:\/\/hawaymusic.com\/shop\/"},{"@type":"ListItem","position":3,"name":"VALETON GP-200R Procesador de efectos m\u00faltiples Pedal de guitarra o bajo"}]},{"@type":"WebSite","@id":"https:\/\/hawaymusic.com\/#website","url":"https:\/\/hawaymusic.com\/","name":"Haway Music","description":"La mejor tienda de instrumentos musicales en Ecuador","potentialAction":[{"@type":"SearchAction","target":{"@type":"EntryPoint","urlTemplate":"https:\/\/hawaymusic.com\/?s={search_term_string}"},"query-input":{"@type":"PropertyValueSpecification","valueRequired":true,"valueName":"search_term_string"}}],"inLanguage":"es-CO"}]}},"jetpack_sharing_enabled":true,"brands":[],"_links":{"self":[{"href":"https:\/\/hawaymusic.com\/es\/wp-json\/wp\/v2\/product\/833","targetHints":{"allow":["GET"]}}],"collection":[{"href":"https:\/\/hawaymusic.com\/es\/wp-json\/wp\/v2\/product"}],"about":[{"href":"https:\/\/hawaymusic.com\/es\/wp-json\/wp\/v2\/types\/product"}],"replies":[{"embeddable":true,"href":"https:\/\/hawaymusic.com\/es\/wp-json\/wp\/v2\/comments?post=833"}],"wp:featuredmedia":[{"embeddable":true,"href":"https:\/\/hawaymusic.com\/es\/wp-json\/wp\/v2\/media\/835"}],"wp:attachment":[{"href":"https:\/\/hawaymusic.com\/es\/wp-json\/wp\/v2\/media?parent=833"}],"wp:term":[{"taxonomy":"pwb-brand","embeddable":true,"href":"https:\/\/hawaymusic.com\/es\/wp-json\/wp\/v2\/pwb-brand?post=833"},{"taxonomy":"product_brand","embeddable":true,"href":"https:\/\/hawaymusic.com\/es\/wp-json\/wp\/v2\/product_brand?post=833"},{"taxonomy":"product_cat","embeddable":true,"href":"https:\/\/hawaymusic.com\/es\/wp-json\/wp\/v2\/product_cat?post=833"},{"taxonomy":"product_tag","embeddable":true,"href":"https:\/\/hawaymusic.com\/es\/wp-json\/wp\/v2\/product_tag?post=833"}],"curies":[{"name":"wp","href":"https:\/\/api.w.org\/{rel}","templated":true}]}}