{"id":78,"date":"2022-08-11T22:47:23","date_gmt":"2022-08-11T22:47:23","guid":{"rendered":"https:\/\/hawaymusic.com\/?post_type=product&#038;p=78"},"modified":"2022-11-21T13:36:40","modified_gmt":"2022-11-21T13:36:40","slug":"strymon-lex-rotary","status":"publish","type":"product","link":"https:\/\/hawaymusic.com\/es\/product\/strymon-lex-rotary\/","title":{"rendered":"Strymon Lex Rotary"},"content":{"rendered":"<p align=\"justify\"><strong>Nacido para girar.<\/strong> Hay algo excepcionalmente poderoso en el sonido de un sistema de parlantes giratorios antiguos. El coro org\u00e1nico a medida que la trompeta de agudos y el rotor de graves comienzan a acelerarse. La arena del amplificador interno accionado por v\u00e1lvulas crea arm\u00f3nicos adicionales que giran por la habitaci\u00f3n. Con\u00e9ctate a Lex, cierra los ojos y d\u00e9jate transportar por este sonido cl\u00e1sico, recreado con un realismo y una profundidad asombrosos para tu pedalera.<\/p>\n<p align=\"justify\"><strong>El completo sistema de altavoces giratorios.<\/strong> Lex le proporciona un sistema de altavoces giratorios completo y reproducido con precisi\u00f3n: el rotor de graves de baja frecuencia, la bocina de agudos giratoria, el amplificador accionado por v\u00e1lvulas, la ubicaci\u00f3n del micr\u00f3fono afinada con precisi\u00f3n y todas las complejas interacciones s\u00f3nicas entre estos elementos. Los controles potentes e intuitivos significan que puede marcar r\u00e1pidamente el sonido personalizado que desea.<\/p>\n<p align=\"justify\">Nuestro Lex de segunda generaci\u00f3n le brinda los mismos sonidos rotativos ricos de nuestro original y agrega nuevas caracter\u00edsticas significativas, incorporando avances tecnol\u00f3gicos, mejoras de hardware y mejoras de dise\u00f1o para brindarle flexibilidad, potencia y facilidad de uso adicionales en el escenario y en el estudio.<\/p>","protected":false},"excerpt":{"rendered":"<p>Pedal de efectos giratorio con 2 velocidades<br \/>\nEntrada de pedal de expresi\u00f3n<br \/>\nOperaci\u00f3n est\u00e9reo<br \/>\nInterfaz de 4 perillas<\/p>","protected":false},"featured_media":79,"comment_status":"open","ping_status":"closed","template":"","meta":[],"pwb-brand":[],"product_brand":[],"product_cat":[16],"product_tag":[],"class_list":{"0":"post-78","1":"product","2":"type-product","3":"status-publish","4":"has-post-thumbnail","6":"product_cat-pedal-guitarra","8":"first","9":"onbackorder","10":"taxable","11":"shipping-taxable","12":"purchasable","13":"product-type-simple"},"yoast_head":"<!-- This site is optimized with the Yoast SEO plugin v27.5 - https:\/\/yoast.com\/product\/yoast-seo-wordpress\/ -->\n<title>Strymon Lex Rotary - Haway Music<\/title>\n<meta name=\"robots\" content=\"index, follow, max-snippet:-1, max-image-preview:large, max-video-preview:-1\" \/>\n<link rel=\"canonical\" href=\"https:\/\/hawaymusic.com\/es\/product\/strymon-lex-rotary\/\" \/>\n<meta property=\"og:locale\" content=\"es_ES\" \/>\n<meta property=\"og:type\" content=\"article\" \/>\n<meta property=\"og:title\" content=\"Strymon Lex Rotary - Haway Music\" \/>\n<meta property=\"og:description\" content=\"Pedal de efectos giratorio con 2 velocidades Entrada de pedal de expresi\u00f3n Operaci\u00f3n est\u00e9reo Interfaz de 4 perillas\" \/>\n<meta property=\"og:url\" content=\"https:\/\/hawaymusic.com\/es\/product\/strymon-lex-rotary\/\" \/>\n<meta property=\"og:site_name\" content=\"Haway Music\" \/>\n<meta property=\"article:modified_time\" content=\"2022-11-21T13:36:40+00:00\" \/>\n<meta property=\"og:image\" content=\"https:\/\/hawaymusic.com\/wp-content\/uploads\/2022\/08\/lex.jpg\" \/>\n\t<meta property=\"og:image:width\" content=\"1080\" \/>\n\t<meta property=\"og:image:height\" content=\"1080\" \/>\n\t<meta property=\"og:image:type\" content=\"image\/jpeg\" \/>\n<meta name=\"twitter:card\" content=\"summary_large_image\" \/>\n<meta name=\"twitter:label1\" content=\"Tiempo de lectura\" \/>\n\t<meta name=\"twitter:data1\" content=\"1 minuto\" \/>\n<script type=\"application\/ld+json\" class=\"yoast-schema-graph\">{\"@context\":\"https:\\\/\\\/schema.org\",\"@graph\":[{\"@type\":\"WebPage\",\"@id\":\"https:\\\/\\\/hawaymusic.com\\\/product\\\/strymon-lex-rotary\\\/\",\"url\":\"https:\\\/\\\/hawaymusic.com\\\/product\\\/strymon-lex-rotary\\\/\",\"name\":\"Strymon Lex Rotary - Haway Music\",\"isPartOf\":{\"@id\":\"https:\\\/\\\/hawaymusic.com\\\/#website\"},\"primaryImageOfPage\":{\"@id\":\"https:\\\/\\\/hawaymusic.com\\\/product\\\/strymon-lex-rotary\\\/#primaryimage\"},\"image\":{\"@id\":\"https:\\\/\\\/hawaymusic.com\\\/product\\\/strymon-lex-rotary\\\/#primaryimage\"},\"thumbnailUrl\":\"https:\\\/\\\/i0.wp.com\\\/hawaymusic.com\\\/wp-content\\\/uploads\\\/2022\\\/08\\\/lex.jpg?fit=1080%2C1080&ssl=1\",\"datePublished\":\"2022-08-11T22:47:23+00:00\",\"dateModified\":\"2022-11-21T13:36:40+00:00\",\"breadcrumb\":{\"@id\":\"https:\\\/\\\/hawaymusic.com\\\/product\\\/strymon-lex-rotary\\\/#breadcrumb\"},\"inLanguage\":\"es-CO\",\"potentialAction\":[{\"@type\":\"ReadAction\",\"target\":[\"https:\\\/\\\/hawaymusic.com\\\/product\\\/strymon-lex-rotary\\\/\"]}]},{\"@type\":\"ImageObject\",\"inLanguage\":\"es-CO\",\"@id\":\"https:\\\/\\\/hawaymusic.com\\\/product\\\/strymon-lex-rotary\\\/#primaryimage\",\"url\":\"https:\\\/\\\/i0.wp.com\\\/hawaymusic.com\\\/wp-content\\\/uploads\\\/2022\\\/08\\\/lex.jpg?fit=1080%2C1080&ssl=1\",\"contentUrl\":\"https:\\\/\\\/i0.wp.com\\\/hawaymusic.com\\\/wp-content\\\/uploads\\\/2022\\\/08\\\/lex.jpg?fit=1080%2C1080&ssl=1\",\"width\":1080,\"height\":1080},{\"@type\":\"BreadcrumbList\",\"@id\":\"https:\\\/\\\/hawaymusic.com\\\/product\\\/strymon-lex-rotary\\\/#breadcrumb\",\"itemListElement\":[{\"@type\":\"ListItem\",\"position\":1,\"name\":\"Inicio\",\"item\":\"https:\\\/\\\/hawaymusic.com\\\/\"},{\"@type\":\"ListItem\",\"position\":2,\"name\":\"Shop\",\"item\":\"https:\\\/\\\/hawaymusic.com\\\/shop\\\/\"},{\"@type\":\"ListItem\",\"position\":3,\"name\":\"Strymon Lex Rotary\"}]},{\"@type\":\"WebSite\",\"@id\":\"https:\\\/\\\/hawaymusic.com\\\/#website\",\"url\":\"https:\\\/\\\/hawaymusic.com\\\/\",\"name\":\"Haway Music\",\"description\":\"La mejor tienda de instrumentos musicales en Ecuador\",\"potentialAction\":[{\"@type\":\"SearchAction\",\"target\":{\"@type\":\"EntryPoint\",\"urlTemplate\":\"https:\\\/\\\/hawaymusic.com\\\/?s={search_term_string}\"},\"query-input\":{\"@type\":\"PropertyValueSpecification\",\"valueRequired\":true,\"valueName\":\"search_term_string\"}}],\"inLanguage\":\"es-CO\"}]}<\/script>\n<!-- \/ Yoast SEO plugin. -->","yoast_head_json":{"title":"Strymon Lex Rotary - Haway Music","robots":{"index":"index","follow":"follow","max-snippet":"max-snippet:-1","max-image-preview":"max-image-preview:large","max-video-preview":"max-video-preview:-1"},"canonical":"https:\/\/hawaymusic.com\/es\/product\/strymon-lex-rotary\/","og_locale":"es_ES","og_type":"article","og_title":"Strymon Lex Rotary - Haway Music","og_description":"Pedal de efectos giratorio con 2 velocidades Entrada de pedal de expresi\u00f3n Operaci\u00f3n est\u00e9reo Interfaz de 4 perillas","og_url":"https:\/\/hawaymusic.com\/es\/product\/strymon-lex-rotary\/","og_site_name":"Haway Music","article_modified_time":"2022-11-21T13:36:40+00:00","og_image":[{"width":1080,"height":1080,"url":"https:\/\/hawaymusic.com\/wp-content\/uploads\/2022\/08\/lex.jpg","type":"image\/jpeg"}],"twitter_card":"summary_large_image","twitter_misc":{"Tiempo de lectura":"1 minuto"},"schema":{"@context":"https:\/\/schema.org","@graph":[{"@type":"WebPage","@id":"https:\/\/hawaymusic.com\/product\/strymon-lex-rotary\/","url":"https:\/\/hawaymusic.com\/product\/strymon-lex-rotary\/","name":"Strymon Lex Rotary - Haway Music","isPartOf":{"@id":"https:\/\/hawaymusic.com\/#website"},"primaryImageOfPage":{"@id":"https:\/\/hawaymusic.com\/product\/strymon-lex-rotary\/#primaryimage"},"image":{"@id":"https:\/\/hawaymusic.com\/product\/strymon-lex-rotary\/#primaryimage"},"thumbnailUrl":"https:\/\/i0.wp.com\/hawaymusic.com\/wp-content\/uploads\/2022\/08\/lex.jpg?fit=1080%2C1080&ssl=1","datePublished":"2022-08-11T22:47:23+00:00","dateModified":"2022-11-21T13:36:40+00:00","breadcrumb":{"@id":"https:\/\/hawaymusic.com\/product\/strymon-lex-rotary\/#breadcrumb"},"inLanguage":"es-CO","potentialAction":[{"@type":"ReadAction","target":["https:\/\/hawaymusic.com\/product\/strymon-lex-rotary\/"]}]},{"@type":"ImageObject","inLanguage":"es-CO","@id":"https:\/\/hawaymusic.com\/product\/strymon-lex-rotary\/#primaryimage","url":"https:\/\/i0.wp.com\/hawaymusic.com\/wp-content\/uploads\/2022\/08\/lex.jpg?fit=1080%2C1080&ssl=1","contentUrl":"https:\/\/i0.wp.com\/hawaymusic.com\/wp-content\/uploads\/2022\/08\/lex.jpg?fit=1080%2C1080&ssl=1","width":1080,"height":1080},{"@type":"BreadcrumbList","@id":"https:\/\/hawaymusic.com\/product\/strymon-lex-rotary\/#breadcrumb","itemListElement":[{"@type":"ListItem","position":1,"name":"Inicio","item":"https:\/\/hawaymusic.com\/"},{"@type":"ListItem","position":2,"name":"Shop","item":"https:\/\/hawaymusic.com\/shop\/"},{"@type":"ListItem","position":3,"name":"Strymon Lex Rotary"}]},{"@type":"WebSite","@id":"https:\/\/hawaymusic.com\/#website","url":"https:\/\/hawaymusic.com\/","name":"Haway Music","description":"La mejor tienda de instrumentos musicales en Ecuador","potentialAction":[{"@type":"SearchAction","target":{"@type":"EntryPoint","urlTemplate":"https:\/\/hawaymusic.com\/?s={search_term_string}"},"query-input":{"@type":"PropertyValueSpecification","valueRequired":true,"valueName":"search_term_string"}}],"inLanguage":"es-CO"}]}},"jetpack_sharing_enabled":true,"brands":[],"_links":{"self":[{"href":"https:\/\/hawaymusic.com\/es\/wp-json\/wp\/v2\/product\/78","targetHints":{"allow":["GET"]}}],"collection":[{"href":"https:\/\/hawaymusic.com\/es\/wp-json\/wp\/v2\/product"}],"about":[{"href":"https:\/\/hawaymusic.com\/es\/wp-json\/wp\/v2\/types\/product"}],"replies":[{"embeddable":true,"href":"https:\/\/hawaymusic.com\/es\/wp-json\/wp\/v2\/comments?post=78"}],"wp:featuredmedia":[{"embeddable":true,"href":"https:\/\/hawaymusic.com\/es\/wp-json\/wp\/v2\/media\/79"}],"wp:attachment":[{"href":"https:\/\/hawaymusic.com\/es\/wp-json\/wp\/v2\/media?parent=78"}],"wp:term":[{"taxonomy":"pwb-brand","embeddable":true,"href":"https:\/\/hawaymusic.com\/es\/wp-json\/wp\/v2\/pwb-brand?post=78"},{"taxonomy":"product_brand","embeddable":true,"href":"https:\/\/hawaymusic.com\/es\/wp-json\/wp\/v2\/product_brand?post=78"},{"taxonomy":"product_cat","embeddable":true,"href":"https:\/\/hawaymusic.com\/es\/wp-json\/wp\/v2\/product_cat?post=78"},{"taxonomy":"product_tag","embeddable":true,"href":"https:\/\/hawaymusic.com\/es\/wp-json\/wp\/v2\/product_tag?post=78"}],"curies":[{"name":"wp","href":"https:\/\/api.w.org\/{rel}","templated":true}]}}