{"id":771,"date":"2024-10-23T15:15:15","date_gmt":"2024-10-23T15:15:15","guid":{"rendered":"https:\/\/hawaymusic.com\/?post_type=product&#038;p=771"},"modified":"2026-03-15T22:51:55","modified_gmt":"2026-03-15T22:51:55","slug":"fender-player-stratocaster-sunburst-2010-rosewood-hss-guitarra-electrica-usado","status":"publish","type":"product","link":"https:\/\/hawaymusic.com\/es\/product\/fender-player-stratocaster-sunburst-2010-rosewood-hss-guitarra-electrica-usado\/","title":{"rendered":"Fender   Player  Stratocaster Sunburst  Rosewood Hss &#8211; Guitarra El\u00e9ctrica &#8211; Usado"},"content":{"rendered":"<p>Impecable<\/p>\n<p>A\u00f1o: 2005<\/p>\n<pre id=\"tw-target-text\" class=\"tw-data-text tw-text-large tw-ta\" dir=\"ltr\" data-placeholder=\"Traducci\u00f3n\" data-ved=\"2ahUKEwjI08j606SJAxXmSTABHXraHhkQ3ewLegQIChAW\" aria-label=\"Texto traducido: Lo que hace que esta guitarra sea especial: Acabada en un raro color rojo vino met\u00e1lico, muy limpia, mejorada con afinadores de bloqueo Fender y asequible para cualquier int\u00e9rprete: esta es una gran Stratocaster, de hecho. Las pastillas suenan incre\u00edbles, la guitarra se siente firme y s\u00f3lida y el m\u00e1stil es especialmente c\u00f3modo. Al llegar a usted con una configuraci\u00f3n profesional realizada por los expertos de Cream City Music, estar\u00e1 listo para comenzar desde el momento en que abra el paquete. Condici\u00f3n cosm\u00e9tica: Excepcionalmente limpio. Aparte de ligeros rayones en la superficie de la capa transparente y la falta de la cubierta de la cavidad del tr\u00e9molo trasera, esta guitarra est\u00e1 impecable. M\u00e1stil: Arce de una sola pieza en forma de \u201cC\u201d. Incrustaciones de puntos negros, marcadores de puntos laterales negros y un \u00e1rbol de una sola cuerda. Las clavijas de bloqueo Fender funcionan perfectamente y los 21 trastes muestran un ligero desgaste y les queda mucha vida. Ancho de tuerca de 1,659\u201d, longitud de escala de 25,5\u201d. El m\u00e1stil es recto y el alma ha sido probada y funciona correctamente. Cuerpo: Aliso macizo contorneado. Golpeador blanco de 3 capas, falta la cavidad del tr\u00e9molo trasero y se incluye la barra del puente del tr\u00e9molo cromada. La guitarra pesa 7 libras y 10,6 oz. Electr\u00f3nica: Las pastillas Fender de bobina simple miden 7,23 kohmios en el m\u00e1stil, 6,77 k ohmios en la posici\u00f3n media y 6,88 k ohmios en el puente. Volumen maestro, controles de tono dual y un interruptor selector de pastillas de 5 posiciones. Todos los componentes electr\u00f3nicos han sido probados y est\u00e1n en buen estado de funcionamiento.\"><span class=\"Y2IQFc\" lang=\"es\"><strong>Lo que hace que esta guitarra sea especial:<\/strong> \r\nAcabada en un raro color sunburst met\u00e1lico, muy limpia y asequible para cualquier int\u00e9rprete. \r\nesta es una gran Stratocaster, de hecho. las pastillas suenan incre\u00edbles, \r\nla guitarra se siente firme y s\u00f3lida y el m\u00e1stil es especialmente c\u00f3modo. \r\nSistema Electr\u00f3nico es revisado por los expertos de Haway Music.\r\n\r\n<strong>Condici\u00f3n cosm\u00e9tica:<\/strong> \r\nExcepcionalmente limpio. Solo tiene se\u00f1ales de uso.\r\n\r\n<strong>M\u00e1stil:<\/strong> Arce de una sola pieza en forma de \u201cC\u201d. Incrustaciones de puntos negros, \r\nmarcadores de puntos laterales negros y un \u00e1rbol de una sola cuerda. \r\n<strong>Cuerpo:<\/strong> Aliso macizo contorneado. Golpeador blanco de 3 capas,  se incluye la barra del puente del tr\u00e9molo cromada. \r\n\r\n<strong>Electr\u00f3nica:<\/strong> Las pastillas Fender de bobina simple miden 7,23 kohmios en el m\u00e1stil, 6,77 k ohmios en la posici\u00f3n media y 6,88 k ohmios en el puente. <\/span><\/pre>","protected":false},"excerpt":{"rendered":"<p>Impecable A\u00f1o: 2005 Lo que hace que esta guitarra sea especial: Acabada en un raro color sunburst met\u00e1lico, muy limpia<\/p>","protected":false},"featured_media":772,"comment_status":"open","ping_status":"closed","template":"","meta":[],"pwb-brand":[85],"product_brand":[],"product_cat":[20,29],"product_tag":[],"class_list":{"0":"post-771","1":"product","2":"type-product","3":"status-publish","4":"has-post-thumbnail","6":"pwb-brand-fender","7":"product_cat-guitarra","8":"product_cat-guitarra-electrica","10":"first","11":"instock","12":"taxable","13":"shipping-taxable","14":"purchasable","15":"product-type-simple"},"yoast_head":"<!-- This site is optimized with the Yoast SEO plugin v27.5 - https:\/\/yoast.com\/product\/yoast-seo-wordpress\/ -->\n<title>Fender  Player Stratocaster Sunburst Rosewood Hss - Guitarra El\u00e9ctrica - Usado - Haway Music<\/title>\n<meta name=\"robots\" content=\"index, follow, max-snippet:-1, max-image-preview:large, max-video-preview:-1\" \/>\n<link rel=\"canonical\" href=\"https:\/\/hawaymusic.com\/es\/product\/fender-player-stratocaster-sunburst-2010-rosewood-hss-guitarra-electrica-usado\/\" \/>\n<meta property=\"og:locale\" content=\"es_ES\" \/>\n<meta property=\"og:type\" content=\"article\" \/>\n<meta property=\"og:title\" content=\"Fender  Player Stratocaster Sunburst Rosewood Hss - Guitarra El\u00e9ctrica - Usado - Haway Music\" \/>\n<meta property=\"og:description\" content=\"Impecable A\u00f1o: 2005 Lo que hace que esta guitarra sea especial: Acabada en un raro color sunburst met\u00e1lico, muy limpia\" \/>\n<meta property=\"og:url\" content=\"https:\/\/hawaymusic.com\/es\/product\/fender-player-stratocaster-sunburst-2010-rosewood-hss-guitarra-electrica-usado\/\" \/>\n<meta property=\"og:site_name\" content=\"Haway Music\" \/>\n<meta property=\"article:modified_time\" content=\"2026-03-15T22:51:55+00:00\" \/>\n<meta property=\"og:image\" content=\"https:\/\/hawaymusic.com\/wp-content\/uploads\/2024\/10\/fender-sunburt.webp\" \/>\n\t<meta property=\"og:image:width\" content=\"1024\" \/>\n\t<meta property=\"og:image:height\" content=\"1024\" \/>\n\t<meta property=\"og:image:type\" content=\"image\/webp\" \/>\n<meta name=\"twitter:card\" content=\"summary_large_image\" \/>\n<meta name=\"twitter:label1\" content=\"Tiempo de lectura\" \/>\n\t<meta name=\"twitter:data1\" content=\"1 minuto\" \/>\n<script type=\"application\/ld+json\" class=\"yoast-schema-graph\">{\"@context\":\"https:\\\/\\\/schema.org\",\"@graph\":[{\"@type\":\"WebPage\",\"@id\":\"https:\\\/\\\/hawaymusic.com\\\/product\\\/fender-player-stratocaster-sunburst-2010-rosewood-hss-guitarra-electrica-usado\\\/\",\"url\":\"https:\\\/\\\/hawaymusic.com\\\/product\\\/fender-player-stratocaster-sunburst-2010-rosewood-hss-guitarra-electrica-usado\\\/\",\"name\":\"Fender Player Stratocaster Sunburst Rosewood Hss - Guitarra El\u00e9ctrica - Usado - Haway Music\",\"isPartOf\":{\"@id\":\"https:\\\/\\\/hawaymusic.com\\\/#website\"},\"primaryImageOfPage\":{\"@id\":\"https:\\\/\\\/hawaymusic.com\\\/product\\\/fender-player-stratocaster-sunburst-2010-rosewood-hss-guitarra-electrica-usado\\\/#primaryimage\"},\"image\":{\"@id\":\"https:\\\/\\\/hawaymusic.com\\\/product\\\/fender-player-stratocaster-sunburst-2010-rosewood-hss-guitarra-electrica-usado\\\/#primaryimage\"},\"thumbnailUrl\":\"https:\\\/\\\/i0.wp.com\\\/hawaymusic.com\\\/wp-content\\\/uploads\\\/2024\\\/10\\\/fender-sunburt.webp?fit=1024%2C1024&ssl=1\",\"datePublished\":\"2024-10-23T15:15:15+00:00\",\"dateModified\":\"2026-03-15T22:51:55+00:00\",\"breadcrumb\":{\"@id\":\"https:\\\/\\\/hawaymusic.com\\\/product\\\/fender-player-stratocaster-sunburst-2010-rosewood-hss-guitarra-electrica-usado\\\/#breadcrumb\"},\"inLanguage\":\"es-CO\",\"potentialAction\":[{\"@type\":\"ReadAction\",\"target\":[\"https:\\\/\\\/hawaymusic.com\\\/product\\\/fender-player-stratocaster-sunburst-2010-rosewood-hss-guitarra-electrica-usado\\\/\"]}]},{\"@type\":\"ImageObject\",\"inLanguage\":\"es-CO\",\"@id\":\"https:\\\/\\\/hawaymusic.com\\\/product\\\/fender-player-stratocaster-sunburst-2010-rosewood-hss-guitarra-electrica-usado\\\/#primaryimage\",\"url\":\"https:\\\/\\\/i0.wp.com\\\/hawaymusic.com\\\/wp-content\\\/uploads\\\/2024\\\/10\\\/fender-sunburt.webp?fit=1024%2C1024&ssl=1\",\"contentUrl\":\"https:\\\/\\\/i0.wp.com\\\/hawaymusic.com\\\/wp-content\\\/uploads\\\/2024\\\/10\\\/fender-sunburt.webp?fit=1024%2C1024&ssl=1\",\"width\":1024,\"height\":1024},{\"@type\":\"BreadcrumbList\",\"@id\":\"https:\\\/\\\/hawaymusic.com\\\/product\\\/fender-player-stratocaster-sunburst-2010-rosewood-hss-guitarra-electrica-usado\\\/#breadcrumb\",\"itemListElement\":[{\"@type\":\"ListItem\",\"position\":1,\"name\":\"Inicio\",\"item\":\"https:\\\/\\\/hawaymusic.com\\\/\"},{\"@type\":\"ListItem\",\"position\":2,\"name\":\"Shop\",\"item\":\"https:\\\/\\\/hawaymusic.com\\\/shop\\\/\"},{\"@type\":\"ListItem\",\"position\":3,\"name\":\"Fender Player Stratocaster Sunburst Rosewood Hss &#8211; Guitarra El\u00e9ctrica &#8211; Usado\"}]},{\"@type\":\"WebSite\",\"@id\":\"https:\\\/\\\/hawaymusic.com\\\/#website\",\"url\":\"https:\\\/\\\/hawaymusic.com\\\/\",\"name\":\"Haway Music\",\"description\":\"La mejor tienda de instrumentos musicales en Ecuador\",\"potentialAction\":[{\"@type\":\"SearchAction\",\"target\":{\"@type\":\"EntryPoint\",\"urlTemplate\":\"https:\\\/\\\/hawaymusic.com\\\/?s={search_term_string}\"},\"query-input\":{\"@type\":\"PropertyValueSpecification\",\"valueRequired\":true,\"valueName\":\"search_term_string\"}}],\"inLanguage\":\"es-CO\"}]}<\/script>\n<!-- \/ Yoast SEO plugin. -->","yoast_head_json":{"title":"Fender  Player Stratocaster Sunburst Rosewood Hss - Guitarra El\u00e9ctrica - Usado - Haway Music","robots":{"index":"index","follow":"follow","max-snippet":"max-snippet:-1","max-image-preview":"max-image-preview:large","max-video-preview":"max-video-preview:-1"},"canonical":"https:\/\/hawaymusic.com\/es\/product\/fender-player-stratocaster-sunburst-2010-rosewood-hss-guitarra-electrica-usado\/","og_locale":"es_ES","og_type":"article","og_title":"Fender  Player Stratocaster Sunburst Rosewood Hss - Guitarra El\u00e9ctrica - Usado - Haway Music","og_description":"Impecable A\u00f1o: 2005 Lo que hace que esta guitarra sea especial: Acabada en un raro color sunburst met\u00e1lico, muy limpia","og_url":"https:\/\/hawaymusic.com\/es\/product\/fender-player-stratocaster-sunburst-2010-rosewood-hss-guitarra-electrica-usado\/","og_site_name":"Haway Music","article_modified_time":"2026-03-15T22:51:55+00:00","og_image":[{"width":1024,"height":1024,"url":"https:\/\/hawaymusic.com\/wp-content\/uploads\/2024\/10\/fender-sunburt.webp","type":"image\/webp"}],"twitter_card":"summary_large_image","twitter_misc":{"Tiempo de lectura":"1 minuto"},"schema":{"@context":"https:\/\/schema.org","@graph":[{"@type":"WebPage","@id":"https:\/\/hawaymusic.com\/product\/fender-player-stratocaster-sunburst-2010-rosewood-hss-guitarra-electrica-usado\/","url":"https:\/\/hawaymusic.com\/product\/fender-player-stratocaster-sunburst-2010-rosewood-hss-guitarra-electrica-usado\/","name":"Fender Player Stratocaster Sunburst Rosewood Hss - Guitarra El\u00e9ctrica - Usado - Haway Music","isPartOf":{"@id":"https:\/\/hawaymusic.com\/#website"},"primaryImageOfPage":{"@id":"https:\/\/hawaymusic.com\/product\/fender-player-stratocaster-sunburst-2010-rosewood-hss-guitarra-electrica-usado\/#primaryimage"},"image":{"@id":"https:\/\/hawaymusic.com\/product\/fender-player-stratocaster-sunburst-2010-rosewood-hss-guitarra-electrica-usado\/#primaryimage"},"thumbnailUrl":"https:\/\/i0.wp.com\/hawaymusic.com\/wp-content\/uploads\/2024\/10\/fender-sunburt.webp?fit=1024%2C1024&ssl=1","datePublished":"2024-10-23T15:15:15+00:00","dateModified":"2026-03-15T22:51:55+00:00","breadcrumb":{"@id":"https:\/\/hawaymusic.com\/product\/fender-player-stratocaster-sunburst-2010-rosewood-hss-guitarra-electrica-usado\/#breadcrumb"},"inLanguage":"es-CO","potentialAction":[{"@type":"ReadAction","target":["https:\/\/hawaymusic.com\/product\/fender-player-stratocaster-sunburst-2010-rosewood-hss-guitarra-electrica-usado\/"]}]},{"@type":"ImageObject","inLanguage":"es-CO","@id":"https:\/\/hawaymusic.com\/product\/fender-player-stratocaster-sunburst-2010-rosewood-hss-guitarra-electrica-usado\/#primaryimage","url":"https:\/\/i0.wp.com\/hawaymusic.com\/wp-content\/uploads\/2024\/10\/fender-sunburt.webp?fit=1024%2C1024&ssl=1","contentUrl":"https:\/\/i0.wp.com\/hawaymusic.com\/wp-content\/uploads\/2024\/10\/fender-sunburt.webp?fit=1024%2C1024&ssl=1","width":1024,"height":1024},{"@type":"BreadcrumbList","@id":"https:\/\/hawaymusic.com\/product\/fender-player-stratocaster-sunburst-2010-rosewood-hss-guitarra-electrica-usado\/#breadcrumb","itemListElement":[{"@type":"ListItem","position":1,"name":"Inicio","item":"https:\/\/hawaymusic.com\/"},{"@type":"ListItem","position":2,"name":"Shop","item":"https:\/\/hawaymusic.com\/shop\/"},{"@type":"ListItem","position":3,"name":"Fender Player Stratocaster Sunburst Rosewood Hss &#8211; Guitarra El\u00e9ctrica &#8211; Usado"}]},{"@type":"WebSite","@id":"https:\/\/hawaymusic.com\/#website","url":"https:\/\/hawaymusic.com\/","name":"Haway Music","description":"La mejor tienda de instrumentos musicales en Ecuador","potentialAction":[{"@type":"SearchAction","target":{"@type":"EntryPoint","urlTemplate":"https:\/\/hawaymusic.com\/?s={search_term_string}"},"query-input":{"@type":"PropertyValueSpecification","valueRequired":true,"valueName":"search_term_string"}}],"inLanguage":"es-CO"}]}},"jetpack_sharing_enabled":true,"brands":[{"id":85,"name":"Fender","slug":"fender"}],"_links":{"self":[{"href":"https:\/\/hawaymusic.com\/es\/wp-json\/wp\/v2\/product\/771","targetHints":{"allow":["GET"]}}],"collection":[{"href":"https:\/\/hawaymusic.com\/es\/wp-json\/wp\/v2\/product"}],"about":[{"href":"https:\/\/hawaymusic.com\/es\/wp-json\/wp\/v2\/types\/product"}],"replies":[{"embeddable":true,"href":"https:\/\/hawaymusic.com\/es\/wp-json\/wp\/v2\/comments?post=771"}],"wp:featuredmedia":[{"embeddable":true,"href":"https:\/\/hawaymusic.com\/es\/wp-json\/wp\/v2\/media\/772"}],"wp:attachment":[{"href":"https:\/\/hawaymusic.com\/es\/wp-json\/wp\/v2\/media?parent=771"}],"wp:term":[{"taxonomy":"pwb-brand","embeddable":true,"href":"https:\/\/hawaymusic.com\/es\/wp-json\/wp\/v2\/pwb-brand?post=771"},{"taxonomy":"product_brand","embeddable":true,"href":"https:\/\/hawaymusic.com\/es\/wp-json\/wp\/v2\/product_brand?post=771"},{"taxonomy":"product_cat","embeddable":true,"href":"https:\/\/hawaymusic.com\/es\/wp-json\/wp\/v2\/product_cat?post=771"},{"taxonomy":"product_tag","embeddable":true,"href":"https:\/\/hawaymusic.com\/es\/wp-json\/wp\/v2\/product_tag?post=771"}],"curies":[{"name":"wp","href":"https:\/\/api.w.org\/{rel}","templated":true}]}}