{"id":766,"date":"2024-10-22T15:46:03","date_gmt":"2024-10-22T15:46:03","guid":{"rendered":"https:\/\/hawaymusic.com\/?post_type=product&#038;p=766"},"modified":"2026-03-15T22:51:31","modified_gmt":"2026-03-15T22:51:31","slug":"fender-player-stratocaster-custom-shop-desing-2019-candy-apple-red-rosewood-hss-guitarra-electrica-usado","status":"publish","type":"product","link":"https:\/\/hawaymusic.com\/es\/product\/fender-player-stratocaster-custom-shop-desing-2019-candy-apple-red-rosewood-hss-guitarra-electrica-usado\/","title":{"rendered":"Fender Stratocaster Player Fiesta Red Hss &#8211; Guitarra El\u00e9ctrica &#8211; Usada"},"content":{"rendered":"<p>Impecable<\/p>\n<ul class=\"a-unordered-list a-vertical a-spacing-mini\">\n<li class=\"a-spacing-mini\"><span class=\"a-list-item\">Guitarra el\u00e9ctrica Solidbody con cuerpo de aliso<\/span><\/li>\n<li class=\"a-spacing-mini\"><span class=\"a-list-item\">2 Pastillas de bobina simple &#8211; Fiesta Red<\/span><\/li>\n<li class=\"a-spacing-mini\"><span class=\"a-list-item\">Diapas\u00f3n Pau Ferro<\/span><\/li>\n<li>Humbucker<\/li>\n<li class=\"a-spacing-mini\"><span class=\"a-list-item\">Cuello de arce<\/span><\/li>\n<\/ul>","protected":false},"excerpt":{"rendered":"<p>Impecable Guitarra el\u00e9ctrica Solidbody con cuerpo de aliso 2 Pastillas de bobina simple &#8211; Fiesta Red Diapas\u00f3n Pau Ferro Humbucker<\/p>","protected":false},"featured_media":840,"comment_status":"open","ping_status":"closed","template":"","meta":[],"pwb-brand":[85],"product_brand":[],"product_cat":[20,29],"product_tag":[],"class_list":{"0":"post-766","1":"product","2":"type-product","3":"status-publish","4":"has-post-thumbnail","6":"pwb-brand-fender","7":"product_cat-guitarra","8":"product_cat-guitarra-electrica","10":"first","11":"instock","12":"taxable","13":"shipping-taxable","14":"purchasable","15":"product-type-simple"},"yoast_head":"<!-- This site is optimized with the Yoast SEO plugin v27.5 - https:\/\/yoast.com\/product\/yoast-seo-wordpress\/ -->\n<title>Fender Stratocaster Player Fiesta Red Hss - Guitarra El\u00e9ctrica - Usada - Haway Music<\/title>\n<meta name=\"robots\" content=\"index, follow, max-snippet:-1, max-image-preview:large, max-video-preview:-1\" \/>\n<link rel=\"canonical\" href=\"https:\/\/hawaymusic.com\/es\/product\/fender-player-stratocaster-custom-shop-desing-2019-candy-apple-red-rosewood-hss-guitarra-electrica-usado\/\" \/>\n<meta property=\"og:locale\" content=\"es_ES\" \/>\n<meta property=\"og:type\" content=\"article\" \/>\n<meta property=\"og:title\" content=\"Fender Stratocaster Player Fiesta Red Hss - Guitarra El\u00e9ctrica - Usada - Haway Music\" \/>\n<meta property=\"og:description\" content=\"Impecable Guitarra el\u00e9ctrica Solidbody con cuerpo de aliso 2 Pastillas de bobina simple &#8211; Fiesta Red Diapas\u00f3n Pau Ferro Humbucker\" \/>\n<meta property=\"og:url\" content=\"https:\/\/hawaymusic.com\/es\/product\/fender-player-stratocaster-custom-shop-desing-2019-candy-apple-red-rosewood-hss-guitarra-electrica-usado\/\" \/>\n<meta property=\"og:site_name\" content=\"Haway Music\" \/>\n<meta property=\"article:modified_time\" content=\"2026-03-15T22:51:31+00:00\" \/>\n<meta property=\"og:image\" content=\"https:\/\/hawaymusic.com\/wp-content\/uploads\/2024\/10\/fender-player-.jpg\" \/>\n\t<meta property=\"og:image:width\" content=\"782\" \/>\n\t<meta property=\"og:image:height\" content=\"2400\" \/>\n\t<meta property=\"og:image:type\" content=\"image\/jpeg\" \/>\n<meta name=\"twitter:card\" content=\"summary_large_image\" \/>\n<meta name=\"twitter:label1\" content=\"Tiempo de lectura\" \/>\n\t<meta name=\"twitter:data1\" content=\"1 minuto\" \/>\n<script type=\"application\/ld+json\" class=\"yoast-schema-graph\">{\"@context\":\"https:\\\/\\\/schema.org\",\"@graph\":[{\"@type\":\"WebPage\",\"@id\":\"https:\\\/\\\/hawaymusic.com\\\/product\\\/fender-player-stratocaster-custom-shop-desing-2019-candy-apple-red-rosewood-hss-guitarra-electrica-usado\\\/\",\"url\":\"https:\\\/\\\/hawaymusic.com\\\/product\\\/fender-player-stratocaster-custom-shop-desing-2019-candy-apple-red-rosewood-hss-guitarra-electrica-usado\\\/\",\"name\":\"Fender Stratocaster Player Fiesta Red Hss - Guitarra El\u00e9ctrica - Usada - Haway Music\",\"isPartOf\":{\"@id\":\"https:\\\/\\\/hawaymusic.com\\\/#website\"},\"primaryImageOfPage\":{\"@id\":\"https:\\\/\\\/hawaymusic.com\\\/product\\\/fender-player-stratocaster-custom-shop-desing-2019-candy-apple-red-rosewood-hss-guitarra-electrica-usado\\\/#primaryimage\"},\"image\":{\"@id\":\"https:\\\/\\\/hawaymusic.com\\\/product\\\/fender-player-stratocaster-custom-shop-desing-2019-candy-apple-red-rosewood-hss-guitarra-electrica-usado\\\/#primaryimage\"},\"thumbnailUrl\":\"https:\\\/\\\/i0.wp.com\\\/hawaymusic.com\\\/wp-content\\\/uploads\\\/2024\\\/10\\\/fender-player-.jpg?fit=782%2C2400&ssl=1\",\"datePublished\":\"2024-10-22T15:46:03+00:00\",\"dateModified\":\"2026-03-15T22:51:31+00:00\",\"breadcrumb\":{\"@id\":\"https:\\\/\\\/hawaymusic.com\\\/product\\\/fender-player-stratocaster-custom-shop-desing-2019-candy-apple-red-rosewood-hss-guitarra-electrica-usado\\\/#breadcrumb\"},\"inLanguage\":\"es-CO\",\"potentialAction\":[{\"@type\":\"ReadAction\",\"target\":[\"https:\\\/\\\/hawaymusic.com\\\/product\\\/fender-player-stratocaster-custom-shop-desing-2019-candy-apple-red-rosewood-hss-guitarra-electrica-usado\\\/\"]}]},{\"@type\":\"ImageObject\",\"inLanguage\":\"es-CO\",\"@id\":\"https:\\\/\\\/hawaymusic.com\\\/product\\\/fender-player-stratocaster-custom-shop-desing-2019-candy-apple-red-rosewood-hss-guitarra-electrica-usado\\\/#primaryimage\",\"url\":\"https:\\\/\\\/i0.wp.com\\\/hawaymusic.com\\\/wp-content\\\/uploads\\\/2024\\\/10\\\/fender-player-.jpg?fit=782%2C2400&ssl=1\",\"contentUrl\":\"https:\\\/\\\/i0.wp.com\\\/hawaymusic.com\\\/wp-content\\\/uploads\\\/2024\\\/10\\\/fender-player-.jpg?fit=782%2C2400&ssl=1\",\"width\":782,\"height\":2400},{\"@type\":\"BreadcrumbList\",\"@id\":\"https:\\\/\\\/hawaymusic.com\\\/product\\\/fender-player-stratocaster-custom-shop-desing-2019-candy-apple-red-rosewood-hss-guitarra-electrica-usado\\\/#breadcrumb\",\"itemListElement\":[{\"@type\":\"ListItem\",\"position\":1,\"name\":\"Inicio\",\"item\":\"https:\\\/\\\/hawaymusic.com\\\/\"},{\"@type\":\"ListItem\",\"position\":2,\"name\":\"Shop\",\"item\":\"https:\\\/\\\/hawaymusic.com\\\/shop\\\/\"},{\"@type\":\"ListItem\",\"position\":3,\"name\":\"Fender Stratocaster Player Fiesta Red Hss &#8211; Guitarra El\u00e9ctrica &#8211; Usada\"}]},{\"@type\":\"WebSite\",\"@id\":\"https:\\\/\\\/hawaymusic.com\\\/#website\",\"url\":\"https:\\\/\\\/hawaymusic.com\\\/\",\"name\":\"Haway Music\",\"description\":\"La mejor tienda de instrumentos musicales en Ecuador\",\"potentialAction\":[{\"@type\":\"SearchAction\",\"target\":{\"@type\":\"EntryPoint\",\"urlTemplate\":\"https:\\\/\\\/hawaymusic.com\\\/?s={search_term_string}\"},\"query-input\":{\"@type\":\"PropertyValueSpecification\",\"valueRequired\":true,\"valueName\":\"search_term_string\"}}],\"inLanguage\":\"es-CO\"}]}<\/script>\n<!-- \/ Yoast SEO plugin. -->","yoast_head_json":{"title":"Fender Stratocaster Player Fiesta Red Hss - Guitarra El\u00e9ctrica - Usada - Haway Music","robots":{"index":"index","follow":"follow","max-snippet":"max-snippet:-1","max-image-preview":"max-image-preview:large","max-video-preview":"max-video-preview:-1"},"canonical":"https:\/\/hawaymusic.com\/es\/product\/fender-player-stratocaster-custom-shop-desing-2019-candy-apple-red-rosewood-hss-guitarra-electrica-usado\/","og_locale":"es_ES","og_type":"article","og_title":"Fender Stratocaster Player Fiesta Red Hss - Guitarra El\u00e9ctrica - Usada - Haway Music","og_description":"Impecable Guitarra el\u00e9ctrica Solidbody con cuerpo de aliso 2 Pastillas de bobina simple &#8211; Fiesta Red Diapas\u00f3n Pau Ferro Humbucker","og_url":"https:\/\/hawaymusic.com\/es\/product\/fender-player-stratocaster-custom-shop-desing-2019-candy-apple-red-rosewood-hss-guitarra-electrica-usado\/","og_site_name":"Haway Music","article_modified_time":"2026-03-15T22:51:31+00:00","og_image":[{"width":782,"height":2400,"url":"https:\/\/hawaymusic.com\/wp-content\/uploads\/2024\/10\/fender-player-.jpg","type":"image\/jpeg"}],"twitter_card":"summary_large_image","twitter_misc":{"Tiempo de lectura":"1 minuto"},"schema":{"@context":"https:\/\/schema.org","@graph":[{"@type":"WebPage","@id":"https:\/\/hawaymusic.com\/product\/fender-player-stratocaster-custom-shop-desing-2019-candy-apple-red-rosewood-hss-guitarra-electrica-usado\/","url":"https:\/\/hawaymusic.com\/product\/fender-player-stratocaster-custom-shop-desing-2019-candy-apple-red-rosewood-hss-guitarra-electrica-usado\/","name":"Fender Stratocaster Player Fiesta Red Hss - Guitarra El\u00e9ctrica - Usada - Haway Music","isPartOf":{"@id":"https:\/\/hawaymusic.com\/#website"},"primaryImageOfPage":{"@id":"https:\/\/hawaymusic.com\/product\/fender-player-stratocaster-custom-shop-desing-2019-candy-apple-red-rosewood-hss-guitarra-electrica-usado\/#primaryimage"},"image":{"@id":"https:\/\/hawaymusic.com\/product\/fender-player-stratocaster-custom-shop-desing-2019-candy-apple-red-rosewood-hss-guitarra-electrica-usado\/#primaryimage"},"thumbnailUrl":"https:\/\/i0.wp.com\/hawaymusic.com\/wp-content\/uploads\/2024\/10\/fender-player-.jpg?fit=782%2C2400&ssl=1","datePublished":"2024-10-22T15:46:03+00:00","dateModified":"2026-03-15T22:51:31+00:00","breadcrumb":{"@id":"https:\/\/hawaymusic.com\/product\/fender-player-stratocaster-custom-shop-desing-2019-candy-apple-red-rosewood-hss-guitarra-electrica-usado\/#breadcrumb"},"inLanguage":"es-CO","potentialAction":[{"@type":"ReadAction","target":["https:\/\/hawaymusic.com\/product\/fender-player-stratocaster-custom-shop-desing-2019-candy-apple-red-rosewood-hss-guitarra-electrica-usado\/"]}]},{"@type":"ImageObject","inLanguage":"es-CO","@id":"https:\/\/hawaymusic.com\/product\/fender-player-stratocaster-custom-shop-desing-2019-candy-apple-red-rosewood-hss-guitarra-electrica-usado\/#primaryimage","url":"https:\/\/i0.wp.com\/hawaymusic.com\/wp-content\/uploads\/2024\/10\/fender-player-.jpg?fit=782%2C2400&ssl=1","contentUrl":"https:\/\/i0.wp.com\/hawaymusic.com\/wp-content\/uploads\/2024\/10\/fender-player-.jpg?fit=782%2C2400&ssl=1","width":782,"height":2400},{"@type":"BreadcrumbList","@id":"https:\/\/hawaymusic.com\/product\/fender-player-stratocaster-custom-shop-desing-2019-candy-apple-red-rosewood-hss-guitarra-electrica-usado\/#breadcrumb","itemListElement":[{"@type":"ListItem","position":1,"name":"Inicio","item":"https:\/\/hawaymusic.com\/"},{"@type":"ListItem","position":2,"name":"Shop","item":"https:\/\/hawaymusic.com\/shop\/"},{"@type":"ListItem","position":3,"name":"Fender Stratocaster Player Fiesta Red Hss &#8211; Guitarra El\u00e9ctrica &#8211; Usada"}]},{"@type":"WebSite","@id":"https:\/\/hawaymusic.com\/#website","url":"https:\/\/hawaymusic.com\/","name":"Haway Music","description":"La mejor tienda de instrumentos musicales en Ecuador","potentialAction":[{"@type":"SearchAction","target":{"@type":"EntryPoint","urlTemplate":"https:\/\/hawaymusic.com\/?s={search_term_string}"},"query-input":{"@type":"PropertyValueSpecification","valueRequired":true,"valueName":"search_term_string"}}],"inLanguage":"es-CO"}]}},"jetpack_sharing_enabled":true,"brands":[{"id":85,"name":"Fender","slug":"fender"}],"_links":{"self":[{"href":"https:\/\/hawaymusic.com\/es\/wp-json\/wp\/v2\/product\/766","targetHints":{"allow":["GET"]}}],"collection":[{"href":"https:\/\/hawaymusic.com\/es\/wp-json\/wp\/v2\/product"}],"about":[{"href":"https:\/\/hawaymusic.com\/es\/wp-json\/wp\/v2\/types\/product"}],"replies":[{"embeddable":true,"href":"https:\/\/hawaymusic.com\/es\/wp-json\/wp\/v2\/comments?post=766"}],"wp:featuredmedia":[{"embeddable":true,"href":"https:\/\/hawaymusic.com\/es\/wp-json\/wp\/v2\/media\/840"}],"wp:attachment":[{"href":"https:\/\/hawaymusic.com\/es\/wp-json\/wp\/v2\/media?parent=766"}],"wp:term":[{"taxonomy":"pwb-brand","embeddable":true,"href":"https:\/\/hawaymusic.com\/es\/wp-json\/wp\/v2\/pwb-brand?post=766"},{"taxonomy":"product_brand","embeddable":true,"href":"https:\/\/hawaymusic.com\/es\/wp-json\/wp\/v2\/product_brand?post=766"},{"taxonomy":"product_cat","embeddable":true,"href":"https:\/\/hawaymusic.com\/es\/wp-json\/wp\/v2\/product_cat?post=766"},{"taxonomy":"product_tag","embeddable":true,"href":"https:\/\/hawaymusic.com\/es\/wp-json\/wp\/v2\/product_tag?post=766"}],"curies":[{"name":"wp","href":"https:\/\/api.w.org\/{rel}","templated":true}]}}