{"id":72,"date":"2022-08-11T22:40:44","date_gmt":"2022-08-11T22:40:44","guid":{"rendered":"https:\/\/hawaymusic.com\/?post_type=product&#038;p=72"},"modified":"2022-11-21T13:37:12","modified_gmt":"2022-11-21T13:37:12","slug":"strymon-ojai-5-salidas","status":"publish","type":"product","link":"https:\/\/hawaymusic.com\/es\/product\/strymon-ojai-5-salidas\/","title":{"rendered":"Strymon ojai Fuente POder 5 salidas"},"content":{"rendered":"<div class=\"wpb-content-wrapper\"><div class=\"vc_row wpb_row vc_row-fluid\"><div class=\"wpb_column vc_column_container vc_col-sm-12\"><div class=\"vc_column-inner\"><div class=\"wpb_wrapper\">\t\t<div id=\"wd-62f584bbe7a9e\" class=\"wd-image wd-wpb wd-rs-62f584bbe7a9e text-center\">\n\t\t\t\n\t\t\t<img loading=\"lazy\" decoding=\"async\" width=\"970\" height=\"300\" src=\"https:\/\/i0.wp.com\/hawaymusic.com\/wp-content\/uploads\/2022\/08\/19bbc262-2d47-4e93-b3bf-0f8d03ac9d9f._SR970300_.jpg?fit=970%2C300&amp;ssl=1\" class=\"attachment-full size-full\" alt=\"\" srcset=\"https:\/\/i0.wp.com\/hawaymusic.com\/wp-content\/uploads\/2022\/08\/19bbc262-2d47-4e93-b3bf-0f8d03ac9d9f._SR970300_.jpg?w=970&amp;ssl=1 970w, https:\/\/i0.wp.com\/hawaymusic.com\/wp-content\/uploads\/2022\/08\/19bbc262-2d47-4e93-b3bf-0f8d03ac9d9f._SR970300_.jpg?resize=300%2C93&amp;ssl=1 300w, https:\/\/i0.wp.com\/hawaymusic.com\/wp-content\/uploads\/2022\/08\/19bbc262-2d47-4e93-b3bf-0f8d03ac9d9f._SR970300_.jpg?resize=768%2C238&amp;ssl=1 768w, https:\/\/i0.wp.com\/hawaymusic.com\/wp-content\/uploads\/2022\/08\/19bbc262-2d47-4e93-b3bf-0f8d03ac9d9f._SR970300_.jpg?resize=600%2C186&amp;ssl=1 600w, https:\/\/i0.wp.com\/hawaymusic.com\/wp-content\/uploads\/2022\/08\/19bbc262-2d47-4e93-b3bf-0f8d03ac9d9f._SR970300_.jpg?resize=150%2C46&amp;ssl=1 150w\" sizes=\"auto, (max-width: 970px) 100vw, 970px\" \/>\n\t\t\t\t\t<\/div>\n\t\t\t\t<div id=\"wd-62f58559a2a35\" class=\"wd-text-block wd-wpb reset-last-child wd-rs-62f58559a2a35 text-left\">\n\t\t\t<div class=\"apm-hovermodule-slides\">\n<div class=\"apm-hovermodule-image\">Nunca se quede sin salidas.<\/div>\n<div class=\"apm-hovermodule-slides-inner\">\n<p class=\"a-spacing-base\">\u00bfTu pedalera est\u00e1 creciendo? Obtenga m\u00e1s salidas conectando unidades Ojai adicionales al conector de 24 V Thru. O utilice Ojai para agregar cinco salidas m\u00e1s a nuestra fuente de alimentaci\u00f3n Zuma (se vende por separado). Ojai es parte de un sistema de distribuci\u00f3n de energ\u00eda modular verdaderamente expandible que puede crecer con su pedalera.<\/p>\n<\/div>\n<\/div>\n\t\t<\/div>\n\t\t<\/div><\/div><\/div><\/div>\n<\/div>","protected":false},"excerpt":{"rendered":"<p>Voltaje de entrada: 24 Voltios<br \/>\nAmperaje: 500 Miliamperios<br \/>\nVoltaje de salida: 24 Voltios<br \/>\nPeso del art\u00edculo: 0.13 Kilogramos<\/p>","protected":false},"featured_media":75,"comment_status":"open","ping_status":"closed","template":"","meta":[],"pwb-brand":[],"product_brand":[],"product_cat":[25,37],"product_tag":[],"class_list":{"0":"post-72","1":"product","2":"type-product","3":"status-publish","4":"has-post-thumbnail","6":"product_cat-accesorios","7":"product_cat-fuentes-de-alimentacion","9":"first","10":"instock","11":"taxable","12":"shipping-taxable","13":"purchasable","14":"product-type-simple"},"yoast_head":"<!-- This site is optimized with the Yoast SEO plugin v27.6 - https:\/\/yoast.com\/product\/yoast-seo-wordpress\/ -->\n<title>Strymon ojai Fuente POder 5 salidas - Haway Music<\/title>\n<meta name=\"robots\" content=\"index, follow, max-snippet:-1, max-image-preview:large, max-video-preview:-1\" \/>\n<link rel=\"canonical\" href=\"https:\/\/hawaymusic.com\/es\/product\/strymon-ojai-5-salidas\/\" \/>\n<meta property=\"og:locale\" content=\"es_ES\" \/>\n<meta property=\"og:type\" content=\"article\" \/>\n<meta property=\"og:title\" content=\"Strymon ojai Fuente POder 5 salidas - Haway Music\" \/>\n<meta property=\"og:description\" content=\"Voltaje de entrada: 24 Voltios Amperaje: 500 Miliamperios Voltaje de salida: 24 Voltios Peso del art\u00edculo: 0.13 Kilogramos\" \/>\n<meta property=\"og:url\" content=\"https:\/\/hawaymusic.com\/es\/product\/strymon-ojai-5-salidas\/\" \/>\n<meta property=\"og:site_name\" content=\"Haway Music\" \/>\n<meta property=\"article:modified_time\" content=\"2022-11-21T13:37:12+00:00\" \/>\n<meta property=\"og:image\" content=\"https:\/\/hawaymusic.com\/wp-content\/uploads\/2022\/08\/OJAI.jpg\" \/>\n\t<meta property=\"og:image:width\" content=\"1080\" \/>\n\t<meta property=\"og:image:height\" content=\"1080\" \/>\n\t<meta property=\"og:image:type\" content=\"image\/jpeg\" \/>\n<meta name=\"twitter:card\" content=\"summary_large_image\" \/>\n<meta name=\"twitter:label1\" content=\"Tiempo de lectura\" \/>\n\t<meta name=\"twitter:data1\" content=\"1 minuto\" \/>\n<script type=\"application\/ld+json\" class=\"yoast-schema-graph\">{\"@context\":\"https:\\\/\\\/schema.org\",\"@graph\":[{\"@type\":\"WebPage\",\"@id\":\"https:\\\/\\\/hawaymusic.com\\\/product\\\/strymon-ojai-5-salidas\\\/\",\"url\":\"https:\\\/\\\/hawaymusic.com\\\/product\\\/strymon-ojai-5-salidas\\\/\",\"name\":\"Strymon ojai Fuente POder 5 salidas - Haway Music\",\"isPartOf\":{\"@id\":\"https:\\\/\\\/hawaymusic.com\\\/#website\"},\"primaryImageOfPage\":{\"@id\":\"https:\\\/\\\/hawaymusic.com\\\/product\\\/strymon-ojai-5-salidas\\\/#primaryimage\"},\"image\":{\"@id\":\"https:\\\/\\\/hawaymusic.com\\\/product\\\/strymon-ojai-5-salidas\\\/#primaryimage\"},\"thumbnailUrl\":\"https:\\\/\\\/i0.wp.com\\\/hawaymusic.com\\\/wp-content\\\/uploads\\\/2022\\\/08\\\/OJAI.jpg?fit=1080%2C1080&ssl=1\",\"datePublished\":\"2022-08-11T22:40:44+00:00\",\"dateModified\":\"2022-11-21T13:37:12+00:00\",\"breadcrumb\":{\"@id\":\"https:\\\/\\\/hawaymusic.com\\\/product\\\/strymon-ojai-5-salidas\\\/#breadcrumb\"},\"inLanguage\":\"es-CO\",\"potentialAction\":[{\"@type\":\"ReadAction\",\"target\":[\"https:\\\/\\\/hawaymusic.com\\\/product\\\/strymon-ojai-5-salidas\\\/\"]}]},{\"@type\":\"ImageObject\",\"inLanguage\":\"es-CO\",\"@id\":\"https:\\\/\\\/hawaymusic.com\\\/product\\\/strymon-ojai-5-salidas\\\/#primaryimage\",\"url\":\"https:\\\/\\\/i0.wp.com\\\/hawaymusic.com\\\/wp-content\\\/uploads\\\/2022\\\/08\\\/OJAI.jpg?fit=1080%2C1080&ssl=1\",\"contentUrl\":\"https:\\\/\\\/i0.wp.com\\\/hawaymusic.com\\\/wp-content\\\/uploads\\\/2022\\\/08\\\/OJAI.jpg?fit=1080%2C1080&ssl=1\",\"width\":1080,\"height\":1080},{\"@type\":\"BreadcrumbList\",\"@id\":\"https:\\\/\\\/hawaymusic.com\\\/product\\\/strymon-ojai-5-salidas\\\/#breadcrumb\",\"itemListElement\":[{\"@type\":\"ListItem\",\"position\":1,\"name\":\"Inicio\",\"item\":\"https:\\\/\\\/hawaymusic.com\\\/\"},{\"@type\":\"ListItem\",\"position\":2,\"name\":\"Shop\",\"item\":\"https:\\\/\\\/hawaymusic.com\\\/shop\\\/\"},{\"@type\":\"ListItem\",\"position\":3,\"name\":\"Strymon ojai Fuente POder 5 salidas\"}]},{\"@type\":\"WebSite\",\"@id\":\"https:\\\/\\\/hawaymusic.com\\\/#website\",\"url\":\"https:\\\/\\\/hawaymusic.com\\\/\",\"name\":\"Haway Music\",\"description\":\"La mejor tienda de instrumentos musicales en Ecuador\",\"potentialAction\":[{\"@type\":\"SearchAction\",\"target\":{\"@type\":\"EntryPoint\",\"urlTemplate\":\"https:\\\/\\\/hawaymusic.com\\\/?s={search_term_string}\"},\"query-input\":{\"@type\":\"PropertyValueSpecification\",\"valueRequired\":true,\"valueName\":\"search_term_string\"}}],\"inLanguage\":\"es-CO\"}]}<\/script>\n<!-- \/ Yoast SEO plugin. -->","yoast_head_json":{"title":"Strymon ojai Fuente POder 5 salidas - Haway Music","robots":{"index":"index","follow":"follow","max-snippet":"max-snippet:-1","max-image-preview":"max-image-preview:large","max-video-preview":"max-video-preview:-1"},"canonical":"https:\/\/hawaymusic.com\/es\/product\/strymon-ojai-5-salidas\/","og_locale":"es_ES","og_type":"article","og_title":"Strymon ojai Fuente POder 5 salidas - Haway Music","og_description":"Voltaje de entrada: 24 Voltios Amperaje: 500 Miliamperios Voltaje de salida: 24 Voltios Peso del art\u00edculo: 0.13 Kilogramos","og_url":"https:\/\/hawaymusic.com\/es\/product\/strymon-ojai-5-salidas\/","og_site_name":"Haway Music","article_modified_time":"2022-11-21T13:37:12+00:00","og_image":[{"width":1080,"height":1080,"url":"https:\/\/hawaymusic.com\/wp-content\/uploads\/2022\/08\/OJAI.jpg","type":"image\/jpeg"}],"twitter_card":"summary_large_image","twitter_misc":{"Tiempo de lectura":"1 minuto"},"schema":{"@context":"https:\/\/schema.org","@graph":[{"@type":"WebPage","@id":"https:\/\/hawaymusic.com\/product\/strymon-ojai-5-salidas\/","url":"https:\/\/hawaymusic.com\/product\/strymon-ojai-5-salidas\/","name":"Strymon ojai Fuente POder 5 salidas - Haway Music","isPartOf":{"@id":"https:\/\/hawaymusic.com\/#website"},"primaryImageOfPage":{"@id":"https:\/\/hawaymusic.com\/product\/strymon-ojai-5-salidas\/#primaryimage"},"image":{"@id":"https:\/\/hawaymusic.com\/product\/strymon-ojai-5-salidas\/#primaryimage"},"thumbnailUrl":"https:\/\/i0.wp.com\/hawaymusic.com\/wp-content\/uploads\/2022\/08\/OJAI.jpg?fit=1080%2C1080&ssl=1","datePublished":"2022-08-11T22:40:44+00:00","dateModified":"2022-11-21T13:37:12+00:00","breadcrumb":{"@id":"https:\/\/hawaymusic.com\/product\/strymon-ojai-5-salidas\/#breadcrumb"},"inLanguage":"es-CO","potentialAction":[{"@type":"ReadAction","target":["https:\/\/hawaymusic.com\/product\/strymon-ojai-5-salidas\/"]}]},{"@type":"ImageObject","inLanguage":"es-CO","@id":"https:\/\/hawaymusic.com\/product\/strymon-ojai-5-salidas\/#primaryimage","url":"https:\/\/i0.wp.com\/hawaymusic.com\/wp-content\/uploads\/2022\/08\/OJAI.jpg?fit=1080%2C1080&ssl=1","contentUrl":"https:\/\/i0.wp.com\/hawaymusic.com\/wp-content\/uploads\/2022\/08\/OJAI.jpg?fit=1080%2C1080&ssl=1","width":1080,"height":1080},{"@type":"BreadcrumbList","@id":"https:\/\/hawaymusic.com\/product\/strymon-ojai-5-salidas\/#breadcrumb","itemListElement":[{"@type":"ListItem","position":1,"name":"Inicio","item":"https:\/\/hawaymusic.com\/"},{"@type":"ListItem","position":2,"name":"Shop","item":"https:\/\/hawaymusic.com\/shop\/"},{"@type":"ListItem","position":3,"name":"Strymon ojai Fuente POder 5 salidas"}]},{"@type":"WebSite","@id":"https:\/\/hawaymusic.com\/#website","url":"https:\/\/hawaymusic.com\/","name":"Haway Music","description":"La mejor tienda de instrumentos musicales en Ecuador","potentialAction":[{"@type":"SearchAction","target":{"@type":"EntryPoint","urlTemplate":"https:\/\/hawaymusic.com\/?s={search_term_string}"},"query-input":{"@type":"PropertyValueSpecification","valueRequired":true,"valueName":"search_term_string"}}],"inLanguage":"es-CO"}]}},"jetpack_sharing_enabled":true,"brands":[],"_links":{"self":[{"href":"https:\/\/hawaymusic.com\/es\/wp-json\/wp\/v2\/product\/72","targetHints":{"allow":["GET"]}}],"collection":[{"href":"https:\/\/hawaymusic.com\/es\/wp-json\/wp\/v2\/product"}],"about":[{"href":"https:\/\/hawaymusic.com\/es\/wp-json\/wp\/v2\/types\/product"}],"replies":[{"embeddable":true,"href":"https:\/\/hawaymusic.com\/es\/wp-json\/wp\/v2\/comments?post=72"}],"wp:featuredmedia":[{"embeddable":true,"href":"https:\/\/hawaymusic.com\/es\/wp-json\/wp\/v2\/media\/75"}],"wp:attachment":[{"href":"https:\/\/hawaymusic.com\/es\/wp-json\/wp\/v2\/media?parent=72"}],"wp:term":[{"taxonomy":"pwb-brand","embeddable":true,"href":"https:\/\/hawaymusic.com\/es\/wp-json\/wp\/v2\/pwb-brand?post=72"},{"taxonomy":"product_brand","embeddable":true,"href":"https:\/\/hawaymusic.com\/es\/wp-json\/wp\/v2\/product_brand?post=72"},{"taxonomy":"product_cat","embeddable":true,"href":"https:\/\/hawaymusic.com\/es\/wp-json\/wp\/v2\/product_cat?post=72"},{"taxonomy":"product_tag","embeddable":true,"href":"https:\/\/hawaymusic.com\/es\/wp-json\/wp\/v2\/product_tag?post=72"}],"curies":[{"name":"wp","href":"https:\/\/api.w.org\/{rel}","templated":true}]}}