{"id":695,"date":"2024-08-22T13:36:56","date_gmt":"2024-08-22T13:36:56","guid":{"rendered":"https:\/\/hawaymusic.com\/?post_type=product&#038;p=695"},"modified":"2025-02-20T21:45:46","modified_gmt":"2025-02-20T21:45:46","slug":"taylor-gs-mini-koa-guitarra-electroacustica-usado","status":"publish","type":"product","link":"https:\/\/hawaymusic.com\/es\/product\/taylor-gs-mini-koa-guitarra-electroacustica-usado\/","title":{"rendered":"Taylor Gs Mini Koa  Guitarra Electroac\u00fastica Usado"},"content":{"rendered":"<ul class=\"a-unordered-list a-vertical a-spacing-mini\">\n<li class=\"a-spacing-mini\"><span class=\"a-list-item\">Madera trasera\/lateral: Koa en capas \/ Madera superior: Koa hawaiano<\/span><\/li>\n<li class=\"a-spacing-mini\"><span class=\"a-list-item\">Diapas\u00f3n Madera: \u00c9bano<\/span><\/li>\n<li class=\"a-spacing-mini\"><span class=\"a-list-item\">Cuello de madera: Caoba tropical<\/span><\/li>\n<li class=\"a-spacing-mini\"><span class=\"a-list-item\">Top koa s\u00f3lido<\/span><\/li>\n<\/ul>","protected":false},"excerpt":{"rendered":"<ul class=\"a-unordered-list a-vertical a-spacing-mini\">\n<li class=\"a-spacing-mini\"><span class=\"a-list-item\">Madera trasera\/lateral: Koa en capas \/ Madera superior: Koa hawaiano<\/span><\/li>\n<li class=\"a-spacing-mini\"><span class=\"a-list-item\">Diapas\u00f3n Madera: \u00c9bano<\/span><\/li>\n<li class=\"a-spacing-mini\"><span class=\"a-list-item\">Cuello de madera: Caoba tropical<\/span><\/li>\n<li class=\"a-spacing-mini\"><span class=\"a-list-item\">Top koa s\u00f3lido<\/span><\/li>\n<\/ul>","protected":false},"featured_media":696,"comment_status":"open","ping_status":"closed","template":"","meta":[],"pwb-brand":[81],"product_brand":[],"product_cat":[20,31,30],"product_tag":[],"class_list":{"0":"post-695","1":"product","2":"type-product","3":"status-publish","4":"has-post-thumbnail","6":"pwb-brand-taylor","7":"product_cat-guitarra","8":"product_cat-guitarra-acustica","9":"product_cat-guitarra-electroacustica","11":"first","12":"outofstock","13":"sale","14":"taxable","15":"shipping-taxable","16":"purchasable","17":"product-type-simple"},"yoast_head":"<!-- This site is optimized with the Yoast SEO plugin v27.6 - https:\/\/yoast.com\/product\/yoast-seo-wordpress\/ -->\n<title>Taylor Gs Mini Koa Guitarra Electroac\u00fastica Usado - Haway Music<\/title>\n<meta name=\"robots\" content=\"index, follow, max-snippet:-1, max-image-preview:large, max-video-preview:-1\" \/>\n<link rel=\"canonical\" href=\"https:\/\/hawaymusic.com\/es\/product\/taylor-gs-mini-koa-guitarra-electroacustica-usado\/\" \/>\n<meta property=\"og:locale\" content=\"es_ES\" \/>\n<meta property=\"og:type\" content=\"article\" \/>\n<meta property=\"og:title\" content=\"Taylor Gs Mini Koa Guitarra Electroac\u00fastica Usado - Haway Music\" \/>\n<meta property=\"og:description\" content=\"Madera trasera\/lateral: Koa en capas \/ Madera superior: Koa hawaiano  Diapas\u00f3n Madera: \u00c9bano  Cuello de madera: Caoba tropical  Top koa s\u00f3lido\" \/>\n<meta property=\"og:url\" content=\"https:\/\/hawaymusic.com\/es\/product\/taylor-gs-mini-koa-guitarra-electroacustica-usado\/\" \/>\n<meta property=\"og:site_name\" content=\"Haway Music\" \/>\n<meta property=\"article:modified_time\" content=\"2025-02-20T21:45:46+00:00\" \/>\n<meta property=\"og:image\" content=\"https:\/\/hawaymusic.com\/wp-content\/uploads\/2024\/08\/taylor-koa.jpg\" \/>\n\t<meta property=\"og:image:width\" content=\"600\" \/>\n\t<meta property=\"og:image:height\" content=\"600\" \/>\n\t<meta property=\"og:image:type\" content=\"image\/jpeg\" \/>\n<meta name=\"twitter:card\" content=\"summary_large_image\" \/>\n<meta name=\"twitter:label1\" content=\"Tiempo de lectura\" \/>\n\t<meta name=\"twitter:data1\" content=\"1 minuto\" \/>\n<script type=\"application\/ld+json\" class=\"yoast-schema-graph\">{\"@context\":\"https:\\\/\\\/schema.org\",\"@graph\":[{\"@type\":\"WebPage\",\"@id\":\"https:\\\/\\\/hawaymusic.com\\\/product\\\/taylor-gs-mini-koa-guitarra-electroacustica-usado\\\/\",\"url\":\"https:\\\/\\\/hawaymusic.com\\\/product\\\/taylor-gs-mini-koa-guitarra-electroacustica-usado\\\/\",\"name\":\"Taylor Gs Mini Koa Guitarra Electroac\u00fastica Usado - Haway Music\",\"isPartOf\":{\"@id\":\"https:\\\/\\\/hawaymusic.com\\\/#website\"},\"primaryImageOfPage\":{\"@id\":\"https:\\\/\\\/hawaymusic.com\\\/product\\\/taylor-gs-mini-koa-guitarra-electroacustica-usado\\\/#primaryimage\"},\"image\":{\"@id\":\"https:\\\/\\\/hawaymusic.com\\\/product\\\/taylor-gs-mini-koa-guitarra-electroacustica-usado\\\/#primaryimage\"},\"thumbnailUrl\":\"https:\\\/\\\/i0.wp.com\\\/hawaymusic.com\\\/wp-content\\\/uploads\\\/2024\\\/08\\\/taylor-koa.jpg?fit=600%2C600&ssl=1\",\"datePublished\":\"2024-08-22T13:36:56+00:00\",\"dateModified\":\"2025-02-20T21:45:46+00:00\",\"breadcrumb\":{\"@id\":\"https:\\\/\\\/hawaymusic.com\\\/product\\\/taylor-gs-mini-koa-guitarra-electroacustica-usado\\\/#breadcrumb\"},\"inLanguage\":\"es-CO\",\"potentialAction\":[{\"@type\":\"ReadAction\",\"target\":[\"https:\\\/\\\/hawaymusic.com\\\/product\\\/taylor-gs-mini-koa-guitarra-electroacustica-usado\\\/\"]}]},{\"@type\":\"ImageObject\",\"inLanguage\":\"es-CO\",\"@id\":\"https:\\\/\\\/hawaymusic.com\\\/product\\\/taylor-gs-mini-koa-guitarra-electroacustica-usado\\\/#primaryimage\",\"url\":\"https:\\\/\\\/i0.wp.com\\\/hawaymusic.com\\\/wp-content\\\/uploads\\\/2024\\\/08\\\/taylor-koa.jpg?fit=600%2C600&ssl=1\",\"contentUrl\":\"https:\\\/\\\/i0.wp.com\\\/hawaymusic.com\\\/wp-content\\\/uploads\\\/2024\\\/08\\\/taylor-koa.jpg?fit=600%2C600&ssl=1\",\"width\":600,\"height\":600},{\"@type\":\"BreadcrumbList\",\"@id\":\"https:\\\/\\\/hawaymusic.com\\\/product\\\/taylor-gs-mini-koa-guitarra-electroacustica-usado\\\/#breadcrumb\",\"itemListElement\":[{\"@type\":\"ListItem\",\"position\":1,\"name\":\"Inicio\",\"item\":\"https:\\\/\\\/hawaymusic.com\\\/\"},{\"@type\":\"ListItem\",\"position\":2,\"name\":\"Shop\",\"item\":\"https:\\\/\\\/hawaymusic.com\\\/shop\\\/\"},{\"@type\":\"ListItem\",\"position\":3,\"name\":\"Taylor Gs Mini Koa Guitarra Electroac\u00fastica Usado\"}]},{\"@type\":\"WebSite\",\"@id\":\"https:\\\/\\\/hawaymusic.com\\\/#website\",\"url\":\"https:\\\/\\\/hawaymusic.com\\\/\",\"name\":\"Haway Music\",\"description\":\"La mejor tienda de instrumentos musicales en Ecuador\",\"potentialAction\":[{\"@type\":\"SearchAction\",\"target\":{\"@type\":\"EntryPoint\",\"urlTemplate\":\"https:\\\/\\\/hawaymusic.com\\\/?s={search_term_string}\"},\"query-input\":{\"@type\":\"PropertyValueSpecification\",\"valueRequired\":true,\"valueName\":\"search_term_string\"}}],\"inLanguage\":\"es-CO\"}]}<\/script>\n<!-- \/ Yoast SEO plugin. -->","yoast_head_json":{"title":"Taylor Gs Mini Koa Guitarra Electroac\u00fastica Usado - Haway Music","robots":{"index":"index","follow":"follow","max-snippet":"max-snippet:-1","max-image-preview":"max-image-preview:large","max-video-preview":"max-video-preview:-1"},"canonical":"https:\/\/hawaymusic.com\/es\/product\/taylor-gs-mini-koa-guitarra-electroacustica-usado\/","og_locale":"es_ES","og_type":"article","og_title":"Taylor Gs Mini Koa Guitarra Electroac\u00fastica Usado - Haway Music","og_description":"Madera trasera\/lateral: Koa en capas \/ Madera superior: Koa hawaiano  Diapas\u00f3n Madera: \u00c9bano  Cuello de madera: Caoba tropical  Top koa s\u00f3lido","og_url":"https:\/\/hawaymusic.com\/es\/product\/taylor-gs-mini-koa-guitarra-electroacustica-usado\/","og_site_name":"Haway Music","article_modified_time":"2025-02-20T21:45:46+00:00","og_image":[{"width":600,"height":600,"url":"https:\/\/hawaymusic.com\/wp-content\/uploads\/2024\/08\/taylor-koa.jpg","type":"image\/jpeg"}],"twitter_card":"summary_large_image","twitter_misc":{"Tiempo de lectura":"1 minuto"},"schema":{"@context":"https:\/\/schema.org","@graph":[{"@type":"WebPage","@id":"https:\/\/hawaymusic.com\/product\/taylor-gs-mini-koa-guitarra-electroacustica-usado\/","url":"https:\/\/hawaymusic.com\/product\/taylor-gs-mini-koa-guitarra-electroacustica-usado\/","name":"Taylor Gs Mini Koa Guitarra Electroac\u00fastica Usado - Haway Music","isPartOf":{"@id":"https:\/\/hawaymusic.com\/#website"},"primaryImageOfPage":{"@id":"https:\/\/hawaymusic.com\/product\/taylor-gs-mini-koa-guitarra-electroacustica-usado\/#primaryimage"},"image":{"@id":"https:\/\/hawaymusic.com\/product\/taylor-gs-mini-koa-guitarra-electroacustica-usado\/#primaryimage"},"thumbnailUrl":"https:\/\/i0.wp.com\/hawaymusic.com\/wp-content\/uploads\/2024\/08\/taylor-koa.jpg?fit=600%2C600&ssl=1","datePublished":"2024-08-22T13:36:56+00:00","dateModified":"2025-02-20T21:45:46+00:00","breadcrumb":{"@id":"https:\/\/hawaymusic.com\/product\/taylor-gs-mini-koa-guitarra-electroacustica-usado\/#breadcrumb"},"inLanguage":"es-CO","potentialAction":[{"@type":"ReadAction","target":["https:\/\/hawaymusic.com\/product\/taylor-gs-mini-koa-guitarra-electroacustica-usado\/"]}]},{"@type":"ImageObject","inLanguage":"es-CO","@id":"https:\/\/hawaymusic.com\/product\/taylor-gs-mini-koa-guitarra-electroacustica-usado\/#primaryimage","url":"https:\/\/i0.wp.com\/hawaymusic.com\/wp-content\/uploads\/2024\/08\/taylor-koa.jpg?fit=600%2C600&ssl=1","contentUrl":"https:\/\/i0.wp.com\/hawaymusic.com\/wp-content\/uploads\/2024\/08\/taylor-koa.jpg?fit=600%2C600&ssl=1","width":600,"height":600},{"@type":"BreadcrumbList","@id":"https:\/\/hawaymusic.com\/product\/taylor-gs-mini-koa-guitarra-electroacustica-usado\/#breadcrumb","itemListElement":[{"@type":"ListItem","position":1,"name":"Inicio","item":"https:\/\/hawaymusic.com\/"},{"@type":"ListItem","position":2,"name":"Shop","item":"https:\/\/hawaymusic.com\/shop\/"},{"@type":"ListItem","position":3,"name":"Taylor Gs Mini Koa Guitarra Electroac\u00fastica Usado"}]},{"@type":"WebSite","@id":"https:\/\/hawaymusic.com\/#website","url":"https:\/\/hawaymusic.com\/","name":"Haway Music","description":"La mejor tienda de instrumentos musicales en Ecuador","potentialAction":[{"@type":"SearchAction","target":{"@type":"EntryPoint","urlTemplate":"https:\/\/hawaymusic.com\/?s={search_term_string}"},"query-input":{"@type":"PropertyValueSpecification","valueRequired":true,"valueName":"search_term_string"}}],"inLanguage":"es-CO"}]}},"jetpack_sharing_enabled":true,"brands":[{"id":81,"name":"Taylor","slug":"taylor"}],"_links":{"self":[{"href":"https:\/\/hawaymusic.com\/es\/wp-json\/wp\/v2\/product\/695","targetHints":{"allow":["GET"]}}],"collection":[{"href":"https:\/\/hawaymusic.com\/es\/wp-json\/wp\/v2\/product"}],"about":[{"href":"https:\/\/hawaymusic.com\/es\/wp-json\/wp\/v2\/types\/product"}],"replies":[{"embeddable":true,"href":"https:\/\/hawaymusic.com\/es\/wp-json\/wp\/v2\/comments?post=695"}],"wp:featuredmedia":[{"embeddable":true,"href":"https:\/\/hawaymusic.com\/es\/wp-json\/wp\/v2\/media\/696"}],"wp:attachment":[{"href":"https:\/\/hawaymusic.com\/es\/wp-json\/wp\/v2\/media?parent=695"}],"wp:term":[{"taxonomy":"pwb-brand","embeddable":true,"href":"https:\/\/hawaymusic.com\/es\/wp-json\/wp\/v2\/pwb-brand?post=695"},{"taxonomy":"product_brand","embeddable":true,"href":"https:\/\/hawaymusic.com\/es\/wp-json\/wp\/v2\/product_brand?post=695"},{"taxonomy":"product_cat","embeddable":true,"href":"https:\/\/hawaymusic.com\/es\/wp-json\/wp\/v2\/product_cat?post=695"},{"taxonomy":"product_tag","embeddable":true,"href":"https:\/\/hawaymusic.com\/es\/wp-json\/wp\/v2\/product_tag?post=695"}],"curies":[{"name":"wp","href":"https:\/\/api.w.org\/{rel}","templated":true}]}}