{"id":690,"date":"2024-08-22T13:30:10","date_gmt":"2024-08-22T13:30:10","guid":{"rendered":"https:\/\/hawaymusic.com\/?post_type=product&#038;p=690"},"modified":"2024-08-22T13:30:37","modified_gmt":"2024-08-22T13:30:37","slug":"headrush-frfr112-mkii-amplificador-electrico-y-bajo-de-2500-w-altavoz-bluetooth-de-respuesta-plana-de-rango-completo-de-12-pulgadas-para-procesadores-de-modelado-multi-fx-y-amplificador","status":"publish","type":"product","link":"https:\/\/hawaymusic.com\/es\/product\/headrush-frfr112-mkii-amplificador-electrico-y-bajo-de-2500-w-altavoz-bluetooth-de-respuesta-plana-de-rango-completo-de-12-pulgadas-para-procesadores-de-modelado-multi-fx-y-amplificador\/","title":{"rendered":"HeadRush FRFR112 MKII &#8211; Amplificador el\u00e9ctrico y bajo de 2500 W, altavoz Bluetooth de respuesta plana de rango completo de 12 pulgadas para procesadores de modelado multi-FX y amplificador"},"content":{"rendered":"<ul class=\"a-unordered-list a-vertical a-spacing-mini\">\n<li class=\"a-spacing-mini\"><span class=\"a-list-item\">Sonido profesional superior: amplificador alimentado de 2500 W para guitarristas y bajistas con respuesta plana, ideal para ensayos y actuaciones en vivo, pedales de modelado de amplificador, pedales o procesadores<\/span><\/li>\n<li class=\"a-spacing-mini\"><span class=\"a-list-item\">Dise\u00f1o el\u00e9ctrico avanzado: gabinete de respuesta plana de gama completa con woofer de 12 pulgadas con voz especial y controlador de compresi\u00f3n HF de 1 pulgada para una claridad y precisi\u00f3n excelentes con emulaciones de amplificador y cabina<\/span><\/li>\n<li class=\"a-spacing-mini\"><span class=\"a-list-item\">Listo para cualquier lugar: el interruptor HPF EQ te ayuda a cortar a trav\u00e9s de mezclas de escenario que suenan fangoso; el interruptor Ground-Lift elimina los problemas de ruido causados por bucles de tierra<\/span><\/li>\n<li class=\"a-spacing-mini\"><span class=\"a-list-item\">Ligero, flexible y resistente: con un peso de solo 34.7 libras, FRFR-112 MKII es resistente pero f\u00e1cil de transportar y se puede utilizar en una posici\u00f3n de cu\u00f1a, vertical o montada en poste<\/span><\/li>\n<li class=\"a-spacing-mini\"><span class=\"a-list-item\">M\u00e1s que un amplificador de guitarra: conecta de forma inal\u00e1mbrica un dispositivo m\u00f3vil al FRFR-112 MKII a trav\u00e9s de Bluetooth, para que puedas transmitir m\u00fasica r\u00e1pida y f\u00e1cilmente en el ensayo o durante los descansos del set<\/span><\/li>\n<li class=\"a-spacing-mini\"><span class=\"a-list-item\">Conectividad sin esfuerzo: (2) entradas combinadas XLR\/TRS de 1\/4 pulgadas con controles de volumen independientes y una salida directa XLR que permite encadenar altavoces o enviar a una mezcla frontal de la casa<\/span><\/li>\n<\/ul>","protected":false},"excerpt":{"rendered":"<ul class=\"a-unordered-list a-vertical a-spacing-mini\">\n<li class=\"a-spacing-mini\"><span class=\"a-list-item\">Sonido profesional superior: amplificador alimentado de 2500 W para guitarristas y bajistas con respuesta plana, ideal para ensayos y actuaciones en vivo, pedales de modelado de amplificador, pedales o procesadores<\/span><\/li>\n<li class=\"a-spacing-mini\"><span class=\"a-list-item\">Dise\u00f1o el\u00e9ctrico avanzado: gabinete de respuesta plana de gama completa con woofer de 12 pulgadas con voz especial y controlador de compresi\u00f3n HF de 1 pulgada para una claridad y precisi\u00f3n excelentes con emulaciones de amplificador y cabina<\/span><\/li>\n<li class=\"a-spacing-mini\"><span class=\"a-list-item\">Listo para cualquier lugar: el interruptor HPF EQ te ayuda a cortar a trav\u00e9s de mezclas de escenario que suenan fangoso; el interruptor Ground-Lift elimina los problemas de ruido causados por bucles de tierra<\/span><\/li>\n<li class=\"a-spacing-mini\"><span class=\"a-list-item\">Ligero, flexible y resistente: con un peso de solo 34.7 libras, FRFR-112 MKII es resistente pero f\u00e1cil de transportar y se puede utilizar en una posici\u00f3n de cu\u00f1a, vertical o montada en poste<\/span><\/li>\n<li class=\"a-spacing-mini\"><span class=\"a-list-item\">M\u00e1s que un amplificador de guitarra: conecta de forma inal\u00e1mbrica un dispositivo m\u00f3vil al FRFR-112 MKII a trav\u00e9s de Bluetooth, para que puedas transmitir m\u00fasica r\u00e1pida y f\u00e1cilmente en el ensayo o durante los descansos del set<\/span><\/li>\n<li class=\"a-spacing-mini\"><span class=\"a-list-item\">Conectividad sin esfuerzo: (2) entradas combinadas XLR\/TRS de 1\/4 pulgadas con controles de volumen independientes y una salida directa XLR que permite encadenar altavoces o enviar a una mezcla frontal de la casa<\/span><\/li>\n<\/ul>","protected":false},"featured_media":691,"comment_status":"open","ping_status":"closed","template":"","meta":[],"pwb-brand":[80],"product_brand":[],"product_cat":[25],"product_tag":[],"class_list":{"0":"post-690","1":"product","2":"type-product","3":"status-publish","4":"has-post-thumbnail","6":"pwb-brand-headrush","7":"product_cat-accesorios","9":"first","10":"onbackorder","11":"taxable","12":"shipping-taxable","13":"purchasable","14":"product-type-simple"},"yoast_head":"<!-- This site is optimized with the Yoast SEO plugin v27.5 - https:\/\/yoast.com\/product\/yoast-seo-wordpress\/ -->\n<title>HeadRush FRFR112 MKII - Amplificador el\u00e9ctrico y bajo de 2500 W, altavoz Bluetooth de respuesta plana de rango completo de 12 pulgadas para procesadores de modelado multi-FX y amplificador - Haway Music<\/title>\n<meta name=\"robots\" content=\"index, follow, max-snippet:-1, max-image-preview:large, max-video-preview:-1\" \/>\n<link rel=\"canonical\" href=\"https:\/\/hawaymusic.com\/es\/producto\/headrush-frfr112-mkii-amplificador-electrico-y-bajo-de-2500-w-altavoz-bluetooth-de-respuesta-plana-de-rango-completo-de-12-pulgadas-para-procesadores-de-modelado-multi-fx-y-amplificador\/\" \/>\n<meta property=\"og:locale\" content=\"es_ES\" \/>\n<meta property=\"og:type\" content=\"article\" \/>\n<meta property=\"og:title\" content=\"HeadRush FRFR112 MKII - Amplificador el\u00e9ctrico y bajo de 2500 W, altavoz Bluetooth de respuesta plana de rango completo de 12 pulgadas para procesadores de modelado multi-FX y amplificador - Haway Music\" \/>\n<meta property=\"og:description\" content=\"Sonido profesional superior: amplificador alimentado de 2500 W para guitarristas y bajistas con respuesta plana, ideal para ensayos y actuaciones en vivo, pedales de modelado de amplificador, pedales o procesadores  Dise\u00f1o el\u00e9ctrico avanzado: gabinete de respuesta plana de gama completa con woofer de 12 pulgadas con voz especial y controlador de compresi\u00f3n HF de 1 pulgada para una claridad y precisi\u00f3n excelentes con emulaciones de amplificador y cabina  Listo para cualquier lugar: el interruptor HPF EQ te ayuda a cortar a trav\u00e9s de mezclas de escenario que suenan fangoso; el interruptor Ground-Lift elimina los problemas de ruido causados por bucles de tierra  Ligero, flexible y resistente: con un peso de solo 34.7 libras, FRFR-112 MKII es resistente pero f\u00e1cil de transportar y se puede utilizar en una posici\u00f3n de cu\u00f1a, vertical o montada en poste  M\u00e1s que un amplificador de guitarra: conecta de forma inal\u00e1mbrica un dispositivo m\u00f3vil al FRFR-112 MKII a trav\u00e9s de Bluetooth, para que puedas transmitir m\u00fasica r\u00e1pida y f\u00e1cilmente en el ensayo o durante los descansos del set  Conectividad sin esfuerzo: (2) entradas combinadas XLR\/TRS de 1\/4 pulgadas con controles de volumen independientes y una salida directa XLR que permite encadenar altavoces o enviar a una mezcla frontal de la casa\" \/>\n<meta property=\"og:url\" content=\"https:\/\/hawaymusic.com\/es\/producto\/headrush-frfr112-mkii-amplificador-electrico-y-bajo-de-2500-w-altavoz-bluetooth-de-respuesta-plana-de-rango-completo-de-12-pulgadas-para-procesadores-de-modelado-multi-fx-y-amplificador\/\" \/>\n<meta property=\"og:site_name\" content=\"Haway Music\" \/>\n<meta property=\"article:modified_time\" content=\"2024-08-22T13:30:37+00:00\" \/>\n<meta property=\"og:image\" content=\"https:\/\/hawaymusic.com\/wp-content\/uploads\/2024\/08\/Headrush-img-FRFR112HeadrUnit.png\" \/>\n\t<meta property=\"og:image:width\" content=\"1920\" \/>\n\t<meta property=\"og:image:height\" content=\"900\" \/>\n\t<meta property=\"og:image:type\" content=\"image\/png\" \/>\n<meta name=\"twitter:card\" content=\"summary_large_image\" \/>\n<meta name=\"twitter:label1\" content=\"Tiempo de lectura\" \/>\n\t<meta name=\"twitter:data1\" content=\"2 minutos\" \/>\n<script type=\"application\/ld+json\" class=\"yoast-schema-graph\">{\"@context\":\"https:\\\/\\\/schema.org\",\"@graph\":[{\"@type\":\"WebPage\",\"@id\":\"https:\\\/\\\/hawaymusic.com\\\/producto\\\/headrush-frfr112-mkii-amplificador-electrico-y-bajo-de-2500-w-altavoz-bluetooth-de-respuesta-plana-de-rango-completo-de-12-pulgadas-para-procesadores-de-modelado-multi-fx-y-amplificador\\\/\",\"url\":\"https:\\\/\\\/hawaymusic.com\\\/producto\\\/headrush-frfr112-mkii-amplificador-electrico-y-bajo-de-2500-w-altavoz-bluetooth-de-respuesta-plana-de-rango-completo-de-12-pulgadas-para-procesadores-de-modelado-multi-fx-y-amplificador\\\/\",\"name\":\"HeadRush FRFR112 MKII - Amplificador el\u00e9ctrico y bajo de 2500 W, altavoz Bluetooth de respuesta plana de rango completo de 12 pulgadas para procesadores de modelado multi-FX y amplificador - Haway Music\",\"isPartOf\":{\"@id\":\"https:\\\/\\\/hawaymusic.com\\\/#website\"},\"primaryImageOfPage\":{\"@id\":\"https:\\\/\\\/hawaymusic.com\\\/producto\\\/headrush-frfr112-mkii-amplificador-electrico-y-bajo-de-2500-w-altavoz-bluetooth-de-respuesta-plana-de-rango-completo-de-12-pulgadas-para-procesadores-de-modelado-multi-fx-y-amplificador\\\/#primaryimage\"},\"image\":{\"@id\":\"https:\\\/\\\/hawaymusic.com\\\/producto\\\/headrush-frfr112-mkii-amplificador-electrico-y-bajo-de-2500-w-altavoz-bluetooth-de-respuesta-plana-de-rango-completo-de-12-pulgadas-para-procesadores-de-modelado-multi-fx-y-amplificador\\\/#primaryimage\"},\"thumbnailUrl\":\"https:\\\/\\\/i0.wp.com\\\/hawaymusic.com\\\/wp-content\\\/uploads\\\/2024\\\/08\\\/Headrush-img-FRFR112HeadrUnit.png?fit=1920%2C900&ssl=1\",\"datePublished\":\"2024-08-22T13:30:10+00:00\",\"dateModified\":\"2024-08-22T13:30:37+00:00\",\"breadcrumb\":{\"@id\":\"https:\\\/\\\/hawaymusic.com\\\/producto\\\/headrush-frfr112-mkii-amplificador-electrico-y-bajo-de-2500-w-altavoz-bluetooth-de-respuesta-plana-de-rango-completo-de-12-pulgadas-para-procesadores-de-modelado-multi-fx-y-amplificador\\\/#breadcrumb\"},\"inLanguage\":\"es-CO\",\"potentialAction\":[{\"@type\":\"ReadAction\",\"target\":[\"https:\\\/\\\/hawaymusic.com\\\/producto\\\/headrush-frfr112-mkii-amplificador-electrico-y-bajo-de-2500-w-altavoz-bluetooth-de-respuesta-plana-de-rango-completo-de-12-pulgadas-para-procesadores-de-modelado-multi-fx-y-amplificador\\\/\"]}]},{\"@type\":\"ImageObject\",\"inLanguage\":\"es-CO\",\"@id\":\"https:\\\/\\\/hawaymusic.com\\\/producto\\\/headrush-frfr112-mkii-amplificador-electrico-y-bajo-de-2500-w-altavoz-bluetooth-de-respuesta-plana-de-rango-completo-de-12-pulgadas-para-procesadores-de-modelado-multi-fx-y-amplificador\\\/#primaryimage\",\"url\":\"https:\\\/\\\/i0.wp.com\\\/hawaymusic.com\\\/wp-content\\\/uploads\\\/2024\\\/08\\\/Headrush-img-FRFR112HeadrUnit.png?fit=1920%2C900&ssl=1\",\"contentUrl\":\"https:\\\/\\\/i0.wp.com\\\/hawaymusic.com\\\/wp-content\\\/uploads\\\/2024\\\/08\\\/Headrush-img-FRFR112HeadrUnit.png?fit=1920%2C900&ssl=1\",\"width\":1920,\"height\":900},{\"@type\":\"BreadcrumbList\",\"@id\":\"https:\\\/\\\/hawaymusic.com\\\/producto\\\/headrush-frfr112-mkii-amplificador-electrico-y-bajo-de-2500-w-altavoz-bluetooth-de-respuesta-plana-de-rango-completo-de-12-pulgadas-para-procesadores-de-modelado-multi-fx-y-amplificador\\\/#breadcrumb\",\"itemListElement\":[{\"@type\":\"ListItem\",\"position\":1,\"name\":\"Inicio\",\"item\":\"https:\\\/\\\/hawaymusic.com\\\/\"},{\"@type\":\"ListItem\",\"position\":2,\"name\":\"Shop\",\"item\":\"https:\\\/\\\/hawaymusic.com\\\/shop\\\/\"},{\"@type\":\"ListItem\",\"position\":3,\"name\":\"HeadRush FRFR112 MKII &#8211; Amplificador el\u00e9ctrico y bajo de 2500 W, altavoz Bluetooth de respuesta plana de rango completo de 12 pulgadas para procesadores de modelado multi-FX y amplificador\"}]},{\"@type\":\"WebSite\",\"@id\":\"https:\\\/\\\/hawaymusic.com\\\/#website\",\"url\":\"https:\\\/\\\/hawaymusic.com\\\/\",\"name\":\"Haway Music\",\"description\":\"La mejor tienda de instrumentos musicales en Ecuador\",\"potentialAction\":[{\"@type\":\"SearchAction\",\"target\":{\"@type\":\"EntryPoint\",\"urlTemplate\":\"https:\\\/\\\/hawaymusic.com\\\/?s={search_term_string}\"},\"query-input\":{\"@type\":\"PropertyValueSpecification\",\"valueRequired\":true,\"valueName\":\"search_term_string\"}}],\"inLanguage\":\"es-CO\"}]}<\/script>\n<!-- \/ Yoast SEO plugin. -->","yoast_head_json":{"title":"HeadRush FRFR112 MKII - Amplificador el\u00e9ctrico y bajo de 2500 W, altavoz Bluetooth de respuesta plana de rango completo de 12 pulgadas para procesadores de modelado multi-FX y amplificador - Haway Music","robots":{"index":"index","follow":"follow","max-snippet":"max-snippet:-1","max-image-preview":"max-image-preview:large","max-video-preview":"max-video-preview:-1"},"canonical":"https:\/\/hawaymusic.com\/es\/producto\/headrush-frfr112-mkii-amplificador-electrico-y-bajo-de-2500-w-altavoz-bluetooth-de-respuesta-plana-de-rango-completo-de-12-pulgadas-para-procesadores-de-modelado-multi-fx-y-amplificador\/","og_locale":"es_ES","og_type":"article","og_title":"HeadRush FRFR112 MKII - Amplificador el\u00e9ctrico y bajo de 2500 W, altavoz Bluetooth de respuesta plana de rango completo de 12 pulgadas para procesadores de modelado multi-FX y amplificador - Haway Music","og_description":"Sonido profesional superior: amplificador alimentado de 2500 W para guitarristas y bajistas con respuesta plana, ideal para ensayos y actuaciones en vivo, pedales de modelado de amplificador, pedales o procesadores  Dise\u00f1o el\u00e9ctrico avanzado: gabinete de respuesta plana de gama completa con woofer de 12 pulgadas con voz especial y controlador de compresi\u00f3n HF de 1 pulgada para una claridad y precisi\u00f3n excelentes con emulaciones de amplificador y cabina  Listo para cualquier lugar: el interruptor HPF EQ te ayuda a cortar a trav\u00e9s de mezclas de escenario que suenan fangoso; el interruptor Ground-Lift elimina los problemas de ruido causados por bucles de tierra  Ligero, flexible y resistente: con un peso de solo 34.7 libras, FRFR-112 MKII es resistente pero f\u00e1cil de transportar y se puede utilizar en una posici\u00f3n de cu\u00f1a, vertical o montada en poste  M\u00e1s que un amplificador de guitarra: conecta de forma inal\u00e1mbrica un dispositivo m\u00f3vil al FRFR-112 MKII a trav\u00e9s de Bluetooth, para que puedas transmitir m\u00fasica r\u00e1pida y f\u00e1cilmente en el ensayo o durante los descansos del set  Conectividad sin esfuerzo: (2) entradas combinadas XLR\/TRS de 1\/4 pulgadas con controles de volumen independientes y una salida directa XLR que permite encadenar altavoces o enviar a una mezcla frontal de la casa","og_url":"https:\/\/hawaymusic.com\/es\/producto\/headrush-frfr112-mkii-amplificador-electrico-y-bajo-de-2500-w-altavoz-bluetooth-de-respuesta-plana-de-rango-completo-de-12-pulgadas-para-procesadores-de-modelado-multi-fx-y-amplificador\/","og_site_name":"Haway Music","article_modified_time":"2024-08-22T13:30:37+00:00","og_image":[{"width":1920,"height":900,"url":"https:\/\/hawaymusic.com\/wp-content\/uploads\/2024\/08\/Headrush-img-FRFR112HeadrUnit.png","type":"image\/png"}],"twitter_card":"summary_large_image","twitter_misc":{"Tiempo de lectura":"2 minutos"},"schema":{"@context":"https:\/\/schema.org","@graph":[{"@type":"WebPage","@id":"https:\/\/hawaymusic.com\/producto\/headrush-frfr112-mkii-amplificador-electrico-y-bajo-de-2500-w-altavoz-bluetooth-de-respuesta-plana-de-rango-completo-de-12-pulgadas-para-procesadores-de-modelado-multi-fx-y-amplificador\/","url":"https:\/\/hawaymusic.com\/producto\/headrush-frfr112-mkii-amplificador-electrico-y-bajo-de-2500-w-altavoz-bluetooth-de-respuesta-plana-de-rango-completo-de-12-pulgadas-para-procesadores-de-modelado-multi-fx-y-amplificador\/","name":"HeadRush FRFR112 MKII - Amplificador el\u00e9ctrico y bajo de 2500 W, altavoz Bluetooth de respuesta plana de rango completo de 12 pulgadas para procesadores de modelado multi-FX y amplificador - Haway Music","isPartOf":{"@id":"https:\/\/hawaymusic.com\/#website"},"primaryImageOfPage":{"@id":"https:\/\/hawaymusic.com\/producto\/headrush-frfr112-mkii-amplificador-electrico-y-bajo-de-2500-w-altavoz-bluetooth-de-respuesta-plana-de-rango-completo-de-12-pulgadas-para-procesadores-de-modelado-multi-fx-y-amplificador\/#primaryimage"},"image":{"@id":"https:\/\/hawaymusic.com\/producto\/headrush-frfr112-mkii-amplificador-electrico-y-bajo-de-2500-w-altavoz-bluetooth-de-respuesta-plana-de-rango-completo-de-12-pulgadas-para-procesadores-de-modelado-multi-fx-y-amplificador\/#primaryimage"},"thumbnailUrl":"https:\/\/i0.wp.com\/hawaymusic.com\/wp-content\/uploads\/2024\/08\/Headrush-img-FRFR112HeadrUnit.png?fit=1920%2C900&ssl=1","datePublished":"2024-08-22T13:30:10+00:00","dateModified":"2024-08-22T13:30:37+00:00","breadcrumb":{"@id":"https:\/\/hawaymusic.com\/producto\/headrush-frfr112-mkii-amplificador-electrico-y-bajo-de-2500-w-altavoz-bluetooth-de-respuesta-plana-de-rango-completo-de-12-pulgadas-para-procesadores-de-modelado-multi-fx-y-amplificador\/#breadcrumb"},"inLanguage":"es-CO","potentialAction":[{"@type":"ReadAction","target":["https:\/\/hawaymusic.com\/producto\/headrush-frfr112-mkii-amplificador-electrico-y-bajo-de-2500-w-altavoz-bluetooth-de-respuesta-plana-de-rango-completo-de-12-pulgadas-para-procesadores-de-modelado-multi-fx-y-amplificador\/"]}]},{"@type":"ImageObject","inLanguage":"es-CO","@id":"https:\/\/hawaymusic.com\/producto\/headrush-frfr112-mkii-amplificador-electrico-y-bajo-de-2500-w-altavoz-bluetooth-de-respuesta-plana-de-rango-completo-de-12-pulgadas-para-procesadores-de-modelado-multi-fx-y-amplificador\/#primaryimage","url":"https:\/\/i0.wp.com\/hawaymusic.com\/wp-content\/uploads\/2024\/08\/Headrush-img-FRFR112HeadrUnit.png?fit=1920%2C900&ssl=1","contentUrl":"https:\/\/i0.wp.com\/hawaymusic.com\/wp-content\/uploads\/2024\/08\/Headrush-img-FRFR112HeadrUnit.png?fit=1920%2C900&ssl=1","width":1920,"height":900},{"@type":"BreadcrumbList","@id":"https:\/\/hawaymusic.com\/producto\/headrush-frfr112-mkii-amplificador-electrico-y-bajo-de-2500-w-altavoz-bluetooth-de-respuesta-plana-de-rango-completo-de-12-pulgadas-para-procesadores-de-modelado-multi-fx-y-amplificador\/#breadcrumb","itemListElement":[{"@type":"ListItem","position":1,"name":"Inicio","item":"https:\/\/hawaymusic.com\/"},{"@type":"ListItem","position":2,"name":"Shop","item":"https:\/\/hawaymusic.com\/shop\/"},{"@type":"ListItem","position":3,"name":"HeadRush FRFR112 MKII &#8211; Amplificador el\u00e9ctrico y bajo de 2500 W, altavoz Bluetooth de respuesta plana de rango completo de 12 pulgadas para procesadores de modelado multi-FX y amplificador"}]},{"@type":"WebSite","@id":"https:\/\/hawaymusic.com\/#website","url":"https:\/\/hawaymusic.com\/","name":"Haway Music","description":"La mejor tienda de instrumentos musicales en Ecuador","potentialAction":[{"@type":"SearchAction","target":{"@type":"EntryPoint","urlTemplate":"https:\/\/hawaymusic.com\/?s={search_term_string}"},"query-input":{"@type":"PropertyValueSpecification","valueRequired":true,"valueName":"search_term_string"}}],"inLanguage":"es-CO"}]}},"jetpack_sharing_enabled":true,"brands":[{"id":80,"name":"Headrush","slug":"headrush"}],"_links":{"self":[{"href":"https:\/\/hawaymusic.com\/es\/wp-json\/wp\/v2\/product\/690","targetHints":{"allow":["GET"]}}],"collection":[{"href":"https:\/\/hawaymusic.com\/es\/wp-json\/wp\/v2\/product"}],"about":[{"href":"https:\/\/hawaymusic.com\/es\/wp-json\/wp\/v2\/types\/product"}],"replies":[{"embeddable":true,"href":"https:\/\/hawaymusic.com\/es\/wp-json\/wp\/v2\/comments?post=690"}],"wp:featuredmedia":[{"embeddable":true,"href":"https:\/\/hawaymusic.com\/es\/wp-json\/wp\/v2\/media\/691"}],"wp:attachment":[{"href":"https:\/\/hawaymusic.com\/es\/wp-json\/wp\/v2\/media?parent=690"}],"wp:term":[{"taxonomy":"pwb-brand","embeddable":true,"href":"https:\/\/hawaymusic.com\/es\/wp-json\/wp\/v2\/pwb-brand?post=690"},{"taxonomy":"product_brand","embeddable":true,"href":"https:\/\/hawaymusic.com\/es\/wp-json\/wp\/v2\/product_brand?post=690"},{"taxonomy":"product_cat","embeddable":true,"href":"https:\/\/hawaymusic.com\/es\/wp-json\/wp\/v2\/product_cat?post=690"},{"taxonomy":"product_tag","embeddable":true,"href":"https:\/\/hawaymusic.com\/es\/wp-json\/wp\/v2\/product_tag?post=690"}],"curies":[{"name":"wp","href":"https:\/\/api.w.org\/{rel}","templated":true}]}}