{"id":67,"date":"2022-08-11T21:37:23","date_gmt":"2022-08-11T21:37:23","guid":{"rendered":"https:\/\/hawaymusic.com\/?post_type=product&#038;p=67"},"modified":"2022-11-21T13:37:41","modified_gmt":"2022-11-21T13:37:41","slug":"strymon-zuma-fuente-de-alimentacion-de-pedal-de-9-salidas","status":"publish","type":"product","link":"https:\/\/hawaymusic.com\/es\/product\/strymon-zuma-fuente-de-alimentacion-de-pedal-de-9-salidas\/","title":{"rendered":"Strymon Zuma Fuente Poder 9 salidas"},"content":{"rendered":"<p align=\"justify\">Zuma es la fuente de alimentaci\u00f3n de pedal de efectos m\u00e1s avanzada tecnol\u00f3gicamente de su tipo. Zuma ofrece nueve salidas de alta corriente, aisladas individualmente y de ruido ultra bajo, cada una con su propio regulador dedicado y transformador personalizado. Dise\u00f1ado para satisfacer las necesidades de los jugadores actuales, cada salida proporciona un asombroso de 500 mA de corriente. La topolog\u00eda de doble etapa de Zuma, salidas prereguladas, retroalimentaci\u00f3n \u00f3pticamente aislada y filtrado avanzado multietapa dan como resultado una fuente de alimentaci\u00f3n que permite que tus pedales logren su mayor rango din\u00e1mico posible. Aislamiento dual Los circuitos anal\u00f3gicos de Zuma ofrecen dos etapas de aislamiento, eliminando completamente bucle de tierra y l\u00ednea de CA de Problemas de ruido, lo que permite que tus pedales suenen como si estuvieran dise\u00f1ados para sonar. Lista para el World Tour. Con compatibilidad autom\u00e1tica de energ\u00eda internacional integrada, Zuma ofrece una gran cantidad de potencia limpia y estable a todos tus pedales, en cualquier escenario en cualquier lugar en el mundo. Nunca te quedas sin salidas. \u00bfTienes una plataforma en crecimiento? Zumaes parte de un sistema ampliable. A\u00f1ade m\u00e1s salidas conectando un Strymon Ojai (se vende por separado) con el conector de salida de 24 V. Caracter\u00edsticas: Sistema Expendable Ultra Low NoiseWorld Tour Ready12V y 18V Opciones de aislamiento dual. Energy EfficientSpecsIns Outs9 salidas de alta corriente y totalmente aisladas, 9 salidas ofrecen opci\u00f3n de 9 V CC, 500 mA por 9 V CC potencias de salida casi cualquier pedal2 seleccione seleccione Las salidas de mesa ofrecen opciones de 9 V, 12 V o 18 V CC. La opci\u00f3n de 12 V proporciona 375 mA, 18 V proporciona cables de pedal de 250 mA9 incluidos (conectores de barril de 0.217 in x 0.083 in, negativo central, \u00e1ngulo recto a cables rectos). Cable de alimentaci\u00f3n IEC desmontable incluido. El conector de salida de 24 V permite la conexi\u00f3n a salidas permite la conexi\u00f3n a salidas adicionales a trav\u00e9s de Strymon Ojai (se vende por separado). La compatibilidad de energ\u00eda mundial garantiza una gira internacional sin complicaciones.Dise\u00f1o compacto y eficiente de la energ\u00eda, Construcci\u00f3nChasis de aluminio anodizado azul medianoche ligero y resistente. Se adapta a la mayor\u00eda de pedalerasPed<\/p>","protected":false},"excerpt":{"rendered":"<p>Voltaje: 18 Voltios, 9 Voltios<br \/>\nAmperaje: 500 Miliamperios<\/p>","protected":false},"featured_media":69,"comment_status":"open","ping_status":"closed","template":"","meta":[],"pwb-brand":[],"product_brand":[],"product_cat":[25,37],"product_tag":[],"class_list":{"0":"post-67","1":"product","2":"type-product","3":"status-publish","4":"has-post-thumbnail","6":"product_cat-accesorios","7":"product_cat-fuentes-de-alimentacion","9":"first","10":"instock","11":"taxable","12":"shipping-taxable","13":"purchasable","14":"product-type-simple"},"yoast_head":"<!-- This site is optimized with the Yoast SEO plugin v27.5 - https:\/\/yoast.com\/product\/yoast-seo-wordpress\/ -->\n<title>Strymon Zuma Fuente Poder 9 salidas - Haway Music<\/title>\n<meta name=\"robots\" content=\"index, follow, max-snippet:-1, max-image-preview:large, max-video-preview:-1\" \/>\n<link rel=\"canonical\" href=\"https:\/\/hawaymusic.com\/es\/product\/strymon-zuma-fuente-de-alimentacion-de-pedal-de-9-salidas\/\" \/>\n<meta property=\"og:locale\" content=\"es_ES\" \/>\n<meta property=\"og:type\" content=\"article\" \/>\n<meta property=\"og:title\" content=\"Strymon Zuma Fuente Poder 9 salidas - Haway Music\" \/>\n<meta property=\"og:description\" content=\"Voltaje: 18 Voltios, 9 Voltios Amperaje: 500 Miliamperios\" \/>\n<meta property=\"og:url\" content=\"https:\/\/hawaymusic.com\/es\/product\/strymon-zuma-fuente-de-alimentacion-de-pedal-de-9-salidas\/\" \/>\n<meta property=\"og:site_name\" content=\"Haway Music\" \/>\n<meta property=\"article:modified_time\" content=\"2022-11-21T13:37:41+00:00\" \/>\n<meta property=\"og:image\" content=\"https:\/\/hawaymusic.com\/wp-content\/uploads\/2022\/08\/strymon-zuma.jpg\" \/>\n\t<meta property=\"og:image:width\" content=\"1080\" \/>\n\t<meta property=\"og:image:height\" content=\"1080\" \/>\n\t<meta property=\"og:image:type\" content=\"image\/jpeg\" \/>\n<meta name=\"twitter:card\" content=\"summary_large_image\" \/>\n<meta name=\"twitter:label1\" content=\"Tiempo de lectura\" \/>\n\t<meta name=\"twitter:data1\" content=\"2 minutos\" \/>\n<script type=\"application\/ld+json\" class=\"yoast-schema-graph\">{\"@context\":\"https:\\\/\\\/schema.org\",\"@graph\":[{\"@type\":\"WebPage\",\"@id\":\"https:\\\/\\\/hawaymusic.com\\\/product\\\/strymon-zuma-fuente-de-alimentacion-de-pedal-de-9-salidas\\\/\",\"url\":\"https:\\\/\\\/hawaymusic.com\\\/product\\\/strymon-zuma-fuente-de-alimentacion-de-pedal-de-9-salidas\\\/\",\"name\":\"Strymon Zuma Fuente Poder 9 salidas - Haway Music\",\"isPartOf\":{\"@id\":\"https:\\\/\\\/hawaymusic.com\\\/#website\"},\"primaryImageOfPage\":{\"@id\":\"https:\\\/\\\/hawaymusic.com\\\/product\\\/strymon-zuma-fuente-de-alimentacion-de-pedal-de-9-salidas\\\/#primaryimage\"},\"image\":{\"@id\":\"https:\\\/\\\/hawaymusic.com\\\/product\\\/strymon-zuma-fuente-de-alimentacion-de-pedal-de-9-salidas\\\/#primaryimage\"},\"thumbnailUrl\":\"https:\\\/\\\/i0.wp.com\\\/hawaymusic.com\\\/wp-content\\\/uploads\\\/2022\\\/08\\\/strymon-zuma.jpg?fit=1080%2C1080&ssl=1\",\"datePublished\":\"2022-08-11T21:37:23+00:00\",\"dateModified\":\"2022-11-21T13:37:41+00:00\",\"breadcrumb\":{\"@id\":\"https:\\\/\\\/hawaymusic.com\\\/product\\\/strymon-zuma-fuente-de-alimentacion-de-pedal-de-9-salidas\\\/#breadcrumb\"},\"inLanguage\":\"es-CO\",\"potentialAction\":[{\"@type\":\"ReadAction\",\"target\":[\"https:\\\/\\\/hawaymusic.com\\\/product\\\/strymon-zuma-fuente-de-alimentacion-de-pedal-de-9-salidas\\\/\"]}]},{\"@type\":\"ImageObject\",\"inLanguage\":\"es-CO\",\"@id\":\"https:\\\/\\\/hawaymusic.com\\\/product\\\/strymon-zuma-fuente-de-alimentacion-de-pedal-de-9-salidas\\\/#primaryimage\",\"url\":\"https:\\\/\\\/i0.wp.com\\\/hawaymusic.com\\\/wp-content\\\/uploads\\\/2022\\\/08\\\/strymon-zuma.jpg?fit=1080%2C1080&ssl=1\",\"contentUrl\":\"https:\\\/\\\/i0.wp.com\\\/hawaymusic.com\\\/wp-content\\\/uploads\\\/2022\\\/08\\\/strymon-zuma.jpg?fit=1080%2C1080&ssl=1\",\"width\":1080,\"height\":1080},{\"@type\":\"BreadcrumbList\",\"@id\":\"https:\\\/\\\/hawaymusic.com\\\/product\\\/strymon-zuma-fuente-de-alimentacion-de-pedal-de-9-salidas\\\/#breadcrumb\",\"itemListElement\":[{\"@type\":\"ListItem\",\"position\":1,\"name\":\"Inicio\",\"item\":\"https:\\\/\\\/hawaymusic.com\\\/\"},{\"@type\":\"ListItem\",\"position\":2,\"name\":\"Shop\",\"item\":\"https:\\\/\\\/hawaymusic.com\\\/shop\\\/\"},{\"@type\":\"ListItem\",\"position\":3,\"name\":\"Strymon Zuma Fuente Poder 9 salidas\"}]},{\"@type\":\"WebSite\",\"@id\":\"https:\\\/\\\/hawaymusic.com\\\/#website\",\"url\":\"https:\\\/\\\/hawaymusic.com\\\/\",\"name\":\"Haway Music\",\"description\":\"La mejor tienda de instrumentos musicales en Ecuador\",\"potentialAction\":[{\"@type\":\"SearchAction\",\"target\":{\"@type\":\"EntryPoint\",\"urlTemplate\":\"https:\\\/\\\/hawaymusic.com\\\/?s={search_term_string}\"},\"query-input\":{\"@type\":\"PropertyValueSpecification\",\"valueRequired\":true,\"valueName\":\"search_term_string\"}}],\"inLanguage\":\"es-CO\"}]}<\/script>\n<!-- \/ Yoast SEO plugin. -->","yoast_head_json":{"title":"Strymon Zuma Fuente Poder 9 salidas - Haway Music","robots":{"index":"index","follow":"follow","max-snippet":"max-snippet:-1","max-image-preview":"max-image-preview:large","max-video-preview":"max-video-preview:-1"},"canonical":"https:\/\/hawaymusic.com\/es\/product\/strymon-zuma-fuente-de-alimentacion-de-pedal-de-9-salidas\/","og_locale":"es_ES","og_type":"article","og_title":"Strymon Zuma Fuente Poder 9 salidas - Haway Music","og_description":"Voltaje: 18 Voltios, 9 Voltios Amperaje: 500 Miliamperios","og_url":"https:\/\/hawaymusic.com\/es\/product\/strymon-zuma-fuente-de-alimentacion-de-pedal-de-9-salidas\/","og_site_name":"Haway Music","article_modified_time":"2022-11-21T13:37:41+00:00","og_image":[{"width":1080,"height":1080,"url":"https:\/\/hawaymusic.com\/wp-content\/uploads\/2022\/08\/strymon-zuma.jpg","type":"image\/jpeg"}],"twitter_card":"summary_large_image","twitter_misc":{"Tiempo de lectura":"2 minutos"},"schema":{"@context":"https:\/\/schema.org","@graph":[{"@type":"WebPage","@id":"https:\/\/hawaymusic.com\/product\/strymon-zuma-fuente-de-alimentacion-de-pedal-de-9-salidas\/","url":"https:\/\/hawaymusic.com\/product\/strymon-zuma-fuente-de-alimentacion-de-pedal-de-9-salidas\/","name":"Strymon Zuma Fuente Poder 9 salidas - Haway Music","isPartOf":{"@id":"https:\/\/hawaymusic.com\/#website"},"primaryImageOfPage":{"@id":"https:\/\/hawaymusic.com\/product\/strymon-zuma-fuente-de-alimentacion-de-pedal-de-9-salidas\/#primaryimage"},"image":{"@id":"https:\/\/hawaymusic.com\/product\/strymon-zuma-fuente-de-alimentacion-de-pedal-de-9-salidas\/#primaryimage"},"thumbnailUrl":"https:\/\/i0.wp.com\/hawaymusic.com\/wp-content\/uploads\/2022\/08\/strymon-zuma.jpg?fit=1080%2C1080&ssl=1","datePublished":"2022-08-11T21:37:23+00:00","dateModified":"2022-11-21T13:37:41+00:00","breadcrumb":{"@id":"https:\/\/hawaymusic.com\/product\/strymon-zuma-fuente-de-alimentacion-de-pedal-de-9-salidas\/#breadcrumb"},"inLanguage":"es-CO","potentialAction":[{"@type":"ReadAction","target":["https:\/\/hawaymusic.com\/product\/strymon-zuma-fuente-de-alimentacion-de-pedal-de-9-salidas\/"]}]},{"@type":"ImageObject","inLanguage":"es-CO","@id":"https:\/\/hawaymusic.com\/product\/strymon-zuma-fuente-de-alimentacion-de-pedal-de-9-salidas\/#primaryimage","url":"https:\/\/i0.wp.com\/hawaymusic.com\/wp-content\/uploads\/2022\/08\/strymon-zuma.jpg?fit=1080%2C1080&ssl=1","contentUrl":"https:\/\/i0.wp.com\/hawaymusic.com\/wp-content\/uploads\/2022\/08\/strymon-zuma.jpg?fit=1080%2C1080&ssl=1","width":1080,"height":1080},{"@type":"BreadcrumbList","@id":"https:\/\/hawaymusic.com\/product\/strymon-zuma-fuente-de-alimentacion-de-pedal-de-9-salidas\/#breadcrumb","itemListElement":[{"@type":"ListItem","position":1,"name":"Inicio","item":"https:\/\/hawaymusic.com\/"},{"@type":"ListItem","position":2,"name":"Shop","item":"https:\/\/hawaymusic.com\/shop\/"},{"@type":"ListItem","position":3,"name":"Strymon Zuma Fuente Poder 9 salidas"}]},{"@type":"WebSite","@id":"https:\/\/hawaymusic.com\/#website","url":"https:\/\/hawaymusic.com\/","name":"Haway Music","description":"La mejor tienda de instrumentos musicales en Ecuador","potentialAction":[{"@type":"SearchAction","target":{"@type":"EntryPoint","urlTemplate":"https:\/\/hawaymusic.com\/?s={search_term_string}"},"query-input":{"@type":"PropertyValueSpecification","valueRequired":true,"valueName":"search_term_string"}}],"inLanguage":"es-CO"}]}},"jetpack_sharing_enabled":true,"brands":[],"_links":{"self":[{"href":"https:\/\/hawaymusic.com\/es\/wp-json\/wp\/v2\/product\/67","targetHints":{"allow":["GET"]}}],"collection":[{"href":"https:\/\/hawaymusic.com\/es\/wp-json\/wp\/v2\/product"}],"about":[{"href":"https:\/\/hawaymusic.com\/es\/wp-json\/wp\/v2\/types\/product"}],"replies":[{"embeddable":true,"href":"https:\/\/hawaymusic.com\/es\/wp-json\/wp\/v2\/comments?post=67"}],"wp:featuredmedia":[{"embeddable":true,"href":"https:\/\/hawaymusic.com\/es\/wp-json\/wp\/v2\/media\/69"}],"wp:attachment":[{"href":"https:\/\/hawaymusic.com\/es\/wp-json\/wp\/v2\/media?parent=67"}],"wp:term":[{"taxonomy":"pwb-brand","embeddable":true,"href":"https:\/\/hawaymusic.com\/es\/wp-json\/wp\/v2\/pwb-brand?post=67"},{"taxonomy":"product_brand","embeddable":true,"href":"https:\/\/hawaymusic.com\/es\/wp-json\/wp\/v2\/product_brand?post=67"},{"taxonomy":"product_cat","embeddable":true,"href":"https:\/\/hawaymusic.com\/es\/wp-json\/wp\/v2\/product_cat?post=67"},{"taxonomy":"product_tag","embeddable":true,"href":"https:\/\/hawaymusic.com\/es\/wp-json\/wp\/v2\/product_tag?post=67"}],"curies":[{"name":"wp","href":"https:\/\/api.w.org\/{rel}","templated":true}]}}