{"id":645,"date":"2024-05-16T16:00:22","date_gmt":"2024-05-16T16:00:22","guid":{"rendered":"https:\/\/hawaymusic.com\/?post_type=product&#038;p=645"},"modified":"2026-03-20T13:24:45","modified_gmt":"2026-03-20T13:24:45","slug":"yamaha-modx7-plus-teclado-sintetizador-76-teclas","status":"publish","type":"product","link":"https:\/\/hawaymusic.com\/es\/product\/yamaha-modx7-plus-teclado-sintetizador-76-teclas\/","title":{"rendered":"Yamaha Modx m7 Teclado Sintetizador 76 Teclas Arranger"},"content":{"rendered":"<div class=\"wpb-content-wrapper\"><div class=\"vc_row wpb_row vc_row-fluid\"><div class=\"wpb_column vc_column_container vc_col-sm-12\"><div class=\"vc_column-inner\"><div class=\"wpb_wrapper\">\n\t<div class=\"wpb_video_widget wpb_content_element vc_clearfix vc_video-aspect-ratio-169 vc_video-el-width-100 vc_video-align-left\" >\n\t\t<div class=\"wpb_wrapper\">\n\t\t\t\n\t\t\t<div class=\"wpb_video_wrapper\"><iframe loading=\"lazy\" title=\"Yamaha PSR SX600 (rese\u00f1a en espa\u00f1ol)\" width=\"500\" height=\"281\" src=\"https:\/\/www.youtube.com\/embed\/SP0lgpzjV-g?feature=oembed\" frameborder=\"0\" allow=\"accelerometer; autoplay; clipboard-write; encrypted-media; gyroscope; picture-in-picture; web-share\" allowfullscreen><\/iframe><\/div>\n\t\t<\/div>\n\t<\/div>\n\n\t<div class=\"wpb_text_column wpb_content_element\" >\n\t\t<div class=\"wpb_wrapper\">\n\t\t\t<div class=\"celwidget aplus-module 3p-module-b aplus-standard\" data-csa-c-id=\"3rc35p-h2hrkn-wf0i9h-xn449s\" data-cel-widget=\"aplus-3p-module-b\">\n<div class=\"aplus-module-wrapper aplus-3p-fixed-width\">\n<ul class=\"a-unordered-list a-vertical a-spacing-mini\">\n<li>\n<h1 class=\"a-size-base-plus a-text-bold\">Sobre este art\u00edculo<\/h1>\n<ul class=\"a-unordered-list a-vertical a-spacing-mini\">\n<li class=\"a-spacing-mini\"><span class=\"a-list-item\">La acci\u00f3n de sintetizador semi-ponderada proporciona una respuesta expresiva en un teclado de 76 notas<\/span><\/li>\n<li class=\"a-spacing-mini\"><span class=\"a-list-item\">AWM2 es una tecnolog\u00eda patentada de s\u00edntesis sustractiva basada en muestras<\/span><\/li>\n<li class=\"a-spacing-mini\"><span class=\"a-list-item\">FM-X presenta s\u00edntesis FM de 8 operadores capaz de producir un sonido din\u00e1mico incre\u00edble<\/span><\/li>\n<li class=\"a-spacing-mini\"><span class=\"a-list-item\">Motion Control es una matriz de control de motor sintetizador altamente personalizable<\/span><\/li>\n<li class=\"a-spacing-mini\"><span class=\"a-list-item\">MODX OS agrega nuevas voces, conjuntos en vivo y caracter\u00edsticas<\/span><\/li>\n<\/ul>\n<p><span class=\"a-list-item\"> de acordes.<\/span><\/li>\n<\/ul>\n<\/div>\n<\/div>\n<div class=\"celwidget aplus-module module-10 aplus-standard\" data-csa-c-id=\"kljwqa-w2grcw-jzp15q-1pjc7a\" data-cel-widget=\"aplus-module-10\">\n<div class=\"a-expander-collapsed-height a-row a-expander-container a-expander-partial-collapse-container\" data-a-expander-name=\"aplus-module-expander\" data-a-expander-collapsed-height=\"700\">\n<div class=\"a-expander-content a-expander-partial-collapse-content\" aria-expanded=\"false\">\n<div class=\"aplus-module-wrapper apm-fixed-width\">\n<div class=\"apm-spacing\">\n<div class=\"apm-lefthalfcol\">\n<div><\/div>\n<\/div>\n<\/div>\n<\/div>\n<\/div>\n<\/div>\n<\/div>\n\n\t\t<\/div>\n\t<\/div>\n<\/div><\/div><\/div><\/div>\n<\/div>","protected":false},"excerpt":{"rendered":"<h1 class=\"a-size-base-plus a-text-bold\">Sobre este art\u00edculo<\/h1>\n<ul class=\"a-unordered-list a-vertical a-spacing-mini\">\n<li class=\"a-spacing-mini\"><span class=\"a-list-item\">La acci\u00f3n de sintetizador semi-ponderada proporciona una respuesta expresiva en un teclado de 76 notas<\/span><\/li>\n<li class=\"a-spacing-mini\"><span class=\"a-list-item\">AWM2 es una tecnolog\u00eda patentada de s\u00edntesis sustractiva basada en muestras<\/span><\/li>\n<li class=\"a-spacing-mini\"><span class=\"a-list-item\">FM-X presenta s\u00edntesis FM de 8 operadores capaz de producir un sonido din\u00e1mico incre\u00edble<\/span><\/li>\n<li class=\"a-spacing-mini\"><span class=\"a-list-item\">Motion Control es una matriz de control de motor sintetizador altamente personalizable<\/span><\/li>\n<li class=\"a-spacing-mini\"><span class=\"a-list-item\">MODX OS agrega nuevas voces, conjuntos en vivo y caracter\u00edsticas<\/span><\/li>\n<\/ul>","protected":false},"featured_media":867,"comment_status":"open","ping_status":"closed","template":"","meta":[],"pwb-brand":[],"product_brand":[],"product_cat":[22],"product_tag":[],"class_list":{"0":"post-645","1":"product","2":"type-product","3":"status-publish","4":"has-post-thumbnail","6":"product_cat-teclado","8":"first","9":"instock","10":"taxable","11":"shipping-taxable","12":"purchasable","13":"product-type-simple"},"yoast_head":"<!-- This site is optimized with the Yoast SEO plugin v27.5 - https:\/\/yoast.com\/product\/yoast-seo-wordpress\/ -->\n<title>Yamaha Modx m7 Teclado Sintetizador 76 Teclas Arranger - Haway Music<\/title>\n<meta name=\"robots\" content=\"index, follow, max-snippet:-1, max-image-preview:large, max-video-preview:-1\" \/>\n<link rel=\"canonical\" href=\"https:\/\/hawaymusic.com\/es\/product\/yamaha-modx7-plus-teclado-sintetizador-76-teclas\/\" \/>\n<meta property=\"og:locale\" content=\"es_ES\" \/>\n<meta property=\"og:type\" content=\"article\" \/>\n<meta property=\"og:title\" content=\"Yamaha Modx m7 Teclado Sintetizador 76 Teclas Arranger - Haway Music\" \/>\n<meta property=\"og:description\" content=\"Sobre este art\u00edculo   La acci\u00f3n de sintetizador semi-ponderada proporciona una respuesta expresiva en un teclado de 76 notas  AWM2 es una tecnolog\u00eda patentada de s\u00edntesis sustractiva basada en muestras  FM-X presenta s\u00edntesis FM de 8 operadores capaz de producir un sonido din\u00e1mico incre\u00edble  Motion Control es una matriz de control de motor sintetizador altamente personalizable  MODX OS agrega nuevas voces, conjuntos en vivo y caracter\u00edsticas\" \/>\n<meta property=\"og:url\" content=\"https:\/\/hawaymusic.com\/es\/product\/yamaha-modx7-plus-teclado-sintetizador-76-teclas\/\" \/>\n<meta property=\"og:site_name\" content=\"Haway Music\" \/>\n<meta property=\"article:modified_time\" content=\"2026-03-20T13:24:45+00:00\" \/>\n<meta property=\"og:image\" content=\"https:\/\/hawaymusic.com\/wp-content\/uploads\/2024\/05\/yamaha-modx-m7-1.webp\" \/>\n\t<meta property=\"og:image:width\" content=\"750\" \/>\n\t<meta property=\"og:image:height\" content=\"236\" \/>\n\t<meta property=\"og:image:type\" content=\"image\/webp\" \/>\n<meta name=\"twitter:card\" content=\"summary_large_image\" \/>\n<meta name=\"twitter:label1\" content=\"Tiempo de lectura\" \/>\n\t<meta name=\"twitter:data1\" content=\"1 minuto\" \/>\n<script type=\"application\/ld+json\" class=\"yoast-schema-graph\">{\"@context\":\"https:\\\/\\\/schema.org\",\"@graph\":[{\"@type\":\"WebPage\",\"@id\":\"https:\\\/\\\/hawaymusic.com\\\/product\\\/yamaha-modx7-plus-teclado-sintetizador-76-teclas\\\/\",\"url\":\"https:\\\/\\\/hawaymusic.com\\\/product\\\/yamaha-modx7-plus-teclado-sintetizador-76-teclas\\\/\",\"name\":\"Yamaha Modx m7 Teclado Sintetizador 76 Teclas Arranger - Haway Music\",\"isPartOf\":{\"@id\":\"https:\\\/\\\/hawaymusic.com\\\/#website\"},\"primaryImageOfPage\":{\"@id\":\"https:\\\/\\\/hawaymusic.com\\\/product\\\/yamaha-modx7-plus-teclado-sintetizador-76-teclas\\\/#primaryimage\"},\"image\":{\"@id\":\"https:\\\/\\\/hawaymusic.com\\\/product\\\/yamaha-modx7-plus-teclado-sintetizador-76-teclas\\\/#primaryimage\"},\"thumbnailUrl\":\"https:\\\/\\\/i0.wp.com\\\/hawaymusic.com\\\/wp-content\\\/uploads\\\/2024\\\/05\\\/yamaha-modx-m7-1.webp?fit=750%2C236&ssl=1\",\"datePublished\":\"2024-05-16T16:00:22+00:00\",\"dateModified\":\"2026-03-20T13:24:45+00:00\",\"breadcrumb\":{\"@id\":\"https:\\\/\\\/hawaymusic.com\\\/product\\\/yamaha-modx7-plus-teclado-sintetizador-76-teclas\\\/#breadcrumb\"},\"inLanguage\":\"es-CO\",\"potentialAction\":[{\"@type\":\"ReadAction\",\"target\":[\"https:\\\/\\\/hawaymusic.com\\\/product\\\/yamaha-modx7-plus-teclado-sintetizador-76-teclas\\\/\"]}]},{\"@type\":\"ImageObject\",\"inLanguage\":\"es-CO\",\"@id\":\"https:\\\/\\\/hawaymusic.com\\\/product\\\/yamaha-modx7-plus-teclado-sintetizador-76-teclas\\\/#primaryimage\",\"url\":\"https:\\\/\\\/i0.wp.com\\\/hawaymusic.com\\\/wp-content\\\/uploads\\\/2024\\\/05\\\/yamaha-modx-m7-1.webp?fit=750%2C236&ssl=1\",\"contentUrl\":\"https:\\\/\\\/i0.wp.com\\\/hawaymusic.com\\\/wp-content\\\/uploads\\\/2024\\\/05\\\/yamaha-modx-m7-1.webp?fit=750%2C236&ssl=1\",\"width\":750,\"height\":236},{\"@type\":\"BreadcrumbList\",\"@id\":\"https:\\\/\\\/hawaymusic.com\\\/product\\\/yamaha-modx7-plus-teclado-sintetizador-76-teclas\\\/#breadcrumb\",\"itemListElement\":[{\"@type\":\"ListItem\",\"position\":1,\"name\":\"Inicio\",\"item\":\"https:\\\/\\\/hawaymusic.com\\\/\"},{\"@type\":\"ListItem\",\"position\":2,\"name\":\"Shop\",\"item\":\"https:\\\/\\\/hawaymusic.com\\\/shop\\\/\"},{\"@type\":\"ListItem\",\"position\":3,\"name\":\"Yamaha Modx m7 Teclado Sintetizador 76 Teclas Arranger\"}]},{\"@type\":\"WebSite\",\"@id\":\"https:\\\/\\\/hawaymusic.com\\\/#website\",\"url\":\"https:\\\/\\\/hawaymusic.com\\\/\",\"name\":\"Haway Music\",\"description\":\"La mejor tienda de instrumentos musicales en Ecuador\",\"potentialAction\":[{\"@type\":\"SearchAction\",\"target\":{\"@type\":\"EntryPoint\",\"urlTemplate\":\"https:\\\/\\\/hawaymusic.com\\\/?s={search_term_string}\"},\"query-input\":{\"@type\":\"PropertyValueSpecification\",\"valueRequired\":true,\"valueName\":\"search_term_string\"}}],\"inLanguage\":\"es-CO\"}]}<\/script>\n<!-- \/ Yoast SEO plugin. -->","yoast_head_json":{"title":"Yamaha Modx m7 Teclado Sintetizador 76 Teclas Arranger - Haway Music","robots":{"index":"index","follow":"follow","max-snippet":"max-snippet:-1","max-image-preview":"max-image-preview:large","max-video-preview":"max-video-preview:-1"},"canonical":"https:\/\/hawaymusic.com\/es\/product\/yamaha-modx7-plus-teclado-sintetizador-76-teclas\/","og_locale":"es_ES","og_type":"article","og_title":"Yamaha Modx m7 Teclado Sintetizador 76 Teclas Arranger - Haway Music","og_description":"Sobre este art\u00edculo   La acci\u00f3n de sintetizador semi-ponderada proporciona una respuesta expresiva en un teclado de 76 notas  AWM2 es una tecnolog\u00eda patentada de s\u00edntesis sustractiva basada en muestras  FM-X presenta s\u00edntesis FM de 8 operadores capaz de producir un sonido din\u00e1mico incre\u00edble  Motion Control es una matriz de control de motor sintetizador altamente personalizable  MODX OS agrega nuevas voces, conjuntos en vivo y caracter\u00edsticas","og_url":"https:\/\/hawaymusic.com\/es\/product\/yamaha-modx7-plus-teclado-sintetizador-76-teclas\/","og_site_name":"Haway Music","article_modified_time":"2026-03-20T13:24:45+00:00","og_image":[{"width":750,"height":236,"url":"https:\/\/hawaymusic.com\/wp-content\/uploads\/2024\/05\/yamaha-modx-m7-1.webp","type":"image\/webp"}],"twitter_card":"summary_large_image","twitter_misc":{"Tiempo de lectura":"1 minuto"},"schema":{"@context":"https:\/\/schema.org","@graph":[{"@type":"WebPage","@id":"https:\/\/hawaymusic.com\/product\/yamaha-modx7-plus-teclado-sintetizador-76-teclas\/","url":"https:\/\/hawaymusic.com\/product\/yamaha-modx7-plus-teclado-sintetizador-76-teclas\/","name":"Yamaha Modx m7 Teclado Sintetizador 76 Teclas Arranger - Haway Music","isPartOf":{"@id":"https:\/\/hawaymusic.com\/#website"},"primaryImageOfPage":{"@id":"https:\/\/hawaymusic.com\/product\/yamaha-modx7-plus-teclado-sintetizador-76-teclas\/#primaryimage"},"image":{"@id":"https:\/\/hawaymusic.com\/product\/yamaha-modx7-plus-teclado-sintetizador-76-teclas\/#primaryimage"},"thumbnailUrl":"https:\/\/i0.wp.com\/hawaymusic.com\/wp-content\/uploads\/2024\/05\/yamaha-modx-m7-1.webp?fit=750%2C236&ssl=1","datePublished":"2024-05-16T16:00:22+00:00","dateModified":"2026-03-20T13:24:45+00:00","breadcrumb":{"@id":"https:\/\/hawaymusic.com\/product\/yamaha-modx7-plus-teclado-sintetizador-76-teclas\/#breadcrumb"},"inLanguage":"es-CO","potentialAction":[{"@type":"ReadAction","target":["https:\/\/hawaymusic.com\/product\/yamaha-modx7-plus-teclado-sintetizador-76-teclas\/"]}]},{"@type":"ImageObject","inLanguage":"es-CO","@id":"https:\/\/hawaymusic.com\/product\/yamaha-modx7-plus-teclado-sintetizador-76-teclas\/#primaryimage","url":"https:\/\/i0.wp.com\/hawaymusic.com\/wp-content\/uploads\/2024\/05\/yamaha-modx-m7-1.webp?fit=750%2C236&ssl=1","contentUrl":"https:\/\/i0.wp.com\/hawaymusic.com\/wp-content\/uploads\/2024\/05\/yamaha-modx-m7-1.webp?fit=750%2C236&ssl=1","width":750,"height":236},{"@type":"BreadcrumbList","@id":"https:\/\/hawaymusic.com\/product\/yamaha-modx7-plus-teclado-sintetizador-76-teclas\/#breadcrumb","itemListElement":[{"@type":"ListItem","position":1,"name":"Inicio","item":"https:\/\/hawaymusic.com\/"},{"@type":"ListItem","position":2,"name":"Shop","item":"https:\/\/hawaymusic.com\/shop\/"},{"@type":"ListItem","position":3,"name":"Yamaha Modx m7 Teclado Sintetizador 76 Teclas Arranger"}]},{"@type":"WebSite","@id":"https:\/\/hawaymusic.com\/#website","url":"https:\/\/hawaymusic.com\/","name":"Haway Music","description":"La mejor tienda de instrumentos musicales en Ecuador","potentialAction":[{"@type":"SearchAction","target":{"@type":"EntryPoint","urlTemplate":"https:\/\/hawaymusic.com\/?s={search_term_string}"},"query-input":{"@type":"PropertyValueSpecification","valueRequired":true,"valueName":"search_term_string"}}],"inLanguage":"es-CO"}]}},"jetpack_sharing_enabled":true,"brands":[],"_links":{"self":[{"href":"https:\/\/hawaymusic.com\/es\/wp-json\/wp\/v2\/product\/645","targetHints":{"allow":["GET"]}}],"collection":[{"href":"https:\/\/hawaymusic.com\/es\/wp-json\/wp\/v2\/product"}],"about":[{"href":"https:\/\/hawaymusic.com\/es\/wp-json\/wp\/v2\/types\/product"}],"replies":[{"embeddable":true,"href":"https:\/\/hawaymusic.com\/es\/wp-json\/wp\/v2\/comments?post=645"}],"wp:featuredmedia":[{"embeddable":true,"href":"https:\/\/hawaymusic.com\/es\/wp-json\/wp\/v2\/media\/867"}],"wp:attachment":[{"href":"https:\/\/hawaymusic.com\/es\/wp-json\/wp\/v2\/media?parent=645"}],"wp:term":[{"taxonomy":"pwb-brand","embeddable":true,"href":"https:\/\/hawaymusic.com\/es\/wp-json\/wp\/v2\/pwb-brand?post=645"},{"taxonomy":"product_brand","embeddable":true,"href":"https:\/\/hawaymusic.com\/es\/wp-json\/wp\/v2\/product_brand?post=645"},{"taxonomy":"product_cat","embeddable":true,"href":"https:\/\/hawaymusic.com\/es\/wp-json\/wp\/v2\/product_cat?post=645"},{"taxonomy":"product_tag","embeddable":true,"href":"https:\/\/hawaymusic.com\/es\/wp-json\/wp\/v2\/product_tag?post=645"}],"curies":[{"name":"wp","href":"https:\/\/api.w.org\/{rel}","templated":true}]}}