{"id":643,"date":"2024-05-16T15:45:15","date_gmt":"2024-05-16T15:45:15","guid":{"rendered":"https:\/\/hawaymusic.com\/?post_type=product&#038;p=643"},"modified":"2026-03-15T22:52:54","modified_gmt":"2026-03-15T22:52:54","slug":"arturia-keylab-88-essential-mk3-teclado-controlador-midi-de-61-teclas-semi-hammer-action","status":"publish","type":"product","link":"https:\/\/hawaymusic.com\/es\/product\/arturia-keylab-88-essential-mk3-teclado-controlador-midi-de-61-teclas-semi-hammer-action\/","title":{"rendered":"Arturia KeyLab 88 Essential MK3 Teclado controlador MIDI de 88 teclas Hammer Action"},"content":{"rendered":"<div class=\"wpb-content-wrapper\"><div class=\"vc_row wpb_row vc_row-fluid\"><div class=\"wpb_column vc_column_container vc_col-sm-12\"><div class=\"vc_column-inner\"><div class=\"wpb_wrapper\">\n\t<div class=\"wpb_text_column wpb_content_element\" >\n\t\t<div class=\"wpb_wrapper\">\n\t\t\t<div id=\"featurebullets_feature_div\" class=\"celwidget\" data-feature-name=\"featurebullets\" data-csa-c-type=\"widget\" data-csa-c-content-id=\"featurebullets\" data-csa-c-slot-id=\"featurebullets_feature_div\" data-csa-c-asin=\"B0CV9J11TZ\" data-csa-c-is-in-initial-active-row=\"false\" data-csa-c-id=\"oo7s4u-lmankc-mrbjwt-8d4b2d\" data-cel-widget=\"featurebullets_feature_div\">\n<div id=\"feature-bullets\" class=\"a-section a-spacing-medium a-spacing-top-small\">\n<h1 class=\"a-size-base-plus a-text-bold\">Sobre este art\u00edculo<\/h1>\n<ul class=\"a-unordered-list a-vertical a-spacing-mini\">\n<li class=\"a-spacing-mini\"><span class=\"a-list-item\">88 teclas h\u00edbridas synth-piano: la misma c\u00f3moda tecla cascada, ampliada a la gama completa de piano para la xpression musical normalmente reservada para teclados de escenario premium.<\/span><\/li>\n<li class=\"a-spacing-mini\"><span class=\"a-list-item\">Nuevas caracter\u00edsticas creativas: modo de escala, modo acorde y arpegiador, haciendo que la composici\u00f3n, la composici\u00f3n y la creaci\u00f3n de ritmos sean m\u00e1s intuitivos que nunca.<\/span><\/li>\n<li class=\"a-spacing-mini\"><span class=\"a-list-item\">Integraci\u00f3n DAW personalizada: KeyLab Essential mk3 cuenta con scripts personalizados para un control m\u00e1s profundo sobre DAW, incluyendo Ableton Live, Logic Pro X, FL Studio y m\u00e1s.<\/span><\/li>\n<li class=\"a-spacing-mini\"><span class=\"a-list-item\">Ajustes preestablecidos m\u00e1s vers\u00e1tiles: los ajustes preestablecidos de 2000 incluidos con Analog Lab Pro ya no se limitan a sonidos vintage; los usuarios pueden disfrutar de h\u00edbridos \u00fanicos, sintetizadores modernos, sonidos orquestales y m\u00e1s.<\/span><\/li>\n<li class=\"a-spacing-mini\"><span class=\"a-list-item\">Controles e interfaz m\u00e1s sencillos: almohadillas con retroiluminaci\u00f3n RGB con sensibilidad a la velocidad y la presi\u00f3n, botones contextuales y una nueva pantalla LCD brillante de 2.5 pulgadas para retroalimentaci\u00f3n en tiempo real. Paquete de software ampliado para principiantes y profesionales: ahora incluye Analog Lab Pro, 2 pianos (modelo UVI D, The Gentleman de NI), adem\u00e1s de suscripciones a Loopcloud y Melodics.<\/span><\/li>\n<\/ul>\n<\/div>\n<\/div>\n<div id=\"acf-carousel_feature_div\" class=\"celwidget\" data-feature-name=\"acf-carousel\" data-csa-c-type=\"widget\" data-csa-c-content-id=\"acf-carousel\" data-csa-c-slot-id=\"acf-carousel_feature_div\" data-csa-c-asin=\"B0CV9J11TZ\" data-csa-c-is-in-initial-active-row=\"false\" data-csa-c-id=\"dzokhh-sowkpd-urqmix-l5iqgm\" data-cel-widget=\"acf-carousel_feature_div\"><\/div>\n<div id=\"provenanceCertifications_feature_div\" class=\"celwidget\" data-feature-name=\"provenanceCertifications\" data-csa-c-type=\"widget\" data-csa-c-content-id=\"provenanceCertifications\" data-csa-c-slot-id=\"provenanceCertifications_feature_div\" data-csa-c-asin=\"B0CV9J11TZ\" data-csa-c-is-in-initial-active-row=\"false\" data-csa-c-id=\"w082hw-79mk3u-aovplu-grnksg\" data-cel-widget=\"provenanceCertifications_feature_div\"><\/div>\n<div id=\"globalStoreInfoBullets_feature_div\" class=\"celwidget\" data-feature-name=\"globalStoreInfoBullets\" data-csa-c-type=\"widget\" data-csa-c-content-id=\"globalStoreInfoBullets\" data-csa-c-slot-id=\"globalStoreInfoBullets_feature_div\" data-csa-c-asin=\"B0CV9J11TZ\" data-csa-c-is-in-initial-active-row=\"false\" data-csa-c-id=\"nwd121-2cihx7-yyoq4i-e9ghh1\" data-cel-widget=\"globalStoreInfoBullets_feature_div\"><\/div>\n<div id=\"addOnItem_feature_div\" class=\"celwidget\" data-feature-name=\"addOnItem\" data-csa-c-type=\"widget\" data-csa-c-content-id=\"addOnItem\" data-csa-c-slot-id=\"addOnItem_feature_div\" data-csa-c-asin=\"B0CV9J11TZ\" data-csa-c-is-in-initial-active-row=\"false\" data-csa-c-id=\"as8kdm-k7l9ok-n7lj7q-7pca9s\" data-cel-widget=\"addOnItem_feature_div\"><\/div>\n<div id=\"andonCord_feature_div\" class=\"celwidget\" data-feature-name=\"andonCord\" data-csa-c-type=\"widget\" data-csa-c-content-id=\"andonCord\" data-csa-c-slot-id=\"andonCord_feature_div\" data-csa-c-asin=\"B0CV9J11TZ\" data-csa-c-is-in-initial-active-row=\"false\" data-csa-c-id=\"kmxmh1-5nicgd-w07jve-ajmxdp\" data-cel-widget=\"andonCord_feature_div\"><\/div>\n<div id=\"HLCXComparisonJumplink_feature_div\"><\/div>\n<div id=\"buyingOptionNostosBadge_feature_div\" class=\"celwidget\" data-feature-name=\"buyingOptionNostosBadge\" data-csa-c-type=\"widget\" data-csa-c-content-id=\"buyingOptionNostosBadge\" data-csa-c-slot-id=\"buyingOptionNostosBadge_feature_div\" data-csa-c-asin=\"B0CV9J11TZ\" data-csa-c-is-in-initial-active-row=\"false\" data-csa-c-id=\"3ekmus-jiu71l-k2mww6-6k8rat\" data-cel-widget=\"buyingOptionNostosBadge_feature_div\"><\/div>\n<div id=\"tellAmazon_feature_div\" class=\"celwidget\" data-feature-name=\"tellAmazon\" data-csa-c-type=\"widget\" data-csa-c-content-id=\"tellAmazon\" data-csa-c-slot-id=\"tellAmazon_feature_div\" data-csa-c-asin=\"B0CV9J11TZ\" data-csa-c-is-in-initial-active-row=\"false\" data-csa-c-id=\"fh0ixe-s5jdl7-kra81c-yg2ct4\" data-cel-widget=\"tellAmazon_feature_div\">\n<div class=\"celwidget c-f\" data-csa-op-log-render=\"\" data-csa-c-content-id=\"DsUnknown\" data-csa-c-slot-id=\"DsUnknown-3\" data-csa-c-type=\"widget\" data-csa-c-painter=\"tell-amazon-desktop-cards\" data-csa-c-id=\"hyiga4-qwuc3c-fkk27k-5qwzoa\" data-cel-widget=\"tell-amazon-desktop_DetailPage_2\">\n<div id=\"CardInstancesqLZeo1j65g77fLtLuPpJw\" data-card-metrics-id=\"tell-amazon-desktop_DetailPage_2\" data-acp-tracking=\"{}\" data-mix-claimed=\"true\">\n<div class=\"_tell-amazon-desktop_style_tell_amazon_div__1YDZk\" data-asin=\"B0CV9J11TZ\" data-marketplace=\"ATVPDKIKX0DER\" data-logged-in=\"true\"><\/div>\n<\/div>\n<\/div>\n<\/div>\n\n\t\t<\/div>\n\t<\/div>\n<\/div><\/div><\/div><\/div>\n<\/div>","protected":false},"excerpt":{"rendered":"<ul class=\"a-unordered-list a-vertical a-spacing-mini\">\n<li class=\"a-spacing-mini\">\n<div id=\"featurebullets_feature_div\" class=\"celwidget\" data-feature-name=\"featurebullets\" data-csa-c-type=\"widget\" data-csa-c-content-id=\"featurebullets\" data-csa-c-slot-id=\"featurebullets_feature_div\" data-csa-c-asin=\"B0CV9J11TZ\" data-csa-c-is-in-initial-active-row=\"false\" data-csa-c-id=\"oo7s4u-lmankc-mrbjwt-8d4b2d\" data-cel-widget=\"featurebullets_feature_div\">\n<div id=\"feature-bullets\" class=\"a-section a-spacing-medium a-spacing-top-small\">\n<h1 class=\"a-size-base-plus a-text-bold\">Sobre este art\u00edculo<\/h1>\n<ul class=\"a-unordered-list a-vertical a-spacing-mini\">\n<li class=\"a-spacing-mini\"><span class=\"a-list-item\">88 teclas h\u00edbridas synth-piano: la misma c\u00f3moda tecla cascada, ampliada a la gama completa de piano para la xpression musical normalmente reservada para teclados de escenario premium.<\/span><\/li>\n<li class=\"a-spacing-mini\"><span class=\"a-list-item\">Nuevas caracter\u00edsticas creativas: modo de escala, modo acorde y arpegiador, haciendo que la composici\u00f3n, la composici\u00f3n y la creaci\u00f3n de ritmos sean m\u00e1s intuitivos que nunca.<\/span><\/li>\n<li class=\"a-spacing-mini\"><span class=\"a-list-item\">Integraci\u00f3n DAW personalizada: KeyLab Essential mk3 cuenta con scripts personalizados para un control m\u00e1s profundo sobre DAW, incluyendo Ableton Live, Logic Pro X, FL Studio y m\u00e1s.<\/span><\/li>\n<li class=\"a-spacing-mini\"><span class=\"a-list-item\">Ajustes preestablecidos m\u00e1s vers\u00e1tiles: los ajustes preestablecidos de 2000 incluidos con Analog Lab Pro ya no se limitan a sonidos vintage; los usuarios pueden disfrutar de h\u00edbridos \u00fanicos, sintetizadores modernos, sonidos orquestales y m\u00e1s.<\/span><\/li>\n<li class=\"a-spacing-mini\"><span class=\"a-list-item\">Controles e interfaz m\u00e1s sencillos: almohadillas con retroiluminaci\u00f3n RGB con sensibilidad a la velocidad y la presi\u00f3n, botones contextuales y una nueva pantalla LCD brillante de 2.5 pulgadas para retroalimentaci\u00f3n en tiempo real. Paquete de software ampliado para principiantes y profesionales: ahora incluye Analog Lab Pro, 2 pianos (modelo UVI D, The Gentleman de NI), adem\u00e1s de suscripciones a Loopcloud y Melodics.<\/span><\/li>\n<\/ul>\n<\/div>\n<\/div>\n<div id=\"acf-carousel_feature_div\" class=\"celwidget\" data-feature-name=\"acf-carousel\" data-csa-c-type=\"widget\" data-csa-c-content-id=\"acf-carousel\" data-csa-c-slot-id=\"acf-carousel_feature_div\" data-csa-c-asin=\"B0CV9J11TZ\" data-csa-c-is-in-initial-active-row=\"false\" data-csa-c-id=\"dzokhh-sowkpd-urqmix-l5iqgm\" data-cel-widget=\"acf-carousel_feature_div\"><\/div>\n<div id=\"tellAmazon_feature_div\" class=\"celwidget\" data-feature-name=\"tellAmazon\" data-csa-c-type=\"widget\" data-csa-c-content-id=\"tellAmazon\" data-csa-c-slot-id=\"tellAmazon_feature_div\" data-csa-c-asin=\"B0CV9J11TZ\" data-csa-c-is-in-initial-active-row=\"false\" data-csa-c-id=\"fh0ixe-s5jdl7-kra81c-yg2ct4\" data-cel-widget=\"tellAmazon_feature_div\">\n<div class=\"celwidget c-f\" data-csa-op-log-render=\"\" data-csa-c-content-id=\"DsUnknown\" data-csa-c-slot-id=\"DsUnknown-3\" data-csa-c-type=\"widget\" data-csa-c-painter=\"tell-amazon-desktop-cards\" data-csa-c-id=\"hyiga4-qwuc3c-fkk27k-5qwzoa\" data-cel-widget=\"tell-amazon-desktop_DetailPage_2\"><\/div>\n<\/div>\n<\/li>\n<\/ul>","protected":false},"featured_media":644,"comment_status":"open","ping_status":"closed","template":"","meta":[],"pwb-brand":[78],"product_brand":[],"product_cat":[22],"product_tag":[73],"class_list":{"0":"post-643","1":"product","2":"type-product","3":"status-publish","4":"has-post-thumbnail","6":"pwb-brand-arturia","7":"product_cat-teclado","8":"product_tag-teclado-controlador","10":"first","11":"outofstock","12":"taxable","13":"shipping-taxable","14":"purchasable","15":"product-type-simple"},"yoast_head":"<!-- This site is optimized with the Yoast SEO plugin v27.5 - https:\/\/yoast.com\/product\/yoast-seo-wordpress\/ -->\n<title>Arturia KeyLab 88 Essential MK3 Teclado controlador MIDI de 88 teclas Hammer Action - Haway Music<\/title>\n<meta name=\"robots\" content=\"index, follow, max-snippet:-1, max-image-preview:large, max-video-preview:-1\" \/>\n<link rel=\"canonical\" href=\"https:\/\/hawaymusic.com\/es\/product\/arturia-keylab-88-essential-mk3-teclado-controlador-midi-de-61-teclas-semi-hammer-action\/\" \/>\n<meta property=\"og:locale\" content=\"es_ES\" \/>\n<meta property=\"og:type\" content=\"article\" \/>\n<meta property=\"og:title\" content=\"Arturia KeyLab 88 Essential MK3 Teclado controlador MIDI de 88 teclas Hammer Action - Haway Music\" \/>\n<meta property=\"og:description\" content=\"Sobre este art\u00edculo   88 teclas h\u00edbridas synth-piano: la misma c\u00f3moda tecla cascada, ampliada a la gama completa de piano para la xpression musical normalmente reservada para teclados de escenario premium.  Nuevas caracter\u00edsticas creativas: modo de escala, modo acorde y arpegiador, haciendo que la composici\u00f3n, la composici\u00f3n y la creaci\u00f3n de ritmos sean m\u00e1s intuitivos que nunca.  Integraci\u00f3n DAW personalizada: KeyLab Essential mk3 cuenta con scripts personalizados para un control m\u00e1s profundo sobre DAW, incluyendo Ableton Live, Logic Pro X, FL Studio y m\u00e1s.  Ajustes preestablecidos m\u00e1s vers\u00e1tiles: los ajustes preestablecidos de 2000 incluidos con Analog Lab Pro ya no se limitan a sonidos vintage; los usuarios pueden disfrutar de h\u00edbridos \u00fanicos, sintetizadores modernos, sonidos orquestales y m\u00e1s.  Controles e interfaz m\u00e1s sencillos: almohadillas con retroiluminaci\u00f3n RGB con sensibilidad a la velocidad y la presi\u00f3n, botones contextuales y una nueva pantalla LCD brillante de 2.5 pulgadas para retroalimentaci\u00f3n en tiempo real. Paquete de software ampliado para principiantes y profesionales: ahora incluye Analog Lab Pro, 2 pianos (modelo UVI D, The Gentleman de NI), adem\u00e1s de suscripciones a Loopcloud y Melodics.\" \/>\n<meta property=\"og:url\" content=\"https:\/\/hawaymusic.com\/es\/product\/arturia-keylab-88-essential-mk3-teclado-controlador-midi-de-61-teclas-semi-hammer-action\/\" \/>\n<meta property=\"og:site_name\" content=\"Haway Music\" \/>\n<meta property=\"article:modified_time\" content=\"2026-03-15T22:52:54+00:00\" \/>\n<meta property=\"og:image\" content=\"https:\/\/hawaymusic.com\/wp-content\/uploads\/2024\/05\/essentials.jpeg\" \/>\n\t<meta property=\"og:image:width\" content=\"600\" \/>\n\t<meta property=\"og:image:height\" content=\"600\" \/>\n\t<meta property=\"og:image:type\" content=\"image\/jpeg\" \/>\n<meta name=\"twitter:card\" content=\"summary_large_image\" \/>\n<meta name=\"twitter:label1\" content=\"Tiempo de lectura\" \/>\n\t<meta name=\"twitter:data1\" content=\"2 minutos\" \/>\n<script type=\"application\/ld+json\" class=\"yoast-schema-graph\">{\"@context\":\"https:\\\/\\\/schema.org\",\"@graph\":[{\"@type\":\"WebPage\",\"@id\":\"https:\\\/\\\/hawaymusic.com\\\/product\\\/arturia-keylab-88-essential-mk3-teclado-controlador-midi-de-61-teclas-semi-hammer-action\\\/\",\"url\":\"https:\\\/\\\/hawaymusic.com\\\/product\\\/arturia-keylab-88-essential-mk3-teclado-controlador-midi-de-61-teclas-semi-hammer-action\\\/\",\"name\":\"Arturia KeyLab 88 Essential MK3 Teclado controlador MIDI de 88 teclas Hammer Action - Haway Music\",\"isPartOf\":{\"@id\":\"https:\\\/\\\/hawaymusic.com\\\/#website\"},\"primaryImageOfPage\":{\"@id\":\"https:\\\/\\\/hawaymusic.com\\\/product\\\/arturia-keylab-88-essential-mk3-teclado-controlador-midi-de-61-teclas-semi-hammer-action\\\/#primaryimage\"},\"image\":{\"@id\":\"https:\\\/\\\/hawaymusic.com\\\/product\\\/arturia-keylab-88-essential-mk3-teclado-controlador-midi-de-61-teclas-semi-hammer-action\\\/#primaryimage\"},\"thumbnailUrl\":\"https:\\\/\\\/i0.wp.com\\\/hawaymusic.com\\\/wp-content\\\/uploads\\\/2024\\\/05\\\/essentials.jpeg?fit=600%2C600&ssl=1\",\"datePublished\":\"2024-05-16T15:45:15+00:00\",\"dateModified\":\"2026-03-15T22:52:54+00:00\",\"breadcrumb\":{\"@id\":\"https:\\\/\\\/hawaymusic.com\\\/product\\\/arturia-keylab-88-essential-mk3-teclado-controlador-midi-de-61-teclas-semi-hammer-action\\\/#breadcrumb\"},\"inLanguage\":\"es-CO\",\"potentialAction\":[{\"@type\":\"ReadAction\",\"target\":[\"https:\\\/\\\/hawaymusic.com\\\/product\\\/arturia-keylab-88-essential-mk3-teclado-controlador-midi-de-61-teclas-semi-hammer-action\\\/\"]}]},{\"@type\":\"ImageObject\",\"inLanguage\":\"es-CO\",\"@id\":\"https:\\\/\\\/hawaymusic.com\\\/product\\\/arturia-keylab-88-essential-mk3-teclado-controlador-midi-de-61-teclas-semi-hammer-action\\\/#primaryimage\",\"url\":\"https:\\\/\\\/i0.wp.com\\\/hawaymusic.com\\\/wp-content\\\/uploads\\\/2024\\\/05\\\/essentials.jpeg?fit=600%2C600&ssl=1\",\"contentUrl\":\"https:\\\/\\\/i0.wp.com\\\/hawaymusic.com\\\/wp-content\\\/uploads\\\/2024\\\/05\\\/essentials.jpeg?fit=600%2C600&ssl=1\",\"width\":600,\"height\":600},{\"@type\":\"BreadcrumbList\",\"@id\":\"https:\\\/\\\/hawaymusic.com\\\/product\\\/arturia-keylab-88-essential-mk3-teclado-controlador-midi-de-61-teclas-semi-hammer-action\\\/#breadcrumb\",\"itemListElement\":[{\"@type\":\"ListItem\",\"position\":1,\"name\":\"Inicio\",\"item\":\"https:\\\/\\\/hawaymusic.com\\\/\"},{\"@type\":\"ListItem\",\"position\":2,\"name\":\"Shop\",\"item\":\"https:\\\/\\\/hawaymusic.com\\\/shop\\\/\"},{\"@type\":\"ListItem\",\"position\":3,\"name\":\"Arturia KeyLab 88 Essential MK3 Teclado controlador MIDI de 88 teclas Hammer Action\"}]},{\"@type\":\"WebSite\",\"@id\":\"https:\\\/\\\/hawaymusic.com\\\/#website\",\"url\":\"https:\\\/\\\/hawaymusic.com\\\/\",\"name\":\"Haway Music\",\"description\":\"La mejor tienda de instrumentos musicales en Ecuador\",\"potentialAction\":[{\"@type\":\"SearchAction\",\"target\":{\"@type\":\"EntryPoint\",\"urlTemplate\":\"https:\\\/\\\/hawaymusic.com\\\/?s={search_term_string}\"},\"query-input\":{\"@type\":\"PropertyValueSpecification\",\"valueRequired\":true,\"valueName\":\"search_term_string\"}}],\"inLanguage\":\"es-CO\"}]}<\/script>\n<!-- \/ Yoast SEO plugin. -->","yoast_head_json":{"title":"Arturia KeyLab 88 Essential MK3 Teclado controlador MIDI de 88 teclas Hammer Action - Haway Music","robots":{"index":"index","follow":"follow","max-snippet":"max-snippet:-1","max-image-preview":"max-image-preview:large","max-video-preview":"max-video-preview:-1"},"canonical":"https:\/\/hawaymusic.com\/es\/product\/arturia-keylab-88-essential-mk3-teclado-controlador-midi-de-61-teclas-semi-hammer-action\/","og_locale":"es_ES","og_type":"article","og_title":"Arturia KeyLab 88 Essential MK3 Teclado controlador MIDI de 88 teclas Hammer Action - Haway Music","og_description":"Sobre este art\u00edculo   88 teclas h\u00edbridas synth-piano: la misma c\u00f3moda tecla cascada, ampliada a la gama completa de piano para la xpression musical normalmente reservada para teclados de escenario premium.  Nuevas caracter\u00edsticas creativas: modo de escala, modo acorde y arpegiador, haciendo que la composici\u00f3n, la composici\u00f3n y la creaci\u00f3n de ritmos sean m\u00e1s intuitivos que nunca.  Integraci\u00f3n DAW personalizada: KeyLab Essential mk3 cuenta con scripts personalizados para un control m\u00e1s profundo sobre DAW, incluyendo Ableton Live, Logic Pro X, FL Studio y m\u00e1s.  Ajustes preestablecidos m\u00e1s vers\u00e1tiles: los ajustes preestablecidos de 2000 incluidos con Analog Lab Pro ya no se limitan a sonidos vintage; los usuarios pueden disfrutar de h\u00edbridos \u00fanicos, sintetizadores modernos, sonidos orquestales y m\u00e1s.  Controles e interfaz m\u00e1s sencillos: almohadillas con retroiluminaci\u00f3n RGB con sensibilidad a la velocidad y la presi\u00f3n, botones contextuales y una nueva pantalla LCD brillante de 2.5 pulgadas para retroalimentaci\u00f3n en tiempo real. Paquete de software ampliado para principiantes y profesionales: ahora incluye Analog Lab Pro, 2 pianos (modelo UVI D, The Gentleman de NI), adem\u00e1s de suscripciones a Loopcloud y Melodics.","og_url":"https:\/\/hawaymusic.com\/es\/product\/arturia-keylab-88-essential-mk3-teclado-controlador-midi-de-61-teclas-semi-hammer-action\/","og_site_name":"Haway Music","article_modified_time":"2026-03-15T22:52:54+00:00","og_image":[{"width":600,"height":600,"url":"https:\/\/hawaymusic.com\/wp-content\/uploads\/2024\/05\/essentials.jpeg","type":"image\/jpeg"}],"twitter_card":"summary_large_image","twitter_misc":{"Tiempo de lectura":"2 minutos"},"schema":{"@context":"https:\/\/schema.org","@graph":[{"@type":"WebPage","@id":"https:\/\/hawaymusic.com\/product\/arturia-keylab-88-essential-mk3-teclado-controlador-midi-de-61-teclas-semi-hammer-action\/","url":"https:\/\/hawaymusic.com\/product\/arturia-keylab-88-essential-mk3-teclado-controlador-midi-de-61-teclas-semi-hammer-action\/","name":"Arturia KeyLab 88 Essential MK3 Teclado controlador MIDI de 88 teclas Hammer Action - Haway Music","isPartOf":{"@id":"https:\/\/hawaymusic.com\/#website"},"primaryImageOfPage":{"@id":"https:\/\/hawaymusic.com\/product\/arturia-keylab-88-essential-mk3-teclado-controlador-midi-de-61-teclas-semi-hammer-action\/#primaryimage"},"image":{"@id":"https:\/\/hawaymusic.com\/product\/arturia-keylab-88-essential-mk3-teclado-controlador-midi-de-61-teclas-semi-hammer-action\/#primaryimage"},"thumbnailUrl":"https:\/\/i0.wp.com\/hawaymusic.com\/wp-content\/uploads\/2024\/05\/essentials.jpeg?fit=600%2C600&ssl=1","datePublished":"2024-05-16T15:45:15+00:00","dateModified":"2026-03-15T22:52:54+00:00","breadcrumb":{"@id":"https:\/\/hawaymusic.com\/product\/arturia-keylab-88-essential-mk3-teclado-controlador-midi-de-61-teclas-semi-hammer-action\/#breadcrumb"},"inLanguage":"es-CO","potentialAction":[{"@type":"ReadAction","target":["https:\/\/hawaymusic.com\/product\/arturia-keylab-88-essential-mk3-teclado-controlador-midi-de-61-teclas-semi-hammer-action\/"]}]},{"@type":"ImageObject","inLanguage":"es-CO","@id":"https:\/\/hawaymusic.com\/product\/arturia-keylab-88-essential-mk3-teclado-controlador-midi-de-61-teclas-semi-hammer-action\/#primaryimage","url":"https:\/\/i0.wp.com\/hawaymusic.com\/wp-content\/uploads\/2024\/05\/essentials.jpeg?fit=600%2C600&ssl=1","contentUrl":"https:\/\/i0.wp.com\/hawaymusic.com\/wp-content\/uploads\/2024\/05\/essentials.jpeg?fit=600%2C600&ssl=1","width":600,"height":600},{"@type":"BreadcrumbList","@id":"https:\/\/hawaymusic.com\/product\/arturia-keylab-88-essential-mk3-teclado-controlador-midi-de-61-teclas-semi-hammer-action\/#breadcrumb","itemListElement":[{"@type":"ListItem","position":1,"name":"Inicio","item":"https:\/\/hawaymusic.com\/"},{"@type":"ListItem","position":2,"name":"Shop","item":"https:\/\/hawaymusic.com\/shop\/"},{"@type":"ListItem","position":3,"name":"Arturia KeyLab 88 Essential MK3 Teclado controlador MIDI de 88 teclas Hammer Action"}]},{"@type":"WebSite","@id":"https:\/\/hawaymusic.com\/#website","url":"https:\/\/hawaymusic.com\/","name":"Haway Music","description":"La mejor tienda de instrumentos musicales en Ecuador","potentialAction":[{"@type":"SearchAction","target":{"@type":"EntryPoint","urlTemplate":"https:\/\/hawaymusic.com\/?s={search_term_string}"},"query-input":{"@type":"PropertyValueSpecification","valueRequired":true,"valueName":"search_term_string"}}],"inLanguage":"es-CO"}]}},"jetpack_sharing_enabled":true,"brands":[{"id":78,"name":"Arturia","slug":"arturia"}],"_links":{"self":[{"href":"https:\/\/hawaymusic.com\/es\/wp-json\/wp\/v2\/product\/643","targetHints":{"allow":["GET"]}}],"collection":[{"href":"https:\/\/hawaymusic.com\/es\/wp-json\/wp\/v2\/product"}],"about":[{"href":"https:\/\/hawaymusic.com\/es\/wp-json\/wp\/v2\/types\/product"}],"replies":[{"embeddable":true,"href":"https:\/\/hawaymusic.com\/es\/wp-json\/wp\/v2\/comments?post=643"}],"wp:featuredmedia":[{"embeddable":true,"href":"https:\/\/hawaymusic.com\/es\/wp-json\/wp\/v2\/media\/644"}],"wp:attachment":[{"href":"https:\/\/hawaymusic.com\/es\/wp-json\/wp\/v2\/media?parent=643"}],"wp:term":[{"taxonomy":"pwb-brand","embeddable":true,"href":"https:\/\/hawaymusic.com\/es\/wp-json\/wp\/v2\/pwb-brand?post=643"},{"taxonomy":"product_brand","embeddable":true,"href":"https:\/\/hawaymusic.com\/es\/wp-json\/wp\/v2\/product_brand?post=643"},{"taxonomy":"product_cat","embeddable":true,"href":"https:\/\/hawaymusic.com\/es\/wp-json\/wp\/v2\/product_cat?post=643"},{"taxonomy":"product_tag","embeddable":true,"href":"https:\/\/hawaymusic.com\/es\/wp-json\/wp\/v2\/product_tag?post=643"}],"curies":[{"name":"wp","href":"https:\/\/api.w.org\/{rel}","templated":true}]}}