{"id":633,"date":"2024-05-13T23:28:55","date_gmt":"2024-05-13T23:28:55","guid":{"rendered":"https:\/\/hawaymusic.com\/?post_type=product&#038;p=633"},"modified":"2026-03-15T22:54:38","modified_gmt":"2026-03-15T22:54:38","slug":"morning-glory-v4-jhs-pedal-overdrive-efectos-de-guitarra","status":"publish","type":"product","link":"https:\/\/hawaymusic.com\/es\/product\/morning-glory-v4-jhs-pedal-overdrive-efectos-de-guitarra\/","title":{"rendered":"Morning Glory V4 JHS  Pedal Overdrive efectos de guitarra"},"content":{"rendered":"<h1 class=\"a-size-base-plus a-text-bold\">Sobre este art\u00edculo<\/h1>\n<ul class=\"a-unordered-list a-vertical a-spacing-mini\">\n<li class=\"a-spacing-mini\"><span class=\"a-list-item\">Dise\u00f1ado para ser uno de los overdrives m\u00e1s transparentes que existen<\/span><\/li>\n<li class=\"a-spacing-mini\"><span class=\"a-list-item\">A\u00f1ade grano de nivel medio a bajo a tu tono de cristal limpio y respuesta t\u00e1ctil similar a un amplificador menos que ideal<\/span><\/li>\n<li class=\"a-spacing-mini\"><span class=\"a-list-item\">Aumenta un tono crujiente en un soporte m\u00e1s grueso y cambia entre dos niveles de ganancia sobre la marcha<\/span><\/li>\n<li class=\"a-spacing-mini\"><span class=\"a-list-item\">Ofrece todos los matices tonales y sensibles que falta a tu amplificador, y nada que tu tono ya tenga<\/span><\/li>\n<li class=\"a-spacing-mini\"><span class=\"a-list-item\">Gain Control barre de completamente limpio al rock &#8216;n&#8217; roll<\/span><\/li>\n<li class=\"a-spacing-mini\"><span class=\"a-list-item\">Domina la gama alta en plataformas m\u00e1s brillantes con el interruptor de corte brillante montado en el lateral<\/span><\/li>\n<li class=\"a-spacing-mini\"><span class=\"a-list-item\">Cuenta con un mayor espacio libre y salida para su uso como aumento de frecuencia completa<\/span><\/li>\n<\/ul>","protected":false},"excerpt":{"rendered":"<h1 class=\"a-size-base-plus a-text-bold\">Sobre este art\u00edculo<\/h1>\n<ul class=\"a-unordered-list a-vertical a-spacing-mini\">\n<li class=\"a-spacing-mini\"><span class=\"a-list-item\">Dise\u00f1ado para ser uno de los overdrives m\u00e1s transparentes que existen<\/span><\/li>\n<li class=\"a-spacing-mini\"><span class=\"a-list-item\">A\u00f1ade grano de nivel medio a bajo a tu tono de cristal limpio y respuesta t\u00e1ctil similar a un amplificador menos que ideal<\/span><\/li>\n<li class=\"a-spacing-mini\"><span class=\"a-list-item\">Aumenta un tono crujiente en un soporte m\u00e1s grueso y cambia entre dos niveles de ganancia sobre la marcha<\/span><\/li>\n<li class=\"a-spacing-mini\"><span class=\"a-list-item\">Ofrece todos los matices tonales y sensibles que falta a tu amplificador, y nada que tu tono ya tenga<\/span><\/li>\n<li class=\"a-spacing-mini\"><span class=\"a-list-item\">Gain Control barre de completamente limpio al rock &#8216;n&#8217; roll<\/span><\/li>\n<li class=\"a-spacing-mini\"><span class=\"a-list-item\">Domina la gama alta en plataformas m\u00e1s brillantes con el interruptor de corte brillante montado en el lateral<\/span><\/li>\n<li class=\"a-spacing-mini\"><span class=\"a-list-item\">Cuenta con un mayor espacio libre y salida para su uso como aumento de frecuencia completa<\/span><\/li>\n<\/ul>","protected":false},"featured_media":634,"comment_status":"open","ping_status":"closed","template":"","meta":[],"pwb-brand":[76],"product_brand":[],"product_cat":[16],"product_tag":[],"class_list":{"0":"post-633","1":"product","2":"type-product","3":"status-publish","4":"has-post-thumbnail","6":"pwb-brand-jhs","7":"product_cat-pedal-guitarra","9":"first","10":"instock","11":"taxable","12":"shipping-taxable","13":"purchasable","14":"product-type-simple"},"yoast_head":"<!-- This site is optimized with the Yoast SEO plugin v27.5 - https:\/\/yoast.com\/product\/yoast-seo-wordpress\/ -->\n<title>Morning Glory V4 JHS Pedal Overdrive efectos de guitarra - Haway Music<\/title>\n<meta name=\"robots\" content=\"index, follow, max-snippet:-1, max-image-preview:large, max-video-preview:-1\" \/>\n<link rel=\"canonical\" href=\"https:\/\/hawaymusic.com\/es\/product\/morning-glory-v4-jhs-pedal-overdrive-efectos-de-guitarra\/\" \/>\n<meta property=\"og:locale\" content=\"es_ES\" \/>\n<meta property=\"og:type\" content=\"article\" \/>\n<meta property=\"og:title\" content=\"Morning Glory V4 JHS Pedal Overdrive efectos de guitarra - Haway Music\" \/>\n<meta property=\"og:description\" content=\"Sobre este art\u00edculo   Dise\u00f1ado para ser uno de los overdrives m\u00e1s transparentes que existen  A\u00f1ade grano de nivel medio a bajo a tu tono de cristal limpio y respuesta t\u00e1ctil similar a un amplificador menos que ideal  Aumenta un tono crujiente en un soporte m\u00e1s grueso y cambia entre dos niveles de ganancia sobre la marcha  Ofrece todos los matices tonales y sensibles que falta a tu amplificador, y nada que tu tono ya tenga  Gain Control barre de completamente limpio al rock &#039;n&#039; roll  Domina la gama alta en plataformas m\u00e1s brillantes con el interruptor de corte brillante montado en el lateral  Cuenta con un mayor espacio libre y salida para su uso como aumento de frecuencia completa\" \/>\n<meta property=\"og:url\" content=\"https:\/\/hawaymusic.com\/es\/product\/morning-glory-v4-jhs-pedal-overdrive-efectos-de-guitarra\/\" \/>\n<meta property=\"og:site_name\" content=\"Haway Music\" \/>\n<meta property=\"article:modified_time\" content=\"2026-03-15T22:54:38+00:00\" \/>\n<meta property=\"og:image\" content=\"https:\/\/hawaymusic.com\/wp-content\/uploads\/2024\/05\/JHSPedalsMorningGloryV4side_1100x.webp\" \/>\n\t<meta property=\"og:image:width\" content=\"1100\" \/>\n\t<meta property=\"og:image:height\" content=\"1100\" \/>\n\t<meta property=\"og:image:type\" content=\"image\/webp\" \/>\n<meta name=\"twitter:card\" content=\"summary_large_image\" \/>\n<meta name=\"twitter:label1\" content=\"Tiempo de lectura\" \/>\n\t<meta name=\"twitter:data1\" content=\"1 minuto\" \/>\n<script type=\"application\/ld+json\" class=\"yoast-schema-graph\">{\"@context\":\"https:\\\/\\\/schema.org\",\"@graph\":[{\"@type\":\"WebPage\",\"@id\":\"https:\\\/\\\/hawaymusic.com\\\/product\\\/morning-glory-v4-jhs-pedal-overdrive-efectos-de-guitarra\\\/\",\"url\":\"https:\\\/\\\/hawaymusic.com\\\/product\\\/morning-glory-v4-jhs-pedal-overdrive-efectos-de-guitarra\\\/\",\"name\":\"Morning Glory V4 JHS Pedal Overdrive efectos de guitarra - Haway Music\",\"isPartOf\":{\"@id\":\"https:\\\/\\\/hawaymusic.com\\\/#website\"},\"primaryImageOfPage\":{\"@id\":\"https:\\\/\\\/hawaymusic.com\\\/product\\\/morning-glory-v4-jhs-pedal-overdrive-efectos-de-guitarra\\\/#primaryimage\"},\"image\":{\"@id\":\"https:\\\/\\\/hawaymusic.com\\\/product\\\/morning-glory-v4-jhs-pedal-overdrive-efectos-de-guitarra\\\/#primaryimage\"},\"thumbnailUrl\":\"https:\\\/\\\/i0.wp.com\\\/hawaymusic.com\\\/wp-content\\\/uploads\\\/2024\\\/05\\\/JHSPedalsMorningGloryV4side_1100x.webp?fit=1100%2C1100&ssl=1\",\"datePublished\":\"2024-05-13T23:28:55+00:00\",\"dateModified\":\"2026-03-15T22:54:38+00:00\",\"breadcrumb\":{\"@id\":\"https:\\\/\\\/hawaymusic.com\\\/product\\\/morning-glory-v4-jhs-pedal-overdrive-efectos-de-guitarra\\\/#breadcrumb\"},\"inLanguage\":\"es-CO\",\"potentialAction\":[{\"@type\":\"ReadAction\",\"target\":[\"https:\\\/\\\/hawaymusic.com\\\/product\\\/morning-glory-v4-jhs-pedal-overdrive-efectos-de-guitarra\\\/\"]}]},{\"@type\":\"ImageObject\",\"inLanguage\":\"es-CO\",\"@id\":\"https:\\\/\\\/hawaymusic.com\\\/product\\\/morning-glory-v4-jhs-pedal-overdrive-efectos-de-guitarra\\\/#primaryimage\",\"url\":\"https:\\\/\\\/i0.wp.com\\\/hawaymusic.com\\\/wp-content\\\/uploads\\\/2024\\\/05\\\/JHSPedalsMorningGloryV4side_1100x.webp?fit=1100%2C1100&ssl=1\",\"contentUrl\":\"https:\\\/\\\/i0.wp.com\\\/hawaymusic.com\\\/wp-content\\\/uploads\\\/2024\\\/05\\\/JHSPedalsMorningGloryV4side_1100x.webp?fit=1100%2C1100&ssl=1\",\"width\":1100,\"height\":1100},{\"@type\":\"BreadcrumbList\",\"@id\":\"https:\\\/\\\/hawaymusic.com\\\/product\\\/morning-glory-v4-jhs-pedal-overdrive-efectos-de-guitarra\\\/#breadcrumb\",\"itemListElement\":[{\"@type\":\"ListItem\",\"position\":1,\"name\":\"Inicio\",\"item\":\"https:\\\/\\\/hawaymusic.com\\\/\"},{\"@type\":\"ListItem\",\"position\":2,\"name\":\"Shop\",\"item\":\"https:\\\/\\\/hawaymusic.com\\\/shop\\\/\"},{\"@type\":\"ListItem\",\"position\":3,\"name\":\"Morning Glory V4 JHS Pedal Overdrive efectos de guitarra\"}]},{\"@type\":\"WebSite\",\"@id\":\"https:\\\/\\\/hawaymusic.com\\\/#website\",\"url\":\"https:\\\/\\\/hawaymusic.com\\\/\",\"name\":\"Haway Music\",\"description\":\"La mejor tienda de instrumentos musicales en Ecuador\",\"potentialAction\":[{\"@type\":\"SearchAction\",\"target\":{\"@type\":\"EntryPoint\",\"urlTemplate\":\"https:\\\/\\\/hawaymusic.com\\\/?s={search_term_string}\"},\"query-input\":{\"@type\":\"PropertyValueSpecification\",\"valueRequired\":true,\"valueName\":\"search_term_string\"}}],\"inLanguage\":\"es-CO\"}]}<\/script>\n<!-- \/ Yoast SEO plugin. -->","yoast_head_json":{"title":"Morning Glory V4 JHS Pedal Overdrive efectos de guitarra - Haway Music","robots":{"index":"index","follow":"follow","max-snippet":"max-snippet:-1","max-image-preview":"max-image-preview:large","max-video-preview":"max-video-preview:-1"},"canonical":"https:\/\/hawaymusic.com\/es\/product\/morning-glory-v4-jhs-pedal-overdrive-efectos-de-guitarra\/","og_locale":"es_ES","og_type":"article","og_title":"Morning Glory V4 JHS Pedal Overdrive efectos de guitarra - Haway Music","og_description":"Sobre este art\u00edculo   Dise\u00f1ado para ser uno de los overdrives m\u00e1s transparentes que existen  A\u00f1ade grano de nivel medio a bajo a tu tono de cristal limpio y respuesta t\u00e1ctil similar a un amplificador menos que ideal  Aumenta un tono crujiente en un soporte m\u00e1s grueso y cambia entre dos niveles de ganancia sobre la marcha  Ofrece todos los matices tonales y sensibles que falta a tu amplificador, y nada que tu tono ya tenga  Gain Control barre de completamente limpio al rock 'n' roll  Domina la gama alta en plataformas m\u00e1s brillantes con el interruptor de corte brillante montado en el lateral  Cuenta con un mayor espacio libre y salida para su uso como aumento de frecuencia completa","og_url":"https:\/\/hawaymusic.com\/es\/product\/morning-glory-v4-jhs-pedal-overdrive-efectos-de-guitarra\/","og_site_name":"Haway Music","article_modified_time":"2026-03-15T22:54:38+00:00","og_image":[{"width":1100,"height":1100,"url":"https:\/\/hawaymusic.com\/wp-content\/uploads\/2024\/05\/JHSPedalsMorningGloryV4side_1100x.webp","type":"image\/webp"}],"twitter_card":"summary_large_image","twitter_misc":{"Tiempo de lectura":"1 minuto"},"schema":{"@context":"https:\/\/schema.org","@graph":[{"@type":"WebPage","@id":"https:\/\/hawaymusic.com\/product\/morning-glory-v4-jhs-pedal-overdrive-efectos-de-guitarra\/","url":"https:\/\/hawaymusic.com\/product\/morning-glory-v4-jhs-pedal-overdrive-efectos-de-guitarra\/","name":"Morning Glory V4 JHS Pedal Overdrive efectos de guitarra - Haway Music","isPartOf":{"@id":"https:\/\/hawaymusic.com\/#website"},"primaryImageOfPage":{"@id":"https:\/\/hawaymusic.com\/product\/morning-glory-v4-jhs-pedal-overdrive-efectos-de-guitarra\/#primaryimage"},"image":{"@id":"https:\/\/hawaymusic.com\/product\/morning-glory-v4-jhs-pedal-overdrive-efectos-de-guitarra\/#primaryimage"},"thumbnailUrl":"https:\/\/i0.wp.com\/hawaymusic.com\/wp-content\/uploads\/2024\/05\/JHSPedalsMorningGloryV4side_1100x.webp?fit=1100%2C1100&ssl=1","datePublished":"2024-05-13T23:28:55+00:00","dateModified":"2026-03-15T22:54:38+00:00","breadcrumb":{"@id":"https:\/\/hawaymusic.com\/product\/morning-glory-v4-jhs-pedal-overdrive-efectos-de-guitarra\/#breadcrumb"},"inLanguage":"es-CO","potentialAction":[{"@type":"ReadAction","target":["https:\/\/hawaymusic.com\/product\/morning-glory-v4-jhs-pedal-overdrive-efectos-de-guitarra\/"]}]},{"@type":"ImageObject","inLanguage":"es-CO","@id":"https:\/\/hawaymusic.com\/product\/morning-glory-v4-jhs-pedal-overdrive-efectos-de-guitarra\/#primaryimage","url":"https:\/\/i0.wp.com\/hawaymusic.com\/wp-content\/uploads\/2024\/05\/JHSPedalsMorningGloryV4side_1100x.webp?fit=1100%2C1100&ssl=1","contentUrl":"https:\/\/i0.wp.com\/hawaymusic.com\/wp-content\/uploads\/2024\/05\/JHSPedalsMorningGloryV4side_1100x.webp?fit=1100%2C1100&ssl=1","width":1100,"height":1100},{"@type":"BreadcrumbList","@id":"https:\/\/hawaymusic.com\/product\/morning-glory-v4-jhs-pedal-overdrive-efectos-de-guitarra\/#breadcrumb","itemListElement":[{"@type":"ListItem","position":1,"name":"Inicio","item":"https:\/\/hawaymusic.com\/"},{"@type":"ListItem","position":2,"name":"Shop","item":"https:\/\/hawaymusic.com\/shop\/"},{"@type":"ListItem","position":3,"name":"Morning Glory V4 JHS Pedal Overdrive efectos de guitarra"}]},{"@type":"WebSite","@id":"https:\/\/hawaymusic.com\/#website","url":"https:\/\/hawaymusic.com\/","name":"Haway Music","description":"La mejor tienda de instrumentos musicales en Ecuador","potentialAction":[{"@type":"SearchAction","target":{"@type":"EntryPoint","urlTemplate":"https:\/\/hawaymusic.com\/?s={search_term_string}"},"query-input":{"@type":"PropertyValueSpecification","valueRequired":true,"valueName":"search_term_string"}}],"inLanguage":"es-CO"}]}},"jetpack_sharing_enabled":true,"brands":[{"id":76,"name":"Jhs","slug":"jhs"}],"_links":{"self":[{"href":"https:\/\/hawaymusic.com\/es\/wp-json\/wp\/v2\/product\/633","targetHints":{"allow":["GET"]}}],"collection":[{"href":"https:\/\/hawaymusic.com\/es\/wp-json\/wp\/v2\/product"}],"about":[{"href":"https:\/\/hawaymusic.com\/es\/wp-json\/wp\/v2\/types\/product"}],"replies":[{"embeddable":true,"href":"https:\/\/hawaymusic.com\/es\/wp-json\/wp\/v2\/comments?post=633"}],"wp:featuredmedia":[{"embeddable":true,"href":"https:\/\/hawaymusic.com\/es\/wp-json\/wp\/v2\/media\/634"}],"wp:attachment":[{"href":"https:\/\/hawaymusic.com\/es\/wp-json\/wp\/v2\/media?parent=633"}],"wp:term":[{"taxonomy":"pwb-brand","embeddable":true,"href":"https:\/\/hawaymusic.com\/es\/wp-json\/wp\/v2\/pwb-brand?post=633"},{"taxonomy":"product_brand","embeddable":true,"href":"https:\/\/hawaymusic.com\/es\/wp-json\/wp\/v2\/product_brand?post=633"},{"taxonomy":"product_cat","embeddable":true,"href":"https:\/\/hawaymusic.com\/es\/wp-json\/wp\/v2\/product_cat?post=633"},{"taxonomy":"product_tag","embeddable":true,"href":"https:\/\/hawaymusic.com\/es\/wp-json\/wp\/v2\/product_tag?post=633"}],"curies":[{"name":"wp","href":"https:\/\/api.w.org\/{rel}","templated":true}]}}