{"id":627,"date":"2024-05-13T23:14:25","date_gmt":"2024-05-13T23:14:25","guid":{"rendered":"https:\/\/hawaymusic.com\/?post_type=product&#038;p=627"},"modified":"2026-03-15T22:55:02","modified_gmt":"2026-03-15T22:55:02","slug":"jhs-the-at-plus-overdrive-pedal-de-efectos-para-guitarra","status":"publish","type":"product","link":"https:\/\/hawaymusic.com\/es\/product\/jhs-the-at-plus-overdrive-pedal-de-efectos-para-guitarra\/","title":{"rendered":"JHS The At + Plus Overdrive pedal de efectos para guitarra"},"content":{"rendered":"<h1 class=\"a-size-base-plus a-text-bold\">Sobre este art\u00edculo<\/h1>\n<ul class=\"a-unordered-list a-vertical a-spacing-mini\">\n<li class=\"a-spacing-mini\"><span class=\"a-list-item\">El canal de accionamiento del AT+ es id\u00e9ntico al pedal AT+ original<\/span><\/li>\n<li class=\"a-spacing-mini\"><span class=\"a-list-item\">Controles de volumen, ecualizador, accionamiento, aire<\/span><\/li>\n<li class=\"a-spacing-mini\"><span class=\"a-list-item\">Palanca de tres v\u00edas para modos de 25 vatios, 50 vatios o 100 vatios<\/span><\/li>\n<li class=\"a-spacing-mini\"><span class=\"a-list-item\">El impulso conmutable de pie independiente Essential crea un segundo canal y etapa de ganancia<\/span><\/li>\n<li class=\"a-spacing-mini\"><span class=\"a-list-item\">Requiere potencia negativa est\u00e1ndar de 9 V CC<\/span><\/li>\n<\/ul>","protected":false},"excerpt":{"rendered":"<h1 class=\"a-size-base-plus a-text-bold\">Sobre este art\u00edculo<\/h1>\n<ul class=\"a-unordered-list a-vertical a-spacing-mini\">\n<li class=\"a-spacing-mini\"><span class=\"a-list-item\">El canal de accionamiento del AT+ es id\u00e9ntico al pedal AT+ original<\/span><\/li>\n<li class=\"a-spacing-mini\"><span class=\"a-list-item\">Controles de volumen, ecualizador, accionamiento, aire<\/span><\/li>\n<li class=\"a-spacing-mini\"><span class=\"a-list-item\">Palanca de tres v\u00edas para modos de 25 vatios, 50 vatios o 100 vatios<\/span><\/li>\n<li class=\"a-spacing-mini\"><span class=\"a-list-item\">El impulso conmutable de pie independiente Essential crea un segundo canal y etapa de ganancia<\/span><\/li>\n<li class=\"a-spacing-mini\"><span class=\"a-list-item\">Requiere potencia negativa est\u00e1ndar de 9 V CC<\/span><\/li>\n<\/ul>","protected":false},"featured_media":628,"comment_status":"open","ping_status":"closed","template":"","meta":[],"pwb-brand":[76],"product_brand":[],"product_cat":[16],"product_tag":[],"class_list":{"0":"post-627","1":"product","2":"type-product","3":"status-publish","4":"has-post-thumbnail","6":"pwb-brand-jhs","7":"product_cat-pedal-guitarra","9":"first","10":"outofstock","11":"taxable","12":"shipping-taxable","13":"purchasable","14":"product-type-simple"},"yoast_head":"<!-- This site is optimized with the Yoast SEO plugin v27.5 - https:\/\/yoast.com\/product\/yoast-seo-wordpress\/ -->\n<title>JHS The At + Plus Overdrive pedal de efectos para guitarra - Haway Music<\/title>\n<meta name=\"robots\" content=\"index, follow, max-snippet:-1, max-image-preview:large, max-video-preview:-1\" \/>\n<link rel=\"canonical\" href=\"https:\/\/hawaymusic.com\/es\/product\/jhs-the-at-plus-overdrive-pedal-de-efectos-para-guitarra\/\" \/>\n<meta property=\"og:locale\" content=\"es_ES\" \/>\n<meta property=\"og:type\" content=\"article\" \/>\n<meta property=\"og:title\" content=\"JHS The At + Plus Overdrive pedal de efectos para guitarra - Haway Music\" \/>\n<meta property=\"og:description\" content=\"Sobre este art\u00edculo   El canal de accionamiento del AT+ es id\u00e9ntico al pedal AT+ original  Controles de volumen, ecualizador, accionamiento, aire  Palanca de tres v\u00edas para modos de 25 vatios, 50 vatios o 100 vatios  El impulso conmutable de pie independiente Essential crea un segundo canal y etapa de ganancia  Requiere potencia negativa est\u00e1ndar de 9 V CC\" \/>\n<meta property=\"og:url\" content=\"https:\/\/hawaymusic.com\/es\/product\/jhs-the-at-plus-overdrive-pedal-de-efectos-para-guitarra\/\" \/>\n<meta property=\"og:site_name\" content=\"Haway Music\" \/>\n<meta property=\"article:modified_time\" content=\"2026-03-15T22:55:02+00:00\" \/>\n<meta property=\"og:image\" content=\"https:\/\/hawaymusic.com\/wp-content\/uploads\/2024\/05\/JHSPedalsAT_Red.webp\" \/>\n\t<meta property=\"og:image:width\" content=\"2500\" \/>\n\t<meta property=\"og:image:height\" content=\"2500\" \/>\n\t<meta property=\"og:image:type\" content=\"image\/webp\" \/>\n<meta name=\"twitter:card\" content=\"summary_large_image\" \/>\n<meta name=\"twitter:label1\" content=\"Tiempo de lectura\" \/>\n\t<meta name=\"twitter:data1\" content=\"1 minuto\" \/>\n<script type=\"application\/ld+json\" class=\"yoast-schema-graph\">{\"@context\":\"https:\\\/\\\/schema.org\",\"@graph\":[{\"@type\":\"WebPage\",\"@id\":\"https:\\\/\\\/hawaymusic.com\\\/product\\\/jhs-the-at-plus-overdrive-pedal-de-efectos-para-guitarra\\\/\",\"url\":\"https:\\\/\\\/hawaymusic.com\\\/product\\\/jhs-the-at-plus-overdrive-pedal-de-efectos-para-guitarra\\\/\",\"name\":\"JHS The At + Plus Overdrive pedal de efectos para guitarra - Haway Music\",\"isPartOf\":{\"@id\":\"https:\\\/\\\/hawaymusic.com\\\/#website\"},\"primaryImageOfPage\":{\"@id\":\"https:\\\/\\\/hawaymusic.com\\\/product\\\/jhs-the-at-plus-overdrive-pedal-de-efectos-para-guitarra\\\/#primaryimage\"},\"image\":{\"@id\":\"https:\\\/\\\/hawaymusic.com\\\/product\\\/jhs-the-at-plus-overdrive-pedal-de-efectos-para-guitarra\\\/#primaryimage\"},\"thumbnailUrl\":\"https:\\\/\\\/i0.wp.com\\\/hawaymusic.com\\\/wp-content\\\/uploads\\\/2024\\\/05\\\/JHSPedalsAT_Red.webp?fit=2500%2C2500&ssl=1\",\"datePublished\":\"2024-05-13T23:14:25+00:00\",\"dateModified\":\"2026-03-15T22:55:02+00:00\",\"breadcrumb\":{\"@id\":\"https:\\\/\\\/hawaymusic.com\\\/product\\\/jhs-the-at-plus-overdrive-pedal-de-efectos-para-guitarra\\\/#breadcrumb\"},\"inLanguage\":\"es-CO\",\"potentialAction\":[{\"@type\":\"ReadAction\",\"target\":[\"https:\\\/\\\/hawaymusic.com\\\/product\\\/jhs-the-at-plus-overdrive-pedal-de-efectos-para-guitarra\\\/\"]}]},{\"@type\":\"ImageObject\",\"inLanguage\":\"es-CO\",\"@id\":\"https:\\\/\\\/hawaymusic.com\\\/product\\\/jhs-the-at-plus-overdrive-pedal-de-efectos-para-guitarra\\\/#primaryimage\",\"url\":\"https:\\\/\\\/i0.wp.com\\\/hawaymusic.com\\\/wp-content\\\/uploads\\\/2024\\\/05\\\/JHSPedalsAT_Red.webp?fit=2500%2C2500&ssl=1\",\"contentUrl\":\"https:\\\/\\\/i0.wp.com\\\/hawaymusic.com\\\/wp-content\\\/uploads\\\/2024\\\/05\\\/JHSPedalsAT_Red.webp?fit=2500%2C2500&ssl=1\",\"width\":2500,\"height\":2500},{\"@type\":\"BreadcrumbList\",\"@id\":\"https:\\\/\\\/hawaymusic.com\\\/product\\\/jhs-the-at-plus-overdrive-pedal-de-efectos-para-guitarra\\\/#breadcrumb\",\"itemListElement\":[{\"@type\":\"ListItem\",\"position\":1,\"name\":\"Inicio\",\"item\":\"https:\\\/\\\/hawaymusic.com\\\/\"},{\"@type\":\"ListItem\",\"position\":2,\"name\":\"Shop\",\"item\":\"https:\\\/\\\/hawaymusic.com\\\/shop\\\/\"},{\"@type\":\"ListItem\",\"position\":3,\"name\":\"JHS The At + Plus Overdrive pedal de efectos para guitarra\"}]},{\"@type\":\"WebSite\",\"@id\":\"https:\\\/\\\/hawaymusic.com\\\/#website\",\"url\":\"https:\\\/\\\/hawaymusic.com\\\/\",\"name\":\"Haway Music\",\"description\":\"La mejor tienda de instrumentos musicales en Ecuador\",\"potentialAction\":[{\"@type\":\"SearchAction\",\"target\":{\"@type\":\"EntryPoint\",\"urlTemplate\":\"https:\\\/\\\/hawaymusic.com\\\/?s={search_term_string}\"},\"query-input\":{\"@type\":\"PropertyValueSpecification\",\"valueRequired\":true,\"valueName\":\"search_term_string\"}}],\"inLanguage\":\"es-CO\"}]}<\/script>\n<!-- \/ Yoast SEO plugin. -->","yoast_head_json":{"title":"JHS The At + Plus Overdrive pedal de efectos para guitarra - Haway Music","robots":{"index":"index","follow":"follow","max-snippet":"max-snippet:-1","max-image-preview":"max-image-preview:large","max-video-preview":"max-video-preview:-1"},"canonical":"https:\/\/hawaymusic.com\/es\/product\/jhs-the-at-plus-overdrive-pedal-de-efectos-para-guitarra\/","og_locale":"es_ES","og_type":"article","og_title":"JHS The At + Plus Overdrive pedal de efectos para guitarra - Haway Music","og_description":"Sobre este art\u00edculo   El canal de accionamiento del AT+ es id\u00e9ntico al pedal AT+ original  Controles de volumen, ecualizador, accionamiento, aire  Palanca de tres v\u00edas para modos de 25 vatios, 50 vatios o 100 vatios  El impulso conmutable de pie independiente Essential crea un segundo canal y etapa de ganancia  Requiere potencia negativa est\u00e1ndar de 9 V CC","og_url":"https:\/\/hawaymusic.com\/es\/product\/jhs-the-at-plus-overdrive-pedal-de-efectos-para-guitarra\/","og_site_name":"Haway Music","article_modified_time":"2026-03-15T22:55:02+00:00","og_image":[{"width":2500,"height":2500,"url":"https:\/\/hawaymusic.com\/wp-content\/uploads\/2024\/05\/JHSPedalsAT_Red.webp","type":"image\/webp"}],"twitter_card":"summary_large_image","twitter_misc":{"Tiempo de lectura":"1 minuto"},"schema":{"@context":"https:\/\/schema.org","@graph":[{"@type":"WebPage","@id":"https:\/\/hawaymusic.com\/product\/jhs-the-at-plus-overdrive-pedal-de-efectos-para-guitarra\/","url":"https:\/\/hawaymusic.com\/product\/jhs-the-at-plus-overdrive-pedal-de-efectos-para-guitarra\/","name":"JHS The At + Plus Overdrive pedal de efectos para guitarra - Haway Music","isPartOf":{"@id":"https:\/\/hawaymusic.com\/#website"},"primaryImageOfPage":{"@id":"https:\/\/hawaymusic.com\/product\/jhs-the-at-plus-overdrive-pedal-de-efectos-para-guitarra\/#primaryimage"},"image":{"@id":"https:\/\/hawaymusic.com\/product\/jhs-the-at-plus-overdrive-pedal-de-efectos-para-guitarra\/#primaryimage"},"thumbnailUrl":"https:\/\/i0.wp.com\/hawaymusic.com\/wp-content\/uploads\/2024\/05\/JHSPedalsAT_Red.webp?fit=2500%2C2500&ssl=1","datePublished":"2024-05-13T23:14:25+00:00","dateModified":"2026-03-15T22:55:02+00:00","breadcrumb":{"@id":"https:\/\/hawaymusic.com\/product\/jhs-the-at-plus-overdrive-pedal-de-efectos-para-guitarra\/#breadcrumb"},"inLanguage":"es-CO","potentialAction":[{"@type":"ReadAction","target":["https:\/\/hawaymusic.com\/product\/jhs-the-at-plus-overdrive-pedal-de-efectos-para-guitarra\/"]}]},{"@type":"ImageObject","inLanguage":"es-CO","@id":"https:\/\/hawaymusic.com\/product\/jhs-the-at-plus-overdrive-pedal-de-efectos-para-guitarra\/#primaryimage","url":"https:\/\/i0.wp.com\/hawaymusic.com\/wp-content\/uploads\/2024\/05\/JHSPedalsAT_Red.webp?fit=2500%2C2500&ssl=1","contentUrl":"https:\/\/i0.wp.com\/hawaymusic.com\/wp-content\/uploads\/2024\/05\/JHSPedalsAT_Red.webp?fit=2500%2C2500&ssl=1","width":2500,"height":2500},{"@type":"BreadcrumbList","@id":"https:\/\/hawaymusic.com\/product\/jhs-the-at-plus-overdrive-pedal-de-efectos-para-guitarra\/#breadcrumb","itemListElement":[{"@type":"ListItem","position":1,"name":"Inicio","item":"https:\/\/hawaymusic.com\/"},{"@type":"ListItem","position":2,"name":"Shop","item":"https:\/\/hawaymusic.com\/shop\/"},{"@type":"ListItem","position":3,"name":"JHS The At + Plus Overdrive pedal de efectos para guitarra"}]},{"@type":"WebSite","@id":"https:\/\/hawaymusic.com\/#website","url":"https:\/\/hawaymusic.com\/","name":"Haway Music","description":"La mejor tienda de instrumentos musicales en Ecuador","potentialAction":[{"@type":"SearchAction","target":{"@type":"EntryPoint","urlTemplate":"https:\/\/hawaymusic.com\/?s={search_term_string}"},"query-input":{"@type":"PropertyValueSpecification","valueRequired":true,"valueName":"search_term_string"}}],"inLanguage":"es-CO"}]}},"jetpack_sharing_enabled":true,"brands":[{"id":76,"name":"Jhs","slug":"jhs"}],"_links":{"self":[{"href":"https:\/\/hawaymusic.com\/es\/wp-json\/wp\/v2\/product\/627","targetHints":{"allow":["GET"]}}],"collection":[{"href":"https:\/\/hawaymusic.com\/es\/wp-json\/wp\/v2\/product"}],"about":[{"href":"https:\/\/hawaymusic.com\/es\/wp-json\/wp\/v2\/types\/product"}],"replies":[{"embeddable":true,"href":"https:\/\/hawaymusic.com\/es\/wp-json\/wp\/v2\/comments?post=627"}],"wp:featuredmedia":[{"embeddable":true,"href":"https:\/\/hawaymusic.com\/es\/wp-json\/wp\/v2\/media\/628"}],"wp:attachment":[{"href":"https:\/\/hawaymusic.com\/es\/wp-json\/wp\/v2\/media?parent=627"}],"wp:term":[{"taxonomy":"pwb-brand","embeddable":true,"href":"https:\/\/hawaymusic.com\/es\/wp-json\/wp\/v2\/pwb-brand?post=627"},{"taxonomy":"product_brand","embeddable":true,"href":"https:\/\/hawaymusic.com\/es\/wp-json\/wp\/v2\/product_brand?post=627"},{"taxonomy":"product_cat","embeddable":true,"href":"https:\/\/hawaymusic.com\/es\/wp-json\/wp\/v2\/product_cat?post=627"},{"taxonomy":"product_tag","embeddable":true,"href":"https:\/\/hawaymusic.com\/es\/wp-json\/wp\/v2\/product_tag?post=627"}],"curies":[{"name":"wp","href":"https:\/\/api.w.org\/{rel}","templated":true}]}}