{"id":624,"date":"2024-05-13T22:50:59","date_gmt":"2024-05-13T22:50:59","guid":{"rendered":"https:\/\/hawaymusic.com\/?post_type=product&#038;p=624"},"modified":"2024-05-13T23:07:57","modified_gmt":"2024-05-13T23:07:57","slug":"jhs-the-at-overdrive-pedal-de-efectos-para-guitarra","status":"publish","type":"product","link":"https:\/\/hawaymusic.com\/es\/product\/jhs-the-at-overdrive-pedal-de-efectos-para-guitarra\/","title":{"rendered":"JHS The At Overdrive pedal de efectos para guitarra"},"content":{"rendered":"<h1 class=\"a-size-base-plus a-text-bold\">Sobre este art\u00edculo<\/h1>\n<ul class=\"a-unordered-list a-vertical a-spacing-mini\">\n<li class=\"a-spacing-mini\"><span class=\"a-list-item\">El volumen act\u00faa como control de salida maestro<\/span><\/li>\n<li class=\"a-spacing-mini\"><span class=\"a-list-item\">EQ es un filtro de paso bajo que elimina frecuencias m\u00e1s altas<\/span><\/li>\n<li class=\"a-spacing-mini\"><span class=\"a-list-item\">El control de aire funciona de manera muy similar al control de presencia en la secci\u00f3n de potencia de un amplificador<\/span><\/li>\n<li class=\"a-spacing-mini\"><span class=\"a-list-item\">Acceso instant\u00e1neo a tres configuraciones diferentes de &#8220;potencia&#8221;<\/span><\/li>\n<li class=\"a-spacing-mini\"><span class=\"a-list-item\">Puede funcionar con seguridad a 18 o 9 voltios<\/span><\/li>\n<\/ul>","protected":false},"excerpt":{"rendered":"<h1 class=\"a-size-base-plus a-text-bold\">Sobre este art\u00edculo<\/h1>\n<ul class=\"a-unordered-list a-vertical a-spacing-mini\">\n<li class=\"a-spacing-mini\"><span class=\"a-list-item\">El volumen act\u00faa como control de salida maestro<\/span><\/li>\n<li class=\"a-spacing-mini\"><span class=\"a-list-item\">EQ es un filtro de paso bajo que elimina frecuencias m\u00e1s altas<\/span><\/li>\n<li class=\"a-spacing-mini\"><span class=\"a-list-item\">El control de aire funciona de manera muy similar al control de presencia en la secci\u00f3n de potencia de un amplificador<\/span><\/li>\n<li class=\"a-spacing-mini\"><span class=\"a-list-item\">Acceso instant\u00e1neo a tres configuraciones diferentes de &#8220;potencia&#8221;<\/span><\/li>\n<li class=\"a-spacing-mini\"><span class=\"a-list-item\">Puede funcionar con seguridad a 18 o 9 voltios<\/span><\/li>\n<\/ul>","protected":false},"featured_media":625,"comment_status":"open","ping_status":"closed","template":"","meta":[],"pwb-brand":[76],"product_brand":[],"product_cat":[16],"product_tag":[],"class_list":{"0":"post-624","1":"product","2":"type-product","3":"status-publish","4":"has-post-thumbnail","6":"pwb-brand-jhs","7":"product_cat-pedal-guitarra","9":"first","10":"instock","11":"taxable","12":"shipping-taxable","13":"purchasable","14":"product-type-simple"},"yoast_head":"<!-- This site is optimized with the Yoast SEO plugin v27.6 - https:\/\/yoast.com\/product\/yoast-seo-wordpress\/ -->\n<title>JHS The At Overdrive pedal de efectos para guitarra - Haway Music<\/title>\n<meta name=\"robots\" content=\"index, follow, max-snippet:-1, max-image-preview:large, max-video-preview:-1\" \/>\n<link rel=\"canonical\" href=\"https:\/\/hawaymusic.com\/es\/product\/jhs-the-at-overdrive-pedal-de-efectos-para-guitarra\/\" \/>\n<meta property=\"og:locale\" content=\"es_ES\" \/>\n<meta property=\"og:type\" content=\"article\" \/>\n<meta property=\"og:title\" content=\"JHS The At Overdrive pedal de efectos para guitarra - Haway Music\" \/>\n<meta property=\"og:description\" content=\"Sobre este art\u00edculo   El volumen act\u00faa como control de salida maestro  EQ es un filtro de paso bajo que elimina frecuencias m\u00e1s altas  El control de aire funciona de manera muy similar al control de presencia en la secci\u00f3n de potencia de un amplificador  Acceso instant\u00e1neo a tres configuraciones diferentes de &quot;potencia&quot;  Puede funcionar con seguridad a 18 o 9 voltios\" \/>\n<meta property=\"og:url\" content=\"https:\/\/hawaymusic.com\/es\/product\/jhs-the-at-overdrive-pedal-de-efectos-para-guitarra\/\" \/>\n<meta property=\"og:site_name\" content=\"Haway Music\" \/>\n<meta property=\"article:modified_time\" content=\"2024-05-13T23:07:57+00:00\" \/>\n<meta property=\"og:image\" content=\"https:\/\/hawaymusic.com\/wp-content\/uploads\/2024\/05\/jhs-at.jpeg\" \/>\n\t<meta property=\"og:image:width\" content=\"361\" \/>\n\t<meta property=\"og:image:height\" content=\"500\" \/>\n\t<meta property=\"og:image:type\" content=\"image\/jpeg\" \/>\n<meta name=\"twitter:card\" content=\"summary_large_image\" \/>\n<meta name=\"twitter:label1\" content=\"Tiempo de lectura\" \/>\n\t<meta name=\"twitter:data1\" content=\"1 minuto\" \/>\n<script type=\"application\/ld+json\" class=\"yoast-schema-graph\">{\"@context\":\"https:\\\/\\\/schema.org\",\"@graph\":[{\"@type\":\"WebPage\",\"@id\":\"https:\\\/\\\/hawaymusic.com\\\/product\\\/jhs-the-at-overdrive-pedal-de-efectos-para-guitarra\\\/\",\"url\":\"https:\\\/\\\/hawaymusic.com\\\/product\\\/jhs-the-at-overdrive-pedal-de-efectos-para-guitarra\\\/\",\"name\":\"JHS The At Overdrive pedal de efectos para guitarra - Haway Music\",\"isPartOf\":{\"@id\":\"https:\\\/\\\/hawaymusic.com\\\/#website\"},\"primaryImageOfPage\":{\"@id\":\"https:\\\/\\\/hawaymusic.com\\\/product\\\/jhs-the-at-overdrive-pedal-de-efectos-para-guitarra\\\/#primaryimage\"},\"image\":{\"@id\":\"https:\\\/\\\/hawaymusic.com\\\/product\\\/jhs-the-at-overdrive-pedal-de-efectos-para-guitarra\\\/#primaryimage\"},\"thumbnailUrl\":\"https:\\\/\\\/i0.wp.com\\\/hawaymusic.com\\\/wp-content\\\/uploads\\\/2024\\\/05\\\/jhs-at.jpeg?fit=361%2C500&ssl=1\",\"datePublished\":\"2024-05-13T22:50:59+00:00\",\"dateModified\":\"2024-05-13T23:07:57+00:00\",\"breadcrumb\":{\"@id\":\"https:\\\/\\\/hawaymusic.com\\\/product\\\/jhs-the-at-overdrive-pedal-de-efectos-para-guitarra\\\/#breadcrumb\"},\"inLanguage\":\"es-CO\",\"potentialAction\":[{\"@type\":\"ReadAction\",\"target\":[\"https:\\\/\\\/hawaymusic.com\\\/product\\\/jhs-the-at-overdrive-pedal-de-efectos-para-guitarra\\\/\"]}]},{\"@type\":\"ImageObject\",\"inLanguage\":\"es-CO\",\"@id\":\"https:\\\/\\\/hawaymusic.com\\\/product\\\/jhs-the-at-overdrive-pedal-de-efectos-para-guitarra\\\/#primaryimage\",\"url\":\"https:\\\/\\\/i0.wp.com\\\/hawaymusic.com\\\/wp-content\\\/uploads\\\/2024\\\/05\\\/jhs-at.jpeg?fit=361%2C500&ssl=1\",\"contentUrl\":\"https:\\\/\\\/i0.wp.com\\\/hawaymusic.com\\\/wp-content\\\/uploads\\\/2024\\\/05\\\/jhs-at.jpeg?fit=361%2C500&ssl=1\",\"width\":361,\"height\":500},{\"@type\":\"BreadcrumbList\",\"@id\":\"https:\\\/\\\/hawaymusic.com\\\/product\\\/jhs-the-at-overdrive-pedal-de-efectos-para-guitarra\\\/#breadcrumb\",\"itemListElement\":[{\"@type\":\"ListItem\",\"position\":1,\"name\":\"Inicio\",\"item\":\"https:\\\/\\\/hawaymusic.com\\\/\"},{\"@type\":\"ListItem\",\"position\":2,\"name\":\"Shop\",\"item\":\"https:\\\/\\\/hawaymusic.com\\\/shop\\\/\"},{\"@type\":\"ListItem\",\"position\":3,\"name\":\"JHS The At Overdrive pedal de efectos para guitarra\"}]},{\"@type\":\"WebSite\",\"@id\":\"https:\\\/\\\/hawaymusic.com\\\/#website\",\"url\":\"https:\\\/\\\/hawaymusic.com\\\/\",\"name\":\"Haway Music\",\"description\":\"La mejor tienda de instrumentos musicales en Ecuador\",\"potentialAction\":[{\"@type\":\"SearchAction\",\"target\":{\"@type\":\"EntryPoint\",\"urlTemplate\":\"https:\\\/\\\/hawaymusic.com\\\/?s={search_term_string}\"},\"query-input\":{\"@type\":\"PropertyValueSpecification\",\"valueRequired\":true,\"valueName\":\"search_term_string\"}}],\"inLanguage\":\"es-CO\"}]}<\/script>\n<!-- \/ Yoast SEO plugin. -->","yoast_head_json":{"title":"JHS The At Overdrive pedal de efectos para guitarra - Haway Music","robots":{"index":"index","follow":"follow","max-snippet":"max-snippet:-1","max-image-preview":"max-image-preview:large","max-video-preview":"max-video-preview:-1"},"canonical":"https:\/\/hawaymusic.com\/es\/product\/jhs-the-at-overdrive-pedal-de-efectos-para-guitarra\/","og_locale":"es_ES","og_type":"article","og_title":"JHS The At Overdrive pedal de efectos para guitarra - Haway Music","og_description":"Sobre este art\u00edculo   El volumen act\u00faa como control de salida maestro  EQ es un filtro de paso bajo que elimina frecuencias m\u00e1s altas  El control de aire funciona de manera muy similar al control de presencia en la secci\u00f3n de potencia de un amplificador  Acceso instant\u00e1neo a tres configuraciones diferentes de \"potencia\"  Puede funcionar con seguridad a 18 o 9 voltios","og_url":"https:\/\/hawaymusic.com\/es\/product\/jhs-the-at-overdrive-pedal-de-efectos-para-guitarra\/","og_site_name":"Haway Music","article_modified_time":"2024-05-13T23:07:57+00:00","og_image":[{"width":361,"height":500,"url":"https:\/\/hawaymusic.com\/wp-content\/uploads\/2024\/05\/jhs-at.jpeg","type":"image\/jpeg"}],"twitter_card":"summary_large_image","twitter_misc":{"Tiempo de lectura":"1 minuto"},"schema":{"@context":"https:\/\/schema.org","@graph":[{"@type":"WebPage","@id":"https:\/\/hawaymusic.com\/product\/jhs-the-at-overdrive-pedal-de-efectos-para-guitarra\/","url":"https:\/\/hawaymusic.com\/product\/jhs-the-at-overdrive-pedal-de-efectos-para-guitarra\/","name":"JHS The At Overdrive pedal de efectos para guitarra - Haway Music","isPartOf":{"@id":"https:\/\/hawaymusic.com\/#website"},"primaryImageOfPage":{"@id":"https:\/\/hawaymusic.com\/product\/jhs-the-at-overdrive-pedal-de-efectos-para-guitarra\/#primaryimage"},"image":{"@id":"https:\/\/hawaymusic.com\/product\/jhs-the-at-overdrive-pedal-de-efectos-para-guitarra\/#primaryimage"},"thumbnailUrl":"https:\/\/i0.wp.com\/hawaymusic.com\/wp-content\/uploads\/2024\/05\/jhs-at.jpeg?fit=361%2C500&ssl=1","datePublished":"2024-05-13T22:50:59+00:00","dateModified":"2024-05-13T23:07:57+00:00","breadcrumb":{"@id":"https:\/\/hawaymusic.com\/product\/jhs-the-at-overdrive-pedal-de-efectos-para-guitarra\/#breadcrumb"},"inLanguage":"es-CO","potentialAction":[{"@type":"ReadAction","target":["https:\/\/hawaymusic.com\/product\/jhs-the-at-overdrive-pedal-de-efectos-para-guitarra\/"]}]},{"@type":"ImageObject","inLanguage":"es-CO","@id":"https:\/\/hawaymusic.com\/product\/jhs-the-at-overdrive-pedal-de-efectos-para-guitarra\/#primaryimage","url":"https:\/\/i0.wp.com\/hawaymusic.com\/wp-content\/uploads\/2024\/05\/jhs-at.jpeg?fit=361%2C500&ssl=1","contentUrl":"https:\/\/i0.wp.com\/hawaymusic.com\/wp-content\/uploads\/2024\/05\/jhs-at.jpeg?fit=361%2C500&ssl=1","width":361,"height":500},{"@type":"BreadcrumbList","@id":"https:\/\/hawaymusic.com\/product\/jhs-the-at-overdrive-pedal-de-efectos-para-guitarra\/#breadcrumb","itemListElement":[{"@type":"ListItem","position":1,"name":"Inicio","item":"https:\/\/hawaymusic.com\/"},{"@type":"ListItem","position":2,"name":"Shop","item":"https:\/\/hawaymusic.com\/shop\/"},{"@type":"ListItem","position":3,"name":"JHS The At Overdrive pedal de efectos para guitarra"}]},{"@type":"WebSite","@id":"https:\/\/hawaymusic.com\/#website","url":"https:\/\/hawaymusic.com\/","name":"Haway Music","description":"La mejor tienda de instrumentos musicales en Ecuador","potentialAction":[{"@type":"SearchAction","target":{"@type":"EntryPoint","urlTemplate":"https:\/\/hawaymusic.com\/?s={search_term_string}"},"query-input":{"@type":"PropertyValueSpecification","valueRequired":true,"valueName":"search_term_string"}}],"inLanguage":"es-CO"}]}},"jetpack_sharing_enabled":true,"brands":[{"id":76,"name":"Jhs","slug":"jhs"}],"_links":{"self":[{"href":"https:\/\/hawaymusic.com\/es\/wp-json\/wp\/v2\/product\/624","targetHints":{"allow":["GET"]}}],"collection":[{"href":"https:\/\/hawaymusic.com\/es\/wp-json\/wp\/v2\/product"}],"about":[{"href":"https:\/\/hawaymusic.com\/es\/wp-json\/wp\/v2\/types\/product"}],"replies":[{"embeddable":true,"href":"https:\/\/hawaymusic.com\/es\/wp-json\/wp\/v2\/comments?post=624"}],"wp:featuredmedia":[{"embeddable":true,"href":"https:\/\/hawaymusic.com\/es\/wp-json\/wp\/v2\/media\/625"}],"wp:attachment":[{"href":"https:\/\/hawaymusic.com\/es\/wp-json\/wp\/v2\/media?parent=624"}],"wp:term":[{"taxonomy":"pwb-brand","embeddable":true,"href":"https:\/\/hawaymusic.com\/es\/wp-json\/wp\/v2\/pwb-brand?post=624"},{"taxonomy":"product_brand","embeddable":true,"href":"https:\/\/hawaymusic.com\/es\/wp-json\/wp\/v2\/product_brand?post=624"},{"taxonomy":"product_cat","embeddable":true,"href":"https:\/\/hawaymusic.com\/es\/wp-json\/wp\/v2\/product_cat?post=624"},{"taxonomy":"product_tag","embeddable":true,"href":"https:\/\/hawaymusic.com\/es\/wp-json\/wp\/v2\/product_tag?post=624"}],"curies":[{"name":"wp","href":"https:\/\/api.w.org\/{rel}","templated":true}]}}