{"id":613,"date":"2024-05-13T22:14:41","date_gmt":"2024-05-13T22:14:41","guid":{"rendered":"https:\/\/hawaymusic.com\/?post_type=product&#038;p=613"},"modified":"2024-05-13T22:28:01","modified_gmt":"2024-05-13T22:28:01","slug":"angry-charlie-v3-jhs-pedal-overdrive-efectos-de-guitarra","status":"publish","type":"product","link":"https:\/\/hawaymusic.com\/es\/product\/angry-charlie-v3-jhs-pedal-overdrive-efectos-de-guitarra\/","title":{"rendered":"Angry Charlie V3 JHS  Pedal Overdrive efectos de guitarra"},"content":{"rendered":"<h1 class=\"a-size-base-plus a-text-bold\">Sobre este art\u00edculo<\/h1>\n<ul class=\"a-unordered-list a-vertical a-spacing-mini\">\n<li class=\"a-spacing-mini\"><span class=\"a-list-item\">Respira de forma convincente y precisa tonos similares a JCM800 en cualquier equipo<\/span><\/li>\n<li class=\"a-spacing-mini\"><span class=\"a-list-item\">Tiene una pila de tonos de 3 bandas para ayudar a las u\u00f1as tonos c\u00e1lidos pero abrasadores y mantener sin l\u00edmites<\/span><\/li>\n<li class=\"a-spacing-mini\"><span class=\"a-list-item\">Pasa de la ruptura bluesy similar a Hendrix a tonos brit\u00e1nicos de alta ganancia con un giro de la perilla Drive<\/span><\/li>\n<li class=\"a-spacing-mini\"><span class=\"a-list-item\">La unidad y el control de volumen interact\u00faan igual que un cabezal de amplificador de volumen maestro<\/span><\/li>\n<li class=\"a-spacing-mini\"><span class=\"a-list-item\">Retire el volumen de su guitarra para controlar sus niveles de ganancia sin perder claridad<\/span><\/li>\n<li class=\"a-spacing-mini\"><span class=\"a-list-item\">Ajusta tu tono con controles para graves, medios y agudos<\/span><\/li>\n<li class=\"a-spacing-mini\"><\/li>\n<\/ul>","protected":false},"excerpt":{"rendered":"<h1 class=\"a-size-base-plus a-text-bold\">Sobre este art\u00edculo<\/h1>\n<ul class=\"a-unordered-list a-vertical a-spacing-mini\">\n<li class=\"a-spacing-mini\"><span class=\"a-list-item\">Respira de forma convincente y precisa tonos similares a JCM800 en cualquier equipo<\/span><\/li>\n<li class=\"a-spacing-mini\"><span class=\"a-list-item\">Tiene una pila de tonos de 3 bandas para ayudar a las u\u00f1as tonos c\u00e1lidos pero abrasadores y mantener sin l\u00edmites<\/span><\/li>\n<li class=\"a-spacing-mini\"><span class=\"a-list-item\">Pasa de la ruptura bluesy similar a Hendrix a tonos brit\u00e1nicos de alta ganancia con un giro de la perilla Drive<\/span><\/li>\n<li class=\"a-spacing-mini\"><span class=\"a-list-item\">La unidad y el control de volumen interact\u00faan igual que un cabezal de amplificador de volumen maestro<\/span><\/li>\n<li class=\"a-spacing-mini\"><span class=\"a-list-item\">Retire el volumen de su guitarra para controlar sus niveles de ganancia sin perder claridad<\/span><\/li>\n<li class=\"a-spacing-mini\"><span class=\"a-list-item\">Ajusta tu tono con controles para graves, medios y agudos<\/span><\/li>\n<li class=\"a-spacing-mini\"><\/li>\n<\/ul>","protected":false},"featured_media":617,"comment_status":"open","ping_status":"closed","template":"","meta":[],"pwb-brand":[76],"product_brand":[],"product_cat":[16],"product_tag":[],"class_list":{"0":"post-613","1":"product","2":"type-product","3":"status-publish","4":"has-post-thumbnail","6":"pwb-brand-jhs","7":"product_cat-pedal-guitarra","9":"first","10":"instock","11":"taxable","12":"shipping-taxable","13":"purchasable","14":"product-type-simple"},"yoast_head":"<!-- This site is optimized with the Yoast SEO plugin v27.5 - https:\/\/yoast.com\/product\/yoast-seo-wordpress\/ -->\n<title>Angry Charlie V3 JHS Pedal Overdrive efectos de guitarra - Haway Music<\/title>\n<meta name=\"robots\" content=\"index, follow, max-snippet:-1, max-image-preview:large, max-video-preview:-1\" \/>\n<link rel=\"canonical\" href=\"https:\/\/hawaymusic.com\/es\/product\/angry-charlie-v3-jhs-pedal-overdrive-efectos-de-guitarra\/\" \/>\n<meta property=\"og:locale\" content=\"es_ES\" \/>\n<meta property=\"og:type\" content=\"article\" \/>\n<meta property=\"og:title\" content=\"Angry Charlie V3 JHS Pedal Overdrive efectos de guitarra - Haway Music\" \/>\n<meta property=\"og:description\" content=\"Sobre este art\u00edculo   Respira de forma convincente y precisa tonos similares a JCM800 en cualquier equipo  Tiene una pila de tonos de 3 bandas para ayudar a las u\u00f1as tonos c\u00e1lidos pero abrasadores y mantener sin l\u00edmites  Pasa de la ruptura bluesy similar a Hendrix a tonos brit\u00e1nicos de alta ganancia con un giro de la perilla Drive  La unidad y el control de volumen interact\u00faan igual que un cabezal de amplificador de volumen maestro  Retire el volumen de su guitarra para controlar sus niveles de ganancia sin perder claridad  Ajusta tu tono con controles para graves, medios y agudos\" \/>\n<meta property=\"og:url\" content=\"https:\/\/hawaymusic.com\/es\/product\/angry-charlie-v3-jhs-pedal-overdrive-efectos-de-guitarra\/\" \/>\n<meta property=\"og:site_name\" content=\"Haway Music\" \/>\n<meta property=\"article:modified_time\" content=\"2024-05-13T22:28:01+00:00\" \/>\n<meta property=\"og:image\" content=\"https:\/\/hawaymusic.com\/wp-content\/uploads\/2024\/05\/JHSPedalsAngryCharlieV3_1100x.webp\" \/>\n\t<meta property=\"og:image:width\" content=\"1100\" \/>\n\t<meta property=\"og:image:height\" content=\"1100\" \/>\n\t<meta property=\"og:image:type\" content=\"image\/webp\" \/>\n<meta name=\"twitter:card\" content=\"summary_large_image\" \/>\n<meta name=\"twitter:label1\" content=\"Tiempo de lectura\" \/>\n\t<meta name=\"twitter:data1\" content=\"1 minuto\" \/>\n<script type=\"application\/ld+json\" class=\"yoast-schema-graph\">{\"@context\":\"https:\\\/\\\/schema.org\",\"@graph\":[{\"@type\":\"WebPage\",\"@id\":\"https:\\\/\\\/hawaymusic.com\\\/product\\\/angry-charlie-v3-jhs-pedal-overdrive-efectos-de-guitarra\\\/\",\"url\":\"https:\\\/\\\/hawaymusic.com\\\/product\\\/angry-charlie-v3-jhs-pedal-overdrive-efectos-de-guitarra\\\/\",\"name\":\"Angry Charlie V3 JHS Pedal Overdrive efectos de guitarra - Haway Music\",\"isPartOf\":{\"@id\":\"https:\\\/\\\/hawaymusic.com\\\/#website\"},\"primaryImageOfPage\":{\"@id\":\"https:\\\/\\\/hawaymusic.com\\\/product\\\/angry-charlie-v3-jhs-pedal-overdrive-efectos-de-guitarra\\\/#primaryimage\"},\"image\":{\"@id\":\"https:\\\/\\\/hawaymusic.com\\\/product\\\/angry-charlie-v3-jhs-pedal-overdrive-efectos-de-guitarra\\\/#primaryimage\"},\"thumbnailUrl\":\"https:\\\/\\\/i0.wp.com\\\/hawaymusic.com\\\/wp-content\\\/uploads\\\/2024\\\/05\\\/JHSPedalsAngryCharlieV3_1100x.webp?fit=1100%2C1100&ssl=1\",\"datePublished\":\"2024-05-13T22:14:41+00:00\",\"dateModified\":\"2024-05-13T22:28:01+00:00\",\"breadcrumb\":{\"@id\":\"https:\\\/\\\/hawaymusic.com\\\/product\\\/angry-charlie-v3-jhs-pedal-overdrive-efectos-de-guitarra\\\/#breadcrumb\"},\"inLanguage\":\"es-CO\",\"potentialAction\":[{\"@type\":\"ReadAction\",\"target\":[\"https:\\\/\\\/hawaymusic.com\\\/product\\\/angry-charlie-v3-jhs-pedal-overdrive-efectos-de-guitarra\\\/\"]}]},{\"@type\":\"ImageObject\",\"inLanguage\":\"es-CO\",\"@id\":\"https:\\\/\\\/hawaymusic.com\\\/product\\\/angry-charlie-v3-jhs-pedal-overdrive-efectos-de-guitarra\\\/#primaryimage\",\"url\":\"https:\\\/\\\/i0.wp.com\\\/hawaymusic.com\\\/wp-content\\\/uploads\\\/2024\\\/05\\\/JHSPedalsAngryCharlieV3_1100x.webp?fit=1100%2C1100&ssl=1\",\"contentUrl\":\"https:\\\/\\\/i0.wp.com\\\/hawaymusic.com\\\/wp-content\\\/uploads\\\/2024\\\/05\\\/JHSPedalsAngryCharlieV3_1100x.webp?fit=1100%2C1100&ssl=1\",\"width\":1100,\"height\":1100},{\"@type\":\"BreadcrumbList\",\"@id\":\"https:\\\/\\\/hawaymusic.com\\\/product\\\/angry-charlie-v3-jhs-pedal-overdrive-efectos-de-guitarra\\\/#breadcrumb\",\"itemListElement\":[{\"@type\":\"ListItem\",\"position\":1,\"name\":\"Inicio\",\"item\":\"https:\\\/\\\/hawaymusic.com\\\/\"},{\"@type\":\"ListItem\",\"position\":2,\"name\":\"Shop\",\"item\":\"https:\\\/\\\/hawaymusic.com\\\/shop\\\/\"},{\"@type\":\"ListItem\",\"position\":3,\"name\":\"Angry Charlie V3 JHS Pedal Overdrive efectos de guitarra\"}]},{\"@type\":\"WebSite\",\"@id\":\"https:\\\/\\\/hawaymusic.com\\\/#website\",\"url\":\"https:\\\/\\\/hawaymusic.com\\\/\",\"name\":\"Haway Music\",\"description\":\"La mejor tienda de instrumentos musicales en Ecuador\",\"potentialAction\":[{\"@type\":\"SearchAction\",\"target\":{\"@type\":\"EntryPoint\",\"urlTemplate\":\"https:\\\/\\\/hawaymusic.com\\\/?s={search_term_string}\"},\"query-input\":{\"@type\":\"PropertyValueSpecification\",\"valueRequired\":true,\"valueName\":\"search_term_string\"}}],\"inLanguage\":\"es-CO\"}]}<\/script>\n<!-- \/ Yoast SEO plugin. -->","yoast_head_json":{"title":"Angry Charlie V3 JHS Pedal Overdrive efectos de guitarra - Haway Music","robots":{"index":"index","follow":"follow","max-snippet":"max-snippet:-1","max-image-preview":"max-image-preview:large","max-video-preview":"max-video-preview:-1"},"canonical":"https:\/\/hawaymusic.com\/es\/product\/angry-charlie-v3-jhs-pedal-overdrive-efectos-de-guitarra\/","og_locale":"es_ES","og_type":"article","og_title":"Angry Charlie V3 JHS Pedal Overdrive efectos de guitarra - Haway Music","og_description":"Sobre este art\u00edculo   Respira de forma convincente y precisa tonos similares a JCM800 en cualquier equipo  Tiene una pila de tonos de 3 bandas para ayudar a las u\u00f1as tonos c\u00e1lidos pero abrasadores y mantener sin l\u00edmites  Pasa de la ruptura bluesy similar a Hendrix a tonos brit\u00e1nicos de alta ganancia con un giro de la perilla Drive  La unidad y el control de volumen interact\u00faan igual que un cabezal de amplificador de volumen maestro  Retire el volumen de su guitarra para controlar sus niveles de ganancia sin perder claridad  Ajusta tu tono con controles para graves, medios y agudos","og_url":"https:\/\/hawaymusic.com\/es\/product\/angry-charlie-v3-jhs-pedal-overdrive-efectos-de-guitarra\/","og_site_name":"Haway Music","article_modified_time":"2024-05-13T22:28:01+00:00","og_image":[{"width":1100,"height":1100,"url":"https:\/\/hawaymusic.com\/wp-content\/uploads\/2024\/05\/JHSPedalsAngryCharlieV3_1100x.webp","type":"image\/webp"}],"twitter_card":"summary_large_image","twitter_misc":{"Tiempo de lectura":"1 minuto"},"schema":{"@context":"https:\/\/schema.org","@graph":[{"@type":"WebPage","@id":"https:\/\/hawaymusic.com\/product\/angry-charlie-v3-jhs-pedal-overdrive-efectos-de-guitarra\/","url":"https:\/\/hawaymusic.com\/product\/angry-charlie-v3-jhs-pedal-overdrive-efectos-de-guitarra\/","name":"Angry Charlie V3 JHS Pedal Overdrive efectos de guitarra - Haway Music","isPartOf":{"@id":"https:\/\/hawaymusic.com\/#website"},"primaryImageOfPage":{"@id":"https:\/\/hawaymusic.com\/product\/angry-charlie-v3-jhs-pedal-overdrive-efectos-de-guitarra\/#primaryimage"},"image":{"@id":"https:\/\/hawaymusic.com\/product\/angry-charlie-v3-jhs-pedal-overdrive-efectos-de-guitarra\/#primaryimage"},"thumbnailUrl":"https:\/\/i0.wp.com\/hawaymusic.com\/wp-content\/uploads\/2024\/05\/JHSPedalsAngryCharlieV3_1100x.webp?fit=1100%2C1100&ssl=1","datePublished":"2024-05-13T22:14:41+00:00","dateModified":"2024-05-13T22:28:01+00:00","breadcrumb":{"@id":"https:\/\/hawaymusic.com\/product\/angry-charlie-v3-jhs-pedal-overdrive-efectos-de-guitarra\/#breadcrumb"},"inLanguage":"es-CO","potentialAction":[{"@type":"ReadAction","target":["https:\/\/hawaymusic.com\/product\/angry-charlie-v3-jhs-pedal-overdrive-efectos-de-guitarra\/"]}]},{"@type":"ImageObject","inLanguage":"es-CO","@id":"https:\/\/hawaymusic.com\/product\/angry-charlie-v3-jhs-pedal-overdrive-efectos-de-guitarra\/#primaryimage","url":"https:\/\/i0.wp.com\/hawaymusic.com\/wp-content\/uploads\/2024\/05\/JHSPedalsAngryCharlieV3_1100x.webp?fit=1100%2C1100&ssl=1","contentUrl":"https:\/\/i0.wp.com\/hawaymusic.com\/wp-content\/uploads\/2024\/05\/JHSPedalsAngryCharlieV3_1100x.webp?fit=1100%2C1100&ssl=1","width":1100,"height":1100},{"@type":"BreadcrumbList","@id":"https:\/\/hawaymusic.com\/product\/angry-charlie-v3-jhs-pedal-overdrive-efectos-de-guitarra\/#breadcrumb","itemListElement":[{"@type":"ListItem","position":1,"name":"Inicio","item":"https:\/\/hawaymusic.com\/"},{"@type":"ListItem","position":2,"name":"Shop","item":"https:\/\/hawaymusic.com\/shop\/"},{"@type":"ListItem","position":3,"name":"Angry Charlie V3 JHS Pedal Overdrive efectos de guitarra"}]},{"@type":"WebSite","@id":"https:\/\/hawaymusic.com\/#website","url":"https:\/\/hawaymusic.com\/","name":"Haway Music","description":"La mejor tienda de instrumentos musicales en Ecuador","potentialAction":[{"@type":"SearchAction","target":{"@type":"EntryPoint","urlTemplate":"https:\/\/hawaymusic.com\/?s={search_term_string}"},"query-input":{"@type":"PropertyValueSpecification","valueRequired":true,"valueName":"search_term_string"}}],"inLanguage":"es-CO"}]}},"jetpack_sharing_enabled":true,"brands":[{"id":76,"name":"Jhs","slug":"jhs"}],"_links":{"self":[{"href":"https:\/\/hawaymusic.com\/es\/wp-json\/wp\/v2\/product\/613","targetHints":{"allow":["GET"]}}],"collection":[{"href":"https:\/\/hawaymusic.com\/es\/wp-json\/wp\/v2\/product"}],"about":[{"href":"https:\/\/hawaymusic.com\/es\/wp-json\/wp\/v2\/types\/product"}],"replies":[{"embeddable":true,"href":"https:\/\/hawaymusic.com\/es\/wp-json\/wp\/v2\/comments?post=613"}],"wp:featuredmedia":[{"embeddable":true,"href":"https:\/\/hawaymusic.com\/es\/wp-json\/wp\/v2\/media\/617"}],"wp:attachment":[{"href":"https:\/\/hawaymusic.com\/es\/wp-json\/wp\/v2\/media?parent=613"}],"wp:term":[{"taxonomy":"pwb-brand","embeddable":true,"href":"https:\/\/hawaymusic.com\/es\/wp-json\/wp\/v2\/pwb-brand?post=613"},{"taxonomy":"product_brand","embeddable":true,"href":"https:\/\/hawaymusic.com\/es\/wp-json\/wp\/v2\/product_brand?post=613"},{"taxonomy":"product_cat","embeddable":true,"href":"https:\/\/hawaymusic.com\/es\/wp-json\/wp\/v2\/product_cat?post=613"},{"taxonomy":"product_tag","embeddable":true,"href":"https:\/\/hawaymusic.com\/es\/wp-json\/wp\/v2\/product_tag?post=613"}],"curies":[{"name":"wp","href":"https:\/\/api.w.org\/{rel}","templated":true}]}}