{"id":611,"date":"2024-05-13T22:08:26","date_gmt":"2024-05-13T22:08:26","guid":{"rendered":"https:\/\/hawaymusic.com\/?post_type=product&#038;p=611"},"modified":"2024-08-22T13:31:58","modified_gmt":"2024-08-22T13:31:58","slug":"bonsai-jhs-pedal-overdrive-efectos-de-guitarra","status":"publish","type":"product","link":"https:\/\/hawaymusic.com\/es\/product\/bonsai-jhs-pedal-overdrive-efectos-de-guitarra\/","title":{"rendered":"Bonsai JHS  Pedal Overdrive efectos de guitarra"},"content":{"rendered":"<h1 class=\"a-size-base-plus a-text-bold\">Sobre este art\u00edculo<\/h1>\n<ul class=\"a-unordered-list a-vertical a-spacing-mini\">\n<li class=\"a-spacing-mini\"><span class=\"a-list-item\">El Bonsai es nuestro homenaje a uno de los pedales m\u00e1s grandes jam\u00e1s creados, el Tube Screamer<\/span><\/li>\n<li class=\"a-spacing-mini\"><span class=\"a-list-item\">Una perilla giratoria simple cambia a trav\u00e9s de nueve variaciones cl\u00e1sicas, vintage, raras o dif\u00edciles de encontrar del Screamer<\/span><\/li>\n<li class=\"a-spacing-mini\"><span class=\"a-list-item\">El bons\u00e1i no emula estos pedales, son r\u00e9plicas exactas de estas nueve unidades, todas alojadas en una caja<\/span><\/li>\n<li class=\"a-spacing-mini\"><span class=\"a-list-item\">Elegir un modo en el Bonsai giratorio activa componentes espec\u00edficos de cada unidad<\/span><\/li>\n<\/ul>","protected":false},"excerpt":{"rendered":"<h1 class=\"a-size-base-plus a-text-bold\">Sobre este art\u00edculo<\/h1>\n<ul class=\"a-unordered-list a-vertical a-spacing-mini\">\n<li class=\"a-spacing-mini\"><span class=\"a-list-item\">El Bonsai es nuestro homenaje a uno de los pedales m\u00e1s grandes jam\u00e1s creados, el Tube Screamer<\/span><\/li>\n<li class=\"a-spacing-mini\"><span class=\"a-list-item\">Una perilla giratoria simple cambia a trav\u00e9s de nueve variaciones cl\u00e1sicas, vintage, raras o dif\u00edciles de encontrar del Screamer<\/span><\/li>\n<li class=\"a-spacing-mini\"><span class=\"a-list-item\">El bons\u00e1i no emula estos pedales, son r\u00e9plicas exactas de estas nueve unidades, todas alojadas en una caja<\/span><\/li>\n<li class=\"a-spacing-mini\"><span class=\"a-list-item\">Elegir un modo en el Bonsai giratorio activa componentes espec\u00edficos de cada unidad<\/span><\/li>\n<\/ul>","protected":false},"featured_media":612,"comment_status":"open","ping_status":"closed","template":"","meta":[],"pwb-brand":[76],"product_brand":[],"product_cat":[16],"product_tag":[],"class_list":{"0":"post-611","1":"product","2":"type-product","3":"status-publish","4":"has-post-thumbnail","6":"pwb-brand-jhs","7":"product_cat-pedal-guitarra","9":"first","10":"onbackorder","11":"taxable","12":"shipping-taxable","13":"purchasable","14":"product-type-simple"},"yoast_head":"<!-- This site is optimized with the Yoast SEO plugin v27.6 - https:\/\/yoast.com\/product\/yoast-seo-wordpress\/ -->\n<title>Bonsai JHS Pedal Overdrive efectos de guitarra - Haway Music<\/title>\n<meta name=\"robots\" content=\"index, follow, max-snippet:-1, max-image-preview:large, max-video-preview:-1\" \/>\n<link rel=\"canonical\" href=\"https:\/\/hawaymusic.com\/es\/producto\/bonsai-jhs-pedal-overdrive-efectos-de-guitarra\/\" \/>\n<meta property=\"og:locale\" content=\"es_ES\" \/>\n<meta property=\"og:type\" content=\"article\" \/>\n<meta property=\"og:title\" content=\"Bonsai JHS Pedal Overdrive efectos de guitarra - Haway Music\" \/>\n<meta property=\"og:description\" content=\"Sobre este art\u00edculo   El Bonsai es nuestro homenaje a uno de los pedales m\u00e1s grandes jam\u00e1s creados, el Tube Screamer  Una perilla giratoria simple cambia a trav\u00e9s de nueve variaciones cl\u00e1sicas, vintage, raras o dif\u00edciles de encontrar del Screamer  El bons\u00e1i no emula estos pedales, son r\u00e9plicas exactas de estas nueve unidades, todas alojadas en una caja  Elegir un modo en el Bonsai giratorio activa componentes espec\u00edficos de cada unidad\" \/>\n<meta property=\"og:url\" content=\"https:\/\/hawaymusic.com\/es\/producto\/bonsai-jhs-pedal-overdrive-efectos-de-guitarra\/\" \/>\n<meta property=\"og:site_name\" content=\"Haway Music\" \/>\n<meta property=\"article:modified_time\" content=\"2024-08-22T13:31:58+00:00\" \/>\n<meta property=\"og:image\" content=\"https:\/\/hawaymusic.com\/wp-content\/uploads\/2024\/05\/jhs-pedals-Bonsai.webp\" \/>\n\t<meta property=\"og:image:width\" content=\"1200\" \/>\n\t<meta property=\"og:image:height\" content=\"1200\" \/>\n\t<meta property=\"og:image:type\" content=\"image\/webp\" \/>\n<meta name=\"twitter:card\" content=\"summary_large_image\" \/>\n<meta name=\"twitter:label1\" content=\"Tiempo de lectura\" \/>\n\t<meta name=\"twitter:data1\" content=\"1 minuto\" \/>\n<script type=\"application\/ld+json\" class=\"yoast-schema-graph\">{\"@context\":\"https:\\\/\\\/schema.org\",\"@graph\":[{\"@type\":\"WebPage\",\"@id\":\"https:\\\/\\\/hawaymusic.com\\\/producto\\\/bonsai-jhs-pedal-overdrive-efectos-de-guitarra\\\/\",\"url\":\"https:\\\/\\\/hawaymusic.com\\\/producto\\\/bonsai-jhs-pedal-overdrive-efectos-de-guitarra\\\/\",\"name\":\"Bonsai JHS Pedal Overdrive efectos de guitarra - Haway Music\",\"isPartOf\":{\"@id\":\"https:\\\/\\\/hawaymusic.com\\\/#website\"},\"primaryImageOfPage\":{\"@id\":\"https:\\\/\\\/hawaymusic.com\\\/producto\\\/bonsai-jhs-pedal-overdrive-efectos-de-guitarra\\\/#primaryimage\"},\"image\":{\"@id\":\"https:\\\/\\\/hawaymusic.com\\\/producto\\\/bonsai-jhs-pedal-overdrive-efectos-de-guitarra\\\/#primaryimage\"},\"thumbnailUrl\":\"https:\\\/\\\/i0.wp.com\\\/hawaymusic.com\\\/wp-content\\\/uploads\\\/2024\\\/05\\\/jhs-pedals-Bonsai.webp?fit=1200%2C1200&ssl=1\",\"datePublished\":\"2024-05-13T22:08:26+00:00\",\"dateModified\":\"2024-08-22T13:31:58+00:00\",\"breadcrumb\":{\"@id\":\"https:\\\/\\\/hawaymusic.com\\\/producto\\\/bonsai-jhs-pedal-overdrive-efectos-de-guitarra\\\/#breadcrumb\"},\"inLanguage\":\"es-CO\",\"potentialAction\":[{\"@type\":\"ReadAction\",\"target\":[\"https:\\\/\\\/hawaymusic.com\\\/producto\\\/bonsai-jhs-pedal-overdrive-efectos-de-guitarra\\\/\"]}]},{\"@type\":\"ImageObject\",\"inLanguage\":\"es-CO\",\"@id\":\"https:\\\/\\\/hawaymusic.com\\\/producto\\\/bonsai-jhs-pedal-overdrive-efectos-de-guitarra\\\/#primaryimage\",\"url\":\"https:\\\/\\\/i0.wp.com\\\/hawaymusic.com\\\/wp-content\\\/uploads\\\/2024\\\/05\\\/jhs-pedals-Bonsai.webp?fit=1200%2C1200&ssl=1\",\"contentUrl\":\"https:\\\/\\\/i0.wp.com\\\/hawaymusic.com\\\/wp-content\\\/uploads\\\/2024\\\/05\\\/jhs-pedals-Bonsai.webp?fit=1200%2C1200&ssl=1\",\"width\":1200,\"height\":1200},{\"@type\":\"BreadcrumbList\",\"@id\":\"https:\\\/\\\/hawaymusic.com\\\/producto\\\/bonsai-jhs-pedal-overdrive-efectos-de-guitarra\\\/#breadcrumb\",\"itemListElement\":[{\"@type\":\"ListItem\",\"position\":1,\"name\":\"Inicio\",\"item\":\"https:\\\/\\\/hawaymusic.com\\\/\"},{\"@type\":\"ListItem\",\"position\":2,\"name\":\"Shop\",\"item\":\"https:\\\/\\\/hawaymusic.com\\\/shop\\\/\"},{\"@type\":\"ListItem\",\"position\":3,\"name\":\"Bonsai JHS Pedal Overdrive efectos de guitarra\"}]},{\"@type\":\"WebSite\",\"@id\":\"https:\\\/\\\/hawaymusic.com\\\/#website\",\"url\":\"https:\\\/\\\/hawaymusic.com\\\/\",\"name\":\"Haway Music\",\"description\":\"La mejor tienda de instrumentos musicales en Ecuador\",\"potentialAction\":[{\"@type\":\"SearchAction\",\"target\":{\"@type\":\"EntryPoint\",\"urlTemplate\":\"https:\\\/\\\/hawaymusic.com\\\/?s={search_term_string}\"},\"query-input\":{\"@type\":\"PropertyValueSpecification\",\"valueRequired\":true,\"valueName\":\"search_term_string\"}}],\"inLanguage\":\"es-CO\"}]}<\/script>\n<!-- \/ Yoast SEO plugin. -->","yoast_head_json":{"title":"Bonsai JHS Pedal Overdrive efectos de guitarra - Haway Music","robots":{"index":"index","follow":"follow","max-snippet":"max-snippet:-1","max-image-preview":"max-image-preview:large","max-video-preview":"max-video-preview:-1"},"canonical":"https:\/\/hawaymusic.com\/es\/producto\/bonsai-jhs-pedal-overdrive-efectos-de-guitarra\/","og_locale":"es_ES","og_type":"article","og_title":"Bonsai JHS Pedal Overdrive efectos de guitarra - Haway Music","og_description":"Sobre este art\u00edculo   El Bonsai es nuestro homenaje a uno de los pedales m\u00e1s grandes jam\u00e1s creados, el Tube Screamer  Una perilla giratoria simple cambia a trav\u00e9s de nueve variaciones cl\u00e1sicas, vintage, raras o dif\u00edciles de encontrar del Screamer  El bons\u00e1i no emula estos pedales, son r\u00e9plicas exactas de estas nueve unidades, todas alojadas en una caja  Elegir un modo en el Bonsai giratorio activa componentes espec\u00edficos de cada unidad","og_url":"https:\/\/hawaymusic.com\/es\/producto\/bonsai-jhs-pedal-overdrive-efectos-de-guitarra\/","og_site_name":"Haway Music","article_modified_time":"2024-08-22T13:31:58+00:00","og_image":[{"width":1200,"height":1200,"url":"https:\/\/hawaymusic.com\/wp-content\/uploads\/2024\/05\/jhs-pedals-Bonsai.webp","type":"image\/webp"}],"twitter_card":"summary_large_image","twitter_misc":{"Tiempo de lectura":"1 minuto"},"schema":{"@context":"https:\/\/schema.org","@graph":[{"@type":"WebPage","@id":"https:\/\/hawaymusic.com\/producto\/bonsai-jhs-pedal-overdrive-efectos-de-guitarra\/","url":"https:\/\/hawaymusic.com\/producto\/bonsai-jhs-pedal-overdrive-efectos-de-guitarra\/","name":"Bonsai JHS Pedal Overdrive efectos de guitarra - Haway Music","isPartOf":{"@id":"https:\/\/hawaymusic.com\/#website"},"primaryImageOfPage":{"@id":"https:\/\/hawaymusic.com\/producto\/bonsai-jhs-pedal-overdrive-efectos-de-guitarra\/#primaryimage"},"image":{"@id":"https:\/\/hawaymusic.com\/producto\/bonsai-jhs-pedal-overdrive-efectos-de-guitarra\/#primaryimage"},"thumbnailUrl":"https:\/\/i0.wp.com\/hawaymusic.com\/wp-content\/uploads\/2024\/05\/jhs-pedals-Bonsai.webp?fit=1200%2C1200&ssl=1","datePublished":"2024-05-13T22:08:26+00:00","dateModified":"2024-08-22T13:31:58+00:00","breadcrumb":{"@id":"https:\/\/hawaymusic.com\/producto\/bonsai-jhs-pedal-overdrive-efectos-de-guitarra\/#breadcrumb"},"inLanguage":"es-CO","potentialAction":[{"@type":"ReadAction","target":["https:\/\/hawaymusic.com\/producto\/bonsai-jhs-pedal-overdrive-efectos-de-guitarra\/"]}]},{"@type":"ImageObject","inLanguage":"es-CO","@id":"https:\/\/hawaymusic.com\/producto\/bonsai-jhs-pedal-overdrive-efectos-de-guitarra\/#primaryimage","url":"https:\/\/i0.wp.com\/hawaymusic.com\/wp-content\/uploads\/2024\/05\/jhs-pedals-Bonsai.webp?fit=1200%2C1200&ssl=1","contentUrl":"https:\/\/i0.wp.com\/hawaymusic.com\/wp-content\/uploads\/2024\/05\/jhs-pedals-Bonsai.webp?fit=1200%2C1200&ssl=1","width":1200,"height":1200},{"@type":"BreadcrumbList","@id":"https:\/\/hawaymusic.com\/producto\/bonsai-jhs-pedal-overdrive-efectos-de-guitarra\/#breadcrumb","itemListElement":[{"@type":"ListItem","position":1,"name":"Inicio","item":"https:\/\/hawaymusic.com\/"},{"@type":"ListItem","position":2,"name":"Shop","item":"https:\/\/hawaymusic.com\/shop\/"},{"@type":"ListItem","position":3,"name":"Bonsai JHS Pedal Overdrive efectos de guitarra"}]},{"@type":"WebSite","@id":"https:\/\/hawaymusic.com\/#website","url":"https:\/\/hawaymusic.com\/","name":"Haway Music","description":"La mejor tienda de instrumentos musicales en Ecuador","potentialAction":[{"@type":"SearchAction","target":{"@type":"EntryPoint","urlTemplate":"https:\/\/hawaymusic.com\/?s={search_term_string}"},"query-input":{"@type":"PropertyValueSpecification","valueRequired":true,"valueName":"search_term_string"}}],"inLanguage":"es-CO"}]}},"jetpack_sharing_enabled":true,"brands":[{"id":76,"name":"Jhs","slug":"jhs"}],"_links":{"self":[{"href":"https:\/\/hawaymusic.com\/es\/wp-json\/wp\/v2\/product\/611","targetHints":{"allow":["GET"]}}],"collection":[{"href":"https:\/\/hawaymusic.com\/es\/wp-json\/wp\/v2\/product"}],"about":[{"href":"https:\/\/hawaymusic.com\/es\/wp-json\/wp\/v2\/types\/product"}],"replies":[{"embeddable":true,"href":"https:\/\/hawaymusic.com\/es\/wp-json\/wp\/v2\/comments?post=611"}],"wp:featuredmedia":[{"embeddable":true,"href":"https:\/\/hawaymusic.com\/es\/wp-json\/wp\/v2\/media\/612"}],"wp:attachment":[{"href":"https:\/\/hawaymusic.com\/es\/wp-json\/wp\/v2\/media?parent=611"}],"wp:term":[{"taxonomy":"pwb-brand","embeddable":true,"href":"https:\/\/hawaymusic.com\/es\/wp-json\/wp\/v2\/pwb-brand?post=611"},{"taxonomy":"product_brand","embeddable":true,"href":"https:\/\/hawaymusic.com\/es\/wp-json\/wp\/v2\/product_brand?post=611"},{"taxonomy":"product_cat","embeddable":true,"href":"https:\/\/hawaymusic.com\/es\/wp-json\/wp\/v2\/product_cat?post=611"},{"taxonomy":"product_tag","embeddable":true,"href":"https:\/\/hawaymusic.com\/es\/wp-json\/wp\/v2\/product_tag?post=611"}],"curies":[{"name":"wp","href":"https:\/\/api.w.org\/{rel}","templated":true}]}}