{"id":604,"date":"2024-05-08T15:36:19","date_gmt":"2024-05-08T15:36:19","guid":{"rendered":"https:\/\/hawaymusic.com\/?post_type=product&#038;p=604"},"modified":"2025-02-20T21:47:57","modified_gmt":"2025-02-20T21:47:57","slug":"suhr-select-standard-guitar-roasted-neck-tobacco-burst","status":"publish","type":"product","link":"https:\/\/hawaymusic.com\/es\/product\/suhr-select-standard-guitar-roasted-neck-tobacco-burst\/","title":{"rendered":"Suhr Select Standard Guitar, Roasted Neck, Tobacco Burst"},"content":{"rendered":"<p>Las guitarras Suhr Select Standard Roasted Neck est\u00e1n disponibles en cantidades muy limitadas. Esta versi\u00f3n solo tiene diferencias sutiles, aunque sentimos que son significativas, con respecto a los populares modelos est\u00e1ndar. El m\u00e1stil de arce tostado es m\u00e1s estable y liviano, lo que proporciona m\u00e1s sostenido a sus notas. Tambi\u00e9n tiene una est\u00e9tica visualmente m\u00e1s oscura que le da un aspecto m\u00e1s envejecido. Tambi\u00e9n elegimos el mismo puente Wilkinson utilizado por Pete Thorn en su modelo exclusivo, as\u00ed como cubiertas de n\u00edquel crudo para la pastilla del puente SSH+ y golpeadores y perillas de color verde envejecido.<\/p>\n<p>La Suhr Standard es una versi\u00f3n elegante del dise\u00f1o cl\u00e1sico de la Stratocaster. El cuerpo es un poco m\u00e1s peque\u00f1o con un radio m\u00e1s afilado en los bordes y cuernos ligeramente m\u00e1s largos para darle un aspecto moderno y al mismo tiempo conservar su sensaci\u00f3n de clase. El Standard est\u00e1 equipado con algunas de las caracter\u00edsticas m\u00e1s populares de Suhr, incluido un perfil de m\u00e1stil delgado en C uniforme, trastes de acero inoxidable y su sistema patentado de cancelaci\u00f3n de zumbidos SSCII (Silent Single Coil II).<\/p>\n<p>Estas guitarras son ligeras, tonificadas y perfectamente equilibradas. Utilizando un cuerpo de aliso, se pueden lograr tonos tradicionales y familiares que producen sonidos suaves sin matices \u00e1speros. El proceso de acabado proporciona una combinaci\u00f3n incomparable de protecci\u00f3n y belleza, mientras que se aplican las capas de acabado m\u00e1s delgadas posibles para permitir que la madera resuene libremente y aun as\u00ed brindar una amplia protecci\u00f3n.<\/p>\n<p>El Suhr Select Standard est\u00e1 equipado con el muy querido perfil Even C Slim de Suhr. Los bordes redondeados y un radio de diapas\u00f3n compuesto de 10-14&#8243; ofrecen una forma sustancial pero c\u00f3moda. El m\u00e1stil de arce tostado tiene un acabado en uretano acr\u00edlico satinado, que brinda protecci\u00f3n contra la humedad y un juego suave. Cada est\u00e1ndar tambi\u00e9n incluye trastes pesados \u200b\u200bde acero inoxidable.<\/p>","protected":false},"excerpt":{"rendered":"<p>Body:\u00a0Select Alder<br \/>\nBody Finish:\u00a0Gloss<br \/>\nNeck:\u00a0Roasted\u00a0Maple w\/ Rosewood Fingerboard<br \/>\nRadius:\u00a010&#8243; &#8211; 14&#8243; Compound Radius<br \/>\nNeck Shape:\u00a0Even C Slim, .800 &#8211; .880<br \/>\nNut:\u00a01.650&#8243;, Tusq<br \/>\nFrets:\u00a022 Frets, Stainless Steel, Heavy<br \/>\nBridge:\u00a0Wilkinson WVS 130 &#8211; 2-Post, Locking Saddles, Steel Block<br \/>\nGears:\u00a0Suhr Locking Tuners, 18:1 ratio<br \/>\nPickguard:\u00a03 ply Aged Green (Mint)<br \/>\nElectronics:\u00a0Standard Wiring, 5-Way Switch, Volume, Tone, SSCII<br \/>\nInput Jack:\u00a0Side Jack<br \/>\nNeck Pickup:\u00a0Suhr V60 Neck Single-Coil, Aged Green<br \/>\nMiddle Pickup:\u00a0Suhr V60 Middle Single-Coil, Aged Green<br \/>\nBridge Pickup:\u00a0Suhr SSH+ Bridge Humbucker, Raw Nickel<br \/>\nString Gauge:\u00a0.010 &#8211; .046<br \/>\nAccessories: \u00a0Deluxe Gigbag Included<\/p>","protected":false},"featured_media":605,"comment_status":"open","ping_status":"closed","template":"","meta":[],"pwb-brand":[74],"product_brand":[],"product_cat":[20,29],"product_tag":[],"class_list":{"0":"post-604","1":"product","2":"type-product","3":"status-publish","4":"has-post-thumbnail","6":"pwb-brand-suhr","7":"product_cat-guitarra","8":"product_cat-guitarra-electrica","10":"first","11":"outofstock","12":"taxable","13":"shipping-taxable","14":"purchasable","15":"product-type-simple"},"yoast_head":"<!-- This site is optimized with the Yoast SEO plugin v27.6 - https:\/\/yoast.com\/product\/yoast-seo-wordpress\/ -->\n<title>Suhr Select Standard Guitar, Roasted Neck, Tobacco Burst - Haway Music<\/title>\n<meta name=\"robots\" content=\"index, follow, max-snippet:-1, max-image-preview:large, max-video-preview:-1\" \/>\n<link rel=\"canonical\" href=\"https:\/\/hawaymusic.com\/es\/product\/suhr-select-standard-guitar-roasted-neck-tobacco-burst\/\" \/>\n<meta property=\"og:locale\" content=\"es_ES\" \/>\n<meta property=\"og:type\" content=\"article\" \/>\n<meta property=\"og:title\" content=\"Suhr Select Standard Guitar, Roasted Neck, Tobacco Burst - Haway Music\" \/>\n<meta property=\"og:description\" content=\"Body:\u00a0Select Alder Body Finish:\u00a0Gloss Neck:\u00a0Roasted\u00a0Maple w\/ Rosewood Fingerboard Radius:\u00a010&quot; - 14&quot; Compound Radius Neck Shape:\u00a0Even C Slim, .800 - .880 Nut:\u00a01.650&quot;, Tusq Frets:\u00a022 Frets, Stainless Steel, Heavy Bridge:\u00a0Wilkinson WVS 130 - 2-Post, Locking Saddles, Steel Block Gears:\u00a0Suhr Locking Tuners, 18:1 ratio Pickguard:\u00a03 ply Aged Green (Mint) Electronics:\u00a0Standard Wiring, 5-Way Switch, Volume, Tone, SSCII Input Jack:\u00a0Side Jack Neck Pickup:\u00a0Suhr V60 Neck Single-Coil, Aged Green Middle Pickup:\u00a0Suhr V60 Middle Single-Coil, Aged Green Bridge Pickup:\u00a0Suhr SSH+ Bridge Humbucker, Raw Nickel String Gauge:\u00a0.010 - .046 Accessories: \u00a0Deluxe Gigbag Included\" \/>\n<meta property=\"og:url\" content=\"https:\/\/hawaymusic.com\/es\/product\/suhr-select-standard-guitar-roasted-neck-tobacco-burst\/\" \/>\n<meta property=\"og:site_name\" content=\"Haway Music\" \/>\n<meta property=\"article:modified_time\" content=\"2025-02-20T21:47:57+00:00\" \/>\n<meta property=\"og:image\" content=\"https:\/\/hawaymusic.com\/wp-content\/uploads\/2024\/05\/suhr_standard_roasted_guitar_tobacco_burst_67594_1.webp\" \/>\n\t<meta property=\"og:image:width\" content=\"704\" \/>\n\t<meta property=\"og:image:height\" content=\"2000\" \/>\n\t<meta property=\"og:image:type\" content=\"image\/webp\" \/>\n<meta name=\"twitter:card\" content=\"summary_large_image\" \/>\n<meta name=\"twitter:label1\" content=\"Tiempo de lectura\" \/>\n\t<meta name=\"twitter:data1\" content=\"2 minutos\" \/>\n<script type=\"application\/ld+json\" class=\"yoast-schema-graph\">{\"@context\":\"https:\\\/\\\/schema.org\",\"@graph\":[{\"@type\":\"WebPage\",\"@id\":\"https:\\\/\\\/hawaymusic.com\\\/product\\\/suhr-select-standard-guitar-roasted-neck-tobacco-burst\\\/\",\"url\":\"https:\\\/\\\/hawaymusic.com\\\/product\\\/suhr-select-standard-guitar-roasted-neck-tobacco-burst\\\/\",\"name\":\"Suhr Select Standard Guitar, Roasted Neck, Tobacco Burst - Haway Music\",\"isPartOf\":{\"@id\":\"https:\\\/\\\/hawaymusic.com\\\/#website\"},\"primaryImageOfPage\":{\"@id\":\"https:\\\/\\\/hawaymusic.com\\\/product\\\/suhr-select-standard-guitar-roasted-neck-tobacco-burst\\\/#primaryimage\"},\"image\":{\"@id\":\"https:\\\/\\\/hawaymusic.com\\\/product\\\/suhr-select-standard-guitar-roasted-neck-tobacco-burst\\\/#primaryimage\"},\"thumbnailUrl\":\"https:\\\/\\\/i0.wp.com\\\/hawaymusic.com\\\/wp-content\\\/uploads\\\/2024\\\/05\\\/suhr_standard_roasted_guitar_tobacco_burst_67594_1.webp?fit=704%2C2000&ssl=1\",\"datePublished\":\"2024-05-08T15:36:19+00:00\",\"dateModified\":\"2025-02-20T21:47:57+00:00\",\"breadcrumb\":{\"@id\":\"https:\\\/\\\/hawaymusic.com\\\/product\\\/suhr-select-standard-guitar-roasted-neck-tobacco-burst\\\/#breadcrumb\"},\"inLanguage\":\"es-CO\",\"potentialAction\":[{\"@type\":\"ReadAction\",\"target\":[\"https:\\\/\\\/hawaymusic.com\\\/product\\\/suhr-select-standard-guitar-roasted-neck-tobacco-burst\\\/\"]}]},{\"@type\":\"ImageObject\",\"inLanguage\":\"es-CO\",\"@id\":\"https:\\\/\\\/hawaymusic.com\\\/product\\\/suhr-select-standard-guitar-roasted-neck-tobacco-burst\\\/#primaryimage\",\"url\":\"https:\\\/\\\/i0.wp.com\\\/hawaymusic.com\\\/wp-content\\\/uploads\\\/2024\\\/05\\\/suhr_standard_roasted_guitar_tobacco_burst_67594_1.webp?fit=704%2C2000&ssl=1\",\"contentUrl\":\"https:\\\/\\\/i0.wp.com\\\/hawaymusic.com\\\/wp-content\\\/uploads\\\/2024\\\/05\\\/suhr_standard_roasted_guitar_tobacco_burst_67594_1.webp?fit=704%2C2000&ssl=1\",\"width\":704,\"height\":2000},{\"@type\":\"BreadcrumbList\",\"@id\":\"https:\\\/\\\/hawaymusic.com\\\/product\\\/suhr-select-standard-guitar-roasted-neck-tobacco-burst\\\/#breadcrumb\",\"itemListElement\":[{\"@type\":\"ListItem\",\"position\":1,\"name\":\"Inicio\",\"item\":\"https:\\\/\\\/hawaymusic.com\\\/\"},{\"@type\":\"ListItem\",\"position\":2,\"name\":\"Shop\",\"item\":\"https:\\\/\\\/hawaymusic.com\\\/shop\\\/\"},{\"@type\":\"ListItem\",\"position\":3,\"name\":\"Suhr Select Standard Guitar, Roasted Neck, Tobacco Burst\"}]},{\"@type\":\"WebSite\",\"@id\":\"https:\\\/\\\/hawaymusic.com\\\/#website\",\"url\":\"https:\\\/\\\/hawaymusic.com\\\/\",\"name\":\"Haway Music\",\"description\":\"La mejor tienda de instrumentos musicales en Ecuador\",\"potentialAction\":[{\"@type\":\"SearchAction\",\"target\":{\"@type\":\"EntryPoint\",\"urlTemplate\":\"https:\\\/\\\/hawaymusic.com\\\/?s={search_term_string}\"},\"query-input\":{\"@type\":\"PropertyValueSpecification\",\"valueRequired\":true,\"valueName\":\"search_term_string\"}}],\"inLanguage\":\"es-CO\"}]}<\/script>\n<!-- \/ Yoast SEO plugin. -->","yoast_head_json":{"title":"Suhr Select Standard Guitar, Roasted Neck, Tobacco Burst - Haway Music","robots":{"index":"index","follow":"follow","max-snippet":"max-snippet:-1","max-image-preview":"max-image-preview:large","max-video-preview":"max-video-preview:-1"},"canonical":"https:\/\/hawaymusic.com\/es\/product\/suhr-select-standard-guitar-roasted-neck-tobacco-burst\/","og_locale":"es_ES","og_type":"article","og_title":"Suhr Select Standard Guitar, Roasted Neck, Tobacco Burst - Haway Music","og_description":"Body:\u00a0Select Alder Body Finish:\u00a0Gloss Neck:\u00a0Roasted\u00a0Maple w\/ Rosewood Fingerboard Radius:\u00a010\" - 14\" Compound Radius Neck Shape:\u00a0Even C Slim, .800 - .880 Nut:\u00a01.650\", Tusq Frets:\u00a022 Frets, Stainless Steel, Heavy Bridge:\u00a0Wilkinson WVS 130 - 2-Post, Locking Saddles, Steel Block Gears:\u00a0Suhr Locking Tuners, 18:1 ratio Pickguard:\u00a03 ply Aged Green (Mint) Electronics:\u00a0Standard Wiring, 5-Way Switch, Volume, Tone, SSCII Input Jack:\u00a0Side Jack Neck Pickup:\u00a0Suhr V60 Neck Single-Coil, Aged Green Middle Pickup:\u00a0Suhr V60 Middle Single-Coil, Aged Green Bridge Pickup:\u00a0Suhr SSH+ Bridge Humbucker, Raw Nickel String Gauge:\u00a0.010 - .046 Accessories: \u00a0Deluxe Gigbag Included","og_url":"https:\/\/hawaymusic.com\/es\/product\/suhr-select-standard-guitar-roasted-neck-tobacco-burst\/","og_site_name":"Haway Music","article_modified_time":"2025-02-20T21:47:57+00:00","og_image":[{"width":704,"height":2000,"url":"https:\/\/hawaymusic.com\/wp-content\/uploads\/2024\/05\/suhr_standard_roasted_guitar_tobacco_burst_67594_1.webp","type":"image\/webp"}],"twitter_card":"summary_large_image","twitter_misc":{"Tiempo de lectura":"2 minutos"},"schema":{"@context":"https:\/\/schema.org","@graph":[{"@type":"WebPage","@id":"https:\/\/hawaymusic.com\/product\/suhr-select-standard-guitar-roasted-neck-tobacco-burst\/","url":"https:\/\/hawaymusic.com\/product\/suhr-select-standard-guitar-roasted-neck-tobacco-burst\/","name":"Suhr Select Standard Guitar, Roasted Neck, Tobacco Burst - Haway Music","isPartOf":{"@id":"https:\/\/hawaymusic.com\/#website"},"primaryImageOfPage":{"@id":"https:\/\/hawaymusic.com\/product\/suhr-select-standard-guitar-roasted-neck-tobacco-burst\/#primaryimage"},"image":{"@id":"https:\/\/hawaymusic.com\/product\/suhr-select-standard-guitar-roasted-neck-tobacco-burst\/#primaryimage"},"thumbnailUrl":"https:\/\/i0.wp.com\/hawaymusic.com\/wp-content\/uploads\/2024\/05\/suhr_standard_roasted_guitar_tobacco_burst_67594_1.webp?fit=704%2C2000&ssl=1","datePublished":"2024-05-08T15:36:19+00:00","dateModified":"2025-02-20T21:47:57+00:00","breadcrumb":{"@id":"https:\/\/hawaymusic.com\/product\/suhr-select-standard-guitar-roasted-neck-tobacco-burst\/#breadcrumb"},"inLanguage":"es-CO","potentialAction":[{"@type":"ReadAction","target":["https:\/\/hawaymusic.com\/product\/suhr-select-standard-guitar-roasted-neck-tobacco-burst\/"]}]},{"@type":"ImageObject","inLanguage":"es-CO","@id":"https:\/\/hawaymusic.com\/product\/suhr-select-standard-guitar-roasted-neck-tobacco-burst\/#primaryimage","url":"https:\/\/i0.wp.com\/hawaymusic.com\/wp-content\/uploads\/2024\/05\/suhr_standard_roasted_guitar_tobacco_burst_67594_1.webp?fit=704%2C2000&ssl=1","contentUrl":"https:\/\/i0.wp.com\/hawaymusic.com\/wp-content\/uploads\/2024\/05\/suhr_standard_roasted_guitar_tobacco_burst_67594_1.webp?fit=704%2C2000&ssl=1","width":704,"height":2000},{"@type":"BreadcrumbList","@id":"https:\/\/hawaymusic.com\/product\/suhr-select-standard-guitar-roasted-neck-tobacco-burst\/#breadcrumb","itemListElement":[{"@type":"ListItem","position":1,"name":"Inicio","item":"https:\/\/hawaymusic.com\/"},{"@type":"ListItem","position":2,"name":"Shop","item":"https:\/\/hawaymusic.com\/shop\/"},{"@type":"ListItem","position":3,"name":"Suhr Select Standard Guitar, Roasted Neck, Tobacco Burst"}]},{"@type":"WebSite","@id":"https:\/\/hawaymusic.com\/#website","url":"https:\/\/hawaymusic.com\/","name":"Haway Music","description":"La mejor tienda de instrumentos musicales en Ecuador","potentialAction":[{"@type":"SearchAction","target":{"@type":"EntryPoint","urlTemplate":"https:\/\/hawaymusic.com\/?s={search_term_string}"},"query-input":{"@type":"PropertyValueSpecification","valueRequired":true,"valueName":"search_term_string"}}],"inLanguage":"es-CO"}]}},"jetpack_sharing_enabled":true,"brands":[{"id":74,"name":"suhr","slug":"suhr"}],"_links":{"self":[{"href":"https:\/\/hawaymusic.com\/es\/wp-json\/wp\/v2\/product\/604","targetHints":{"allow":["GET"]}}],"collection":[{"href":"https:\/\/hawaymusic.com\/es\/wp-json\/wp\/v2\/product"}],"about":[{"href":"https:\/\/hawaymusic.com\/es\/wp-json\/wp\/v2\/types\/product"}],"replies":[{"embeddable":true,"href":"https:\/\/hawaymusic.com\/es\/wp-json\/wp\/v2\/comments?post=604"}],"wp:featuredmedia":[{"embeddable":true,"href":"https:\/\/hawaymusic.com\/es\/wp-json\/wp\/v2\/media\/605"}],"wp:attachment":[{"href":"https:\/\/hawaymusic.com\/es\/wp-json\/wp\/v2\/media?parent=604"}],"wp:term":[{"taxonomy":"pwb-brand","embeddable":true,"href":"https:\/\/hawaymusic.com\/es\/wp-json\/wp\/v2\/pwb-brand?post=604"},{"taxonomy":"product_brand","embeddable":true,"href":"https:\/\/hawaymusic.com\/es\/wp-json\/wp\/v2\/product_brand?post=604"},{"taxonomy":"product_cat","embeddable":true,"href":"https:\/\/hawaymusic.com\/es\/wp-json\/wp\/v2\/product_cat?post=604"},{"taxonomy":"product_tag","embeddable":true,"href":"https:\/\/hawaymusic.com\/es\/wp-json\/wp\/v2\/product_tag?post=604"}],"curies":[{"name":"wp","href":"https:\/\/api.w.org\/{rel}","templated":true}]}}