{"id":600,"date":"2024-05-08T15:10:19","date_gmt":"2024-05-08T15:10:19","guid":{"rendered":"https:\/\/hawaymusic.com\/?post_type=product&#038;p=600"},"modified":"2024-05-08T15:12:51","modified_gmt":"2024-05-08T15:12:51","slug":"tc-electronic-polytune-3-mini-pedal-afinador-tuner","status":"publish","type":"product","link":"https:\/\/hawaymusic.com\/es\/product\/tc-electronic-polytune-3-mini-pedal-afinador-tuner\/","title":{"rendered":"TC Electronic Polytune 3 mini Pedal Afinador Tuner"},"content":{"rendered":"<h1 class=\"a-size-base-plus a-text-bold\">Sobre este art\u00edculo<\/h1>\n<ul class=\"a-unordered-list a-vertical a-spacing-mini\">\n<li class=\"a-spacing-mini\"><span class=\"a-list-item\">El peque\u00f1o afinador polif\u00f3nico te ofrece una afinaci\u00f3n r\u00e1pida y precisa y una herramienta de tono de alta calidad en una sola unidad<\/span><\/li>\n<li class=\"a-spacing-mini\"><span class=\"a-list-item\">Sintoniza r\u00e1pidamente con los modos de afinaci\u00f3n polif\u00f3nico, crom\u00e1tico y estrobosc\u00f3pico<\/span><\/li>\n<li class=\"a-spacing-mini\"><span class=\"a-list-item\">El amortiguador Bonafide integrado mantiene el tono n\u00edtido a trav\u00e9s de cables largos y pedales grandes<\/span><\/li>\n<li class=\"a-spacing-mini\"><span class=\"a-list-item\">El modo polif\u00f3nico afina todas tus cuerdas a la vez<\/span><\/li>\n<li class=\"a-spacing-mini\"><span class=\"a-list-item\">Afinador crom\u00e1tico ultrarr\u00e1pido<\/span><\/li>\n<\/ul>","protected":false},"excerpt":{"rendered":"<ul>\n<li>Flashback 2 pedal de efectos de retardo.<\/li>\n<li>El retardo de flashback electr\u00f3nico tc 2 empaqueta todo el legado de retraso de la empresa en una sola caja compacta y asequible que est\u00e1 dise\u00f1ada para ahora y para el futuro.<\/li>\n<li>TC Electronic La innovadora tecnolog\u00eda MASH a\u00f1ade un pedal de expresi\u00f3n a un pedal de retraso de clase mundial que responde a tu tacto y ahorra un precioso espacio de pedalera.<\/li>\n<\/ul>","protected":false},"featured_media":601,"comment_status":"open","ping_status":"closed","template":"","meta":[],"pwb-brand":[],"product_brand":[],"product_cat":[16],"product_tag":[],"class_list":{"0":"post-600","1":"product","2":"type-product","3":"status-publish","4":"has-post-thumbnail","6":"product_cat-pedal-guitarra","8":"first","9":"instock","10":"taxable","11":"shipping-taxable","12":"purchasable","13":"product-type-simple"},"yoast_head":"<!-- This site is optimized with the Yoast SEO plugin v27.6 - https:\/\/yoast.com\/product\/yoast-seo-wordpress\/ -->\n<title>TC Electronic Polytune 3 mini Pedal Afinador Tuner - Haway Music<\/title>\n<meta name=\"robots\" content=\"index, follow, max-snippet:-1, max-image-preview:large, max-video-preview:-1\" \/>\n<link rel=\"canonical\" href=\"https:\/\/hawaymusic.com\/es\/product\/tc-electronic-polytune-3-mini-pedal-afinador-tuner\/\" \/>\n<meta property=\"og:locale\" content=\"es_ES\" \/>\n<meta property=\"og:type\" content=\"article\" \/>\n<meta property=\"og:title\" content=\"TC Electronic Polytune 3 mini Pedal Afinador Tuner - Haway Music\" \/>\n<meta property=\"og:description\" content=\"Flashback 2 pedal de efectos de retardo.  El retardo de flashback electr\u00f3nico tc 2 empaqueta todo el legado de retraso de la empresa en una sola caja compacta y asequible que est\u00e1 dise\u00f1ada para ahora y para el futuro.  TC Electronic La innovadora tecnolog\u00eda MASH a\u00f1ade un pedal de expresi\u00f3n a un pedal de retraso de clase mundial que responde a tu tacto y ahorra un precioso espacio de pedalera.\" \/>\n<meta property=\"og:url\" content=\"https:\/\/hawaymusic.com\/es\/product\/tc-electronic-polytune-3-mini-pedal-afinador-tuner\/\" \/>\n<meta property=\"og:site_name\" content=\"Haway Music\" \/>\n<meta property=\"article:modified_time\" content=\"2024-05-08T15:12:51+00:00\" \/>\n<meta property=\"og:image\" content=\"https:\/\/hawaymusic.com\/wp-content\/uploads\/2024\/05\/POLYTUNE-3-MINI_P0DHQ_Top_XL-1-1.jpeg\" \/>\n\t<meta property=\"og:image:width\" content=\"389\" \/>\n\t<meta property=\"og:image:height\" content=\"422\" \/>\n\t<meta property=\"og:image:type\" content=\"image\/jpeg\" \/>\n<meta name=\"twitter:card\" content=\"summary_large_image\" \/>\n<meta name=\"twitter:label1\" content=\"Tiempo de lectura\" \/>\n\t<meta name=\"twitter:data1\" content=\"1 minuto\" \/>\n<script type=\"application\/ld+json\" class=\"yoast-schema-graph\">{\"@context\":\"https:\\\/\\\/schema.org\",\"@graph\":[{\"@type\":\"WebPage\",\"@id\":\"https:\\\/\\\/hawaymusic.com\\\/product\\\/tc-electronic-polytune-3-mini-pedal-afinador-tuner\\\/\",\"url\":\"https:\\\/\\\/hawaymusic.com\\\/product\\\/tc-electronic-polytune-3-mini-pedal-afinador-tuner\\\/\",\"name\":\"TC Electronic Polytune 3 mini Pedal Afinador Tuner - Haway Music\",\"isPartOf\":{\"@id\":\"https:\\\/\\\/hawaymusic.com\\\/#website\"},\"primaryImageOfPage\":{\"@id\":\"https:\\\/\\\/hawaymusic.com\\\/product\\\/tc-electronic-polytune-3-mini-pedal-afinador-tuner\\\/#primaryimage\"},\"image\":{\"@id\":\"https:\\\/\\\/hawaymusic.com\\\/product\\\/tc-electronic-polytune-3-mini-pedal-afinador-tuner\\\/#primaryimage\"},\"thumbnailUrl\":\"https:\\\/\\\/i0.wp.com\\\/hawaymusic.com\\\/wp-content\\\/uploads\\\/2024\\\/05\\\/POLYTUNE-3-MINI_P0DHQ_Top_XL-1-1.jpeg?fit=389%2C422&ssl=1\",\"datePublished\":\"2024-05-08T15:10:19+00:00\",\"dateModified\":\"2024-05-08T15:12:51+00:00\",\"breadcrumb\":{\"@id\":\"https:\\\/\\\/hawaymusic.com\\\/product\\\/tc-electronic-polytune-3-mini-pedal-afinador-tuner\\\/#breadcrumb\"},\"inLanguage\":\"es-CO\",\"potentialAction\":[{\"@type\":\"ReadAction\",\"target\":[\"https:\\\/\\\/hawaymusic.com\\\/product\\\/tc-electronic-polytune-3-mini-pedal-afinador-tuner\\\/\"]}]},{\"@type\":\"ImageObject\",\"inLanguage\":\"es-CO\",\"@id\":\"https:\\\/\\\/hawaymusic.com\\\/product\\\/tc-electronic-polytune-3-mini-pedal-afinador-tuner\\\/#primaryimage\",\"url\":\"https:\\\/\\\/i0.wp.com\\\/hawaymusic.com\\\/wp-content\\\/uploads\\\/2024\\\/05\\\/POLYTUNE-3-MINI_P0DHQ_Top_XL-1-1.jpeg?fit=389%2C422&ssl=1\",\"contentUrl\":\"https:\\\/\\\/i0.wp.com\\\/hawaymusic.com\\\/wp-content\\\/uploads\\\/2024\\\/05\\\/POLYTUNE-3-MINI_P0DHQ_Top_XL-1-1.jpeg?fit=389%2C422&ssl=1\",\"width\":389,\"height\":422},{\"@type\":\"BreadcrumbList\",\"@id\":\"https:\\\/\\\/hawaymusic.com\\\/product\\\/tc-electronic-polytune-3-mini-pedal-afinador-tuner\\\/#breadcrumb\",\"itemListElement\":[{\"@type\":\"ListItem\",\"position\":1,\"name\":\"Inicio\",\"item\":\"https:\\\/\\\/hawaymusic.com\\\/\"},{\"@type\":\"ListItem\",\"position\":2,\"name\":\"Shop\",\"item\":\"https:\\\/\\\/hawaymusic.com\\\/shop\\\/\"},{\"@type\":\"ListItem\",\"position\":3,\"name\":\"TC Electronic Polytune 3 mini Pedal Afinador Tuner\"}]},{\"@type\":\"WebSite\",\"@id\":\"https:\\\/\\\/hawaymusic.com\\\/#website\",\"url\":\"https:\\\/\\\/hawaymusic.com\\\/\",\"name\":\"Haway Music\",\"description\":\"La mejor tienda de instrumentos musicales en Ecuador\",\"potentialAction\":[{\"@type\":\"SearchAction\",\"target\":{\"@type\":\"EntryPoint\",\"urlTemplate\":\"https:\\\/\\\/hawaymusic.com\\\/?s={search_term_string}\"},\"query-input\":{\"@type\":\"PropertyValueSpecification\",\"valueRequired\":true,\"valueName\":\"search_term_string\"}}],\"inLanguage\":\"es-CO\"}]}<\/script>\n<!-- \/ Yoast SEO plugin. -->","yoast_head_json":{"title":"TC Electronic Polytune 3 mini Pedal Afinador Tuner - Haway Music","robots":{"index":"index","follow":"follow","max-snippet":"max-snippet:-1","max-image-preview":"max-image-preview:large","max-video-preview":"max-video-preview:-1"},"canonical":"https:\/\/hawaymusic.com\/es\/product\/tc-electronic-polytune-3-mini-pedal-afinador-tuner\/","og_locale":"es_ES","og_type":"article","og_title":"TC Electronic Polytune 3 mini Pedal Afinador Tuner - Haway Music","og_description":"Flashback 2 pedal de efectos de retardo.  El retardo de flashback electr\u00f3nico tc 2 empaqueta todo el legado de retraso de la empresa en una sola caja compacta y asequible que est\u00e1 dise\u00f1ada para ahora y para el futuro.  TC Electronic La innovadora tecnolog\u00eda MASH a\u00f1ade un pedal de expresi\u00f3n a un pedal de retraso de clase mundial que responde a tu tacto y ahorra un precioso espacio de pedalera.","og_url":"https:\/\/hawaymusic.com\/es\/product\/tc-electronic-polytune-3-mini-pedal-afinador-tuner\/","og_site_name":"Haway Music","article_modified_time":"2024-05-08T15:12:51+00:00","og_image":[{"width":389,"height":422,"url":"https:\/\/hawaymusic.com\/wp-content\/uploads\/2024\/05\/POLYTUNE-3-MINI_P0DHQ_Top_XL-1-1.jpeg","type":"image\/jpeg"}],"twitter_card":"summary_large_image","twitter_misc":{"Tiempo de lectura":"1 minuto"},"schema":{"@context":"https:\/\/schema.org","@graph":[{"@type":"WebPage","@id":"https:\/\/hawaymusic.com\/product\/tc-electronic-polytune-3-mini-pedal-afinador-tuner\/","url":"https:\/\/hawaymusic.com\/product\/tc-electronic-polytune-3-mini-pedal-afinador-tuner\/","name":"TC Electronic Polytune 3 mini Pedal Afinador Tuner - Haway Music","isPartOf":{"@id":"https:\/\/hawaymusic.com\/#website"},"primaryImageOfPage":{"@id":"https:\/\/hawaymusic.com\/product\/tc-electronic-polytune-3-mini-pedal-afinador-tuner\/#primaryimage"},"image":{"@id":"https:\/\/hawaymusic.com\/product\/tc-electronic-polytune-3-mini-pedal-afinador-tuner\/#primaryimage"},"thumbnailUrl":"https:\/\/i0.wp.com\/hawaymusic.com\/wp-content\/uploads\/2024\/05\/POLYTUNE-3-MINI_P0DHQ_Top_XL-1-1.jpeg?fit=389%2C422&ssl=1","datePublished":"2024-05-08T15:10:19+00:00","dateModified":"2024-05-08T15:12:51+00:00","breadcrumb":{"@id":"https:\/\/hawaymusic.com\/product\/tc-electronic-polytune-3-mini-pedal-afinador-tuner\/#breadcrumb"},"inLanguage":"es-CO","potentialAction":[{"@type":"ReadAction","target":["https:\/\/hawaymusic.com\/product\/tc-electronic-polytune-3-mini-pedal-afinador-tuner\/"]}]},{"@type":"ImageObject","inLanguage":"es-CO","@id":"https:\/\/hawaymusic.com\/product\/tc-electronic-polytune-3-mini-pedal-afinador-tuner\/#primaryimage","url":"https:\/\/i0.wp.com\/hawaymusic.com\/wp-content\/uploads\/2024\/05\/POLYTUNE-3-MINI_P0DHQ_Top_XL-1-1.jpeg?fit=389%2C422&ssl=1","contentUrl":"https:\/\/i0.wp.com\/hawaymusic.com\/wp-content\/uploads\/2024\/05\/POLYTUNE-3-MINI_P0DHQ_Top_XL-1-1.jpeg?fit=389%2C422&ssl=1","width":389,"height":422},{"@type":"BreadcrumbList","@id":"https:\/\/hawaymusic.com\/product\/tc-electronic-polytune-3-mini-pedal-afinador-tuner\/#breadcrumb","itemListElement":[{"@type":"ListItem","position":1,"name":"Inicio","item":"https:\/\/hawaymusic.com\/"},{"@type":"ListItem","position":2,"name":"Shop","item":"https:\/\/hawaymusic.com\/shop\/"},{"@type":"ListItem","position":3,"name":"TC Electronic Polytune 3 mini Pedal Afinador Tuner"}]},{"@type":"WebSite","@id":"https:\/\/hawaymusic.com\/#website","url":"https:\/\/hawaymusic.com\/","name":"Haway Music","description":"La mejor tienda de instrumentos musicales en Ecuador","potentialAction":[{"@type":"SearchAction","target":{"@type":"EntryPoint","urlTemplate":"https:\/\/hawaymusic.com\/?s={search_term_string}"},"query-input":{"@type":"PropertyValueSpecification","valueRequired":true,"valueName":"search_term_string"}}],"inLanguage":"es-CO"}]}},"jetpack_sharing_enabled":true,"brands":[],"_links":{"self":[{"href":"https:\/\/hawaymusic.com\/es\/wp-json\/wp\/v2\/product\/600","targetHints":{"allow":["GET"]}}],"collection":[{"href":"https:\/\/hawaymusic.com\/es\/wp-json\/wp\/v2\/product"}],"about":[{"href":"https:\/\/hawaymusic.com\/es\/wp-json\/wp\/v2\/types\/product"}],"replies":[{"embeddable":true,"href":"https:\/\/hawaymusic.com\/es\/wp-json\/wp\/v2\/comments?post=600"}],"wp:featuredmedia":[{"embeddable":true,"href":"https:\/\/hawaymusic.com\/es\/wp-json\/wp\/v2\/media\/601"}],"wp:attachment":[{"href":"https:\/\/hawaymusic.com\/es\/wp-json\/wp\/v2\/media?parent=600"}],"wp:term":[{"taxonomy":"pwb-brand","embeddable":true,"href":"https:\/\/hawaymusic.com\/es\/wp-json\/wp\/v2\/pwb-brand?post=600"},{"taxonomy":"product_brand","embeddable":true,"href":"https:\/\/hawaymusic.com\/es\/wp-json\/wp\/v2\/product_brand?post=600"},{"taxonomy":"product_cat","embeddable":true,"href":"https:\/\/hawaymusic.com\/es\/wp-json\/wp\/v2\/product_cat?post=600"},{"taxonomy":"product_tag","embeddable":true,"href":"https:\/\/hawaymusic.com\/es\/wp-json\/wp\/v2\/product_tag?post=600"}],"curies":[{"name":"wp","href":"https:\/\/api.w.org\/{rel}","templated":true}]}}