{"id":598,"date":"2024-05-08T15:07:05","date_gmt":"2024-05-08T15:07:05","guid":{"rendered":"https:\/\/hawaymusic.com\/?post_type=product&#038;p=598"},"modified":"2025-02-20T21:48:14","modified_gmt":"2025-02-20T21:48:14","slug":"tc-electronic-hall-of-fame-2-reverb","status":"publish","type":"product","link":"https:\/\/hawaymusic.com\/es\/product\/tc-electronic-hall-of-fame-2-reverb\/","title":{"rendered":"TC Electronic Hall Of Fame 2 Reverb"},"content":{"rendered":"<div class=\"features expandable-section\">\n<div class=\"title\">\n<p>Caracter\u00edsticas<\/p>\n<div class=\"icon\"><\/div>\n<\/div>\n<\/div>\n<div class=\"information expandable-section\">\n<div class=\"content\">\n<p>El\u00a0<strong>p<\/strong><strong>edal Reverb Hall Of Fame 2<\/strong>\u00a0de\u00a0<strong>TC Electronic<\/strong>\u00a0supone una experiencia renovada, con la excelente calidad de la marca.<\/p>\n<h2>Caracter\u00edsticas del Pedal Reverb Hall Of Fame 2<\/h2>\n<ul>\n<li><strong>Tecnolog\u00eda MASH<\/strong>\u00a0innovadora, con un interruptor sensible a la presi\u00f3n que act\u00faa para la expresi\u00f3n.<\/li>\n<li><strong>Shimmer<\/strong>. Un nuevo algoritmo de reverberaci\u00f3n.<\/li>\n<li><strong>La tecnolog\u00eda TonePrint<\/strong>\u00a0permite que la aplicaci\u00f3n hom\u00f3nima cargue configuraciones interesantes preparadas por artistas famosos.<\/li>\n<li><strong>Reverberaciones<\/strong>. Incluye muchos tipos de reverberaci\u00f3n diferentes:\u00a0<em>Room, hall, spring, plate, church, shimmer, mod, Lo-Fi<\/em>.<\/li>\n<li><strong>Tres ranuras<\/strong>\u00a0dedicadas para almacenar y recuperar r\u00e1pidamente los sonidos de Tone Prints.<\/li>\n<li><strong>Toneprint Editor<\/strong>. Permite dise\u00f1ar sonidos propios de reverberaci\u00f3n con el TonePrint Editor, gratuito para Windows, Mac o iPad.<\/li>\n<li><strong>Interruptores<\/strong>. El pedal tiene los siguientes interruptores:\u00a0<em>Decay\u00a0<\/em>(velocidad de ca\u00edda),\u00a0<em>tone\u00a0<\/em>(brillo) y\u00a0<em>level\u00a0<\/em>(volumen), as\u00ed como un interruptor para la duraci\u00f3n de los modos de efecto y prerretardo.<\/li>\n<li><strong>La facilidad de uso<\/strong>\u00a0permite concentrarte solo en tocar.<\/li>\n<li><strong>True Bypass<\/strong>\u00a0garantiza una transparencia \u00f3ptima y una p\u00e9rdida cero de gama alta.<\/li>\n<li><strong>El\u00a0<em>bypass<\/em><\/strong><em>\u00a0<\/em>con b\u00fafer opcional evita el deterioro de la calidad de la se\u00f1al cuando se utilizan cables de conexi\u00f3n largos.<\/li>\n<li><strong>Resistente<\/strong>. El pedal tiene un cuerpo duradero y confiable.<\/li>\n<li><strong>Energ\u00eda<\/strong>. Funciona con una bater\u00eda de 9V o con una fuente de alimentaci\u00f3n.<\/li>\n<\/ul>\n<p>El\u00a0<strong>Pedal Reverb Hall Of Fame<\/strong>\u00a0presenta una serie de mejoras en comparaci\u00f3n con su predecesor, como el nuevo tipo de reverberaci\u00f3n Shimmer (SHIM), muy solicitado recientemente por los guitarristas. Incorpora tres ranuras para preajustes individuales de TonePrints y se utiliza para la pr\u00f3xima vez la\u00a0<strong>primera tecnolog\u00eda MASH<\/strong>, ampliando las capacidades del pedal para incluir control de expresi\u00f3n sin ning\u00fan accesorio adicional.<\/p>\n<p><strong>MASH\u00a0<\/strong>es un bot\u00f3n especial de alta resistencia con sensor de inducci\u00f3n magn\u00e9tico que, adem\u00e1s de la funci\u00f3n tradicional de encendido \/ apagado, proporciona informaci\u00f3n para la adecuaci\u00f3n adicional del par\u00e1metro del estilo de reverberaci\u00f3n que se acaba de activar.<\/p>\n<\/div>\n<\/div>","protected":false},"excerpt":{"rendered":"<ul>\n<li>Flashback 2 pedal de efectos de retardo.<\/li>\n<li>El retardo de flashback electr\u00f3nico tc 2 empaqueta todo el legado de retraso de la empresa en una sola caja compacta y asequible que est\u00e1 dise\u00f1ada para ahora y para el futuro.<\/li>\n<li>TC Electronic La innovadora tecnolog\u00eda MASH a\u00f1ade un pedal de expresi\u00f3n a un pedal de retraso de clase mundial que responde a tu tacto y ahorra un precioso espacio de pedalera.<\/li>\n<\/ul>","protected":false},"featured_media":619,"comment_status":"open","ping_status":"closed","template":"","meta":[],"pwb-brand":[76],"product_brand":[],"product_cat":[16],"product_tag":[],"class_list":{"0":"post-598","1":"product","2":"type-product","3":"status-publish","4":"has-post-thumbnail","6":"pwb-brand-jhs","7":"product_cat-pedal-guitarra","9":"first","10":"onbackorder","11":"taxable","12":"shipping-taxable","13":"purchasable","14":"product-type-simple"},"yoast_head":"<!-- This site is optimized with the Yoast SEO plugin v27.5 - https:\/\/yoast.com\/product\/yoast-seo-wordpress\/ -->\n<title>TC Electronic Hall Of Fame 2 Reverb - Haway Music<\/title>\n<meta name=\"robots\" content=\"index, follow, max-snippet:-1, max-image-preview:large, max-video-preview:-1\" \/>\n<link rel=\"canonical\" href=\"https:\/\/hawaymusic.com\/es\/product\/tc-electronic-hall-of-fame-2-reverb\/\" \/>\n<meta property=\"og:locale\" content=\"es_ES\" \/>\n<meta property=\"og:type\" content=\"article\" \/>\n<meta property=\"og:title\" content=\"TC Electronic Hall Of Fame 2 Reverb - Haway Music\" \/>\n<meta property=\"og:description\" content=\"Flashback 2 pedal de efectos de retardo.  El retardo de flashback electr\u00f3nico tc 2 empaqueta todo el legado de retraso de la empresa en una sola caja compacta y asequible que est\u00e1 dise\u00f1ada para ahora y para el futuro.  TC Electronic La innovadora tecnolog\u00eda MASH a\u00f1ade un pedal de expresi\u00f3n a un pedal de retraso de clase mundial que responde a tu tacto y ahorra un precioso espacio de pedalera.\" \/>\n<meta property=\"og:url\" content=\"https:\/\/hawaymusic.com\/es\/product\/tc-electronic-hall-of-fame-2-reverb\/\" \/>\n<meta property=\"og:site_name\" content=\"Haway Music\" \/>\n<meta property=\"article:modified_time\" content=\"2025-02-20T21:48:14+00:00\" \/>\n<meta property=\"og:image\" content=\"https:\/\/hawaymusic.com\/wp-content\/uploads\/2024\/05\/hall.jpg\" \/>\n\t<meta property=\"og:image:width\" content=\"1280\" \/>\n\t<meta property=\"og:image:height\" content=\"1280\" \/>\n\t<meta property=\"og:image:type\" content=\"image\/jpeg\" \/>\n<meta name=\"twitter:card\" content=\"summary_large_image\" \/>\n<meta name=\"twitter:label1\" content=\"Tiempo de lectura\" \/>\n\t<meta name=\"twitter:data1\" content=\"2 minutos\" \/>\n<script type=\"application\/ld+json\" class=\"yoast-schema-graph\">{\"@context\":\"https:\\\/\\\/schema.org\",\"@graph\":[{\"@type\":\"WebPage\",\"@id\":\"https:\\\/\\\/hawaymusic.com\\\/product\\\/tc-electronic-hall-of-fame-2-reverb\\\/\",\"url\":\"https:\\\/\\\/hawaymusic.com\\\/product\\\/tc-electronic-hall-of-fame-2-reverb\\\/\",\"name\":\"TC Electronic Hall Of Fame 2 Reverb - Haway Music\",\"isPartOf\":{\"@id\":\"https:\\\/\\\/hawaymusic.com\\\/#website\"},\"primaryImageOfPage\":{\"@id\":\"https:\\\/\\\/hawaymusic.com\\\/product\\\/tc-electronic-hall-of-fame-2-reverb\\\/#primaryimage\"},\"image\":{\"@id\":\"https:\\\/\\\/hawaymusic.com\\\/product\\\/tc-electronic-hall-of-fame-2-reverb\\\/#primaryimage\"},\"thumbnailUrl\":\"https:\\\/\\\/i0.wp.com\\\/hawaymusic.com\\\/wp-content\\\/uploads\\\/2024\\\/05\\\/hall.jpg?fit=1280%2C1280&ssl=1\",\"datePublished\":\"2024-05-08T15:07:05+00:00\",\"dateModified\":\"2025-02-20T21:48:14+00:00\",\"breadcrumb\":{\"@id\":\"https:\\\/\\\/hawaymusic.com\\\/product\\\/tc-electronic-hall-of-fame-2-reverb\\\/#breadcrumb\"},\"inLanguage\":\"es-CO\",\"potentialAction\":[{\"@type\":\"ReadAction\",\"target\":[\"https:\\\/\\\/hawaymusic.com\\\/product\\\/tc-electronic-hall-of-fame-2-reverb\\\/\"]}]},{\"@type\":\"ImageObject\",\"inLanguage\":\"es-CO\",\"@id\":\"https:\\\/\\\/hawaymusic.com\\\/product\\\/tc-electronic-hall-of-fame-2-reverb\\\/#primaryimage\",\"url\":\"https:\\\/\\\/i0.wp.com\\\/hawaymusic.com\\\/wp-content\\\/uploads\\\/2024\\\/05\\\/hall.jpg?fit=1280%2C1280&ssl=1\",\"contentUrl\":\"https:\\\/\\\/i0.wp.com\\\/hawaymusic.com\\\/wp-content\\\/uploads\\\/2024\\\/05\\\/hall.jpg?fit=1280%2C1280&ssl=1\",\"width\":1280,\"height\":1280},{\"@type\":\"BreadcrumbList\",\"@id\":\"https:\\\/\\\/hawaymusic.com\\\/product\\\/tc-electronic-hall-of-fame-2-reverb\\\/#breadcrumb\",\"itemListElement\":[{\"@type\":\"ListItem\",\"position\":1,\"name\":\"Inicio\",\"item\":\"https:\\\/\\\/hawaymusic.com\\\/\"},{\"@type\":\"ListItem\",\"position\":2,\"name\":\"Shop\",\"item\":\"https:\\\/\\\/hawaymusic.com\\\/shop\\\/\"},{\"@type\":\"ListItem\",\"position\":3,\"name\":\"TC Electronic Hall Of Fame 2 Reverb\"}]},{\"@type\":\"WebSite\",\"@id\":\"https:\\\/\\\/hawaymusic.com\\\/#website\",\"url\":\"https:\\\/\\\/hawaymusic.com\\\/\",\"name\":\"Haway Music\",\"description\":\"La mejor tienda de instrumentos musicales en Ecuador\",\"potentialAction\":[{\"@type\":\"SearchAction\",\"target\":{\"@type\":\"EntryPoint\",\"urlTemplate\":\"https:\\\/\\\/hawaymusic.com\\\/?s={search_term_string}\"},\"query-input\":{\"@type\":\"PropertyValueSpecification\",\"valueRequired\":true,\"valueName\":\"search_term_string\"}}],\"inLanguage\":\"es-CO\"}]}<\/script>\n<!-- \/ Yoast SEO plugin. -->","yoast_head_json":{"title":"TC Electronic Hall Of Fame 2 Reverb - Haway Music","robots":{"index":"index","follow":"follow","max-snippet":"max-snippet:-1","max-image-preview":"max-image-preview:large","max-video-preview":"max-video-preview:-1"},"canonical":"https:\/\/hawaymusic.com\/es\/product\/tc-electronic-hall-of-fame-2-reverb\/","og_locale":"es_ES","og_type":"article","og_title":"TC Electronic Hall Of Fame 2 Reverb - Haway Music","og_description":"Flashback 2 pedal de efectos de retardo.  El retardo de flashback electr\u00f3nico tc 2 empaqueta todo el legado de retraso de la empresa en una sola caja compacta y asequible que est\u00e1 dise\u00f1ada para ahora y para el futuro.  TC Electronic La innovadora tecnolog\u00eda MASH a\u00f1ade un pedal de expresi\u00f3n a un pedal de retraso de clase mundial que responde a tu tacto y ahorra un precioso espacio de pedalera.","og_url":"https:\/\/hawaymusic.com\/es\/product\/tc-electronic-hall-of-fame-2-reverb\/","og_site_name":"Haway Music","article_modified_time":"2025-02-20T21:48:14+00:00","og_image":[{"width":1280,"height":1280,"url":"https:\/\/hawaymusic.com\/wp-content\/uploads\/2024\/05\/hall.jpg","type":"image\/jpeg"}],"twitter_card":"summary_large_image","twitter_misc":{"Tiempo de lectura":"2 minutos"},"schema":{"@context":"https:\/\/schema.org","@graph":[{"@type":"WebPage","@id":"https:\/\/hawaymusic.com\/product\/tc-electronic-hall-of-fame-2-reverb\/","url":"https:\/\/hawaymusic.com\/product\/tc-electronic-hall-of-fame-2-reverb\/","name":"TC Electronic Hall Of Fame 2 Reverb - Haway Music","isPartOf":{"@id":"https:\/\/hawaymusic.com\/#website"},"primaryImageOfPage":{"@id":"https:\/\/hawaymusic.com\/product\/tc-electronic-hall-of-fame-2-reverb\/#primaryimage"},"image":{"@id":"https:\/\/hawaymusic.com\/product\/tc-electronic-hall-of-fame-2-reverb\/#primaryimage"},"thumbnailUrl":"https:\/\/i0.wp.com\/hawaymusic.com\/wp-content\/uploads\/2024\/05\/hall.jpg?fit=1280%2C1280&ssl=1","datePublished":"2024-05-08T15:07:05+00:00","dateModified":"2025-02-20T21:48:14+00:00","breadcrumb":{"@id":"https:\/\/hawaymusic.com\/product\/tc-electronic-hall-of-fame-2-reverb\/#breadcrumb"},"inLanguage":"es-CO","potentialAction":[{"@type":"ReadAction","target":["https:\/\/hawaymusic.com\/product\/tc-electronic-hall-of-fame-2-reverb\/"]}]},{"@type":"ImageObject","inLanguage":"es-CO","@id":"https:\/\/hawaymusic.com\/product\/tc-electronic-hall-of-fame-2-reverb\/#primaryimage","url":"https:\/\/i0.wp.com\/hawaymusic.com\/wp-content\/uploads\/2024\/05\/hall.jpg?fit=1280%2C1280&ssl=1","contentUrl":"https:\/\/i0.wp.com\/hawaymusic.com\/wp-content\/uploads\/2024\/05\/hall.jpg?fit=1280%2C1280&ssl=1","width":1280,"height":1280},{"@type":"BreadcrumbList","@id":"https:\/\/hawaymusic.com\/product\/tc-electronic-hall-of-fame-2-reverb\/#breadcrumb","itemListElement":[{"@type":"ListItem","position":1,"name":"Inicio","item":"https:\/\/hawaymusic.com\/"},{"@type":"ListItem","position":2,"name":"Shop","item":"https:\/\/hawaymusic.com\/shop\/"},{"@type":"ListItem","position":3,"name":"TC Electronic Hall Of Fame 2 Reverb"}]},{"@type":"WebSite","@id":"https:\/\/hawaymusic.com\/#website","url":"https:\/\/hawaymusic.com\/","name":"Haway Music","description":"La mejor tienda de instrumentos musicales en Ecuador","potentialAction":[{"@type":"SearchAction","target":{"@type":"EntryPoint","urlTemplate":"https:\/\/hawaymusic.com\/?s={search_term_string}"},"query-input":{"@type":"PropertyValueSpecification","valueRequired":true,"valueName":"search_term_string"}}],"inLanguage":"es-CO"}]}},"jetpack_sharing_enabled":true,"brands":[{"id":76,"name":"Jhs","slug":"jhs"}],"_links":{"self":[{"href":"https:\/\/hawaymusic.com\/es\/wp-json\/wp\/v2\/product\/598","targetHints":{"allow":["GET"]}}],"collection":[{"href":"https:\/\/hawaymusic.com\/es\/wp-json\/wp\/v2\/product"}],"about":[{"href":"https:\/\/hawaymusic.com\/es\/wp-json\/wp\/v2\/types\/product"}],"replies":[{"embeddable":true,"href":"https:\/\/hawaymusic.com\/es\/wp-json\/wp\/v2\/comments?post=598"}],"wp:featuredmedia":[{"embeddable":true,"href":"https:\/\/hawaymusic.com\/es\/wp-json\/wp\/v2\/media\/619"}],"wp:attachment":[{"href":"https:\/\/hawaymusic.com\/es\/wp-json\/wp\/v2\/media?parent=598"}],"wp:term":[{"taxonomy":"pwb-brand","embeddable":true,"href":"https:\/\/hawaymusic.com\/es\/wp-json\/wp\/v2\/pwb-brand?post=598"},{"taxonomy":"product_brand","embeddable":true,"href":"https:\/\/hawaymusic.com\/es\/wp-json\/wp\/v2\/product_brand?post=598"},{"taxonomy":"product_cat","embeddable":true,"href":"https:\/\/hawaymusic.com\/es\/wp-json\/wp\/v2\/product_cat?post=598"},{"taxonomy":"product_tag","embeddable":true,"href":"https:\/\/hawaymusic.com\/es\/wp-json\/wp\/v2\/product_tag?post=598"}],"curies":[{"name":"wp","href":"https:\/\/api.w.org\/{rel}","templated":true}]}}