{"id":594,"date":"2024-05-08T14:43:35","date_gmt":"2024-05-08T14:43:35","guid":{"rendered":"https:\/\/hawaymusic.com\/?post_type=product&#038;p=594"},"modified":"2025-04-13T14:21:08","modified_gmt":"2025-04-13T14:21:08","slug":"simplifier-x-dual-channel-amplificador-estereo-w-reverb-dsm-humboldt","status":"publish","type":"product","link":"https:\/\/hawaymusic.com\/es\/product\/simplifier-x-dual-channel-amplificador-estereo-w-reverb-dsm-humboldt\/","title":{"rendered":"Simplifier X Dual Channel Amplificador est\u00e9reo w\/Reverb DSM &#038; Humboldt"},"content":{"rendered":"<div class=\"wpb-content-wrapper\"><div class=\"vc_row wpb_row vc_row-fluid\"><div class=\"wpb_column vc_column_container vc_col-sm-12\"><div class=\"vc_column-inner\"><div class=\"wpb_wrapper\">\n\t<div class=\"wpb_video_widget wpb_content_element vc_clearfix vc_video-aspect-ratio-169 vc_video-el-width-100 vc_video-align-left\" >\n\t\t<div class=\"wpb_wrapper\">\n\t\t\t\n\t\t\t<div class=\"wpb_video_wrapper\"><iframe loading=\"lazy\" title=\"DSM &amp; Humboldt: SIMPLIFIER DLX - Zero Watt Dual Channel &amp; Reverb Stereo Amplifier\" width=\"500\" height=\"281\" src=\"https:\/\/www.youtube.com\/embed\/V5JBgJ6OwR0?feature=oembed\" frameborder=\"0\" allow=\"accelerometer; autoplay; clipboard-write; encrypted-media; gyroscope; picture-in-picture; web-share\" allowfullscreen><\/iframe><\/div>\n\t\t<\/div>\n\t<\/div>\n<\/div><\/div><\/div><\/div>\n<\/div>","protected":false},"excerpt":{"rendered":"<ul class=\"a-unordered-list a-vertical a-spacing-mini\">\n<li><strong>BIENVENIDO AL X<br \/>\n<\/strong>El simulador de amplificador anal\u00f3gico m\u00e1s avanzado jam\u00e1s creadoEl SIMPLIFICADOR X ha sido dise\u00f1ado y desarrollado\u00a0para satisfacer las necesidades de guitarristas que buscan versatilidad flexibilidad, practicidad y la capacidad de obtener los mejores tonos jam\u00e1s producidos por anal\u00f3gico.<\/p>\n<ul>\n<li><strong>NADA DE BUCEAR POR LOS MEN\u00daS.<\/strong><\/li>\n<li><strong>LATENCIA CERO.<\/strong><\/li>\n<li><strong>SONIDO Y SENSACI\u00d3N ULTRA REALISTA.<\/strong><\/li>\n<\/ul>\n<p><strong>LO QUE VES ES<br \/>\nLO QUE OBTIENES.<\/strong><\/p>\n<p><strong>M\u00c1S ES M\u00c1S<\/strong><\/p>\n<p>LOS MODOS<strong><br \/>\n<\/strong><\/p>\n<p><strong>1. A\/B AMPLIFICADOR + A\/B CABINA<br \/>\n<\/strong>Este modo es dual mono, como tener dos amplificadores completos diferentes,<br \/>\nseleccionando cada uno con un interruptor A\/B. Cada amplificador tendr\u00e1 su propio<br \/>\npreamplificador, potencia, cabina, mezcla de reverb y Loop FX.<br \/>\nPuede tener diferentes FX en cada loop y seleccionarlos cambiando<br \/>\nel canal.<\/p>\n<p><strong>2: A\/B AMP + Stereo CAB<br \/>\n<\/strong>En este modo, puede alternar entre los amplificadores A y B, mientras que los<br \/>\nCabinas y el bucle FX permanecer\u00e1n Izquierda y Derecha. Esto le permite utilizar<br \/>\ndiferentes FX y cajas para cada lado, ampliando las opciones est\u00e9reo<br \/>\ny complementando las respuestas de las cabinas para un sonido m\u00e1s completo y 3D.<\/p>\n<p><strong>3: FULL PARALLEL<br \/>\n<\/strong>El modo Full Parallel es como tener dos amplificadores diferentes funcionando al mismo tiempo.<br \/>\nmismo tiempo. Puedes tener diferentes ajustes y efectos para cada lado y<br \/>\nla configuraci\u00f3n perfecta para un equipo est\u00e9reo completo.<br \/>\nIncluso puedes usar diferentes efectos en la entrada de cada amplificador.<\/p>\n<p><strong>MULTI ETAPA<br \/>\nREVERB EST\u00c9REO<\/strong><\/p>\n<p>Incluye una reverb est\u00e9reo completa, con control de mezcla<br \/>\npara cada canal de forma independiente.<\/p>\n<p>3 modos de reverberaci\u00f3n<br \/>\nCorta: ROOM STYLE<br \/>\nMedia PLATE STYLE<br \/>\nLargo: ETHER STYLE<\/li>\n<li><span class=\"a-list-item\">Salidas de 0.2\u00a0in con opci\u00f3n para evitar la emulaci\u00f3n de potencia + cab.<\/span><\/li>\n<\/ul>","protected":false},"featured_media":589,"comment_status":"open","ping_status":"closed","template":"","meta":[],"pwb-brand":[],"product_brand":[],"product_cat":[27,16],"product_tag":[],"class_list":{"0":"post-594","1":"product","2":"type-product","3":"status-publish","4":"has-post-thumbnail","6":"product_cat-amplificador-de-guitarra","7":"product_cat-pedal-guitarra","9":"first","10":"instock","11":"taxable","12":"shipping-taxable","13":"purchasable","14":"product-type-simple"},"yoast_head":"<!-- This site is optimized with the Yoast SEO plugin v27.5 - https:\/\/yoast.com\/product\/yoast-seo-wordpress\/ -->\n<title>Simplifier X Dual Channel Amplificador est\u00e9reo w\/Reverb DSM &amp; Humboldt - Haway Music<\/title>\n<meta name=\"robots\" content=\"index, follow, max-snippet:-1, max-image-preview:large, max-video-preview:-1\" \/>\n<link rel=\"canonical\" href=\"https:\/\/hawaymusic.com\/es\/product\/simplifier-x-dual-channel-amplificador-estereo-w-reverb-dsm-humboldt\/\" \/>\n<meta property=\"og:locale\" content=\"es_ES\" \/>\n<meta property=\"og:type\" content=\"article\" \/>\n<meta property=\"og:title\" content=\"Simplifier X Dual Channel Amplificador est\u00e9reo w\/Reverb DSM &amp; Humboldt - Haway Music\" \/>\n<meta property=\"og:description\" content=\"BIENVENIDO AL X El simulador de amplificador anal\u00f3gico m\u00e1s avanzado jam\u00e1s creadoEl SIMPLIFICADOR X ha sido dise\u00f1ado y desarrollado\u00a0para satisfacer las necesidades de guitarristas que buscan versatilidad flexibilidad, practicidad y la capacidad de obtener los mejores tonos jam\u00e1s producidos por anal\u00f3gico.   NADA DE BUCEAR POR LOS MEN\u00daS.  LATENCIA CERO.  SONIDO Y SENSACI\u00d3N ULTRA REALISTA.  LO QUE VES ES LO QUE OBTIENES.  M\u00c1S ES M\u00c1S  LOS MODOS   1. A\/B AMPLIFICADOR + A\/B CABINA Este modo es dual mono, como tener dos amplificadores completos diferentes, seleccionando cada uno con un interruptor A\/B. Cada amplificador tendr\u00e1 su propio preamplificador, potencia, cabina, mezcla de reverb y Loop FX. Puede tener diferentes FX en cada loop y seleccionarlos cambiando el canal.  2: A\/B AMP + Stereo CAB En este modo, puede alternar entre los amplificadores A y B, mientras que los Cabinas y el bucle FX permanecer\u00e1n Izquierda y Derecha. Esto le permite utilizar diferentes FX y cajas para cada lado, ampliando las opciones est\u00e9reo y complementando las respuestas de las cabinas para un sonido m\u00e1s completo y 3D.  3: FULL PARALLEL El modo Full Parallel es como tener dos amplificadores diferentes funcionando al mismo tiempo. mismo tiempo. Puedes tener diferentes ajustes y efectos para cada lado y la configuraci\u00f3n perfecta para un equipo est\u00e9reo completo. Incluso puedes usar diferentes efectos en la entrada de cada amplificador.  MULTI ETAPA REVERB EST\u00c9REO  Incluye una reverb est\u00e9reo completa, con control de mezcla para cada canal de forma independiente.  3 modos de reverberaci\u00f3n Corta: ROOM STYLE Media PLATE STYLE Largo: ETHER STYLE  Salidas de 0.2\u00a0in con opci\u00f3n para evitar la emulaci\u00f3n de potencia + cab.\" \/>\n<meta property=\"og:url\" content=\"https:\/\/hawaymusic.com\/es\/product\/simplifier-x-dual-channel-amplificador-estereo-w-reverb-dsm-humboldt\/\" \/>\n<meta property=\"og:site_name\" content=\"Haway Music\" \/>\n<meta property=\"article:modified_time\" content=\"2025-04-13T14:21:08+00:00\" \/>\n<meta property=\"og:image\" content=\"https:\/\/hawaymusic.com\/wp-content\/uploads\/2024\/05\/20240122-Humboldt3896-683x1024.png\" \/>\n\t<meta property=\"og:image:width\" content=\"683\" \/>\n\t<meta property=\"og:image:height\" content=\"1024\" \/>\n\t<meta property=\"og:image:type\" content=\"image\/png\" \/>\n<meta name=\"twitter:card\" content=\"summary_large_image\" \/>\n<meta name=\"twitter:label1\" content=\"Tiempo de lectura\" \/>\n\t<meta name=\"twitter:data1\" content=\"1 minuto\" \/>\n<script type=\"application\/ld+json\" class=\"yoast-schema-graph\">{\"@context\":\"https:\\\/\\\/schema.org\",\"@graph\":[{\"@type\":\"WebPage\",\"@id\":\"https:\\\/\\\/hawaymusic.com\\\/product\\\/simplifier-x-dual-channel-amplificador-estereo-w-reverb-dsm-humboldt\\\/\",\"url\":\"https:\\\/\\\/hawaymusic.com\\\/product\\\/simplifier-x-dual-channel-amplificador-estereo-w-reverb-dsm-humboldt\\\/\",\"name\":\"Simplifier X Dual Channel Amplificador est\u00e9reo w\\\/Reverb DSM & Humboldt - Haway Music\",\"isPartOf\":{\"@id\":\"https:\\\/\\\/hawaymusic.com\\\/#website\"},\"primaryImageOfPage\":{\"@id\":\"https:\\\/\\\/hawaymusic.com\\\/product\\\/simplifier-x-dual-channel-amplificador-estereo-w-reverb-dsm-humboldt\\\/#primaryimage\"},\"image\":{\"@id\":\"https:\\\/\\\/hawaymusic.com\\\/product\\\/simplifier-x-dual-channel-amplificador-estereo-w-reverb-dsm-humboldt\\\/#primaryimage\"},\"thumbnailUrl\":\"https:\\\/\\\/i0.wp.com\\\/hawaymusic.com\\\/wp-content\\\/uploads\\\/2024\\\/05\\\/20240122-Humboldt3896.png?fit=3379%2C5063&ssl=1\",\"datePublished\":\"2024-05-08T14:43:35+00:00\",\"dateModified\":\"2025-04-13T14:21:08+00:00\",\"breadcrumb\":{\"@id\":\"https:\\\/\\\/hawaymusic.com\\\/product\\\/simplifier-x-dual-channel-amplificador-estereo-w-reverb-dsm-humboldt\\\/#breadcrumb\"},\"inLanguage\":\"es-CO\",\"potentialAction\":[{\"@type\":\"ReadAction\",\"target\":[\"https:\\\/\\\/hawaymusic.com\\\/product\\\/simplifier-x-dual-channel-amplificador-estereo-w-reverb-dsm-humboldt\\\/\"]}]},{\"@type\":\"ImageObject\",\"inLanguage\":\"es-CO\",\"@id\":\"https:\\\/\\\/hawaymusic.com\\\/product\\\/simplifier-x-dual-channel-amplificador-estereo-w-reverb-dsm-humboldt\\\/#primaryimage\",\"url\":\"https:\\\/\\\/i0.wp.com\\\/hawaymusic.com\\\/wp-content\\\/uploads\\\/2024\\\/05\\\/20240122-Humboldt3896.png?fit=3379%2C5063&ssl=1\",\"contentUrl\":\"https:\\\/\\\/i0.wp.com\\\/hawaymusic.com\\\/wp-content\\\/uploads\\\/2024\\\/05\\\/20240122-Humboldt3896.png?fit=3379%2C5063&ssl=1\",\"width\":3379,\"height\":5063},{\"@type\":\"BreadcrumbList\",\"@id\":\"https:\\\/\\\/hawaymusic.com\\\/product\\\/simplifier-x-dual-channel-amplificador-estereo-w-reverb-dsm-humboldt\\\/#breadcrumb\",\"itemListElement\":[{\"@type\":\"ListItem\",\"position\":1,\"name\":\"Inicio\",\"item\":\"https:\\\/\\\/hawaymusic.com\\\/\"},{\"@type\":\"ListItem\",\"position\":2,\"name\":\"Shop\",\"item\":\"https:\\\/\\\/hawaymusic.com\\\/shop\\\/\"},{\"@type\":\"ListItem\",\"position\":3,\"name\":\"Simplifier X Dual Channel Amplificador est\u00e9reo w\\\/Reverb DSM &#038; Humboldt\"}]},{\"@type\":\"WebSite\",\"@id\":\"https:\\\/\\\/hawaymusic.com\\\/#website\",\"url\":\"https:\\\/\\\/hawaymusic.com\\\/\",\"name\":\"Haway Music\",\"description\":\"La mejor tienda de instrumentos musicales en Ecuador\",\"potentialAction\":[{\"@type\":\"SearchAction\",\"target\":{\"@type\":\"EntryPoint\",\"urlTemplate\":\"https:\\\/\\\/hawaymusic.com\\\/?s={search_term_string}\"},\"query-input\":{\"@type\":\"PropertyValueSpecification\",\"valueRequired\":true,\"valueName\":\"search_term_string\"}}],\"inLanguage\":\"es-CO\"}]}<\/script>\n<!-- \/ Yoast SEO plugin. -->","yoast_head_json":{"title":"Simplifier X Dual Channel Amplificador est\u00e9reo w\/Reverb DSM & Humboldt - Haway Music","robots":{"index":"index","follow":"follow","max-snippet":"max-snippet:-1","max-image-preview":"max-image-preview:large","max-video-preview":"max-video-preview:-1"},"canonical":"https:\/\/hawaymusic.com\/es\/product\/simplifier-x-dual-channel-amplificador-estereo-w-reverb-dsm-humboldt\/","og_locale":"es_ES","og_type":"article","og_title":"Simplifier X Dual Channel Amplificador est\u00e9reo w\/Reverb DSM & Humboldt - Haway Music","og_description":"BIENVENIDO AL X El simulador de amplificador anal\u00f3gico m\u00e1s avanzado jam\u00e1s creadoEl SIMPLIFICADOR X ha sido dise\u00f1ado y desarrollado\u00a0para satisfacer las necesidades de guitarristas que buscan versatilidad flexibilidad, practicidad y la capacidad de obtener los mejores tonos jam\u00e1s producidos por anal\u00f3gico.   NADA DE BUCEAR POR LOS MEN\u00daS.  LATENCIA CERO.  SONIDO Y SENSACI\u00d3N ULTRA REALISTA.  LO QUE VES ES LO QUE OBTIENES.  M\u00c1S ES M\u00c1S  LOS MODOS   1. A\/B AMPLIFICADOR + A\/B CABINA Este modo es dual mono, como tener dos amplificadores completos diferentes, seleccionando cada uno con un interruptor A\/B. Cada amplificador tendr\u00e1 su propio preamplificador, potencia, cabina, mezcla de reverb y Loop FX. Puede tener diferentes FX en cada loop y seleccionarlos cambiando el canal.  2: A\/B AMP + Stereo CAB En este modo, puede alternar entre los amplificadores A y B, mientras que los Cabinas y el bucle FX permanecer\u00e1n Izquierda y Derecha. Esto le permite utilizar diferentes FX y cajas para cada lado, ampliando las opciones est\u00e9reo y complementando las respuestas de las cabinas para un sonido m\u00e1s completo y 3D.  3: FULL PARALLEL El modo Full Parallel es como tener dos amplificadores diferentes funcionando al mismo tiempo. mismo tiempo. Puedes tener diferentes ajustes y efectos para cada lado y la configuraci\u00f3n perfecta para un equipo est\u00e9reo completo. Incluso puedes usar diferentes efectos en la entrada de cada amplificador.  MULTI ETAPA REVERB EST\u00c9REO  Incluye una reverb est\u00e9reo completa, con control de mezcla para cada canal de forma independiente.  3 modos de reverberaci\u00f3n Corta: ROOM STYLE Media PLATE STYLE Largo: ETHER STYLE  Salidas de 0.2\u00a0in con opci\u00f3n para evitar la emulaci\u00f3n de potencia + cab.","og_url":"https:\/\/hawaymusic.com\/es\/product\/simplifier-x-dual-channel-amplificador-estereo-w-reverb-dsm-humboldt\/","og_site_name":"Haway Music","article_modified_time":"2025-04-13T14:21:08+00:00","og_image":[{"width":683,"height":1024,"url":"https:\/\/hawaymusic.com\/wp-content\/uploads\/2024\/05\/20240122-Humboldt3896-683x1024.png","type":"image\/png"}],"twitter_card":"summary_large_image","twitter_misc":{"Tiempo de lectura":"1 minuto"},"schema":{"@context":"https:\/\/schema.org","@graph":[{"@type":"WebPage","@id":"https:\/\/hawaymusic.com\/product\/simplifier-x-dual-channel-amplificador-estereo-w-reverb-dsm-humboldt\/","url":"https:\/\/hawaymusic.com\/product\/simplifier-x-dual-channel-amplificador-estereo-w-reverb-dsm-humboldt\/","name":"Simplifier X Dual Channel Amplificador est\u00e9reo w\/Reverb DSM & Humboldt - Haway Music","isPartOf":{"@id":"https:\/\/hawaymusic.com\/#website"},"primaryImageOfPage":{"@id":"https:\/\/hawaymusic.com\/product\/simplifier-x-dual-channel-amplificador-estereo-w-reverb-dsm-humboldt\/#primaryimage"},"image":{"@id":"https:\/\/hawaymusic.com\/product\/simplifier-x-dual-channel-amplificador-estereo-w-reverb-dsm-humboldt\/#primaryimage"},"thumbnailUrl":"https:\/\/i0.wp.com\/hawaymusic.com\/wp-content\/uploads\/2024\/05\/20240122-Humboldt3896.png?fit=3379%2C5063&ssl=1","datePublished":"2024-05-08T14:43:35+00:00","dateModified":"2025-04-13T14:21:08+00:00","breadcrumb":{"@id":"https:\/\/hawaymusic.com\/product\/simplifier-x-dual-channel-amplificador-estereo-w-reverb-dsm-humboldt\/#breadcrumb"},"inLanguage":"es-CO","potentialAction":[{"@type":"ReadAction","target":["https:\/\/hawaymusic.com\/product\/simplifier-x-dual-channel-amplificador-estereo-w-reverb-dsm-humboldt\/"]}]},{"@type":"ImageObject","inLanguage":"es-CO","@id":"https:\/\/hawaymusic.com\/product\/simplifier-x-dual-channel-amplificador-estereo-w-reverb-dsm-humboldt\/#primaryimage","url":"https:\/\/i0.wp.com\/hawaymusic.com\/wp-content\/uploads\/2024\/05\/20240122-Humboldt3896.png?fit=3379%2C5063&ssl=1","contentUrl":"https:\/\/i0.wp.com\/hawaymusic.com\/wp-content\/uploads\/2024\/05\/20240122-Humboldt3896.png?fit=3379%2C5063&ssl=1","width":3379,"height":5063},{"@type":"BreadcrumbList","@id":"https:\/\/hawaymusic.com\/product\/simplifier-x-dual-channel-amplificador-estereo-w-reverb-dsm-humboldt\/#breadcrumb","itemListElement":[{"@type":"ListItem","position":1,"name":"Inicio","item":"https:\/\/hawaymusic.com\/"},{"@type":"ListItem","position":2,"name":"Shop","item":"https:\/\/hawaymusic.com\/shop\/"},{"@type":"ListItem","position":3,"name":"Simplifier X Dual Channel Amplificador est\u00e9reo w\/Reverb DSM &#038; Humboldt"}]},{"@type":"WebSite","@id":"https:\/\/hawaymusic.com\/#website","url":"https:\/\/hawaymusic.com\/","name":"Haway Music","description":"La mejor tienda de instrumentos musicales en Ecuador","potentialAction":[{"@type":"SearchAction","target":{"@type":"EntryPoint","urlTemplate":"https:\/\/hawaymusic.com\/?s={search_term_string}"},"query-input":{"@type":"PropertyValueSpecification","valueRequired":true,"valueName":"search_term_string"}}],"inLanguage":"es-CO"}]}},"jetpack_sharing_enabled":true,"brands":[],"_links":{"self":[{"href":"https:\/\/hawaymusic.com\/es\/wp-json\/wp\/v2\/product\/594","targetHints":{"allow":["GET"]}}],"collection":[{"href":"https:\/\/hawaymusic.com\/es\/wp-json\/wp\/v2\/product"}],"about":[{"href":"https:\/\/hawaymusic.com\/es\/wp-json\/wp\/v2\/types\/product"}],"replies":[{"embeddable":true,"href":"https:\/\/hawaymusic.com\/es\/wp-json\/wp\/v2\/comments?post=594"}],"wp:featuredmedia":[{"embeddable":true,"href":"https:\/\/hawaymusic.com\/es\/wp-json\/wp\/v2\/media\/589"}],"wp:attachment":[{"href":"https:\/\/hawaymusic.com\/es\/wp-json\/wp\/v2\/media?parent=594"}],"wp:term":[{"taxonomy":"pwb-brand","embeddable":true,"href":"https:\/\/hawaymusic.com\/es\/wp-json\/wp\/v2\/pwb-brand?post=594"},{"taxonomy":"product_brand","embeddable":true,"href":"https:\/\/hawaymusic.com\/es\/wp-json\/wp\/v2\/product_brand?post=594"},{"taxonomy":"product_cat","embeddable":true,"href":"https:\/\/hawaymusic.com\/es\/wp-json\/wp\/v2\/product_cat?post=594"},{"taxonomy":"product_tag","embeddable":true,"href":"https:\/\/hawaymusic.com\/es\/wp-json\/wp\/v2\/product_tag?post=594"}],"curies":[{"name":"wp","href":"https:\/\/api.w.org\/{rel}","templated":true}]}}