{"id":592,"date":"2024-05-08T14:39:18","date_gmt":"2024-05-08T14:39:18","guid":{"rendered":"https:\/\/hawaymusic.com\/?post_type=product&#038;p=592"},"modified":"2024-05-08T14:39:26","modified_gmt":"2024-05-08T14:39:26","slug":"bigsky-mx-multi-reverb","status":"publish","type":"product","link":"https:\/\/hawaymusic.com\/es\/product\/bigsky-mx-multi-reverb\/","title":{"rendered":"BigSky Mx Multi Reverb"},"content":{"rendered":"<ul>\n<li id=\"tw-target-text\" class=\"tw-data-text tw-text-large tw-ta\" dir=\"ltr\" data-placeholder=\"Traducci\u00f3n\" aria-label=\"Texto traducido\" data-ved=\"2ahUKEwi6vPm0o_6FAxUuQTABHe5-BfEQ3ewLegQIBRAU\"><span class=\"Y2IQFc\" lang=\"es\">12 m\u00e1quinas de reverberaci\u00f3n de clase mundial: <\/span><\/li>\n<li class=\"tw-data-text tw-text-large tw-ta\" dir=\"ltr\" data-placeholder=\"Traducci\u00f3n\" aria-label=\"Texto traducido\" data-ved=\"2ahUKEwi6vPm0o_6FAxUuQTABHe5-BfEQ3ewLegQIBRAU\"><span class=\"Y2IQFc\" lang=\"es\">BigSky MX presenta siete algoritmos completamente nuevos adem\u00e1s de mejoras significativas con respecto a los otros cl\u00e1sicos. <\/span><\/li>\n<li class=\"tw-data-text tw-text-large tw-ta\" dir=\"ltr\" data-placeholder=\"Traducci\u00f3n\" aria-label=\"Texto traducido\" data-ved=\"2ahUKEwi6vPm0o_6FAxUuQTABHe5-BfEQ3ewLegQIBRAU\"><span class=\"Y2IQFc\" lang=\"es\">Dos reverberaciones a la vez: las reverberaciones duales se pueden enrutar en modos serie, paralelo o dividido, y se pueden panoramizar individualmente por motor. <\/span><\/li>\n<li class=\"tw-data-text tw-text-large tw-ta\" dir=\"ltr\" data-placeholder=\"Traducci\u00f3n\" aria-label=\"Texto traducido\" data-ved=\"2ahUKEwi6vPm0o_6FAxUuQTABHe5-BfEQ3ewLegQIBRAU\"><span class=\"Y2IQFc\" lang=\"es\">Capacidad de respuesta de impulso est\u00e9reo de 10 s: acceda a la funcionalidad completa de edici\u00f3n por infrarrojos, as\u00ed como a capturas largas personalizadas de equipos de estudio cl\u00e1sicos. <\/span><\/li>\n<li class=\"tw-data-text tw-text-large tw-ta\" dir=\"ltr\" data-placeholder=\"Traducci\u00f3n\" aria-label=\"Texto traducido\" data-ved=\"2ahUKEwi6vPm0o_6FAxUuQTABHe5-BfEQ3ewLegQIBRAU\"><span class=\"Y2IQFc\" lang=\"es\">Entradas y salidas est\u00e9reo: Desbloquee un ancho y una presencia enormes con E\/S est\u00e9reo completas con nuestros preamplificadores de entrada JFET discretos de Clase A.<\/span><\/li>\n<\/ul>","protected":false},"excerpt":{"rendered":"<p>12 m\u00e1quinas de reverberaci\u00f3n de clase mundial: BigSky MX presenta siete algoritmos completamente nuevos adem\u00e1s de mejoras significativas con respecto<\/p>","protected":false},"featured_media":593,"comment_status":"open","ping_status":"closed","template":"","meta":[],"pwb-brand":[],"product_brand":[],"product_cat":[16],"product_tag":[],"class_list":{"0":"post-592","1":"product","2":"type-product","3":"status-publish","4":"has-post-thumbnail","6":"product_cat-pedal-guitarra","8":"first","9":"onbackorder","10":"sale","11":"taxable","12":"shipping-taxable","13":"purchasable","14":"product-type-simple"},"yoast_head":"<!-- This site is optimized with the Yoast SEO plugin v27.5 - https:\/\/yoast.com\/product\/yoast-seo-wordpress\/ -->\n<title>BigSky Mx Multi Reverb - Haway Music<\/title>\n<meta name=\"robots\" content=\"index, follow, max-snippet:-1, max-image-preview:large, max-video-preview:-1\" \/>\n<link rel=\"canonical\" href=\"https:\/\/hawaymusic.com\/es\/product\/bigsky-mx-multi-reverb\/\" \/>\n<meta property=\"og:locale\" content=\"es_ES\" \/>\n<meta property=\"og:type\" content=\"article\" \/>\n<meta property=\"og:title\" content=\"BigSky Mx Multi Reverb - Haway Music\" \/>\n<meta property=\"og:description\" content=\"12 m\u00e1quinas de reverberaci\u00f3n de clase mundial: BigSky MX presenta siete algoritmos completamente nuevos adem\u00e1s de mejoras significativas con respecto\" \/>\n<meta property=\"og:url\" content=\"https:\/\/hawaymusic.com\/es\/product\/bigsky-mx-multi-reverb\/\" \/>\n<meta property=\"og:site_name\" content=\"Haway Music\" \/>\n<meta property=\"article:modified_time\" content=\"2024-05-08T14:39:26+00:00\" \/>\n<meta property=\"og:image\" content=\"https:\/\/hawaymusic.com\/wp-content\/uploads\/2024\/05\/mx.webp\" \/>\n\t<meta property=\"og:image:width\" content=\"750\" \/>\n\t<meta property=\"og:image:height\" content=\"549\" \/>\n\t<meta property=\"og:image:type\" content=\"image\/webp\" \/>\n<meta name=\"twitter:card\" content=\"summary_large_image\" \/>\n<meta name=\"twitter:label1\" content=\"Tiempo de lectura\" \/>\n\t<meta name=\"twitter:data1\" content=\"1 minuto\" \/>\n<script type=\"application\/ld+json\" class=\"yoast-schema-graph\">{\"@context\":\"https:\\\/\\\/schema.org\",\"@graph\":[{\"@type\":\"WebPage\",\"@id\":\"https:\\\/\\\/hawaymusic.com\\\/product\\\/bigsky-mx-multi-reverb\\\/\",\"url\":\"https:\\\/\\\/hawaymusic.com\\\/product\\\/bigsky-mx-multi-reverb\\\/\",\"name\":\"BigSky Mx Multi Reverb - Haway Music\",\"isPartOf\":{\"@id\":\"https:\\\/\\\/hawaymusic.com\\\/#website\"},\"primaryImageOfPage\":{\"@id\":\"https:\\\/\\\/hawaymusic.com\\\/product\\\/bigsky-mx-multi-reverb\\\/#primaryimage\"},\"image\":{\"@id\":\"https:\\\/\\\/hawaymusic.com\\\/product\\\/bigsky-mx-multi-reverb\\\/#primaryimage\"},\"thumbnailUrl\":\"https:\\\/\\\/i0.wp.com\\\/hawaymusic.com\\\/wp-content\\\/uploads\\\/2024\\\/05\\\/mx.webp?fit=750%2C549&ssl=1\",\"datePublished\":\"2024-05-08T14:39:18+00:00\",\"dateModified\":\"2024-05-08T14:39:26+00:00\",\"breadcrumb\":{\"@id\":\"https:\\\/\\\/hawaymusic.com\\\/product\\\/bigsky-mx-multi-reverb\\\/#breadcrumb\"},\"inLanguage\":\"es-CO\",\"potentialAction\":[{\"@type\":\"ReadAction\",\"target\":[\"https:\\\/\\\/hawaymusic.com\\\/product\\\/bigsky-mx-multi-reverb\\\/\"]}]},{\"@type\":\"ImageObject\",\"inLanguage\":\"es-CO\",\"@id\":\"https:\\\/\\\/hawaymusic.com\\\/product\\\/bigsky-mx-multi-reverb\\\/#primaryimage\",\"url\":\"https:\\\/\\\/i0.wp.com\\\/hawaymusic.com\\\/wp-content\\\/uploads\\\/2024\\\/05\\\/mx.webp?fit=750%2C549&ssl=1\",\"contentUrl\":\"https:\\\/\\\/i0.wp.com\\\/hawaymusic.com\\\/wp-content\\\/uploads\\\/2024\\\/05\\\/mx.webp?fit=750%2C549&ssl=1\",\"width\":750,\"height\":549},{\"@type\":\"BreadcrumbList\",\"@id\":\"https:\\\/\\\/hawaymusic.com\\\/product\\\/bigsky-mx-multi-reverb\\\/#breadcrumb\",\"itemListElement\":[{\"@type\":\"ListItem\",\"position\":1,\"name\":\"Inicio\",\"item\":\"https:\\\/\\\/hawaymusic.com\\\/\"},{\"@type\":\"ListItem\",\"position\":2,\"name\":\"Shop\",\"item\":\"https:\\\/\\\/hawaymusic.com\\\/shop\\\/\"},{\"@type\":\"ListItem\",\"position\":3,\"name\":\"BigSky Mx Multi Reverb\"}]},{\"@type\":\"WebSite\",\"@id\":\"https:\\\/\\\/hawaymusic.com\\\/#website\",\"url\":\"https:\\\/\\\/hawaymusic.com\\\/\",\"name\":\"Haway Music\",\"description\":\"La mejor tienda de instrumentos musicales en Ecuador\",\"potentialAction\":[{\"@type\":\"SearchAction\",\"target\":{\"@type\":\"EntryPoint\",\"urlTemplate\":\"https:\\\/\\\/hawaymusic.com\\\/?s={search_term_string}\"},\"query-input\":{\"@type\":\"PropertyValueSpecification\",\"valueRequired\":true,\"valueName\":\"search_term_string\"}}],\"inLanguage\":\"es-CO\"}]}<\/script>\n<!-- \/ Yoast SEO plugin. -->","yoast_head_json":{"title":"BigSky Mx Multi Reverb - Haway Music","robots":{"index":"index","follow":"follow","max-snippet":"max-snippet:-1","max-image-preview":"max-image-preview:large","max-video-preview":"max-video-preview:-1"},"canonical":"https:\/\/hawaymusic.com\/es\/product\/bigsky-mx-multi-reverb\/","og_locale":"es_ES","og_type":"article","og_title":"BigSky Mx Multi Reverb - Haway Music","og_description":"12 m\u00e1quinas de reverberaci\u00f3n de clase mundial: BigSky MX presenta siete algoritmos completamente nuevos adem\u00e1s de mejoras significativas con respecto","og_url":"https:\/\/hawaymusic.com\/es\/product\/bigsky-mx-multi-reverb\/","og_site_name":"Haway Music","article_modified_time":"2024-05-08T14:39:26+00:00","og_image":[{"width":750,"height":549,"url":"https:\/\/hawaymusic.com\/wp-content\/uploads\/2024\/05\/mx.webp","type":"image\/webp"}],"twitter_card":"summary_large_image","twitter_misc":{"Tiempo de lectura":"1 minuto"},"schema":{"@context":"https:\/\/schema.org","@graph":[{"@type":"WebPage","@id":"https:\/\/hawaymusic.com\/product\/bigsky-mx-multi-reverb\/","url":"https:\/\/hawaymusic.com\/product\/bigsky-mx-multi-reverb\/","name":"BigSky Mx Multi Reverb - Haway Music","isPartOf":{"@id":"https:\/\/hawaymusic.com\/#website"},"primaryImageOfPage":{"@id":"https:\/\/hawaymusic.com\/product\/bigsky-mx-multi-reverb\/#primaryimage"},"image":{"@id":"https:\/\/hawaymusic.com\/product\/bigsky-mx-multi-reverb\/#primaryimage"},"thumbnailUrl":"https:\/\/i0.wp.com\/hawaymusic.com\/wp-content\/uploads\/2024\/05\/mx.webp?fit=750%2C549&ssl=1","datePublished":"2024-05-08T14:39:18+00:00","dateModified":"2024-05-08T14:39:26+00:00","breadcrumb":{"@id":"https:\/\/hawaymusic.com\/product\/bigsky-mx-multi-reverb\/#breadcrumb"},"inLanguage":"es-CO","potentialAction":[{"@type":"ReadAction","target":["https:\/\/hawaymusic.com\/product\/bigsky-mx-multi-reverb\/"]}]},{"@type":"ImageObject","inLanguage":"es-CO","@id":"https:\/\/hawaymusic.com\/product\/bigsky-mx-multi-reverb\/#primaryimage","url":"https:\/\/i0.wp.com\/hawaymusic.com\/wp-content\/uploads\/2024\/05\/mx.webp?fit=750%2C549&ssl=1","contentUrl":"https:\/\/i0.wp.com\/hawaymusic.com\/wp-content\/uploads\/2024\/05\/mx.webp?fit=750%2C549&ssl=1","width":750,"height":549},{"@type":"BreadcrumbList","@id":"https:\/\/hawaymusic.com\/product\/bigsky-mx-multi-reverb\/#breadcrumb","itemListElement":[{"@type":"ListItem","position":1,"name":"Inicio","item":"https:\/\/hawaymusic.com\/"},{"@type":"ListItem","position":2,"name":"Shop","item":"https:\/\/hawaymusic.com\/shop\/"},{"@type":"ListItem","position":3,"name":"BigSky Mx Multi Reverb"}]},{"@type":"WebSite","@id":"https:\/\/hawaymusic.com\/#website","url":"https:\/\/hawaymusic.com\/","name":"Haway Music","description":"La mejor tienda de instrumentos musicales en Ecuador","potentialAction":[{"@type":"SearchAction","target":{"@type":"EntryPoint","urlTemplate":"https:\/\/hawaymusic.com\/?s={search_term_string}"},"query-input":{"@type":"PropertyValueSpecification","valueRequired":true,"valueName":"search_term_string"}}],"inLanguage":"es-CO"}]}},"jetpack_sharing_enabled":true,"brands":[],"_links":{"self":[{"href":"https:\/\/hawaymusic.com\/es\/wp-json\/wp\/v2\/product\/592","targetHints":{"allow":["GET"]}}],"collection":[{"href":"https:\/\/hawaymusic.com\/es\/wp-json\/wp\/v2\/product"}],"about":[{"href":"https:\/\/hawaymusic.com\/es\/wp-json\/wp\/v2\/types\/product"}],"replies":[{"embeddable":true,"href":"https:\/\/hawaymusic.com\/es\/wp-json\/wp\/v2\/comments?post=592"}],"wp:featuredmedia":[{"embeddable":true,"href":"https:\/\/hawaymusic.com\/es\/wp-json\/wp\/v2\/media\/593"}],"wp:attachment":[{"href":"https:\/\/hawaymusic.com\/es\/wp-json\/wp\/v2\/media?parent=592"}],"wp:term":[{"taxonomy":"pwb-brand","embeddable":true,"href":"https:\/\/hawaymusic.com\/es\/wp-json\/wp\/v2\/pwb-brand?post=592"},{"taxonomy":"product_brand","embeddable":true,"href":"https:\/\/hawaymusic.com\/es\/wp-json\/wp\/v2\/product_brand?post=592"},{"taxonomy":"product_cat","embeddable":true,"href":"https:\/\/hawaymusic.com\/es\/wp-json\/wp\/v2\/product_cat?post=592"},{"taxonomy":"product_tag","embeddable":true,"href":"https:\/\/hawaymusic.com\/es\/wp-json\/wp\/v2\/product_tag?post=592"}],"curies":[{"name":"wp","href":"https:\/\/api.w.org\/{rel}","templated":true}]}}