{"id":590,"date":"2024-05-08T14:32:26","date_gmt":"2024-05-08T14:32:26","guid":{"rendered":"https:\/\/hawaymusic.com\/?post_type=product&#038;p=590"},"modified":"2024-05-13T21:58:26","modified_gmt":"2024-05-13T21:58:26","slug":"bigsky-multi-reverb","status":"publish","type":"product","link":"https:\/\/hawaymusic.com\/es\/product\/bigsky-multi-reverb\/","title":{"rendered":"BigSky Multi Reverb"},"content":{"rendered":"<ul class=\"a-unordered-list a-vertical a-spacing-mini\">\n<li class=\"a-spacing-mini\"><span class=\"a-list-item\">&#8211; Los algoritmos de reverberaci\u00f3n de clase estudio hechos a mano ofrecen experiencias de reverberaci\u00f3n exuberantes, hermosas y musicalmente inspiradoras<\/span><\/li>\n<li class=\"a-spacing-mini\"><span class=\"a-list-item\">&#8211; True Bypass (conmutaci\u00f3n de rel\u00e9 electromec\u00e1nico)<\/span><\/li>\n<li class=\"a-spacing-mini\"><span class=\"a-list-item\">&#8211; Modo de derivaci\u00f3n an\u00e1loga en b\u00fafer transparente de alta calidad<\/span><\/li>\n<li class=\"a-spacing-mini\"><span class=\"a-list-item\">&#8211; Dimensiones: 6.75&#8243; (171mm) de ancho, 5.1&#8243; (130mm) de profundidad<\/span><\/li>\n<li class=\"a-spacing-mini\"><span class=\"a-list-item\">&#8211; Dise\u00f1ado y construido en los Estados Unidos<\/span><\/li>\n<\/ul>","protected":false},"excerpt":{"rendered":"<p>&#8211; Los algoritmos de reverberaci\u00f3n de clase estudio hechos a mano ofrecen experiencias de reverberaci\u00f3n exuberantes, hermosas y musicalmente inspiradoras<\/p>","protected":false},"featured_media":591,"comment_status":"open","ping_status":"closed","template":"","meta":[],"pwb-brand":[75],"product_brand":[],"product_cat":[16],"product_tag":[],"class_list":{"0":"post-590","1":"product","2":"type-product","3":"status-publish","4":"has-post-thumbnail","6":"pwb-brand-strymon","7":"product_cat-pedal-guitarra","9":"first","10":"instock","11":"sale","12":"taxable","13":"shipping-taxable","14":"purchasable","15":"product-type-simple"},"yoast_head":"<!-- This site is optimized with the Yoast SEO plugin v27.5 - https:\/\/yoast.com\/product\/yoast-seo-wordpress\/ -->\n<title>BigSky Multi Reverb - Haway Music<\/title>\n<meta name=\"robots\" content=\"index, follow, max-snippet:-1, max-image-preview:large, max-video-preview:-1\" \/>\n<link rel=\"canonical\" href=\"https:\/\/hawaymusic.com\/es\/product\/bigsky-multi-reverb\/\" \/>\n<meta property=\"og:locale\" content=\"es_ES\" \/>\n<meta property=\"og:type\" content=\"article\" \/>\n<meta property=\"og:title\" content=\"BigSky Multi Reverb - Haway Music\" \/>\n<meta property=\"og:description\" content=\"&#8211; Los algoritmos de reverberaci\u00f3n de clase estudio hechos a mano ofrecen experiencias de reverberaci\u00f3n exuberantes, hermosas y musicalmente inspiradoras\" \/>\n<meta property=\"og:url\" content=\"https:\/\/hawaymusic.com\/es\/product\/bigsky-multi-reverb\/\" \/>\n<meta property=\"og:site_name\" content=\"Haway Music\" \/>\n<meta property=\"article:modified_time\" content=\"2024-05-13T21:58:26+00:00\" \/>\n<meta property=\"og:image\" content=\"https:\/\/hawaymusic.com\/wp-content\/uploads\/2024\/05\/BigSky-Multidimensional-Reverberator-Reverb-Pedal-Strymon.webp\" \/>\n\t<meta property=\"og:image:width\" content=\"800\" \/>\n\t<meta property=\"og:image:height\" content=\"800\" \/>\n\t<meta property=\"og:image:type\" content=\"image\/webp\" \/>\n<meta name=\"twitter:card\" content=\"summary_large_image\" \/>\n<meta name=\"twitter:label1\" content=\"Tiempo de lectura\" \/>\n\t<meta name=\"twitter:data1\" content=\"1 minuto\" \/>\n<script type=\"application\/ld+json\" class=\"yoast-schema-graph\">{\"@context\":\"https:\\\/\\\/schema.org\",\"@graph\":[{\"@type\":\"WebPage\",\"@id\":\"https:\\\/\\\/hawaymusic.com\\\/product\\\/bigsky-multi-reverb\\\/\",\"url\":\"https:\\\/\\\/hawaymusic.com\\\/product\\\/bigsky-multi-reverb\\\/\",\"name\":\"BigSky Multi Reverb - Haway Music\",\"isPartOf\":{\"@id\":\"https:\\\/\\\/hawaymusic.com\\\/#website\"},\"primaryImageOfPage\":{\"@id\":\"https:\\\/\\\/hawaymusic.com\\\/product\\\/bigsky-multi-reverb\\\/#primaryimage\"},\"image\":{\"@id\":\"https:\\\/\\\/hawaymusic.com\\\/product\\\/bigsky-multi-reverb\\\/#primaryimage\"},\"thumbnailUrl\":\"https:\\\/\\\/i0.wp.com\\\/hawaymusic.com\\\/wp-content\\\/uploads\\\/2024\\\/05\\\/BigSky-Multidimensional-Reverberator-Reverb-Pedal-Strymon.webp?fit=800%2C800&ssl=1\",\"datePublished\":\"2024-05-08T14:32:26+00:00\",\"dateModified\":\"2024-05-13T21:58:26+00:00\",\"breadcrumb\":{\"@id\":\"https:\\\/\\\/hawaymusic.com\\\/product\\\/bigsky-multi-reverb\\\/#breadcrumb\"},\"inLanguage\":\"es-CO\",\"potentialAction\":[{\"@type\":\"ReadAction\",\"target\":[\"https:\\\/\\\/hawaymusic.com\\\/product\\\/bigsky-multi-reverb\\\/\"]}]},{\"@type\":\"ImageObject\",\"inLanguage\":\"es-CO\",\"@id\":\"https:\\\/\\\/hawaymusic.com\\\/product\\\/bigsky-multi-reverb\\\/#primaryimage\",\"url\":\"https:\\\/\\\/i0.wp.com\\\/hawaymusic.com\\\/wp-content\\\/uploads\\\/2024\\\/05\\\/BigSky-Multidimensional-Reverberator-Reverb-Pedal-Strymon.webp?fit=800%2C800&ssl=1\",\"contentUrl\":\"https:\\\/\\\/i0.wp.com\\\/hawaymusic.com\\\/wp-content\\\/uploads\\\/2024\\\/05\\\/BigSky-Multidimensional-Reverberator-Reverb-Pedal-Strymon.webp?fit=800%2C800&ssl=1\",\"width\":800,\"height\":800},{\"@type\":\"BreadcrumbList\",\"@id\":\"https:\\\/\\\/hawaymusic.com\\\/product\\\/bigsky-multi-reverb\\\/#breadcrumb\",\"itemListElement\":[{\"@type\":\"ListItem\",\"position\":1,\"name\":\"Inicio\",\"item\":\"https:\\\/\\\/hawaymusic.com\\\/\"},{\"@type\":\"ListItem\",\"position\":2,\"name\":\"Shop\",\"item\":\"https:\\\/\\\/hawaymusic.com\\\/shop\\\/\"},{\"@type\":\"ListItem\",\"position\":3,\"name\":\"BigSky Multi Reverb\"}]},{\"@type\":\"WebSite\",\"@id\":\"https:\\\/\\\/hawaymusic.com\\\/#website\",\"url\":\"https:\\\/\\\/hawaymusic.com\\\/\",\"name\":\"Haway Music\",\"description\":\"La mejor tienda de instrumentos musicales en Ecuador\",\"potentialAction\":[{\"@type\":\"SearchAction\",\"target\":{\"@type\":\"EntryPoint\",\"urlTemplate\":\"https:\\\/\\\/hawaymusic.com\\\/?s={search_term_string}\"},\"query-input\":{\"@type\":\"PropertyValueSpecification\",\"valueRequired\":true,\"valueName\":\"search_term_string\"}}],\"inLanguage\":\"es-CO\"}]}<\/script>\n<!-- \/ Yoast SEO plugin. -->","yoast_head_json":{"title":"BigSky Multi Reverb - Haway Music","robots":{"index":"index","follow":"follow","max-snippet":"max-snippet:-1","max-image-preview":"max-image-preview:large","max-video-preview":"max-video-preview:-1"},"canonical":"https:\/\/hawaymusic.com\/es\/product\/bigsky-multi-reverb\/","og_locale":"es_ES","og_type":"article","og_title":"BigSky Multi Reverb - Haway Music","og_description":"&#8211; Los algoritmos de reverberaci\u00f3n de clase estudio hechos a mano ofrecen experiencias de reverberaci\u00f3n exuberantes, hermosas y musicalmente inspiradoras","og_url":"https:\/\/hawaymusic.com\/es\/product\/bigsky-multi-reverb\/","og_site_name":"Haway Music","article_modified_time":"2024-05-13T21:58:26+00:00","og_image":[{"width":800,"height":800,"url":"https:\/\/hawaymusic.com\/wp-content\/uploads\/2024\/05\/BigSky-Multidimensional-Reverberator-Reverb-Pedal-Strymon.webp","type":"image\/webp"}],"twitter_card":"summary_large_image","twitter_misc":{"Tiempo de lectura":"1 minuto"},"schema":{"@context":"https:\/\/schema.org","@graph":[{"@type":"WebPage","@id":"https:\/\/hawaymusic.com\/product\/bigsky-multi-reverb\/","url":"https:\/\/hawaymusic.com\/product\/bigsky-multi-reverb\/","name":"BigSky Multi Reverb - Haway Music","isPartOf":{"@id":"https:\/\/hawaymusic.com\/#website"},"primaryImageOfPage":{"@id":"https:\/\/hawaymusic.com\/product\/bigsky-multi-reverb\/#primaryimage"},"image":{"@id":"https:\/\/hawaymusic.com\/product\/bigsky-multi-reverb\/#primaryimage"},"thumbnailUrl":"https:\/\/i0.wp.com\/hawaymusic.com\/wp-content\/uploads\/2024\/05\/BigSky-Multidimensional-Reverberator-Reverb-Pedal-Strymon.webp?fit=800%2C800&ssl=1","datePublished":"2024-05-08T14:32:26+00:00","dateModified":"2024-05-13T21:58:26+00:00","breadcrumb":{"@id":"https:\/\/hawaymusic.com\/product\/bigsky-multi-reverb\/#breadcrumb"},"inLanguage":"es-CO","potentialAction":[{"@type":"ReadAction","target":["https:\/\/hawaymusic.com\/product\/bigsky-multi-reverb\/"]}]},{"@type":"ImageObject","inLanguage":"es-CO","@id":"https:\/\/hawaymusic.com\/product\/bigsky-multi-reverb\/#primaryimage","url":"https:\/\/i0.wp.com\/hawaymusic.com\/wp-content\/uploads\/2024\/05\/BigSky-Multidimensional-Reverberator-Reverb-Pedal-Strymon.webp?fit=800%2C800&ssl=1","contentUrl":"https:\/\/i0.wp.com\/hawaymusic.com\/wp-content\/uploads\/2024\/05\/BigSky-Multidimensional-Reverberator-Reverb-Pedal-Strymon.webp?fit=800%2C800&ssl=1","width":800,"height":800},{"@type":"BreadcrumbList","@id":"https:\/\/hawaymusic.com\/product\/bigsky-multi-reverb\/#breadcrumb","itemListElement":[{"@type":"ListItem","position":1,"name":"Inicio","item":"https:\/\/hawaymusic.com\/"},{"@type":"ListItem","position":2,"name":"Shop","item":"https:\/\/hawaymusic.com\/shop\/"},{"@type":"ListItem","position":3,"name":"BigSky Multi Reverb"}]},{"@type":"WebSite","@id":"https:\/\/hawaymusic.com\/#website","url":"https:\/\/hawaymusic.com\/","name":"Haway Music","description":"La mejor tienda de instrumentos musicales en Ecuador","potentialAction":[{"@type":"SearchAction","target":{"@type":"EntryPoint","urlTemplate":"https:\/\/hawaymusic.com\/?s={search_term_string}"},"query-input":{"@type":"PropertyValueSpecification","valueRequired":true,"valueName":"search_term_string"}}],"inLanguage":"es-CO"}]}},"jetpack_sharing_enabled":true,"brands":[{"id":75,"name":"strymon","slug":"strymon"}],"_links":{"self":[{"href":"https:\/\/hawaymusic.com\/es\/wp-json\/wp\/v2\/product\/590","targetHints":{"allow":["GET"]}}],"collection":[{"href":"https:\/\/hawaymusic.com\/es\/wp-json\/wp\/v2\/product"}],"about":[{"href":"https:\/\/hawaymusic.com\/es\/wp-json\/wp\/v2\/types\/product"}],"replies":[{"embeddable":true,"href":"https:\/\/hawaymusic.com\/es\/wp-json\/wp\/v2\/comments?post=590"}],"wp:featuredmedia":[{"embeddable":true,"href":"https:\/\/hawaymusic.com\/es\/wp-json\/wp\/v2\/media\/591"}],"wp:attachment":[{"href":"https:\/\/hawaymusic.com\/es\/wp-json\/wp\/v2\/media?parent=590"}],"wp:term":[{"taxonomy":"pwb-brand","embeddable":true,"href":"https:\/\/hawaymusic.com\/es\/wp-json\/wp\/v2\/pwb-brand?post=590"},{"taxonomy":"product_brand","embeddable":true,"href":"https:\/\/hawaymusic.com\/es\/wp-json\/wp\/v2\/product_brand?post=590"},{"taxonomy":"product_cat","embeddable":true,"href":"https:\/\/hawaymusic.com\/es\/wp-json\/wp\/v2\/product_cat?post=590"},{"taxonomy":"product_tag","embeddable":true,"href":"https:\/\/hawaymusic.com\/es\/wp-json\/wp\/v2\/product_tag?post=590"}],"curies":[{"name":"wp","href":"https:\/\/api.w.org\/{rel}","templated":true}]}}