{"id":57,"date":"2022-08-11T21:08:22","date_gmt":"2022-08-11T21:08:22","guid":{"rendered":"https:\/\/hawaymusic.com\/?post_type=product&#038;p=57"},"modified":"2025-04-13T14:26:07","modified_gmt":"2025-04-13T14:26:07","slug":"strymon-blue-sky-reverb","status":"publish","type":"product","link":"https:\/\/hawaymusic.com\/es\/product\/strymon-blue-sky-reverb\/","title":{"rendered":"Strymon Blue Sky Reverb"},"content":{"rendered":"<div class=\"wpb-content-wrapper\"><div class=\"vc_row wpb_row vc_row-fluid\"><div class=\"wpb_column vc_column_container vc_col-sm-12\"><div class=\"vc_column-inner\"><div class=\"wpb_wrapper\">\t\t<div id=\"wd-62f572bf3718d\" class=\"wd-image wd-wpb wd-rs-62f572bf3718d text-center\">\n\t\t\t\n\t\t\t<img loading=\"lazy\" decoding=\"async\" width=\"970\" height=\"300\" src=\"https:\/\/i0.wp.com\/hawaymusic.com\/wp-content\/uploads\/2022\/08\/3c28c2ad-24e8-4960-8ee1-15694f1d3eb6._SR970300_.jpg?fit=970%2C300&amp;ssl=1\" class=\"attachment-full size-full\" alt=\"\" srcset=\"https:\/\/i0.wp.com\/hawaymusic.com\/wp-content\/uploads\/2022\/08\/3c28c2ad-24e8-4960-8ee1-15694f1d3eb6._SR970300_.jpg?w=970&amp;ssl=1 970w, https:\/\/i0.wp.com\/hawaymusic.com\/wp-content\/uploads\/2022\/08\/3c28c2ad-24e8-4960-8ee1-15694f1d3eb6._SR970300_.jpg?resize=300%2C93&amp;ssl=1 300w, https:\/\/i0.wp.com\/hawaymusic.com\/wp-content\/uploads\/2022\/08\/3c28c2ad-24e8-4960-8ee1-15694f1d3eb6._SR970300_.jpg?resize=768%2C238&amp;ssl=1 768w, https:\/\/i0.wp.com\/hawaymusic.com\/wp-content\/uploads\/2022\/08\/3c28c2ad-24e8-4960-8ee1-15694f1d3eb6._SR970300_.jpg?resize=600%2C186&amp;ssl=1 600w, https:\/\/i0.wp.com\/hawaymusic.com\/wp-content\/uploads\/2022\/08\/3c28c2ad-24e8-4960-8ee1-15694f1d3eb6._SR970300_.jpg?resize=150%2C46&amp;ssl=1 150w\" sizes=\"auto, (max-width: 970px) 100vw, 970px\" \/>\n\t\t\t\t\t<\/div>\n\t\t<div class=\"vc_separator wpb_content_element vc_separator_align_center vc_sep_width_100 vc_sep_pos_align_center vc_separator_no_text vc_sep_color_grey\" ><span class=\"vc_sep_holder vc_sep_holder_l\"><span class=\"vc_sep_line\"><\/span><\/span><span class=\"vc_sep_holder vc_sep_holder_r\"><span class=\"vc_sep_line\"><\/span><\/span>\n<\/div>\t\t<div id=\"wd-62f573113da79\" class=\"wd-text-block wd-wpb reset-last-child wd-rs-62f573113da79 text-left\">\n\t\t\t<p align=\"justify\">La filosof\u00eda detr\u00e1s del blueSky Reverberator de Strymon es simple tomar un DSP SHARC rid\u00edculamente potente y dedicarlo a hacer una sola cosa: producir las reverberaciones m\u00e1s exuberantes, majestuosas e impresionantes de la historia. Ya sea que seas un fan\u00e1tico cl\u00e1sico de reverberaci\u00f3n de primavera o un aficionado a los estantes de estudio, encontrar\u00e1s tu mojo aqu\u00ed. El Strymon blueSky proporciona tres tipos de reverberaci\u00f3n diferentes, cada uno con tres modos, para un total de nueve experiencias de reverberaci\u00f3n completamente \u00fanicas. blueSky incluso ofrece una reverberaci\u00f3n de placa extremadamente vers\u00e1til, una rareza para un pedal de stompbox. Una secci\u00f3n completa de pre-retardo y amortiguaci\u00f3n proporciona una forma profunda del tono de reverberaci\u00f3n. A\u00f1ade los modos mod y brillo y estar\u00e1s listo para una felicidad interminable de reverberaci\u00f3n. Combina eso con convertidores de 24 bits de 96 kHz y se\u00f1al t\u00edpica de 115 dB a ruido, blueSky est\u00e1 igualmente en casa encima de una consola de estudio como est\u00e1 frente a un amplificador de tubo. El pedal est\u00e1 en excelentes condiciones. Adaptador incluido. Caracter\u00edsticas: Hecho a mano, algoritmos computacionalmente intensos de placa, habitaci\u00f3n y primavera Modos normales, Modificaci\u00f3n y brillo por algoritmo para opciones de reverberaci\u00f3n extremadamente vers\u00e1tiles. Controles de alta humedad y baja humedad para dar forma de tono reverb flexible Modo Mod para un resorte bellamente modulado, habitaci\u00f3n o placa Reverb Entrada y salida est\u00e9reo Si tienes alguna pregunta adicional en este listado, haz clic aqu\u00ed para enviarnos un correo electr\u00f3nico.<\/p>\n\t\t<\/div>\n\t\t<\/div><\/div><\/div><\/div>\n<\/div>","protected":false},"excerpt":{"rendered":"<p>Hecho a mano<br \/>\nModos normales, mod y brillo<br \/>\nEntrada y salida est\u00e9reo<br \/>\nTrue Bypass<br \/>\nFabricado en los Estados Unidos<\/p>","protected":false},"featured_media":59,"comment_status":"open","ping_status":"closed","template":"","meta":[],"pwb-brand":[],"product_brand":[],"product_cat":[16],"product_tag":[],"class_list":{"0":"post-57","1":"product","2":"type-product","3":"status-publish","4":"has-post-thumbnail","6":"product_cat-pedal-guitarra","8":"first","9":"instock","10":"taxable","11":"shipping-taxable","12":"purchasable","13":"product-type-simple"},"yoast_head":"<!-- This site is optimized with the Yoast SEO plugin v27.6 - https:\/\/yoast.com\/product\/yoast-seo-wordpress\/ -->\n<title>Strymon Blue Sky Reverb - Haway Music<\/title>\n<meta name=\"robots\" content=\"index, follow, max-snippet:-1, max-image-preview:large, max-video-preview:-1\" \/>\n<link rel=\"canonical\" href=\"https:\/\/hawaymusic.com\/es\/product\/strymon-blue-sky-reverb\/\" \/>\n<meta property=\"og:locale\" content=\"es_ES\" \/>\n<meta property=\"og:type\" content=\"article\" \/>\n<meta property=\"og:title\" content=\"Strymon Blue Sky Reverb - Haway Music\" \/>\n<meta property=\"og:description\" content=\"Hecho a mano Modos normales, mod y brillo Entrada y salida est\u00e9reo True Bypass Fabricado en los Estados Unidos\" \/>\n<meta property=\"og:url\" content=\"https:\/\/hawaymusic.com\/es\/product\/strymon-blue-sky-reverb\/\" \/>\n<meta property=\"og:site_name\" content=\"Haway Music\" \/>\n<meta property=\"article:modified_time\" content=\"2025-04-13T14:26:07+00:00\" \/>\n<meta property=\"og:image\" content=\"https:\/\/hawaymusic.com\/wp-content\/uploads\/2022\/08\/strymon-blue-sky.jpg\" \/>\n\t<meta property=\"og:image:width\" content=\"1080\" \/>\n\t<meta property=\"og:image:height\" content=\"1080\" \/>\n\t<meta property=\"og:image:type\" content=\"image\/jpeg\" \/>\n<meta name=\"twitter:card\" content=\"summary_large_image\" \/>\n<meta name=\"twitter:label1\" content=\"Tiempo de lectura\" \/>\n\t<meta name=\"twitter:data1\" content=\"2 minutos\" \/>\n<script type=\"application\/ld+json\" class=\"yoast-schema-graph\">{\"@context\":\"https:\\\/\\\/schema.org\",\"@graph\":[{\"@type\":\"WebPage\",\"@id\":\"https:\\\/\\\/hawaymusic.com\\\/product\\\/strymon-blue-sky-reverb\\\/\",\"url\":\"https:\\\/\\\/hawaymusic.com\\\/product\\\/strymon-blue-sky-reverb\\\/\",\"name\":\"Strymon Blue Sky Reverb - Haway Music\",\"isPartOf\":{\"@id\":\"https:\\\/\\\/hawaymusic.com\\\/#website\"},\"primaryImageOfPage\":{\"@id\":\"https:\\\/\\\/hawaymusic.com\\\/product\\\/strymon-blue-sky-reverb\\\/#primaryimage\"},\"image\":{\"@id\":\"https:\\\/\\\/hawaymusic.com\\\/product\\\/strymon-blue-sky-reverb\\\/#primaryimage\"},\"thumbnailUrl\":\"https:\\\/\\\/i0.wp.com\\\/hawaymusic.com\\\/wp-content\\\/uploads\\\/2022\\\/08\\\/strymon-blue-sky.jpg?fit=1080%2C1080&ssl=1\",\"datePublished\":\"2022-08-11T21:08:22+00:00\",\"dateModified\":\"2025-04-13T14:26:07+00:00\",\"breadcrumb\":{\"@id\":\"https:\\\/\\\/hawaymusic.com\\\/product\\\/strymon-blue-sky-reverb\\\/#breadcrumb\"},\"inLanguage\":\"es-CO\",\"potentialAction\":[{\"@type\":\"ReadAction\",\"target\":[\"https:\\\/\\\/hawaymusic.com\\\/product\\\/strymon-blue-sky-reverb\\\/\"]}]},{\"@type\":\"ImageObject\",\"inLanguage\":\"es-CO\",\"@id\":\"https:\\\/\\\/hawaymusic.com\\\/product\\\/strymon-blue-sky-reverb\\\/#primaryimage\",\"url\":\"https:\\\/\\\/i0.wp.com\\\/hawaymusic.com\\\/wp-content\\\/uploads\\\/2022\\\/08\\\/strymon-blue-sky.jpg?fit=1080%2C1080&ssl=1\",\"contentUrl\":\"https:\\\/\\\/i0.wp.com\\\/hawaymusic.com\\\/wp-content\\\/uploads\\\/2022\\\/08\\\/strymon-blue-sky.jpg?fit=1080%2C1080&ssl=1\",\"width\":1080,\"height\":1080},{\"@type\":\"BreadcrumbList\",\"@id\":\"https:\\\/\\\/hawaymusic.com\\\/product\\\/strymon-blue-sky-reverb\\\/#breadcrumb\",\"itemListElement\":[{\"@type\":\"ListItem\",\"position\":1,\"name\":\"Inicio\",\"item\":\"https:\\\/\\\/hawaymusic.com\\\/\"},{\"@type\":\"ListItem\",\"position\":2,\"name\":\"Shop\",\"item\":\"https:\\\/\\\/hawaymusic.com\\\/shop\\\/\"},{\"@type\":\"ListItem\",\"position\":3,\"name\":\"Strymon Blue Sky Reverb\"}]},{\"@type\":\"WebSite\",\"@id\":\"https:\\\/\\\/hawaymusic.com\\\/#website\",\"url\":\"https:\\\/\\\/hawaymusic.com\\\/\",\"name\":\"Haway Music\",\"description\":\"La mejor tienda de instrumentos musicales en Ecuador\",\"potentialAction\":[{\"@type\":\"SearchAction\",\"target\":{\"@type\":\"EntryPoint\",\"urlTemplate\":\"https:\\\/\\\/hawaymusic.com\\\/?s={search_term_string}\"},\"query-input\":{\"@type\":\"PropertyValueSpecification\",\"valueRequired\":true,\"valueName\":\"search_term_string\"}}],\"inLanguage\":\"es-CO\"}]}<\/script>\n<!-- \/ Yoast SEO plugin. -->","yoast_head_json":{"title":"Strymon Blue Sky Reverb - Haway Music","robots":{"index":"index","follow":"follow","max-snippet":"max-snippet:-1","max-image-preview":"max-image-preview:large","max-video-preview":"max-video-preview:-1"},"canonical":"https:\/\/hawaymusic.com\/es\/product\/strymon-blue-sky-reverb\/","og_locale":"es_ES","og_type":"article","og_title":"Strymon Blue Sky Reverb - Haway Music","og_description":"Hecho a mano Modos normales, mod y brillo Entrada y salida est\u00e9reo True Bypass Fabricado en los Estados Unidos","og_url":"https:\/\/hawaymusic.com\/es\/product\/strymon-blue-sky-reverb\/","og_site_name":"Haway Music","article_modified_time":"2025-04-13T14:26:07+00:00","og_image":[{"width":1080,"height":1080,"url":"https:\/\/hawaymusic.com\/wp-content\/uploads\/2022\/08\/strymon-blue-sky.jpg","type":"image\/jpeg"}],"twitter_card":"summary_large_image","twitter_misc":{"Tiempo de lectura":"2 minutos"},"schema":{"@context":"https:\/\/schema.org","@graph":[{"@type":"WebPage","@id":"https:\/\/hawaymusic.com\/product\/strymon-blue-sky-reverb\/","url":"https:\/\/hawaymusic.com\/product\/strymon-blue-sky-reverb\/","name":"Strymon Blue Sky Reverb - Haway Music","isPartOf":{"@id":"https:\/\/hawaymusic.com\/#website"},"primaryImageOfPage":{"@id":"https:\/\/hawaymusic.com\/product\/strymon-blue-sky-reverb\/#primaryimage"},"image":{"@id":"https:\/\/hawaymusic.com\/product\/strymon-blue-sky-reverb\/#primaryimage"},"thumbnailUrl":"https:\/\/i0.wp.com\/hawaymusic.com\/wp-content\/uploads\/2022\/08\/strymon-blue-sky.jpg?fit=1080%2C1080&ssl=1","datePublished":"2022-08-11T21:08:22+00:00","dateModified":"2025-04-13T14:26:07+00:00","breadcrumb":{"@id":"https:\/\/hawaymusic.com\/product\/strymon-blue-sky-reverb\/#breadcrumb"},"inLanguage":"es-CO","potentialAction":[{"@type":"ReadAction","target":["https:\/\/hawaymusic.com\/product\/strymon-blue-sky-reverb\/"]}]},{"@type":"ImageObject","inLanguage":"es-CO","@id":"https:\/\/hawaymusic.com\/product\/strymon-blue-sky-reverb\/#primaryimage","url":"https:\/\/i0.wp.com\/hawaymusic.com\/wp-content\/uploads\/2022\/08\/strymon-blue-sky.jpg?fit=1080%2C1080&ssl=1","contentUrl":"https:\/\/i0.wp.com\/hawaymusic.com\/wp-content\/uploads\/2022\/08\/strymon-blue-sky.jpg?fit=1080%2C1080&ssl=1","width":1080,"height":1080},{"@type":"BreadcrumbList","@id":"https:\/\/hawaymusic.com\/product\/strymon-blue-sky-reverb\/#breadcrumb","itemListElement":[{"@type":"ListItem","position":1,"name":"Inicio","item":"https:\/\/hawaymusic.com\/"},{"@type":"ListItem","position":2,"name":"Shop","item":"https:\/\/hawaymusic.com\/shop\/"},{"@type":"ListItem","position":3,"name":"Strymon Blue Sky Reverb"}]},{"@type":"WebSite","@id":"https:\/\/hawaymusic.com\/#website","url":"https:\/\/hawaymusic.com\/","name":"Haway Music","description":"La mejor tienda de instrumentos musicales en Ecuador","potentialAction":[{"@type":"SearchAction","target":{"@type":"EntryPoint","urlTemplate":"https:\/\/hawaymusic.com\/?s={search_term_string}"},"query-input":{"@type":"PropertyValueSpecification","valueRequired":true,"valueName":"search_term_string"}}],"inLanguage":"es-CO"}]}},"jetpack_sharing_enabled":true,"brands":[],"_links":{"self":[{"href":"https:\/\/hawaymusic.com\/es\/wp-json\/wp\/v2\/product\/57","targetHints":{"allow":["GET"]}}],"collection":[{"href":"https:\/\/hawaymusic.com\/es\/wp-json\/wp\/v2\/product"}],"about":[{"href":"https:\/\/hawaymusic.com\/es\/wp-json\/wp\/v2\/types\/product"}],"replies":[{"embeddable":true,"href":"https:\/\/hawaymusic.com\/es\/wp-json\/wp\/v2\/comments?post=57"}],"wp:featuredmedia":[{"embeddable":true,"href":"https:\/\/hawaymusic.com\/es\/wp-json\/wp\/v2\/media\/59"}],"wp:attachment":[{"href":"https:\/\/hawaymusic.com\/es\/wp-json\/wp\/v2\/media?parent=57"}],"wp:term":[{"taxonomy":"pwb-brand","embeddable":true,"href":"https:\/\/hawaymusic.com\/es\/wp-json\/wp\/v2\/pwb-brand?post=57"},{"taxonomy":"product_brand","embeddable":true,"href":"https:\/\/hawaymusic.com\/es\/wp-json\/wp\/v2\/product_brand?post=57"},{"taxonomy":"product_cat","embeddable":true,"href":"https:\/\/hawaymusic.com\/es\/wp-json\/wp\/v2\/product_cat?post=57"},{"taxonomy":"product_tag","embeddable":true,"href":"https:\/\/hawaymusic.com\/es\/wp-json\/wp\/v2\/product_tag?post=57"}],"curies":[{"name":"wp","href":"https:\/\/api.w.org\/{rel}","templated":true}]}}