{"id":539,"date":"2023-11-04T21:56:59","date_gmt":"2023-11-04T21:56:59","guid":{"rendered":"https:\/\/hawaymusic.com\/product\/fender-stratocaster-player-hss-guitarra-electrica\/"},"modified":"2024-10-22T15:28:15","modified_gmt":"2024-10-22T15:28:15","slug":"fender-stratocaster-player-hss-guitarra-electrica","status":"publish","type":"product","link":"https:\/\/hawaymusic.com\/es\/product\/fender-stratocaster-player-hss-guitarra-electrica\/","title":{"rendered":"Fender  Player Stratocaster 75th Aniversario 2021 Hss Rosewood &#8211; Guitarra El\u00e9ctrica &#8211; Usado"},"content":{"rendered":"<p>Impecable<\/p>\n<p>A\u00f1o: 2021<\/p>\n<p>La serie 75th Anniversary celebra los dise\u00f1os audaces y revolucionarios de Leo con versiones especiales de Stratocaster, Telecaster, Precision Bass y Jazz Bass.<\/p>\n<p>Con acabados \u00fanicos, pastillas premium y m\u00e1stiles extraordinariamente c\u00f3modos, estos instrumentos rinden homenaje a los dise\u00f1os atemporales de Fender que remodelaron la m\u00fasica.<\/p>\n<p>El m\u00e1stil de arce de una pieza presenta un perfil en &#8220;C&#8221; profunda, bordes de diapas\u00f3n redondeados, un acabado satinado &#8220;Super-Natural&#8221; y un tal\u00f3n del m\u00e1stil esculpido para una comodidad y facilidad de ejecuci\u00f3n insuperables.<\/p>\n<p>Las pastillas Custom\u00a0 Fat \u201860s brindan un tono dulce de Strat con un golpe de graves adicional, mientras que un tr\u00e9molo de 2 puntos con bloque de acero laminado en fr\u00edo mejora el brillo, el sustain y la estabilidad de afinaci\u00f3n.<\/p>\n<p>Finalmente, cada Stratocaster conmemorativa presenta una chapa del 75 aniversario incrustada en la parte posterior del cabezal y una placa de m\u00e1stil de aniversario grabada.<\/p>\n<p>Esta Stratocaster de edici\u00f3n limitada es un homenaje apropiado a la guitarra el\u00e9ctrica m\u00e1s popular del mundo, que proporciona el estilo y el tono cl\u00e1sicos de Fender en un llamativo paquete exclusivo. Incluye un estuche r\u00edgido personalizado Inca Silver moldeado con lujoso interior Lake Placid Blue y un certificado especial de autenticidad.<\/p>","protected":false},"excerpt":{"rendered":"<p>Impecable A\u00f1o: 2021 La serie 75th Anniversary celebra los dise\u00f1os audaces y revolucionarios de Leo con versiones especiales de Stratocaster,<\/p>","protected":false},"featured_media":762,"comment_status":"open","ping_status":"closed","template":"","meta":[],"pwb-brand":[85],"product_brand":[],"product_cat":[20,29],"product_tag":[],"class_list":{"0":"post-539","1":"product","2":"type-product","3":"status-publish","4":"has-post-thumbnail","6":"pwb-brand-fender","7":"product_cat-guitarra","8":"product_cat-guitarra-electrica","10":"first","11":"instock","12":"taxable","13":"shipping-taxable","14":"purchasable","15":"product-type-simple"},"yoast_head":"<!-- This site is optimized with the Yoast SEO plugin v27.5 - https:\/\/yoast.com\/product\/yoast-seo-wordpress\/ -->\n<title>Fender Player Stratocaster 75th Aniversario 2021 Hss Rosewood - Guitarra El\u00e9ctrica - Usado - Haway Music<\/title>\n<meta name=\"robots\" content=\"index, follow, max-snippet:-1, max-image-preview:large, max-video-preview:-1\" \/>\n<link rel=\"canonical\" href=\"https:\/\/hawaymusic.com\/es\/product\/fender-stratocaster-player-hss-guitarra-electrica\/\" \/>\n<meta property=\"og:locale\" content=\"es_ES\" \/>\n<meta property=\"og:type\" content=\"article\" \/>\n<meta property=\"og:title\" content=\"Fender Player Stratocaster 75th Aniversario 2021 Hss Rosewood - Guitarra El\u00e9ctrica - Usado - Haway Music\" \/>\n<meta property=\"og:description\" content=\"Impecable A\u00f1o: 2021 La serie 75th Anniversary celebra los dise\u00f1os audaces y revolucionarios de Leo con versiones especiales de Stratocaster,\" \/>\n<meta property=\"og:url\" content=\"https:\/\/hawaymusic.com\/es\/product\/fender-stratocaster-player-hss-guitarra-electrica\/\" \/>\n<meta property=\"og:site_name\" content=\"Haway Music\" \/>\n<meta property=\"article:modified_time\" content=\"2024-10-22T15:28:15+00:00\" \/>\n<meta property=\"og:image\" content=\"https:\/\/hawaymusic.com\/wp-content\/uploads\/2023\/11\/fender-75-2.jpg\" \/>\n\t<meta property=\"og:image:width\" content=\"1001\" \/>\n\t<meta property=\"og:image:height\" content=\"1001\" \/>\n\t<meta property=\"og:image:type\" content=\"image\/jpeg\" \/>\n<meta name=\"twitter:card\" content=\"summary_large_image\" \/>\n<meta name=\"twitter:label1\" content=\"Tiempo de lectura\" \/>\n\t<meta name=\"twitter:data1\" content=\"2 minutos\" \/>\n<script type=\"application\/ld+json\" class=\"yoast-schema-graph\">{\"@context\":\"https:\\\/\\\/schema.org\",\"@graph\":[{\"@type\":\"WebPage\",\"@id\":\"https:\\\/\\\/hawaymusic.com\\\/product\\\/fender-stratocaster-player-hss-guitarra-electrica\\\/\",\"url\":\"https:\\\/\\\/hawaymusic.com\\\/product\\\/fender-stratocaster-player-hss-guitarra-electrica\\\/\",\"name\":\"Fender Player Stratocaster 75th Aniversario 2021 Hss Rosewood - Guitarra El\u00e9ctrica - Usado - Haway Music\",\"isPartOf\":{\"@id\":\"https:\\\/\\\/hawaymusic.com\\\/#website\"},\"primaryImageOfPage\":{\"@id\":\"https:\\\/\\\/hawaymusic.com\\\/product\\\/fender-stratocaster-player-hss-guitarra-electrica\\\/#primaryimage\"},\"image\":{\"@id\":\"https:\\\/\\\/hawaymusic.com\\\/product\\\/fender-stratocaster-player-hss-guitarra-electrica\\\/#primaryimage\"},\"thumbnailUrl\":\"https:\\\/\\\/i0.wp.com\\\/hawaymusic.com\\\/wp-content\\\/uploads\\\/2023\\\/11\\\/fender-75-2.jpg?fit=1001%2C1001&ssl=1\",\"datePublished\":\"2023-11-04T21:56:59+00:00\",\"dateModified\":\"2024-10-22T15:28:15+00:00\",\"breadcrumb\":{\"@id\":\"https:\\\/\\\/hawaymusic.com\\\/product\\\/fender-stratocaster-player-hss-guitarra-electrica\\\/#breadcrumb\"},\"inLanguage\":\"es-CO\",\"potentialAction\":[{\"@type\":\"ReadAction\",\"target\":[\"https:\\\/\\\/hawaymusic.com\\\/product\\\/fender-stratocaster-player-hss-guitarra-electrica\\\/\"]}]},{\"@type\":\"ImageObject\",\"inLanguage\":\"es-CO\",\"@id\":\"https:\\\/\\\/hawaymusic.com\\\/product\\\/fender-stratocaster-player-hss-guitarra-electrica\\\/#primaryimage\",\"url\":\"https:\\\/\\\/i0.wp.com\\\/hawaymusic.com\\\/wp-content\\\/uploads\\\/2023\\\/11\\\/fender-75-2.jpg?fit=1001%2C1001&ssl=1\",\"contentUrl\":\"https:\\\/\\\/i0.wp.com\\\/hawaymusic.com\\\/wp-content\\\/uploads\\\/2023\\\/11\\\/fender-75-2.jpg?fit=1001%2C1001&ssl=1\",\"width\":1001,\"height\":1001},{\"@type\":\"BreadcrumbList\",\"@id\":\"https:\\\/\\\/hawaymusic.com\\\/product\\\/fender-stratocaster-player-hss-guitarra-electrica\\\/#breadcrumb\",\"itemListElement\":[{\"@type\":\"ListItem\",\"position\":1,\"name\":\"Inicio\",\"item\":\"https:\\\/\\\/hawaymusic.com\\\/\"},{\"@type\":\"ListItem\",\"position\":2,\"name\":\"Shop\",\"item\":\"https:\\\/\\\/hawaymusic.com\\\/shop\\\/\"},{\"@type\":\"ListItem\",\"position\":3,\"name\":\"Fender Player Stratocaster 75th Aniversario 2021 Hss Rosewood &#8211; Guitarra El\u00e9ctrica &#8211; Usado\"}]},{\"@type\":\"WebSite\",\"@id\":\"https:\\\/\\\/hawaymusic.com\\\/#website\",\"url\":\"https:\\\/\\\/hawaymusic.com\\\/\",\"name\":\"Haway Music\",\"description\":\"La mejor tienda de instrumentos musicales en Ecuador\",\"potentialAction\":[{\"@type\":\"SearchAction\",\"target\":{\"@type\":\"EntryPoint\",\"urlTemplate\":\"https:\\\/\\\/hawaymusic.com\\\/?s={search_term_string}\"},\"query-input\":{\"@type\":\"PropertyValueSpecification\",\"valueRequired\":true,\"valueName\":\"search_term_string\"}}],\"inLanguage\":\"es-CO\"}]}<\/script>\n<!-- \/ Yoast SEO plugin. -->","yoast_head_json":{"title":"Fender Player Stratocaster 75th Aniversario 2021 Hss Rosewood - Guitarra El\u00e9ctrica - Usado - Haway Music","robots":{"index":"index","follow":"follow","max-snippet":"max-snippet:-1","max-image-preview":"max-image-preview:large","max-video-preview":"max-video-preview:-1"},"canonical":"https:\/\/hawaymusic.com\/es\/product\/fender-stratocaster-player-hss-guitarra-electrica\/","og_locale":"es_ES","og_type":"article","og_title":"Fender Player Stratocaster 75th Aniversario 2021 Hss Rosewood - Guitarra El\u00e9ctrica - Usado - Haway Music","og_description":"Impecable A\u00f1o: 2021 La serie 75th Anniversary celebra los dise\u00f1os audaces y revolucionarios de Leo con versiones especiales de Stratocaster,","og_url":"https:\/\/hawaymusic.com\/es\/product\/fender-stratocaster-player-hss-guitarra-electrica\/","og_site_name":"Haway Music","article_modified_time":"2024-10-22T15:28:15+00:00","og_image":[{"width":1001,"height":1001,"url":"https:\/\/hawaymusic.com\/wp-content\/uploads\/2023\/11\/fender-75-2.jpg","type":"image\/jpeg"}],"twitter_card":"summary_large_image","twitter_misc":{"Tiempo de lectura":"2 minutos"},"schema":{"@context":"https:\/\/schema.org","@graph":[{"@type":"WebPage","@id":"https:\/\/hawaymusic.com\/product\/fender-stratocaster-player-hss-guitarra-electrica\/","url":"https:\/\/hawaymusic.com\/product\/fender-stratocaster-player-hss-guitarra-electrica\/","name":"Fender Player Stratocaster 75th Aniversario 2021 Hss Rosewood - Guitarra El\u00e9ctrica - Usado - Haway Music","isPartOf":{"@id":"https:\/\/hawaymusic.com\/#website"},"primaryImageOfPage":{"@id":"https:\/\/hawaymusic.com\/product\/fender-stratocaster-player-hss-guitarra-electrica\/#primaryimage"},"image":{"@id":"https:\/\/hawaymusic.com\/product\/fender-stratocaster-player-hss-guitarra-electrica\/#primaryimage"},"thumbnailUrl":"https:\/\/i0.wp.com\/hawaymusic.com\/wp-content\/uploads\/2023\/11\/fender-75-2.jpg?fit=1001%2C1001&ssl=1","datePublished":"2023-11-04T21:56:59+00:00","dateModified":"2024-10-22T15:28:15+00:00","breadcrumb":{"@id":"https:\/\/hawaymusic.com\/product\/fender-stratocaster-player-hss-guitarra-electrica\/#breadcrumb"},"inLanguage":"es-CO","potentialAction":[{"@type":"ReadAction","target":["https:\/\/hawaymusic.com\/product\/fender-stratocaster-player-hss-guitarra-electrica\/"]}]},{"@type":"ImageObject","inLanguage":"es-CO","@id":"https:\/\/hawaymusic.com\/product\/fender-stratocaster-player-hss-guitarra-electrica\/#primaryimage","url":"https:\/\/i0.wp.com\/hawaymusic.com\/wp-content\/uploads\/2023\/11\/fender-75-2.jpg?fit=1001%2C1001&ssl=1","contentUrl":"https:\/\/i0.wp.com\/hawaymusic.com\/wp-content\/uploads\/2023\/11\/fender-75-2.jpg?fit=1001%2C1001&ssl=1","width":1001,"height":1001},{"@type":"BreadcrumbList","@id":"https:\/\/hawaymusic.com\/product\/fender-stratocaster-player-hss-guitarra-electrica\/#breadcrumb","itemListElement":[{"@type":"ListItem","position":1,"name":"Inicio","item":"https:\/\/hawaymusic.com\/"},{"@type":"ListItem","position":2,"name":"Shop","item":"https:\/\/hawaymusic.com\/shop\/"},{"@type":"ListItem","position":3,"name":"Fender Player Stratocaster 75th Aniversario 2021 Hss Rosewood &#8211; Guitarra El\u00e9ctrica &#8211; Usado"}]},{"@type":"WebSite","@id":"https:\/\/hawaymusic.com\/#website","url":"https:\/\/hawaymusic.com\/","name":"Haway Music","description":"La mejor tienda de instrumentos musicales en Ecuador","potentialAction":[{"@type":"SearchAction","target":{"@type":"EntryPoint","urlTemplate":"https:\/\/hawaymusic.com\/?s={search_term_string}"},"query-input":{"@type":"PropertyValueSpecification","valueRequired":true,"valueName":"search_term_string"}}],"inLanguage":"es-CO"}]}},"jetpack_sharing_enabled":true,"brands":[{"id":85,"name":"Fender","slug":"fender"}],"_links":{"self":[{"href":"https:\/\/hawaymusic.com\/es\/wp-json\/wp\/v2\/product\/539","targetHints":{"allow":["GET"]}}],"collection":[{"href":"https:\/\/hawaymusic.com\/es\/wp-json\/wp\/v2\/product"}],"about":[{"href":"https:\/\/hawaymusic.com\/es\/wp-json\/wp\/v2\/types\/product"}],"replies":[{"embeddable":true,"href":"https:\/\/hawaymusic.com\/es\/wp-json\/wp\/v2\/comments?post=539"}],"wp:featuredmedia":[{"embeddable":true,"href":"https:\/\/hawaymusic.com\/es\/wp-json\/wp\/v2\/media\/762"}],"wp:attachment":[{"href":"https:\/\/hawaymusic.com\/es\/wp-json\/wp\/v2\/media?parent=539"}],"wp:term":[{"taxonomy":"pwb-brand","embeddable":true,"href":"https:\/\/hawaymusic.com\/es\/wp-json\/wp\/v2\/pwb-brand?post=539"},{"taxonomy":"product_brand","embeddable":true,"href":"https:\/\/hawaymusic.com\/es\/wp-json\/wp\/v2\/product_brand?post=539"},{"taxonomy":"product_cat","embeddable":true,"href":"https:\/\/hawaymusic.com\/es\/wp-json\/wp\/v2\/product_cat?post=539"},{"taxonomy":"product_tag","embeddable":true,"href":"https:\/\/hawaymusic.com\/es\/wp-json\/wp\/v2\/product_tag?post=539"}],"curies":[{"name":"wp","href":"https:\/\/api.w.org\/{rel}","templated":true}]}}