{"id":517,"date":"2023-06-17T22:08:15","date_gmt":"2023-06-17T22:08:15","guid":{"rendered":"https:\/\/hawaymusic.com\/?post_type=product&#038;p=517"},"modified":"2023-06-17T22:12:01","modified_gmt":"2023-06-17T22:12:01","slug":"arturia-minilab-3-controlador-para-25-teclas","status":"publish","type":"product","link":"https:\/\/hawaymusic.com\/es\/product\/arturia-minilab-3-controlador-para-25-teclas\/","title":{"rendered":"Arturia MiniLab 3 controlador para 25 teclas"},"content":{"rendered":"<div class=\"wpb-content-wrapper\"><div class=\"vc_row wpb_row vc_row-fluid\"><div class=\"wpb_column vc_column_container vc_col-sm-12\"><div class=\"vc_column-inner\"><div class=\"wpb_wrapper\">\n\t<div class=\"wpb_video_widget wpb_content_element vc_clearfix vc_video-aspect-ratio-169 vc_video-el-width-100 vc_video-align-left\" >\n\t\t<div class=\"wpb_wrapper\">\n\t\t\t\n\t\t\t<div class=\"wpb_video_wrapper\"><iframe loading=\"lazy\" title=\"\ud83c\udfb9 Arturia MINILAB mkii \ud83c\udfb9 (Pruebas y Reviews) en Espa\u00f1ol\" width=\"500\" height=\"281\" src=\"https:\/\/www.youtube.com\/embed\/2DuRAIUN7UA?feature=oembed\" frameborder=\"0\" allow=\"accelerometer; autoplay; clipboard-write; encrypted-media; gyroscope; picture-in-picture; web-share\" allowfullscreen><\/iframe><\/div>\n\t\t<\/div>\n\t<\/div>\n\n\t<div class=\"wpb_text_column wpb_content_element\" >\n\t\t<div class=\"wpb_wrapper\">\n\t\t\t<p><img data-recalc-dims=\"1\" loading=\"lazy\" decoding=\"async\" class=\"aligncenter wp-image-244 size-full\" src=\"https:\/\/i0.wp.com\/hawaymusic.com\/wp-content\/uploads\/2022\/08\/5f010775-b91f-4d91-897a-aa98f91e3aee._SR970300_.jpeg?resize=970%2C300&#038;ssl=1\" alt=\"\" width=\"970\" height=\"300\" srcset=\"https:\/\/i0.wp.com\/hawaymusic.com\/wp-content\/uploads\/2022\/08\/5f010775-b91f-4d91-897a-aa98f91e3aee._SR970300_.jpeg?w=970&amp;ssl=1 970w, https:\/\/i0.wp.com\/hawaymusic.com\/wp-content\/uploads\/2022\/08\/5f010775-b91f-4d91-897a-aa98f91e3aee._SR970300_.jpeg?resize=300%2C93&amp;ssl=1 300w, https:\/\/i0.wp.com\/hawaymusic.com\/wp-content\/uploads\/2022\/08\/5f010775-b91f-4d91-897a-aa98f91e3aee._SR970300_.jpeg?resize=768%2C238&amp;ssl=1 768w, https:\/\/i0.wp.com\/hawaymusic.com\/wp-content\/uploads\/2022\/08\/5f010775-b91f-4d91-897a-aa98f91e3aee._SR970300_.jpeg?resize=600%2C186&amp;ssl=1 600w, https:\/\/i0.wp.com\/hawaymusic.com\/wp-content\/uploads\/2022\/08\/5f010775-b91f-4d91-897a-aa98f91e3aee._SR970300_.jpeg?resize=150%2C46&amp;ssl=1 150w\" sizes=\"auto, (max-width: 970px) 100vw, 970px\" \/><\/p>\n<p>Minilab Mk II es un controlador repleto de funciones de alta calidad que le brinda acceso pr\u00e1ctico a los sonidos en su estudio virtual. Da nueva vida a tus sonidos tocando, modificando, tocando y girando sus resistentes controles. Este poderoso controlador tambi\u00e9n viene con varios t\u00edtulos de software aclamados por la cr\u00edtica que le permitir\u00e1n crear grabaciones profesionales en muy poco tiempo. Analog Lab Lite te permite tocar usando cientos de sonidos legendarios de sintetizador, piano, \u00f3rgano y m\u00e1quina de cuerdas. Ableton Live Lite le permite grabar, arreglar y cultivar sus ideas musicales en un producto terminado. UVI Grand es una recreaci\u00f3n del piano Steinway Model D. MiniLab Mk II es un poderoso controlador que le abrir\u00e1 un nuevo mundo de dise\u00f1o de sonido, interpretaci\u00f3n y producci\u00f3n musical. Cada elemento del MiniLab reinventado ha sido cuidadosamente elegido para brindarle la mejor experiencia posible. Miniteclas bellamente jugables, almohadillas de rendimiento receptivas y duraderas, perillas giratorias sin movimiento, todo envuelto en un dise\u00f1o compacto, ergon\u00f3mico y resistente.<\/p>\n\n\t\t<\/div>\n\t<\/div>\n<\/div><\/div><\/div><\/div>\n<\/div>","protected":false},"excerpt":{"rendered":"<ul class=\"a-unordered-list a-vertical a-spacing-mini\">\n<li><span class=\"a-list-item\">arturia minilab MKII universal driver MIDI<\/span><\/li>\n<li><span class=\"a-list-item\">Analog Lab Lite le da acceso a cientos de el instrumento mejor software de sonidos de nuestra galardonada v-collection, y da una introducci\u00f3n a la todo nuestro cat\u00e1logo.<\/span><\/li>\n<li><span class=\"a-list-item\">Nuevo flujo de trabajo con Ableton Live Lite. con un innovador 2, tiempo de trabajo de los usuarios y profesionales por igual Love experimentado estiramiento y funciones de cambio de tono, as\u00ed como de numerosos efectos de calidad de estudio, se le soltar pistas de calidad profesional en ning\u00fan momento.<\/span><\/li>\n<li><span class=\"a-list-item\">steinway pianos se encuentran en s\u00f3lo los mejores conciertos y estudios de grabaci\u00f3n. gracias a minilab, usted puede tener uno en tu sal\u00f3n. el UVI Grand Piano modelo D pone el sonido de la famosa steinway modelo D Grand Piano a tu alcance, reproducidos en exquisito detalle, y listo para jugar.<\/span><\/li>\n<li><span class=\"a-list-item\">Altamente jugar, formato compacto teclado.<\/span><\/li>\n<\/ul>","protected":false},"featured_media":518,"comment_status":"open","ping_status":"closed","template":"","meta":[],"pwb-brand":[],"product_brand":[],"product_cat":[22],"product_tag":[],"class_list":{"0":"post-517","1":"product","2":"type-product","3":"status-publish","4":"has-post-thumbnail","6":"product_cat-teclado","8":"first","9":"instock","10":"taxable","11":"shipping-taxable","12":"purchasable","13":"product-type-simple"},"yoast_head":"<!-- This site is optimized with the Yoast SEO plugin v27.5 - https:\/\/yoast.com\/product\/yoast-seo-wordpress\/ -->\n<title>Arturia MiniLab 3 controlador para 25 teclas - Haway Music<\/title>\n<meta name=\"robots\" content=\"index, follow, max-snippet:-1, max-image-preview:large, max-video-preview:-1\" \/>\n<link rel=\"canonical\" href=\"https:\/\/hawaymusic.com\/es\/product\/arturia-minilab-3-controlador-para-25-teclas\/\" \/>\n<meta property=\"og:locale\" content=\"es_ES\" \/>\n<meta property=\"og:type\" content=\"article\" \/>\n<meta property=\"og:title\" content=\"Arturia MiniLab 3 controlador para 25 teclas - Haway Music\" \/>\n<meta property=\"og:description\" content=\"arturia minilab MKII universal driver MIDI  Analog Lab Lite le da acceso a cientos de el instrumento mejor software de sonidos de nuestra galardonada v-collection, y da una introducci\u00f3n a la todo nuestro cat\u00e1logo.  Nuevo flujo de trabajo con Ableton Live Lite. con un innovador 2, tiempo de trabajo de los usuarios y profesionales por igual Love experimentado estiramiento y funciones de cambio de tono, as\u00ed como de numerosos efectos de calidad de estudio, se le soltar pistas de calidad profesional en ning\u00fan momento.  steinway pianos se encuentran en s\u00f3lo los mejores conciertos y estudios de grabaci\u00f3n. gracias a minilab, usted puede tener uno en tu sal\u00f3n. el UVI Grand Piano modelo D pone el sonido de la famosa steinway modelo D Grand Piano a tu alcance, reproducidos en exquisito detalle, y listo para jugar.  Altamente jugar, formato compacto teclado.\" \/>\n<meta property=\"og:url\" content=\"https:\/\/hawaymusic.com\/es\/product\/arturia-minilab-3-controlador-para-25-teclas\/\" \/>\n<meta property=\"og:site_name\" content=\"Haway Music\" \/>\n<meta property=\"article:modified_time\" content=\"2023-06-17T22:12:01+00:00\" \/>\n<meta property=\"og:image\" content=\"https:\/\/hawaymusic.com\/wp-content\/uploads\/2023\/06\/arturia-mini-lab-3.png\" \/>\n\t<meta property=\"og:image:width\" content=\"1080\" \/>\n\t<meta property=\"og:image:height\" content=\"1080\" \/>\n\t<meta property=\"og:image:type\" content=\"image\/png\" \/>\n<meta name=\"twitter:card\" content=\"summary_large_image\" \/>\n<meta name=\"twitter:label1\" content=\"Tiempo de lectura\" \/>\n\t<meta name=\"twitter:data1\" content=\"1 minuto\" \/>\n<script type=\"application\/ld+json\" class=\"yoast-schema-graph\">{\"@context\":\"https:\\\/\\\/schema.org\",\"@graph\":[{\"@type\":\"WebPage\",\"@id\":\"https:\\\/\\\/hawaymusic.com\\\/product\\\/arturia-minilab-3-controlador-para-25-teclas\\\/\",\"url\":\"https:\\\/\\\/hawaymusic.com\\\/product\\\/arturia-minilab-3-controlador-para-25-teclas\\\/\",\"name\":\"Arturia MiniLab 3 controlador para 25 teclas - Haway Music\",\"isPartOf\":{\"@id\":\"https:\\\/\\\/hawaymusic.com\\\/#website\"},\"primaryImageOfPage\":{\"@id\":\"https:\\\/\\\/hawaymusic.com\\\/product\\\/arturia-minilab-3-controlador-para-25-teclas\\\/#primaryimage\"},\"image\":{\"@id\":\"https:\\\/\\\/hawaymusic.com\\\/product\\\/arturia-minilab-3-controlador-para-25-teclas\\\/#primaryimage\"},\"thumbnailUrl\":\"https:\\\/\\\/i0.wp.com\\\/hawaymusic.com\\\/wp-content\\\/uploads\\\/2023\\\/06\\\/arturia-mini-lab-3.png?fit=1080%2C1080&ssl=1\",\"datePublished\":\"2023-06-17T22:08:15+00:00\",\"dateModified\":\"2023-06-17T22:12:01+00:00\",\"breadcrumb\":{\"@id\":\"https:\\\/\\\/hawaymusic.com\\\/product\\\/arturia-minilab-3-controlador-para-25-teclas\\\/#breadcrumb\"},\"inLanguage\":\"es-CO\",\"potentialAction\":[{\"@type\":\"ReadAction\",\"target\":[\"https:\\\/\\\/hawaymusic.com\\\/product\\\/arturia-minilab-3-controlador-para-25-teclas\\\/\"]}]},{\"@type\":\"ImageObject\",\"inLanguage\":\"es-CO\",\"@id\":\"https:\\\/\\\/hawaymusic.com\\\/product\\\/arturia-minilab-3-controlador-para-25-teclas\\\/#primaryimage\",\"url\":\"https:\\\/\\\/i0.wp.com\\\/hawaymusic.com\\\/wp-content\\\/uploads\\\/2023\\\/06\\\/arturia-mini-lab-3.png?fit=1080%2C1080&ssl=1\",\"contentUrl\":\"https:\\\/\\\/i0.wp.com\\\/hawaymusic.com\\\/wp-content\\\/uploads\\\/2023\\\/06\\\/arturia-mini-lab-3.png?fit=1080%2C1080&ssl=1\",\"width\":1080,\"height\":1080},{\"@type\":\"BreadcrumbList\",\"@id\":\"https:\\\/\\\/hawaymusic.com\\\/product\\\/arturia-minilab-3-controlador-para-25-teclas\\\/#breadcrumb\",\"itemListElement\":[{\"@type\":\"ListItem\",\"position\":1,\"name\":\"Inicio\",\"item\":\"https:\\\/\\\/hawaymusic.com\\\/\"},{\"@type\":\"ListItem\",\"position\":2,\"name\":\"Shop\",\"item\":\"https:\\\/\\\/hawaymusic.com\\\/shop\\\/\"},{\"@type\":\"ListItem\",\"position\":3,\"name\":\"Arturia MiniLab 3 controlador para 25 teclas\"}]},{\"@type\":\"WebSite\",\"@id\":\"https:\\\/\\\/hawaymusic.com\\\/#website\",\"url\":\"https:\\\/\\\/hawaymusic.com\\\/\",\"name\":\"Haway Music\",\"description\":\"La mejor tienda de instrumentos musicales en Ecuador\",\"potentialAction\":[{\"@type\":\"SearchAction\",\"target\":{\"@type\":\"EntryPoint\",\"urlTemplate\":\"https:\\\/\\\/hawaymusic.com\\\/?s={search_term_string}\"},\"query-input\":{\"@type\":\"PropertyValueSpecification\",\"valueRequired\":true,\"valueName\":\"search_term_string\"}}],\"inLanguage\":\"es-CO\"}]}<\/script>\n<!-- \/ Yoast SEO plugin. -->","yoast_head_json":{"title":"Arturia MiniLab 3 controlador para 25 teclas - Haway Music","robots":{"index":"index","follow":"follow","max-snippet":"max-snippet:-1","max-image-preview":"max-image-preview:large","max-video-preview":"max-video-preview:-1"},"canonical":"https:\/\/hawaymusic.com\/es\/product\/arturia-minilab-3-controlador-para-25-teclas\/","og_locale":"es_ES","og_type":"article","og_title":"Arturia MiniLab 3 controlador para 25 teclas - Haway Music","og_description":"arturia minilab MKII universal driver MIDI  Analog Lab Lite le da acceso a cientos de el instrumento mejor software de sonidos de nuestra galardonada v-collection, y da una introducci\u00f3n a la todo nuestro cat\u00e1logo.  Nuevo flujo de trabajo con Ableton Live Lite. con un innovador 2, tiempo de trabajo de los usuarios y profesionales por igual Love experimentado estiramiento y funciones de cambio de tono, as\u00ed como de numerosos efectos de calidad de estudio, se le soltar pistas de calidad profesional en ning\u00fan momento.  steinway pianos se encuentran en s\u00f3lo los mejores conciertos y estudios de grabaci\u00f3n. gracias a minilab, usted puede tener uno en tu sal\u00f3n. el UVI Grand Piano modelo D pone el sonido de la famosa steinway modelo D Grand Piano a tu alcance, reproducidos en exquisito detalle, y listo para jugar.  Altamente jugar, formato compacto teclado.","og_url":"https:\/\/hawaymusic.com\/es\/product\/arturia-minilab-3-controlador-para-25-teclas\/","og_site_name":"Haway Music","article_modified_time":"2023-06-17T22:12:01+00:00","og_image":[{"width":1080,"height":1080,"url":"https:\/\/hawaymusic.com\/wp-content\/uploads\/2023\/06\/arturia-mini-lab-3.png","type":"image\/png"}],"twitter_card":"summary_large_image","twitter_misc":{"Tiempo de lectura":"1 minuto"},"schema":{"@context":"https:\/\/schema.org","@graph":[{"@type":"WebPage","@id":"https:\/\/hawaymusic.com\/product\/arturia-minilab-3-controlador-para-25-teclas\/","url":"https:\/\/hawaymusic.com\/product\/arturia-minilab-3-controlador-para-25-teclas\/","name":"Arturia MiniLab 3 controlador para 25 teclas - Haway Music","isPartOf":{"@id":"https:\/\/hawaymusic.com\/#website"},"primaryImageOfPage":{"@id":"https:\/\/hawaymusic.com\/product\/arturia-minilab-3-controlador-para-25-teclas\/#primaryimage"},"image":{"@id":"https:\/\/hawaymusic.com\/product\/arturia-minilab-3-controlador-para-25-teclas\/#primaryimage"},"thumbnailUrl":"https:\/\/i0.wp.com\/hawaymusic.com\/wp-content\/uploads\/2023\/06\/arturia-mini-lab-3.png?fit=1080%2C1080&ssl=1","datePublished":"2023-06-17T22:08:15+00:00","dateModified":"2023-06-17T22:12:01+00:00","breadcrumb":{"@id":"https:\/\/hawaymusic.com\/product\/arturia-minilab-3-controlador-para-25-teclas\/#breadcrumb"},"inLanguage":"es-CO","potentialAction":[{"@type":"ReadAction","target":["https:\/\/hawaymusic.com\/product\/arturia-minilab-3-controlador-para-25-teclas\/"]}]},{"@type":"ImageObject","inLanguage":"es-CO","@id":"https:\/\/hawaymusic.com\/product\/arturia-minilab-3-controlador-para-25-teclas\/#primaryimage","url":"https:\/\/i0.wp.com\/hawaymusic.com\/wp-content\/uploads\/2023\/06\/arturia-mini-lab-3.png?fit=1080%2C1080&ssl=1","contentUrl":"https:\/\/i0.wp.com\/hawaymusic.com\/wp-content\/uploads\/2023\/06\/arturia-mini-lab-3.png?fit=1080%2C1080&ssl=1","width":1080,"height":1080},{"@type":"BreadcrumbList","@id":"https:\/\/hawaymusic.com\/product\/arturia-minilab-3-controlador-para-25-teclas\/#breadcrumb","itemListElement":[{"@type":"ListItem","position":1,"name":"Inicio","item":"https:\/\/hawaymusic.com\/"},{"@type":"ListItem","position":2,"name":"Shop","item":"https:\/\/hawaymusic.com\/shop\/"},{"@type":"ListItem","position":3,"name":"Arturia MiniLab 3 controlador para 25 teclas"}]},{"@type":"WebSite","@id":"https:\/\/hawaymusic.com\/#website","url":"https:\/\/hawaymusic.com\/","name":"Haway Music","description":"La mejor tienda de instrumentos musicales en Ecuador","potentialAction":[{"@type":"SearchAction","target":{"@type":"EntryPoint","urlTemplate":"https:\/\/hawaymusic.com\/?s={search_term_string}"},"query-input":{"@type":"PropertyValueSpecification","valueRequired":true,"valueName":"search_term_string"}}],"inLanguage":"es-CO"}]}},"jetpack_sharing_enabled":true,"brands":[],"_links":{"self":[{"href":"https:\/\/hawaymusic.com\/es\/wp-json\/wp\/v2\/product\/517","targetHints":{"allow":["GET"]}}],"collection":[{"href":"https:\/\/hawaymusic.com\/es\/wp-json\/wp\/v2\/product"}],"about":[{"href":"https:\/\/hawaymusic.com\/es\/wp-json\/wp\/v2\/types\/product"}],"replies":[{"embeddable":true,"href":"https:\/\/hawaymusic.com\/es\/wp-json\/wp\/v2\/comments?post=517"}],"wp:featuredmedia":[{"embeddable":true,"href":"https:\/\/hawaymusic.com\/es\/wp-json\/wp\/v2\/media\/518"}],"wp:attachment":[{"href":"https:\/\/hawaymusic.com\/es\/wp-json\/wp\/v2\/media?parent=517"}],"wp:term":[{"taxonomy":"pwb-brand","embeddable":true,"href":"https:\/\/hawaymusic.com\/es\/wp-json\/wp\/v2\/pwb-brand?post=517"},{"taxonomy":"product_brand","embeddable":true,"href":"https:\/\/hawaymusic.com\/es\/wp-json\/wp\/v2\/product_brand?post=517"},{"taxonomy":"product_cat","embeddable":true,"href":"https:\/\/hawaymusic.com\/es\/wp-json\/wp\/v2\/product_cat?post=517"},{"taxonomy":"product_tag","embeddable":true,"href":"https:\/\/hawaymusic.com\/es\/wp-json\/wp\/v2\/product_tag?post=517"}],"curies":[{"name":"wp","href":"https:\/\/api.w.org\/{rel}","templated":true}]}}