{"id":501,"date":"2022-12-13T17:15:21","date_gmt":"2022-12-13T17:15:21","guid":{"rendered":"https:\/\/hawaymusic.com\/?post_type=product&#038;p=501"},"modified":"2024-08-22T13:46:08","modified_gmt":"2024-08-22T13:46:08","slug":"ernie-ball-cable-instrumento-naranja-neon-5-metros","status":"publish","type":"product","link":"https:\/\/hawaymusic.com\/es\/product\/ernie-ball-cable-instrumento-naranja-neon-5-metros\/","title":{"rendered":"Ernie Ball Cable Instrumento, Naranja Ne\u00f3n 5 metros"},"content":{"rendered":"<div class=\"wpb-content-wrapper\"><div class=\"vc_row wpb_row vc_row-fluid\"><div class=\"wpb_column vc_column_container vc_col-sm-12\"><div class=\"vc_column-inner\"><div class=\"wpb_wrapper\"><div class=\"vc_row wpb_row vc_inner vc_row-fluid\"><div class=\"wpb_column vc_column_container vc_col-sm-12\"><div class=\"vc_column-inner\"><div class=\"wpb_wrapper\">\t\t<div id=\"wd-62f58ba937d31\" class=\"wd-image wd-wpb wd-rs-62f58ba937d31 text-center\">\n\t\t\t\n\t\t\t<img loading=\"lazy\" decoding=\"async\" width=\"970\" height=\"300\" src=\"https:\/\/i0.wp.com\/hawaymusic.com\/wp-content\/uploads\/2022\/08\/173b949c-d794-4f85-8388-3ea34c539674._CR00970300_PT0_SX970__.jpg?fit=970%2C300&amp;ssl=1\" class=\"attachment-full size-full\" alt=\"\" srcset=\"https:\/\/i0.wp.com\/hawaymusic.com\/wp-content\/uploads\/2022\/08\/173b949c-d794-4f85-8388-3ea34c539674._CR00970300_PT0_SX970__.jpg?w=970&amp;ssl=1 970w, https:\/\/i0.wp.com\/hawaymusic.com\/wp-content\/uploads\/2022\/08\/173b949c-d794-4f85-8388-3ea34c539674._CR00970300_PT0_SX970__.jpg?resize=300%2C93&amp;ssl=1 300w, https:\/\/i0.wp.com\/hawaymusic.com\/wp-content\/uploads\/2022\/08\/173b949c-d794-4f85-8388-3ea34c539674._CR00970300_PT0_SX970__.jpg?resize=768%2C238&amp;ssl=1 768w, https:\/\/i0.wp.com\/hawaymusic.com\/wp-content\/uploads\/2022\/08\/173b949c-d794-4f85-8388-3ea34c539674._CR00970300_PT0_SX970__.jpg?resize=600%2C186&amp;ssl=1 600w, https:\/\/i0.wp.com\/hawaymusic.com\/wp-content\/uploads\/2022\/08\/173b949c-d794-4f85-8388-3ea34c539674._CR00970300_PT0_SX970__.jpg?resize=150%2C46&amp;ssl=1 150w\" sizes=\"auto, (max-width: 970px) 100vw, 970px\" \/>\n\t\t\t\t\t<\/div>\n\t\t<\/div><\/div><\/div><\/div>\n\t<div class=\"wpb_text_column wpb_content_element\" >\n\t\t<div class=\"wpb_wrapper\">\n\t\t\t<p align=\"justify\">Los cables de instrumento Ernie Ball cuentan con un dise\u00f1o de alta calidad fabricado con componentes superiores que est\u00e1n construidos para durar. Los conductores duales ofrecen un tono claro de forma fiable con agudos n\u00edtidos, medios ajustados y arm\u00f3nicos ricos. M\u00faltiples materiales de blindaje conservan la se\u00f1al con bajo ruido de manejo, y el exterior duradero garantiza un rendimiento duradero. Cables de instrumentos duraderos sin ruido en colores y dise\u00f1os de gran gama.<\/p>\n\n\t\t<\/div>\n\t<\/div>\n<\/div><\/div><\/div><\/div>\n<\/div>","protected":false},"excerpt":{"rendered":"<ul>\n<li>Conductores duales<\/li>\n<li>Forro exterior trenzado<\/li>\n<li>M\u00faltiples materiales de blindaje<\/li>\n<\/ul>","protected":false},"featured_media":502,"comment_status":"open","ping_status":"closed","template":"","meta":[],"pwb-brand":[],"product_brand":[],"product_cat":[25,40],"product_tag":[],"class_list":{"0":"post-501","1":"product","2":"type-product","3":"status-publish","4":"has-post-thumbnail","6":"product_cat-accesorios","7":"product_cat-cables","9":"first","10":"instock","11":"taxable","12":"shipping-taxable","13":"purchasable","14":"product-type-simple"},"yoast_head":"<!-- This site is optimized with the Yoast SEO plugin v27.5 - https:\/\/yoast.com\/product\/yoast-seo-wordpress\/ -->\n<title>Ernie Ball Cable Instrumento, Naranja Ne\u00f3n 5 metros - Haway Music<\/title>\n<meta name=\"robots\" content=\"index, follow, max-snippet:-1, max-image-preview:large, max-video-preview:-1\" \/>\n<link rel=\"canonical\" href=\"https:\/\/hawaymusic.com\/es\/producto\/ernie-ball-cable-instrumento-naranja-neon-5-metros\/\" \/>\n<meta property=\"og:locale\" content=\"es_ES\" \/>\n<meta property=\"og:type\" content=\"article\" \/>\n<meta property=\"og:title\" content=\"Ernie Ball Cable Instrumento, Naranja Ne\u00f3n 5 metros - Haway Music\" \/>\n<meta property=\"og:description\" content=\"Conductores duales  Forro exterior trenzado  M\u00faltiples materiales de blindaje\" \/>\n<meta property=\"og:url\" content=\"https:\/\/hawaymusic.com\/es\/producto\/ernie-ball-cable-instrumento-naranja-neon-5-metros\/\" \/>\n<meta property=\"og:site_name\" content=\"Haway Music\" \/>\n<meta property=\"article:modified_time\" content=\"2024-08-22T13:46:08+00:00\" \/>\n<meta property=\"og:image\" content=\"https:\/\/hawaymusic.com\/wp-content\/uploads\/2022\/12\/ernie-ball-cable.png\" \/>\n\t<meta property=\"og:image:width\" content=\"2000\" \/>\n\t<meta property=\"og:image:height\" content=\"2000\" \/>\n\t<meta property=\"og:image:type\" content=\"image\/png\" \/>\n<meta name=\"twitter:card\" content=\"summary_large_image\" \/>\n<meta name=\"twitter:label1\" content=\"Tiempo de lectura\" \/>\n\t<meta name=\"twitter:data1\" content=\"1 minuto\" \/>\n<script type=\"application\/ld+json\" class=\"yoast-schema-graph\">{\"@context\":\"https:\\\/\\\/schema.org\",\"@graph\":[{\"@type\":\"WebPage\",\"@id\":\"https:\\\/\\\/hawaymusic.com\\\/producto\\\/ernie-ball-cable-instrumento-naranja-neon-5-metros\\\/\",\"url\":\"https:\\\/\\\/hawaymusic.com\\\/producto\\\/ernie-ball-cable-instrumento-naranja-neon-5-metros\\\/\",\"name\":\"Ernie Ball Cable Instrumento, Naranja Ne\u00f3n 5 metros - Haway Music\",\"isPartOf\":{\"@id\":\"https:\\\/\\\/hawaymusic.com\\\/#website\"},\"primaryImageOfPage\":{\"@id\":\"https:\\\/\\\/hawaymusic.com\\\/producto\\\/ernie-ball-cable-instrumento-naranja-neon-5-metros\\\/#primaryimage\"},\"image\":{\"@id\":\"https:\\\/\\\/hawaymusic.com\\\/producto\\\/ernie-ball-cable-instrumento-naranja-neon-5-metros\\\/#primaryimage\"},\"thumbnailUrl\":\"https:\\\/\\\/i0.wp.com\\\/hawaymusic.com\\\/wp-content\\\/uploads\\\/2022\\\/12\\\/ernie-ball-cable.png?fit=2000%2C2000&ssl=1\",\"datePublished\":\"2022-12-13T17:15:21+00:00\",\"dateModified\":\"2024-08-22T13:46:08+00:00\",\"breadcrumb\":{\"@id\":\"https:\\\/\\\/hawaymusic.com\\\/producto\\\/ernie-ball-cable-instrumento-naranja-neon-5-metros\\\/#breadcrumb\"},\"inLanguage\":\"es-CO\",\"potentialAction\":[{\"@type\":\"ReadAction\",\"target\":[\"https:\\\/\\\/hawaymusic.com\\\/producto\\\/ernie-ball-cable-instrumento-naranja-neon-5-metros\\\/\"]}]},{\"@type\":\"ImageObject\",\"inLanguage\":\"es-CO\",\"@id\":\"https:\\\/\\\/hawaymusic.com\\\/producto\\\/ernie-ball-cable-instrumento-naranja-neon-5-metros\\\/#primaryimage\",\"url\":\"https:\\\/\\\/i0.wp.com\\\/hawaymusic.com\\\/wp-content\\\/uploads\\\/2022\\\/12\\\/ernie-ball-cable.png?fit=2000%2C2000&ssl=1\",\"contentUrl\":\"https:\\\/\\\/i0.wp.com\\\/hawaymusic.com\\\/wp-content\\\/uploads\\\/2022\\\/12\\\/ernie-ball-cable.png?fit=2000%2C2000&ssl=1\",\"width\":2000,\"height\":2000},{\"@type\":\"BreadcrumbList\",\"@id\":\"https:\\\/\\\/hawaymusic.com\\\/producto\\\/ernie-ball-cable-instrumento-naranja-neon-5-metros\\\/#breadcrumb\",\"itemListElement\":[{\"@type\":\"ListItem\",\"position\":1,\"name\":\"Inicio\",\"item\":\"https:\\\/\\\/hawaymusic.com\\\/\"},{\"@type\":\"ListItem\",\"position\":2,\"name\":\"Shop\",\"item\":\"https:\\\/\\\/hawaymusic.com\\\/shop\\\/\"},{\"@type\":\"ListItem\",\"position\":3,\"name\":\"Ernie Ball Cable Instrumento, Naranja Ne\u00f3n 5 metros\"}]},{\"@type\":\"WebSite\",\"@id\":\"https:\\\/\\\/hawaymusic.com\\\/#website\",\"url\":\"https:\\\/\\\/hawaymusic.com\\\/\",\"name\":\"Haway Music\",\"description\":\"La mejor tienda de instrumentos musicales en Ecuador\",\"potentialAction\":[{\"@type\":\"SearchAction\",\"target\":{\"@type\":\"EntryPoint\",\"urlTemplate\":\"https:\\\/\\\/hawaymusic.com\\\/?s={search_term_string}\"},\"query-input\":{\"@type\":\"PropertyValueSpecification\",\"valueRequired\":true,\"valueName\":\"search_term_string\"}}],\"inLanguage\":\"es-CO\"}]}<\/script>\n<!-- \/ Yoast SEO plugin. -->","yoast_head_json":{"title":"Ernie Ball Cable Instrumento, Naranja Ne\u00f3n 5 metros - Haway Music","robots":{"index":"index","follow":"follow","max-snippet":"max-snippet:-1","max-image-preview":"max-image-preview:large","max-video-preview":"max-video-preview:-1"},"canonical":"https:\/\/hawaymusic.com\/es\/producto\/ernie-ball-cable-instrumento-naranja-neon-5-metros\/","og_locale":"es_ES","og_type":"article","og_title":"Ernie Ball Cable Instrumento, Naranja Ne\u00f3n 5 metros - Haway Music","og_description":"Conductores duales  Forro exterior trenzado  M\u00faltiples materiales de blindaje","og_url":"https:\/\/hawaymusic.com\/es\/producto\/ernie-ball-cable-instrumento-naranja-neon-5-metros\/","og_site_name":"Haway Music","article_modified_time":"2024-08-22T13:46:08+00:00","og_image":[{"width":2000,"height":2000,"url":"https:\/\/hawaymusic.com\/wp-content\/uploads\/2022\/12\/ernie-ball-cable.png","type":"image\/png"}],"twitter_card":"summary_large_image","twitter_misc":{"Tiempo de lectura":"1 minuto"},"schema":{"@context":"https:\/\/schema.org","@graph":[{"@type":"WebPage","@id":"https:\/\/hawaymusic.com\/producto\/ernie-ball-cable-instrumento-naranja-neon-5-metros\/","url":"https:\/\/hawaymusic.com\/producto\/ernie-ball-cable-instrumento-naranja-neon-5-metros\/","name":"Ernie Ball Cable Instrumento, Naranja Ne\u00f3n 5 metros - Haway Music","isPartOf":{"@id":"https:\/\/hawaymusic.com\/#website"},"primaryImageOfPage":{"@id":"https:\/\/hawaymusic.com\/producto\/ernie-ball-cable-instrumento-naranja-neon-5-metros\/#primaryimage"},"image":{"@id":"https:\/\/hawaymusic.com\/producto\/ernie-ball-cable-instrumento-naranja-neon-5-metros\/#primaryimage"},"thumbnailUrl":"https:\/\/i0.wp.com\/hawaymusic.com\/wp-content\/uploads\/2022\/12\/ernie-ball-cable.png?fit=2000%2C2000&ssl=1","datePublished":"2022-12-13T17:15:21+00:00","dateModified":"2024-08-22T13:46:08+00:00","breadcrumb":{"@id":"https:\/\/hawaymusic.com\/producto\/ernie-ball-cable-instrumento-naranja-neon-5-metros\/#breadcrumb"},"inLanguage":"es-CO","potentialAction":[{"@type":"ReadAction","target":["https:\/\/hawaymusic.com\/producto\/ernie-ball-cable-instrumento-naranja-neon-5-metros\/"]}]},{"@type":"ImageObject","inLanguage":"es-CO","@id":"https:\/\/hawaymusic.com\/producto\/ernie-ball-cable-instrumento-naranja-neon-5-metros\/#primaryimage","url":"https:\/\/i0.wp.com\/hawaymusic.com\/wp-content\/uploads\/2022\/12\/ernie-ball-cable.png?fit=2000%2C2000&ssl=1","contentUrl":"https:\/\/i0.wp.com\/hawaymusic.com\/wp-content\/uploads\/2022\/12\/ernie-ball-cable.png?fit=2000%2C2000&ssl=1","width":2000,"height":2000},{"@type":"BreadcrumbList","@id":"https:\/\/hawaymusic.com\/producto\/ernie-ball-cable-instrumento-naranja-neon-5-metros\/#breadcrumb","itemListElement":[{"@type":"ListItem","position":1,"name":"Inicio","item":"https:\/\/hawaymusic.com\/"},{"@type":"ListItem","position":2,"name":"Shop","item":"https:\/\/hawaymusic.com\/shop\/"},{"@type":"ListItem","position":3,"name":"Ernie Ball Cable Instrumento, Naranja Ne\u00f3n 5 metros"}]},{"@type":"WebSite","@id":"https:\/\/hawaymusic.com\/#website","url":"https:\/\/hawaymusic.com\/","name":"Haway Music","description":"La mejor tienda de instrumentos musicales en Ecuador","potentialAction":[{"@type":"SearchAction","target":{"@type":"EntryPoint","urlTemplate":"https:\/\/hawaymusic.com\/?s={search_term_string}"},"query-input":{"@type":"PropertyValueSpecification","valueRequired":true,"valueName":"search_term_string"}}],"inLanguage":"es-CO"}]}},"jetpack_sharing_enabled":true,"brands":[],"_links":{"self":[{"href":"https:\/\/hawaymusic.com\/es\/wp-json\/wp\/v2\/product\/501","targetHints":{"allow":["GET"]}}],"collection":[{"href":"https:\/\/hawaymusic.com\/es\/wp-json\/wp\/v2\/product"}],"about":[{"href":"https:\/\/hawaymusic.com\/es\/wp-json\/wp\/v2\/types\/product"}],"replies":[{"embeddable":true,"href":"https:\/\/hawaymusic.com\/es\/wp-json\/wp\/v2\/comments?post=501"}],"wp:featuredmedia":[{"embeddable":true,"href":"https:\/\/hawaymusic.com\/es\/wp-json\/wp\/v2\/media\/502"}],"wp:attachment":[{"href":"https:\/\/hawaymusic.com\/es\/wp-json\/wp\/v2\/media?parent=501"}],"wp:term":[{"taxonomy":"pwb-brand","embeddable":true,"href":"https:\/\/hawaymusic.com\/es\/wp-json\/wp\/v2\/pwb-brand?post=501"},{"taxonomy":"product_brand","embeddable":true,"href":"https:\/\/hawaymusic.com\/es\/wp-json\/wp\/v2\/product_brand?post=501"},{"taxonomy":"product_cat","embeddable":true,"href":"https:\/\/hawaymusic.com\/es\/wp-json\/wp\/v2\/product_cat?post=501"},{"taxonomy":"product_tag","embeddable":true,"href":"https:\/\/hawaymusic.com\/es\/wp-json\/wp\/v2\/product_tag?post=501"}],"curies":[{"name":"wp","href":"https:\/\/api.w.org\/{rel}","templated":true}]}}