{"id":50,"date":"2022-08-11T20:54:18","date_gmt":"2022-08-11T20:54:18","guid":{"rendered":"https:\/\/hawaymusic.com\/?post_type=product&#038;p=50"},"modified":"2026-04-15T04:14:20","modified_gmt":"2026-04-15T04:14:20","slug":"strymon-timeline","status":"publish","type":"product","link":"https:\/\/hawaymusic.com\/es\/product\/strymon-timeline\/","title":{"rendered":"Strymon Timeline Pedal Delay"},"content":{"rendered":"<div class=\"wpb-content-wrapper\"><div class=\"vc_row wpb_row vc_row-fluid\"><div class=\"wpb_column vc_column_container vc_col-sm-12\"><div class=\"vc_column-inner\"><div class=\"wpb_wrapper\"><div class=\"vc_row wpb_row vc_inner vc_row-fluid\"><div class=\"wpb_column vc_column_container vc_col-sm-12\"><div class=\"vc_column-inner\"><div class=\"wpb_wrapper\">\t\t\t<div id=\"carousel-365\" class=\"wd-carousel-container info-box-carousel-wrapper wd-wpb   wd-rs-62f56d7e27257\">\n\t\t\t\t<div class=\"wd-carousel-inner\">\n\t\t\t\t\t<div class=\"wd-carousel wd-grid info-box-carousel\" data-speed=\"5000\" data-autoplay=\"yes\" data-scroll_per_page=\"yes\" style=\"--wd-col-lg:4;--wd-col-md:4;--wd-col-sm:1;--wd-gap-lg:30px;--wd-gap-sm:10px;\">\n\t\t\t\t\t\t<div class=\"wd-carousel-wrap\">\n\t\t\t\t\t\t\t\t\t\t<div class=\"info-box-wrapper wd-carousel-item\">\n\t\t\t\t<div id=\"wd-62f56dc097260\" class=\"wd-rs-62f56dc097260 wd-info-box wd-wpb text-left box-icon-align-top box-style- color-scheme- wd-bg-none\">\n\t\t\t\t\t\t\t\t\t\t\t<div class=\"box-icon-wrapper  box-with-icon box-icon-simple\">\n\t\t\t\t\t\t\t<div class=\"info-box-icon\">\n\n\t\t\t\t\t\t\t\n\t\t\t\t\t\t\t\t\t\t\t\t\t\t\t\t\t<img data-recalc-dims=\"1\" loading=\"lazy\" decoding=\"async\" width=\"220\" height=\"220\" src=\"https:\/\/i0.wp.com\/hawaymusic.com\/wp-content\/uploads\/2022\/08\/75699ffa-7ba6-4515-8fa3-4f658325e9e5._SL220__.jpg?resize=220%2C220&#038;ssl=1\" class=\"attachment-800x600 size-800x600\" alt=\"\" srcset=\"https:\/\/i0.wp.com\/hawaymusic.com\/wp-content\/uploads\/2022\/08\/75699ffa-7ba6-4515-8fa3-4f658325e9e5._SL220__.jpg?w=220&amp;ssl=1 220w, https:\/\/i0.wp.com\/hawaymusic.com\/wp-content\/uploads\/2022\/08\/75699ffa-7ba6-4515-8fa3-4f658325e9e5._SL220__.jpg?resize=150%2C150&amp;ssl=1 150w\" sizes=\"auto, (max-width: 220px) 100vw, 220px\" \/>\t\t\t\t\t\t\t\t\t\t\t\t\t\t\t\n\t\t\t\t\t\t\t<\/div>\n\t\t\t\t\t\t<\/div>\n\t\t\t\t\t\t\t\t\t\t<div class=\"info-box-content\">\n\t\t\t\t\t\t\t\t\t\t\t\t<div class=\"info-box-inner set-cont-mb-s reset-last-child\"><\/p>\n<p align=\"justify\"><strong>Tipos de visualizaci\u00f3n y retraso.<\/strong><\/p>\n<p align=\"justify\">La pantalla puede mostrar el tiempo de retraso (en milisegundos o latidos por minuto) o el n\u00famero de banco preestablecido. Al editar el sonido se mostrar\u00e1n los par\u00e1metros de retardo. Tipo le permite seleccionar su tipo de m\u00e1quina de retardo. Elige entre Digital a Tape y todo lo que hay entre ellos. Pulse para alternar la pantalla entre Banco y Tiempo. Mantenga pulsado para guardar un ajuste preestablecido.<\/p>\n<p>\n<\/div>\n\n\t\t\t\t\t\t\t\t\t\t\t<\/div>\n\n\t\t\t\t\t\n\t\t\t\t\t\t\t\t\t<\/div>\n\t\t\t<\/div>\n\t\t\t\t\t<div class=\"info-box-wrapper wd-carousel-item\">\n\t\t\t\t<div id=\"wd-62f56e0657662\" class=\"wd-rs-62f56e0657662 wd-info-box wd-wpb text-left box-icon-align-top box-style- color-scheme- wd-bg-none\">\n\t\t\t\t\t\t\t\t\t\t\t<div class=\"box-icon-wrapper  box-with-icon box-icon-simple\">\n\t\t\t\t\t\t\t<div class=\"info-box-icon\">\n\n\t\t\t\t\t\t\t\n\t\t\t\t\t\t\t\t\t\t\t\t\t\t\t\t\t<img data-recalc-dims=\"1\" loading=\"lazy\" decoding=\"async\" width=\"220\" height=\"220\" src=\"https:\/\/i0.wp.com\/hawaymusic.com\/wp-content\/uploads\/2022\/08\/723e4dd9-c3ab-4bde-835e-ade5287c142c._SL220__.jpg?resize=220%2C220&#038;ssl=1\" class=\"attachment-800x600 size-800x600\" alt=\"\" srcset=\"https:\/\/i0.wp.com\/hawaymusic.com\/wp-content\/uploads\/2022\/08\/723e4dd9-c3ab-4bde-835e-ade5287c142c._SL220__.jpg?w=220&amp;ssl=1 220w, https:\/\/i0.wp.com\/hawaymusic.com\/wp-content\/uploads\/2022\/08\/723e4dd9-c3ab-4bde-835e-ade5287c142c._SL220__.jpg?resize=150%2C150&amp;ssl=1 150w\" sizes=\"auto, (max-width: 220px) 100vw, 220px\" \/>\t\t\t\t\t\t\t\t\t\t\t\t\t\t\t\n\t\t\t\t\t\t\t<\/div>\n\t\t\t\t\t\t<\/div>\n\t\t\t\t\t\t\t\t\t\t<div class=\"info-box-content\">\n\t\t\t\t\t\t\t\t\t\t\t\t<div class=\"info-box-inner set-cont-mb-s reset-last-child\"><\/p>\n<p align=\"justify\"><strong>Valor.<\/strong><\/p>\n<p align=\"justify\">El valor le proporciona un control completo sobre los par\u00e1metros de retraso, la configuraci\u00f3n global y el ajuste del tiempo de retraso. Cada tipo de m\u00e1quina de retardo tiene su propio conjunto de par\u00e1metros de retardo f\u00e1cilmente modificables.<\/p>\n<p>\n<\/div>\n\n\t\t\t\t\t\t\t\t\t\t\t<\/div>\n\n\t\t\t\t\t\n\t\t\t\t\t\t\t\t\t<\/div>\n\t\t\t<\/div>\n\t\t\t\t\t<div class=\"info-box-wrapper wd-carousel-item\">\n\t\t\t\t<div id=\"wd-62f56e3537397\" class=\"wd-rs-62f56e3537397 wd-info-box wd-wpb text-left box-icon-align-top box-style- color-scheme- wd-bg-none\">\n\t\t\t\t\t\t\t\t\t\t\t<div class=\"box-icon-wrapper  box-with-icon box-icon-simple\">\n\t\t\t\t\t\t\t<div class=\"info-box-icon\">\n\n\t\t\t\t\t\t\t\n\t\t\t\t\t\t\t\t\t\t\t\t\t\t\t\t\t<img data-recalc-dims=\"1\" loading=\"lazy\" decoding=\"async\" width=\"220\" height=\"220\" src=\"https:\/\/i0.wp.com\/hawaymusic.com\/wp-content\/uploads\/2022\/08\/502f0bf2-97e9-4cc8-a5d8-f5aa82d4998c._SL220__.jpg?resize=220%2C220&#038;ssl=1\" class=\"attachment-800x600 size-800x600\" alt=\"\" srcset=\"https:\/\/i0.wp.com\/hawaymusic.com\/wp-content\/uploads\/2022\/08\/502f0bf2-97e9-4cc8-a5d8-f5aa82d4998c._SL220__.jpg?w=220&amp;ssl=1 220w, https:\/\/i0.wp.com\/hawaymusic.com\/wp-content\/uploads\/2022\/08\/502f0bf2-97e9-4cc8-a5d8-f5aa82d4998c._SL220__.jpg?resize=150%2C150&amp;ssl=1 150w\" sizes=\"auto, (max-width: 220px) 100vw, 220px\" \/>\t\t\t\t\t\t\t\t\t\t\t\t\t\t\t\n\t\t\t\t\t\t\t<\/div>\n\t\t\t\t\t\t<\/div>\n\t\t\t\t\t\t\t\t\t\t<div class=\"info-box-content\">\n\t\t\t\t\t\t\t\t\t\t\t\t<div class=\"info-box-inner set-cont-mb-s reset-last-child\"><\/p>\n<p align=\"justify\"><strong>Tiempo.<\/strong><\/p>\n<p align=\"justify\">El tiempo controla el tiempo de retardo de acuerdo con el tipo de m\u00e1quina de retardo. El rango completo de la perilla de tiempo var\u00eda en funci\u00f3n de la m\u00e1quina de retardo que seleccione.<\/p>\n<p>\n<\/div>\n\n\t\t\t\t\t\t\t\t\t\t\t<\/div>\n\n\t\t\t\t\t\n\t\t\t\t\t\t\t\t\t<\/div>\n\t\t\t<\/div>\n\t\t\t\t\t<div class=\"info-box-wrapper wd-carousel-item\">\n\t\t\t\t<div id=\"wd-62f56e6424601\" class=\"wd-rs-62f56e6424601 wd-info-box wd-wpb text-left box-icon-align-top box-style- color-scheme- wd-bg-none\">\n\t\t\t\t\t\t\t\t\t\t\t<div class=\"box-icon-wrapper  box-with-icon box-icon-simple\">\n\t\t\t\t\t\t\t<div class=\"info-box-icon\">\n\n\t\t\t\t\t\t\t\n\t\t\t\t\t\t\t\t\t\t\t\t\t\t\t\t\t<img data-recalc-dims=\"1\" loading=\"lazy\" decoding=\"async\" width=\"220\" height=\"220\" src=\"https:\/\/i0.wp.com\/hawaymusic.com\/wp-content\/uploads\/2022\/08\/de308159-2774-4a7f-b3a0-50174d841fa9._SL220__.jpg?resize=220%2C220&#038;ssl=1\" class=\"attachment-800x600 size-800x600\" alt=\"\" srcset=\"https:\/\/i0.wp.com\/hawaymusic.com\/wp-content\/uploads\/2022\/08\/de308159-2774-4a7f-b3a0-50174d841fa9._SL220__.jpg?w=220&amp;ssl=1 220w, https:\/\/i0.wp.com\/hawaymusic.com\/wp-content\/uploads\/2022\/08\/de308159-2774-4a7f-b3a0-50174d841fa9._SL220__.jpg?resize=150%2C150&amp;ssl=1 150w\" sizes=\"auto, (max-width: 220px) 100vw, 220px\" \/>\t\t\t\t\t\t\t\t\t\t\t\t\t\t\t\n\t\t\t\t\t\t\t<\/div>\n\t\t\t\t\t\t<\/div>\n\t\t\t\t\t\t\t\t\t\t<div class=\"info-box-content\">\n\t\t\t\t\t\t\t\t\t\t\t\t<div class=\"info-box-inner set-cont-mb-s reset-last-child\"><\/p>\n<p align=\"justify\"><strong>Repite y mezcla.<\/strong><\/p>\n<p align=\"justify\">Repite establece el n\u00famero de ecos que escucha. Establecer en cero para escuchar una repetici\u00f3n. Establecer en 100% y escuchar repeticiones infinitas sostenidas y la oscilaci\u00f3n regeneradora que lo acompa\u00f1a. Mix controla el equilibrio de tu se\u00f1al anal\u00f3gica seca y tu se\u00f1al h\u00fameda, desde 100% seco al m\u00ednimo hasta 100% h\u00famedo como m\u00e1ximo. La mezcla ocurre completamente en an\u00e1logo. La mezcla 50\/50 se produce cuando el bot\u00f3n Mix est\u00e1 establecido en 3:00.<\/p>\n<p>\n<\/div>\n\n\t\t\t\t\t\t\t\t\t\t\t<\/div>\n\n\t\t\t\t\t\n\t\t\t\t\t\t\t\t\t<\/div>\n\t\t\t<\/div>\n\t\t\t\t\t\t\t\t<\/div>\n\t\t\t\t\t<\/div>\n\n\t\t\t\t\t\t\t\t\t\t\t\t\t<div class=\"wd-nav-arrows wd-pos-sep wd-hover-1 wd-icon-1\">\n\t\t\t<div class=\"wd-btn-arrow wd-prev wd-disabled\">\n\t\t\t\t<div class=\"wd-arrow-inner\"><\/div>\n\t\t\t<\/div>\n\t\t\t<div class=\"wd-btn-arrow wd-next\">\n\t\t\t\t<div class=\"wd-arrow-inner\"><\/div>\n\t\t\t<\/div>\n\t\t<\/div>\n\t\t\t\t\t\t\t\t\t\t\t<\/div>\n\n\t\t\t\t\t\t\t\t\t\t\t<\/div>\n\t\t<div class=\"vc_separator wpb_content_element vc_separator_align_center vc_sep_width_100 vc_sep_pos_align_center vc_separator_no_text vc_sep_color_grey\" ><span class=\"vc_sep_holder vc_sep_holder_l\"><span class=\"vc_sep_line\"><\/span><\/span><span class=\"vc_sep_holder vc_sep_holder_r\"><span class=\"vc_sep_line\"><\/span><\/span>\n<\/div>\t\t<div id=\"wd-62f5712736f4f\" class=\"wd-image wd-wpb wd-rs-62f5712736f4f text-center\">\n\t\t\t\n\t\t\t<img loading=\"lazy\" decoding=\"async\" width=\"970\" height=\"300\" src=\"https:\/\/i0.wp.com\/hawaymusic.com\/wp-content\/uploads\/2022\/08\/a5738d29-0ab1-4cb7-8782-c28ea551fbd0._SR970300_.jpg?fit=970%2C300&amp;ssl=1\" class=\"attachment-full size-full\" alt=\"\" srcset=\"https:\/\/i0.wp.com\/hawaymusic.com\/wp-content\/uploads\/2022\/08\/a5738d29-0ab1-4cb7-8782-c28ea551fbd0._SR970300_.jpg?w=970&amp;ssl=1 970w, https:\/\/i0.wp.com\/hawaymusic.com\/wp-content\/uploads\/2022\/08\/a5738d29-0ab1-4cb7-8782-c28ea551fbd0._SR970300_.jpg?resize=300%2C93&amp;ssl=1 300w, https:\/\/i0.wp.com\/hawaymusic.com\/wp-content\/uploads\/2022\/08\/a5738d29-0ab1-4cb7-8782-c28ea551fbd0._SR970300_.jpg?resize=768%2C238&amp;ssl=1 768w, https:\/\/i0.wp.com\/hawaymusic.com\/wp-content\/uploads\/2022\/08\/a5738d29-0ab1-4cb7-8782-c28ea551fbd0._SR970300_.jpg?resize=600%2C186&amp;ssl=1 600w, https:\/\/i0.wp.com\/hawaymusic.com\/wp-content\/uploads\/2022\/08\/a5738d29-0ab1-4cb7-8782-c28ea551fbd0._SR970300_.jpg?resize=150%2C46&amp;ssl=1 150w\" sizes=\"auto, (max-width: 970px) 100vw, 970px\" \/>\n\t\t\t\t\t<\/div>\n\t\t<\/div><\/div><\/div><\/div>\t\t<div id=\"wd-62f5712d85259\" class=\"wd-text-block wd-wpb reset-last-child wd-rs-62f5712d85259 text-left\">\n\t\t\t<p align=\"justify\">Sobre el Strymon Timeline retraso de la l\u00ednea de tiempo por Strymon se est\u00e1 convirtiendo r\u00e1pidamente en el est\u00e1ndar de la industria pedal De Delay para un mont\u00f3n de Pro guitarristas en todo el mundo. Strymon han reproducido todos los matices de eco y retardo algoritmos de m\u00e1quinas para crear el cl\u00e1sico que viven en la l\u00ednea de tiempo. La enorme potencia de procesamiento disponible en la l\u00ednea de tiempo ha permitido para el retraso de m\u00e1quina para ser totalmente tweakable y almacenados en cualquier cada uno de sus Presets de usuarios. La gran selecci\u00f3n de retrasos hacen de este un pedal que la mayor\u00eda de los jugadores se mantenga en su Rig para a\u00f1os, fant\u00e1stico sonido digital, Dual, patr\u00f3n, Reverse, hielo, Pato, Swell, Tr\u00e9molo, filtro, lo-fi, D-Tape y retrasos d-bucket significa que usted puede Dial en casi cualquier retraso que usted est\u00e1 buscando. Las capacidades de Midi hacen de este una elecci\u00f3n fant\u00e1stica para los jugadores que est\u00e1n usando un mont\u00f3n de diferentes ajustes preestablecidos en su configuraci\u00f3n. 12 tipos de delay de clase mundial (24 bit 96 kHz) 7 controles Panel frontal tono moldeador controles amplias caracter\u00edsticas de Midi Looper Tap Tempo de 30 segundos.<\/p>\n\t\t<\/div>\n\t\t<\/div><\/div><\/div><\/div>\n<\/div>","protected":false},"excerpt":{"rendered":"<p>Estilo: Delay<br \/>\nDimensiones del art\u00edculo LxWxH: 9.9 x 3.7 x 5.6 pulgadas<br \/>\nVoltaje: 9 Voltios<br \/>\nTipo de Controles: Knob<\/p>","protected":false},"featured_media":51,"comment_status":"open","ping_status":"closed","template":"","meta":[],"pwb-brand":[],"product_brand":[],"product_cat":[16,44],"product_tag":[],"class_list":{"0":"post-50","1":"product","2":"type-product","3":"status-publish","4":"has-post-thumbnail","6":"product_cat-pedal-guitarra","7":"product_cat-pedales","9":"first","10":"instock","11":"sale","12":"taxable","13":"shipping-taxable","14":"purchasable","15":"product-type-simple"},"yoast_head":"<!-- This site is optimized with the Yoast SEO plugin v27.5 - https:\/\/yoast.com\/product\/yoast-seo-wordpress\/ -->\n<title>Strymon Timeline Pedal Delay - Haway Music<\/title>\n<meta name=\"robots\" content=\"index, follow, max-snippet:-1, max-image-preview:large, max-video-preview:-1\" \/>\n<link rel=\"canonical\" href=\"https:\/\/hawaymusic.com\/es\/product\/strymon-timeline\/\" \/>\n<meta property=\"og:locale\" content=\"es_ES\" \/>\n<meta property=\"og:type\" content=\"article\" \/>\n<meta property=\"og:title\" content=\"Strymon Timeline Pedal Delay - Haway Music\" \/>\n<meta property=\"og:description\" content=\"Estilo: Delay Dimensiones del art\u00edculo LxWxH: 9.9 x 3.7 x 5.6 pulgadas Voltaje: 9 Voltios Tipo de Controles: Knob\" \/>\n<meta property=\"og:url\" content=\"https:\/\/hawaymusic.com\/es\/product\/strymon-timeline\/\" \/>\n<meta property=\"og:site_name\" content=\"Haway Music\" \/>\n<meta property=\"article:modified_time\" content=\"2026-04-15T04:14:20+00:00\" \/>\n<meta property=\"og:image\" content=\"https:\/\/hawaymusic.com\/wp-content\/uploads\/2022\/08\/STRYMON-1.jpg\" \/>\n\t<meta property=\"og:image:width\" content=\"1080\" \/>\n\t<meta property=\"og:image:height\" content=\"1080\" \/>\n\t<meta property=\"og:image:type\" content=\"image\/jpeg\" \/>\n<meta name=\"twitter:card\" content=\"summary_large_image\" \/>\n<meta name=\"twitter:label1\" content=\"Tiempo de lectura\" \/>\n\t<meta name=\"twitter:data1\" content=\"5 minutos\" \/>\n<script type=\"application\/ld+json\" class=\"yoast-schema-graph\">{\"@context\":\"https:\\\/\\\/schema.org\",\"@graph\":[{\"@type\":\"WebPage\",\"@id\":\"https:\\\/\\\/hawaymusic.com\\\/product\\\/strymon-timeline\\\/\",\"url\":\"https:\\\/\\\/hawaymusic.com\\\/product\\\/strymon-timeline\\\/\",\"name\":\"Strymon Timeline Pedal Delay - Haway Music\",\"isPartOf\":{\"@id\":\"https:\\\/\\\/hawaymusic.com\\\/#website\"},\"primaryImageOfPage\":{\"@id\":\"https:\\\/\\\/hawaymusic.com\\\/product\\\/strymon-timeline\\\/#primaryimage\"},\"image\":{\"@id\":\"https:\\\/\\\/hawaymusic.com\\\/product\\\/strymon-timeline\\\/#primaryimage\"},\"thumbnailUrl\":\"https:\\\/\\\/i0.wp.com\\\/hawaymusic.com\\\/wp-content\\\/uploads\\\/2022\\\/08\\\/STRYMON-1.jpg?fit=1080%2C1080&ssl=1\",\"datePublished\":\"2022-08-11T20:54:18+00:00\",\"dateModified\":\"2026-04-15T04:14:20+00:00\",\"breadcrumb\":{\"@id\":\"https:\\\/\\\/hawaymusic.com\\\/product\\\/strymon-timeline\\\/#breadcrumb\"},\"inLanguage\":\"es-CO\",\"potentialAction\":[{\"@type\":\"ReadAction\",\"target\":[\"https:\\\/\\\/hawaymusic.com\\\/product\\\/strymon-timeline\\\/\"]}]},{\"@type\":\"ImageObject\",\"inLanguage\":\"es-CO\",\"@id\":\"https:\\\/\\\/hawaymusic.com\\\/product\\\/strymon-timeline\\\/#primaryimage\",\"url\":\"https:\\\/\\\/i0.wp.com\\\/hawaymusic.com\\\/wp-content\\\/uploads\\\/2022\\\/08\\\/STRYMON-1.jpg?fit=1080%2C1080&ssl=1\",\"contentUrl\":\"https:\\\/\\\/i0.wp.com\\\/hawaymusic.com\\\/wp-content\\\/uploads\\\/2022\\\/08\\\/STRYMON-1.jpg?fit=1080%2C1080&ssl=1\",\"width\":1080,\"height\":1080},{\"@type\":\"BreadcrumbList\",\"@id\":\"https:\\\/\\\/hawaymusic.com\\\/product\\\/strymon-timeline\\\/#breadcrumb\",\"itemListElement\":[{\"@type\":\"ListItem\",\"position\":1,\"name\":\"Inicio\",\"item\":\"https:\\\/\\\/hawaymusic.com\\\/\"},{\"@type\":\"ListItem\",\"position\":2,\"name\":\"Shop\",\"item\":\"https:\\\/\\\/hawaymusic.com\\\/shop\\\/\"},{\"@type\":\"ListItem\",\"position\":3,\"name\":\"Strymon Timeline Pedal Delay\"}]},{\"@type\":\"WebSite\",\"@id\":\"https:\\\/\\\/hawaymusic.com\\\/#website\",\"url\":\"https:\\\/\\\/hawaymusic.com\\\/\",\"name\":\"Haway Music\",\"description\":\"La mejor tienda de instrumentos musicales en Ecuador\",\"potentialAction\":[{\"@type\":\"SearchAction\",\"target\":{\"@type\":\"EntryPoint\",\"urlTemplate\":\"https:\\\/\\\/hawaymusic.com\\\/?s={search_term_string}\"},\"query-input\":{\"@type\":\"PropertyValueSpecification\",\"valueRequired\":true,\"valueName\":\"search_term_string\"}}],\"inLanguage\":\"es-CO\"}]}<\/script>\n<!-- \/ Yoast SEO plugin. -->","yoast_head_json":{"title":"Strymon Timeline Pedal Delay - Haway Music","robots":{"index":"index","follow":"follow","max-snippet":"max-snippet:-1","max-image-preview":"max-image-preview:large","max-video-preview":"max-video-preview:-1"},"canonical":"https:\/\/hawaymusic.com\/es\/product\/strymon-timeline\/","og_locale":"es_ES","og_type":"article","og_title":"Strymon Timeline Pedal Delay - Haway Music","og_description":"Estilo: Delay Dimensiones del art\u00edculo LxWxH: 9.9 x 3.7 x 5.6 pulgadas Voltaje: 9 Voltios Tipo de Controles: Knob","og_url":"https:\/\/hawaymusic.com\/es\/product\/strymon-timeline\/","og_site_name":"Haway Music","article_modified_time":"2026-04-15T04:14:20+00:00","og_image":[{"width":1080,"height":1080,"url":"https:\/\/hawaymusic.com\/wp-content\/uploads\/2022\/08\/STRYMON-1.jpg","type":"image\/jpeg"}],"twitter_card":"summary_large_image","twitter_misc":{"Tiempo de lectura":"5 minutos"},"schema":{"@context":"https:\/\/schema.org","@graph":[{"@type":"WebPage","@id":"https:\/\/hawaymusic.com\/product\/strymon-timeline\/","url":"https:\/\/hawaymusic.com\/product\/strymon-timeline\/","name":"Strymon Timeline Pedal Delay - Haway Music","isPartOf":{"@id":"https:\/\/hawaymusic.com\/#website"},"primaryImageOfPage":{"@id":"https:\/\/hawaymusic.com\/product\/strymon-timeline\/#primaryimage"},"image":{"@id":"https:\/\/hawaymusic.com\/product\/strymon-timeline\/#primaryimage"},"thumbnailUrl":"https:\/\/i0.wp.com\/hawaymusic.com\/wp-content\/uploads\/2022\/08\/STRYMON-1.jpg?fit=1080%2C1080&ssl=1","datePublished":"2022-08-11T20:54:18+00:00","dateModified":"2026-04-15T04:14:20+00:00","breadcrumb":{"@id":"https:\/\/hawaymusic.com\/product\/strymon-timeline\/#breadcrumb"},"inLanguage":"es-CO","potentialAction":[{"@type":"ReadAction","target":["https:\/\/hawaymusic.com\/product\/strymon-timeline\/"]}]},{"@type":"ImageObject","inLanguage":"es-CO","@id":"https:\/\/hawaymusic.com\/product\/strymon-timeline\/#primaryimage","url":"https:\/\/i0.wp.com\/hawaymusic.com\/wp-content\/uploads\/2022\/08\/STRYMON-1.jpg?fit=1080%2C1080&ssl=1","contentUrl":"https:\/\/i0.wp.com\/hawaymusic.com\/wp-content\/uploads\/2022\/08\/STRYMON-1.jpg?fit=1080%2C1080&ssl=1","width":1080,"height":1080},{"@type":"BreadcrumbList","@id":"https:\/\/hawaymusic.com\/product\/strymon-timeline\/#breadcrumb","itemListElement":[{"@type":"ListItem","position":1,"name":"Inicio","item":"https:\/\/hawaymusic.com\/"},{"@type":"ListItem","position":2,"name":"Shop","item":"https:\/\/hawaymusic.com\/shop\/"},{"@type":"ListItem","position":3,"name":"Strymon Timeline Pedal Delay"}]},{"@type":"WebSite","@id":"https:\/\/hawaymusic.com\/#website","url":"https:\/\/hawaymusic.com\/","name":"Haway Music","description":"La mejor tienda de instrumentos musicales en Ecuador","potentialAction":[{"@type":"SearchAction","target":{"@type":"EntryPoint","urlTemplate":"https:\/\/hawaymusic.com\/?s={search_term_string}"},"query-input":{"@type":"PropertyValueSpecification","valueRequired":true,"valueName":"search_term_string"}}],"inLanguage":"es-CO"}]}},"jetpack_sharing_enabled":true,"brands":[],"_links":{"self":[{"href":"https:\/\/hawaymusic.com\/es\/wp-json\/wp\/v2\/product\/50","targetHints":{"allow":["GET"]}}],"collection":[{"href":"https:\/\/hawaymusic.com\/es\/wp-json\/wp\/v2\/product"}],"about":[{"href":"https:\/\/hawaymusic.com\/es\/wp-json\/wp\/v2\/types\/product"}],"replies":[{"embeddable":true,"href":"https:\/\/hawaymusic.com\/es\/wp-json\/wp\/v2\/comments?post=50"}],"wp:featuredmedia":[{"embeddable":true,"href":"https:\/\/hawaymusic.com\/es\/wp-json\/wp\/v2\/media\/51"}],"wp:attachment":[{"href":"https:\/\/hawaymusic.com\/es\/wp-json\/wp\/v2\/media?parent=50"}],"wp:term":[{"taxonomy":"pwb-brand","embeddable":true,"href":"https:\/\/hawaymusic.com\/es\/wp-json\/wp\/v2\/pwb-brand?post=50"},{"taxonomy":"product_brand","embeddable":true,"href":"https:\/\/hawaymusic.com\/es\/wp-json\/wp\/v2\/product_brand?post=50"},{"taxonomy":"product_cat","embeddable":true,"href":"https:\/\/hawaymusic.com\/es\/wp-json\/wp\/v2\/product_cat?post=50"},{"taxonomy":"product_tag","embeddable":true,"href":"https:\/\/hawaymusic.com\/es\/wp-json\/wp\/v2\/product_tag?post=50"}],"curies":[{"name":"wp","href":"https:\/\/api.w.org\/{rel}","templated":true}]}}