{"id":481,"date":"2022-09-18T17:08:02","date_gmt":"2022-09-18T17:08:02","guid":{"rendered":"https:\/\/hawaymusic.com\/?post_type=product&#038;p=481"},"modified":"2024-05-16T15:16:50","modified_gmt":"2024-05-16T15:16:50","slug":"arturia-microlab-controlador-25-teclas","status":"publish","type":"product","link":"https:\/\/hawaymusic.com\/es\/product\/arturia-microlab-controlador-25-teclas\/","title":{"rendered":"Arturia Microlab controlador 25 teclas Black"},"content":{"rendered":"<div class=\"wpb-content-wrapper\"><div class=\"vc_row wpb_row vc_row-fluid\"><div class=\"wpb_column vc_column_container vc_col-sm-12\"><div class=\"vc_column-inner\"><div class=\"wpb_wrapper\">\n\t<div class=\"wpb_video_widget wpb_content_element vc_clearfix vc_video-aspect-ratio-169 vc_video-el-width-100 vc_video-align-left\" >\n\t\t<div class=\"wpb_wrapper\">\n\t\t\t\n\t\t\t<div class=\"wpb_video_wrapper\"><iframe loading=\"lazy\" title=\"Que opino del nuevo ARTURIA MICROLAB? (Review)\" width=\"500\" height=\"281\" src=\"https:\/\/www.youtube.com\/embed\/qZLVZzTDCME?feature=oembed\" frameborder=\"0\" allow=\"accelerometer; autoplay; clipboard-write; encrypted-media; gyroscope; picture-in-picture; web-share\" allowfullscreen><\/iframe><\/div>\n\t\t<\/div>\n\t<\/div>\n\n\t<div class=\"wpb_text_column wpb_content_element\" >\n\t\t<div class=\"wpb_wrapper\">\n\t\t\t<p><img data-recalc-dims=\"1\" loading=\"lazy\" decoding=\"async\" class=\"aligncenter wp-image-244 size-full\" src=\"https:\/\/i0.wp.com\/hawaymusic.com\/wp-content\/uploads\/2022\/08\/5f010775-b91f-4d91-897a-aa98f91e3aee._SR970300_.jpeg?resize=970%2C300&#038;ssl=1\" alt=\"\" width=\"970\" height=\"300\" srcset=\"https:\/\/i0.wp.com\/hawaymusic.com\/wp-content\/uploads\/2022\/08\/5f010775-b91f-4d91-897a-aa98f91e3aee._SR970300_.jpeg?w=970&amp;ssl=1 970w, https:\/\/i0.wp.com\/hawaymusic.com\/wp-content\/uploads\/2022\/08\/5f010775-b91f-4d91-897a-aa98f91e3aee._SR970300_.jpeg?resize=300%2C93&amp;ssl=1 300w, https:\/\/i0.wp.com\/hawaymusic.com\/wp-content\/uploads\/2022\/08\/5f010775-b91f-4d91-897a-aa98f91e3aee._SR970300_.jpeg?resize=768%2C238&amp;ssl=1 768w, https:\/\/i0.wp.com\/hawaymusic.com\/wp-content\/uploads\/2022\/08\/5f010775-b91f-4d91-897a-aa98f91e3aee._SR970300_.jpeg?resize=600%2C186&amp;ssl=1 600w, https:\/\/i0.wp.com\/hawaymusic.com\/wp-content\/uploads\/2022\/08\/5f010775-b91f-4d91-897a-aa98f91e3aee._SR970300_.jpeg?resize=150%2C46&amp;ssl=1 150w\" sizes=\"auto, (max-width: 970px) 100vw, 970px\" \/><\/p>\n<ul class=\"a-unordered-list a-vertical a-spacing-none\">\n<li class=\"a-spacing-small\"><span class=\"a-list-item a-size-base\">25 mini llaves sensibles a la velocidad<\/span><\/li>\n<li class=\"a-spacing-small\"><span class=\"a-list-item a-size-base\">Botones de octava arriba\/abajo<\/span><\/li>\n<li class=\"a-spacing-small\"><span class=\"a-list-item a-size-base\">Tiras t\u00e1ctiles Pitchbend y modulaci\u00f3n<\/span><\/li>\n<li class=\"a-spacing-small\"><span class=\"a-list-item a-size-base\">Bot\u00f3n de sujeci\u00f3n (sostenido) + funci\u00f3n de acorde<\/span><\/li>\n<li class=\"a-spacing-small\"><span class=\"a-list-item a-size-base\">Incluye piano virtual Lab Lite, UVI Grand Piano Modelo D y Bitwig Studio de 8 pistas<\/span><\/li>\n<\/ul>\n\n\t\t<\/div>\n\t<\/div>\n<\/div><\/div><\/div><\/div>\n<\/div>","protected":false},"excerpt":{"rendered":"<ul class=\"a-unordered-list a-vertical a-spacing-mini\">\n<li><span class=\"a-list-item\">arturia minilab MKII universal driver MIDI<\/span><\/li>\n<li><span class=\"a-list-item\">Analog Lab Lite le da acceso a cientos de el instrumento mejor software de sonidos de nuestra galardonada v-collection, y da una introducci\u00f3n a la todo nuestro cat\u00e1logo.<\/span><\/li>\n<li><span class=\"a-list-item\">Nuevo flujo de trabajo con Ableton Live Lite. con un innovador 2, tiempo de trabajo de los usuarios y profesionales por igual Love experimentado estiramiento y funciones de cambio de tono, as\u00ed como de numerosos efectos de calidad de estudio, se le soltar pistas de calidad profesional en ning\u00fan momento.<\/span><\/li>\n<li><span class=\"a-list-item\">steinway pianos se encuentran en s\u00f3lo los mejores conciertos y estudios de grabaci\u00f3n. gracias a minilab, usted puede tener uno en tu sal\u00f3n. el UVI Grand Piano modelo D pone el sonido de la famosa steinway modelo D Grand Piano a tu alcance, reproducidos en exquisito detalle, y listo para jugar.<\/span><\/li>\n<li><span class=\"a-list-item\">Altamente jugar, formato compacto teclado.<\/span><\/li>\n<\/ul>","protected":false},"featured_media":482,"comment_status":"open","ping_status":"closed","template":"","meta":[],"pwb-brand":[],"product_brand":[],"product_cat":[22],"product_tag":[],"class_list":{"0":"post-481","1":"product","2":"type-product","3":"status-publish","4":"has-post-thumbnail","6":"product_cat-teclado","8":"first","9":"onbackorder","10":"taxable","11":"shipping-taxable","12":"purchasable","13":"product-type-simple"},"yoast_head":"<!-- This site is optimized with the Yoast SEO plugin v27.5 - https:\/\/yoast.com\/product\/yoast-seo-wordpress\/ -->\n<title>Arturia Microlab controlador 25 teclas Black - Haway Music<\/title>\n<meta name=\"robots\" content=\"index, follow, max-snippet:-1, max-image-preview:large, max-video-preview:-1\" \/>\n<link rel=\"canonical\" href=\"https:\/\/hawaymusic.com\/es\/product\/arturia-microlab-controlador-25-teclas\/\" \/>\n<meta property=\"og:locale\" content=\"es_ES\" \/>\n<meta property=\"og:type\" content=\"article\" \/>\n<meta property=\"og:title\" content=\"Arturia Microlab controlador 25 teclas Black - Haway Music\" \/>\n<meta property=\"og:description\" content=\"arturia minilab MKII universal driver MIDI  Analog Lab Lite le da acceso a cientos de el instrumento mejor software de sonidos de nuestra galardonada v-collection, y da una introducci\u00f3n a la todo nuestro cat\u00e1logo.  Nuevo flujo de trabajo con Ableton Live Lite. con un innovador 2, tiempo de trabajo de los usuarios y profesionales por igual Love experimentado estiramiento y funciones de cambio de tono, as\u00ed como de numerosos efectos de calidad de estudio, se le soltar pistas de calidad profesional en ning\u00fan momento.  steinway pianos se encuentran en s\u00f3lo los mejores conciertos y estudios de grabaci\u00f3n. gracias a minilab, usted puede tener uno en tu sal\u00f3n. el UVI Grand Piano modelo D pone el sonido de la famosa steinway modelo D Grand Piano a tu alcance, reproducidos en exquisito detalle, y listo para jugar.  Altamente jugar, formato compacto teclado.\" \/>\n<meta property=\"og:url\" content=\"https:\/\/hawaymusic.com\/es\/product\/arturia-microlab-controlador-25-teclas\/\" \/>\n<meta property=\"og:site_name\" content=\"Haway Music\" \/>\n<meta property=\"article:modified_time\" content=\"2024-05-16T15:16:50+00:00\" \/>\n<meta property=\"og:image\" content=\"https:\/\/hawaymusic.com\/wp-content\/uploads\/2022\/09\/ARTURIA-MICROLAB.jpeg\" \/>\n\t<meta property=\"og:image:width\" content=\"600\" \/>\n\t<meta property=\"og:image:height\" content=\"600\" \/>\n\t<meta property=\"og:image:type\" content=\"image\/jpeg\" \/>\n<meta name=\"twitter:card\" content=\"summary_large_image\" \/>\n<meta name=\"twitter:label1\" content=\"Tiempo de lectura\" \/>\n\t<meta name=\"twitter:data1\" content=\"1 minuto\" \/>\n<script type=\"application\/ld+json\" class=\"yoast-schema-graph\">{\"@context\":\"https:\\\/\\\/schema.org\",\"@graph\":[{\"@type\":\"WebPage\",\"@id\":\"https:\\\/\\\/hawaymusic.com\\\/product\\\/arturia-microlab-controlador-25-teclas\\\/\",\"url\":\"https:\\\/\\\/hawaymusic.com\\\/product\\\/arturia-microlab-controlador-25-teclas\\\/\",\"name\":\"Arturia Microlab controlador 25 teclas Black - Haway Music\",\"isPartOf\":{\"@id\":\"https:\\\/\\\/hawaymusic.com\\\/#website\"},\"primaryImageOfPage\":{\"@id\":\"https:\\\/\\\/hawaymusic.com\\\/product\\\/arturia-microlab-controlador-25-teclas\\\/#primaryimage\"},\"image\":{\"@id\":\"https:\\\/\\\/hawaymusic.com\\\/product\\\/arturia-microlab-controlador-25-teclas\\\/#primaryimage\"},\"thumbnailUrl\":\"https:\\\/\\\/i0.wp.com\\\/hawaymusic.com\\\/wp-content\\\/uploads\\\/2022\\\/09\\\/ARTURIA-MICROLAB.jpeg?fit=600%2C600&ssl=1\",\"datePublished\":\"2022-09-18T17:08:02+00:00\",\"dateModified\":\"2024-05-16T15:16:50+00:00\",\"breadcrumb\":{\"@id\":\"https:\\\/\\\/hawaymusic.com\\\/product\\\/arturia-microlab-controlador-25-teclas\\\/#breadcrumb\"},\"inLanguage\":\"es-CO\",\"potentialAction\":[{\"@type\":\"ReadAction\",\"target\":[\"https:\\\/\\\/hawaymusic.com\\\/product\\\/arturia-microlab-controlador-25-teclas\\\/\"]}]},{\"@type\":\"ImageObject\",\"inLanguage\":\"es-CO\",\"@id\":\"https:\\\/\\\/hawaymusic.com\\\/product\\\/arturia-microlab-controlador-25-teclas\\\/#primaryimage\",\"url\":\"https:\\\/\\\/i0.wp.com\\\/hawaymusic.com\\\/wp-content\\\/uploads\\\/2022\\\/09\\\/ARTURIA-MICROLAB.jpeg?fit=600%2C600&ssl=1\",\"contentUrl\":\"https:\\\/\\\/i0.wp.com\\\/hawaymusic.com\\\/wp-content\\\/uploads\\\/2022\\\/09\\\/ARTURIA-MICROLAB.jpeg?fit=600%2C600&ssl=1\",\"width\":600,\"height\":600},{\"@type\":\"BreadcrumbList\",\"@id\":\"https:\\\/\\\/hawaymusic.com\\\/product\\\/arturia-microlab-controlador-25-teclas\\\/#breadcrumb\",\"itemListElement\":[{\"@type\":\"ListItem\",\"position\":1,\"name\":\"Inicio\",\"item\":\"https:\\\/\\\/hawaymusic.com\\\/\"},{\"@type\":\"ListItem\",\"position\":2,\"name\":\"Shop\",\"item\":\"https:\\\/\\\/hawaymusic.com\\\/shop\\\/\"},{\"@type\":\"ListItem\",\"position\":3,\"name\":\"Arturia Microlab controlador 25 teclas Black\"}]},{\"@type\":\"WebSite\",\"@id\":\"https:\\\/\\\/hawaymusic.com\\\/#website\",\"url\":\"https:\\\/\\\/hawaymusic.com\\\/\",\"name\":\"Haway Music\",\"description\":\"La mejor tienda de instrumentos musicales en Ecuador\",\"potentialAction\":[{\"@type\":\"SearchAction\",\"target\":{\"@type\":\"EntryPoint\",\"urlTemplate\":\"https:\\\/\\\/hawaymusic.com\\\/?s={search_term_string}\"},\"query-input\":{\"@type\":\"PropertyValueSpecification\",\"valueRequired\":true,\"valueName\":\"search_term_string\"}}],\"inLanguage\":\"es-CO\"}]}<\/script>\n<!-- \/ Yoast SEO plugin. -->","yoast_head_json":{"title":"Arturia Microlab controlador 25 teclas Black - Haway Music","robots":{"index":"index","follow":"follow","max-snippet":"max-snippet:-1","max-image-preview":"max-image-preview:large","max-video-preview":"max-video-preview:-1"},"canonical":"https:\/\/hawaymusic.com\/es\/product\/arturia-microlab-controlador-25-teclas\/","og_locale":"es_ES","og_type":"article","og_title":"Arturia Microlab controlador 25 teclas Black - Haway Music","og_description":"arturia minilab MKII universal driver MIDI  Analog Lab Lite le da acceso a cientos de el instrumento mejor software de sonidos de nuestra galardonada v-collection, y da una introducci\u00f3n a la todo nuestro cat\u00e1logo.  Nuevo flujo de trabajo con Ableton Live Lite. con un innovador 2, tiempo de trabajo de los usuarios y profesionales por igual Love experimentado estiramiento y funciones de cambio de tono, as\u00ed como de numerosos efectos de calidad de estudio, se le soltar pistas de calidad profesional en ning\u00fan momento.  steinway pianos se encuentran en s\u00f3lo los mejores conciertos y estudios de grabaci\u00f3n. gracias a minilab, usted puede tener uno en tu sal\u00f3n. el UVI Grand Piano modelo D pone el sonido de la famosa steinway modelo D Grand Piano a tu alcance, reproducidos en exquisito detalle, y listo para jugar.  Altamente jugar, formato compacto teclado.","og_url":"https:\/\/hawaymusic.com\/es\/product\/arturia-microlab-controlador-25-teclas\/","og_site_name":"Haway Music","article_modified_time":"2024-05-16T15:16:50+00:00","og_image":[{"width":600,"height":600,"url":"https:\/\/hawaymusic.com\/wp-content\/uploads\/2022\/09\/ARTURIA-MICROLAB.jpeg","type":"image\/jpeg"}],"twitter_card":"summary_large_image","twitter_misc":{"Tiempo de lectura":"1 minuto"},"schema":{"@context":"https:\/\/schema.org","@graph":[{"@type":"WebPage","@id":"https:\/\/hawaymusic.com\/product\/arturia-microlab-controlador-25-teclas\/","url":"https:\/\/hawaymusic.com\/product\/arturia-microlab-controlador-25-teclas\/","name":"Arturia Microlab controlador 25 teclas Black - Haway Music","isPartOf":{"@id":"https:\/\/hawaymusic.com\/#website"},"primaryImageOfPage":{"@id":"https:\/\/hawaymusic.com\/product\/arturia-microlab-controlador-25-teclas\/#primaryimage"},"image":{"@id":"https:\/\/hawaymusic.com\/product\/arturia-microlab-controlador-25-teclas\/#primaryimage"},"thumbnailUrl":"https:\/\/i0.wp.com\/hawaymusic.com\/wp-content\/uploads\/2022\/09\/ARTURIA-MICROLAB.jpeg?fit=600%2C600&ssl=1","datePublished":"2022-09-18T17:08:02+00:00","dateModified":"2024-05-16T15:16:50+00:00","breadcrumb":{"@id":"https:\/\/hawaymusic.com\/product\/arturia-microlab-controlador-25-teclas\/#breadcrumb"},"inLanguage":"es-CO","potentialAction":[{"@type":"ReadAction","target":["https:\/\/hawaymusic.com\/product\/arturia-microlab-controlador-25-teclas\/"]}]},{"@type":"ImageObject","inLanguage":"es-CO","@id":"https:\/\/hawaymusic.com\/product\/arturia-microlab-controlador-25-teclas\/#primaryimage","url":"https:\/\/i0.wp.com\/hawaymusic.com\/wp-content\/uploads\/2022\/09\/ARTURIA-MICROLAB.jpeg?fit=600%2C600&ssl=1","contentUrl":"https:\/\/i0.wp.com\/hawaymusic.com\/wp-content\/uploads\/2022\/09\/ARTURIA-MICROLAB.jpeg?fit=600%2C600&ssl=1","width":600,"height":600},{"@type":"BreadcrumbList","@id":"https:\/\/hawaymusic.com\/product\/arturia-microlab-controlador-25-teclas\/#breadcrumb","itemListElement":[{"@type":"ListItem","position":1,"name":"Inicio","item":"https:\/\/hawaymusic.com\/"},{"@type":"ListItem","position":2,"name":"Shop","item":"https:\/\/hawaymusic.com\/shop\/"},{"@type":"ListItem","position":3,"name":"Arturia Microlab controlador 25 teclas Black"}]},{"@type":"WebSite","@id":"https:\/\/hawaymusic.com\/#website","url":"https:\/\/hawaymusic.com\/","name":"Haway Music","description":"La mejor tienda de instrumentos musicales en Ecuador","potentialAction":[{"@type":"SearchAction","target":{"@type":"EntryPoint","urlTemplate":"https:\/\/hawaymusic.com\/?s={search_term_string}"},"query-input":{"@type":"PropertyValueSpecification","valueRequired":true,"valueName":"search_term_string"}}],"inLanguage":"es-CO"}]}},"jetpack_sharing_enabled":true,"brands":[],"_links":{"self":[{"href":"https:\/\/hawaymusic.com\/es\/wp-json\/wp\/v2\/product\/481","targetHints":{"allow":["GET"]}}],"collection":[{"href":"https:\/\/hawaymusic.com\/es\/wp-json\/wp\/v2\/product"}],"about":[{"href":"https:\/\/hawaymusic.com\/es\/wp-json\/wp\/v2\/types\/product"}],"replies":[{"embeddable":true,"href":"https:\/\/hawaymusic.com\/es\/wp-json\/wp\/v2\/comments?post=481"}],"wp:featuredmedia":[{"embeddable":true,"href":"https:\/\/hawaymusic.com\/es\/wp-json\/wp\/v2\/media\/482"}],"wp:attachment":[{"href":"https:\/\/hawaymusic.com\/es\/wp-json\/wp\/v2\/media?parent=481"}],"wp:term":[{"taxonomy":"pwb-brand","embeddable":true,"href":"https:\/\/hawaymusic.com\/es\/wp-json\/wp\/v2\/pwb-brand?post=481"},{"taxonomy":"product_brand","embeddable":true,"href":"https:\/\/hawaymusic.com\/es\/wp-json\/wp\/v2\/product_brand?post=481"},{"taxonomy":"product_cat","embeddable":true,"href":"https:\/\/hawaymusic.com\/es\/wp-json\/wp\/v2\/product_cat?post=481"},{"taxonomy":"product_tag","embeddable":true,"href":"https:\/\/hawaymusic.com\/es\/wp-json\/wp\/v2\/product_tag?post=481"}],"curies":[{"name":"wp","href":"https:\/\/api.w.org\/{rel}","templated":true}]}}