{"id":474,"date":"2022-09-18T15:20:33","date_gmt":"2022-09-18T15:20:33","guid":{"rendered":"https:\/\/hawaymusic.com\/?post_type=product&#038;p=474"},"modified":"2022-12-13T16:35:14","modified_gmt":"2022-12-13T16:35:14","slug":"walrus-audio-mako-series-acs1-amp-and-cab-simulator","status":"publish","type":"product","link":"https:\/\/hawaymusic.com\/es\/product\/walrus-audio-mako-series-acs1-amp-and-cab-simulator\/","title":{"rendered":"Walrus Audio MAKO Series ACS1 Pedal Amplificador  Emulador Cabina"},"content":{"rendered":"","protected":false},"excerpt":{"rendered":"<ul class=\"a-unordered-list a-vertical a-spacing-mini\">\n<li><span class=\"a-list-item\">Ofrece amplificador vintage y armarios de altavoces personalizados que se pueden mezclar y combinar en canales izquierdo y derecho<\/span><\/li>\n<li><span class=\"a-list-item\">Marca f\u00e1cilmente en amplificadores completamente separados, cabinas, ecualizador, ganancia y reverberaci\u00f3n de habitaci\u00f3n y guarda tus tonos favoritos con 1 de 3 preajustes integrados (128 a trav\u00e9s de MIDI)<\/span><\/li>\n<li><span class=\"a-list-item\">Capacidad para seis respuestas de impulso de gabinete de alta calidad (IRS); utiliza el interruptor de palanca ABC Cab para seleccionar tu preferencia de cabina<\/span><\/li>\n<li><span class=\"a-list-item\">Simula el tama\u00f1o de la habitaci\u00f3n en la que se encuentran tu amplificador y armario. A cero, se asemejar\u00eda rastrear tu amplificador en un entorno aislado sin reverberaci\u00f3n. Al m\u00e1ximo emula un entorno de estudio grande y de sonido natural.<\/span><\/li>\n<li><span class=\"a-list-item\">La funci\u00f3n Boost te permite saltar r\u00e1pidamente a un nivel preestablecido de volumen y\/o ganancia<\/span><\/li>\n<\/ul>","protected":false},"featured_media":475,"comment_status":"open","ping_status":"closed","template":"","meta":[],"pwb-brand":[],"product_brand":[],"product_cat":[16],"product_tag":[],"class_list":{"0":"post-474","1":"product","2":"type-product","3":"status-publish","4":"has-post-thumbnail","6":"product_cat-pedal-guitarra","8":"first","9":"instock","10":"taxable","11":"shipping-taxable","12":"purchasable","13":"product-type-simple"},"yoast_head":"<!-- This site is optimized with the Yoast SEO plugin v27.6 - https:\/\/yoast.com\/product\/yoast-seo-wordpress\/ -->\n<title>Walrus Audio MAKO Series ACS1 Pedal Amplificador Emulador Cabina - Haway Music<\/title>\n<meta name=\"robots\" content=\"index, follow, max-snippet:-1, max-image-preview:large, max-video-preview:-1\" \/>\n<link rel=\"canonical\" href=\"https:\/\/hawaymusic.com\/es\/product\/walrus-audio-mako-series-acs1-amp-and-cab-simulator\/\" \/>\n<meta property=\"og:locale\" content=\"es_ES\" \/>\n<meta property=\"og:type\" content=\"article\" \/>\n<meta property=\"og:title\" content=\"Walrus Audio MAKO Series ACS1 Pedal Amplificador Emulador Cabina - Haway Music\" \/>\n<meta property=\"og:description\" content=\"Ofrece amplificador vintage y armarios de altavoces personalizados que se pueden mezclar y combinar en canales izquierdo y derecho  Marca f\u00e1cilmente en amplificadores completamente separados, cabinas, ecualizador, ganancia y reverberaci\u00f3n de habitaci\u00f3n y guarda tus tonos favoritos con 1 de 3 preajustes integrados (128 a trav\u00e9s de MIDI)  Capacidad para seis respuestas de impulso de gabinete de alta calidad (IRS); utiliza el interruptor de palanca ABC Cab para seleccionar tu preferencia de cabina  Simula el tama\u00f1o de la habitaci\u00f3n en la que se encuentran tu amplificador y armario. A cero, se asemejar\u00eda rastrear tu amplificador en un entorno aislado sin reverberaci\u00f3n. Al m\u00e1ximo emula un entorno de estudio grande y de sonido natural.  La funci\u00f3n Boost te permite saltar r\u00e1pidamente a un nivel preestablecido de volumen y\/o ganancia\" \/>\n<meta property=\"og:url\" content=\"https:\/\/hawaymusic.com\/es\/product\/walrus-audio-mako-series-acs1-amp-and-cab-simulator\/\" \/>\n<meta property=\"og:site_name\" content=\"Haway Music\" \/>\n<meta property=\"article:modified_time\" content=\"2022-12-13T16:35:14+00:00\" \/>\n<meta property=\"og:image\" content=\"https:\/\/hawaymusic.com\/wp-content\/uploads\/2022\/09\/ACS1-front.webp\" \/>\n\t<meta property=\"og:image:width\" content=\"2000\" \/>\n\t<meta property=\"og:image:height\" content=\"2000\" \/>\n\t<meta property=\"og:image:type\" content=\"image\/webp\" \/>\n<meta name=\"twitter:card\" content=\"summary_large_image\" \/>\n<script type=\"application\/ld+json\" class=\"yoast-schema-graph\">{\"@context\":\"https:\\\/\\\/schema.org\",\"@graph\":[{\"@type\":\"WebPage\",\"@id\":\"https:\\\/\\\/hawaymusic.com\\\/product\\\/walrus-audio-mako-series-acs1-amp-and-cab-simulator\\\/\",\"url\":\"https:\\\/\\\/hawaymusic.com\\\/product\\\/walrus-audio-mako-series-acs1-amp-and-cab-simulator\\\/\",\"name\":\"Walrus Audio MAKO Series ACS1 Pedal Amplificador Emulador Cabina - Haway Music\",\"isPartOf\":{\"@id\":\"https:\\\/\\\/hawaymusic.com\\\/#website\"},\"primaryImageOfPage\":{\"@id\":\"https:\\\/\\\/hawaymusic.com\\\/product\\\/walrus-audio-mako-series-acs1-amp-and-cab-simulator\\\/#primaryimage\"},\"image\":{\"@id\":\"https:\\\/\\\/hawaymusic.com\\\/product\\\/walrus-audio-mako-series-acs1-amp-and-cab-simulator\\\/#primaryimage\"},\"thumbnailUrl\":\"https:\\\/\\\/i0.wp.com\\\/hawaymusic.com\\\/wp-content\\\/uploads\\\/2022\\\/09\\\/ACS1-front.webp?fit=2000%2C2000&ssl=1\",\"datePublished\":\"2022-09-18T15:20:33+00:00\",\"dateModified\":\"2022-12-13T16:35:14+00:00\",\"breadcrumb\":{\"@id\":\"https:\\\/\\\/hawaymusic.com\\\/product\\\/walrus-audio-mako-series-acs1-amp-and-cab-simulator\\\/#breadcrumb\"},\"inLanguage\":\"es-CO\",\"potentialAction\":[{\"@type\":\"ReadAction\",\"target\":[\"https:\\\/\\\/hawaymusic.com\\\/product\\\/walrus-audio-mako-series-acs1-amp-and-cab-simulator\\\/\"]}]},{\"@type\":\"ImageObject\",\"inLanguage\":\"es-CO\",\"@id\":\"https:\\\/\\\/hawaymusic.com\\\/product\\\/walrus-audio-mako-series-acs1-amp-and-cab-simulator\\\/#primaryimage\",\"url\":\"https:\\\/\\\/i0.wp.com\\\/hawaymusic.com\\\/wp-content\\\/uploads\\\/2022\\\/09\\\/ACS1-front.webp?fit=2000%2C2000&ssl=1\",\"contentUrl\":\"https:\\\/\\\/i0.wp.com\\\/hawaymusic.com\\\/wp-content\\\/uploads\\\/2022\\\/09\\\/ACS1-front.webp?fit=2000%2C2000&ssl=1\",\"width\":2000,\"height\":2000},{\"@type\":\"BreadcrumbList\",\"@id\":\"https:\\\/\\\/hawaymusic.com\\\/product\\\/walrus-audio-mako-series-acs1-amp-and-cab-simulator\\\/#breadcrumb\",\"itemListElement\":[{\"@type\":\"ListItem\",\"position\":1,\"name\":\"Inicio\",\"item\":\"https:\\\/\\\/hawaymusic.com\\\/\"},{\"@type\":\"ListItem\",\"position\":2,\"name\":\"Shop\",\"item\":\"https:\\\/\\\/hawaymusic.com\\\/shop\\\/\"},{\"@type\":\"ListItem\",\"position\":3,\"name\":\"Walrus Audio MAKO Series ACS1 Pedal Amplificador Emulador Cabina\"}]},{\"@type\":\"WebSite\",\"@id\":\"https:\\\/\\\/hawaymusic.com\\\/#website\",\"url\":\"https:\\\/\\\/hawaymusic.com\\\/\",\"name\":\"Haway Music\",\"description\":\"La mejor tienda de instrumentos musicales en Ecuador\",\"potentialAction\":[{\"@type\":\"SearchAction\",\"target\":{\"@type\":\"EntryPoint\",\"urlTemplate\":\"https:\\\/\\\/hawaymusic.com\\\/?s={search_term_string}\"},\"query-input\":{\"@type\":\"PropertyValueSpecification\",\"valueRequired\":true,\"valueName\":\"search_term_string\"}}],\"inLanguage\":\"es-CO\"}]}<\/script>\n<!-- \/ Yoast SEO plugin. -->","yoast_head_json":{"title":"Walrus Audio MAKO Series ACS1 Pedal Amplificador Emulador Cabina - Haway Music","robots":{"index":"index","follow":"follow","max-snippet":"max-snippet:-1","max-image-preview":"max-image-preview:large","max-video-preview":"max-video-preview:-1"},"canonical":"https:\/\/hawaymusic.com\/es\/product\/walrus-audio-mako-series-acs1-amp-and-cab-simulator\/","og_locale":"es_ES","og_type":"article","og_title":"Walrus Audio MAKO Series ACS1 Pedal Amplificador Emulador Cabina - Haway Music","og_description":"Ofrece amplificador vintage y armarios de altavoces personalizados que se pueden mezclar y combinar en canales izquierdo y derecho  Marca f\u00e1cilmente en amplificadores completamente separados, cabinas, ecualizador, ganancia y reverberaci\u00f3n de habitaci\u00f3n y guarda tus tonos favoritos con 1 de 3 preajustes integrados (128 a trav\u00e9s de MIDI)  Capacidad para seis respuestas de impulso de gabinete de alta calidad (IRS); utiliza el interruptor de palanca ABC Cab para seleccionar tu preferencia de cabina  Simula el tama\u00f1o de la habitaci\u00f3n en la que se encuentran tu amplificador y armario. A cero, se asemejar\u00eda rastrear tu amplificador en un entorno aislado sin reverberaci\u00f3n. Al m\u00e1ximo emula un entorno de estudio grande y de sonido natural.  La funci\u00f3n Boost te permite saltar r\u00e1pidamente a un nivel preestablecido de volumen y\/o ganancia","og_url":"https:\/\/hawaymusic.com\/es\/product\/walrus-audio-mako-series-acs1-amp-and-cab-simulator\/","og_site_name":"Haway Music","article_modified_time":"2022-12-13T16:35:14+00:00","og_image":[{"width":2000,"height":2000,"url":"https:\/\/hawaymusic.com\/wp-content\/uploads\/2022\/09\/ACS1-front.webp","type":"image\/webp"}],"twitter_card":"summary_large_image","schema":{"@context":"https:\/\/schema.org","@graph":[{"@type":"WebPage","@id":"https:\/\/hawaymusic.com\/product\/walrus-audio-mako-series-acs1-amp-and-cab-simulator\/","url":"https:\/\/hawaymusic.com\/product\/walrus-audio-mako-series-acs1-amp-and-cab-simulator\/","name":"Walrus Audio MAKO Series ACS1 Pedal Amplificador Emulador Cabina - Haway Music","isPartOf":{"@id":"https:\/\/hawaymusic.com\/#website"},"primaryImageOfPage":{"@id":"https:\/\/hawaymusic.com\/product\/walrus-audio-mako-series-acs1-amp-and-cab-simulator\/#primaryimage"},"image":{"@id":"https:\/\/hawaymusic.com\/product\/walrus-audio-mako-series-acs1-amp-and-cab-simulator\/#primaryimage"},"thumbnailUrl":"https:\/\/i0.wp.com\/hawaymusic.com\/wp-content\/uploads\/2022\/09\/ACS1-front.webp?fit=2000%2C2000&ssl=1","datePublished":"2022-09-18T15:20:33+00:00","dateModified":"2022-12-13T16:35:14+00:00","breadcrumb":{"@id":"https:\/\/hawaymusic.com\/product\/walrus-audio-mako-series-acs1-amp-and-cab-simulator\/#breadcrumb"},"inLanguage":"es-CO","potentialAction":[{"@type":"ReadAction","target":["https:\/\/hawaymusic.com\/product\/walrus-audio-mako-series-acs1-amp-and-cab-simulator\/"]}]},{"@type":"ImageObject","inLanguage":"es-CO","@id":"https:\/\/hawaymusic.com\/product\/walrus-audio-mako-series-acs1-amp-and-cab-simulator\/#primaryimage","url":"https:\/\/i0.wp.com\/hawaymusic.com\/wp-content\/uploads\/2022\/09\/ACS1-front.webp?fit=2000%2C2000&ssl=1","contentUrl":"https:\/\/i0.wp.com\/hawaymusic.com\/wp-content\/uploads\/2022\/09\/ACS1-front.webp?fit=2000%2C2000&ssl=1","width":2000,"height":2000},{"@type":"BreadcrumbList","@id":"https:\/\/hawaymusic.com\/product\/walrus-audio-mako-series-acs1-amp-and-cab-simulator\/#breadcrumb","itemListElement":[{"@type":"ListItem","position":1,"name":"Inicio","item":"https:\/\/hawaymusic.com\/"},{"@type":"ListItem","position":2,"name":"Shop","item":"https:\/\/hawaymusic.com\/shop\/"},{"@type":"ListItem","position":3,"name":"Walrus Audio MAKO Series ACS1 Pedal Amplificador Emulador Cabina"}]},{"@type":"WebSite","@id":"https:\/\/hawaymusic.com\/#website","url":"https:\/\/hawaymusic.com\/","name":"Haway Music","description":"La mejor tienda de instrumentos musicales en Ecuador","potentialAction":[{"@type":"SearchAction","target":{"@type":"EntryPoint","urlTemplate":"https:\/\/hawaymusic.com\/?s={search_term_string}"},"query-input":{"@type":"PropertyValueSpecification","valueRequired":true,"valueName":"search_term_string"}}],"inLanguage":"es-CO"}]}},"jetpack_sharing_enabled":true,"brands":[],"_links":{"self":[{"href":"https:\/\/hawaymusic.com\/es\/wp-json\/wp\/v2\/product\/474","targetHints":{"allow":["GET"]}}],"collection":[{"href":"https:\/\/hawaymusic.com\/es\/wp-json\/wp\/v2\/product"}],"about":[{"href":"https:\/\/hawaymusic.com\/es\/wp-json\/wp\/v2\/types\/product"}],"replies":[{"embeddable":true,"href":"https:\/\/hawaymusic.com\/es\/wp-json\/wp\/v2\/comments?post=474"}],"wp:featuredmedia":[{"embeddable":true,"href":"https:\/\/hawaymusic.com\/es\/wp-json\/wp\/v2\/media\/475"}],"wp:attachment":[{"href":"https:\/\/hawaymusic.com\/es\/wp-json\/wp\/v2\/media?parent=474"}],"wp:term":[{"taxonomy":"pwb-brand","embeddable":true,"href":"https:\/\/hawaymusic.com\/es\/wp-json\/wp\/v2\/pwb-brand?post=474"},{"taxonomy":"product_brand","embeddable":true,"href":"https:\/\/hawaymusic.com\/es\/wp-json\/wp\/v2\/product_brand?post=474"},{"taxonomy":"product_cat","embeddable":true,"href":"https:\/\/hawaymusic.com\/es\/wp-json\/wp\/v2\/product_cat?post=474"},{"taxonomy":"product_tag","embeddable":true,"href":"https:\/\/hawaymusic.com\/es\/wp-json\/wp\/v2\/product_tag?post=474"}],"curies":[{"name":"wp","href":"https:\/\/api.w.org\/{rel}","templated":true}]}}