{"id":311,"date":"2022-08-16T01:11:41","date_gmt":"2022-08-16T01:11:41","guid":{"rendered":"https:\/\/hawaymusic.com\/?post_type=product&#038;p=311"},"modified":"2026-03-15T22:59:35","modified_gmt":"2026-03-15T22:59:35","slug":"elixir-cuerdas-de-guitarra-electrica-con-revestimiento-nanoweb-super-ligeras-009-042","status":"publish","type":"product","link":"https:\/\/hawaymusic.com\/es\/product\/elixir-cuerdas-de-guitarra-electrica-con-revestimiento-nanoweb-super-ligeras-009-042\/","title":{"rendered":"Elixir Cuerdas de guitarra el\u00e9ctrica  NANOWEB,  09 &#8211; 42"},"content":{"rendered":"<div class=\"wpb-content-wrapper\"><div class=\"vc_row wpb_row vc_row-fluid\"><div class=\"wpb_column vc_column_container vc_col-sm-12\"><div class=\"vc_column-inner\"><div class=\"wpb_wrapper\">\n\t<div class=\"wpb_video_widget wpb_content_element vc_clearfix vc_video-aspect-ratio-169 vc_video-el-width-100 vc_video-align-left\" >\n\t\t<div class=\"wpb_wrapper\">\n\t\t\t\n\t\t\t<div class=\"wpb_video_wrapper\"><iframe loading=\"lazy\" title=\"CUERDAS ELIXIR NANOWEB BRONZE - PRUEBA DE SONIDO\" width=\"500\" height=\"281\" src=\"https:\/\/www.youtube.com\/embed\/RrWUbAEdii4?feature=oembed\" frameborder=\"0\" allow=\"accelerometer; autoplay; clipboard-write; encrypted-media; gyroscope; picture-in-picture; web-share\" allowfullscreen><\/iframe><\/div>\n\t\t<\/div>\n\t<\/div>\n<\/div><\/div><\/div><\/div>\n<\/div>","protected":false},"excerpt":{"rendered":"<ul class=\"a-unordered-list a-vertical a-spacing-mini\">\n<li><span class=\"a-list-item\">Cuerdas de guitarra el\u00e9ctrica construidas con alambre de acero niquelado<\/span><\/li>\n<li><span class=\"a-list-item\">Tocado por su presencia brillante y vibrante y golpe din\u00e1mico<\/span><\/li>\n<li><span class=\"a-list-item\">Revestimiento Nanowb ultrafino que proporciona una sensaci\u00f3n de textura tradicional, &#8220;sin recubrimiento&#8221;<\/span><\/li>\n<li><span class=\"a-list-item\">Nuestra tecnolog\u00eda de revestimiento patentada protege contra la corrosi\u00f3n com\u00fan, prolongando la vida \u00fatil del tono m\u00e1s larga que las cuerdas recubiertas o sin revestimiento de cualquier otra marca (encuesta del jugador de cuerdas elixir)<\/span><\/li>\n<li><span class=\"a-list-item\">Calibre superligero: .009 .011 .016 .024 .032 .042<\/span><\/li>\n<\/ul>","protected":false},"featured_media":312,"comment_status":"open","ping_status":"closed","template":"","meta":[],"pwb-brand":[],"product_brand":[],"product_cat":[24],"product_tag":[],"class_list":{"0":"post-311","1":"product","2":"type-product","3":"status-publish","4":"has-post-thumbnail","6":"product_cat-cuerdas-guitarra","8":"first","9":"instock","10":"taxable","11":"shipping-taxable","12":"purchasable","13":"product-type-simple"},"yoast_head":"<!-- This site is optimized with the Yoast SEO plugin v27.5 - https:\/\/yoast.com\/product\/yoast-seo-wordpress\/ -->\n<title>Elixir Cuerdas de guitarra el\u00e9ctrica NANOWEB, 09 - 42 - Haway Music<\/title>\n<meta name=\"robots\" content=\"index, follow, max-snippet:-1, max-image-preview:large, max-video-preview:-1\" \/>\n<link rel=\"canonical\" href=\"https:\/\/hawaymusic.com\/es\/product\/elixir-cuerdas-de-guitarra-electrica-con-revestimiento-nanoweb-super-ligeras-009-042\/\" \/>\n<meta property=\"og:locale\" content=\"es_ES\" \/>\n<meta property=\"og:type\" content=\"article\" \/>\n<meta property=\"og:title\" content=\"Elixir Cuerdas de guitarra el\u00e9ctrica NANOWEB, 09 - 42 - Haway Music\" \/>\n<meta property=\"og:description\" content=\"Cuerdas de guitarra el\u00e9ctrica construidas con alambre de acero niquelado  Tocado por su presencia brillante y vibrante y golpe din\u00e1mico  Revestimiento Nanowb ultrafino que proporciona una sensaci\u00f3n de textura tradicional, &quot;sin recubrimiento&quot;  Nuestra tecnolog\u00eda de revestimiento patentada protege contra la corrosi\u00f3n com\u00fan, prolongando la vida \u00fatil del tono m\u00e1s larga que las cuerdas recubiertas o sin revestimiento de cualquier otra marca (encuesta del jugador de cuerdas elixir)  Calibre superligero: .009 .011 .016 .024 .032 .042\" \/>\n<meta property=\"og:url\" content=\"https:\/\/hawaymusic.com\/es\/product\/elixir-cuerdas-de-guitarra-electrica-con-revestimiento-nanoweb-super-ligeras-009-042\/\" \/>\n<meta property=\"og:site_name\" content=\"Haway Music\" \/>\n<meta property=\"article:modified_time\" content=\"2026-03-15T22:59:35+00:00\" \/>\n<meta property=\"og:image\" content=\"https:\/\/hawaymusic.com\/wp-content\/uploads\/2022\/08\/942-elixir.jpg\" \/>\n\t<meta property=\"og:image:width\" content=\"1080\" \/>\n\t<meta property=\"og:image:height\" content=\"1080\" \/>\n\t<meta property=\"og:image:type\" content=\"image\/jpeg\" \/>\n<meta name=\"twitter:card\" content=\"summary_large_image\" \/>\n<meta name=\"twitter:label1\" content=\"Tiempo de lectura\" \/>\n\t<meta name=\"twitter:data1\" content=\"1 minuto\" \/>\n<script type=\"application\/ld+json\" class=\"yoast-schema-graph\">{\"@context\":\"https:\\\/\\\/schema.org\",\"@graph\":[{\"@type\":\"WebPage\",\"@id\":\"https:\\\/\\\/hawaymusic.com\\\/product\\\/elixir-cuerdas-de-guitarra-electrica-con-revestimiento-nanoweb-super-ligeras-009-042\\\/\",\"url\":\"https:\\\/\\\/hawaymusic.com\\\/product\\\/elixir-cuerdas-de-guitarra-electrica-con-revestimiento-nanoweb-super-ligeras-009-042\\\/\",\"name\":\"Elixir Cuerdas de guitarra el\u00e9ctrica NANOWEB, 09 - 42 - Haway Music\",\"isPartOf\":{\"@id\":\"https:\\\/\\\/hawaymusic.com\\\/#website\"},\"primaryImageOfPage\":{\"@id\":\"https:\\\/\\\/hawaymusic.com\\\/product\\\/elixir-cuerdas-de-guitarra-electrica-con-revestimiento-nanoweb-super-ligeras-009-042\\\/#primaryimage\"},\"image\":{\"@id\":\"https:\\\/\\\/hawaymusic.com\\\/product\\\/elixir-cuerdas-de-guitarra-electrica-con-revestimiento-nanoweb-super-ligeras-009-042\\\/#primaryimage\"},\"thumbnailUrl\":\"https:\\\/\\\/i0.wp.com\\\/hawaymusic.com\\\/wp-content\\\/uploads\\\/2022\\\/08\\\/942-elixir.jpg?fit=1080%2C1080&ssl=1\",\"datePublished\":\"2022-08-16T01:11:41+00:00\",\"dateModified\":\"2026-03-15T22:59:35+00:00\",\"breadcrumb\":{\"@id\":\"https:\\\/\\\/hawaymusic.com\\\/product\\\/elixir-cuerdas-de-guitarra-electrica-con-revestimiento-nanoweb-super-ligeras-009-042\\\/#breadcrumb\"},\"inLanguage\":\"es-CO\",\"potentialAction\":[{\"@type\":\"ReadAction\",\"target\":[\"https:\\\/\\\/hawaymusic.com\\\/product\\\/elixir-cuerdas-de-guitarra-electrica-con-revestimiento-nanoweb-super-ligeras-009-042\\\/\"]}]},{\"@type\":\"ImageObject\",\"inLanguage\":\"es-CO\",\"@id\":\"https:\\\/\\\/hawaymusic.com\\\/product\\\/elixir-cuerdas-de-guitarra-electrica-con-revestimiento-nanoweb-super-ligeras-009-042\\\/#primaryimage\",\"url\":\"https:\\\/\\\/i0.wp.com\\\/hawaymusic.com\\\/wp-content\\\/uploads\\\/2022\\\/08\\\/942-elixir.jpg?fit=1080%2C1080&ssl=1\",\"contentUrl\":\"https:\\\/\\\/i0.wp.com\\\/hawaymusic.com\\\/wp-content\\\/uploads\\\/2022\\\/08\\\/942-elixir.jpg?fit=1080%2C1080&ssl=1\",\"width\":1080,\"height\":1080},{\"@type\":\"BreadcrumbList\",\"@id\":\"https:\\\/\\\/hawaymusic.com\\\/product\\\/elixir-cuerdas-de-guitarra-electrica-con-revestimiento-nanoweb-super-ligeras-009-042\\\/#breadcrumb\",\"itemListElement\":[{\"@type\":\"ListItem\",\"position\":1,\"name\":\"Inicio\",\"item\":\"https:\\\/\\\/hawaymusic.com\\\/\"},{\"@type\":\"ListItem\",\"position\":2,\"name\":\"Shop\",\"item\":\"https:\\\/\\\/hawaymusic.com\\\/shop\\\/\"},{\"@type\":\"ListItem\",\"position\":3,\"name\":\"Elixir Cuerdas de guitarra el\u00e9ctrica NANOWEB, 09 &#8211; 42\"}]},{\"@type\":\"WebSite\",\"@id\":\"https:\\\/\\\/hawaymusic.com\\\/#website\",\"url\":\"https:\\\/\\\/hawaymusic.com\\\/\",\"name\":\"Haway Music\",\"description\":\"La mejor tienda de instrumentos musicales en Ecuador\",\"potentialAction\":[{\"@type\":\"SearchAction\",\"target\":{\"@type\":\"EntryPoint\",\"urlTemplate\":\"https:\\\/\\\/hawaymusic.com\\\/?s={search_term_string}\"},\"query-input\":{\"@type\":\"PropertyValueSpecification\",\"valueRequired\":true,\"valueName\":\"search_term_string\"}}],\"inLanguage\":\"es-CO\"}]}<\/script>\n<!-- \/ Yoast SEO plugin. -->","yoast_head_json":{"title":"Elixir Cuerdas de guitarra el\u00e9ctrica NANOWEB, 09 - 42 - Haway Music","robots":{"index":"index","follow":"follow","max-snippet":"max-snippet:-1","max-image-preview":"max-image-preview:large","max-video-preview":"max-video-preview:-1"},"canonical":"https:\/\/hawaymusic.com\/es\/product\/elixir-cuerdas-de-guitarra-electrica-con-revestimiento-nanoweb-super-ligeras-009-042\/","og_locale":"es_ES","og_type":"article","og_title":"Elixir Cuerdas de guitarra el\u00e9ctrica NANOWEB, 09 - 42 - Haway Music","og_description":"Cuerdas de guitarra el\u00e9ctrica construidas con alambre de acero niquelado  Tocado por su presencia brillante y vibrante y golpe din\u00e1mico  Revestimiento Nanowb ultrafino que proporciona una sensaci\u00f3n de textura tradicional, \"sin recubrimiento\"  Nuestra tecnolog\u00eda de revestimiento patentada protege contra la corrosi\u00f3n com\u00fan, prolongando la vida \u00fatil del tono m\u00e1s larga que las cuerdas recubiertas o sin revestimiento de cualquier otra marca (encuesta del jugador de cuerdas elixir)  Calibre superligero: .009 .011 .016 .024 .032 .042","og_url":"https:\/\/hawaymusic.com\/es\/product\/elixir-cuerdas-de-guitarra-electrica-con-revestimiento-nanoweb-super-ligeras-009-042\/","og_site_name":"Haway Music","article_modified_time":"2026-03-15T22:59:35+00:00","og_image":[{"width":1080,"height":1080,"url":"https:\/\/hawaymusic.com\/wp-content\/uploads\/2022\/08\/942-elixir.jpg","type":"image\/jpeg"}],"twitter_card":"summary_large_image","twitter_misc":{"Tiempo de lectura":"1 minuto"},"schema":{"@context":"https:\/\/schema.org","@graph":[{"@type":"WebPage","@id":"https:\/\/hawaymusic.com\/product\/elixir-cuerdas-de-guitarra-electrica-con-revestimiento-nanoweb-super-ligeras-009-042\/","url":"https:\/\/hawaymusic.com\/product\/elixir-cuerdas-de-guitarra-electrica-con-revestimiento-nanoweb-super-ligeras-009-042\/","name":"Elixir Cuerdas de guitarra el\u00e9ctrica NANOWEB, 09 - 42 - Haway Music","isPartOf":{"@id":"https:\/\/hawaymusic.com\/#website"},"primaryImageOfPage":{"@id":"https:\/\/hawaymusic.com\/product\/elixir-cuerdas-de-guitarra-electrica-con-revestimiento-nanoweb-super-ligeras-009-042\/#primaryimage"},"image":{"@id":"https:\/\/hawaymusic.com\/product\/elixir-cuerdas-de-guitarra-electrica-con-revestimiento-nanoweb-super-ligeras-009-042\/#primaryimage"},"thumbnailUrl":"https:\/\/i0.wp.com\/hawaymusic.com\/wp-content\/uploads\/2022\/08\/942-elixir.jpg?fit=1080%2C1080&ssl=1","datePublished":"2022-08-16T01:11:41+00:00","dateModified":"2026-03-15T22:59:35+00:00","breadcrumb":{"@id":"https:\/\/hawaymusic.com\/product\/elixir-cuerdas-de-guitarra-electrica-con-revestimiento-nanoweb-super-ligeras-009-042\/#breadcrumb"},"inLanguage":"es-CO","potentialAction":[{"@type":"ReadAction","target":["https:\/\/hawaymusic.com\/product\/elixir-cuerdas-de-guitarra-electrica-con-revestimiento-nanoweb-super-ligeras-009-042\/"]}]},{"@type":"ImageObject","inLanguage":"es-CO","@id":"https:\/\/hawaymusic.com\/product\/elixir-cuerdas-de-guitarra-electrica-con-revestimiento-nanoweb-super-ligeras-009-042\/#primaryimage","url":"https:\/\/i0.wp.com\/hawaymusic.com\/wp-content\/uploads\/2022\/08\/942-elixir.jpg?fit=1080%2C1080&ssl=1","contentUrl":"https:\/\/i0.wp.com\/hawaymusic.com\/wp-content\/uploads\/2022\/08\/942-elixir.jpg?fit=1080%2C1080&ssl=1","width":1080,"height":1080},{"@type":"BreadcrumbList","@id":"https:\/\/hawaymusic.com\/product\/elixir-cuerdas-de-guitarra-electrica-con-revestimiento-nanoweb-super-ligeras-009-042\/#breadcrumb","itemListElement":[{"@type":"ListItem","position":1,"name":"Inicio","item":"https:\/\/hawaymusic.com\/"},{"@type":"ListItem","position":2,"name":"Shop","item":"https:\/\/hawaymusic.com\/shop\/"},{"@type":"ListItem","position":3,"name":"Elixir Cuerdas de guitarra el\u00e9ctrica NANOWEB, 09 &#8211; 42"}]},{"@type":"WebSite","@id":"https:\/\/hawaymusic.com\/#website","url":"https:\/\/hawaymusic.com\/","name":"Haway Music","description":"La mejor tienda de instrumentos musicales en Ecuador","potentialAction":[{"@type":"SearchAction","target":{"@type":"EntryPoint","urlTemplate":"https:\/\/hawaymusic.com\/?s={search_term_string}"},"query-input":{"@type":"PropertyValueSpecification","valueRequired":true,"valueName":"search_term_string"}}],"inLanguage":"es-CO"}]}},"jetpack_sharing_enabled":true,"brands":[],"_links":{"self":[{"href":"https:\/\/hawaymusic.com\/es\/wp-json\/wp\/v2\/product\/311","targetHints":{"allow":["GET"]}}],"collection":[{"href":"https:\/\/hawaymusic.com\/es\/wp-json\/wp\/v2\/product"}],"about":[{"href":"https:\/\/hawaymusic.com\/es\/wp-json\/wp\/v2\/types\/product"}],"replies":[{"embeddable":true,"href":"https:\/\/hawaymusic.com\/es\/wp-json\/wp\/v2\/comments?post=311"}],"wp:featuredmedia":[{"embeddable":true,"href":"https:\/\/hawaymusic.com\/es\/wp-json\/wp\/v2\/media\/312"}],"wp:attachment":[{"href":"https:\/\/hawaymusic.com\/es\/wp-json\/wp\/v2\/media?parent=311"}],"wp:term":[{"taxonomy":"pwb-brand","embeddable":true,"href":"https:\/\/hawaymusic.com\/es\/wp-json\/wp\/v2\/pwb-brand?post=311"},{"taxonomy":"product_brand","embeddable":true,"href":"https:\/\/hawaymusic.com\/es\/wp-json\/wp\/v2\/product_brand?post=311"},{"taxonomy":"product_cat","embeddable":true,"href":"https:\/\/hawaymusic.com\/es\/wp-json\/wp\/v2\/product_cat?post=311"},{"taxonomy":"product_tag","embeddable":true,"href":"https:\/\/hawaymusic.com\/es\/wp-json\/wp\/v2\/product_tag?post=311"}],"curies":[{"name":"wp","href":"https:\/\/api.w.org\/{rel}","templated":true}]}}