{"id":296,"date":"2022-08-16T00:49:06","date_gmt":"2022-08-16T00:49:06","guid":{"rendered":"https:\/\/hawaymusic.com\/?post_type=product&#038;p=296"},"modified":"2025-09-11T22:30:18","modified_gmt":"2025-09-11T22:30:18","slug":"focusrite-scarlett-solo-2i2-interfaz-de-audio-usb-con-herramientas-profesionales-3era-generacion","status":"publish","type":"product","link":"https:\/\/hawaymusic.com\/es\/product\/focusrite-scarlett-solo-2i2-interfaz-de-audio-usb-con-herramientas-profesionales-3era-generacion\/","title":{"rendered":"Focusrite Scarlett  2i2 Interfaz de audio USB (4ta generaci\u00f3n)"},"content":{"rendered":"<div class=\"wpb-content-wrapper\"><div class=\"vc_row wpb_row vc_row-fluid\"><div class=\"wpb_column vc_column_container vc_col-sm-12\"><div class=\"vc_column-inner\"><div class=\"wpb_wrapper\">\n\t<div class=\"wpb_video_widget wpb_content_element vc_clearfix vc_video-aspect-ratio-169 vc_video-el-width-100 vc_video-align-left\" >\n\t\t<div class=\"wpb_wrapper\">\n\t\t\t\n\t\t\t<div class=\"wpb_video_wrapper\"><iframe loading=\"lazy\" title=\"Focusrite Scarlett 2i2 3rd gen EN ESPA\u00d1OL!\" width=\"500\" height=\"281\" src=\"https:\/\/www.youtube.com\/embed\/bKiPf51ANm4?feature=oembed\" frameborder=\"0\" allow=\"accelerometer; autoplay; clipboard-write; encrypted-media; gyroscope; picture-in-picture; web-share\" allowfullscreen><\/iframe><\/div>\n\t\t<\/div>\n\t<\/div>\n\n\t<div class=\"wpb_text_column wpb_content_element\" >\n\t\t<div class=\"wpb_wrapper\">\n\t\t\t<div id=\"dpx-product-description_feature_div\">\n<div class=\"celwidget\" data-csa-c-id=\"m3pv28-s0jsl2-c38j5s-sgumoj\" data-cel-widget=\"dpx-product-description_csm_instrumentation_wrapper\">\n<div id=\"descriptionAndDetails\" class=\"a-section a-spacing-extra-large\">\n<div id=\"productDescription_feature_div\" class=\"celwidget\" data-feature-name=\"productDescription\" data-csa-c-id=\"tf4q0h-ezs8s7-tf25jn-w1vcf6\" data-cel-widget=\"productDescription_feature_div\">\n<div>\n<div id=\"productDescription_feature_div\" class=\"a-row feature\" data-feature-name=\"productDescription\" data-template-name=\"productDescription\" data-cel-widget=\"productDescription_feature_div\">\n<div id=\"productDescription\" class=\"a-section a-spacing-small\">\n<p>The most popular audio interface for artists across all genres, the third-generation Scarlett 2i2 provides two mic\/line\/instrument inputs allowing simultaneous recording and playback of up to two channels with independently controllable headphone and monitor outputs. The 2i2 features two upgraded third-generation Scarlett mic preamps: with optional Air setting to reproduce the Air effect of Focusrite&#8217;s original ISA mic preamp, giving your vocal and acoustic recordings a brighter and more open sound. Equipped with high performance 24-bit\/192kHz AD-DA converters, Scarlett s the same professional sound quality throughout the third-generation range. The high impedance, high-headroom instrument inputs allow you to record guitar or bass without any clipping or unwanted distortion, while Gain Halo metering makes it easy for you to set the input level. Scarlett 2i2 is designed to stand up to days on the road, and connects straight to your Mac or PC via USB cable, with no external power required. Your Scarlett 2i2 comes with the Hitmaker Expansion, an unbeatable range of tried-and-tested studio tools from some of the biggest names in the business. The Hitmaker Expansion includes: Antares Auto-Tune Access, Relab LX480 Essentials, Softube Marshall Silver Jubilee 2555, XLN Audio Addictive Keys, XLN Audio Addictive Drums 2, Brainworx bx_oberhausen, Three Month Splice Sounds Subscription, Brainworx bx_console Focusrite SC, Focusrite Red Plug-In Suite, Brainworx bx_masterdesk, Ableton Live Lite, Three Month Avid\u00ae Pro Tools\u00ae subscription: get a taste of the industry standard recording experience with this legendary DAW, and Access to Focusrite\u2019s Plug-In Collective; all upon purchase, registration and download. Interested in what headphones are compatible with Scarlett? Search &#8216;Headphones&#8217; on the Focusrite help center for more information.<\/p>\n<\/div>\n<\/div>\n<\/div>\n<\/div>\n<\/div>\n<\/div>\n<\/div>\n<div id=\"dpx-btf-renewed-program-description_feature_div\">\n<div class=\"celwidget\" data-csa-c-id=\"pkk1o6-deiekf-fard57-iugn7a\" data-cel-widget=\"dpx-btf-renewed-program-description_csm_instrumentation_wrapper\">\n<div id=\"renewedProgramDescriptionBtf_feature_div\" class=\"celwidget\" data-feature-name=\"renewedProgramDescriptionBtf\" data-csa-c-id=\"s01zhb-n6x2w8-c3m9fd-vdsqvn\" data-cel-widget=\"renewedProgramDescriptionBtf_feature_div\"><\/div>\n<\/div>\n<\/div>\n<div id=\"product-details-grid_feature_div\">\n<div id=\"product-details-grid_feature_div\">\n<p><a id=\"productDetails\" name=\"productDetails\"><\/a><\/p>\n<div id=\"productDetails_feature_div\" class=\"celwidget\" data-feature-name=\"productDetails\" data-csa-c-id=\"j90edb-3q27pr-66cg91-itcmnl\" data-cel-widget=\"productDetails_feature_div\"><a id=\"productDetails\" name=\"productDetails\"><\/a><\/div>\n<\/div>\n<\/div>\n\n\t\t<\/div>\n\t<\/div>\n<\/div><\/div><\/div><\/div>\n<\/div>","protected":false},"excerpt":{"rendered":"<ul class=\"a-unordered-list a-vertical a-spacing-mini\">\n<li><span class=\"a-list-item\">Dos de los preamplificadores de micr\u00f3fono de mejor rendimiento que la gama Scarlett ha visto, ahora con modo de aire conmutable para dar a tus grabaciones un sonido m\u00e1s brillante y m\u00e1s abierto. Dos entradas de instrumento de alta altura para conectar tu guitarra o bajo. Dos entradas de l\u00ednea equilibradas, adecuadas para conectar fuentes de nivel de l\u00ednea.<\/span><\/li>\n<li><span class=\"a-list-item\">Los convertidores de alto rendimiento te permiten grabar y mezclar hasta 24 bits\/192 kHz.<\/span><\/li>\n<li><span class=\"a-list-item\">Herramienta de inicio r\u00e1pido para levantarse y correr m\u00e1s f\u00e1cil que nunca.<\/span><\/li>\n<li><span class=\"a-list-item\">Incluye Pro Tools | Primer paquete creativo Focusrite, Ableton Live Lite, Softube Time and Tone Bundle, Focusrite, Red Plug-in Suite, 3 meses de suscripci\u00f3n de Splice y su elecci\u00f3n de un instrumento virtual XLN Addictive Keys gratis, todo disponible a trav\u00e9s de descarga al comprar y registrar.<\/span><\/li>\n<li><span class=\"a-list-item\">Oferta de tiempo limitado: Raz\u00f3n Lite gratis al registro y descarga.<\/span><\/li>\n<\/ul>","protected":false},"featured_media":853,"comment_status":"open","ping_status":"closed","template":"","meta":[],"pwb-brand":[],"product_brand":[],"product_cat":[46],"product_tag":[],"class_list":{"0":"post-296","1":"product","2":"type-product","3":"status-publish","4":"has-post-thumbnail","6":"product_cat-interfaz","8":"first","9":"instock","10":"taxable","11":"shipping-taxable","12":"purchasable","13":"product-type-simple"},"yoast_head":"<!-- This site is optimized with the Yoast SEO plugin v27.5 - https:\/\/yoast.com\/product\/yoast-seo-wordpress\/ -->\n<title>Focusrite Scarlett 2i2 Interfaz de audio USB (4ta generaci\u00f3n) - Haway Music<\/title>\n<meta name=\"robots\" content=\"index, follow, max-snippet:-1, max-image-preview:large, max-video-preview:-1\" \/>\n<link rel=\"canonical\" href=\"https:\/\/hawaymusic.com\/es\/product\/focusrite-scarlett-solo-2i2-interfaz-de-audio-usb-con-herramientas-profesionales-3era-generacion\/\" \/>\n<meta property=\"og:locale\" content=\"es_ES\" \/>\n<meta property=\"og:type\" content=\"article\" \/>\n<meta property=\"og:title\" content=\"Focusrite Scarlett 2i2 Interfaz de audio USB (4ta generaci\u00f3n) - Haway Music\" \/>\n<meta property=\"og:description\" content=\"Dos de los preamplificadores de micr\u00f3fono de mejor rendimiento que la gama Scarlett ha visto, ahora con modo de aire conmutable para dar a tus grabaciones un sonido m\u00e1s brillante y m\u00e1s abierto. Dos entradas de instrumento de alta altura para conectar tu guitarra o bajo. Dos entradas de l\u00ednea equilibradas, adecuadas para conectar fuentes de nivel de l\u00ednea.  Los convertidores de alto rendimiento te permiten grabar y mezclar hasta 24 bits\/192 kHz.  Herramienta de inicio r\u00e1pido para levantarse y correr m\u00e1s f\u00e1cil que nunca.  Incluye Pro Tools | Primer paquete creativo Focusrite, Ableton Live Lite, Softube Time and Tone Bundle, Focusrite, Red Plug-in Suite, 3 meses de suscripci\u00f3n de Splice y su elecci\u00f3n de un instrumento virtual XLN Addictive Keys gratis, todo disponible a trav\u00e9s de descarga al comprar y registrar.  Oferta de tiempo limitado: Raz\u00f3n Lite gratis al registro y descarga.\" \/>\n<meta property=\"og:url\" content=\"https:\/\/hawaymusic.com\/es\/product\/focusrite-scarlett-solo-2i2-interfaz-de-audio-usb-con-herramientas-profesionales-3era-generacion\/\" \/>\n<meta property=\"og:site_name\" content=\"Haway Music\" \/>\n<meta property=\"article:modified_time\" content=\"2025-09-11T22:30:18+00:00\" \/>\n<meta property=\"og:image\" content=\"https:\/\/hawaymusic.com\/wp-content\/uploads\/2022\/08\/Scarlett-2i2-4th-Generation-Ditronics-Ecuador-3.jpg\" \/>\n\t<meta property=\"og:image:width\" content=\"1200\" \/>\n\t<meta property=\"og:image:height\" content=\"1200\" \/>\n\t<meta property=\"og:image:type\" content=\"image\/jpeg\" \/>\n<meta name=\"twitter:card\" content=\"summary_large_image\" \/>\n<meta name=\"twitter:label1\" content=\"Tiempo de lectura\" \/>\n\t<meta name=\"twitter:data1\" content=\"2 minutos\" \/>\n<script type=\"application\/ld+json\" class=\"yoast-schema-graph\">{\"@context\":\"https:\\\/\\\/schema.org\",\"@graph\":[{\"@type\":\"WebPage\",\"@id\":\"https:\\\/\\\/hawaymusic.com\\\/product\\\/focusrite-scarlett-solo-2i2-interfaz-de-audio-usb-con-herramientas-profesionales-3era-generacion\\\/\",\"url\":\"https:\\\/\\\/hawaymusic.com\\\/product\\\/focusrite-scarlett-solo-2i2-interfaz-de-audio-usb-con-herramientas-profesionales-3era-generacion\\\/\",\"name\":\"Focusrite Scarlett 2i2 Interfaz de audio USB (4ta generaci\u00f3n) - Haway Music\",\"isPartOf\":{\"@id\":\"https:\\\/\\\/hawaymusic.com\\\/#website\"},\"primaryImageOfPage\":{\"@id\":\"https:\\\/\\\/hawaymusic.com\\\/product\\\/focusrite-scarlett-solo-2i2-interfaz-de-audio-usb-con-herramientas-profesionales-3era-generacion\\\/#primaryimage\"},\"image\":{\"@id\":\"https:\\\/\\\/hawaymusic.com\\\/product\\\/focusrite-scarlett-solo-2i2-interfaz-de-audio-usb-con-herramientas-profesionales-3era-generacion\\\/#primaryimage\"},\"thumbnailUrl\":\"https:\\\/\\\/i0.wp.com\\\/hawaymusic.com\\\/wp-content\\\/uploads\\\/2022\\\/08\\\/Scarlett-2i2-4th-Generation-Ditronics-Ecuador-3.jpg?fit=1200%2C1200&ssl=1\",\"datePublished\":\"2022-08-16T00:49:06+00:00\",\"dateModified\":\"2025-09-11T22:30:18+00:00\",\"breadcrumb\":{\"@id\":\"https:\\\/\\\/hawaymusic.com\\\/product\\\/focusrite-scarlett-solo-2i2-interfaz-de-audio-usb-con-herramientas-profesionales-3era-generacion\\\/#breadcrumb\"},\"inLanguage\":\"es-CO\",\"potentialAction\":[{\"@type\":\"ReadAction\",\"target\":[\"https:\\\/\\\/hawaymusic.com\\\/product\\\/focusrite-scarlett-solo-2i2-interfaz-de-audio-usb-con-herramientas-profesionales-3era-generacion\\\/\"]}]},{\"@type\":\"ImageObject\",\"inLanguage\":\"es-CO\",\"@id\":\"https:\\\/\\\/hawaymusic.com\\\/product\\\/focusrite-scarlett-solo-2i2-interfaz-de-audio-usb-con-herramientas-profesionales-3era-generacion\\\/#primaryimage\",\"url\":\"https:\\\/\\\/i0.wp.com\\\/hawaymusic.com\\\/wp-content\\\/uploads\\\/2022\\\/08\\\/Scarlett-2i2-4th-Generation-Ditronics-Ecuador-3.jpg?fit=1200%2C1200&ssl=1\",\"contentUrl\":\"https:\\\/\\\/i0.wp.com\\\/hawaymusic.com\\\/wp-content\\\/uploads\\\/2022\\\/08\\\/Scarlett-2i2-4th-Generation-Ditronics-Ecuador-3.jpg?fit=1200%2C1200&ssl=1\",\"width\":1200,\"height\":1200},{\"@type\":\"BreadcrumbList\",\"@id\":\"https:\\\/\\\/hawaymusic.com\\\/product\\\/focusrite-scarlett-solo-2i2-interfaz-de-audio-usb-con-herramientas-profesionales-3era-generacion\\\/#breadcrumb\",\"itemListElement\":[{\"@type\":\"ListItem\",\"position\":1,\"name\":\"Inicio\",\"item\":\"https:\\\/\\\/hawaymusic.com\\\/\"},{\"@type\":\"ListItem\",\"position\":2,\"name\":\"Shop\",\"item\":\"https:\\\/\\\/hawaymusic.com\\\/shop\\\/\"},{\"@type\":\"ListItem\",\"position\":3,\"name\":\"Focusrite Scarlett 2i2 Interfaz de audio USB (4ta generaci\u00f3n)\"}]},{\"@type\":\"WebSite\",\"@id\":\"https:\\\/\\\/hawaymusic.com\\\/#website\",\"url\":\"https:\\\/\\\/hawaymusic.com\\\/\",\"name\":\"Haway Music\",\"description\":\"La mejor tienda de instrumentos musicales en Ecuador\",\"potentialAction\":[{\"@type\":\"SearchAction\",\"target\":{\"@type\":\"EntryPoint\",\"urlTemplate\":\"https:\\\/\\\/hawaymusic.com\\\/?s={search_term_string}\"},\"query-input\":{\"@type\":\"PropertyValueSpecification\",\"valueRequired\":true,\"valueName\":\"search_term_string\"}}],\"inLanguage\":\"es-CO\"}]}<\/script>\n<!-- \/ Yoast SEO plugin. -->","yoast_head_json":{"title":"Focusrite Scarlett 2i2 Interfaz de audio USB (4ta generaci\u00f3n) - Haway Music","robots":{"index":"index","follow":"follow","max-snippet":"max-snippet:-1","max-image-preview":"max-image-preview:large","max-video-preview":"max-video-preview:-1"},"canonical":"https:\/\/hawaymusic.com\/es\/product\/focusrite-scarlett-solo-2i2-interfaz-de-audio-usb-con-herramientas-profesionales-3era-generacion\/","og_locale":"es_ES","og_type":"article","og_title":"Focusrite Scarlett 2i2 Interfaz de audio USB (4ta generaci\u00f3n) - Haway Music","og_description":"Dos de los preamplificadores de micr\u00f3fono de mejor rendimiento que la gama Scarlett ha visto, ahora con modo de aire conmutable para dar a tus grabaciones un sonido m\u00e1s brillante y m\u00e1s abierto. Dos entradas de instrumento de alta altura para conectar tu guitarra o bajo. Dos entradas de l\u00ednea equilibradas, adecuadas para conectar fuentes de nivel de l\u00ednea.  Los convertidores de alto rendimiento te permiten grabar y mezclar hasta 24 bits\/192 kHz.  Herramienta de inicio r\u00e1pido para levantarse y correr m\u00e1s f\u00e1cil que nunca.  Incluye Pro Tools | Primer paquete creativo Focusrite, Ableton Live Lite, Softube Time and Tone Bundle, Focusrite, Red Plug-in Suite, 3 meses de suscripci\u00f3n de Splice y su elecci\u00f3n de un instrumento virtual XLN Addictive Keys gratis, todo disponible a trav\u00e9s de descarga al comprar y registrar.  Oferta de tiempo limitado: Raz\u00f3n Lite gratis al registro y descarga.","og_url":"https:\/\/hawaymusic.com\/es\/product\/focusrite-scarlett-solo-2i2-interfaz-de-audio-usb-con-herramientas-profesionales-3era-generacion\/","og_site_name":"Haway Music","article_modified_time":"2025-09-11T22:30:18+00:00","og_image":[{"width":1200,"height":1200,"url":"https:\/\/hawaymusic.com\/wp-content\/uploads\/2022\/08\/Scarlett-2i2-4th-Generation-Ditronics-Ecuador-3.jpg","type":"image\/jpeg"}],"twitter_card":"summary_large_image","twitter_misc":{"Tiempo de lectura":"2 minutos"},"schema":{"@context":"https:\/\/schema.org","@graph":[{"@type":"WebPage","@id":"https:\/\/hawaymusic.com\/product\/focusrite-scarlett-solo-2i2-interfaz-de-audio-usb-con-herramientas-profesionales-3era-generacion\/","url":"https:\/\/hawaymusic.com\/product\/focusrite-scarlett-solo-2i2-interfaz-de-audio-usb-con-herramientas-profesionales-3era-generacion\/","name":"Focusrite Scarlett 2i2 Interfaz de audio USB (4ta generaci\u00f3n) - Haway Music","isPartOf":{"@id":"https:\/\/hawaymusic.com\/#website"},"primaryImageOfPage":{"@id":"https:\/\/hawaymusic.com\/product\/focusrite-scarlett-solo-2i2-interfaz-de-audio-usb-con-herramientas-profesionales-3era-generacion\/#primaryimage"},"image":{"@id":"https:\/\/hawaymusic.com\/product\/focusrite-scarlett-solo-2i2-interfaz-de-audio-usb-con-herramientas-profesionales-3era-generacion\/#primaryimage"},"thumbnailUrl":"https:\/\/i0.wp.com\/hawaymusic.com\/wp-content\/uploads\/2022\/08\/Scarlett-2i2-4th-Generation-Ditronics-Ecuador-3.jpg?fit=1200%2C1200&ssl=1","datePublished":"2022-08-16T00:49:06+00:00","dateModified":"2025-09-11T22:30:18+00:00","breadcrumb":{"@id":"https:\/\/hawaymusic.com\/product\/focusrite-scarlett-solo-2i2-interfaz-de-audio-usb-con-herramientas-profesionales-3era-generacion\/#breadcrumb"},"inLanguage":"es-CO","potentialAction":[{"@type":"ReadAction","target":["https:\/\/hawaymusic.com\/product\/focusrite-scarlett-solo-2i2-interfaz-de-audio-usb-con-herramientas-profesionales-3era-generacion\/"]}]},{"@type":"ImageObject","inLanguage":"es-CO","@id":"https:\/\/hawaymusic.com\/product\/focusrite-scarlett-solo-2i2-interfaz-de-audio-usb-con-herramientas-profesionales-3era-generacion\/#primaryimage","url":"https:\/\/i0.wp.com\/hawaymusic.com\/wp-content\/uploads\/2022\/08\/Scarlett-2i2-4th-Generation-Ditronics-Ecuador-3.jpg?fit=1200%2C1200&ssl=1","contentUrl":"https:\/\/i0.wp.com\/hawaymusic.com\/wp-content\/uploads\/2022\/08\/Scarlett-2i2-4th-Generation-Ditronics-Ecuador-3.jpg?fit=1200%2C1200&ssl=1","width":1200,"height":1200},{"@type":"BreadcrumbList","@id":"https:\/\/hawaymusic.com\/product\/focusrite-scarlett-solo-2i2-interfaz-de-audio-usb-con-herramientas-profesionales-3era-generacion\/#breadcrumb","itemListElement":[{"@type":"ListItem","position":1,"name":"Inicio","item":"https:\/\/hawaymusic.com\/"},{"@type":"ListItem","position":2,"name":"Shop","item":"https:\/\/hawaymusic.com\/shop\/"},{"@type":"ListItem","position":3,"name":"Focusrite Scarlett 2i2 Interfaz de audio USB (4ta generaci\u00f3n)"}]},{"@type":"WebSite","@id":"https:\/\/hawaymusic.com\/#website","url":"https:\/\/hawaymusic.com\/","name":"Haway Music","description":"La mejor tienda de instrumentos musicales en Ecuador","potentialAction":[{"@type":"SearchAction","target":{"@type":"EntryPoint","urlTemplate":"https:\/\/hawaymusic.com\/?s={search_term_string}"},"query-input":{"@type":"PropertyValueSpecification","valueRequired":true,"valueName":"search_term_string"}}],"inLanguage":"es-CO"}]}},"jetpack_sharing_enabled":true,"brands":[],"_links":{"self":[{"href":"https:\/\/hawaymusic.com\/es\/wp-json\/wp\/v2\/product\/296","targetHints":{"allow":["GET"]}}],"collection":[{"href":"https:\/\/hawaymusic.com\/es\/wp-json\/wp\/v2\/product"}],"about":[{"href":"https:\/\/hawaymusic.com\/es\/wp-json\/wp\/v2\/types\/product"}],"replies":[{"embeddable":true,"href":"https:\/\/hawaymusic.com\/es\/wp-json\/wp\/v2\/comments?post=296"}],"wp:featuredmedia":[{"embeddable":true,"href":"https:\/\/hawaymusic.com\/es\/wp-json\/wp\/v2\/media\/853"}],"wp:attachment":[{"href":"https:\/\/hawaymusic.com\/es\/wp-json\/wp\/v2\/media?parent=296"}],"wp:term":[{"taxonomy":"pwb-brand","embeddable":true,"href":"https:\/\/hawaymusic.com\/es\/wp-json\/wp\/v2\/pwb-brand?post=296"},{"taxonomy":"product_brand","embeddable":true,"href":"https:\/\/hawaymusic.com\/es\/wp-json\/wp\/v2\/product_brand?post=296"},{"taxonomy":"product_cat","embeddable":true,"href":"https:\/\/hawaymusic.com\/es\/wp-json\/wp\/v2\/product_cat?post=296"},{"taxonomy":"product_tag","embeddable":true,"href":"https:\/\/hawaymusic.com\/es\/wp-json\/wp\/v2\/product_tag?post=296"}],"curies":[{"name":"wp","href":"https:\/\/api.w.org\/{rel}","templated":true}]}}