{"id":290,"date":"2022-08-16T00:41:13","date_gmt":"2022-08-16T00:41:13","guid":{"rendered":"https:\/\/hawaymusic.com\/?post_type=product&#038;p=290"},"modified":"2025-09-11T22:31:33","modified_gmt":"2025-09-11T22:31:33","slug":"focusrite-scarlett-8i6-interfaz-de-audio-usb-3ra-generacion","status":"publish","type":"product","link":"https:\/\/hawaymusic.com\/es\/product\/focusrite-scarlett-8i6-interfaz-de-audio-usb-3ra-generacion\/","title":{"rendered":"Focusrite Scarlett 18i20 Interfaz de audio USB (3ra generaci\u00f3n) usada"},"content":{"rendered":"<div class=\"wpb-content-wrapper\"><div class=\"vc_row wpb_row vc_row-fluid\"><div class=\"wpb_column vc_column_container vc_col-sm-12\"><div class=\"vc_column-inner\"><div class=\"wpb_wrapper\">\n\t<div class=\"wpb_video_widget wpb_content_element vc_clearfix vc_video-aspect-ratio-169 vc_video-el-width-100 vc_video-align-left\" >\n\t\t<div class=\"wpb_wrapper\">\n\t\t\t\n\t\t\t<div class=\"wpb_video_wrapper\"><iframe loading=\"lazy\" title=\"REVIEW FOCUSRITE SCARLETT 18i20 3GEN (EN ESPA\u00d1OL)\" width=\"500\" height=\"281\" src=\"https:\/\/www.youtube.com\/embed\/304mqIqBazg?feature=oembed\" frameborder=\"0\" allow=\"accelerometer; autoplay; clipboard-write; encrypted-media; gyroscope; picture-in-picture; web-share\" allowfullscreen><\/iframe><\/div>\n\t\t<\/div>\n\t<\/div>\n\n\t<div class=\"wpb_text_column wpb_content_element\" >\n\t\t<div class=\"wpb_wrapper\">\n\t\t\t<p>Alojado en un gabinete de montaje en rack de 1U, el 18i20 de 3ra generaci\u00f3n cuenta con E\/S simult\u00e1neas extensas que comprenden ocho preamplificadores de micr\u00f3fono, 18 entradas y 20 salidas en total. Lleve su estudio al siguiente nivel con el 18i20, que ofrece una calidad de sonido superior, funcionalidad de intercomunicaci\u00f3n y conmutaci\u00f3n de altavoces integrados. La conversi\u00f3n A-D y D-A mejorada garantiza que sus grabaciones y reproducciones suenen claras y pronunciadas hasta 24 bits\/192 kHz. El Scarlett 18i20 cuenta con ocho de los preamplificadores de micr\u00f3fono Scarlett de 3.\u00aa generaci\u00f3n con el mejor rendimiento de Focusrite: con configuraci\u00f3n Air opcional para reproducir el efecto Air de su preamplificador de micr\u00f3fono ISA original, lo que brinda a sus grabaciones vocales o ac\u00fasticas un sonido m\u00e1s brillante y abierto. Tambi\u00e9n hay un pad en cada preamplificador de micr\u00f3fono para acomodar se\u00f1ales de alto nivel sin saturaci\u00f3n. Las dos entradas de instrumentos de alto headroom del panel frontal le permiten grabar guitarras y bajos sin recortes ni distorsiones no deseadas. La tecnolog\u00eda de cambio de parlantes le permite alternar entre los monitores principal y alternativo para obtener una nueva perspectiva de su mezcla, y el nuevo micr\u00f3fono de intercomunicaci\u00f3n incorporado le permite comunicarse con su artista de grabaci\u00f3n con solo tocar un bot\u00f3n. Un par de entradas de bucle invertido virtual le permiten capturar una se\u00f1al est\u00e9reo de cualquier combinaci\u00f3n de canales de reproducci\u00f3n de entrada de hardware y software, lo que facilita las tareas de podcasting, transmisi\u00f3n en vivo y muestreo. Scarlett 18i20 est\u00e1 dise\u00f1ado para soportar d\u00edas de viaje y se conecta directamente a su Mac o PC a trav\u00e9s de un cable USB. Su Scarlett 18i20 viene con Hitmaker Expansion, una gama imbatible de herramientas de estudio de eficacia probada de algunos de los nombres m\u00e1s importantes del sector. La expansi\u00f3n Hitmaker incluye: Antares Auto-Tune Access, Relab LX480 Essentials, Softube Marshall Silver Jubilee 2555, XLN Audio Addictive Keys, XLN Audio Addictive Drums 2, Brainworx bx_oberhausen, Three Month Splice Sounds Subscription, Brainworx bx_console Focusrite SC, Focusrite Red Plug- En Suite, Brainworx bx_masterdesk, Ableton Live Lite, suscripci\u00f3n de tres meses a Avid\u00ae Pro Tools\u00ae: pruebe la experiencia de grabaci\u00f3n est\u00e1ndar de la industria con este legendario DAW y acceda a Focusrite&#8217;s Plug-In Collective; todo con la compra, el registro y la descarga. \u00bfInteresado en qu\u00e9 auriculares son compatibles con Scarlett? Busque &#8216;Auriculares&#8217; en el centro de ayuda de Focusrite para obtener m\u00e1s informaci\u00f3n.<\/p>\n\n\t\t<\/div>\n\t<\/div>\n<\/div><\/div><\/div><\/div>\n<\/div>","protected":false},"excerpt":{"rendered":"<ul class=\"a-unordered-list a-vertical a-spacing-mini\">\n<li><span class=\"a-list-item\">Ocho de los mejores preamplificadores de micr\u00f3fono que la gama Scarlett ha visto, ahora con modo de aire conmutable para dar a tus grabaciones un sonido m\u00e1s brillante y m\u00e1s abierto. Dos entradas de instrumento de alta altura para conectar tu guitarra o bajo. Cuatro salidas de monitor con tecnolog\u00eda anti-thump y conmutaci\u00f3n de altavoz, y funcionalidad de conversaci\u00f3n integrada con micr\u00f3fono de conversaci\u00f3n frontal integrado. Ocho entradas de l\u00ednea equilibradas para conectar sintetizadores, m\u00e1quinas de tambor y otras fuentes de nivel de l\u00ednea.<\/span><\/li>\n<li><span class=\"a-list-item\">Los convertidores de alto rendimiento te permiten grabar y mezclar hasta 24 bits\/192 kHz.<\/span><\/li>\n<li><span class=\"a-list-item\">Herramienta de inicio r\u00e1pido para levantarse y correr m\u00e1s f\u00e1cil que nunca.<\/span><\/li>\n<li><span class=\"a-list-item\">Incluye Pro Tools | Primer paquete creativo Focusrite, Ableton Live Lite, Softube Time and Tone Bundle, Focusrite, Red Plug-in Suite, 3 meses de suscripci\u00f3n de Splice y su elecci\u00f3n de un instrumento virtual XLN Addictive Keys gratis, todo disponible a trav\u00e9s de descarga al comprar y registrar.<\/span><\/li>\n<li><span class=\"a-list-item\">Oferta de tiempo limitado: Raz\u00f3n Lite gratis al registro y descarga.<\/span><\/li>\n<\/ul>","protected":false},"featured_media":292,"comment_status":"open","ping_status":"closed","template":"","meta":[],"pwb-brand":[],"product_brand":[],"product_cat":[46],"product_tag":[],"class_list":{"0":"post-290","1":"product","2":"type-product","3":"status-publish","4":"has-post-thumbnail","6":"product_cat-interfaz","8":"first","9":"instock","10":"taxable","11":"shipping-taxable","12":"purchasable","13":"product-type-simple"},"yoast_head":"<!-- This site is optimized with the Yoast SEO plugin v27.6 - https:\/\/yoast.com\/product\/yoast-seo-wordpress\/ -->\n<title>Focusrite Scarlett 18i20 Interfaz de audio USB (3ra generaci\u00f3n) usada - Haway Music<\/title>\n<meta name=\"robots\" content=\"index, follow, max-snippet:-1, max-image-preview:large, max-video-preview:-1\" \/>\n<link rel=\"canonical\" href=\"https:\/\/hawaymusic.com\/es\/product\/focusrite-scarlett-8i6-interfaz-de-audio-usb-3ra-generacion\/\" \/>\n<meta property=\"og:locale\" content=\"es_ES\" \/>\n<meta property=\"og:type\" content=\"article\" \/>\n<meta property=\"og:title\" content=\"Focusrite Scarlett 18i20 Interfaz de audio USB (3ra generaci\u00f3n) usada - Haway Music\" \/>\n<meta property=\"og:description\" content=\"Ocho de los mejores preamplificadores de micr\u00f3fono que la gama Scarlett ha visto, ahora con modo de aire conmutable para dar a tus grabaciones un sonido m\u00e1s brillante y m\u00e1s abierto. Dos entradas de instrumento de alta altura para conectar tu guitarra o bajo. Cuatro salidas de monitor con tecnolog\u00eda anti-thump y conmutaci\u00f3n de altavoz, y funcionalidad de conversaci\u00f3n integrada con micr\u00f3fono de conversaci\u00f3n frontal integrado. Ocho entradas de l\u00ednea equilibradas para conectar sintetizadores, m\u00e1quinas de tambor y otras fuentes de nivel de l\u00ednea.  Los convertidores de alto rendimiento te permiten grabar y mezclar hasta 24 bits\/192 kHz.  Herramienta de inicio r\u00e1pido para levantarse y correr m\u00e1s f\u00e1cil que nunca.  Incluye Pro Tools | Primer paquete creativo Focusrite, Ableton Live Lite, Softube Time and Tone Bundle, Focusrite, Red Plug-in Suite, 3 meses de suscripci\u00f3n de Splice y su elecci\u00f3n de un instrumento virtual XLN Addictive Keys gratis, todo disponible a trav\u00e9s de descarga al comprar y registrar.  Oferta de tiempo limitado: Raz\u00f3n Lite gratis al registro y descarga.\" \/>\n<meta property=\"og:url\" content=\"https:\/\/hawaymusic.com\/es\/product\/focusrite-scarlett-8i6-interfaz-de-audio-usb-3ra-generacion\/\" \/>\n<meta property=\"og:site_name\" content=\"Haway Music\" \/>\n<meta property=\"article:modified_time\" content=\"2025-09-11T22:31:33+00:00\" \/>\n<meta property=\"og:image\" content=\"https:\/\/hawaymusic.com\/wp-content\/uploads\/2022\/08\/focus1.jpg\" \/>\n\t<meta property=\"og:image:width\" content=\"1080\" \/>\n\t<meta property=\"og:image:height\" content=\"1080\" \/>\n\t<meta property=\"og:image:type\" content=\"image\/jpeg\" \/>\n<meta name=\"twitter:card\" content=\"summary_large_image\" \/>\n<meta name=\"twitter:label1\" content=\"Tiempo de lectura\" \/>\n\t<meta name=\"twitter:data1\" content=\"2 minutos\" \/>\n<script type=\"application\/ld+json\" class=\"yoast-schema-graph\">{\"@context\":\"https:\\\/\\\/schema.org\",\"@graph\":[{\"@type\":\"WebPage\",\"@id\":\"https:\\\/\\\/hawaymusic.com\\\/product\\\/focusrite-scarlett-8i6-interfaz-de-audio-usb-3ra-generacion\\\/\",\"url\":\"https:\\\/\\\/hawaymusic.com\\\/product\\\/focusrite-scarlett-8i6-interfaz-de-audio-usb-3ra-generacion\\\/\",\"name\":\"Focusrite Scarlett 18i20 Interfaz de audio USB (3ra generaci\u00f3n) usada - Haway Music\",\"isPartOf\":{\"@id\":\"https:\\\/\\\/hawaymusic.com\\\/#website\"},\"primaryImageOfPage\":{\"@id\":\"https:\\\/\\\/hawaymusic.com\\\/product\\\/focusrite-scarlett-8i6-interfaz-de-audio-usb-3ra-generacion\\\/#primaryimage\"},\"image\":{\"@id\":\"https:\\\/\\\/hawaymusic.com\\\/product\\\/focusrite-scarlett-8i6-interfaz-de-audio-usb-3ra-generacion\\\/#primaryimage\"},\"thumbnailUrl\":\"https:\\\/\\\/i0.wp.com\\\/hawaymusic.com\\\/wp-content\\\/uploads\\\/2022\\\/08\\\/focus1.jpg?fit=1080%2C1080&ssl=1\",\"datePublished\":\"2022-08-16T00:41:13+00:00\",\"dateModified\":\"2025-09-11T22:31:33+00:00\",\"breadcrumb\":{\"@id\":\"https:\\\/\\\/hawaymusic.com\\\/product\\\/focusrite-scarlett-8i6-interfaz-de-audio-usb-3ra-generacion\\\/#breadcrumb\"},\"inLanguage\":\"es-CO\",\"potentialAction\":[{\"@type\":\"ReadAction\",\"target\":[\"https:\\\/\\\/hawaymusic.com\\\/product\\\/focusrite-scarlett-8i6-interfaz-de-audio-usb-3ra-generacion\\\/\"]}]},{\"@type\":\"ImageObject\",\"inLanguage\":\"es-CO\",\"@id\":\"https:\\\/\\\/hawaymusic.com\\\/product\\\/focusrite-scarlett-8i6-interfaz-de-audio-usb-3ra-generacion\\\/#primaryimage\",\"url\":\"https:\\\/\\\/i0.wp.com\\\/hawaymusic.com\\\/wp-content\\\/uploads\\\/2022\\\/08\\\/focus1.jpg?fit=1080%2C1080&ssl=1\",\"contentUrl\":\"https:\\\/\\\/i0.wp.com\\\/hawaymusic.com\\\/wp-content\\\/uploads\\\/2022\\\/08\\\/focus1.jpg?fit=1080%2C1080&ssl=1\",\"width\":1080,\"height\":1080},{\"@type\":\"BreadcrumbList\",\"@id\":\"https:\\\/\\\/hawaymusic.com\\\/product\\\/focusrite-scarlett-8i6-interfaz-de-audio-usb-3ra-generacion\\\/#breadcrumb\",\"itemListElement\":[{\"@type\":\"ListItem\",\"position\":1,\"name\":\"Inicio\",\"item\":\"https:\\\/\\\/hawaymusic.com\\\/\"},{\"@type\":\"ListItem\",\"position\":2,\"name\":\"Shop\",\"item\":\"https:\\\/\\\/hawaymusic.com\\\/shop\\\/\"},{\"@type\":\"ListItem\",\"position\":3,\"name\":\"Focusrite Scarlett 18i20 Interfaz de audio USB (3ra generaci\u00f3n) usada\"}]},{\"@type\":\"WebSite\",\"@id\":\"https:\\\/\\\/hawaymusic.com\\\/#website\",\"url\":\"https:\\\/\\\/hawaymusic.com\\\/\",\"name\":\"Haway Music\",\"description\":\"La mejor tienda de instrumentos musicales en Ecuador\",\"potentialAction\":[{\"@type\":\"SearchAction\",\"target\":{\"@type\":\"EntryPoint\",\"urlTemplate\":\"https:\\\/\\\/hawaymusic.com\\\/?s={search_term_string}\"},\"query-input\":{\"@type\":\"PropertyValueSpecification\",\"valueRequired\":true,\"valueName\":\"search_term_string\"}}],\"inLanguage\":\"es-CO\"}]}<\/script>\n<!-- \/ Yoast SEO plugin. -->","yoast_head_json":{"title":"Focusrite Scarlett 18i20 Interfaz de audio USB (3ra generaci\u00f3n) usada - Haway Music","robots":{"index":"index","follow":"follow","max-snippet":"max-snippet:-1","max-image-preview":"max-image-preview:large","max-video-preview":"max-video-preview:-1"},"canonical":"https:\/\/hawaymusic.com\/es\/product\/focusrite-scarlett-8i6-interfaz-de-audio-usb-3ra-generacion\/","og_locale":"es_ES","og_type":"article","og_title":"Focusrite Scarlett 18i20 Interfaz de audio USB (3ra generaci\u00f3n) usada - Haway Music","og_description":"Ocho de los mejores preamplificadores de micr\u00f3fono que la gama Scarlett ha visto, ahora con modo de aire conmutable para dar a tus grabaciones un sonido m\u00e1s brillante y m\u00e1s abierto. Dos entradas de instrumento de alta altura para conectar tu guitarra o bajo. Cuatro salidas de monitor con tecnolog\u00eda anti-thump y conmutaci\u00f3n de altavoz, y funcionalidad de conversaci\u00f3n integrada con micr\u00f3fono de conversaci\u00f3n frontal integrado. Ocho entradas de l\u00ednea equilibradas para conectar sintetizadores, m\u00e1quinas de tambor y otras fuentes de nivel de l\u00ednea.  Los convertidores de alto rendimiento te permiten grabar y mezclar hasta 24 bits\/192 kHz.  Herramienta de inicio r\u00e1pido para levantarse y correr m\u00e1s f\u00e1cil que nunca.  Incluye Pro Tools | Primer paquete creativo Focusrite, Ableton Live Lite, Softube Time and Tone Bundle, Focusrite, Red Plug-in Suite, 3 meses de suscripci\u00f3n de Splice y su elecci\u00f3n de un instrumento virtual XLN Addictive Keys gratis, todo disponible a trav\u00e9s de descarga al comprar y registrar.  Oferta de tiempo limitado: Raz\u00f3n Lite gratis al registro y descarga.","og_url":"https:\/\/hawaymusic.com\/es\/product\/focusrite-scarlett-8i6-interfaz-de-audio-usb-3ra-generacion\/","og_site_name":"Haway Music","article_modified_time":"2025-09-11T22:31:33+00:00","og_image":[{"width":1080,"height":1080,"url":"https:\/\/hawaymusic.com\/wp-content\/uploads\/2022\/08\/focus1.jpg","type":"image\/jpeg"}],"twitter_card":"summary_large_image","twitter_misc":{"Tiempo de lectura":"2 minutos"},"schema":{"@context":"https:\/\/schema.org","@graph":[{"@type":"WebPage","@id":"https:\/\/hawaymusic.com\/product\/focusrite-scarlett-8i6-interfaz-de-audio-usb-3ra-generacion\/","url":"https:\/\/hawaymusic.com\/product\/focusrite-scarlett-8i6-interfaz-de-audio-usb-3ra-generacion\/","name":"Focusrite Scarlett 18i20 Interfaz de audio USB (3ra generaci\u00f3n) usada - Haway Music","isPartOf":{"@id":"https:\/\/hawaymusic.com\/#website"},"primaryImageOfPage":{"@id":"https:\/\/hawaymusic.com\/product\/focusrite-scarlett-8i6-interfaz-de-audio-usb-3ra-generacion\/#primaryimage"},"image":{"@id":"https:\/\/hawaymusic.com\/product\/focusrite-scarlett-8i6-interfaz-de-audio-usb-3ra-generacion\/#primaryimage"},"thumbnailUrl":"https:\/\/i0.wp.com\/hawaymusic.com\/wp-content\/uploads\/2022\/08\/focus1.jpg?fit=1080%2C1080&ssl=1","datePublished":"2022-08-16T00:41:13+00:00","dateModified":"2025-09-11T22:31:33+00:00","breadcrumb":{"@id":"https:\/\/hawaymusic.com\/product\/focusrite-scarlett-8i6-interfaz-de-audio-usb-3ra-generacion\/#breadcrumb"},"inLanguage":"es-CO","potentialAction":[{"@type":"ReadAction","target":["https:\/\/hawaymusic.com\/product\/focusrite-scarlett-8i6-interfaz-de-audio-usb-3ra-generacion\/"]}]},{"@type":"ImageObject","inLanguage":"es-CO","@id":"https:\/\/hawaymusic.com\/product\/focusrite-scarlett-8i6-interfaz-de-audio-usb-3ra-generacion\/#primaryimage","url":"https:\/\/i0.wp.com\/hawaymusic.com\/wp-content\/uploads\/2022\/08\/focus1.jpg?fit=1080%2C1080&ssl=1","contentUrl":"https:\/\/i0.wp.com\/hawaymusic.com\/wp-content\/uploads\/2022\/08\/focus1.jpg?fit=1080%2C1080&ssl=1","width":1080,"height":1080},{"@type":"BreadcrumbList","@id":"https:\/\/hawaymusic.com\/product\/focusrite-scarlett-8i6-interfaz-de-audio-usb-3ra-generacion\/#breadcrumb","itemListElement":[{"@type":"ListItem","position":1,"name":"Inicio","item":"https:\/\/hawaymusic.com\/"},{"@type":"ListItem","position":2,"name":"Shop","item":"https:\/\/hawaymusic.com\/shop\/"},{"@type":"ListItem","position":3,"name":"Focusrite Scarlett 18i20 Interfaz de audio USB (3ra generaci\u00f3n) usada"}]},{"@type":"WebSite","@id":"https:\/\/hawaymusic.com\/#website","url":"https:\/\/hawaymusic.com\/","name":"Haway Music","description":"La mejor tienda de instrumentos musicales en Ecuador","potentialAction":[{"@type":"SearchAction","target":{"@type":"EntryPoint","urlTemplate":"https:\/\/hawaymusic.com\/?s={search_term_string}"},"query-input":{"@type":"PropertyValueSpecification","valueRequired":true,"valueName":"search_term_string"}}],"inLanguage":"es-CO"}]}},"jetpack_sharing_enabled":true,"brands":[],"_links":{"self":[{"href":"https:\/\/hawaymusic.com\/es\/wp-json\/wp\/v2\/product\/290","targetHints":{"allow":["GET"]}}],"collection":[{"href":"https:\/\/hawaymusic.com\/es\/wp-json\/wp\/v2\/product"}],"about":[{"href":"https:\/\/hawaymusic.com\/es\/wp-json\/wp\/v2\/types\/product"}],"replies":[{"embeddable":true,"href":"https:\/\/hawaymusic.com\/es\/wp-json\/wp\/v2\/comments?post=290"}],"wp:featuredmedia":[{"embeddable":true,"href":"https:\/\/hawaymusic.com\/es\/wp-json\/wp\/v2\/media\/292"}],"wp:attachment":[{"href":"https:\/\/hawaymusic.com\/es\/wp-json\/wp\/v2\/media?parent=290"}],"wp:term":[{"taxonomy":"pwb-brand","embeddable":true,"href":"https:\/\/hawaymusic.com\/es\/wp-json\/wp\/v2\/pwb-brand?post=290"},{"taxonomy":"product_brand","embeddable":true,"href":"https:\/\/hawaymusic.com\/es\/wp-json\/wp\/v2\/product_brand?post=290"},{"taxonomy":"product_cat","embeddable":true,"href":"https:\/\/hawaymusic.com\/es\/wp-json\/wp\/v2\/product_cat?post=290"},{"taxonomy":"product_tag","embeddable":true,"href":"https:\/\/hawaymusic.com\/es\/wp-json\/wp\/v2\/product_tag?post=290"}],"curies":[{"name":"wp","href":"https:\/\/api.w.org\/{rel}","templated":true}]}}