{"id":286,"date":"2022-08-16T00:36:15","date_gmt":"2022-08-16T00:36:15","guid":{"rendered":"https:\/\/hawaymusic.com\/?post_type=product&#038;p=286"},"modified":"2022-09-16T22:40:38","modified_gmt":"2022-09-16T22:40:38","slug":"pedaltrain-nano-con-estuche-suave-pt-npl-sc","status":"publish","type":"product","link":"https:\/\/hawaymusic.com\/es\/product\/pedaltrain-nano-con-estuche-suave-pt-npl-sc\/","title":{"rendered":"Pedaltrain Nano Plus con estuche suave PT-NPL-SC"},"content":{"rendered":"<div class=\"wpb-content-wrapper\"><div class=\"vc_row wpb_row vc_row-fluid\"><div class=\"wpb_column vc_column_container vc_col-sm-12\"><div class=\"vc_column-inner\"><div class=\"wpb_wrapper\">\n\t<div class=\"wpb_video_widget wpb_content_element vc_clearfix vc_video-aspect-ratio-169 vc_video-el-width-100 vc_video-align-left\" >\n\t\t<div class=\"wpb_wrapper\">\n\t\t\t\n\t\t\t<div class=\"wpb_video_wrapper\"><iframe loading=\"lazy\" title=\"Pedaltrain Nano+ Unboxing and Tips &amp; Tricks!\" width=\"500\" height=\"281\" src=\"https:\/\/www.youtube.com\/embed\/93tVYrIMZhI?feature=oembed\" frameborder=\"0\" allow=\"accelerometer; autoplay; clipboard-write; encrypted-media; gyroscope; picture-in-picture; web-share\" allowfullscreen><\/iframe><\/div>\n\t\t<\/div>\n\t<\/div>\n\n\t<div class=\"wpb_text_column wpb_content_element\" >\n\t\t<div class=\"wpb_wrapper\">\n\t\t\t<p>No dejes que su peque\u00f1o tama\u00f1o te enga\u00f1e. Nano+ es la base de algunos equipos muy potentes. Nano+ es el \u00fanico sistema de pedalera de dos carriles de Pedaltrain. Ultracompacto y port\u00e1til, Nano+ es similar a su hermano peque\u00f1o, Nano, pero con 4\u201d m\u00e1s de espacio (solo para unos pocos pedales m\u00e1s) y el espacio entre rieles modificado de Pedaltrain. Incluso los pedales m\u00e1s peque\u00f1os agarran Nano+ y no lo sueltan. Nano+ incluye 36\u201d del sujetador de pedal de velcro de grado profesional de Pedaltrain y muchas bridas para asegurar los cables. Con la compra se incluye el estuche blando ajustado de Pedaltrain (con una cremallera de metal resistente y puntos de tensi\u00f3n reforzados).<\/p>\n\n\t\t<\/div>\n\t<\/div>\n<\/div><\/div><\/div><\/div>\n<\/div>","protected":false},"excerpt":{"rendered":"<ul class=\"a-unordered-list a-vertical a-spacing-mini\">\n<li><span class=\"a-list-item\">S\u00e1bana bajera ajustable, funda blanda con una cierre de metal resistente y reforzado estr\u00e9s puntos incluidos<\/span><\/li>\n<li><span class=\"a-list-item\">18\u00a0x 5\u00a0x 1.4\u00a0inch pedalera; de aluminio fabricada a mano con acabado mate duradero<\/span><\/li>\n<li><span class=\"a-list-item\">36\u00a0inches profesional\u00a0\u2013\u00a0Con Velcro para asegurar pedales y cierre bridas incluidas<\/span><\/li>\n<\/ul>","protected":false},"featured_media":288,"comment_status":"open","ping_status":"closed","template":"","meta":[],"pwb-brand":[],"product_brand":[],"product_cat":[25],"product_tag":[],"class_list":{"0":"post-286","1":"product","2":"type-product","3":"status-publish","4":"has-post-thumbnail","6":"product_cat-accesorios","8":"first","9":"instock","10":"taxable","11":"shipping-taxable","12":"purchasable","13":"product-type-simple"},"yoast_head":"<!-- This site is optimized with the Yoast SEO plugin v27.6 - https:\/\/yoast.com\/product\/yoast-seo-wordpress\/ -->\n<title>Pedaltrain Nano Plus con estuche suave PT-NPL-SC - Haway Music<\/title>\n<meta name=\"robots\" content=\"index, follow, max-snippet:-1, max-image-preview:large, max-video-preview:-1\" \/>\n<link rel=\"canonical\" href=\"https:\/\/hawaymusic.com\/es\/product\/pedaltrain-nano-con-estuche-suave-pt-npl-sc\/\" \/>\n<meta property=\"og:locale\" content=\"es_ES\" \/>\n<meta property=\"og:type\" content=\"article\" \/>\n<meta property=\"og:title\" content=\"Pedaltrain Nano Plus con estuche suave PT-NPL-SC - Haway Music\" \/>\n<meta property=\"og:description\" content=\"S\u00e1bana bajera ajustable, funda blanda con una cierre de metal resistente y reforzado estr\u00e9s puntos incluidos  18\u00a0x 5\u00a0x 1.4\u00a0inch pedalera; de aluminio fabricada a mano con acabado mate duradero  36\u00a0inches profesional\u00a0\u2013\u00a0Con Velcro para asegurar pedales y cierre bridas incluidas\" \/>\n<meta property=\"og:url\" content=\"https:\/\/hawaymusic.com\/es\/product\/pedaltrain-nano-con-estuche-suave-pt-npl-sc\/\" \/>\n<meta property=\"og:site_name\" content=\"Haway Music\" \/>\n<meta property=\"article:modified_time\" content=\"2022-09-16T22:40:38+00:00\" \/>\n<meta property=\"og:image\" content=\"https:\/\/hawaymusic.com\/wp-content\/uploads\/2022\/08\/ped-2.jpg\" \/>\n\t<meta property=\"og:image:width\" content=\"1080\" \/>\n\t<meta property=\"og:image:height\" content=\"1080\" \/>\n\t<meta property=\"og:image:type\" content=\"image\/jpeg\" \/>\n<meta name=\"twitter:card\" content=\"summary_large_image\" \/>\n<meta name=\"twitter:label1\" content=\"Tiempo de lectura\" \/>\n\t<meta name=\"twitter:data1\" content=\"1 minuto\" \/>\n<script type=\"application\/ld+json\" class=\"yoast-schema-graph\">{\"@context\":\"https:\\\/\\\/schema.org\",\"@graph\":[{\"@type\":\"WebPage\",\"@id\":\"https:\\\/\\\/hawaymusic.com\\\/product\\\/pedaltrain-nano-con-estuche-suave-pt-npl-sc\\\/\",\"url\":\"https:\\\/\\\/hawaymusic.com\\\/product\\\/pedaltrain-nano-con-estuche-suave-pt-npl-sc\\\/\",\"name\":\"Pedaltrain Nano Plus con estuche suave PT-NPL-SC - Haway Music\",\"isPartOf\":{\"@id\":\"https:\\\/\\\/hawaymusic.com\\\/#website\"},\"primaryImageOfPage\":{\"@id\":\"https:\\\/\\\/hawaymusic.com\\\/product\\\/pedaltrain-nano-con-estuche-suave-pt-npl-sc\\\/#primaryimage\"},\"image\":{\"@id\":\"https:\\\/\\\/hawaymusic.com\\\/product\\\/pedaltrain-nano-con-estuche-suave-pt-npl-sc\\\/#primaryimage\"},\"thumbnailUrl\":\"https:\\\/\\\/i0.wp.com\\\/hawaymusic.com\\\/wp-content\\\/uploads\\\/2022\\\/08\\\/ped-2.jpg?fit=1080%2C1080&ssl=1\",\"datePublished\":\"2022-08-16T00:36:15+00:00\",\"dateModified\":\"2022-09-16T22:40:38+00:00\",\"breadcrumb\":{\"@id\":\"https:\\\/\\\/hawaymusic.com\\\/product\\\/pedaltrain-nano-con-estuche-suave-pt-npl-sc\\\/#breadcrumb\"},\"inLanguage\":\"es-CO\",\"potentialAction\":[{\"@type\":\"ReadAction\",\"target\":[\"https:\\\/\\\/hawaymusic.com\\\/product\\\/pedaltrain-nano-con-estuche-suave-pt-npl-sc\\\/\"]}]},{\"@type\":\"ImageObject\",\"inLanguage\":\"es-CO\",\"@id\":\"https:\\\/\\\/hawaymusic.com\\\/product\\\/pedaltrain-nano-con-estuche-suave-pt-npl-sc\\\/#primaryimage\",\"url\":\"https:\\\/\\\/i0.wp.com\\\/hawaymusic.com\\\/wp-content\\\/uploads\\\/2022\\\/08\\\/ped-2.jpg?fit=1080%2C1080&ssl=1\",\"contentUrl\":\"https:\\\/\\\/i0.wp.com\\\/hawaymusic.com\\\/wp-content\\\/uploads\\\/2022\\\/08\\\/ped-2.jpg?fit=1080%2C1080&ssl=1\",\"width\":1080,\"height\":1080},{\"@type\":\"BreadcrumbList\",\"@id\":\"https:\\\/\\\/hawaymusic.com\\\/product\\\/pedaltrain-nano-con-estuche-suave-pt-npl-sc\\\/#breadcrumb\",\"itemListElement\":[{\"@type\":\"ListItem\",\"position\":1,\"name\":\"Inicio\",\"item\":\"https:\\\/\\\/hawaymusic.com\\\/\"},{\"@type\":\"ListItem\",\"position\":2,\"name\":\"Shop\",\"item\":\"https:\\\/\\\/hawaymusic.com\\\/shop\\\/\"},{\"@type\":\"ListItem\",\"position\":3,\"name\":\"Pedaltrain Nano Plus con estuche suave PT-NPL-SC\"}]},{\"@type\":\"WebSite\",\"@id\":\"https:\\\/\\\/hawaymusic.com\\\/#website\",\"url\":\"https:\\\/\\\/hawaymusic.com\\\/\",\"name\":\"Haway Music\",\"description\":\"La mejor tienda de instrumentos musicales en Ecuador\",\"potentialAction\":[{\"@type\":\"SearchAction\",\"target\":{\"@type\":\"EntryPoint\",\"urlTemplate\":\"https:\\\/\\\/hawaymusic.com\\\/?s={search_term_string}\"},\"query-input\":{\"@type\":\"PropertyValueSpecification\",\"valueRequired\":true,\"valueName\":\"search_term_string\"}}],\"inLanguage\":\"es-CO\"}]}<\/script>\n<!-- \/ Yoast SEO plugin. -->","yoast_head_json":{"title":"Pedaltrain Nano Plus con estuche suave PT-NPL-SC - Haway Music","robots":{"index":"index","follow":"follow","max-snippet":"max-snippet:-1","max-image-preview":"max-image-preview:large","max-video-preview":"max-video-preview:-1"},"canonical":"https:\/\/hawaymusic.com\/es\/product\/pedaltrain-nano-con-estuche-suave-pt-npl-sc\/","og_locale":"es_ES","og_type":"article","og_title":"Pedaltrain Nano Plus con estuche suave PT-NPL-SC - Haway Music","og_description":"S\u00e1bana bajera ajustable, funda blanda con una cierre de metal resistente y reforzado estr\u00e9s puntos incluidos  18\u00a0x 5\u00a0x 1.4\u00a0inch pedalera; de aluminio fabricada a mano con acabado mate duradero  36\u00a0inches profesional\u00a0\u2013\u00a0Con Velcro para asegurar pedales y cierre bridas incluidas","og_url":"https:\/\/hawaymusic.com\/es\/product\/pedaltrain-nano-con-estuche-suave-pt-npl-sc\/","og_site_name":"Haway Music","article_modified_time":"2022-09-16T22:40:38+00:00","og_image":[{"width":1080,"height":1080,"url":"https:\/\/hawaymusic.com\/wp-content\/uploads\/2022\/08\/ped-2.jpg","type":"image\/jpeg"}],"twitter_card":"summary_large_image","twitter_misc":{"Tiempo de lectura":"1 minuto"},"schema":{"@context":"https:\/\/schema.org","@graph":[{"@type":"WebPage","@id":"https:\/\/hawaymusic.com\/product\/pedaltrain-nano-con-estuche-suave-pt-npl-sc\/","url":"https:\/\/hawaymusic.com\/product\/pedaltrain-nano-con-estuche-suave-pt-npl-sc\/","name":"Pedaltrain Nano Plus con estuche suave PT-NPL-SC - Haway Music","isPartOf":{"@id":"https:\/\/hawaymusic.com\/#website"},"primaryImageOfPage":{"@id":"https:\/\/hawaymusic.com\/product\/pedaltrain-nano-con-estuche-suave-pt-npl-sc\/#primaryimage"},"image":{"@id":"https:\/\/hawaymusic.com\/product\/pedaltrain-nano-con-estuche-suave-pt-npl-sc\/#primaryimage"},"thumbnailUrl":"https:\/\/i0.wp.com\/hawaymusic.com\/wp-content\/uploads\/2022\/08\/ped-2.jpg?fit=1080%2C1080&ssl=1","datePublished":"2022-08-16T00:36:15+00:00","dateModified":"2022-09-16T22:40:38+00:00","breadcrumb":{"@id":"https:\/\/hawaymusic.com\/product\/pedaltrain-nano-con-estuche-suave-pt-npl-sc\/#breadcrumb"},"inLanguage":"es-CO","potentialAction":[{"@type":"ReadAction","target":["https:\/\/hawaymusic.com\/product\/pedaltrain-nano-con-estuche-suave-pt-npl-sc\/"]}]},{"@type":"ImageObject","inLanguage":"es-CO","@id":"https:\/\/hawaymusic.com\/product\/pedaltrain-nano-con-estuche-suave-pt-npl-sc\/#primaryimage","url":"https:\/\/i0.wp.com\/hawaymusic.com\/wp-content\/uploads\/2022\/08\/ped-2.jpg?fit=1080%2C1080&ssl=1","contentUrl":"https:\/\/i0.wp.com\/hawaymusic.com\/wp-content\/uploads\/2022\/08\/ped-2.jpg?fit=1080%2C1080&ssl=1","width":1080,"height":1080},{"@type":"BreadcrumbList","@id":"https:\/\/hawaymusic.com\/product\/pedaltrain-nano-con-estuche-suave-pt-npl-sc\/#breadcrumb","itemListElement":[{"@type":"ListItem","position":1,"name":"Inicio","item":"https:\/\/hawaymusic.com\/"},{"@type":"ListItem","position":2,"name":"Shop","item":"https:\/\/hawaymusic.com\/shop\/"},{"@type":"ListItem","position":3,"name":"Pedaltrain Nano Plus con estuche suave PT-NPL-SC"}]},{"@type":"WebSite","@id":"https:\/\/hawaymusic.com\/#website","url":"https:\/\/hawaymusic.com\/","name":"Haway Music","description":"La mejor tienda de instrumentos musicales en Ecuador","potentialAction":[{"@type":"SearchAction","target":{"@type":"EntryPoint","urlTemplate":"https:\/\/hawaymusic.com\/?s={search_term_string}"},"query-input":{"@type":"PropertyValueSpecification","valueRequired":true,"valueName":"search_term_string"}}],"inLanguage":"es-CO"}]}},"jetpack_sharing_enabled":true,"brands":[],"_links":{"self":[{"href":"https:\/\/hawaymusic.com\/es\/wp-json\/wp\/v2\/product\/286","targetHints":{"allow":["GET"]}}],"collection":[{"href":"https:\/\/hawaymusic.com\/es\/wp-json\/wp\/v2\/product"}],"about":[{"href":"https:\/\/hawaymusic.com\/es\/wp-json\/wp\/v2\/types\/product"}],"replies":[{"embeddable":true,"href":"https:\/\/hawaymusic.com\/es\/wp-json\/wp\/v2\/comments?post=286"}],"wp:featuredmedia":[{"embeddable":true,"href":"https:\/\/hawaymusic.com\/es\/wp-json\/wp\/v2\/media\/288"}],"wp:attachment":[{"href":"https:\/\/hawaymusic.com\/es\/wp-json\/wp\/v2\/media?parent=286"}],"wp:term":[{"taxonomy":"pwb-brand","embeddable":true,"href":"https:\/\/hawaymusic.com\/es\/wp-json\/wp\/v2\/pwb-brand?post=286"},{"taxonomy":"product_brand","embeddable":true,"href":"https:\/\/hawaymusic.com\/es\/wp-json\/wp\/v2\/product_brand?post=286"},{"taxonomy":"product_cat","embeddable":true,"href":"https:\/\/hawaymusic.com\/es\/wp-json\/wp\/v2\/product_cat?post=286"},{"taxonomy":"product_tag","embeddable":true,"href":"https:\/\/hawaymusic.com\/es\/wp-json\/wp\/v2\/product_tag?post=286"}],"curies":[{"name":"wp","href":"https:\/\/api.w.org\/{rel}","templated":true}]}}