{"id":282,"date":"2022-08-16T00:33:31","date_gmt":"2022-08-16T00:33:31","guid":{"rendered":"https:\/\/hawaymusic.com\/?post_type=product&#038;p=282"},"modified":"2025-11-03T19:15:49","modified_gmt":"2025-11-03T19:15:49","slug":"pt-cl2-sc-pedaltrain-soporte-clasico-para-pedal-2-con-funda-blanda","status":"publish","type":"product","link":"https:\/\/hawaymusic.com\/es\/product\/pt-cl2-sc-pedaltrain-soporte-clasico-para-pedal-2-con-funda-blanda\/","title":{"rendered":"PT-CL2-SC Pedaltrain soporte cl\u00e1sico para pedal 2 con funda blanda"},"content":{"rendered":"<div class=\"wpb-content-wrapper\"><div class=\"vc_row wpb_row vc_row-fluid\"><div class=\"wpb_column vc_column_container vc_col-sm-12\"><div class=\"vc_column-inner\"><div class=\"wpb_wrapper\">\n\t<div class=\"wpb_video_widget wpb_content_element vc_clearfix vc_video-aspect-ratio-169 vc_video-el-width-100 vc_video-align-left\" >\n\t\t<div class=\"wpb_wrapper\">\n\t\t\t\n\t\t\t<div class=\"wpb_video_wrapper\"><iframe loading=\"lazy\" title=\"Review PT-CL2-TC Pedaltrain Classic 2 w\/tour case 2021\" width=\"500\" height=\"281\" src=\"https:\/\/www.youtube.com\/embed\/jTHy-uF64GA?feature=oembed\" frameborder=\"0\" allow=\"accelerometer; autoplay; clipboard-write; encrypted-media; gyroscope; picture-in-picture; web-share\" allowfullscreen><\/iframe><\/div>\n\t\t<\/div>\n\t<\/div>\n\n\t<div class=\"wpb_text_column wpb_content_element\" >\n\t\t<div class=\"wpb_wrapper\">\n\t\t\t<p><strong>PT-CL2-SC &#8211; Pedaltrain Classic 2 con estuche blando<\/strong><br \/>\nEl Classic 2 deber\u00eda resultarle familiar. Basado en el PT-2 original, el Classic 2 presenta el dise\u00f1o original de cuatro rieles de Pedaltrain y el espaciado de rieles tradicional. Sin embargo, el Classic 2 se actualiz\u00f3 con un dise\u00f1o frontal abierto (los ojos de buey son historia) lo que hace que el montaje de la fuente de alimentaci\u00f3n sea m\u00e1s flexible y conveniente. La elevaci\u00f3n se ha elevado aproximadamente 1 pulgada para despejar una variedad m\u00e1s amplia de fuentes de alimentaci\u00f3n y sistemas de conmutaci\u00f3n. Classic 2 est\u00e1 disponible para comprar con el estuche blando ajustado de Pedaltrain (con una cremallera de metal resistente y puntos de tensi\u00f3n reforzados) o con el estuche para giras de nivel profesional de Pedaltrain.<\/p>\n\n\t\t<\/div>\n\t<\/div>\n<\/div><\/div><\/div><\/div>\n<\/div>","protected":false},"excerpt":{"rendered":"<ul class=\"a-unordered-list a-vertical a-spacing-mini\">\n<li><span class=\"a-list-item\">S\u00e1bana bajera ajustable, funda blanda con una cierre de metal resistente y reforzado estr\u00e9s puntos incluidos<\/span><\/li>\n<li><span class=\"a-list-item\">24\u00a0x 12.5\u00a0x 3.5\u00a0inch pedalera; de aluminio fabricada a mano con acabado mate duradero<\/span><\/li>\n<li><span class=\"a-list-item\">96\u00a0inches profesional\u00a0\u2013\u00a0Con Velcro para asegurar pedales y cierre bridas incluidas<\/span><\/li>\n<\/ul>","protected":false},"featured_media":284,"comment_status":"open","ping_status":"closed","template":"","meta":[],"pwb-brand":[],"product_brand":[],"product_cat":[25],"product_tag":[],"class_list":{"0":"post-282","1":"product","2":"type-product","3":"status-publish","4":"has-post-thumbnail","6":"product_cat-accesorios","8":"first","9":"instock","10":"taxable","11":"shipping-taxable","12":"purchasable","13":"product-type-simple"},"yoast_head":"<!-- This site is optimized with the Yoast SEO plugin v27.5 - https:\/\/yoast.com\/product\/yoast-seo-wordpress\/ -->\n<title>PT-CL2-SC Pedaltrain soporte cl\u00e1sico para pedal 2 con funda blanda - Haway Music<\/title>\n<meta name=\"robots\" content=\"index, follow, max-snippet:-1, max-image-preview:large, max-video-preview:-1\" \/>\n<link rel=\"canonical\" href=\"https:\/\/hawaymusic.com\/es\/product\/pt-cl2-sc-pedaltrain-soporte-clasico-para-pedal-2-con-funda-blanda\/\" \/>\n<meta property=\"og:locale\" content=\"es_ES\" \/>\n<meta property=\"og:type\" content=\"article\" \/>\n<meta property=\"og:title\" content=\"PT-CL2-SC Pedaltrain soporte cl\u00e1sico para pedal 2 con funda blanda - Haway Music\" \/>\n<meta property=\"og:description\" content=\"S\u00e1bana bajera ajustable, funda blanda con una cierre de metal resistente y reforzado estr\u00e9s puntos incluidos  24\u00a0x 12.5\u00a0x 3.5\u00a0inch pedalera; de aluminio fabricada a mano con acabado mate duradero  96\u00a0inches profesional\u00a0\u2013\u00a0Con Velcro para asegurar pedales y cierre bridas incluidas\" \/>\n<meta property=\"og:url\" content=\"https:\/\/hawaymusic.com\/es\/product\/pt-cl2-sc-pedaltrain-soporte-clasico-para-pedal-2-con-funda-blanda\/\" \/>\n<meta property=\"og:site_name\" content=\"Haway Music\" \/>\n<meta property=\"article:modified_time\" content=\"2025-11-03T19:15:49+00:00\" \/>\n<meta property=\"og:image\" content=\"https:\/\/hawaymusic.com\/wp-content\/uploads\/2022\/08\/pedal-2-2.jpg\" \/>\n\t<meta property=\"og:image:width\" content=\"1080\" \/>\n\t<meta property=\"og:image:height\" content=\"1080\" \/>\n\t<meta property=\"og:image:type\" content=\"image\/jpeg\" \/>\n<meta name=\"twitter:card\" content=\"summary_large_image\" \/>\n<meta name=\"twitter:label1\" content=\"Tiempo de lectura\" \/>\n\t<meta name=\"twitter:data1\" content=\"1 minuto\" \/>\n<script type=\"application\/ld+json\" class=\"yoast-schema-graph\">{\"@context\":\"https:\\\/\\\/schema.org\",\"@graph\":[{\"@type\":\"WebPage\",\"@id\":\"https:\\\/\\\/hawaymusic.com\\\/product\\\/pt-cl2-sc-pedaltrain-soporte-clasico-para-pedal-2-con-funda-blanda\\\/\",\"url\":\"https:\\\/\\\/hawaymusic.com\\\/product\\\/pt-cl2-sc-pedaltrain-soporte-clasico-para-pedal-2-con-funda-blanda\\\/\",\"name\":\"PT-CL2-SC Pedaltrain soporte cl\u00e1sico para pedal 2 con funda blanda - Haway Music\",\"isPartOf\":{\"@id\":\"https:\\\/\\\/hawaymusic.com\\\/#website\"},\"primaryImageOfPage\":{\"@id\":\"https:\\\/\\\/hawaymusic.com\\\/product\\\/pt-cl2-sc-pedaltrain-soporte-clasico-para-pedal-2-con-funda-blanda\\\/#primaryimage\"},\"image\":{\"@id\":\"https:\\\/\\\/hawaymusic.com\\\/product\\\/pt-cl2-sc-pedaltrain-soporte-clasico-para-pedal-2-con-funda-blanda\\\/#primaryimage\"},\"thumbnailUrl\":\"https:\\\/\\\/i0.wp.com\\\/hawaymusic.com\\\/wp-content\\\/uploads\\\/2022\\\/08\\\/pedal-2-2.jpg?fit=1080%2C1080&ssl=1\",\"datePublished\":\"2022-08-16T00:33:31+00:00\",\"dateModified\":\"2025-11-03T19:15:49+00:00\",\"breadcrumb\":{\"@id\":\"https:\\\/\\\/hawaymusic.com\\\/product\\\/pt-cl2-sc-pedaltrain-soporte-clasico-para-pedal-2-con-funda-blanda\\\/#breadcrumb\"},\"inLanguage\":\"es-CO\",\"potentialAction\":[{\"@type\":\"ReadAction\",\"target\":[\"https:\\\/\\\/hawaymusic.com\\\/product\\\/pt-cl2-sc-pedaltrain-soporte-clasico-para-pedal-2-con-funda-blanda\\\/\"]}]},{\"@type\":\"ImageObject\",\"inLanguage\":\"es-CO\",\"@id\":\"https:\\\/\\\/hawaymusic.com\\\/product\\\/pt-cl2-sc-pedaltrain-soporte-clasico-para-pedal-2-con-funda-blanda\\\/#primaryimage\",\"url\":\"https:\\\/\\\/i0.wp.com\\\/hawaymusic.com\\\/wp-content\\\/uploads\\\/2022\\\/08\\\/pedal-2-2.jpg?fit=1080%2C1080&ssl=1\",\"contentUrl\":\"https:\\\/\\\/i0.wp.com\\\/hawaymusic.com\\\/wp-content\\\/uploads\\\/2022\\\/08\\\/pedal-2-2.jpg?fit=1080%2C1080&ssl=1\",\"width\":1080,\"height\":1080},{\"@type\":\"BreadcrumbList\",\"@id\":\"https:\\\/\\\/hawaymusic.com\\\/product\\\/pt-cl2-sc-pedaltrain-soporte-clasico-para-pedal-2-con-funda-blanda\\\/#breadcrumb\",\"itemListElement\":[{\"@type\":\"ListItem\",\"position\":1,\"name\":\"Inicio\",\"item\":\"https:\\\/\\\/hawaymusic.com\\\/\"},{\"@type\":\"ListItem\",\"position\":2,\"name\":\"Shop\",\"item\":\"https:\\\/\\\/hawaymusic.com\\\/shop\\\/\"},{\"@type\":\"ListItem\",\"position\":3,\"name\":\"PT-CL2-SC Pedaltrain soporte cl\u00e1sico para pedal 2 con funda blanda\"}]},{\"@type\":\"WebSite\",\"@id\":\"https:\\\/\\\/hawaymusic.com\\\/#website\",\"url\":\"https:\\\/\\\/hawaymusic.com\\\/\",\"name\":\"Haway Music\",\"description\":\"La mejor tienda de instrumentos musicales en Ecuador\",\"potentialAction\":[{\"@type\":\"SearchAction\",\"target\":{\"@type\":\"EntryPoint\",\"urlTemplate\":\"https:\\\/\\\/hawaymusic.com\\\/?s={search_term_string}\"},\"query-input\":{\"@type\":\"PropertyValueSpecification\",\"valueRequired\":true,\"valueName\":\"search_term_string\"}}],\"inLanguage\":\"es-CO\"}]}<\/script>\n<!-- \/ Yoast SEO plugin. -->","yoast_head_json":{"title":"PT-CL2-SC Pedaltrain soporte cl\u00e1sico para pedal 2 con funda blanda - Haway Music","robots":{"index":"index","follow":"follow","max-snippet":"max-snippet:-1","max-image-preview":"max-image-preview:large","max-video-preview":"max-video-preview:-1"},"canonical":"https:\/\/hawaymusic.com\/es\/product\/pt-cl2-sc-pedaltrain-soporte-clasico-para-pedal-2-con-funda-blanda\/","og_locale":"es_ES","og_type":"article","og_title":"PT-CL2-SC Pedaltrain soporte cl\u00e1sico para pedal 2 con funda blanda - Haway Music","og_description":"S\u00e1bana bajera ajustable, funda blanda con una cierre de metal resistente y reforzado estr\u00e9s puntos incluidos  24\u00a0x 12.5\u00a0x 3.5\u00a0inch pedalera; de aluminio fabricada a mano con acabado mate duradero  96\u00a0inches profesional\u00a0\u2013\u00a0Con Velcro para asegurar pedales y cierre bridas incluidas","og_url":"https:\/\/hawaymusic.com\/es\/product\/pt-cl2-sc-pedaltrain-soporte-clasico-para-pedal-2-con-funda-blanda\/","og_site_name":"Haway Music","article_modified_time":"2025-11-03T19:15:49+00:00","og_image":[{"width":1080,"height":1080,"url":"https:\/\/hawaymusic.com\/wp-content\/uploads\/2022\/08\/pedal-2-2.jpg","type":"image\/jpeg"}],"twitter_card":"summary_large_image","twitter_misc":{"Tiempo de lectura":"1 minuto"},"schema":{"@context":"https:\/\/schema.org","@graph":[{"@type":"WebPage","@id":"https:\/\/hawaymusic.com\/product\/pt-cl2-sc-pedaltrain-soporte-clasico-para-pedal-2-con-funda-blanda\/","url":"https:\/\/hawaymusic.com\/product\/pt-cl2-sc-pedaltrain-soporte-clasico-para-pedal-2-con-funda-blanda\/","name":"PT-CL2-SC Pedaltrain soporte cl\u00e1sico para pedal 2 con funda blanda - Haway Music","isPartOf":{"@id":"https:\/\/hawaymusic.com\/#website"},"primaryImageOfPage":{"@id":"https:\/\/hawaymusic.com\/product\/pt-cl2-sc-pedaltrain-soporte-clasico-para-pedal-2-con-funda-blanda\/#primaryimage"},"image":{"@id":"https:\/\/hawaymusic.com\/product\/pt-cl2-sc-pedaltrain-soporte-clasico-para-pedal-2-con-funda-blanda\/#primaryimage"},"thumbnailUrl":"https:\/\/i0.wp.com\/hawaymusic.com\/wp-content\/uploads\/2022\/08\/pedal-2-2.jpg?fit=1080%2C1080&ssl=1","datePublished":"2022-08-16T00:33:31+00:00","dateModified":"2025-11-03T19:15:49+00:00","breadcrumb":{"@id":"https:\/\/hawaymusic.com\/product\/pt-cl2-sc-pedaltrain-soporte-clasico-para-pedal-2-con-funda-blanda\/#breadcrumb"},"inLanguage":"es-CO","potentialAction":[{"@type":"ReadAction","target":["https:\/\/hawaymusic.com\/product\/pt-cl2-sc-pedaltrain-soporte-clasico-para-pedal-2-con-funda-blanda\/"]}]},{"@type":"ImageObject","inLanguage":"es-CO","@id":"https:\/\/hawaymusic.com\/product\/pt-cl2-sc-pedaltrain-soporte-clasico-para-pedal-2-con-funda-blanda\/#primaryimage","url":"https:\/\/i0.wp.com\/hawaymusic.com\/wp-content\/uploads\/2022\/08\/pedal-2-2.jpg?fit=1080%2C1080&ssl=1","contentUrl":"https:\/\/i0.wp.com\/hawaymusic.com\/wp-content\/uploads\/2022\/08\/pedal-2-2.jpg?fit=1080%2C1080&ssl=1","width":1080,"height":1080},{"@type":"BreadcrumbList","@id":"https:\/\/hawaymusic.com\/product\/pt-cl2-sc-pedaltrain-soporte-clasico-para-pedal-2-con-funda-blanda\/#breadcrumb","itemListElement":[{"@type":"ListItem","position":1,"name":"Inicio","item":"https:\/\/hawaymusic.com\/"},{"@type":"ListItem","position":2,"name":"Shop","item":"https:\/\/hawaymusic.com\/shop\/"},{"@type":"ListItem","position":3,"name":"PT-CL2-SC Pedaltrain soporte cl\u00e1sico para pedal 2 con funda blanda"}]},{"@type":"WebSite","@id":"https:\/\/hawaymusic.com\/#website","url":"https:\/\/hawaymusic.com\/","name":"Haway Music","description":"La mejor tienda de instrumentos musicales en Ecuador","potentialAction":[{"@type":"SearchAction","target":{"@type":"EntryPoint","urlTemplate":"https:\/\/hawaymusic.com\/?s={search_term_string}"},"query-input":{"@type":"PropertyValueSpecification","valueRequired":true,"valueName":"search_term_string"}}],"inLanguage":"es-CO"}]}},"jetpack_sharing_enabled":true,"brands":[],"_links":{"self":[{"href":"https:\/\/hawaymusic.com\/es\/wp-json\/wp\/v2\/product\/282","targetHints":{"allow":["GET"]}}],"collection":[{"href":"https:\/\/hawaymusic.com\/es\/wp-json\/wp\/v2\/product"}],"about":[{"href":"https:\/\/hawaymusic.com\/es\/wp-json\/wp\/v2\/types\/product"}],"replies":[{"embeddable":true,"href":"https:\/\/hawaymusic.com\/es\/wp-json\/wp\/v2\/comments?post=282"}],"wp:featuredmedia":[{"embeddable":true,"href":"https:\/\/hawaymusic.com\/es\/wp-json\/wp\/v2\/media\/284"}],"wp:attachment":[{"href":"https:\/\/hawaymusic.com\/es\/wp-json\/wp\/v2\/media?parent=282"}],"wp:term":[{"taxonomy":"pwb-brand","embeddable":true,"href":"https:\/\/hawaymusic.com\/es\/wp-json\/wp\/v2\/pwb-brand?post=282"},{"taxonomy":"product_brand","embeddable":true,"href":"https:\/\/hawaymusic.com\/es\/wp-json\/wp\/v2\/product_brand?post=282"},{"taxonomy":"product_cat","embeddable":true,"href":"https:\/\/hawaymusic.com\/es\/wp-json\/wp\/v2\/product_cat?post=282"},{"taxonomy":"product_tag","embeddable":true,"href":"https:\/\/hawaymusic.com\/es\/wp-json\/wp\/v2\/product_tag?post=282"}],"curies":[{"name":"wp","href":"https:\/\/api.w.org\/{rel}","templated":true}]}}