{"id":274,"date":"2022-08-16T00:24:48","date_gmt":"2022-08-16T00:24:48","guid":{"rendered":"https:\/\/hawaymusic.com\/?post_type=product&#038;p=274"},"modified":"2022-12-13T16:45:04","modified_gmt":"2022-12-13T16:45:04","slug":"yamaha-teclado-portatil-psr-e273-de-61-teclas","status":"publish","type":"product","link":"https:\/\/hawaymusic.com\/es\/product\/yamaha-teclado-portatil-psr-e273-de-61-teclas\/","title":{"rendered":"Yamaha PSR-E273 Teclado Port\u00e1til de 61 teclas"},"content":{"rendered":"<div class=\"wpb-content-wrapper\"><div class=\"vc_row wpb_row vc_row-fluid\"><div class=\"wpb_column vc_column_container vc_col-sm-12\"><div class=\"vc_column-inner\"><div class=\"wpb_wrapper\">\n\t<div class=\"wpb_video_widget wpb_content_element vc_clearfix vc_video-aspect-ratio-169 vc_video-el-width-100 vc_video-align-left\" >\n\t\t<div class=\"wpb_wrapper\">\n\t\t\t\n\t\t\t<div class=\"wpb_video_wrapper\"><iframe loading=\"lazy\" title=\"Teclado Yamaha Psr E273 Review y mas!\" width=\"500\" height=\"281\" src=\"https:\/\/www.youtube.com\/embed\/UoLoa1vOlAI?feature=oembed\" frameborder=\"0\" allow=\"accelerometer; autoplay; clipboard-write; encrypted-media; gyroscope; picture-in-picture; web-share\" allowfullscreen><\/iframe><\/div>\n\t\t<\/div>\n\t<\/div>\n\n\t<div class=\"wpb_text_column wpb_content_element\" >\n\t\t<div class=\"wpb_wrapper\">\n\t\t\t<div class=\"celwidget aplus-module 3p-module-b aplus-standard\" data-csa-c-id=\"b7sb1o-ltjxhl-4tnk6n-w4ipwn\" data-cel-widget=\"aplus-3p-module-b\">\n<div class=\"aplus-module-wrapper aplus-3p-fixed-width\">\n<p class=\"a-spacing-base\">La PSR-E273 combina voces y estilos de calidad Yamaha con sofisticadas funciones de aprendizaje pr\u00e1cticas que inspiran a los jugadores principiantes a realizar su potencial y desarrollar el entusiasmo por el aprendizaje y la reproducci\u00f3n de m\u00fasica. Las diversas caracter\u00edsticas divertidas y educativas de la PSR-E273 garantizan un progreso r\u00e1pido, haciendo que toda la experiencia de aprendizaje sea divertida.<\/p>\n<\/div>\n<\/div>\n<div class=\"celwidget aplus-module module-4 aplus-standard\" data-csa-c-id=\"ls05ll-obqg2b-3dgdnv-5hsrde\" data-cel-widget=\"aplus-module-4\">\n<div class=\"a-expander-collapsed-height a-row a-expander-container a-expander-partial-collapse-container\" data-a-expander-name=\"aplus-module-expander\" data-a-expander-collapsed-height=\"700\">\n<div class=\"a-expander-content a-expander-partial-collapse-content\" aria-expanded=\"false\">\n<div class=\"aplus-module-wrapper apm-fixed-width\">\n<div class=\"apm-spacing\">\n<div class=\"apm-floatleft apm-fixed-width\">\n<div class=\"apm-spacing\"><\/div>\n<\/div>\n<\/div>\n<\/div>\n<\/div>\n<\/div>\n<\/div>\n\n\t\t<\/div>\n\t<\/div>\n<\/div><\/div><\/div><\/div>\n<\/div>","protected":false},"excerpt":{"rendered":"<ul class=\"a-unordered-list a-vertical a-spacing-mini\">\n<li><span class=\"a-list-item\">Cientos de voces de alta calidad, complementadas con kits de bater\u00eda y kits especiales FX, que aportan variedad y autenticidad a tu m\u00fasica.<\/span><\/li>\n<li><span class=\"a-list-item\">Ya sea que est\u00e9s tocando campo, rock and roll, o un samba, los estilos dan vida a tu m\u00fasica a\u00f1adiendo instrumentos de acompa\u00f1amiento de sensaci\u00f3n natural a tu toque.<\/span><\/li>\n<li><span class=\"a-list-item\">Smart Chord te permite tocar acordes de gran sonido, desde simples triadas Pop hasta complejos acordes de jazz s\u00e9ptimo con solo un dedo.<\/span><\/li>\n<li><span class=\"a-list-item\">61 teclas de tama\u00f1o completo son ideales para aprender y desarrollar la t\u00e9cnica de reproducci\u00f3n del teclado.<\/span><\/li>\n<li><span class=\"a-list-item\">El adaptador de corriente se vende por<\/span><\/li>\n<\/ul>","protected":false},"featured_media":275,"comment_status":"open","ping_status":"closed","template":"","meta":[],"pwb-brand":[],"product_brand":[],"product_cat":[22],"product_tag":[],"class_list":{"0":"post-274","1":"product","2":"type-product","3":"status-publish","4":"has-post-thumbnail","6":"product_cat-teclado","8":"first","9":"instock","10":"taxable","11":"shipping-taxable","12":"purchasable","13":"product-type-simple"},"yoast_head":"<!-- This site is optimized with the Yoast SEO plugin v27.5 - https:\/\/yoast.com\/product\/yoast-seo-wordpress\/ -->\n<title>Yamaha PSR-E273 Teclado Port\u00e1til de 61 teclas - Haway Music<\/title>\n<meta name=\"robots\" content=\"index, follow, max-snippet:-1, max-image-preview:large, max-video-preview:-1\" \/>\n<link rel=\"canonical\" href=\"https:\/\/hawaymusic.com\/es\/product\/yamaha-teclado-portatil-psr-e273-de-61-teclas\/\" \/>\n<meta property=\"og:locale\" content=\"es_ES\" \/>\n<meta property=\"og:type\" content=\"article\" \/>\n<meta property=\"og:title\" content=\"Yamaha PSR-E273 Teclado Port\u00e1til de 61 teclas - Haway Music\" \/>\n<meta property=\"og:description\" content=\"Cientos de voces de alta calidad, complementadas con kits de bater\u00eda y kits especiales FX, que aportan variedad y autenticidad a tu m\u00fasica.  Ya sea que est\u00e9s tocando campo, rock and roll, o un samba, los estilos dan vida a tu m\u00fasica a\u00f1adiendo instrumentos de acompa\u00f1amiento de sensaci\u00f3n natural a tu toque.  Smart Chord te permite tocar acordes de gran sonido, desde simples triadas Pop hasta complejos acordes de jazz s\u00e9ptimo con solo un dedo.  61 teclas de tama\u00f1o completo son ideales para aprender y desarrollar la t\u00e9cnica de reproducci\u00f3n del teclado.  El adaptador de corriente se vende por\" \/>\n<meta property=\"og:url\" content=\"https:\/\/hawaymusic.com\/es\/product\/yamaha-teclado-portatil-psr-e273-de-61-teclas\/\" \/>\n<meta property=\"og:site_name\" content=\"Haway Music\" \/>\n<meta property=\"article:modified_time\" content=\"2022-12-13T16:45:04+00:00\" \/>\n<meta property=\"og:image\" content=\"https:\/\/hawaymusic.com\/wp-content\/uploads\/2022\/08\/273-1.jpg\" \/>\n\t<meta property=\"og:image:width\" content=\"1080\" \/>\n\t<meta property=\"og:image:height\" content=\"1080\" \/>\n\t<meta property=\"og:image:type\" content=\"image\/jpeg\" \/>\n<meta name=\"twitter:card\" content=\"summary_large_image\" \/>\n<script type=\"application\/ld+json\" class=\"yoast-schema-graph\">{\"@context\":\"https:\\\/\\\/schema.org\",\"@graph\":[{\"@type\":\"WebPage\",\"@id\":\"https:\\\/\\\/hawaymusic.com\\\/product\\\/yamaha-teclado-portatil-psr-e273-de-61-teclas\\\/\",\"url\":\"https:\\\/\\\/hawaymusic.com\\\/product\\\/yamaha-teclado-portatil-psr-e273-de-61-teclas\\\/\",\"name\":\"Yamaha PSR-E273 Teclado Port\u00e1til de 61 teclas - Haway Music\",\"isPartOf\":{\"@id\":\"https:\\\/\\\/hawaymusic.com\\\/#website\"},\"primaryImageOfPage\":{\"@id\":\"https:\\\/\\\/hawaymusic.com\\\/product\\\/yamaha-teclado-portatil-psr-e273-de-61-teclas\\\/#primaryimage\"},\"image\":{\"@id\":\"https:\\\/\\\/hawaymusic.com\\\/product\\\/yamaha-teclado-portatil-psr-e273-de-61-teclas\\\/#primaryimage\"},\"thumbnailUrl\":\"https:\\\/\\\/i0.wp.com\\\/hawaymusic.com\\\/wp-content\\\/uploads\\\/2022\\\/08\\\/273-1.jpg?fit=1080%2C1080&ssl=1\",\"datePublished\":\"2022-08-16T00:24:48+00:00\",\"dateModified\":\"2022-12-13T16:45:04+00:00\",\"breadcrumb\":{\"@id\":\"https:\\\/\\\/hawaymusic.com\\\/product\\\/yamaha-teclado-portatil-psr-e273-de-61-teclas\\\/#breadcrumb\"},\"inLanguage\":\"es-CO\",\"potentialAction\":[{\"@type\":\"ReadAction\",\"target\":[\"https:\\\/\\\/hawaymusic.com\\\/product\\\/yamaha-teclado-portatil-psr-e273-de-61-teclas\\\/\"]}]},{\"@type\":\"ImageObject\",\"inLanguage\":\"es-CO\",\"@id\":\"https:\\\/\\\/hawaymusic.com\\\/product\\\/yamaha-teclado-portatil-psr-e273-de-61-teclas\\\/#primaryimage\",\"url\":\"https:\\\/\\\/i0.wp.com\\\/hawaymusic.com\\\/wp-content\\\/uploads\\\/2022\\\/08\\\/273-1.jpg?fit=1080%2C1080&ssl=1\",\"contentUrl\":\"https:\\\/\\\/i0.wp.com\\\/hawaymusic.com\\\/wp-content\\\/uploads\\\/2022\\\/08\\\/273-1.jpg?fit=1080%2C1080&ssl=1\",\"width\":1080,\"height\":1080},{\"@type\":\"BreadcrumbList\",\"@id\":\"https:\\\/\\\/hawaymusic.com\\\/product\\\/yamaha-teclado-portatil-psr-e273-de-61-teclas\\\/#breadcrumb\",\"itemListElement\":[{\"@type\":\"ListItem\",\"position\":1,\"name\":\"Inicio\",\"item\":\"https:\\\/\\\/hawaymusic.com\\\/\"},{\"@type\":\"ListItem\",\"position\":2,\"name\":\"Shop\",\"item\":\"https:\\\/\\\/hawaymusic.com\\\/shop\\\/\"},{\"@type\":\"ListItem\",\"position\":3,\"name\":\"Yamaha PSR-E273 Teclado Port\u00e1til de 61 teclas\"}]},{\"@type\":\"WebSite\",\"@id\":\"https:\\\/\\\/hawaymusic.com\\\/#website\",\"url\":\"https:\\\/\\\/hawaymusic.com\\\/\",\"name\":\"Haway Music\",\"description\":\"La mejor tienda de instrumentos musicales en Ecuador\",\"potentialAction\":[{\"@type\":\"SearchAction\",\"target\":{\"@type\":\"EntryPoint\",\"urlTemplate\":\"https:\\\/\\\/hawaymusic.com\\\/?s={search_term_string}\"},\"query-input\":{\"@type\":\"PropertyValueSpecification\",\"valueRequired\":true,\"valueName\":\"search_term_string\"}}],\"inLanguage\":\"es-CO\"}]}<\/script>\n<!-- \/ Yoast SEO plugin. -->","yoast_head_json":{"title":"Yamaha PSR-E273 Teclado Port\u00e1til de 61 teclas - Haway Music","robots":{"index":"index","follow":"follow","max-snippet":"max-snippet:-1","max-image-preview":"max-image-preview:large","max-video-preview":"max-video-preview:-1"},"canonical":"https:\/\/hawaymusic.com\/es\/product\/yamaha-teclado-portatil-psr-e273-de-61-teclas\/","og_locale":"es_ES","og_type":"article","og_title":"Yamaha PSR-E273 Teclado Port\u00e1til de 61 teclas - Haway Music","og_description":"Cientos de voces de alta calidad, complementadas con kits de bater\u00eda y kits especiales FX, que aportan variedad y autenticidad a tu m\u00fasica.  Ya sea que est\u00e9s tocando campo, rock and roll, o un samba, los estilos dan vida a tu m\u00fasica a\u00f1adiendo instrumentos de acompa\u00f1amiento de sensaci\u00f3n natural a tu toque.  Smart Chord te permite tocar acordes de gran sonido, desde simples triadas Pop hasta complejos acordes de jazz s\u00e9ptimo con solo un dedo.  61 teclas de tama\u00f1o completo son ideales para aprender y desarrollar la t\u00e9cnica de reproducci\u00f3n del teclado.  El adaptador de corriente se vende por","og_url":"https:\/\/hawaymusic.com\/es\/product\/yamaha-teclado-portatil-psr-e273-de-61-teclas\/","og_site_name":"Haway Music","article_modified_time":"2022-12-13T16:45:04+00:00","og_image":[{"width":1080,"height":1080,"url":"https:\/\/hawaymusic.com\/wp-content\/uploads\/2022\/08\/273-1.jpg","type":"image\/jpeg"}],"twitter_card":"summary_large_image","schema":{"@context":"https:\/\/schema.org","@graph":[{"@type":"WebPage","@id":"https:\/\/hawaymusic.com\/product\/yamaha-teclado-portatil-psr-e273-de-61-teclas\/","url":"https:\/\/hawaymusic.com\/product\/yamaha-teclado-portatil-psr-e273-de-61-teclas\/","name":"Yamaha PSR-E273 Teclado Port\u00e1til de 61 teclas - Haway Music","isPartOf":{"@id":"https:\/\/hawaymusic.com\/#website"},"primaryImageOfPage":{"@id":"https:\/\/hawaymusic.com\/product\/yamaha-teclado-portatil-psr-e273-de-61-teclas\/#primaryimage"},"image":{"@id":"https:\/\/hawaymusic.com\/product\/yamaha-teclado-portatil-psr-e273-de-61-teclas\/#primaryimage"},"thumbnailUrl":"https:\/\/i0.wp.com\/hawaymusic.com\/wp-content\/uploads\/2022\/08\/273-1.jpg?fit=1080%2C1080&ssl=1","datePublished":"2022-08-16T00:24:48+00:00","dateModified":"2022-12-13T16:45:04+00:00","breadcrumb":{"@id":"https:\/\/hawaymusic.com\/product\/yamaha-teclado-portatil-psr-e273-de-61-teclas\/#breadcrumb"},"inLanguage":"es-CO","potentialAction":[{"@type":"ReadAction","target":["https:\/\/hawaymusic.com\/product\/yamaha-teclado-portatil-psr-e273-de-61-teclas\/"]}]},{"@type":"ImageObject","inLanguage":"es-CO","@id":"https:\/\/hawaymusic.com\/product\/yamaha-teclado-portatil-psr-e273-de-61-teclas\/#primaryimage","url":"https:\/\/i0.wp.com\/hawaymusic.com\/wp-content\/uploads\/2022\/08\/273-1.jpg?fit=1080%2C1080&ssl=1","contentUrl":"https:\/\/i0.wp.com\/hawaymusic.com\/wp-content\/uploads\/2022\/08\/273-1.jpg?fit=1080%2C1080&ssl=1","width":1080,"height":1080},{"@type":"BreadcrumbList","@id":"https:\/\/hawaymusic.com\/product\/yamaha-teclado-portatil-psr-e273-de-61-teclas\/#breadcrumb","itemListElement":[{"@type":"ListItem","position":1,"name":"Inicio","item":"https:\/\/hawaymusic.com\/"},{"@type":"ListItem","position":2,"name":"Shop","item":"https:\/\/hawaymusic.com\/shop\/"},{"@type":"ListItem","position":3,"name":"Yamaha PSR-E273 Teclado Port\u00e1til de 61 teclas"}]},{"@type":"WebSite","@id":"https:\/\/hawaymusic.com\/#website","url":"https:\/\/hawaymusic.com\/","name":"Haway Music","description":"La mejor tienda de instrumentos musicales en Ecuador","potentialAction":[{"@type":"SearchAction","target":{"@type":"EntryPoint","urlTemplate":"https:\/\/hawaymusic.com\/?s={search_term_string}"},"query-input":{"@type":"PropertyValueSpecification","valueRequired":true,"valueName":"search_term_string"}}],"inLanguage":"es-CO"}]}},"jetpack_sharing_enabled":true,"brands":[],"_links":{"self":[{"href":"https:\/\/hawaymusic.com\/es\/wp-json\/wp\/v2\/product\/274","targetHints":{"allow":["GET"]}}],"collection":[{"href":"https:\/\/hawaymusic.com\/es\/wp-json\/wp\/v2\/product"}],"about":[{"href":"https:\/\/hawaymusic.com\/es\/wp-json\/wp\/v2\/types\/product"}],"replies":[{"embeddable":true,"href":"https:\/\/hawaymusic.com\/es\/wp-json\/wp\/v2\/comments?post=274"}],"wp:featuredmedia":[{"embeddable":true,"href":"https:\/\/hawaymusic.com\/es\/wp-json\/wp\/v2\/media\/275"}],"wp:attachment":[{"href":"https:\/\/hawaymusic.com\/es\/wp-json\/wp\/v2\/media?parent=274"}],"wp:term":[{"taxonomy":"pwb-brand","embeddable":true,"href":"https:\/\/hawaymusic.com\/es\/wp-json\/wp\/v2\/pwb-brand?post=274"},{"taxonomy":"product_brand","embeddable":true,"href":"https:\/\/hawaymusic.com\/es\/wp-json\/wp\/v2\/product_brand?post=274"},{"taxonomy":"product_cat","embeddable":true,"href":"https:\/\/hawaymusic.com\/es\/wp-json\/wp\/v2\/product_cat?post=274"},{"taxonomy":"product_tag","embeddable":true,"href":"https:\/\/hawaymusic.com\/es\/wp-json\/wp\/v2\/product_tag?post=274"}],"curies":[{"name":"wp","href":"https:\/\/api.w.org\/{rel}","templated":true}]}}