{"id":270,"date":"2022-08-16T00:04:27","date_gmt":"2022-08-16T00:04:27","guid":{"rendered":"https:\/\/hawaymusic.com\/?post_type=product&#038;p=270"},"modified":"2022-12-13T16:45:52","modified_gmt":"2022-12-13T16:45:52","slug":"yamaha-digital-pianos-psre373","status":"publish","type":"product","link":"https:\/\/hawaymusic.com\/es\/product\/yamaha-digital-pianos-psre373\/","title":{"rendered":"Yamaha  PSR-E373 Teclado Portatil 61 teclas"},"content":{"rendered":"<div class=\"wpb-content-wrapper\"><div class=\"vc_row wpb_row vc_row-fluid\"><div class=\"wpb_column vc_column_container vc_col-sm-12\"><div class=\"vc_column-inner\"><div class=\"wpb_wrapper\">\n\t<div class=\"wpb_video_widget wpb_content_element vc_clearfix vc_video-aspect-ratio-169 vc_video-el-width-100 vc_video-align-left\" >\n\t\t<div class=\"wpb_wrapper\">\n\t\t\t\n\t\t\t<div class=\"wpb_video_wrapper\"><iframe loading=\"lazy\" title=\"Yamaha PSR E373 rese\u00f1a en espa\u00f1ol\" width=\"500\" height=\"281\" src=\"https:\/\/www.youtube.com\/embed\/ktjM8Di7V54?feature=oembed\" frameborder=\"0\" allow=\"accelerometer; autoplay; clipboard-write; encrypted-media; gyroscope; picture-in-picture; web-share\" allowfullscreen><\/iframe><\/div>\n\t\t<\/div>\n\t<\/div>\n\n\t<div class=\"wpb_text_column wpb_content_element\" >\n\t\t<div class=\"wpb_wrapper\">\n\t\t\t<p class=\"a-spacing-base\">Equipado con un teclado sensible al tacto y un nuevo generador de tonos que ofrece una incre\u00edble variedad de voces de alta calidad, la Yamaha PSRE-373 es perfecta para aprender o simplemente divertirse.<\/p>\n<p class=\"a-spacing-base\">El PSR-E373 cuenta con un generador de tonos reci\u00e9n desarrollado que ofrece impresionantes mejoras en la calidad del sonido as\u00ed como efectos de alta calidad. Puedes disfrutar de una completa biblioteca de 622 instrumentos Voices perfecta para jugar en cualquier g\u00e9nero que elijas, as\u00ed como Super Articulation Lite Voices \u00fanicas que reproducen los sutiles matices de instrumentos de cuerda como el violonchelo y la mandolina que son t\u00edpicamente dif\u00edciles de emular en un instrumento de teclado, ofreciendo actuaciones realistas y aut\u00e9nticas.<\/p>\n\n\t\t<\/div>\n\t<\/div>\n<\/div><\/div><\/div><\/div>\n<\/div>","protected":false},"excerpt":{"rendered":"<ul class=\"a-unordered-list a-vertical a-spacing-mini\">\n<li><span class=\"a-list-item\">El PSR-E373 es un teclado port\u00e1til ideal para principiantes y aficionados<\/span><\/li>\n<li><span class=\"a-list-item\">Equipado con m\u00e1s de 622 impresionantes voces de instrumento de sonido y una riqueza de estilos de acompa\u00f1amiento<\/span><\/li>\n<li><span class=\"a-list-item\">11 Super Articulation Lite Voices (SALite), heredadas de los potentes modelos PSR-S, ahora est\u00e1n incluidas, lo que le da a\u00fan mayor expresivo, control en tiempo real (por ejemplo, Rasgu\u00f1os de cuerda\/ruido de diapositivas de guitarra), a\u00f1adiendo al realismo de la voz.<\/span><\/li>\n<li><span class=\"a-list-item\">Smart Chord te permite tocar acordes de gran sonido desde simples triadas pop hasta complejos acordes de jazz 7th con solo unos pocos dedos.<\/span><\/li>\n<li><span class=\"a-list-item\">El enchufe adaptador se vende por separado.<\/span><\/li>\n<\/ul>","protected":false},"featured_media":271,"comment_status":"open","ping_status":"closed","template":"","meta":[],"pwb-brand":[],"product_brand":[],"product_cat":[22],"product_tag":[],"class_list":{"0":"post-270","1":"product","2":"type-product","3":"status-publish","4":"has-post-thumbnail","6":"product_cat-teclado","8":"first","9":"instock","10":"taxable","11":"shipping-taxable","12":"purchasable","13":"product-type-simple"},"yoast_head":"<!-- This site is optimized with the Yoast SEO plugin v27.5 - https:\/\/yoast.com\/product\/yoast-seo-wordpress\/ -->\n<title>Yamaha PSR-E373 Teclado Portatil 61 teclas - Haway Music<\/title>\n<meta name=\"robots\" content=\"index, follow, max-snippet:-1, max-image-preview:large, max-video-preview:-1\" \/>\n<link rel=\"canonical\" href=\"https:\/\/hawaymusic.com\/es\/product\/yamaha-digital-pianos-psre373\/\" \/>\n<meta property=\"og:locale\" content=\"es_ES\" \/>\n<meta property=\"og:type\" content=\"article\" \/>\n<meta property=\"og:title\" content=\"Yamaha PSR-E373 Teclado Portatil 61 teclas - Haway Music\" \/>\n<meta property=\"og:description\" content=\"El PSR-E373 es un teclado port\u00e1til ideal para principiantes y aficionados  Equipado con m\u00e1s de 622 impresionantes voces de instrumento de sonido y una riqueza de estilos de acompa\u00f1amiento  11 Super Articulation Lite Voices (SALite), heredadas de los potentes modelos PSR-S, ahora est\u00e1n incluidas, lo que le da a\u00fan mayor expresivo, control en tiempo real (por ejemplo, Rasgu\u00f1os de cuerda\/ruido de diapositivas de guitarra), a\u00f1adiendo al realismo de la voz.  Smart Chord te permite tocar acordes de gran sonido desde simples triadas pop hasta complejos acordes de jazz 7th con solo unos pocos dedos.  El enchufe adaptador se vende por separado.\" \/>\n<meta property=\"og:url\" content=\"https:\/\/hawaymusic.com\/es\/product\/yamaha-digital-pianos-psre373\/\" \/>\n<meta property=\"og:site_name\" content=\"Haway Music\" \/>\n<meta property=\"article:modified_time\" content=\"2022-12-13T16:45:52+00:00\" \/>\n<meta property=\"og:image\" content=\"https:\/\/hawaymusic.com\/wp-content\/uploads\/2022\/08\/373-1.jpg\" \/>\n\t<meta property=\"og:image:width\" content=\"1080\" \/>\n\t<meta property=\"og:image:height\" content=\"1080\" \/>\n\t<meta property=\"og:image:type\" content=\"image\/jpeg\" \/>\n<meta name=\"twitter:card\" content=\"summary_large_image\" \/>\n<meta name=\"twitter:label1\" content=\"Tiempo de lectura\" \/>\n\t<meta name=\"twitter:data1\" content=\"1 minuto\" \/>\n<script type=\"application\/ld+json\" class=\"yoast-schema-graph\">{\"@context\":\"https:\\\/\\\/schema.org\",\"@graph\":[{\"@type\":\"WebPage\",\"@id\":\"https:\\\/\\\/hawaymusic.com\\\/product\\\/yamaha-digital-pianos-psre373\\\/\",\"url\":\"https:\\\/\\\/hawaymusic.com\\\/product\\\/yamaha-digital-pianos-psre373\\\/\",\"name\":\"Yamaha PSR-E373 Teclado Portatil 61 teclas - Haway Music\",\"isPartOf\":{\"@id\":\"https:\\\/\\\/hawaymusic.com\\\/#website\"},\"primaryImageOfPage\":{\"@id\":\"https:\\\/\\\/hawaymusic.com\\\/product\\\/yamaha-digital-pianos-psre373\\\/#primaryimage\"},\"image\":{\"@id\":\"https:\\\/\\\/hawaymusic.com\\\/product\\\/yamaha-digital-pianos-psre373\\\/#primaryimage\"},\"thumbnailUrl\":\"https:\\\/\\\/i0.wp.com\\\/hawaymusic.com\\\/wp-content\\\/uploads\\\/2022\\\/08\\\/373-1.jpg?fit=1080%2C1080&ssl=1\",\"datePublished\":\"2022-08-16T00:04:27+00:00\",\"dateModified\":\"2022-12-13T16:45:52+00:00\",\"breadcrumb\":{\"@id\":\"https:\\\/\\\/hawaymusic.com\\\/product\\\/yamaha-digital-pianos-psre373\\\/#breadcrumb\"},\"inLanguage\":\"es-CO\",\"potentialAction\":[{\"@type\":\"ReadAction\",\"target\":[\"https:\\\/\\\/hawaymusic.com\\\/product\\\/yamaha-digital-pianos-psre373\\\/\"]}]},{\"@type\":\"ImageObject\",\"inLanguage\":\"es-CO\",\"@id\":\"https:\\\/\\\/hawaymusic.com\\\/product\\\/yamaha-digital-pianos-psre373\\\/#primaryimage\",\"url\":\"https:\\\/\\\/i0.wp.com\\\/hawaymusic.com\\\/wp-content\\\/uploads\\\/2022\\\/08\\\/373-1.jpg?fit=1080%2C1080&ssl=1\",\"contentUrl\":\"https:\\\/\\\/i0.wp.com\\\/hawaymusic.com\\\/wp-content\\\/uploads\\\/2022\\\/08\\\/373-1.jpg?fit=1080%2C1080&ssl=1\",\"width\":1080,\"height\":1080},{\"@type\":\"BreadcrumbList\",\"@id\":\"https:\\\/\\\/hawaymusic.com\\\/product\\\/yamaha-digital-pianos-psre373\\\/#breadcrumb\",\"itemListElement\":[{\"@type\":\"ListItem\",\"position\":1,\"name\":\"Inicio\",\"item\":\"https:\\\/\\\/hawaymusic.com\\\/\"},{\"@type\":\"ListItem\",\"position\":2,\"name\":\"Shop\",\"item\":\"https:\\\/\\\/hawaymusic.com\\\/shop\\\/\"},{\"@type\":\"ListItem\",\"position\":3,\"name\":\"Yamaha PSR-E373 Teclado Portatil 61 teclas\"}]},{\"@type\":\"WebSite\",\"@id\":\"https:\\\/\\\/hawaymusic.com\\\/#website\",\"url\":\"https:\\\/\\\/hawaymusic.com\\\/\",\"name\":\"Haway Music\",\"description\":\"La mejor tienda de instrumentos musicales en Ecuador\",\"potentialAction\":[{\"@type\":\"SearchAction\",\"target\":{\"@type\":\"EntryPoint\",\"urlTemplate\":\"https:\\\/\\\/hawaymusic.com\\\/?s={search_term_string}\"},\"query-input\":{\"@type\":\"PropertyValueSpecification\",\"valueRequired\":true,\"valueName\":\"search_term_string\"}}],\"inLanguage\":\"es-CO\"}]}<\/script>\n<!-- \/ Yoast SEO plugin. -->","yoast_head_json":{"title":"Yamaha PSR-E373 Teclado Portatil 61 teclas - Haway Music","robots":{"index":"index","follow":"follow","max-snippet":"max-snippet:-1","max-image-preview":"max-image-preview:large","max-video-preview":"max-video-preview:-1"},"canonical":"https:\/\/hawaymusic.com\/es\/product\/yamaha-digital-pianos-psre373\/","og_locale":"es_ES","og_type":"article","og_title":"Yamaha PSR-E373 Teclado Portatil 61 teclas - Haway Music","og_description":"El PSR-E373 es un teclado port\u00e1til ideal para principiantes y aficionados  Equipado con m\u00e1s de 622 impresionantes voces de instrumento de sonido y una riqueza de estilos de acompa\u00f1amiento  11 Super Articulation Lite Voices (SALite), heredadas de los potentes modelos PSR-S, ahora est\u00e1n incluidas, lo que le da a\u00fan mayor expresivo, control en tiempo real (por ejemplo, Rasgu\u00f1os de cuerda\/ruido de diapositivas de guitarra), a\u00f1adiendo al realismo de la voz.  Smart Chord te permite tocar acordes de gran sonido desde simples triadas pop hasta complejos acordes de jazz 7th con solo unos pocos dedos.  El enchufe adaptador se vende por separado.","og_url":"https:\/\/hawaymusic.com\/es\/product\/yamaha-digital-pianos-psre373\/","og_site_name":"Haway Music","article_modified_time":"2022-12-13T16:45:52+00:00","og_image":[{"width":1080,"height":1080,"url":"https:\/\/hawaymusic.com\/wp-content\/uploads\/2022\/08\/373-1.jpg","type":"image\/jpeg"}],"twitter_card":"summary_large_image","twitter_misc":{"Tiempo de lectura":"1 minuto"},"schema":{"@context":"https:\/\/schema.org","@graph":[{"@type":"WebPage","@id":"https:\/\/hawaymusic.com\/product\/yamaha-digital-pianos-psre373\/","url":"https:\/\/hawaymusic.com\/product\/yamaha-digital-pianos-psre373\/","name":"Yamaha PSR-E373 Teclado Portatil 61 teclas - Haway Music","isPartOf":{"@id":"https:\/\/hawaymusic.com\/#website"},"primaryImageOfPage":{"@id":"https:\/\/hawaymusic.com\/product\/yamaha-digital-pianos-psre373\/#primaryimage"},"image":{"@id":"https:\/\/hawaymusic.com\/product\/yamaha-digital-pianos-psre373\/#primaryimage"},"thumbnailUrl":"https:\/\/i0.wp.com\/hawaymusic.com\/wp-content\/uploads\/2022\/08\/373-1.jpg?fit=1080%2C1080&ssl=1","datePublished":"2022-08-16T00:04:27+00:00","dateModified":"2022-12-13T16:45:52+00:00","breadcrumb":{"@id":"https:\/\/hawaymusic.com\/product\/yamaha-digital-pianos-psre373\/#breadcrumb"},"inLanguage":"es-CO","potentialAction":[{"@type":"ReadAction","target":["https:\/\/hawaymusic.com\/product\/yamaha-digital-pianos-psre373\/"]}]},{"@type":"ImageObject","inLanguage":"es-CO","@id":"https:\/\/hawaymusic.com\/product\/yamaha-digital-pianos-psre373\/#primaryimage","url":"https:\/\/i0.wp.com\/hawaymusic.com\/wp-content\/uploads\/2022\/08\/373-1.jpg?fit=1080%2C1080&ssl=1","contentUrl":"https:\/\/i0.wp.com\/hawaymusic.com\/wp-content\/uploads\/2022\/08\/373-1.jpg?fit=1080%2C1080&ssl=1","width":1080,"height":1080},{"@type":"BreadcrumbList","@id":"https:\/\/hawaymusic.com\/product\/yamaha-digital-pianos-psre373\/#breadcrumb","itemListElement":[{"@type":"ListItem","position":1,"name":"Inicio","item":"https:\/\/hawaymusic.com\/"},{"@type":"ListItem","position":2,"name":"Shop","item":"https:\/\/hawaymusic.com\/shop\/"},{"@type":"ListItem","position":3,"name":"Yamaha PSR-E373 Teclado Portatil 61 teclas"}]},{"@type":"WebSite","@id":"https:\/\/hawaymusic.com\/#website","url":"https:\/\/hawaymusic.com\/","name":"Haway Music","description":"La mejor tienda de instrumentos musicales en Ecuador","potentialAction":[{"@type":"SearchAction","target":{"@type":"EntryPoint","urlTemplate":"https:\/\/hawaymusic.com\/?s={search_term_string}"},"query-input":{"@type":"PropertyValueSpecification","valueRequired":true,"valueName":"search_term_string"}}],"inLanguage":"es-CO"}]}},"jetpack_sharing_enabled":true,"brands":[],"_links":{"self":[{"href":"https:\/\/hawaymusic.com\/es\/wp-json\/wp\/v2\/product\/270","targetHints":{"allow":["GET"]}}],"collection":[{"href":"https:\/\/hawaymusic.com\/es\/wp-json\/wp\/v2\/product"}],"about":[{"href":"https:\/\/hawaymusic.com\/es\/wp-json\/wp\/v2\/types\/product"}],"replies":[{"embeddable":true,"href":"https:\/\/hawaymusic.com\/es\/wp-json\/wp\/v2\/comments?post=270"}],"wp:featuredmedia":[{"embeddable":true,"href":"https:\/\/hawaymusic.com\/es\/wp-json\/wp\/v2\/media\/271"}],"wp:attachment":[{"href":"https:\/\/hawaymusic.com\/es\/wp-json\/wp\/v2\/media?parent=270"}],"wp:term":[{"taxonomy":"pwb-brand","embeddable":true,"href":"https:\/\/hawaymusic.com\/es\/wp-json\/wp\/v2\/pwb-brand?post=270"},{"taxonomy":"product_brand","embeddable":true,"href":"https:\/\/hawaymusic.com\/es\/wp-json\/wp\/v2\/product_brand?post=270"},{"taxonomy":"product_cat","embeddable":true,"href":"https:\/\/hawaymusic.com\/es\/wp-json\/wp\/v2\/product_cat?post=270"},{"taxonomy":"product_tag","embeddable":true,"href":"https:\/\/hawaymusic.com\/es\/wp-json\/wp\/v2\/product_tag?post=270"}],"curies":[{"name":"wp","href":"https:\/\/api.w.org\/{rel}","templated":true}]}}