{"id":260,"date":"2022-08-15T23:55:29","date_gmt":"2022-08-15T23:55:29","guid":{"rendered":"https:\/\/hawaymusic.com\/?post_type=product&#038;p=260"},"modified":"2026-03-15T23:01:18","modified_gmt":"2026-03-15T23:01:18","slug":"teclado-yamaha-arranger-workstation","status":"publish","type":"product","link":"https:\/\/hawaymusic.com\/es\/product\/teclado-yamaha-arranger-workstation\/","title":{"rendered":"Yamaha PSR SX600 Teclado Arranger Workstation"},"content":{"rendered":"<div class=\"wpb-content-wrapper\"><div class=\"vc_row wpb_row vc_row-fluid\"><div class=\"wpb_column vc_column_container vc_col-sm-12\"><div class=\"vc_column-inner\"><div class=\"wpb_wrapper\">\n\t<div class=\"wpb_video_widget wpb_content_element vc_clearfix vc_video-aspect-ratio-169 vc_video-el-width-100 vc_video-align-left\" >\n\t\t<div class=\"wpb_wrapper\">\n\t\t\t\n\t\t\t<div class=\"wpb_video_wrapper\"><iframe loading=\"lazy\" title=\"Yamaha PSR SX600 (rese\u00f1a en espa\u00f1ol)\" width=\"500\" height=\"281\" src=\"https:\/\/www.youtube.com\/embed\/SP0lgpzjV-g?feature=oembed\" frameborder=\"0\" allow=\"accelerometer; autoplay; clipboard-write; encrypted-media; gyroscope; picture-in-picture; web-share\" allowfullscreen><\/iframe><\/div>\n\t\t<\/div>\n\t<\/div>\n\n\t<div class=\"wpb_text_column wpb_content_element\" >\n\t\t<div class=\"wpb_wrapper\">\n\t\t\t<div class=\"celwidget aplus-module 3p-module-b aplus-standard\" data-csa-c-id=\"3rc35p-h2hrkn-wf0i9h-xn449s\" data-cel-widget=\"aplus-3p-module-b\">\n<div class=\"aplus-module-wrapper aplus-3p-fixed-width\">\n<p class=\"a-spacing-base\">El PSR-SX600 te ayuda a lograr experiencias musicales pro-nivel, proporcionando voces instrumentos incre\u00edblemente realistas que dejan a los oyentes en asombroso. Los estilos de acompa\u00f1amiento l\u00edderes en la industria te permiten liderar un conjunto en una variedad de g\u00e9neros musicales de todo el mundo, y la funcionalidad Smart Chord te ayuda a lograr una armon\u00eda de acordes compleja de forma intuitiva al tocar solo unas cuantas teclas. Incluso puedes conectar un micr\u00f3fono (no incluido) y cantar junto con tus actuaciones mientras a\u00f1ade efectos digitales de calidad de estudio.<\/p>\n<\/div>\n<\/div>\n<div class=\"celwidget aplus-module module-10 aplus-standard\" data-csa-c-id=\"kljwqa-w2grcw-jzp15q-1pjc7a\" data-cel-widget=\"aplus-module-10\">\n<div class=\"a-expander-collapsed-height a-row a-expander-container a-expander-partial-collapse-container\" data-a-expander-name=\"aplus-module-expander\" data-a-expander-collapsed-height=\"700\">\n<div class=\"a-expander-content a-expander-partial-collapse-content\" aria-expanded=\"false\">\n<div class=\"aplus-module-wrapper apm-fixed-width\">\n<div class=\"apm-spacing\">\n<div class=\"apm-lefthalfcol\">\n<div><\/div>\n<\/div>\n<\/div>\n<\/div>\n<\/div>\n<\/div>\n<\/div>\n\n\t\t<\/div>\n\t<\/div>\n<\/div><\/div><\/div><\/div>\n<\/div>","protected":false},"excerpt":{"rendered":"<ul class=\"a-unordered-list a-vertical a-spacing-mini\">\n<li><span class=\"a-list-item\">Unison Function permite que las piezas de acompa\u00f1amiento de estilo sigan su rendimiento, por ejemplo, el gancho de firma de &#8220;Sir Duke&#8221; de Stevie Wonder o el pasaje final de James Brown &#8220;Me siento bien!&#8221;<\/span><\/li>\n<li><span class=\"a-list-item\">La funci\u00f3n Accent te permite a\u00f1adir acentos r\u00edtmicos, en cualquier momento que quieras, golpeando las teclas con mayor velocidad.<\/span><\/li>\n<li><span class=\"a-list-item\">Style Section Reset le permite volver a vencer a una de las barras con el toque de un bot\u00f3n para reiniciar suavemente la canci\u00f3n sobre la marcha.<\/span><\/li>\n<li><span class=\"a-list-item\">La entrada de micr\u00f3fono de 1\/4 pulgadas te permite conectar un micr\u00f3fono para que puedas cantar mientras juegas, escuchar tu voz a trav\u00e9s de los altavoces del instrumento e incluso grabar tu rendimiento en audio USB.<\/span><\/li>\n<li><span class=\"a-list-item\">Super Articulation Voices reproduce intuitivamente los matices naturales expresivos de los instrumentos que no son de teclado, permitiendo a los jugadores de teclado lograr una expresi\u00f3n realista.<\/span><\/li>\n<\/ul>","protected":false},"featured_media":261,"comment_status":"open","ping_status":"closed","template":"","meta":[],"pwb-brand":[],"product_brand":[],"product_cat":[22],"product_tag":[],"class_list":{"0":"post-260","1":"product","2":"type-product","3":"status-publish","4":"has-post-thumbnail","6":"product_cat-teclado","8":"first","9":"instock","10":"taxable","11":"shipping-taxable","12":"purchasable","13":"product-type-simple"},"yoast_head":"<!-- This site is optimized with the Yoast SEO plugin v27.5 - https:\/\/yoast.com\/product\/yoast-seo-wordpress\/ -->\n<title>Yamaha PSR SX600 Teclado Arranger Workstation - Haway Music<\/title>\n<meta name=\"robots\" content=\"index, follow, max-snippet:-1, max-image-preview:large, max-video-preview:-1\" \/>\n<link rel=\"canonical\" href=\"https:\/\/hawaymusic.com\/es\/product\/teclado-yamaha-arranger-workstation\/\" \/>\n<meta property=\"og:locale\" content=\"es_ES\" \/>\n<meta property=\"og:type\" content=\"article\" \/>\n<meta property=\"og:title\" content=\"Yamaha PSR SX600 Teclado Arranger Workstation - Haway Music\" \/>\n<meta property=\"og:description\" content=\"Unison Function permite que las piezas de acompa\u00f1amiento de estilo sigan su rendimiento, por ejemplo, el gancho de firma de &quot;Sir Duke&quot; de Stevie Wonder o el pasaje final de James Brown &quot;Me siento bien!&quot;  La funci\u00f3n Accent te permite a\u00f1adir acentos r\u00edtmicos, en cualquier momento que quieras, golpeando las teclas con mayor velocidad.  Style Section Reset le permite volver a vencer a una de las barras con el toque de un bot\u00f3n para reiniciar suavemente la canci\u00f3n sobre la marcha.  La entrada de micr\u00f3fono de 1\/4 pulgadas te permite conectar un micr\u00f3fono para que puedas cantar mientras juegas, escuchar tu voz a trav\u00e9s de los altavoces del instrumento e incluso grabar tu rendimiento en audio USB.  Super Articulation Voices reproduce intuitivamente los matices naturales expresivos de los instrumentos que no son de teclado, permitiendo a los jugadores de teclado lograr una expresi\u00f3n realista.\" \/>\n<meta property=\"og:url\" content=\"https:\/\/hawaymusic.com\/es\/product\/teclado-yamaha-arranger-workstation\/\" \/>\n<meta property=\"og:site_name\" content=\"Haway Music\" \/>\n<meta property=\"article:modified_time\" content=\"2026-03-15T23:01:18+00:00\" \/>\n<meta property=\"og:image\" content=\"https:\/\/hawaymusic.com\/wp-content\/uploads\/2022\/08\/6001.jpg\" \/>\n\t<meta property=\"og:image:width\" content=\"1080\" \/>\n\t<meta property=\"og:image:height\" content=\"1080\" \/>\n\t<meta property=\"og:image:type\" content=\"image\/jpeg\" \/>\n<meta name=\"twitter:card\" content=\"summary_large_image\" \/>\n<meta name=\"twitter:label1\" content=\"Tiempo de lectura\" \/>\n\t<meta name=\"twitter:data1\" content=\"1 minuto\" \/>\n<script type=\"application\/ld+json\" class=\"yoast-schema-graph\">{\"@context\":\"https:\\\/\\\/schema.org\",\"@graph\":[{\"@type\":\"WebPage\",\"@id\":\"https:\\\/\\\/hawaymusic.com\\\/product\\\/teclado-yamaha-arranger-workstation\\\/\",\"url\":\"https:\\\/\\\/hawaymusic.com\\\/product\\\/teclado-yamaha-arranger-workstation\\\/\",\"name\":\"Yamaha PSR SX600 Teclado Arranger Workstation - Haway Music\",\"isPartOf\":{\"@id\":\"https:\\\/\\\/hawaymusic.com\\\/#website\"},\"primaryImageOfPage\":{\"@id\":\"https:\\\/\\\/hawaymusic.com\\\/product\\\/teclado-yamaha-arranger-workstation\\\/#primaryimage\"},\"image\":{\"@id\":\"https:\\\/\\\/hawaymusic.com\\\/product\\\/teclado-yamaha-arranger-workstation\\\/#primaryimage\"},\"thumbnailUrl\":\"https:\\\/\\\/i0.wp.com\\\/hawaymusic.com\\\/wp-content\\\/uploads\\\/2022\\\/08\\\/6001.jpg?fit=1080%2C1080&ssl=1\",\"datePublished\":\"2022-08-15T23:55:29+00:00\",\"dateModified\":\"2026-03-15T23:01:18+00:00\",\"breadcrumb\":{\"@id\":\"https:\\\/\\\/hawaymusic.com\\\/product\\\/teclado-yamaha-arranger-workstation\\\/#breadcrumb\"},\"inLanguage\":\"es-CO\",\"potentialAction\":[{\"@type\":\"ReadAction\",\"target\":[\"https:\\\/\\\/hawaymusic.com\\\/product\\\/teclado-yamaha-arranger-workstation\\\/\"]}]},{\"@type\":\"ImageObject\",\"inLanguage\":\"es-CO\",\"@id\":\"https:\\\/\\\/hawaymusic.com\\\/product\\\/teclado-yamaha-arranger-workstation\\\/#primaryimage\",\"url\":\"https:\\\/\\\/i0.wp.com\\\/hawaymusic.com\\\/wp-content\\\/uploads\\\/2022\\\/08\\\/6001.jpg?fit=1080%2C1080&ssl=1\",\"contentUrl\":\"https:\\\/\\\/i0.wp.com\\\/hawaymusic.com\\\/wp-content\\\/uploads\\\/2022\\\/08\\\/6001.jpg?fit=1080%2C1080&ssl=1\",\"width\":1080,\"height\":1080},{\"@type\":\"BreadcrumbList\",\"@id\":\"https:\\\/\\\/hawaymusic.com\\\/product\\\/teclado-yamaha-arranger-workstation\\\/#breadcrumb\",\"itemListElement\":[{\"@type\":\"ListItem\",\"position\":1,\"name\":\"Inicio\",\"item\":\"https:\\\/\\\/hawaymusic.com\\\/\"},{\"@type\":\"ListItem\",\"position\":2,\"name\":\"Shop\",\"item\":\"https:\\\/\\\/hawaymusic.com\\\/shop\\\/\"},{\"@type\":\"ListItem\",\"position\":3,\"name\":\"Yamaha PSR SX600 Teclado Arranger Workstation\"}]},{\"@type\":\"WebSite\",\"@id\":\"https:\\\/\\\/hawaymusic.com\\\/#website\",\"url\":\"https:\\\/\\\/hawaymusic.com\\\/\",\"name\":\"Haway Music\",\"description\":\"La mejor tienda de instrumentos musicales en Ecuador\",\"potentialAction\":[{\"@type\":\"SearchAction\",\"target\":{\"@type\":\"EntryPoint\",\"urlTemplate\":\"https:\\\/\\\/hawaymusic.com\\\/?s={search_term_string}\"},\"query-input\":{\"@type\":\"PropertyValueSpecification\",\"valueRequired\":true,\"valueName\":\"search_term_string\"}}],\"inLanguage\":\"es-CO\"}]}<\/script>\n<!-- \/ Yoast SEO plugin. -->","yoast_head_json":{"title":"Yamaha PSR SX600 Teclado Arranger Workstation - Haway Music","robots":{"index":"index","follow":"follow","max-snippet":"max-snippet:-1","max-image-preview":"max-image-preview:large","max-video-preview":"max-video-preview:-1"},"canonical":"https:\/\/hawaymusic.com\/es\/product\/teclado-yamaha-arranger-workstation\/","og_locale":"es_ES","og_type":"article","og_title":"Yamaha PSR SX600 Teclado Arranger Workstation - Haway Music","og_description":"Unison Function permite que las piezas de acompa\u00f1amiento de estilo sigan su rendimiento, por ejemplo, el gancho de firma de \"Sir Duke\" de Stevie Wonder o el pasaje final de James Brown \"Me siento bien!\"  La funci\u00f3n Accent te permite a\u00f1adir acentos r\u00edtmicos, en cualquier momento que quieras, golpeando las teclas con mayor velocidad.  Style Section Reset le permite volver a vencer a una de las barras con el toque de un bot\u00f3n para reiniciar suavemente la canci\u00f3n sobre la marcha.  La entrada de micr\u00f3fono de 1\/4 pulgadas te permite conectar un micr\u00f3fono para que puedas cantar mientras juegas, escuchar tu voz a trav\u00e9s de los altavoces del instrumento e incluso grabar tu rendimiento en audio USB.  Super Articulation Voices reproduce intuitivamente los matices naturales expresivos de los instrumentos que no son de teclado, permitiendo a los jugadores de teclado lograr una expresi\u00f3n realista.","og_url":"https:\/\/hawaymusic.com\/es\/product\/teclado-yamaha-arranger-workstation\/","og_site_name":"Haway Music","article_modified_time":"2026-03-15T23:01:18+00:00","og_image":[{"width":1080,"height":1080,"url":"https:\/\/hawaymusic.com\/wp-content\/uploads\/2022\/08\/6001.jpg","type":"image\/jpeg"}],"twitter_card":"summary_large_image","twitter_misc":{"Tiempo de lectura":"1 minuto"},"schema":{"@context":"https:\/\/schema.org","@graph":[{"@type":"WebPage","@id":"https:\/\/hawaymusic.com\/product\/teclado-yamaha-arranger-workstation\/","url":"https:\/\/hawaymusic.com\/product\/teclado-yamaha-arranger-workstation\/","name":"Yamaha PSR SX600 Teclado Arranger Workstation - Haway Music","isPartOf":{"@id":"https:\/\/hawaymusic.com\/#website"},"primaryImageOfPage":{"@id":"https:\/\/hawaymusic.com\/product\/teclado-yamaha-arranger-workstation\/#primaryimage"},"image":{"@id":"https:\/\/hawaymusic.com\/product\/teclado-yamaha-arranger-workstation\/#primaryimage"},"thumbnailUrl":"https:\/\/i0.wp.com\/hawaymusic.com\/wp-content\/uploads\/2022\/08\/6001.jpg?fit=1080%2C1080&ssl=1","datePublished":"2022-08-15T23:55:29+00:00","dateModified":"2026-03-15T23:01:18+00:00","breadcrumb":{"@id":"https:\/\/hawaymusic.com\/product\/teclado-yamaha-arranger-workstation\/#breadcrumb"},"inLanguage":"es-CO","potentialAction":[{"@type":"ReadAction","target":["https:\/\/hawaymusic.com\/product\/teclado-yamaha-arranger-workstation\/"]}]},{"@type":"ImageObject","inLanguage":"es-CO","@id":"https:\/\/hawaymusic.com\/product\/teclado-yamaha-arranger-workstation\/#primaryimage","url":"https:\/\/i0.wp.com\/hawaymusic.com\/wp-content\/uploads\/2022\/08\/6001.jpg?fit=1080%2C1080&ssl=1","contentUrl":"https:\/\/i0.wp.com\/hawaymusic.com\/wp-content\/uploads\/2022\/08\/6001.jpg?fit=1080%2C1080&ssl=1","width":1080,"height":1080},{"@type":"BreadcrumbList","@id":"https:\/\/hawaymusic.com\/product\/teclado-yamaha-arranger-workstation\/#breadcrumb","itemListElement":[{"@type":"ListItem","position":1,"name":"Inicio","item":"https:\/\/hawaymusic.com\/"},{"@type":"ListItem","position":2,"name":"Shop","item":"https:\/\/hawaymusic.com\/shop\/"},{"@type":"ListItem","position":3,"name":"Yamaha PSR SX600 Teclado Arranger Workstation"}]},{"@type":"WebSite","@id":"https:\/\/hawaymusic.com\/#website","url":"https:\/\/hawaymusic.com\/","name":"Haway Music","description":"La mejor tienda de instrumentos musicales en Ecuador","potentialAction":[{"@type":"SearchAction","target":{"@type":"EntryPoint","urlTemplate":"https:\/\/hawaymusic.com\/?s={search_term_string}"},"query-input":{"@type":"PropertyValueSpecification","valueRequired":true,"valueName":"search_term_string"}}],"inLanguage":"es-CO"}]}},"jetpack_sharing_enabled":true,"brands":[],"_links":{"self":[{"href":"https:\/\/hawaymusic.com\/es\/wp-json\/wp\/v2\/product\/260","targetHints":{"allow":["GET"]}}],"collection":[{"href":"https:\/\/hawaymusic.com\/es\/wp-json\/wp\/v2\/product"}],"about":[{"href":"https:\/\/hawaymusic.com\/es\/wp-json\/wp\/v2\/types\/product"}],"replies":[{"embeddable":true,"href":"https:\/\/hawaymusic.com\/es\/wp-json\/wp\/v2\/comments?post=260"}],"wp:featuredmedia":[{"embeddable":true,"href":"https:\/\/hawaymusic.com\/es\/wp-json\/wp\/v2\/media\/261"}],"wp:attachment":[{"href":"https:\/\/hawaymusic.com\/es\/wp-json\/wp\/v2\/media?parent=260"}],"wp:term":[{"taxonomy":"pwb-brand","embeddable":true,"href":"https:\/\/hawaymusic.com\/es\/wp-json\/wp\/v2\/pwb-brand?post=260"},{"taxonomy":"product_brand","embeddable":true,"href":"https:\/\/hawaymusic.com\/es\/wp-json\/wp\/v2\/product_brand?post=260"},{"taxonomy":"product_cat","embeddable":true,"href":"https:\/\/hawaymusic.com\/es\/wp-json\/wp\/v2\/product_cat?post=260"},{"taxonomy":"product_tag","embeddable":true,"href":"https:\/\/hawaymusic.com\/es\/wp-json\/wp\/v2\/product_tag?post=260"}],"curies":[{"name":"wp","href":"https:\/\/api.w.org\/{rel}","templated":true}]}}