{"id":250,"date":"2022-08-15T23:47:08","date_gmt":"2022-08-15T23:47:08","guid":{"rendered":"https:\/\/hawaymusic.com\/?post_type=product&#038;p=250"},"modified":"2025-10-11T04:09:43","modified_gmt":"2025-10-11T04:09:43","slug":"korg-microkorg-xl-sintetizador-vocoder-de-37-teclas-con-pcm-expandido","status":"publish","type":"product","link":"https:\/\/hawaymusic.com\/es\/product\/korg-microkorg-xl-sintetizador-vocoder-de-37-teclas-con-pcm-expandido\/","title":{"rendered":"Korg microKORG XL+ Sintetizador\/Vocoder de 37 teclas &#8211; Open Box"},"content":{"rendered":"<div class=\"wpb-content-wrapper\"><div class=\"vc_row wpb_row vc_row-fluid\"><div class=\"wpb_column vc_column_container vc_col-sm-12\"><div class=\"vc_column-inner\"><div class=\"wpb_wrapper\">\n\t<div class=\"wpb_video_widget wpb_content_element vc_clearfix vc_video-aspect-ratio-169 vc_video-el-width-100 vc_video-align-left\" >\n\t\t<div class=\"wpb_wrapper\">\n\t\t\t\n\t\t\t<div class=\"wpb_video_wrapper\"><iframe loading=\"lazy\" title=\"El sonido de los a\u00f1os 80: MicroKorg XL Plus Demo (review &amp; unboxing ) | Abel Jazz\" width=\"500\" height=\"281\" src=\"https:\/\/www.youtube.com\/embed\/fzkaU06JT78?feature=oembed\" frameborder=\"0\" allow=\"accelerometer; autoplay; clipboard-write; encrypted-media; gyroscope; picture-in-picture; web-share\" allowfullscreen><\/iframe><\/div>\n\t\t<\/div>\n\t<\/div>\n\n\t<div class=\"wpb_text_column wpb_content_element\" >\n\t\t<div class=\"wpb_wrapper\">\n\t\t\t<div id=\"dpx-product-description_feature_div\">\n<div class=\"celwidget\" data-csa-c-id=\"liv2qp-99q99-xhs7l7-mlhfhr\" data-cel-widget=\"dpx-product-description_csm_instrumentation_wrapper\">\n<div id=\"descriptionAndDetails\" class=\"a-section a-spacing-extra-large\">\n<div id=\"productDescription_feature_div\" class=\"celwidget\" data-feature-name=\"productDescription\" data-csa-c-id=\"y70okb-qlay96-waufds-91x9m1\" data-cel-widget=\"productDescription_feature_div\">\n<div>\n<div id=\"productDescription_feature_div\" class=\"a-row feature\" data-feature-name=\"productDescription\" data-template-name=\"productDescription\" data-cel-widget=\"productDescription_feature_div\">\n<div id=\"productDescription\" class=\"a-section a-spacing-small\">\n<p>El microKORG XL+ de Korg es una versi\u00f3n reforzada del extremadamente popular sintetizador microKORG XL. Al aprovechar el potente motor de sonido Radias, el microKORG XL+ ahora ofrece 128 sonidos \u2014desde bajos gordos hasta almohadillas gruesas\u2014 y cuenta con 17 efectos KAOSS a bordo. Los pomos de selecci\u00f3n de sonido actualizados te permiten navegar por g\u00e9nero y tipo de instrumento, por lo que es f\u00e1cil obtener un gran sonido r\u00e1pido. Pila dos sonidos, crea divisiones o a\u00f1ada una se\u00f1al de audio externa. Tambi\u00e9n encontrar\u00e1s codificaci\u00f3n de voz, arpegiaci\u00f3n, conectividad USB y tres botones en tiempo real a bordo del microKORG XL+.<\/p>\n<\/div>\n<\/div>\n<\/div>\n<\/div>\n<\/div>\n<\/div>\n<\/div>\n<div id=\"dpx-btf-renewed-program-description_feature_div\">\n<div class=\"celwidget\" data-csa-c-id=\"hhd25m-vdoizm-yzg8f5-8urobk\" data-cel-widget=\"dpx-btf-renewed-program-description_csm_instrumentation_wrapper\">\n<div id=\"renewedProgramDescriptionBtf_feature_div\" class=\"celwidget\" data-feature-name=\"renewedProgramDescriptionBtf\" data-csa-c-id=\"au1q4t-c6q1gb-nn3j9q-pk5s91\" data-cel-widget=\"renewedProgramDescriptionBtf_feature_div\"><\/div>\n<\/div>\n<\/div>\n<div id=\"product-details-grid_feature_div\">\n<div id=\"product-details-grid_feature_div\">\n<p><a id=\"productDetails\" name=\"productDetails\"><\/a><\/p>\n<div id=\"productDetails_feature_div\" class=\"celwidget\" data-feature-name=\"productDetails\" data-csa-c-id=\"do753i-o27ywn-is6slk-bqn5oe\" data-cel-widget=\"productDetails_feature_div\"><a id=\"productDetails\" name=\"productDetails\"><\/a><\/div>\n<\/div>\n<\/div>\n\n\t\t<\/div>\n\t<\/div>\n<\/div><\/div><\/div><\/div>\n<\/div>","protected":false},"excerpt":{"rendered":"<ul class=\"a-unordered-list a-vertical a-spacing-mini\">\n<li><span class=\"a-list-item\">Incluso m\u00e1s sonidos vintage, incluyendo el piano KORG SGproX, \u00f3rganos M1 y VOX e instrumentos de cinta<\/span><\/li>\n<li><span class=\"a-list-item\">Vocodificador de 16 bandas con micr\u00f3fono XLR de cuello de cisne; caracter\u00edsticas \u00fanicas de sujeci\u00f3n de formante y cambio de formante<\/span><\/li>\n<li><span class=\"a-list-item\">Nuevo selector de g\u00e9nero de programa que refleja la escena musical actual. Pantalla LCD personalizada<\/span><\/li>\n<li><span class=\"a-list-item\">Un potente motor de efectos Kaoss, el tipo de efectos que esperar\u00edas de Korg<\/span><\/li>\n<li><span class=\"a-list-item\">Korg Mini-teclado patentado Natural Touch, dise\u00f1ado con \u00e9nfasis en la jugabilidad<\/span><\/li>\n<\/ul>","protected":false},"featured_media":251,"comment_status":"open","ping_status":"closed","template":"","meta":[],"pwb-brand":[],"product_brand":[],"product_cat":[22],"product_tag":[],"class_list":{"0":"post-250","1":"product","2":"type-product","3":"status-publish","4":"has-post-thumbnail","6":"product_cat-teclado","8":"first","9":"onbackorder","10":"sale","11":"taxable","12":"shipping-taxable","13":"purchasable","14":"product-type-simple"},"yoast_head":"<!-- This site is optimized with the Yoast SEO plugin v27.6 - https:\/\/yoast.com\/product\/yoast-seo-wordpress\/ -->\n<title>Korg microKORG XL+ Sintetizador\/Vocoder de 37 teclas - Open Box - Haway Music<\/title>\n<meta name=\"robots\" content=\"index, follow, max-snippet:-1, max-image-preview:large, max-video-preview:-1\" \/>\n<link rel=\"canonical\" href=\"https:\/\/hawaymusic.com\/es\/producto\/korg-microkorg-xl-sintetizador-vocoder-de-37-teclas-con-pcm-expandido\/\" \/>\n<meta property=\"og:locale\" content=\"es_ES\" \/>\n<meta property=\"og:type\" content=\"article\" \/>\n<meta property=\"og:title\" content=\"Korg microKORG XL+ Sintetizador\/Vocoder de 37 teclas - Open Box - Haway Music\" \/>\n<meta property=\"og:description\" content=\"Incluso m\u00e1s sonidos vintage, incluyendo el piano KORG SGproX, \u00f3rganos M1 y VOX e instrumentos de cinta  Vocodificador de 16 bandas con micr\u00f3fono XLR de cuello de cisne; caracter\u00edsticas \u00fanicas de sujeci\u00f3n de formante y cambio de formante  Nuevo selector de g\u00e9nero de programa que refleja la escena musical actual. Pantalla LCD personalizada  Un potente motor de efectos Kaoss, el tipo de efectos que esperar\u00edas de Korg  Korg Mini-teclado patentado Natural Touch, dise\u00f1ado con \u00e9nfasis en la jugabilidad\" \/>\n<meta property=\"og:url\" content=\"https:\/\/hawaymusic.com\/es\/producto\/korg-microkorg-xl-sintetizador-vocoder-de-37-teclas-con-pcm-expandido\/\" \/>\n<meta property=\"og:site_name\" content=\"Haway Music\" \/>\n<meta property=\"article:modified_time\" content=\"2025-10-11T04:09:43+00:00\" \/>\n<meta property=\"og:image\" content=\"https:\/\/hawaymusic.com\/wp-content\/uploads\/2022\/08\/korg-1.jpg\" \/>\n\t<meta property=\"og:image:width\" content=\"1080\" \/>\n\t<meta property=\"og:image:height\" content=\"1080\" \/>\n\t<meta property=\"og:image:type\" content=\"image\/jpeg\" \/>\n<meta name=\"twitter:card\" content=\"summary_large_image\" \/>\n<meta name=\"twitter:label1\" content=\"Tiempo de lectura\" \/>\n\t<meta name=\"twitter:data1\" content=\"1 minuto\" \/>\n<script type=\"application\/ld+json\" class=\"yoast-schema-graph\">{\"@context\":\"https:\\\/\\\/schema.org\",\"@graph\":[{\"@type\":\"WebPage\",\"@id\":\"https:\\\/\\\/hawaymusic.com\\\/producto\\\/korg-microkorg-xl-sintetizador-vocoder-de-37-teclas-con-pcm-expandido\\\/\",\"url\":\"https:\\\/\\\/hawaymusic.com\\\/producto\\\/korg-microkorg-xl-sintetizador-vocoder-de-37-teclas-con-pcm-expandido\\\/\",\"name\":\"Korg microKORG XL+ Sintetizador\\\/Vocoder de 37 teclas - Open Box - Haway Music\",\"isPartOf\":{\"@id\":\"https:\\\/\\\/hawaymusic.com\\\/#website\"},\"primaryImageOfPage\":{\"@id\":\"https:\\\/\\\/hawaymusic.com\\\/producto\\\/korg-microkorg-xl-sintetizador-vocoder-de-37-teclas-con-pcm-expandido\\\/#primaryimage\"},\"image\":{\"@id\":\"https:\\\/\\\/hawaymusic.com\\\/producto\\\/korg-microkorg-xl-sintetizador-vocoder-de-37-teclas-con-pcm-expandido\\\/#primaryimage\"},\"thumbnailUrl\":\"https:\\\/\\\/i0.wp.com\\\/hawaymusic.com\\\/wp-content\\\/uploads\\\/2022\\\/08\\\/korg-1.jpg?fit=1080%2C1080&ssl=1\",\"datePublished\":\"2022-08-15T23:47:08+00:00\",\"dateModified\":\"2025-10-11T04:09:43+00:00\",\"breadcrumb\":{\"@id\":\"https:\\\/\\\/hawaymusic.com\\\/producto\\\/korg-microkorg-xl-sintetizador-vocoder-de-37-teclas-con-pcm-expandido\\\/#breadcrumb\"},\"inLanguage\":\"es-CO\",\"potentialAction\":[{\"@type\":\"ReadAction\",\"target\":[\"https:\\\/\\\/hawaymusic.com\\\/producto\\\/korg-microkorg-xl-sintetizador-vocoder-de-37-teclas-con-pcm-expandido\\\/\"]}]},{\"@type\":\"ImageObject\",\"inLanguage\":\"es-CO\",\"@id\":\"https:\\\/\\\/hawaymusic.com\\\/producto\\\/korg-microkorg-xl-sintetizador-vocoder-de-37-teclas-con-pcm-expandido\\\/#primaryimage\",\"url\":\"https:\\\/\\\/i0.wp.com\\\/hawaymusic.com\\\/wp-content\\\/uploads\\\/2022\\\/08\\\/korg-1.jpg?fit=1080%2C1080&ssl=1\",\"contentUrl\":\"https:\\\/\\\/i0.wp.com\\\/hawaymusic.com\\\/wp-content\\\/uploads\\\/2022\\\/08\\\/korg-1.jpg?fit=1080%2C1080&ssl=1\",\"width\":1080,\"height\":1080},{\"@type\":\"BreadcrumbList\",\"@id\":\"https:\\\/\\\/hawaymusic.com\\\/producto\\\/korg-microkorg-xl-sintetizador-vocoder-de-37-teclas-con-pcm-expandido\\\/#breadcrumb\",\"itemListElement\":[{\"@type\":\"ListItem\",\"position\":1,\"name\":\"Inicio\",\"item\":\"https:\\\/\\\/hawaymusic.com\\\/\"},{\"@type\":\"ListItem\",\"position\":2,\"name\":\"Shop\",\"item\":\"https:\\\/\\\/hawaymusic.com\\\/shop\\\/\"},{\"@type\":\"ListItem\",\"position\":3,\"name\":\"Korg microKORG XL+ Sintetizador\\\/Vocoder de 37 teclas &#8211; Open Box\"}]},{\"@type\":\"WebSite\",\"@id\":\"https:\\\/\\\/hawaymusic.com\\\/#website\",\"url\":\"https:\\\/\\\/hawaymusic.com\\\/\",\"name\":\"Haway Music\",\"description\":\"La mejor tienda de instrumentos musicales en Ecuador\",\"potentialAction\":[{\"@type\":\"SearchAction\",\"target\":{\"@type\":\"EntryPoint\",\"urlTemplate\":\"https:\\\/\\\/hawaymusic.com\\\/?s={search_term_string}\"},\"query-input\":{\"@type\":\"PropertyValueSpecification\",\"valueRequired\":true,\"valueName\":\"search_term_string\"}}],\"inLanguage\":\"es-CO\"}]}<\/script>\n<!-- \/ Yoast SEO plugin. -->","yoast_head_json":{"title":"Korg microKORG XL+ Sintetizador\/Vocoder de 37 teclas - Open Box - Haway Music","robots":{"index":"index","follow":"follow","max-snippet":"max-snippet:-1","max-image-preview":"max-image-preview:large","max-video-preview":"max-video-preview:-1"},"canonical":"https:\/\/hawaymusic.com\/es\/producto\/korg-microkorg-xl-sintetizador-vocoder-de-37-teclas-con-pcm-expandido\/","og_locale":"es_ES","og_type":"article","og_title":"Korg microKORG XL+ Sintetizador\/Vocoder de 37 teclas - Open Box - Haway Music","og_description":"Incluso m\u00e1s sonidos vintage, incluyendo el piano KORG SGproX, \u00f3rganos M1 y VOX e instrumentos de cinta  Vocodificador de 16 bandas con micr\u00f3fono XLR de cuello de cisne; caracter\u00edsticas \u00fanicas de sujeci\u00f3n de formante y cambio de formante  Nuevo selector de g\u00e9nero de programa que refleja la escena musical actual. Pantalla LCD personalizada  Un potente motor de efectos Kaoss, el tipo de efectos que esperar\u00edas de Korg  Korg Mini-teclado patentado Natural Touch, dise\u00f1ado con \u00e9nfasis en la jugabilidad","og_url":"https:\/\/hawaymusic.com\/es\/producto\/korg-microkorg-xl-sintetizador-vocoder-de-37-teclas-con-pcm-expandido\/","og_site_name":"Haway Music","article_modified_time":"2025-10-11T04:09:43+00:00","og_image":[{"width":1080,"height":1080,"url":"https:\/\/hawaymusic.com\/wp-content\/uploads\/2022\/08\/korg-1.jpg","type":"image\/jpeg"}],"twitter_card":"summary_large_image","twitter_misc":{"Tiempo de lectura":"1 minuto"},"schema":{"@context":"https:\/\/schema.org","@graph":[{"@type":"WebPage","@id":"https:\/\/hawaymusic.com\/producto\/korg-microkorg-xl-sintetizador-vocoder-de-37-teclas-con-pcm-expandido\/","url":"https:\/\/hawaymusic.com\/producto\/korg-microkorg-xl-sintetizador-vocoder-de-37-teclas-con-pcm-expandido\/","name":"Korg microKORG XL+ Sintetizador\/Vocoder de 37 teclas - Open Box - Haway Music","isPartOf":{"@id":"https:\/\/hawaymusic.com\/#website"},"primaryImageOfPage":{"@id":"https:\/\/hawaymusic.com\/producto\/korg-microkorg-xl-sintetizador-vocoder-de-37-teclas-con-pcm-expandido\/#primaryimage"},"image":{"@id":"https:\/\/hawaymusic.com\/producto\/korg-microkorg-xl-sintetizador-vocoder-de-37-teclas-con-pcm-expandido\/#primaryimage"},"thumbnailUrl":"https:\/\/i0.wp.com\/hawaymusic.com\/wp-content\/uploads\/2022\/08\/korg-1.jpg?fit=1080%2C1080&ssl=1","datePublished":"2022-08-15T23:47:08+00:00","dateModified":"2025-10-11T04:09:43+00:00","breadcrumb":{"@id":"https:\/\/hawaymusic.com\/producto\/korg-microkorg-xl-sintetizador-vocoder-de-37-teclas-con-pcm-expandido\/#breadcrumb"},"inLanguage":"es-CO","potentialAction":[{"@type":"ReadAction","target":["https:\/\/hawaymusic.com\/producto\/korg-microkorg-xl-sintetizador-vocoder-de-37-teclas-con-pcm-expandido\/"]}]},{"@type":"ImageObject","inLanguage":"es-CO","@id":"https:\/\/hawaymusic.com\/producto\/korg-microkorg-xl-sintetizador-vocoder-de-37-teclas-con-pcm-expandido\/#primaryimage","url":"https:\/\/i0.wp.com\/hawaymusic.com\/wp-content\/uploads\/2022\/08\/korg-1.jpg?fit=1080%2C1080&ssl=1","contentUrl":"https:\/\/i0.wp.com\/hawaymusic.com\/wp-content\/uploads\/2022\/08\/korg-1.jpg?fit=1080%2C1080&ssl=1","width":1080,"height":1080},{"@type":"BreadcrumbList","@id":"https:\/\/hawaymusic.com\/producto\/korg-microkorg-xl-sintetizador-vocoder-de-37-teclas-con-pcm-expandido\/#breadcrumb","itemListElement":[{"@type":"ListItem","position":1,"name":"Inicio","item":"https:\/\/hawaymusic.com\/"},{"@type":"ListItem","position":2,"name":"Shop","item":"https:\/\/hawaymusic.com\/shop\/"},{"@type":"ListItem","position":3,"name":"Korg microKORG XL+ Sintetizador\/Vocoder de 37 teclas &#8211; Open Box"}]},{"@type":"WebSite","@id":"https:\/\/hawaymusic.com\/#website","url":"https:\/\/hawaymusic.com\/","name":"Haway Music","description":"La mejor tienda de instrumentos musicales en Ecuador","potentialAction":[{"@type":"SearchAction","target":{"@type":"EntryPoint","urlTemplate":"https:\/\/hawaymusic.com\/?s={search_term_string}"},"query-input":{"@type":"PropertyValueSpecification","valueRequired":true,"valueName":"search_term_string"}}],"inLanguage":"es-CO"}]}},"jetpack_sharing_enabled":true,"brands":[],"_links":{"self":[{"href":"https:\/\/hawaymusic.com\/es\/wp-json\/wp\/v2\/product\/250","targetHints":{"allow":["GET"]}}],"collection":[{"href":"https:\/\/hawaymusic.com\/es\/wp-json\/wp\/v2\/product"}],"about":[{"href":"https:\/\/hawaymusic.com\/es\/wp-json\/wp\/v2\/types\/product"}],"replies":[{"embeddable":true,"href":"https:\/\/hawaymusic.com\/es\/wp-json\/wp\/v2\/comments?post=250"}],"wp:featuredmedia":[{"embeddable":true,"href":"https:\/\/hawaymusic.com\/es\/wp-json\/wp\/v2\/media\/251"}],"wp:attachment":[{"href":"https:\/\/hawaymusic.com\/es\/wp-json\/wp\/v2\/media?parent=250"}],"wp:term":[{"taxonomy":"pwb-brand","embeddable":true,"href":"https:\/\/hawaymusic.com\/es\/wp-json\/wp\/v2\/pwb-brand?post=250"},{"taxonomy":"product_brand","embeddable":true,"href":"https:\/\/hawaymusic.com\/es\/wp-json\/wp\/v2\/product_brand?post=250"},{"taxonomy":"product_cat","embeddable":true,"href":"https:\/\/hawaymusic.com\/es\/wp-json\/wp\/v2\/product_cat?post=250"},{"taxonomy":"product_tag","embeddable":true,"href":"https:\/\/hawaymusic.com\/es\/wp-json\/wp\/v2\/product_tag?post=250"}],"curies":[{"name":"wp","href":"https:\/\/api.w.org\/{rel}","templated":true}]}}