{"id":239,"date":"2022-08-15T23:33:58","date_gmt":"2022-08-15T23:33:58","guid":{"rendered":"https:\/\/hawaymusic.com\/?post_type=product&#038;p=239"},"modified":"2025-11-03T19:04:51","modified_gmt":"2025-11-03T19:04:51","slug":"arturia-keylab-61-essential-teclado-controlador-midi-de-61-teclas","status":"publish","type":"product","link":"https:\/\/hawaymusic.com\/es\/product\/arturia-keylab-61-essential-teclado-controlador-midi-de-61-teclas\/","title":{"rendered":"Arturia KeyLab 61 Essential MK3 Teclado controlador MIDI de 61 teclas"},"content":{"rendered":"<div class=\"wpb-content-wrapper\"><div class=\"vc_row wpb_row vc_row-fluid\"><div class=\"wpb_column vc_column_container vc_col-sm-12\"><div class=\"vc_column-inner\"><div class=\"wpb_wrapper\">\n\t<div class=\"wpb_video_widget wpb_content_element vc_clearfix vc_video-aspect-ratio-169 vc_video-el-width-100 vc_video-align-left\" >\n\t\t<div class=\"wpb_wrapper\">\n\t\t\t\n\t\t\t<div class=\"wpb_video_wrapper\"><iframe loading=\"lazy\" title=\"Arturia KeyLab Essential 61: \u00bfMEJOR CONTROLADOR MIDI PARA PRINCIPIANTES? | 3 Factores Importantes\" width=\"500\" height=\"281\" src=\"https:\/\/www.youtube.com\/embed\/Jk7K5UNgI-g?feature=oembed\" frameborder=\"0\" allow=\"accelerometer; autoplay; clipboard-write; encrypted-media; gyroscope; picture-in-picture; web-share\" allowfullscreen><\/iframe><\/div>\n\t\t<\/div>\n\t<\/div>\n\n\t<div class=\"wpb_text_column wpb_content_element\" >\n\t\t<div class=\"wpb_wrapper\">\n\t\t\t<div id=\"dpx-product-description_feature_div\">\n<div class=\"celwidget\" data-csa-c-id=\"pn0cfu-ifd1bh-ufolbb-nljdoq\" data-cel-widget=\"dpx-product-description_csm_instrumentation_wrapper\">\n<div id=\"descriptionAndDetails\" class=\"a-section a-spacing-extra-large\">\n<div id=\"productDescription_feature_div\" class=\"celwidget\" data-feature-name=\"productDescription\" data-csa-c-id=\"21tqip-kn1dxt-7dtmlt-z0drc\" data-cel-widget=\"productDescription_feature_div\">\n<div>\n<div id=\"productDescription_feature_div\" class=\"a-row feature\" data-feature-name=\"productDescription\" data-template-name=\"productDescription\" data-cel-widget=\"productDescription_feature_div\">\n<div id=\"productDescription\" class=\"a-section a-spacing-small\">\n<p>Arturia KeyLab 61 Teclado con control MIDI USB de 61 notas con amplios controles pr\u00e1cticos Hay pocas cosas m\u00e1s frustrantes que cuando quieres sentarte y hacer m\u00fasica, pero te encuentras hundiendo todo tu tiempo y esfuerzo para encontrar sonidos inspiradores o, peor a\u00fan, hacer que tu sistema funcione en absoluto. KeyLab Essential 61 de Arturia es una estaci\u00f3n de trabajo de instrumentos virtuales perfecta para evitar que ese tipo de problema te descarrile. Entre la tecla de primer nivel del controlador, controles pr\u00e1cticos completos e integraci\u00f3n total con los miles de sonidos del software Analog Lab 2 de Arturia, KeyLab Essential funciona de forma sencilla. Es una experiencia incre\u00edble que te permite tomar tus ideas y convertirlas en pistas frescas en poco tiempo. Recorta el tedio t\u00e9cnico con KeyLab Essential combinando un teclado controlador bellamente jugable con el aclamado Analog Lab 2 de Arturia. Potente como es, Analog Lab 2 es solo parte de lo que KeyLab Essential tiene para ofrecer. Este teclado controlador maravillosamente dise\u00f1ado incluye todo el control que necesitas para hacerte cargo de tu DAW, incluidos los controles de transporte completos. De hecho, KeyLab Essential es un controlador MIDI universal completamente cargado, por lo que es completamente compatible con cualquier instrumento de terceros u otro software de creaci\u00f3n de m\u00fasica. La mayor\u00eda de los controles tambi\u00e9n hacen doble trabajo, lo que te proporciona capas de control sobre Analog Lab 2, tu DAW y cualquier otro instrumento con el que quieras jugar. Hablando de aplicaciones DAW y otros instrumentos virtuales, echa un vistazo al impresionante paquete de software incluido con teclados de controlador KeyLab Essential. Comencemos echando un vistazo m\u00e1s de cerca a Analog Lab 2. Esta colecci\u00f3n de sonido de mayor \u00e9xito presenta muchos de los mejores cl\u00e1sicos de la galardonada colecci\u00f3n V de Arturia. Cubre 17 sintetizadores atemporales y m\u00e1s de 5.000 sonidos con Arturia<\/p>\n<\/div>\n<\/div>\n<\/div>\n<\/div>\n<\/div>\n<\/div>\n<\/div>\n<div id=\"dpx-btf-renewed-program-description_feature_div\">\n<div class=\"celwidget\" data-csa-c-id=\"bwdcvb-528x3d-5y234r-64t8v8\" data-cel-widget=\"dpx-btf-renewed-program-description_csm_instrumentation_wrapper\">\n<div id=\"renewedProgramDescriptionBtf_feature_div\" class=\"celwidget\" data-feature-name=\"renewedProgramDescriptionBtf\" data-csa-c-id=\"1p8l4l-bfsivh-iy53vc-x82ocr\" data-cel-widget=\"renewedProgramDescriptionBtf_feature_div\"><\/div>\n<\/div>\n<\/div>\n<div id=\"product-details-grid_feature_div\">\n<div id=\"product-details-grid_feature_div\">\n<p><a id=\"productDetails\" name=\"productDetails\"><\/a><\/p>\n<div id=\"productDetails_feature_div\" class=\"celwidget\" data-feature-name=\"productDetails\" data-csa-c-id=\"syw794-8649ad-bcpef9-1zf44a\" data-cel-widget=\"productDetails_feature_div\"><a id=\"productDetails\" name=\"productDetails\"><\/a><\/div>\n<\/div>\n<\/div>\n\n\t\t<\/div>\n\t<\/div>\n<\/div><\/div><\/div><\/div>\n<\/div>","protected":false},"excerpt":{"rendered":"<ul class=\"a-unordered-list a-vertical a-spacing-mini\">\n<li class=\"a-spacing-mini\"><span class=\"a-list-item\">Nuevas caracter\u00edsticas creativas: modo de escala, modo acorde y arpegiador, haciendo que la composici\u00f3n, la composici\u00f3n y la creaci\u00f3n de ritmos sean m\u00e1s intuitivos que nunca.<\/span><\/li>\n<li class=\"a-spacing-mini\"><span class=\"a-list-item\">Integraci\u00f3n DAW personalizada: KeyLab Essential 3 cuenta con scripts personalizados para un control m\u00e1s profundo sobre DAW, incluyendo Ableton Live Logic Pro X, FL Studio y m\u00e1s.<\/span><\/li>\n<li class=\"a-spacing-mini\"><span class=\"a-list-item\">Ajustes preestablecidos m\u00e1s vers\u00e1tiles: los ajustes preestablecidos de 2000 incluidos con Analog Lab V ya no se limitan a los sonidos vintage; los usuarios pueden disfrutar de h\u00edbridos \u00fanicos, sintetizadores modernos, sonidos orquestales y m\u00e1s.<\/span><\/li>\n<li class=\"a-spacing-mini\"><span class=\"a-list-item\">Controles e interfaz m\u00e1s sencillos: almohadillas con retroiluminaci\u00f3n RGB con sensibilidad a la velocidad y la presi\u00f3n, bot\u00f3n contextual y una nueva pantalla LCD brillante de 2.5&#8243; para retroalimentaci\u00f3n en tiempo real.<\/span><\/li>\n<li class=\"a-spacing-mini\"><span class=\"a-list-item\">Paquete de software ampliado para principiantes y profesionales: ahora incluye Analog Lab V, 2 pianos (modelo UVI D, The Gentleman de NI), adem\u00e1s de suscripciones a Loopcloud y Melodics.<\/span><\/li>\n<\/ul>","protected":false},"featured_media":640,"comment_status":"open","ping_status":"closed","template":"","meta":[],"pwb-brand":[78],"product_brand":[],"product_cat":[22],"product_tag":[73],"class_list":{"0":"post-239","1":"product","2":"type-product","3":"status-publish","4":"has-post-thumbnail","6":"pwb-brand-arturia","7":"product_cat-teclado","8":"product_tag-teclado-controlador","10":"first","11":"instock","12":"taxable","13":"shipping-taxable","14":"purchasable","15":"product-type-simple"},"yoast_head":"<!-- This site is optimized with the Yoast SEO plugin v27.5 - https:\/\/yoast.com\/product\/yoast-seo-wordpress\/ -->\n<title>Arturia KeyLab 61 Essential MK3 Teclado controlador MIDI de 61 teclas - Haway Music<\/title>\n<meta name=\"robots\" content=\"index, follow, max-snippet:-1, max-image-preview:large, max-video-preview:-1\" \/>\n<link rel=\"canonical\" href=\"https:\/\/hawaymusic.com\/es\/product\/arturia-keylab-61-essential-teclado-controlador-midi-de-61-teclas\/\" \/>\n<meta property=\"og:locale\" content=\"es_ES\" \/>\n<meta property=\"og:type\" content=\"article\" \/>\n<meta property=\"og:title\" content=\"Arturia KeyLab 61 Essential MK3 Teclado controlador MIDI de 61 teclas - Haway Music\" \/>\n<meta property=\"og:description\" content=\"Nuevas caracter\u00edsticas creativas: modo de escala, modo acorde y arpegiador, haciendo que la composici\u00f3n, la composici\u00f3n y la creaci\u00f3n de ritmos sean m\u00e1s intuitivos que nunca.  Integraci\u00f3n DAW personalizada: KeyLab Essential 3 cuenta con scripts personalizados para un control m\u00e1s profundo sobre DAW, incluyendo Ableton Live Logic Pro X, FL Studio y m\u00e1s.  Ajustes preestablecidos m\u00e1s vers\u00e1tiles: los ajustes preestablecidos de 2000 incluidos con Analog Lab V ya no se limitan a los sonidos vintage; los usuarios pueden disfrutar de h\u00edbridos \u00fanicos, sintetizadores modernos, sonidos orquestales y m\u00e1s.  Controles e interfaz m\u00e1s sencillos: almohadillas con retroiluminaci\u00f3n RGB con sensibilidad a la velocidad y la presi\u00f3n, bot\u00f3n contextual y una nueva pantalla LCD brillante de 2.5&quot; para retroalimentaci\u00f3n en tiempo real.  Paquete de software ampliado para principiantes y profesionales: ahora incluye Analog Lab V, 2 pianos (modelo UVI D, The Gentleman de NI), adem\u00e1s de suscripciones a Loopcloud y Melodics.\" \/>\n<meta property=\"og:url\" content=\"https:\/\/hawaymusic.com\/es\/product\/arturia-keylab-61-essential-teclado-controlador-midi-de-61-teclas\/\" \/>\n<meta property=\"og:site_name\" content=\"Haway Music\" \/>\n<meta property=\"article:modified_time\" content=\"2025-11-03T19:04:51+00:00\" \/>\n<meta property=\"og:image\" content=\"https:\/\/hawaymusic.com\/wp-content\/uploads\/2022\/08\/arturia.png\" \/>\n\t<meta property=\"og:image:width\" content=\"355\" \/>\n\t<meta property=\"og:image:height\" content=\"300\" \/>\n\t<meta property=\"og:image:type\" content=\"image\/png\" \/>\n<meta name=\"twitter:card\" content=\"summary_large_image\" \/>\n<meta name=\"twitter:label1\" content=\"Tiempo de lectura\" \/>\n\t<meta name=\"twitter:data1\" content=\"2 minutos\" \/>\n<script type=\"application\/ld+json\" class=\"yoast-schema-graph\">{\"@context\":\"https:\\\/\\\/schema.org\",\"@graph\":[{\"@type\":\"WebPage\",\"@id\":\"https:\\\/\\\/hawaymusic.com\\\/product\\\/arturia-keylab-61-essential-teclado-controlador-midi-de-61-teclas\\\/\",\"url\":\"https:\\\/\\\/hawaymusic.com\\\/product\\\/arturia-keylab-61-essential-teclado-controlador-midi-de-61-teclas\\\/\",\"name\":\"Arturia KeyLab 61 Essential MK3 Teclado controlador MIDI de 61 teclas - Haway Music\",\"isPartOf\":{\"@id\":\"https:\\\/\\\/hawaymusic.com\\\/#website\"},\"primaryImageOfPage\":{\"@id\":\"https:\\\/\\\/hawaymusic.com\\\/product\\\/arturia-keylab-61-essential-teclado-controlador-midi-de-61-teclas\\\/#primaryimage\"},\"image\":{\"@id\":\"https:\\\/\\\/hawaymusic.com\\\/product\\\/arturia-keylab-61-essential-teclado-controlador-midi-de-61-teclas\\\/#primaryimage\"},\"thumbnailUrl\":\"https:\\\/\\\/i0.wp.com\\\/hawaymusic.com\\\/wp-content\\\/uploads\\\/2022\\\/08\\\/arturia.png?fit=355%2C300&ssl=1\",\"datePublished\":\"2022-08-15T23:33:58+00:00\",\"dateModified\":\"2025-11-03T19:04:51+00:00\",\"breadcrumb\":{\"@id\":\"https:\\\/\\\/hawaymusic.com\\\/product\\\/arturia-keylab-61-essential-teclado-controlador-midi-de-61-teclas\\\/#breadcrumb\"},\"inLanguage\":\"es-CO\",\"potentialAction\":[{\"@type\":\"ReadAction\",\"target\":[\"https:\\\/\\\/hawaymusic.com\\\/product\\\/arturia-keylab-61-essential-teclado-controlador-midi-de-61-teclas\\\/\"]}]},{\"@type\":\"ImageObject\",\"inLanguage\":\"es-CO\",\"@id\":\"https:\\\/\\\/hawaymusic.com\\\/product\\\/arturia-keylab-61-essential-teclado-controlador-midi-de-61-teclas\\\/#primaryimage\",\"url\":\"https:\\\/\\\/i0.wp.com\\\/hawaymusic.com\\\/wp-content\\\/uploads\\\/2022\\\/08\\\/arturia.png?fit=355%2C300&ssl=1\",\"contentUrl\":\"https:\\\/\\\/i0.wp.com\\\/hawaymusic.com\\\/wp-content\\\/uploads\\\/2022\\\/08\\\/arturia.png?fit=355%2C300&ssl=1\",\"width\":355,\"height\":300},{\"@type\":\"BreadcrumbList\",\"@id\":\"https:\\\/\\\/hawaymusic.com\\\/product\\\/arturia-keylab-61-essential-teclado-controlador-midi-de-61-teclas\\\/#breadcrumb\",\"itemListElement\":[{\"@type\":\"ListItem\",\"position\":1,\"name\":\"Inicio\",\"item\":\"https:\\\/\\\/hawaymusic.com\\\/\"},{\"@type\":\"ListItem\",\"position\":2,\"name\":\"Shop\",\"item\":\"https:\\\/\\\/hawaymusic.com\\\/shop\\\/\"},{\"@type\":\"ListItem\",\"position\":3,\"name\":\"Arturia KeyLab 61 Essential MK3 Teclado controlador MIDI de 61 teclas\"}]},{\"@type\":\"WebSite\",\"@id\":\"https:\\\/\\\/hawaymusic.com\\\/#website\",\"url\":\"https:\\\/\\\/hawaymusic.com\\\/\",\"name\":\"Haway Music\",\"description\":\"La mejor tienda de instrumentos musicales en Ecuador\",\"potentialAction\":[{\"@type\":\"SearchAction\",\"target\":{\"@type\":\"EntryPoint\",\"urlTemplate\":\"https:\\\/\\\/hawaymusic.com\\\/?s={search_term_string}\"},\"query-input\":{\"@type\":\"PropertyValueSpecification\",\"valueRequired\":true,\"valueName\":\"search_term_string\"}}],\"inLanguage\":\"es-CO\"}]}<\/script>\n<!-- \/ Yoast SEO plugin. -->","yoast_head_json":{"title":"Arturia KeyLab 61 Essential MK3 Teclado controlador MIDI de 61 teclas - Haway Music","robots":{"index":"index","follow":"follow","max-snippet":"max-snippet:-1","max-image-preview":"max-image-preview:large","max-video-preview":"max-video-preview:-1"},"canonical":"https:\/\/hawaymusic.com\/es\/product\/arturia-keylab-61-essential-teclado-controlador-midi-de-61-teclas\/","og_locale":"es_ES","og_type":"article","og_title":"Arturia KeyLab 61 Essential MK3 Teclado controlador MIDI de 61 teclas - Haway Music","og_description":"Nuevas caracter\u00edsticas creativas: modo de escala, modo acorde y arpegiador, haciendo que la composici\u00f3n, la composici\u00f3n y la creaci\u00f3n de ritmos sean m\u00e1s intuitivos que nunca.  Integraci\u00f3n DAW personalizada: KeyLab Essential 3 cuenta con scripts personalizados para un control m\u00e1s profundo sobre DAW, incluyendo Ableton Live Logic Pro X, FL Studio y m\u00e1s.  Ajustes preestablecidos m\u00e1s vers\u00e1tiles: los ajustes preestablecidos de 2000 incluidos con Analog Lab V ya no se limitan a los sonidos vintage; los usuarios pueden disfrutar de h\u00edbridos \u00fanicos, sintetizadores modernos, sonidos orquestales y m\u00e1s.  Controles e interfaz m\u00e1s sencillos: almohadillas con retroiluminaci\u00f3n RGB con sensibilidad a la velocidad y la presi\u00f3n, bot\u00f3n contextual y una nueva pantalla LCD brillante de 2.5\" para retroalimentaci\u00f3n en tiempo real.  Paquete de software ampliado para principiantes y profesionales: ahora incluye Analog Lab V, 2 pianos (modelo UVI D, The Gentleman de NI), adem\u00e1s de suscripciones a Loopcloud y Melodics.","og_url":"https:\/\/hawaymusic.com\/es\/product\/arturia-keylab-61-essential-teclado-controlador-midi-de-61-teclas\/","og_site_name":"Haway Music","article_modified_time":"2025-11-03T19:04:51+00:00","og_image":[{"width":355,"height":300,"url":"https:\/\/hawaymusic.com\/wp-content\/uploads\/2022\/08\/arturia.png","type":"image\/png"}],"twitter_card":"summary_large_image","twitter_misc":{"Tiempo de lectura":"2 minutos"},"schema":{"@context":"https:\/\/schema.org","@graph":[{"@type":"WebPage","@id":"https:\/\/hawaymusic.com\/product\/arturia-keylab-61-essential-teclado-controlador-midi-de-61-teclas\/","url":"https:\/\/hawaymusic.com\/product\/arturia-keylab-61-essential-teclado-controlador-midi-de-61-teclas\/","name":"Arturia KeyLab 61 Essential MK3 Teclado controlador MIDI de 61 teclas - Haway Music","isPartOf":{"@id":"https:\/\/hawaymusic.com\/#website"},"primaryImageOfPage":{"@id":"https:\/\/hawaymusic.com\/product\/arturia-keylab-61-essential-teclado-controlador-midi-de-61-teclas\/#primaryimage"},"image":{"@id":"https:\/\/hawaymusic.com\/product\/arturia-keylab-61-essential-teclado-controlador-midi-de-61-teclas\/#primaryimage"},"thumbnailUrl":"https:\/\/i0.wp.com\/hawaymusic.com\/wp-content\/uploads\/2022\/08\/arturia.png?fit=355%2C300&ssl=1","datePublished":"2022-08-15T23:33:58+00:00","dateModified":"2025-11-03T19:04:51+00:00","breadcrumb":{"@id":"https:\/\/hawaymusic.com\/product\/arturia-keylab-61-essential-teclado-controlador-midi-de-61-teclas\/#breadcrumb"},"inLanguage":"es-CO","potentialAction":[{"@type":"ReadAction","target":["https:\/\/hawaymusic.com\/product\/arturia-keylab-61-essential-teclado-controlador-midi-de-61-teclas\/"]}]},{"@type":"ImageObject","inLanguage":"es-CO","@id":"https:\/\/hawaymusic.com\/product\/arturia-keylab-61-essential-teclado-controlador-midi-de-61-teclas\/#primaryimage","url":"https:\/\/i0.wp.com\/hawaymusic.com\/wp-content\/uploads\/2022\/08\/arturia.png?fit=355%2C300&ssl=1","contentUrl":"https:\/\/i0.wp.com\/hawaymusic.com\/wp-content\/uploads\/2022\/08\/arturia.png?fit=355%2C300&ssl=1","width":355,"height":300},{"@type":"BreadcrumbList","@id":"https:\/\/hawaymusic.com\/product\/arturia-keylab-61-essential-teclado-controlador-midi-de-61-teclas\/#breadcrumb","itemListElement":[{"@type":"ListItem","position":1,"name":"Inicio","item":"https:\/\/hawaymusic.com\/"},{"@type":"ListItem","position":2,"name":"Shop","item":"https:\/\/hawaymusic.com\/shop\/"},{"@type":"ListItem","position":3,"name":"Arturia KeyLab 61 Essential MK3 Teclado controlador MIDI de 61 teclas"}]},{"@type":"WebSite","@id":"https:\/\/hawaymusic.com\/#website","url":"https:\/\/hawaymusic.com\/","name":"Haway Music","description":"La mejor tienda de instrumentos musicales en Ecuador","potentialAction":[{"@type":"SearchAction","target":{"@type":"EntryPoint","urlTemplate":"https:\/\/hawaymusic.com\/?s={search_term_string}"},"query-input":{"@type":"PropertyValueSpecification","valueRequired":true,"valueName":"search_term_string"}}],"inLanguage":"es-CO"}]}},"jetpack_sharing_enabled":true,"brands":[{"id":78,"name":"Arturia","slug":"arturia"}],"_links":{"self":[{"href":"https:\/\/hawaymusic.com\/es\/wp-json\/wp\/v2\/product\/239","targetHints":{"allow":["GET"]}}],"collection":[{"href":"https:\/\/hawaymusic.com\/es\/wp-json\/wp\/v2\/product"}],"about":[{"href":"https:\/\/hawaymusic.com\/es\/wp-json\/wp\/v2\/types\/product"}],"replies":[{"embeddable":true,"href":"https:\/\/hawaymusic.com\/es\/wp-json\/wp\/v2\/comments?post=239"}],"wp:featuredmedia":[{"embeddable":true,"href":"https:\/\/hawaymusic.com\/es\/wp-json\/wp\/v2\/media\/640"}],"wp:attachment":[{"href":"https:\/\/hawaymusic.com\/es\/wp-json\/wp\/v2\/media?parent=239"}],"wp:term":[{"taxonomy":"pwb-brand","embeddable":true,"href":"https:\/\/hawaymusic.com\/es\/wp-json\/wp\/v2\/pwb-brand?post=239"},{"taxonomy":"product_brand","embeddable":true,"href":"https:\/\/hawaymusic.com\/es\/wp-json\/wp\/v2\/product_brand?post=239"},{"taxonomy":"product_cat","embeddable":true,"href":"https:\/\/hawaymusic.com\/es\/wp-json\/wp\/v2\/product_cat?post=239"},{"taxonomy":"product_tag","embeddable":true,"href":"https:\/\/hawaymusic.com\/es\/wp-json\/wp\/v2\/product_tag?post=239"}],"curies":[{"name":"wp","href":"https:\/\/api.w.org\/{rel}","templated":true}]}}