{"id":232,"date":"2022-08-15T23:26:24","date_gmt":"2022-08-15T23:26:24","guid":{"rendered":"https:\/\/hawaymusic.com\/?post_type=product&#038;p=232"},"modified":"2024-08-22T13:51:07","modified_gmt":"2024-08-22T13:51:07","slug":"gfi-systems-orca-pedal-de-retardo-estereo-para-guitarra","status":"publish","type":"product","link":"https:\/\/hawaymusic.com\/es\/product\/gfi-systems-orca-pedal-de-retardo-estereo-para-guitarra\/","title":{"rendered":"GFI Systems Orca Pedal Delay Guitarra  Est\u00e9reo"},"content":{"rendered":"<div class=\"celwidget\" data-csa-c-id=\"ymsy35-4ylx50-x599h-ho0o11\" data-cel-widget=\"dpx-product-description_csm_instrumentation_wrapper\">\n<div id=\"descriptionAndDetails\" class=\"a-section a-spacing-extra-large\">\n<div id=\"productDescription_feature_div\" class=\"celwidget\" data-feature-name=\"productDescription\" data-csa-c-id=\"41hvob-yqu107-w0s7pf-rf79k6\" data-cel-widget=\"productDescription_feature_div\">\n<div>\n<div id=\"productDescription_feature_div\" class=\"a-row feature\" data-feature-name=\"productDescription\" data-template-name=\"productDescription\" data-cel-widget=\"productDescription_feature_div\">\n<div id=\"productDescription\" class=\"a-section a-spacing-small\">\n<p>Orca incluye cuatro algoritmos de retardo del sistema GFI por excelencia en un pedal compacto que es sencillo y f\u00e1cil de usar. La intuitiva interfaz de usuario junto con una pantalla LCD hacen que sea f\u00e1cil navegar a trav\u00e9s de la amplia paleta sonora y caracter\u00edsticas de Orca.<\/p>\n<\/div>\n<\/div>\n<\/div>\n<\/div>\n<\/div>\n<\/div>\n<div class=\"celwidget\" data-csa-c-id=\"tguyoa-y3hvkr-dau9ra-7l4jx6\" data-cel-widget=\"dpx-btf-renewed-program-description_csm_instrumentation_wrapper\">\n<div id=\"renewedProgramDescriptionBtf_feature_div\" class=\"celwidget\" data-feature-name=\"renewedProgramDescriptionBtf\" data-csa-c-id=\"kvj66a-cu454z-6buvbs-qqmv1t\" data-cel-widget=\"renewedProgramDescriptionBtf_feature_div\"><\/div>\n<\/div>\n<p><a id=\"productDetails\" name=\"productDetails\"><\/a><\/p>\n<div id=\"productDetails_feature_div\" class=\"celwidget\" data-feature-name=\"productDetails\" data-csa-c-id=\"35m397-iqohg0-4qnmph-r5d5ej\" data-cel-widget=\"productDetails_feature_div\"><a id=\"productDetails\" name=\"productDetails\"><\/a><\/div>","protected":false},"excerpt":{"rendered":"<ul class=\"a-unordered-list a-vertical a-spacing-mini\">\n<li><span class=\"a-list-item\">Orca contiene cuatro algoritmos de retardo del sistema GFI por excelencia en un pedal compacto que es sencillo y f\u00e1cil de usar.<\/span><\/li>\n<li><span class=\"a-list-item\">Interfaz de usuario intuitiva junto con una pantalla LCD hace que sea muy f\u00e1cil navegar a trav\u00e9s de la amplia paleta s\u00f3nica y caracter\u00edsticas de Orca.<\/span><\/li>\n<li><span class=\"a-list-item\">Orca es compatible con entrada y salida mono y est\u00e9reo.<\/span><\/li>\n<li><span class=\"a-list-item\">Un gato multiusos proporciona conexi\u00f3n a un pedal de expresi\u00f3n o pedal de tap-tempo.<\/span><\/li>\n<\/ul>","protected":false},"featured_media":233,"comment_status":"open","ping_status":"closed","template":"","meta":[],"pwb-brand":[],"product_brand":[],"product_cat":[16],"product_tag":[],"class_list":{"0":"post-232","1":"product","2":"type-product","3":"status-publish","4":"has-post-thumbnail","6":"product_cat-pedal-guitarra","8":"first","9":"onbackorder","10":"taxable","11":"shipping-taxable","12":"purchasable","13":"product-type-simple"},"yoast_head":"<!-- This site is optimized with the Yoast SEO plugin v27.5 - https:\/\/yoast.com\/product\/yoast-seo-wordpress\/ -->\n<title>GFI Systems Orca Pedal Delay Guitarra Est\u00e9reo - Haway Music<\/title>\n<meta name=\"robots\" content=\"index, follow, max-snippet:-1, max-image-preview:large, max-video-preview:-1\" \/>\n<link rel=\"canonical\" href=\"https:\/\/hawaymusic.com\/es\/producto\/gfi-systems-orca-pedal-de-retardo-estereo-para-guitarra\/\" \/>\n<meta property=\"og:locale\" content=\"es_ES\" \/>\n<meta property=\"og:type\" content=\"article\" \/>\n<meta property=\"og:title\" content=\"GFI Systems Orca Pedal Delay Guitarra Est\u00e9reo - Haway Music\" \/>\n<meta property=\"og:description\" content=\"Orca contiene cuatro algoritmos de retardo del sistema GFI por excelencia en un pedal compacto que es sencillo y f\u00e1cil de usar.  Interfaz de usuario intuitiva junto con una pantalla LCD hace que sea muy f\u00e1cil navegar a trav\u00e9s de la amplia paleta s\u00f3nica y caracter\u00edsticas de Orca.  Orca es compatible con entrada y salida mono y est\u00e9reo.  Un gato multiusos proporciona conexi\u00f3n a un pedal de expresi\u00f3n o pedal de tap-tempo.\" \/>\n<meta property=\"og:url\" content=\"https:\/\/hawaymusic.com\/es\/producto\/gfi-systems-orca-pedal-de-retardo-estereo-para-guitarra\/\" \/>\n<meta property=\"og:site_name\" content=\"Haway Music\" \/>\n<meta property=\"article:modified_time\" content=\"2024-08-22T13:51:07+00:00\" \/>\n<meta property=\"og:image\" content=\"https:\/\/hawaymusic.com\/wp-content\/uploads\/2022\/08\/orca-1.jpg\" \/>\n\t<meta property=\"og:image:width\" content=\"1080\" \/>\n\t<meta property=\"og:image:height\" content=\"1080\" \/>\n\t<meta property=\"og:image:type\" content=\"image\/jpeg\" \/>\n<meta name=\"twitter:card\" content=\"summary_large_image\" \/>\n<script type=\"application\/ld+json\" class=\"yoast-schema-graph\">{\"@context\":\"https:\\\/\\\/schema.org\",\"@graph\":[{\"@type\":\"WebPage\",\"@id\":\"https:\\\/\\\/hawaymusic.com\\\/producto\\\/gfi-systems-orca-pedal-de-retardo-estereo-para-guitarra\\\/\",\"url\":\"https:\\\/\\\/hawaymusic.com\\\/producto\\\/gfi-systems-orca-pedal-de-retardo-estereo-para-guitarra\\\/\",\"name\":\"GFI Systems Orca Pedal Delay Guitarra Est\u00e9reo - Haway Music\",\"isPartOf\":{\"@id\":\"https:\\\/\\\/hawaymusic.com\\\/#website\"},\"primaryImageOfPage\":{\"@id\":\"https:\\\/\\\/hawaymusic.com\\\/producto\\\/gfi-systems-orca-pedal-de-retardo-estereo-para-guitarra\\\/#primaryimage\"},\"image\":{\"@id\":\"https:\\\/\\\/hawaymusic.com\\\/producto\\\/gfi-systems-orca-pedal-de-retardo-estereo-para-guitarra\\\/#primaryimage\"},\"thumbnailUrl\":\"https:\\\/\\\/i0.wp.com\\\/hawaymusic.com\\\/wp-content\\\/uploads\\\/2022\\\/08\\\/orca-1.jpg?fit=1080%2C1080&ssl=1\",\"datePublished\":\"2022-08-15T23:26:24+00:00\",\"dateModified\":\"2024-08-22T13:51:07+00:00\",\"breadcrumb\":{\"@id\":\"https:\\\/\\\/hawaymusic.com\\\/producto\\\/gfi-systems-orca-pedal-de-retardo-estereo-para-guitarra\\\/#breadcrumb\"},\"inLanguage\":\"es-CO\",\"potentialAction\":[{\"@type\":\"ReadAction\",\"target\":[\"https:\\\/\\\/hawaymusic.com\\\/producto\\\/gfi-systems-orca-pedal-de-retardo-estereo-para-guitarra\\\/\"]}]},{\"@type\":\"ImageObject\",\"inLanguage\":\"es-CO\",\"@id\":\"https:\\\/\\\/hawaymusic.com\\\/producto\\\/gfi-systems-orca-pedal-de-retardo-estereo-para-guitarra\\\/#primaryimage\",\"url\":\"https:\\\/\\\/i0.wp.com\\\/hawaymusic.com\\\/wp-content\\\/uploads\\\/2022\\\/08\\\/orca-1.jpg?fit=1080%2C1080&ssl=1\",\"contentUrl\":\"https:\\\/\\\/i0.wp.com\\\/hawaymusic.com\\\/wp-content\\\/uploads\\\/2022\\\/08\\\/orca-1.jpg?fit=1080%2C1080&ssl=1\",\"width\":1080,\"height\":1080},{\"@type\":\"BreadcrumbList\",\"@id\":\"https:\\\/\\\/hawaymusic.com\\\/producto\\\/gfi-systems-orca-pedal-de-retardo-estereo-para-guitarra\\\/#breadcrumb\",\"itemListElement\":[{\"@type\":\"ListItem\",\"position\":1,\"name\":\"Inicio\",\"item\":\"https:\\\/\\\/hawaymusic.com\\\/\"},{\"@type\":\"ListItem\",\"position\":2,\"name\":\"Shop\",\"item\":\"https:\\\/\\\/hawaymusic.com\\\/shop\\\/\"},{\"@type\":\"ListItem\",\"position\":3,\"name\":\"GFI Systems Orca Pedal Delay Guitarra Est\u00e9reo\"}]},{\"@type\":\"WebSite\",\"@id\":\"https:\\\/\\\/hawaymusic.com\\\/#website\",\"url\":\"https:\\\/\\\/hawaymusic.com\\\/\",\"name\":\"Haway Music\",\"description\":\"La mejor tienda de instrumentos musicales en Ecuador\",\"potentialAction\":[{\"@type\":\"SearchAction\",\"target\":{\"@type\":\"EntryPoint\",\"urlTemplate\":\"https:\\\/\\\/hawaymusic.com\\\/?s={search_term_string}\"},\"query-input\":{\"@type\":\"PropertyValueSpecification\",\"valueRequired\":true,\"valueName\":\"search_term_string\"}}],\"inLanguage\":\"es-CO\"}]}<\/script>\n<!-- \/ Yoast SEO plugin. -->","yoast_head_json":{"title":"GFI Systems Orca Pedal Delay Guitarra Est\u00e9reo - Haway Music","robots":{"index":"index","follow":"follow","max-snippet":"max-snippet:-1","max-image-preview":"max-image-preview:large","max-video-preview":"max-video-preview:-1"},"canonical":"https:\/\/hawaymusic.com\/es\/producto\/gfi-systems-orca-pedal-de-retardo-estereo-para-guitarra\/","og_locale":"es_ES","og_type":"article","og_title":"GFI Systems Orca Pedal Delay Guitarra Est\u00e9reo - Haway Music","og_description":"Orca contiene cuatro algoritmos de retardo del sistema GFI por excelencia en un pedal compacto que es sencillo y f\u00e1cil de usar.  Interfaz de usuario intuitiva junto con una pantalla LCD hace que sea muy f\u00e1cil navegar a trav\u00e9s de la amplia paleta s\u00f3nica y caracter\u00edsticas de Orca.  Orca es compatible con entrada y salida mono y est\u00e9reo.  Un gato multiusos proporciona conexi\u00f3n a un pedal de expresi\u00f3n o pedal de tap-tempo.","og_url":"https:\/\/hawaymusic.com\/es\/producto\/gfi-systems-orca-pedal-de-retardo-estereo-para-guitarra\/","og_site_name":"Haway Music","article_modified_time":"2024-08-22T13:51:07+00:00","og_image":[{"width":1080,"height":1080,"url":"https:\/\/hawaymusic.com\/wp-content\/uploads\/2022\/08\/orca-1.jpg","type":"image\/jpeg"}],"twitter_card":"summary_large_image","schema":{"@context":"https:\/\/schema.org","@graph":[{"@type":"WebPage","@id":"https:\/\/hawaymusic.com\/producto\/gfi-systems-orca-pedal-de-retardo-estereo-para-guitarra\/","url":"https:\/\/hawaymusic.com\/producto\/gfi-systems-orca-pedal-de-retardo-estereo-para-guitarra\/","name":"GFI Systems Orca Pedal Delay Guitarra Est\u00e9reo - Haway Music","isPartOf":{"@id":"https:\/\/hawaymusic.com\/#website"},"primaryImageOfPage":{"@id":"https:\/\/hawaymusic.com\/producto\/gfi-systems-orca-pedal-de-retardo-estereo-para-guitarra\/#primaryimage"},"image":{"@id":"https:\/\/hawaymusic.com\/producto\/gfi-systems-orca-pedal-de-retardo-estereo-para-guitarra\/#primaryimage"},"thumbnailUrl":"https:\/\/i0.wp.com\/hawaymusic.com\/wp-content\/uploads\/2022\/08\/orca-1.jpg?fit=1080%2C1080&ssl=1","datePublished":"2022-08-15T23:26:24+00:00","dateModified":"2024-08-22T13:51:07+00:00","breadcrumb":{"@id":"https:\/\/hawaymusic.com\/producto\/gfi-systems-orca-pedal-de-retardo-estereo-para-guitarra\/#breadcrumb"},"inLanguage":"es-CO","potentialAction":[{"@type":"ReadAction","target":["https:\/\/hawaymusic.com\/producto\/gfi-systems-orca-pedal-de-retardo-estereo-para-guitarra\/"]}]},{"@type":"ImageObject","inLanguage":"es-CO","@id":"https:\/\/hawaymusic.com\/producto\/gfi-systems-orca-pedal-de-retardo-estereo-para-guitarra\/#primaryimage","url":"https:\/\/i0.wp.com\/hawaymusic.com\/wp-content\/uploads\/2022\/08\/orca-1.jpg?fit=1080%2C1080&ssl=1","contentUrl":"https:\/\/i0.wp.com\/hawaymusic.com\/wp-content\/uploads\/2022\/08\/orca-1.jpg?fit=1080%2C1080&ssl=1","width":1080,"height":1080},{"@type":"BreadcrumbList","@id":"https:\/\/hawaymusic.com\/producto\/gfi-systems-orca-pedal-de-retardo-estereo-para-guitarra\/#breadcrumb","itemListElement":[{"@type":"ListItem","position":1,"name":"Inicio","item":"https:\/\/hawaymusic.com\/"},{"@type":"ListItem","position":2,"name":"Shop","item":"https:\/\/hawaymusic.com\/shop\/"},{"@type":"ListItem","position":3,"name":"GFI Systems Orca Pedal Delay Guitarra Est\u00e9reo"}]},{"@type":"WebSite","@id":"https:\/\/hawaymusic.com\/#website","url":"https:\/\/hawaymusic.com\/","name":"Haway Music","description":"La mejor tienda de instrumentos musicales en Ecuador","potentialAction":[{"@type":"SearchAction","target":{"@type":"EntryPoint","urlTemplate":"https:\/\/hawaymusic.com\/?s={search_term_string}"},"query-input":{"@type":"PropertyValueSpecification","valueRequired":true,"valueName":"search_term_string"}}],"inLanguage":"es-CO"}]}},"jetpack_sharing_enabled":true,"brands":[],"_links":{"self":[{"href":"https:\/\/hawaymusic.com\/es\/wp-json\/wp\/v2\/product\/232","targetHints":{"allow":["GET"]}}],"collection":[{"href":"https:\/\/hawaymusic.com\/es\/wp-json\/wp\/v2\/product"}],"about":[{"href":"https:\/\/hawaymusic.com\/es\/wp-json\/wp\/v2\/types\/product"}],"replies":[{"embeddable":true,"href":"https:\/\/hawaymusic.com\/es\/wp-json\/wp\/v2\/comments?post=232"}],"wp:featuredmedia":[{"embeddable":true,"href":"https:\/\/hawaymusic.com\/es\/wp-json\/wp\/v2\/media\/233"}],"wp:attachment":[{"href":"https:\/\/hawaymusic.com\/es\/wp-json\/wp\/v2\/media?parent=232"}],"wp:term":[{"taxonomy":"pwb-brand","embeddable":true,"href":"https:\/\/hawaymusic.com\/es\/wp-json\/wp\/v2\/pwb-brand?post=232"},{"taxonomy":"product_brand","embeddable":true,"href":"https:\/\/hawaymusic.com\/es\/wp-json\/wp\/v2\/product_brand?post=232"},{"taxonomy":"product_cat","embeddable":true,"href":"https:\/\/hawaymusic.com\/es\/wp-json\/wp\/v2\/product_cat?post=232"},{"taxonomy":"product_tag","embeddable":true,"href":"https:\/\/hawaymusic.com\/es\/wp-json\/wp\/v2\/product_tag?post=232"}],"curies":[{"name":"wp","href":"https:\/\/api.w.org\/{rel}","templated":true}]}}