{"id":227,"date":"2022-08-15T23:15:11","date_gmt":"2022-08-15T23:15:11","guid":{"rendered":"https:\/\/hawaymusic.com\/?post_type=product&#038;p=227"},"modified":"2025-02-20T21:55:46","modified_gmt":"2025-02-20T21:55:46","slug":"line-6-pod-go-pedal-multiefectos-color-negro","status":"publish","type":"product","link":"https:\/\/hawaymusic.com\/es\/product\/line-6-pod-go-pedal-multiefectos-color-negro\/","title":{"rendered":"Line 6 POD Go Pedal Multiefectos, color negro"},"content":{"rendered":"<div id=\"dpx-product-description_feature_div\">\n<div class=\"celwidget\" data-csa-c-id=\"4p1u6l-k4dwk3-f9zvhc-ym9iig\" data-cel-widget=\"dpx-product-description_csm_instrumentation_wrapper\">\n<div id=\"descriptionAndDetails\" class=\"a-section a-spacing-extra-large\">\n<div id=\"productDescription_feature_div\" class=\"celwidget\" data-feature-name=\"productDescription\" data-csa-c-id=\"poxcmo-ify4ot-iqu2m2-nfcor8\" data-cel-widget=\"productDescription_feature_div\">\n<div>\n<div id=\"productDescription_feature_div\" class=\"a-row feature\" data-feature-name=\"productDescription\" data-template-name=\"productDescription\" data-cel-widget=\"productDescription_feature_div\">\n<div id=\"productDescription\" class=\"a-section a-spacing-small\">\n<p>Con su sencilla interfaz plug-and-play, dise\u00f1o ligero ultraport\u00e1til y los mejores tonos de su clase, el procesador de guitarra POD Go te lleva en el camino hacia el tono definitivo. Seleccione, edite y controle sonidos utilizando la pantalla LCD a color grande, cinco codideres de empuje, ocho interruptores de pie resistentes y pedal de expresi\u00f3n multifunci\u00f3n de aluminio fundido, y agregue dos interruptores de pie externos o un segundo pedal de expresi\u00f3n para un control a\u00fan m\u00e1s en tiempo real. Todas las conexiones de audio esenciales est\u00e1n al alcance de su mano, incluyendo salidas est\u00e9reo balanceadas, una salida de amplificador duplicado que se puede tocar antes de la Cab\/IR, un bucle de efectos est\u00e9reo, un conector para auriculares e incluso un puerto USB para acceder a la interfaz de audio de 4 entradas\/4 salidas con reamplificaci\u00f3n. Adem\u00e1s de sus modelos de amplificador, cabina y efecto de calidad profesional extra\u00eddos de la aclamada familia de procesadores de efectos HX, POD Go admite carga de infrarrojos de terceros, y caracter\u00edsticas sofisticadas como Snapshots le permiten acceder f\u00e1cilmente a todos los tonos que necesitar\u00e1 para cubrir cada secci\u00f3n de cada canci\u00f3n. Con POD Go, no solo tomar\u00e1s el escenario; lo poseer\u00e1s<\/p>\n<\/div>\n<\/div>\n<\/div>\n<\/div>\n<\/div>\n<\/div>\n<\/div>\n<div id=\"dpx-btf-renewed-program-description_feature_div\">\n<div class=\"celwidget\" data-csa-c-id=\"f3txz6-7hr7ck-esxbdb-lhp4cb\" data-cel-widget=\"dpx-btf-renewed-program-description_csm_instrumentation_wrapper\">\n<div id=\"renewedProgramDescriptionBtf_feature_div\" class=\"celwidget\" data-feature-name=\"renewedProgramDescriptionBtf\" data-csa-c-id=\"r9bjed-zdyg7h-v2bmxw-hq955q\" data-cel-widget=\"renewedProgramDescriptionBtf_feature_div\"><\/div>\n<\/div>\n<\/div>\n<div id=\"product-details-grid_feature_div\">\n<div id=\"product-details-grid_feature_div\"><a id=\"productDetails\" name=\"productDetails\"><\/a><\/p>\n<div id=\"productDetails_feature_div\" class=\"celwidget\" data-feature-name=\"productDetails\" data-csa-c-id=\"cyqvp9-edrgas-x61xp1-o8rktk\" data-cel-widget=\"productDetails_feature_div\"><a id=\"productDetails\" name=\"productDetails\"><\/a><\/div>\n<\/div>\n<\/div>","protected":false},"excerpt":{"rendered":"<ul class=\"a-unordered-list a-vertical a-spacing-mini\">\n<li><span class=\"a-list-item\">Interfaz simple con gran pantalla a color<\/span><\/li>\n<li><span class=\"a-list-item\">Dise\u00f1o compacto, ultraport\u00e1til, ligero<\/span><\/li>\n<li><span class=\"a-list-item\">270+ HX y modelos de amplificador y efectos antiguos<\/span><\/li>\n<li><span class=\"a-list-item\">Carga por infrarrojos de terceros<\/span><\/li>\n<li><span class=\"a-list-item\">Entrada de pedal y pedal de expresi\u00f3n<\/span><\/li>\n<li><span class=\"a-list-item\">La bolsa de hombro POD Go se vende por separado<\/span><\/li>\n<\/ul>","protected":false},"featured_media":230,"comment_status":"open","ping_status":"closed","template":"","meta":[],"pwb-brand":[],"product_brand":[],"product_cat":[16],"product_tag":[],"class_list":{"0":"post-227","1":"product","2":"type-product","3":"status-publish","4":"has-post-thumbnail","6":"product_cat-pedal-guitarra","8":"first","9":"onbackorder","10":"sale","11":"taxable","12":"shipping-taxable","13":"purchasable","14":"product-type-simple"},"yoast_head":"<!-- This site is optimized with the Yoast SEO plugin v27.5 - https:\/\/yoast.com\/product\/yoast-seo-wordpress\/ -->\n<title>Line 6 POD Go Pedal Multiefectos, color negro - Haway Music<\/title>\n<meta name=\"robots\" content=\"index, follow, max-snippet:-1, max-image-preview:large, max-video-preview:-1\" \/>\n<link rel=\"canonical\" href=\"https:\/\/hawaymusic.com\/es\/product\/line-6-pod-go-pedal-multiefectos-color-negro\/\" \/>\n<meta property=\"og:locale\" content=\"es_ES\" \/>\n<meta property=\"og:type\" content=\"article\" \/>\n<meta property=\"og:title\" content=\"Line 6 POD Go Pedal Multiefectos, color negro - Haway Music\" \/>\n<meta property=\"og:description\" content=\"Interfaz simple con gran pantalla a color  Dise\u00f1o compacto, ultraport\u00e1til, ligero  270+ HX y modelos de amplificador y efectos antiguos  Carga por infrarrojos de terceros  Entrada de pedal y pedal de expresi\u00f3n  La bolsa de hombro POD Go se vende por separado\" \/>\n<meta property=\"og:url\" content=\"https:\/\/hawaymusic.com\/es\/product\/line-6-pod-go-pedal-multiefectos-color-negro\/\" \/>\n<meta property=\"og:site_name\" content=\"Haway Music\" \/>\n<meta property=\"article:modified_time\" content=\"2025-02-20T21:55:46+00:00\" \/>\n<meta property=\"og:image\" content=\"https:\/\/hawaymusic.com\/wp-content\/uploads\/2022\/08\/pedal-1.jpg\" \/>\n\t<meta property=\"og:image:width\" content=\"1080\" \/>\n\t<meta property=\"og:image:height\" content=\"1080\" \/>\n\t<meta property=\"og:image:type\" content=\"image\/jpeg\" \/>\n<meta name=\"twitter:card\" content=\"summary_large_image\" \/>\n<meta name=\"twitter:label1\" content=\"Tiempo de lectura\" \/>\n\t<meta name=\"twitter:data1\" content=\"1 minuto\" \/>\n<script type=\"application\/ld+json\" class=\"yoast-schema-graph\">{\"@context\":\"https:\\\/\\\/schema.org\",\"@graph\":[{\"@type\":\"WebPage\",\"@id\":\"https:\\\/\\\/hawaymusic.com\\\/product\\\/line-6-pod-go-pedal-multiefectos-color-negro\\\/\",\"url\":\"https:\\\/\\\/hawaymusic.com\\\/product\\\/line-6-pod-go-pedal-multiefectos-color-negro\\\/\",\"name\":\"Line 6 POD Go Pedal Multiefectos, color negro - Haway Music\",\"isPartOf\":{\"@id\":\"https:\\\/\\\/hawaymusic.com\\\/#website\"},\"primaryImageOfPage\":{\"@id\":\"https:\\\/\\\/hawaymusic.com\\\/product\\\/line-6-pod-go-pedal-multiefectos-color-negro\\\/#primaryimage\"},\"image\":{\"@id\":\"https:\\\/\\\/hawaymusic.com\\\/product\\\/line-6-pod-go-pedal-multiefectos-color-negro\\\/#primaryimage\"},\"thumbnailUrl\":\"https:\\\/\\\/i0.wp.com\\\/hawaymusic.com\\\/wp-content\\\/uploads\\\/2022\\\/08\\\/pedal-1.jpg?fit=1080%2C1080&ssl=1\",\"datePublished\":\"2022-08-15T23:15:11+00:00\",\"dateModified\":\"2025-02-20T21:55:46+00:00\",\"breadcrumb\":{\"@id\":\"https:\\\/\\\/hawaymusic.com\\\/product\\\/line-6-pod-go-pedal-multiefectos-color-negro\\\/#breadcrumb\"},\"inLanguage\":\"es-CO\",\"potentialAction\":[{\"@type\":\"ReadAction\",\"target\":[\"https:\\\/\\\/hawaymusic.com\\\/product\\\/line-6-pod-go-pedal-multiefectos-color-negro\\\/\"]}]},{\"@type\":\"ImageObject\",\"inLanguage\":\"es-CO\",\"@id\":\"https:\\\/\\\/hawaymusic.com\\\/product\\\/line-6-pod-go-pedal-multiefectos-color-negro\\\/#primaryimage\",\"url\":\"https:\\\/\\\/i0.wp.com\\\/hawaymusic.com\\\/wp-content\\\/uploads\\\/2022\\\/08\\\/pedal-1.jpg?fit=1080%2C1080&ssl=1\",\"contentUrl\":\"https:\\\/\\\/i0.wp.com\\\/hawaymusic.com\\\/wp-content\\\/uploads\\\/2022\\\/08\\\/pedal-1.jpg?fit=1080%2C1080&ssl=1\",\"width\":1080,\"height\":1080},{\"@type\":\"BreadcrumbList\",\"@id\":\"https:\\\/\\\/hawaymusic.com\\\/product\\\/line-6-pod-go-pedal-multiefectos-color-negro\\\/#breadcrumb\",\"itemListElement\":[{\"@type\":\"ListItem\",\"position\":1,\"name\":\"Inicio\",\"item\":\"https:\\\/\\\/hawaymusic.com\\\/\"},{\"@type\":\"ListItem\",\"position\":2,\"name\":\"Shop\",\"item\":\"https:\\\/\\\/hawaymusic.com\\\/shop\\\/\"},{\"@type\":\"ListItem\",\"position\":3,\"name\":\"Line 6 POD Go Pedal Multiefectos, color negro\"}]},{\"@type\":\"WebSite\",\"@id\":\"https:\\\/\\\/hawaymusic.com\\\/#website\",\"url\":\"https:\\\/\\\/hawaymusic.com\\\/\",\"name\":\"Haway Music\",\"description\":\"La mejor tienda de instrumentos musicales en Ecuador\",\"potentialAction\":[{\"@type\":\"SearchAction\",\"target\":{\"@type\":\"EntryPoint\",\"urlTemplate\":\"https:\\\/\\\/hawaymusic.com\\\/?s={search_term_string}\"},\"query-input\":{\"@type\":\"PropertyValueSpecification\",\"valueRequired\":true,\"valueName\":\"search_term_string\"}}],\"inLanguage\":\"es-CO\"}]}<\/script>\n<!-- \/ Yoast SEO plugin. -->","yoast_head_json":{"title":"Line 6 POD Go Pedal Multiefectos, color negro - Haway Music","robots":{"index":"index","follow":"follow","max-snippet":"max-snippet:-1","max-image-preview":"max-image-preview:large","max-video-preview":"max-video-preview:-1"},"canonical":"https:\/\/hawaymusic.com\/es\/product\/line-6-pod-go-pedal-multiefectos-color-negro\/","og_locale":"es_ES","og_type":"article","og_title":"Line 6 POD Go Pedal Multiefectos, color negro - Haway Music","og_description":"Interfaz simple con gran pantalla a color  Dise\u00f1o compacto, ultraport\u00e1til, ligero  270+ HX y modelos de amplificador y efectos antiguos  Carga por infrarrojos de terceros  Entrada de pedal y pedal de expresi\u00f3n  La bolsa de hombro POD Go se vende por separado","og_url":"https:\/\/hawaymusic.com\/es\/product\/line-6-pod-go-pedal-multiefectos-color-negro\/","og_site_name":"Haway Music","article_modified_time":"2025-02-20T21:55:46+00:00","og_image":[{"width":1080,"height":1080,"url":"https:\/\/hawaymusic.com\/wp-content\/uploads\/2022\/08\/pedal-1.jpg","type":"image\/jpeg"}],"twitter_card":"summary_large_image","twitter_misc":{"Tiempo de lectura":"1 minuto"},"schema":{"@context":"https:\/\/schema.org","@graph":[{"@type":"WebPage","@id":"https:\/\/hawaymusic.com\/product\/line-6-pod-go-pedal-multiefectos-color-negro\/","url":"https:\/\/hawaymusic.com\/product\/line-6-pod-go-pedal-multiefectos-color-negro\/","name":"Line 6 POD Go Pedal Multiefectos, color negro - Haway Music","isPartOf":{"@id":"https:\/\/hawaymusic.com\/#website"},"primaryImageOfPage":{"@id":"https:\/\/hawaymusic.com\/product\/line-6-pod-go-pedal-multiefectos-color-negro\/#primaryimage"},"image":{"@id":"https:\/\/hawaymusic.com\/product\/line-6-pod-go-pedal-multiefectos-color-negro\/#primaryimage"},"thumbnailUrl":"https:\/\/i0.wp.com\/hawaymusic.com\/wp-content\/uploads\/2022\/08\/pedal-1.jpg?fit=1080%2C1080&ssl=1","datePublished":"2022-08-15T23:15:11+00:00","dateModified":"2025-02-20T21:55:46+00:00","breadcrumb":{"@id":"https:\/\/hawaymusic.com\/product\/line-6-pod-go-pedal-multiefectos-color-negro\/#breadcrumb"},"inLanguage":"es-CO","potentialAction":[{"@type":"ReadAction","target":["https:\/\/hawaymusic.com\/product\/line-6-pod-go-pedal-multiefectos-color-negro\/"]}]},{"@type":"ImageObject","inLanguage":"es-CO","@id":"https:\/\/hawaymusic.com\/product\/line-6-pod-go-pedal-multiefectos-color-negro\/#primaryimage","url":"https:\/\/i0.wp.com\/hawaymusic.com\/wp-content\/uploads\/2022\/08\/pedal-1.jpg?fit=1080%2C1080&ssl=1","contentUrl":"https:\/\/i0.wp.com\/hawaymusic.com\/wp-content\/uploads\/2022\/08\/pedal-1.jpg?fit=1080%2C1080&ssl=1","width":1080,"height":1080},{"@type":"BreadcrumbList","@id":"https:\/\/hawaymusic.com\/product\/line-6-pod-go-pedal-multiefectos-color-negro\/#breadcrumb","itemListElement":[{"@type":"ListItem","position":1,"name":"Inicio","item":"https:\/\/hawaymusic.com\/"},{"@type":"ListItem","position":2,"name":"Shop","item":"https:\/\/hawaymusic.com\/shop\/"},{"@type":"ListItem","position":3,"name":"Line 6 POD Go Pedal Multiefectos, color negro"}]},{"@type":"WebSite","@id":"https:\/\/hawaymusic.com\/#website","url":"https:\/\/hawaymusic.com\/","name":"Haway Music","description":"La mejor tienda de instrumentos musicales en Ecuador","potentialAction":[{"@type":"SearchAction","target":{"@type":"EntryPoint","urlTemplate":"https:\/\/hawaymusic.com\/?s={search_term_string}"},"query-input":{"@type":"PropertyValueSpecification","valueRequired":true,"valueName":"search_term_string"}}],"inLanguage":"es-CO"}]}},"jetpack_sharing_enabled":true,"brands":[],"_links":{"self":[{"href":"https:\/\/hawaymusic.com\/es\/wp-json\/wp\/v2\/product\/227","targetHints":{"allow":["GET"]}}],"collection":[{"href":"https:\/\/hawaymusic.com\/es\/wp-json\/wp\/v2\/product"}],"about":[{"href":"https:\/\/hawaymusic.com\/es\/wp-json\/wp\/v2\/types\/product"}],"replies":[{"embeddable":true,"href":"https:\/\/hawaymusic.com\/es\/wp-json\/wp\/v2\/comments?post=227"}],"wp:featuredmedia":[{"embeddable":true,"href":"https:\/\/hawaymusic.com\/es\/wp-json\/wp\/v2\/media\/230"}],"wp:attachment":[{"href":"https:\/\/hawaymusic.com\/es\/wp-json\/wp\/v2\/media?parent=227"}],"wp:term":[{"taxonomy":"pwb-brand","embeddable":true,"href":"https:\/\/hawaymusic.com\/es\/wp-json\/wp\/v2\/pwb-brand?post=227"},{"taxonomy":"product_brand","embeddable":true,"href":"https:\/\/hawaymusic.com\/es\/wp-json\/wp\/v2\/product_brand?post=227"},{"taxonomy":"product_cat","embeddable":true,"href":"https:\/\/hawaymusic.com\/es\/wp-json\/wp\/v2\/product_cat?post=227"},{"taxonomy":"product_tag","embeddable":true,"href":"https:\/\/hawaymusic.com\/es\/wp-json\/wp\/v2\/product_tag?post=227"}],"curies":[{"name":"wp","href":"https:\/\/api.w.org\/{rel}","templated":true}]}}