{"id":216,"date":"2022-08-15T23:08:37","date_gmt":"2022-08-15T23:08:37","guid":{"rendered":"https:\/\/hawaymusic.com\/?post_type=product&#038;p=216"},"modified":"2026-03-20T13:28:00","modified_gmt":"2026-03-20T13:28:00","slug":"nord-stage-3-piano-digital-compacto-de-73-teclas-con-tecla-semipesada","status":"publish","type":"product","link":"https:\/\/hawaymusic.com\/es\/product\/nord-stage-3-piano-digital-compacto-de-73-teclas-con-tecla-semipesada\/","title":{"rendered":"Nord Stage 3 Compact Usado Piano digital de 73 Teclas Semipesadas"},"content":{"rendered":"<p><img data-recalc-dims=\"1\" loading=\"lazy\" decoding=\"async\" class=\"aligncenter wp-image-222 size-full\" src=\"https:\/\/i0.wp.com\/hawaymusic.com\/wp-content\/uploads\/2022\/08\/17e8e71c-5e7b-46c7-9005-d7e488a9afe5._SR970300_.jpg?resize=970%2C300&#038;ssl=1\" alt=\"\" width=\"970\" height=\"300\" srcset=\"https:\/\/i0.wp.com\/hawaymusic.com\/wp-content\/uploads\/2022\/08\/17e8e71c-5e7b-46c7-9005-d7e488a9afe5._SR970300_.jpg?w=970&amp;ssl=1 970w, https:\/\/i0.wp.com\/hawaymusic.com\/wp-content\/uploads\/2022\/08\/17e8e71c-5e7b-46c7-9005-d7e488a9afe5._SR970300_.jpg?resize=300%2C93&amp;ssl=1 300w, https:\/\/i0.wp.com\/hawaymusic.com\/wp-content\/uploads\/2022\/08\/17e8e71c-5e7b-46c7-9005-d7e488a9afe5._SR970300_.jpg?resize=768%2C238&amp;ssl=1 768w, https:\/\/i0.wp.com\/hawaymusic.com\/wp-content\/uploads\/2022\/08\/17e8e71c-5e7b-46c7-9005-d7e488a9afe5._SR970300_.jpg?resize=600%2C186&amp;ssl=1 600w, https:\/\/i0.wp.com\/hawaymusic.com\/wp-content\/uploads\/2022\/08\/17e8e71c-5e7b-46c7-9005-d7e488a9afe5._SR970300_.jpg?resize=150%2C46&amp;ssl=1 150w\" sizes=\"auto, (max-width: 970px) 100vw, 970px\" \/><\/p>\n<h3 class=\"a-spacing-mini\">Nord Etapa 3<\/h3>\n<p class=\"a-spacing-base\">El Nord Stage 3 tiene tres secciones de generaci\u00f3n de sonido: Piano, \u00d3rgano y Sintetizador, todas las cuales se pueden utilizar simult\u00e1neamente. Adem\u00e1s, el Nord Stage 3 tiene 2 ranuras separadas que te permiten tener 2 pianos, 2 \u00f3rganos y 2 sintetizadores m\u00e1s efectos al mismo tiempo para una flexibilidad s\u00f3nica masiva.<\/p>\n<h5 class=\"a-spacing-mini a-color-secondary\">Funcionalidad de Split avanzada con fundido cruzado opcional<\/h5>\n<p class=\"a-spacing-base\">El Nord Stage 3 tambi\u00e9n cuenta con 3 zonas divididas y una nueva funcionalidad de Crossfade de punto dividido. Elija entre 3 anchos de fundido cruzado diferentes (peque\u00f1o, grande o apagado) indicados por diferentes colores LED. Un nuevo modo de editor de puntos divididos le permite organizar y configurar f\u00e1cilmente puntos de divisi\u00f3n mediante la pantalla OLED que le da una excelente visi\u00f3n general de las fuentes de sonido asignadas para cada zona de divisi\u00f3n. El Nord Stage 3 tambi\u00e9n admite el cambio de programa a trav\u00e9s del pedal permitiendo cambios flexibles de programa (arriba\/abajo) mientras mantiene las manos en el teclado.<\/p>\n<div class=\"celwidget aplus-module module-2 aplus-standard\" data-csa-c-id=\"qyob2l-9hqu3c-lcjaxr-woa5sb\" data-cel-widget=\"aplus-module-2\">\n<div class=\"a-expander-collapsed-height a-row a-expander-container a-expander-partial-collapse-container\" data-a-expander-name=\"aplus-module-expander\" data-a-expander-collapsed-height=\"700\">\n<div class=\"a-expander-content a-expander-partial-collapse-content\" aria-expanded=\"false\">\n<div class=\"aplus-module-wrapper apm-floatnone apm-fixed-width\">\n<div class=\"apm-sidemodule apm-spacing\">\n<div class=\"apm-sidemodule-imageleft\"><img decoding=\"async\" class=\"alignleft\" src=\"https:\/\/m.media-amazon.com\/images\/S\/aplus-media\/vc\/0e01c752-a238-42b3-a607-5f3490a787bf._SR300,300_.jpg\" alt=\"Reloj Maestro\" data-src=\"https:\/\/m.media-amazon.com\/images\/S\/aplus-media\/vc\/0e01c752-a238-42b3-a607-5f3490a787bf._SR300,300_.jpg\" \/><\/div>\n<div class=\"apm-sidemodule-textright\">\n<h3 class=\"a-spacing-mini\">Reloj Maestro<\/h3>\n<p>La funci\u00f3n de reloj maestro facilita la sincronizaci\u00f3n de efectos con otros elementos, como el arpegiador, LFO o incluso uno de los otros efectos. Puedes bloquear f\u00e1cilmente la tasa de efectos a una gama de valores de nota: hacer que el retardo haga trillizos de nota de trimestre de lo que est\u00e1 jugando el arpegiador, mientras que el LFO barre suavemente el filtro hacia arriba y hacia abajo en medias notas, todo perfectamente encerrado. El reloj maestro tambi\u00e9n puede ser controlado por un reloj MIDI externo, perfecto para sincronizar sus piezas con una pista de respaldo, incluyendo cambios de tempo.<\/p>\n<\/div>\n<\/div>\n<\/div>\n<div><\/div>\n<\/div>\n<\/div>\n<\/div>\n<div class=\"celwidget aplus-module module-3 aplus-standard\" data-csa-c-id=\"ywmi5x-9k1hnw-kp8rf9-7u2fiw\" data-cel-widget=\"aplus-module-3\">\n<div class=\"a-expander-collapsed-height a-row a-expander-container a-expander-partial-collapse-container\" data-a-expander-name=\"aplus-module-expander\" data-a-expander-collapsed-height=\"700\">\n<div class=\"a-expander-content a-expander-partial-collapse-content\" aria-expanded=\"false\">\n<div class=\"aplus-module-wrapper apm-floatnone apm-fixed-width\">\n<div class=\"apm-sidemodule apm-spacing\">\n<div class=\"apm-sidemodule-imageright\"><\/div>\n<div class=\"apm-sidemodule-textleft\">\n<h3 class=\"a-spacing-mini\">Secci\u00f3n Externa<\/h3>\n<p>El Nord Stage 3 no ser\u00eda un teclado maestro si no pudiera controlar dispositivos externos con facilidad. La secci\u00f3n Extern est\u00e1 dise\u00f1ada exclusivamente para este prop\u00f3sito, de modo que cualquier engranaje conectado a MIDI se integre perfectamente con los instrumentos integrados del Nord Stage 3. Las zonas, las divisiones y las capas se manejan exactamente como si el equipo externo fuera parte de la fase 3. Todos los ajustes se guardan junto con un Programa, de modo que las configuraciones avanzadas se pueden recuperar inmediatamente en tiempo real durante un rendimiento. Incluso puede utilizar la Secci\u00f3n Externa para transmitir autom\u00e1ticamente mensajes de selecci\u00f3n bancaria y cambio de programa a sus unidades externas.<\/p>\n<\/div>\n<\/div>\n<\/div>\n<\/div>\n<\/div>\n<\/div>","protected":false},"excerpt":{"rendered":"<ul class=\"a-unordered-list a-vertical a-spacing-mini\">\n<li><span class=\"a-list-item\">Dos pantallas OLED superclaras para una claridad en el escenario, transiciones sin problemas al cambiar programas\/sonidos, funcionalidad dividida extendida con desvanecimiento cruzado opcional y la adici\u00f3n del nuevo modo de lista de canciones<\/span><\/li>\n<li><span class=\"a-list-item\">La secci\u00f3n de piano muy mejorada cuenta con doble memoria (2 GB) para la exclusiva biblioteca de piano n\u00f3rdico, polifon\u00eda de 120 voz y nuevos filtros de piano creativos<\/span><\/li>\n<li><span class=\"a-list-item\">Reda de simulaci\u00f3n de \u00f3rgano C2D galardonada y \u00f3rganos de transistor vintage m\u00e1s 2 nuevos \u00f3rganos de tuber\u00eda principales<\/span><\/li>\n<li><span class=\"a-list-item\">La secci\u00f3n de sintetizador cuenta con el aclamado motor Nord Lead A1 combinado con reproducci\u00f3n de muestras y una brillante pantalla OLED para todas las funciones del oscilador<\/span><\/li>\n<li><span class=\"a-list-item\">La secci\u00f3n de efecto cuenta con un nuevo efecto de filtro, par\u00e1metros morphables extendidos, un efecto de retardo mejorado y una reverberaci\u00f3n y compresor separados para cada ranura<\/span><\/li>\n<\/ul>","protected":false},"featured_media":221,"comment_status":"open","ping_status":"closed","template":"","meta":[],"pwb-brand":[],"product_brand":[],"product_cat":[22],"product_tag":[],"class_list":{"0":"post-216","1":"product","2":"type-product","3":"status-publish","4":"has-post-thumbnail","6":"product_cat-teclado","8":"first","9":"instock","10":"taxable","11":"shipping-taxable","12":"purchasable","13":"product-type-simple"},"yoast_head":"<!-- This site is optimized with the Yoast SEO plugin v27.6 - https:\/\/yoast.com\/product\/yoast-seo-wordpress\/ -->\n<title>Nord Stage 3 Compact Usado Piano digital de 73 Teclas Semipesadas - Haway Music<\/title>\n<meta name=\"robots\" content=\"index, follow, max-snippet:-1, max-image-preview:large, max-video-preview:-1\" \/>\n<link rel=\"canonical\" href=\"https:\/\/hawaymusic.com\/es\/product\/nord-stage-3-piano-digital-compacto-de-73-teclas-con-tecla-semipesada\/\" \/>\n<meta property=\"og:locale\" content=\"es_ES\" \/>\n<meta property=\"og:type\" content=\"article\" \/>\n<meta property=\"og:title\" content=\"Nord Stage 3 Compact Usado Piano digital de 73 Teclas Semipesadas - Haway Music\" \/>\n<meta property=\"og:description\" content=\"Dos pantallas OLED superclaras para una claridad en el escenario, transiciones sin problemas al cambiar programas\/sonidos, funcionalidad dividida extendida con desvanecimiento cruzado opcional y la adici\u00f3n del nuevo modo de lista de canciones  La secci\u00f3n de piano muy mejorada cuenta con doble memoria (2 GB) para la exclusiva biblioteca de piano n\u00f3rdico, polifon\u00eda de 120 voz y nuevos filtros de piano creativos  Reda de simulaci\u00f3n de \u00f3rgano C2D galardonada y \u00f3rganos de transistor vintage m\u00e1s 2 nuevos \u00f3rganos de tuber\u00eda principales  La secci\u00f3n de sintetizador cuenta con el aclamado motor Nord Lead A1 combinado con reproducci\u00f3n de muestras y una brillante pantalla OLED para todas las funciones del oscilador  La secci\u00f3n de efecto cuenta con un nuevo efecto de filtro, par\u00e1metros morphables extendidos, un efecto de retardo mejorado y una reverberaci\u00f3n y compresor separados para cada ranura\" \/>\n<meta property=\"og:url\" content=\"https:\/\/hawaymusic.com\/es\/product\/nord-stage-3-piano-digital-compacto-de-73-teclas-con-tecla-semipesada\/\" \/>\n<meta property=\"og:site_name\" content=\"Haway Music\" \/>\n<meta property=\"article:modified_time\" content=\"2026-03-20T13:28:00+00:00\" \/>\n<meta property=\"og:image\" content=\"https:\/\/hawaymusic.com\/wp-content\/uploads\/2022\/08\/nord-1.jpg\" \/>\n\t<meta property=\"og:image:width\" content=\"1080\" \/>\n\t<meta property=\"og:image:height\" content=\"1080\" \/>\n\t<meta property=\"og:image:type\" content=\"image\/jpeg\" \/>\n<meta name=\"twitter:card\" content=\"summary_large_image\" \/>\n<meta name=\"twitter:label1\" content=\"Tiempo de lectura\" \/>\n\t<meta name=\"twitter:data1\" content=\"2 minutos\" \/>\n<script type=\"application\/ld+json\" class=\"yoast-schema-graph\">{\"@context\":\"https:\\\/\\\/schema.org\",\"@graph\":[{\"@type\":\"WebPage\",\"@id\":\"https:\\\/\\\/hawaymusic.com\\\/product\\\/nord-stage-3-piano-digital-compacto-de-73-teclas-con-tecla-semipesada\\\/\",\"url\":\"https:\\\/\\\/hawaymusic.com\\\/product\\\/nord-stage-3-piano-digital-compacto-de-73-teclas-con-tecla-semipesada\\\/\",\"name\":\"Nord Stage 3 Compact Usado Piano digital de 73 Teclas Semipesadas - Haway Music\",\"isPartOf\":{\"@id\":\"https:\\\/\\\/hawaymusic.com\\\/#website\"},\"primaryImageOfPage\":{\"@id\":\"https:\\\/\\\/hawaymusic.com\\\/product\\\/nord-stage-3-piano-digital-compacto-de-73-teclas-con-tecla-semipesada\\\/#primaryimage\"},\"image\":{\"@id\":\"https:\\\/\\\/hawaymusic.com\\\/product\\\/nord-stage-3-piano-digital-compacto-de-73-teclas-con-tecla-semipesada\\\/#primaryimage\"},\"thumbnailUrl\":\"https:\\\/\\\/i0.wp.com\\\/hawaymusic.com\\\/wp-content\\\/uploads\\\/2022\\\/08\\\/nord-1.jpg?fit=1080%2C1080&ssl=1\",\"datePublished\":\"2022-08-15T23:08:37+00:00\",\"dateModified\":\"2026-03-20T13:28:00+00:00\",\"breadcrumb\":{\"@id\":\"https:\\\/\\\/hawaymusic.com\\\/product\\\/nord-stage-3-piano-digital-compacto-de-73-teclas-con-tecla-semipesada\\\/#breadcrumb\"},\"inLanguage\":\"es-CO\",\"potentialAction\":[{\"@type\":\"ReadAction\",\"target\":[\"https:\\\/\\\/hawaymusic.com\\\/product\\\/nord-stage-3-piano-digital-compacto-de-73-teclas-con-tecla-semipesada\\\/\"]}]},{\"@type\":\"ImageObject\",\"inLanguage\":\"es-CO\",\"@id\":\"https:\\\/\\\/hawaymusic.com\\\/product\\\/nord-stage-3-piano-digital-compacto-de-73-teclas-con-tecla-semipesada\\\/#primaryimage\",\"url\":\"https:\\\/\\\/i0.wp.com\\\/hawaymusic.com\\\/wp-content\\\/uploads\\\/2022\\\/08\\\/nord-1.jpg?fit=1080%2C1080&ssl=1\",\"contentUrl\":\"https:\\\/\\\/i0.wp.com\\\/hawaymusic.com\\\/wp-content\\\/uploads\\\/2022\\\/08\\\/nord-1.jpg?fit=1080%2C1080&ssl=1\",\"width\":1080,\"height\":1080},{\"@type\":\"BreadcrumbList\",\"@id\":\"https:\\\/\\\/hawaymusic.com\\\/product\\\/nord-stage-3-piano-digital-compacto-de-73-teclas-con-tecla-semipesada\\\/#breadcrumb\",\"itemListElement\":[{\"@type\":\"ListItem\",\"position\":1,\"name\":\"Inicio\",\"item\":\"https:\\\/\\\/hawaymusic.com\\\/\"},{\"@type\":\"ListItem\",\"position\":2,\"name\":\"Shop\",\"item\":\"https:\\\/\\\/hawaymusic.com\\\/shop\\\/\"},{\"@type\":\"ListItem\",\"position\":3,\"name\":\"Nord Stage 3 Compact Usado Piano digital de 73 Teclas Semipesadas\"}]},{\"@type\":\"WebSite\",\"@id\":\"https:\\\/\\\/hawaymusic.com\\\/#website\",\"url\":\"https:\\\/\\\/hawaymusic.com\\\/\",\"name\":\"Haway Music\",\"description\":\"La mejor tienda de instrumentos musicales en Ecuador\",\"potentialAction\":[{\"@type\":\"SearchAction\",\"target\":{\"@type\":\"EntryPoint\",\"urlTemplate\":\"https:\\\/\\\/hawaymusic.com\\\/?s={search_term_string}\"},\"query-input\":{\"@type\":\"PropertyValueSpecification\",\"valueRequired\":true,\"valueName\":\"search_term_string\"}}],\"inLanguage\":\"es-CO\"}]}<\/script>\n<!-- \/ Yoast SEO plugin. -->","yoast_head_json":{"title":"Nord Stage 3 Compact Usado Piano digital de 73 Teclas Semipesadas - Haway Music","robots":{"index":"index","follow":"follow","max-snippet":"max-snippet:-1","max-image-preview":"max-image-preview:large","max-video-preview":"max-video-preview:-1"},"canonical":"https:\/\/hawaymusic.com\/es\/product\/nord-stage-3-piano-digital-compacto-de-73-teclas-con-tecla-semipesada\/","og_locale":"es_ES","og_type":"article","og_title":"Nord Stage 3 Compact Usado Piano digital de 73 Teclas Semipesadas - Haway Music","og_description":"Dos pantallas OLED superclaras para una claridad en el escenario, transiciones sin problemas al cambiar programas\/sonidos, funcionalidad dividida extendida con desvanecimiento cruzado opcional y la adici\u00f3n del nuevo modo de lista de canciones  La secci\u00f3n de piano muy mejorada cuenta con doble memoria (2 GB) para la exclusiva biblioteca de piano n\u00f3rdico, polifon\u00eda de 120 voz y nuevos filtros de piano creativos  Reda de simulaci\u00f3n de \u00f3rgano C2D galardonada y \u00f3rganos de transistor vintage m\u00e1s 2 nuevos \u00f3rganos de tuber\u00eda principales  La secci\u00f3n de sintetizador cuenta con el aclamado motor Nord Lead A1 combinado con reproducci\u00f3n de muestras y una brillante pantalla OLED para todas las funciones del oscilador  La secci\u00f3n de efecto cuenta con un nuevo efecto de filtro, par\u00e1metros morphables extendidos, un efecto de retardo mejorado y una reverberaci\u00f3n y compresor separados para cada ranura","og_url":"https:\/\/hawaymusic.com\/es\/product\/nord-stage-3-piano-digital-compacto-de-73-teclas-con-tecla-semipesada\/","og_site_name":"Haway Music","article_modified_time":"2026-03-20T13:28:00+00:00","og_image":[{"width":1080,"height":1080,"url":"https:\/\/hawaymusic.com\/wp-content\/uploads\/2022\/08\/nord-1.jpg","type":"image\/jpeg"}],"twitter_card":"summary_large_image","twitter_misc":{"Tiempo de lectura":"2 minutos"},"schema":{"@context":"https:\/\/schema.org","@graph":[{"@type":"WebPage","@id":"https:\/\/hawaymusic.com\/product\/nord-stage-3-piano-digital-compacto-de-73-teclas-con-tecla-semipesada\/","url":"https:\/\/hawaymusic.com\/product\/nord-stage-3-piano-digital-compacto-de-73-teclas-con-tecla-semipesada\/","name":"Nord Stage 3 Compact Usado Piano digital de 73 Teclas Semipesadas - Haway Music","isPartOf":{"@id":"https:\/\/hawaymusic.com\/#website"},"primaryImageOfPage":{"@id":"https:\/\/hawaymusic.com\/product\/nord-stage-3-piano-digital-compacto-de-73-teclas-con-tecla-semipesada\/#primaryimage"},"image":{"@id":"https:\/\/hawaymusic.com\/product\/nord-stage-3-piano-digital-compacto-de-73-teclas-con-tecla-semipesada\/#primaryimage"},"thumbnailUrl":"https:\/\/i0.wp.com\/hawaymusic.com\/wp-content\/uploads\/2022\/08\/nord-1.jpg?fit=1080%2C1080&ssl=1","datePublished":"2022-08-15T23:08:37+00:00","dateModified":"2026-03-20T13:28:00+00:00","breadcrumb":{"@id":"https:\/\/hawaymusic.com\/product\/nord-stage-3-piano-digital-compacto-de-73-teclas-con-tecla-semipesada\/#breadcrumb"},"inLanguage":"es-CO","potentialAction":[{"@type":"ReadAction","target":["https:\/\/hawaymusic.com\/product\/nord-stage-3-piano-digital-compacto-de-73-teclas-con-tecla-semipesada\/"]}]},{"@type":"ImageObject","inLanguage":"es-CO","@id":"https:\/\/hawaymusic.com\/product\/nord-stage-3-piano-digital-compacto-de-73-teclas-con-tecla-semipesada\/#primaryimage","url":"https:\/\/i0.wp.com\/hawaymusic.com\/wp-content\/uploads\/2022\/08\/nord-1.jpg?fit=1080%2C1080&ssl=1","contentUrl":"https:\/\/i0.wp.com\/hawaymusic.com\/wp-content\/uploads\/2022\/08\/nord-1.jpg?fit=1080%2C1080&ssl=1","width":1080,"height":1080},{"@type":"BreadcrumbList","@id":"https:\/\/hawaymusic.com\/product\/nord-stage-3-piano-digital-compacto-de-73-teclas-con-tecla-semipesada\/#breadcrumb","itemListElement":[{"@type":"ListItem","position":1,"name":"Inicio","item":"https:\/\/hawaymusic.com\/"},{"@type":"ListItem","position":2,"name":"Shop","item":"https:\/\/hawaymusic.com\/shop\/"},{"@type":"ListItem","position":3,"name":"Nord Stage 3 Compact Usado Piano digital de 73 Teclas Semipesadas"}]},{"@type":"WebSite","@id":"https:\/\/hawaymusic.com\/#website","url":"https:\/\/hawaymusic.com\/","name":"Haway Music","description":"La mejor tienda de instrumentos musicales en Ecuador","potentialAction":[{"@type":"SearchAction","target":{"@type":"EntryPoint","urlTemplate":"https:\/\/hawaymusic.com\/?s={search_term_string}"},"query-input":{"@type":"PropertyValueSpecification","valueRequired":true,"valueName":"search_term_string"}}],"inLanguage":"es-CO"}]}},"jetpack_sharing_enabled":true,"brands":[],"_links":{"self":[{"href":"https:\/\/hawaymusic.com\/es\/wp-json\/wp\/v2\/product\/216","targetHints":{"allow":["GET"]}}],"collection":[{"href":"https:\/\/hawaymusic.com\/es\/wp-json\/wp\/v2\/product"}],"about":[{"href":"https:\/\/hawaymusic.com\/es\/wp-json\/wp\/v2\/types\/product"}],"replies":[{"embeddable":true,"href":"https:\/\/hawaymusic.com\/es\/wp-json\/wp\/v2\/comments?post=216"}],"wp:featuredmedia":[{"embeddable":true,"href":"https:\/\/hawaymusic.com\/es\/wp-json\/wp\/v2\/media\/221"}],"wp:attachment":[{"href":"https:\/\/hawaymusic.com\/es\/wp-json\/wp\/v2\/media?parent=216"}],"wp:term":[{"taxonomy":"pwb-brand","embeddable":true,"href":"https:\/\/hawaymusic.com\/es\/wp-json\/wp\/v2\/pwb-brand?post=216"},{"taxonomy":"product_brand","embeddable":true,"href":"https:\/\/hawaymusic.com\/es\/wp-json\/wp\/v2\/product_brand?post=216"},{"taxonomy":"product_cat","embeddable":true,"href":"https:\/\/hawaymusic.com\/es\/wp-json\/wp\/v2\/product_cat?post=216"},{"taxonomy":"product_tag","embeddable":true,"href":"https:\/\/hawaymusic.com\/es\/wp-json\/wp\/v2\/product_tag?post=216"}],"curies":[{"name":"wp","href":"https:\/\/api.w.org\/{rel}","templated":true}]}}