{"id":210,"date":"2022-08-15T22:59:25","date_gmt":"2022-08-15T22:59:25","guid":{"rendered":"https:\/\/hawaymusic.com\/?post_type=product&#038;p=210"},"modified":"2025-11-03T19:15:32","modified_gmt":"2025-11-03T19:15:32","slug":"naranja-micro-terrror-20w-mini-cabeza-de-guitarra-hibrida","status":"publish","type":"product","link":"https:\/\/hawaymusic.com\/es\/product\/naranja-micro-terrror-20w-mini-cabeza-de-guitarra-hibrida\/","title":{"rendered":"Orange Micro Terror 20W Mini Amplificador Head Guitarra"},"content":{"rendered":"<p>\u00cbl Micro Terror es un fen\u00f3meno global. Inspir\u00e1ndose en el Tiny Terror original, esta encarnaci\u00f3n en miniatura combina un preamplificador de v\u00e1lvula con una secci\u00f3n de salida de estado s\u00f3lido para obtener tonos enormes que se burlan de su marco diminuto.<\/p>\n<p>Con un peso de menos de 1 kilo, el Micro Terror es posiblemente el amplificador m\u00e1s port\u00e1til del mercado. Cuando se combina con su gabinete PPC108 a juego, la entrada auxiliar y la salida de auriculares del Micro Terror lo convierten en un compa\u00f1ero de pr\u00e1ctica perfecto, lo suficientemente peque\u00f1o para incluso el aparador m\u00e1s desordenado.<\/p>\n<p>Sin embargo, no se deje enga\u00f1ar por su tama\u00f1o en miniatura porque el tama\u00f1o es lo \u00fanico peque\u00f1o de este amplificador. Con una carcasa de acero de alta resistencia, el Micro Terror est\u00e1 construido con los mismos altos est\u00e1ndares que el resto de la familia Terror y cuenta con una sola v\u00e1lvula de preamplificador 12AX7\/ECC83, acoplada a una secci\u00f3n de salida de estado s\u00f3lido. La profundidad del sonido (y el volumen) que expulsa esta peque\u00f1a cosa es realmente asombrosa, con gru\u00f1idos y mordiscos de Orange en abundancia. Adem\u00e1s, el Micro Terror se puede utilizar con cualquier altavoz de 8-16 ohmios.<\/p>","protected":false},"excerpt":{"rendered":"<ul class=\"a-unordered-list a-vertical a-spacing-mini\">\n<li><span class=\"a-list-item\">Potencia: 20 vatios (h\u00edbrido)<\/span><\/li>\n<li><span class=\"a-list-item\">Tubo: 1 preamplificador de tubo 12AX7 con amplificador de potencia de estado s\u00f3lido<\/span><\/li>\n<li><span class=\"a-list-item\">Controles: volumen, tono y ganancia<\/span><\/li>\n<li><span class=\"a-list-item\">Salida de auriculares y entrada auxiliar para MP3<\/span><\/li>\n<\/ul>","protected":false},"featured_media":212,"comment_status":"open","ping_status":"closed","template":"","meta":[],"pwb-brand":[],"product_brand":[],"product_cat":[27],"product_tag":[],"class_list":{"0":"post-210","1":"product","2":"type-product","3":"status-publish","4":"has-post-thumbnail","6":"product_cat-amplificador-de-guitarra","8":"first","9":"onbackorder","10":"taxable","11":"shipping-taxable","12":"purchasable","13":"product-type-simple"},"yoast_head":"<!-- This site is optimized with the Yoast SEO plugin v27.5 - https:\/\/yoast.com\/product\/yoast-seo-wordpress\/ -->\n<title>Orange Micro Terror 20W Mini Amplificador Head Guitarra - Haway Music<\/title>\n<meta name=\"robots\" content=\"index, follow, max-snippet:-1, max-image-preview:large, max-video-preview:-1\" \/>\n<link rel=\"canonical\" href=\"https:\/\/hawaymusic.com\/es\/producto\/naranja-micro-terrror-20w-mini-cabeza-de-guitarra-hibrida\/\" \/>\n<meta property=\"og:locale\" content=\"es_ES\" \/>\n<meta property=\"og:type\" content=\"article\" \/>\n<meta property=\"og:title\" content=\"Orange Micro Terror 20W Mini Amplificador Head Guitarra - Haway Music\" \/>\n<meta property=\"og:description\" content=\"Potencia: 20 vatios (h\u00edbrido)  Tubo: 1 preamplificador de tubo 12AX7 con amplificador de potencia de estado s\u00f3lido  Controles: volumen, tono y ganancia  Salida de auriculares y entrada auxiliar para MP3\" \/>\n<meta property=\"og:url\" content=\"https:\/\/hawaymusic.com\/es\/producto\/naranja-micro-terrror-20w-mini-cabeza-de-guitarra-hibrida\/\" \/>\n<meta property=\"og:site_name\" content=\"Haway Music\" \/>\n<meta property=\"article:modified_time\" content=\"2025-11-03T19:15:32+00:00\" \/>\n<meta property=\"og:image\" content=\"https:\/\/hawaymusic.com\/wp-content\/uploads\/2022\/08\/orange-3.jpg\" \/>\n\t<meta property=\"og:image:width\" content=\"1080\" \/>\n\t<meta property=\"og:image:height\" content=\"1080\" \/>\n\t<meta property=\"og:image:type\" content=\"image\/jpeg\" \/>\n<meta name=\"twitter:card\" content=\"summary_large_image\" \/>\n<meta name=\"twitter:label1\" content=\"Tiempo de lectura\" \/>\n\t<meta name=\"twitter:data1\" content=\"1 minuto\" \/>\n<script type=\"application\/ld+json\" class=\"yoast-schema-graph\">{\"@context\":\"https:\\\/\\\/schema.org\",\"@graph\":[{\"@type\":\"WebPage\",\"@id\":\"https:\\\/\\\/hawaymusic.com\\\/producto\\\/naranja-micro-terrror-20w-mini-cabeza-de-guitarra-hibrida\\\/\",\"url\":\"https:\\\/\\\/hawaymusic.com\\\/producto\\\/naranja-micro-terrror-20w-mini-cabeza-de-guitarra-hibrida\\\/\",\"name\":\"Orange Micro Terror 20W Mini Amplificador Head Guitarra - Haway Music\",\"isPartOf\":{\"@id\":\"https:\\\/\\\/hawaymusic.com\\\/#website\"},\"primaryImageOfPage\":{\"@id\":\"https:\\\/\\\/hawaymusic.com\\\/producto\\\/naranja-micro-terrror-20w-mini-cabeza-de-guitarra-hibrida\\\/#primaryimage\"},\"image\":{\"@id\":\"https:\\\/\\\/hawaymusic.com\\\/producto\\\/naranja-micro-terrror-20w-mini-cabeza-de-guitarra-hibrida\\\/#primaryimage\"},\"thumbnailUrl\":\"https:\\\/\\\/i0.wp.com\\\/hawaymusic.com\\\/wp-content\\\/uploads\\\/2022\\\/08\\\/orange-3.jpg?fit=1080%2C1080&ssl=1\",\"datePublished\":\"2022-08-15T22:59:25+00:00\",\"dateModified\":\"2025-11-03T19:15:32+00:00\",\"breadcrumb\":{\"@id\":\"https:\\\/\\\/hawaymusic.com\\\/producto\\\/naranja-micro-terrror-20w-mini-cabeza-de-guitarra-hibrida\\\/#breadcrumb\"},\"inLanguage\":\"es-CO\",\"potentialAction\":[{\"@type\":\"ReadAction\",\"target\":[\"https:\\\/\\\/hawaymusic.com\\\/producto\\\/naranja-micro-terrror-20w-mini-cabeza-de-guitarra-hibrida\\\/\"]}]},{\"@type\":\"ImageObject\",\"inLanguage\":\"es-CO\",\"@id\":\"https:\\\/\\\/hawaymusic.com\\\/producto\\\/naranja-micro-terrror-20w-mini-cabeza-de-guitarra-hibrida\\\/#primaryimage\",\"url\":\"https:\\\/\\\/i0.wp.com\\\/hawaymusic.com\\\/wp-content\\\/uploads\\\/2022\\\/08\\\/orange-3.jpg?fit=1080%2C1080&ssl=1\",\"contentUrl\":\"https:\\\/\\\/i0.wp.com\\\/hawaymusic.com\\\/wp-content\\\/uploads\\\/2022\\\/08\\\/orange-3.jpg?fit=1080%2C1080&ssl=1\",\"width\":1080,\"height\":1080},{\"@type\":\"BreadcrumbList\",\"@id\":\"https:\\\/\\\/hawaymusic.com\\\/producto\\\/naranja-micro-terrror-20w-mini-cabeza-de-guitarra-hibrida\\\/#breadcrumb\",\"itemListElement\":[{\"@type\":\"ListItem\",\"position\":1,\"name\":\"Inicio\",\"item\":\"https:\\\/\\\/hawaymusic.com\\\/\"},{\"@type\":\"ListItem\",\"position\":2,\"name\":\"Shop\",\"item\":\"https:\\\/\\\/hawaymusic.com\\\/shop\\\/\"},{\"@type\":\"ListItem\",\"position\":3,\"name\":\"Orange Micro Terror 20W Mini Amplificador Head Guitarra\"}]},{\"@type\":\"WebSite\",\"@id\":\"https:\\\/\\\/hawaymusic.com\\\/#website\",\"url\":\"https:\\\/\\\/hawaymusic.com\\\/\",\"name\":\"Haway Music\",\"description\":\"La mejor tienda de instrumentos musicales en Ecuador\",\"potentialAction\":[{\"@type\":\"SearchAction\",\"target\":{\"@type\":\"EntryPoint\",\"urlTemplate\":\"https:\\\/\\\/hawaymusic.com\\\/?s={search_term_string}\"},\"query-input\":{\"@type\":\"PropertyValueSpecification\",\"valueRequired\":true,\"valueName\":\"search_term_string\"}}],\"inLanguage\":\"es-CO\"}]}<\/script>\n<!-- \/ Yoast SEO plugin. -->","yoast_head_json":{"title":"Orange Micro Terror 20W Mini Amplificador Head Guitarra - Haway Music","robots":{"index":"index","follow":"follow","max-snippet":"max-snippet:-1","max-image-preview":"max-image-preview:large","max-video-preview":"max-video-preview:-1"},"canonical":"https:\/\/hawaymusic.com\/es\/producto\/naranja-micro-terrror-20w-mini-cabeza-de-guitarra-hibrida\/","og_locale":"es_ES","og_type":"article","og_title":"Orange Micro Terror 20W Mini Amplificador Head Guitarra - Haway Music","og_description":"Potencia: 20 vatios (h\u00edbrido)  Tubo: 1 preamplificador de tubo 12AX7 con amplificador de potencia de estado s\u00f3lido  Controles: volumen, tono y ganancia  Salida de auriculares y entrada auxiliar para MP3","og_url":"https:\/\/hawaymusic.com\/es\/producto\/naranja-micro-terrror-20w-mini-cabeza-de-guitarra-hibrida\/","og_site_name":"Haway Music","article_modified_time":"2025-11-03T19:15:32+00:00","og_image":[{"width":1080,"height":1080,"url":"https:\/\/hawaymusic.com\/wp-content\/uploads\/2022\/08\/orange-3.jpg","type":"image\/jpeg"}],"twitter_card":"summary_large_image","twitter_misc":{"Tiempo de lectura":"1 minuto"},"schema":{"@context":"https:\/\/schema.org","@graph":[{"@type":"WebPage","@id":"https:\/\/hawaymusic.com\/producto\/naranja-micro-terrror-20w-mini-cabeza-de-guitarra-hibrida\/","url":"https:\/\/hawaymusic.com\/producto\/naranja-micro-terrror-20w-mini-cabeza-de-guitarra-hibrida\/","name":"Orange Micro Terror 20W Mini Amplificador Head Guitarra - Haway Music","isPartOf":{"@id":"https:\/\/hawaymusic.com\/#website"},"primaryImageOfPage":{"@id":"https:\/\/hawaymusic.com\/producto\/naranja-micro-terrror-20w-mini-cabeza-de-guitarra-hibrida\/#primaryimage"},"image":{"@id":"https:\/\/hawaymusic.com\/producto\/naranja-micro-terrror-20w-mini-cabeza-de-guitarra-hibrida\/#primaryimage"},"thumbnailUrl":"https:\/\/i0.wp.com\/hawaymusic.com\/wp-content\/uploads\/2022\/08\/orange-3.jpg?fit=1080%2C1080&ssl=1","datePublished":"2022-08-15T22:59:25+00:00","dateModified":"2025-11-03T19:15:32+00:00","breadcrumb":{"@id":"https:\/\/hawaymusic.com\/producto\/naranja-micro-terrror-20w-mini-cabeza-de-guitarra-hibrida\/#breadcrumb"},"inLanguage":"es-CO","potentialAction":[{"@type":"ReadAction","target":["https:\/\/hawaymusic.com\/producto\/naranja-micro-terrror-20w-mini-cabeza-de-guitarra-hibrida\/"]}]},{"@type":"ImageObject","inLanguage":"es-CO","@id":"https:\/\/hawaymusic.com\/producto\/naranja-micro-terrror-20w-mini-cabeza-de-guitarra-hibrida\/#primaryimage","url":"https:\/\/i0.wp.com\/hawaymusic.com\/wp-content\/uploads\/2022\/08\/orange-3.jpg?fit=1080%2C1080&ssl=1","contentUrl":"https:\/\/i0.wp.com\/hawaymusic.com\/wp-content\/uploads\/2022\/08\/orange-3.jpg?fit=1080%2C1080&ssl=1","width":1080,"height":1080},{"@type":"BreadcrumbList","@id":"https:\/\/hawaymusic.com\/producto\/naranja-micro-terrror-20w-mini-cabeza-de-guitarra-hibrida\/#breadcrumb","itemListElement":[{"@type":"ListItem","position":1,"name":"Inicio","item":"https:\/\/hawaymusic.com\/"},{"@type":"ListItem","position":2,"name":"Shop","item":"https:\/\/hawaymusic.com\/shop\/"},{"@type":"ListItem","position":3,"name":"Orange Micro Terror 20W Mini Amplificador Head Guitarra"}]},{"@type":"WebSite","@id":"https:\/\/hawaymusic.com\/#website","url":"https:\/\/hawaymusic.com\/","name":"Haway Music","description":"La mejor tienda de instrumentos musicales en Ecuador","potentialAction":[{"@type":"SearchAction","target":{"@type":"EntryPoint","urlTemplate":"https:\/\/hawaymusic.com\/?s={search_term_string}"},"query-input":{"@type":"PropertyValueSpecification","valueRequired":true,"valueName":"search_term_string"}}],"inLanguage":"es-CO"}]}},"jetpack_sharing_enabled":true,"brands":[],"_links":{"self":[{"href":"https:\/\/hawaymusic.com\/es\/wp-json\/wp\/v2\/product\/210","targetHints":{"allow":["GET"]}}],"collection":[{"href":"https:\/\/hawaymusic.com\/es\/wp-json\/wp\/v2\/product"}],"about":[{"href":"https:\/\/hawaymusic.com\/es\/wp-json\/wp\/v2\/types\/product"}],"replies":[{"embeddable":true,"href":"https:\/\/hawaymusic.com\/es\/wp-json\/wp\/v2\/comments?post=210"}],"wp:featuredmedia":[{"embeddable":true,"href":"https:\/\/hawaymusic.com\/es\/wp-json\/wp\/v2\/media\/212"}],"wp:attachment":[{"href":"https:\/\/hawaymusic.com\/es\/wp-json\/wp\/v2\/media?parent=210"}],"wp:term":[{"taxonomy":"pwb-brand","embeddable":true,"href":"https:\/\/hawaymusic.com\/es\/wp-json\/wp\/v2\/pwb-brand?post=210"},{"taxonomy":"product_brand","embeddable":true,"href":"https:\/\/hawaymusic.com\/es\/wp-json\/wp\/v2\/product_brand?post=210"},{"taxonomy":"product_cat","embeddable":true,"href":"https:\/\/hawaymusic.com\/es\/wp-json\/wp\/v2\/product_cat?post=210"},{"taxonomy":"product_tag","embeddable":true,"href":"https:\/\/hawaymusic.com\/es\/wp-json\/wp\/v2\/product_tag?post=210"}],"curies":[{"name":"wp","href":"https:\/\/api.w.org\/{rel}","templated":true}]}}