{"id":200,"date":"2022-08-15T22:52:45","date_gmt":"2022-08-15T22:52:45","guid":{"rendered":"https:\/\/hawaymusic.com\/?post_type=product&#038;p=200"},"modified":"2022-09-16T23:08:53","modified_gmt":"2022-09-16T23:08:53","slug":"truetone-paquete-combo-de-adaptador-spot-1","status":"publish","type":"product","link":"https:\/\/hawaymusic.com\/es\/product\/truetone-paquete-combo-de-adaptador-spot-1\/","title":{"rendered":"Truetone One Spot Combo Pack Adaptador de Corriente"},"content":{"rendered":"<div class=\"celwidget\" data-csa-c-id=\"34ntou-29z0cz-y7b10v-g8vonp\" data-cel-widget=\"dpx-product-description_csm_instrumentation_wrapper\">\n<div id=\"descriptionAndDetails\" class=\"a-section a-spacing-extra-large\">\n<div id=\"productDescription_feature_div\" class=\"celwidget\" data-feature-name=\"productDescription\" data-csa-c-id=\"83o1mt-ojsh6o-ivk3k2-jg7b90\" data-cel-widget=\"productDescription_feature_div\">\n<div>\n<div id=\"productDescription_feature_div\" class=\"a-row feature\" data-feature-name=\"productDescription\" data-template-name=\"productDescription\" data-cel-widget=\"productDescription_feature_div\">\n<div id=\"productDescription\" class=\"a-section a-spacing-small\">\n<p>M\u00e1s grande no siempre es mejor. A una fracci\u00f3n del costo, el 1 SPOT es m\u00e1s potente que PedalPower o DC Brick&#8230; \u00a1y NO ocupa espacio en su pedalera! Con el nuevo cable de 8 enchufes incluido en este Combo Pack, puedes alimentar hasta 8 pedales. \u00a1Y al conectar cables Multi-Plug adicionales, puede alimentar una cantidad pr\u00e1cticamente ilimitada de pedales! El convertidor L6 permite que el 1-SPOT alimente los pedales de modelado Line 6, mientras que los convertidores de clip de bater\u00eda y de 3,5 mm le permiten alimentar los pedales de estilo vintage. El nuevo paquete combinado Visual Sound 1 SPOT consta de un adaptador de corriente de 9 V CC de 1 SPOT, un cable de 8 enchufes m\u00faltiples, (2) convertidores de clip de bater\u00eda, (2) convertidores de 3,5 mm (1\/8&#8243;) y un convertidor L6 para Line 6 pedales de modelado. El 1 SPOT es el adaptador de CC de 9 V original que solo ocupa un lugar en su regleta. Con la capacidad de manejar hasta 1700 mA, el 1 SPOT puede alimentar toda su pedalera. El 1 SPOT hace que la compatibilidad, la polaridad, el enchufe tama\u00f1o, voltaje, etc. f\u00e1cilmente proporcionando una lista garantizada de adaptadores que puede reemplazar: Boss PSA, Boss ACA, DOD PS-200R, Morley 9V, Danelectro DA-1, Dunlop ECB-03, Ibanez AC109 y Zoom AD-0006 Si tu pedal lleva uno de estos adaptadores (el 90% de las veces), el 1 SPOT es para ti.<\/p>\n<\/div>\n<\/div>\n<\/div>\n<\/div>\n<\/div>\n<\/div>\n<p><a id=\"productDetails\" name=\"productDetails\"><\/a><\/p>\n<div id=\"productDetails_feature_div\" class=\"celwidget\" data-feature-name=\"productDetails\" data-csa-c-id=\"j25ya3-gn26y4-90ka80-x4n8yt\" data-cel-widget=\"productDetails_feature_div\"><a id=\"productDetails\" name=\"productDetails\"><\/a><\/div>","protected":false},"excerpt":{"rendered":"<ul class=\"a-unordered-list a-vertical a-spacing-mini\">\n<li><span class=\"a-list-item\">1\u00a0SPOT 9\u00a0V DC adaptador de alimentaci\u00f3n<\/span><\/li>\n<li><span class=\"a-list-item\">Multi-Plug 8\u00a0cable<\/span><\/li>\n<li><span class=\"a-list-item\">2\u00a0Battery Clip Converters, (2) 3.5\u00a0mm (1\/8&#8243;) conversores y un conversor L6\u00a0para pedales de modelado Line 6<\/span><\/li>\n<li><span class=\"a-list-item\">S\u00f3lo ocupa una mancha en su tira de alimentaci\u00f3n.<\/span><\/li>\n<li><span class=\"a-list-item\">Asas hasta 1700\u00a0mA, la potencia de 1\u00a0foco puede f\u00e1cilmente toda su pedal<\/span><\/li>\n<\/ul>","protected":false},"featured_media":202,"comment_status":"open","ping_status":"closed","template":"","meta":[],"pwb-brand":[],"product_brand":[],"product_cat":[25,37],"product_tag":[],"class_list":{"0":"post-200","1":"product","2":"type-product","3":"status-publish","4":"has-post-thumbnail","6":"product_cat-accesorios","7":"product_cat-fuentes-de-alimentacion","9":"first","10":"instock","11":"taxable","12":"shipping-taxable","13":"purchasable","14":"product-type-simple"},"yoast_head":"<!-- This site is optimized with the Yoast SEO plugin v27.5 - https:\/\/yoast.com\/product\/yoast-seo-wordpress\/ -->\n<title>Truetone One Spot Combo Pack Adaptador de Corriente - Haway Music<\/title>\n<meta name=\"robots\" content=\"index, follow, max-snippet:-1, max-image-preview:large, max-video-preview:-1\" \/>\n<link rel=\"canonical\" href=\"https:\/\/hawaymusic.com\/es\/product\/truetone-paquete-combo-de-adaptador-spot-1\/\" \/>\n<meta property=\"og:locale\" content=\"es_ES\" \/>\n<meta property=\"og:type\" content=\"article\" \/>\n<meta property=\"og:title\" content=\"Truetone One Spot Combo Pack Adaptador de Corriente - Haway Music\" \/>\n<meta property=\"og:description\" content=\"1\u00a0SPOT 9\u00a0V DC adaptador de alimentaci\u00f3n  Multi-Plug 8\u00a0cable  2\u00a0Battery Clip Converters, (2) 3.5\u00a0mm (1\/8&quot;) conversores y un conversor L6\u00a0para pedales de modelado Line 6  S\u00f3lo ocupa una mancha en su tira de alimentaci\u00f3n.  Asas hasta 1700\u00a0mA, la potencia de 1\u00a0foco puede f\u00e1cilmente toda su pedal\" \/>\n<meta property=\"og:url\" content=\"https:\/\/hawaymusic.com\/es\/product\/truetone-paquete-combo-de-adaptador-spot-1\/\" \/>\n<meta property=\"og:site_name\" content=\"Haway Music\" \/>\n<meta property=\"article:modified_time\" content=\"2022-09-16T23:08:53+00:00\" \/>\n<meta property=\"og:image\" content=\"https:\/\/hawaymusic.com\/wp-content\/uploads\/2022\/08\/truetone-1.jpg\" \/>\n\t<meta property=\"og:image:width\" content=\"1080\" \/>\n\t<meta property=\"og:image:height\" content=\"1080\" \/>\n\t<meta property=\"og:image:type\" content=\"image\/jpeg\" \/>\n<meta name=\"twitter:card\" content=\"summary_large_image\" \/>\n<meta name=\"twitter:label1\" content=\"Tiempo de lectura\" \/>\n\t<meta name=\"twitter:data1\" content=\"2 minutos\" \/>\n<script type=\"application\/ld+json\" class=\"yoast-schema-graph\">{\"@context\":\"https:\\\/\\\/schema.org\",\"@graph\":[{\"@type\":\"WebPage\",\"@id\":\"https:\\\/\\\/hawaymusic.com\\\/product\\\/truetone-paquete-combo-de-adaptador-spot-1\\\/\",\"url\":\"https:\\\/\\\/hawaymusic.com\\\/product\\\/truetone-paquete-combo-de-adaptador-spot-1\\\/\",\"name\":\"Truetone One Spot Combo Pack Adaptador de Corriente - Haway Music\",\"isPartOf\":{\"@id\":\"https:\\\/\\\/hawaymusic.com\\\/#website\"},\"primaryImageOfPage\":{\"@id\":\"https:\\\/\\\/hawaymusic.com\\\/product\\\/truetone-paquete-combo-de-adaptador-spot-1\\\/#primaryimage\"},\"image\":{\"@id\":\"https:\\\/\\\/hawaymusic.com\\\/product\\\/truetone-paquete-combo-de-adaptador-spot-1\\\/#primaryimage\"},\"thumbnailUrl\":\"https:\\\/\\\/i0.wp.com\\\/hawaymusic.com\\\/wp-content\\\/uploads\\\/2022\\\/08\\\/truetone-1.jpg?fit=1080%2C1080&ssl=1\",\"datePublished\":\"2022-08-15T22:52:45+00:00\",\"dateModified\":\"2022-09-16T23:08:53+00:00\",\"breadcrumb\":{\"@id\":\"https:\\\/\\\/hawaymusic.com\\\/product\\\/truetone-paquete-combo-de-adaptador-spot-1\\\/#breadcrumb\"},\"inLanguage\":\"es-CO\",\"potentialAction\":[{\"@type\":\"ReadAction\",\"target\":[\"https:\\\/\\\/hawaymusic.com\\\/product\\\/truetone-paquete-combo-de-adaptador-spot-1\\\/\"]}]},{\"@type\":\"ImageObject\",\"inLanguage\":\"es-CO\",\"@id\":\"https:\\\/\\\/hawaymusic.com\\\/product\\\/truetone-paquete-combo-de-adaptador-spot-1\\\/#primaryimage\",\"url\":\"https:\\\/\\\/i0.wp.com\\\/hawaymusic.com\\\/wp-content\\\/uploads\\\/2022\\\/08\\\/truetone-1.jpg?fit=1080%2C1080&ssl=1\",\"contentUrl\":\"https:\\\/\\\/i0.wp.com\\\/hawaymusic.com\\\/wp-content\\\/uploads\\\/2022\\\/08\\\/truetone-1.jpg?fit=1080%2C1080&ssl=1\",\"width\":1080,\"height\":1080},{\"@type\":\"BreadcrumbList\",\"@id\":\"https:\\\/\\\/hawaymusic.com\\\/product\\\/truetone-paquete-combo-de-adaptador-spot-1\\\/#breadcrumb\",\"itemListElement\":[{\"@type\":\"ListItem\",\"position\":1,\"name\":\"Inicio\",\"item\":\"https:\\\/\\\/hawaymusic.com\\\/\"},{\"@type\":\"ListItem\",\"position\":2,\"name\":\"Shop\",\"item\":\"https:\\\/\\\/hawaymusic.com\\\/shop\\\/\"},{\"@type\":\"ListItem\",\"position\":3,\"name\":\"Truetone One Spot Combo Pack Adaptador de Corriente\"}]},{\"@type\":\"WebSite\",\"@id\":\"https:\\\/\\\/hawaymusic.com\\\/#website\",\"url\":\"https:\\\/\\\/hawaymusic.com\\\/\",\"name\":\"Haway Music\",\"description\":\"La mejor tienda de instrumentos musicales en Ecuador\",\"potentialAction\":[{\"@type\":\"SearchAction\",\"target\":{\"@type\":\"EntryPoint\",\"urlTemplate\":\"https:\\\/\\\/hawaymusic.com\\\/?s={search_term_string}\"},\"query-input\":{\"@type\":\"PropertyValueSpecification\",\"valueRequired\":true,\"valueName\":\"search_term_string\"}}],\"inLanguage\":\"es-CO\"}]}<\/script>\n<!-- \/ Yoast SEO plugin. -->","yoast_head_json":{"title":"Truetone One Spot Combo Pack Adaptador de Corriente - Haway Music","robots":{"index":"index","follow":"follow","max-snippet":"max-snippet:-1","max-image-preview":"max-image-preview:large","max-video-preview":"max-video-preview:-1"},"canonical":"https:\/\/hawaymusic.com\/es\/product\/truetone-paquete-combo-de-adaptador-spot-1\/","og_locale":"es_ES","og_type":"article","og_title":"Truetone One Spot Combo Pack Adaptador de Corriente - Haway Music","og_description":"1\u00a0SPOT 9\u00a0V DC adaptador de alimentaci\u00f3n  Multi-Plug 8\u00a0cable  2\u00a0Battery Clip Converters, (2) 3.5\u00a0mm (1\/8\") conversores y un conversor L6\u00a0para pedales de modelado Line 6  S\u00f3lo ocupa una mancha en su tira de alimentaci\u00f3n.  Asas hasta 1700\u00a0mA, la potencia de 1\u00a0foco puede f\u00e1cilmente toda su pedal","og_url":"https:\/\/hawaymusic.com\/es\/product\/truetone-paquete-combo-de-adaptador-spot-1\/","og_site_name":"Haway Music","article_modified_time":"2022-09-16T23:08:53+00:00","og_image":[{"width":1080,"height":1080,"url":"https:\/\/hawaymusic.com\/wp-content\/uploads\/2022\/08\/truetone-1.jpg","type":"image\/jpeg"}],"twitter_card":"summary_large_image","twitter_misc":{"Tiempo de lectura":"2 minutos"},"schema":{"@context":"https:\/\/schema.org","@graph":[{"@type":"WebPage","@id":"https:\/\/hawaymusic.com\/product\/truetone-paquete-combo-de-adaptador-spot-1\/","url":"https:\/\/hawaymusic.com\/product\/truetone-paquete-combo-de-adaptador-spot-1\/","name":"Truetone One Spot Combo Pack Adaptador de Corriente - Haway Music","isPartOf":{"@id":"https:\/\/hawaymusic.com\/#website"},"primaryImageOfPage":{"@id":"https:\/\/hawaymusic.com\/product\/truetone-paquete-combo-de-adaptador-spot-1\/#primaryimage"},"image":{"@id":"https:\/\/hawaymusic.com\/product\/truetone-paquete-combo-de-adaptador-spot-1\/#primaryimage"},"thumbnailUrl":"https:\/\/i0.wp.com\/hawaymusic.com\/wp-content\/uploads\/2022\/08\/truetone-1.jpg?fit=1080%2C1080&ssl=1","datePublished":"2022-08-15T22:52:45+00:00","dateModified":"2022-09-16T23:08:53+00:00","breadcrumb":{"@id":"https:\/\/hawaymusic.com\/product\/truetone-paquete-combo-de-adaptador-spot-1\/#breadcrumb"},"inLanguage":"es-CO","potentialAction":[{"@type":"ReadAction","target":["https:\/\/hawaymusic.com\/product\/truetone-paquete-combo-de-adaptador-spot-1\/"]}]},{"@type":"ImageObject","inLanguage":"es-CO","@id":"https:\/\/hawaymusic.com\/product\/truetone-paquete-combo-de-adaptador-spot-1\/#primaryimage","url":"https:\/\/i0.wp.com\/hawaymusic.com\/wp-content\/uploads\/2022\/08\/truetone-1.jpg?fit=1080%2C1080&ssl=1","contentUrl":"https:\/\/i0.wp.com\/hawaymusic.com\/wp-content\/uploads\/2022\/08\/truetone-1.jpg?fit=1080%2C1080&ssl=1","width":1080,"height":1080},{"@type":"BreadcrumbList","@id":"https:\/\/hawaymusic.com\/product\/truetone-paquete-combo-de-adaptador-spot-1\/#breadcrumb","itemListElement":[{"@type":"ListItem","position":1,"name":"Inicio","item":"https:\/\/hawaymusic.com\/"},{"@type":"ListItem","position":2,"name":"Shop","item":"https:\/\/hawaymusic.com\/shop\/"},{"@type":"ListItem","position":3,"name":"Truetone One Spot Combo Pack Adaptador de Corriente"}]},{"@type":"WebSite","@id":"https:\/\/hawaymusic.com\/#website","url":"https:\/\/hawaymusic.com\/","name":"Haway Music","description":"La mejor tienda de instrumentos musicales en Ecuador","potentialAction":[{"@type":"SearchAction","target":{"@type":"EntryPoint","urlTemplate":"https:\/\/hawaymusic.com\/?s={search_term_string}"},"query-input":{"@type":"PropertyValueSpecification","valueRequired":true,"valueName":"search_term_string"}}],"inLanguage":"es-CO"}]}},"jetpack_sharing_enabled":true,"brands":[],"_links":{"self":[{"href":"https:\/\/hawaymusic.com\/es\/wp-json\/wp\/v2\/product\/200","targetHints":{"allow":["GET"]}}],"collection":[{"href":"https:\/\/hawaymusic.com\/es\/wp-json\/wp\/v2\/product"}],"about":[{"href":"https:\/\/hawaymusic.com\/es\/wp-json\/wp\/v2\/types\/product"}],"replies":[{"embeddable":true,"href":"https:\/\/hawaymusic.com\/es\/wp-json\/wp\/v2\/comments?post=200"}],"wp:featuredmedia":[{"embeddable":true,"href":"https:\/\/hawaymusic.com\/es\/wp-json\/wp\/v2\/media\/202"}],"wp:attachment":[{"href":"https:\/\/hawaymusic.com\/es\/wp-json\/wp\/v2\/media?parent=200"}],"wp:term":[{"taxonomy":"pwb-brand","embeddable":true,"href":"https:\/\/hawaymusic.com\/es\/wp-json\/wp\/v2\/pwb-brand?post=200"},{"taxonomy":"product_brand","embeddable":true,"href":"https:\/\/hawaymusic.com\/es\/wp-json\/wp\/v2\/product_brand?post=200"},{"taxonomy":"product_cat","embeddable":true,"href":"https:\/\/hawaymusic.com\/es\/wp-json\/wp\/v2\/product_cat?post=200"},{"taxonomy":"product_tag","embeddable":true,"href":"https:\/\/hawaymusic.com\/es\/wp-json\/wp\/v2\/product_tag?post=200"}],"curies":[{"name":"wp","href":"https:\/\/api.w.org\/{rel}","templated":true}]}}