{"id":195,"date":"2022-08-15T22:45:46","date_gmt":"2022-08-15T22:45:46","guid":{"rendered":"https:\/\/hawaymusic.com\/?post_type=product&#038;p=195"},"modified":"2026-01-09T16:04:20","modified_gmt":"2026-01-09T16:04:20","slug":"mono-funda-para-guitarra-y-bajo-negro","status":"publish","type":"product","link":"https:\/\/hawaymusic.com\/es\/product\/mono-funda-para-guitarra-y-bajo-negro\/","title":{"rendered":"MONO Case Vertigo Estuche Bolso Bajo, Negro"},"content":{"rendered":"<div class=\"wpb-content-wrapper\"><div class=\"vc_row wpb_row vc_row-fluid vc_row-o-content-middle vc_row-flex wd-rs-62facb8fa70b9\"><div class=\"wpb_column vc_column_container vc_col-sm-6\"><div class=\"vc_column-inner\"><div class=\"wpb_wrapper\">\n\t<div class=\"wpb_text_column wpb_content_element\" >\n\t\t<div class=\"wpb_wrapper\">\n\t\t\t<h4 class=\"a-spacing-mini\">Carga superior para un acceso m\u00e1s r\u00e1pido<\/h4>\n<p>La manga es de carga superior para un acceso r\u00e1pido y de pie. Su dise\u00f1o te permite descomprimir r\u00e1pidamente la funda y sacar tu guitarra desde la parte superior. No hay necesidad de colocar la manga en el suelo. F\u00e1cil acceso.<\/p>\n\n\t\t<\/div>\n\t<\/div>\n<\/div><\/div><\/div><div class=\"wpb_column vc_column_container vc_col-sm-6\"><div class=\"vc_column-inner\"><div class=\"wpb_wrapper\">\t\t<div id=\"wd-62facc5da239b\" class=\"wd-image wd-wpb wd-rs-62facc5da239b text-center\">\n\t\t\t\n\t\t\t<img loading=\"lazy\" decoding=\"async\" width=\"300\" height=\"300\" src=\"https:\/\/i0.wp.com\/hawaymusic.com\/wp-content\/uploads\/2022\/08\/4cd79bbc-e08e-4ea9-9b03-3e9a82033849._SL300__.jpg?fit=300%2C300&amp;ssl=1\" class=\"attachment-full size-full\" alt=\"\" srcset=\"https:\/\/i0.wp.com\/hawaymusic.com\/wp-content\/uploads\/2022\/08\/4cd79bbc-e08e-4ea9-9b03-3e9a82033849._SL300__.jpg?w=300&amp;ssl=1 300w, https:\/\/i0.wp.com\/hawaymusic.com\/wp-content\/uploads\/2022\/08\/4cd79bbc-e08e-4ea9-9b03-3e9a82033849._SL300__.jpg?resize=150%2C150&amp;ssl=1 150w\" sizes=\"auto, (max-width: 300px) 100vw, 300px\" \/>\n\t\t\t\t\t<\/div>\n\t\t<\/div><\/div><\/div><\/div><div class=\"vc_row wpb_row vc_row-fluid vc_row-o-content-middle vc_row-flex wd-rs-62facb8fa70b9\"><div class=\"wpb_column vc_column_container vc_col-sm-6\"><div class=\"vc_column-inner\"><div class=\"wpb_wrapper\">\t\t<div id=\"wd-62facc7da3e55\" class=\"wd-image wd-wpb wd-rs-62facc7da3e55 text-center\">\n\t\t\t\n\t\t\t<img loading=\"lazy\" decoding=\"async\" width=\"300\" height=\"300\" src=\"https:\/\/i0.wp.com\/hawaymusic.com\/wp-content\/uploads\/2022\/08\/d38b7966-7348-4a07-9507-6224a7dbd734._SL300__.jpg?fit=300%2C300&amp;ssl=1\" class=\"attachment-full size-full\" alt=\"\" srcset=\"https:\/\/i0.wp.com\/hawaymusic.com\/wp-content\/uploads\/2022\/08\/d38b7966-7348-4a07-9507-6224a7dbd734._SL300__.jpg?w=300&amp;ssl=1 300w, https:\/\/i0.wp.com\/hawaymusic.com\/wp-content\/uploads\/2022\/08\/d38b7966-7348-4a07-9507-6224a7dbd734._SL300__.jpg?resize=150%2C150&amp;ssl=1 150w\" sizes=\"auto, (max-width: 300px) 100vw, 300px\" \/>\n\t\t\t\t\t<\/div>\n\t\t<\/div><\/div><\/div><div class=\"wpb_column vc_column_container vc_col-sm-6\"><div class=\"vc_column-inner\"><div class=\"wpb_wrapper\">\n\t<div class=\"wpb_text_column wpb_content_element\" >\n\t\t<div class=\"wpb_wrapper\">\n\t\t\t<h4 class=\"a-spacing-mini\">Construido para durar<\/h4>\n<p>Construimos las mangas utilizando s\u00f3lo materiales de alta prueba con extrema resistencia a la abrasi\u00f3n y los elementos. En el exterior, la carcasa resistente al agua te mantiene en movimiento, lluvia o brillo.<\/p>\n\n\t\t<\/div>\n\t<\/div>\n<\/div><\/div><\/div><\/div>\n<\/div>","protected":false},"excerpt":{"rendered":"Carga superior para un acceso m\u00e1s r\u00e1pido La manga es de carga superior para un acceso r\u00e1pido y de pie.","protected":false},"featured_media":846,"comment_status":"open","ping_status":"closed","template":"","meta":[],"pwb-brand":[],"product_brand":[],"product_cat":[25,47,20],"product_tag":[],"class_list":{"0":"post-195","1":"product","2":"type-product","3":"status-publish","4":"has-post-thumbnail","6":"product_cat-accesorios","7":"product_cat-estuches","8":"product_cat-guitarra","10":"first","11":"instock","12":"taxable","13":"shipping-taxable","14":"purchasable","15":"product-type-simple"},"yoast_head":"<!-- This site is optimized with the Yoast SEO plugin v27.6 - https:\/\/yoast.com\/product\/yoast-seo-wordpress\/ -->\n<title>MONO Case Vertigo Estuche Bolso Bajo, Negro - Haway Music<\/title>\n<meta name=\"robots\" content=\"index, follow, max-snippet:-1, max-image-preview:large, max-video-preview:-1\" \/>\n<link rel=\"canonical\" href=\"https:\/\/hawaymusic.com\/es\/product\/mono-funda-para-guitarra-y-bajo-negro\/\" \/>\n<meta property=\"og:locale\" content=\"es_ES\" \/>\n<meta property=\"og:type\" content=\"article\" \/>\n<meta property=\"og:title\" content=\"MONO Case Vertigo Estuche Bolso Bajo, Negro - Haway Music\" \/>\n<meta property=\"og:url\" content=\"https:\/\/hawaymusic.com\/es\/product\/mono-funda-para-guitarra-y-bajo-negro\/\" \/>\n<meta property=\"og:site_name\" content=\"Haway Music\" \/>\n<meta property=\"article:modified_time\" content=\"2026-01-09T16:04:20+00:00\" \/>\n<meta property=\"og:image\" content=\"https:\/\/i0.wp.com\/hawaymusic.com\/wp-content\/uploads\/2022\/08\/M80-VEB-BLK_1520390767575.webp?fit=2048%2C2048&ssl=1\" \/>\n\t<meta property=\"og:image:width\" content=\"2048\" \/>\n\t<meta property=\"og:image:height\" content=\"2048\" \/>\n\t<meta property=\"og:image:type\" content=\"image\/webp\" \/>\n<meta name=\"twitter:card\" content=\"summary_large_image\" \/>\n<meta name=\"twitter:label1\" content=\"Tiempo de lectura\" \/>\n\t<meta name=\"twitter:data1\" content=\"2 minutos\" \/>\n<script type=\"application\/ld+json\" class=\"yoast-schema-graph\">{\"@context\":\"https:\\\/\\\/schema.org\",\"@graph\":[{\"@type\":\"WebPage\",\"@id\":\"https:\\\/\\\/hawaymusic.com\\\/product\\\/mono-funda-para-guitarra-y-bajo-negro\\\/\",\"url\":\"https:\\\/\\\/hawaymusic.com\\\/product\\\/mono-funda-para-guitarra-y-bajo-negro\\\/\",\"name\":\"MONO Case Vertigo Estuche Bolso Bajo, Negro - Haway Music\",\"isPartOf\":{\"@id\":\"https:\\\/\\\/hawaymusic.com\\\/#website\"},\"primaryImageOfPage\":{\"@id\":\"https:\\\/\\\/hawaymusic.com\\\/product\\\/mono-funda-para-guitarra-y-bajo-negro\\\/#primaryimage\"},\"image\":{\"@id\":\"https:\\\/\\\/hawaymusic.com\\\/product\\\/mono-funda-para-guitarra-y-bajo-negro\\\/#primaryimage\"},\"thumbnailUrl\":\"https:\\\/\\\/i0.wp.com\\\/hawaymusic.com\\\/wp-content\\\/uploads\\\/2022\\\/08\\\/M80-VEB-BLK_1520390767575.webp?fit=2048%2C2048&ssl=1\",\"datePublished\":\"2022-08-15T22:45:46+00:00\",\"dateModified\":\"2026-01-09T16:04:20+00:00\",\"breadcrumb\":{\"@id\":\"https:\\\/\\\/hawaymusic.com\\\/product\\\/mono-funda-para-guitarra-y-bajo-negro\\\/#breadcrumb\"},\"inLanguage\":\"es-CO\",\"potentialAction\":[{\"@type\":\"ReadAction\",\"target\":[\"https:\\\/\\\/hawaymusic.com\\\/product\\\/mono-funda-para-guitarra-y-bajo-negro\\\/\"]}]},{\"@type\":\"ImageObject\",\"inLanguage\":\"es-CO\",\"@id\":\"https:\\\/\\\/hawaymusic.com\\\/product\\\/mono-funda-para-guitarra-y-bajo-negro\\\/#primaryimage\",\"url\":\"https:\\\/\\\/i0.wp.com\\\/hawaymusic.com\\\/wp-content\\\/uploads\\\/2022\\\/08\\\/M80-VEB-BLK_1520390767575.webp?fit=2048%2C2048&ssl=1\",\"contentUrl\":\"https:\\\/\\\/i0.wp.com\\\/hawaymusic.com\\\/wp-content\\\/uploads\\\/2022\\\/08\\\/M80-VEB-BLK_1520390767575.webp?fit=2048%2C2048&ssl=1\",\"width\":2048,\"height\":2048},{\"@type\":\"BreadcrumbList\",\"@id\":\"https:\\\/\\\/hawaymusic.com\\\/product\\\/mono-funda-para-guitarra-y-bajo-negro\\\/#breadcrumb\",\"itemListElement\":[{\"@type\":\"ListItem\",\"position\":1,\"name\":\"Inicio\",\"item\":\"https:\\\/\\\/hawaymusic.com\\\/\"},{\"@type\":\"ListItem\",\"position\":2,\"name\":\"Shop\",\"item\":\"https:\\\/\\\/hawaymusic.com\\\/shop\\\/\"},{\"@type\":\"ListItem\",\"position\":3,\"name\":\"MONO Case Vertigo Estuche Bolso Bajo, Negro\"}]},{\"@type\":\"WebSite\",\"@id\":\"https:\\\/\\\/hawaymusic.com\\\/#website\",\"url\":\"https:\\\/\\\/hawaymusic.com\\\/\",\"name\":\"Haway Music\",\"description\":\"La mejor tienda de instrumentos musicales en Ecuador\",\"potentialAction\":[{\"@type\":\"SearchAction\",\"target\":{\"@type\":\"EntryPoint\",\"urlTemplate\":\"https:\\\/\\\/hawaymusic.com\\\/?s={search_term_string}\"},\"query-input\":{\"@type\":\"PropertyValueSpecification\",\"valueRequired\":true,\"valueName\":\"search_term_string\"}}],\"inLanguage\":\"es-CO\"}]}<\/script>\n<!-- \/ Yoast SEO plugin. -->","yoast_head_json":{"title":"MONO Case Vertigo Estuche Bolso Bajo, Negro - Haway Music","robots":{"index":"index","follow":"follow","max-snippet":"max-snippet:-1","max-image-preview":"max-image-preview:large","max-video-preview":"max-video-preview:-1"},"canonical":"https:\/\/hawaymusic.com\/es\/product\/mono-funda-para-guitarra-y-bajo-negro\/","og_locale":"es_ES","og_type":"article","og_title":"MONO Case Vertigo Estuche Bolso Bajo, Negro - Haway Music","og_url":"https:\/\/hawaymusic.com\/es\/product\/mono-funda-para-guitarra-y-bajo-negro\/","og_site_name":"Haway Music","article_modified_time":"2026-01-09T16:04:20+00:00","og_image":[{"width":2048,"height":2048,"url":"https:\/\/i0.wp.com\/hawaymusic.com\/wp-content\/uploads\/2022\/08\/M80-VEB-BLK_1520390767575.webp?fit=2048%2C2048&ssl=1","type":"image\/webp"}],"twitter_card":"summary_large_image","twitter_misc":{"Tiempo de lectura":"2 minutos"},"schema":{"@context":"https:\/\/schema.org","@graph":[{"@type":"WebPage","@id":"https:\/\/hawaymusic.com\/product\/mono-funda-para-guitarra-y-bajo-negro\/","url":"https:\/\/hawaymusic.com\/product\/mono-funda-para-guitarra-y-bajo-negro\/","name":"MONO Case Vertigo Estuche Bolso Bajo, Negro - Haway Music","isPartOf":{"@id":"https:\/\/hawaymusic.com\/#website"},"primaryImageOfPage":{"@id":"https:\/\/hawaymusic.com\/product\/mono-funda-para-guitarra-y-bajo-negro\/#primaryimage"},"image":{"@id":"https:\/\/hawaymusic.com\/product\/mono-funda-para-guitarra-y-bajo-negro\/#primaryimage"},"thumbnailUrl":"https:\/\/i0.wp.com\/hawaymusic.com\/wp-content\/uploads\/2022\/08\/M80-VEB-BLK_1520390767575.webp?fit=2048%2C2048&ssl=1","datePublished":"2022-08-15T22:45:46+00:00","dateModified":"2026-01-09T16:04:20+00:00","breadcrumb":{"@id":"https:\/\/hawaymusic.com\/product\/mono-funda-para-guitarra-y-bajo-negro\/#breadcrumb"},"inLanguage":"es-CO","potentialAction":[{"@type":"ReadAction","target":["https:\/\/hawaymusic.com\/product\/mono-funda-para-guitarra-y-bajo-negro\/"]}]},{"@type":"ImageObject","inLanguage":"es-CO","@id":"https:\/\/hawaymusic.com\/product\/mono-funda-para-guitarra-y-bajo-negro\/#primaryimage","url":"https:\/\/i0.wp.com\/hawaymusic.com\/wp-content\/uploads\/2022\/08\/M80-VEB-BLK_1520390767575.webp?fit=2048%2C2048&ssl=1","contentUrl":"https:\/\/i0.wp.com\/hawaymusic.com\/wp-content\/uploads\/2022\/08\/M80-VEB-BLK_1520390767575.webp?fit=2048%2C2048&ssl=1","width":2048,"height":2048},{"@type":"BreadcrumbList","@id":"https:\/\/hawaymusic.com\/product\/mono-funda-para-guitarra-y-bajo-negro\/#breadcrumb","itemListElement":[{"@type":"ListItem","position":1,"name":"Inicio","item":"https:\/\/hawaymusic.com\/"},{"@type":"ListItem","position":2,"name":"Shop","item":"https:\/\/hawaymusic.com\/shop\/"},{"@type":"ListItem","position":3,"name":"MONO Case Vertigo Estuche Bolso Bajo, Negro"}]},{"@type":"WebSite","@id":"https:\/\/hawaymusic.com\/#website","url":"https:\/\/hawaymusic.com\/","name":"Haway Music","description":"La mejor tienda de instrumentos musicales en Ecuador","potentialAction":[{"@type":"SearchAction","target":{"@type":"EntryPoint","urlTemplate":"https:\/\/hawaymusic.com\/?s={search_term_string}"},"query-input":{"@type":"PropertyValueSpecification","valueRequired":true,"valueName":"search_term_string"}}],"inLanguage":"es-CO"}]}},"jetpack_sharing_enabled":true,"brands":[],"_links":{"self":[{"href":"https:\/\/hawaymusic.com\/es\/wp-json\/wp\/v2\/product\/195","targetHints":{"allow":["GET"]}}],"collection":[{"href":"https:\/\/hawaymusic.com\/es\/wp-json\/wp\/v2\/product"}],"about":[{"href":"https:\/\/hawaymusic.com\/es\/wp-json\/wp\/v2\/types\/product"}],"replies":[{"embeddable":true,"href":"https:\/\/hawaymusic.com\/es\/wp-json\/wp\/v2\/comments?post=195"}],"wp:featuredmedia":[{"embeddable":true,"href":"https:\/\/hawaymusic.com\/es\/wp-json\/wp\/v2\/media\/846"}],"wp:attachment":[{"href":"https:\/\/hawaymusic.com\/es\/wp-json\/wp\/v2\/media?parent=195"}],"wp:term":[{"taxonomy":"pwb-brand","embeddable":true,"href":"https:\/\/hawaymusic.com\/es\/wp-json\/wp\/v2\/pwb-brand?post=195"},{"taxonomy":"product_brand","embeddable":true,"href":"https:\/\/hawaymusic.com\/es\/wp-json\/wp\/v2\/product_brand?post=195"},{"taxonomy":"product_cat","embeddable":true,"href":"https:\/\/hawaymusic.com\/es\/wp-json\/wp\/v2\/product_cat?post=195"},{"taxonomy":"product_tag","embeddable":true,"href":"https:\/\/hawaymusic.com\/es\/wp-json\/wp\/v2\/product_tag?post=195"}],"curies":[{"name":"wp","href":"https:\/\/api.w.org\/{rel}","templated":true}]}}