{"id":190,"date":"2022-08-15T22:42:29","date_gmt":"2022-08-15T22:42:29","guid":{"rendered":"https:\/\/hawaymusic.com\/?post_type=product&#038;p=190"},"modified":"2026-03-15T23:02:05","modified_gmt":"2026-03-15T23:02:05","slug":"mono-vertigo-funda-para-bajo-negro","status":"publish","type":"product","link":"https:\/\/hawaymusic.com\/es\/product\/mono-vertigo-funda-para-bajo-negro\/","title":{"rendered":"MONO Case Vertigo Estuche Bolso Guitarra, Negro"},"content":{"rendered":"<div class=\"wpb-content-wrapper\"><div class=\"vc_row wpb_row vc_row-fluid vc_row-o-content-middle vc_row-flex wd-rs-62facb8fa70b9\"><div class=\"wpb_column vc_column_container vc_col-sm-6\"><div class=\"vc_column-inner\"><div class=\"wpb_wrapper\">\n\t<div class=\"wpb_text_column wpb_content_element\" >\n\t\t<div class=\"wpb_wrapper\">\n\t\t\t<h3 class=\"a-spacing-mini\">Protecci\u00f3n a prueba de ca\u00eddas.<\/h3>\n<p>Otro primero de su tipo, The Boot lleva la protecci\u00f3n de guitarra a un nuevo nivel. Utilizando tecnolog\u00edas de fabricaci\u00f3n de la industria del calzado, el Vertigo rebota de hormig\u00f3n como un par de entrenadores cruzados. Con su suela de goma moldeada personalizada y plantilla EVA, The Boot tambi\u00e9n protege los pasadores de correa de todas las formas y tama\u00f1os de esas desagradables ca\u00eddas verticales.<\/p>\n\n\t\t<\/div>\n\t<\/div>\n<\/div><\/div><\/div><div class=\"wpb_column vc_column_container vc_col-sm-6\"><div class=\"vc_column-inner\"><div class=\"wpb_wrapper\">\t\t<div id=\"wd-62facba38e936\" class=\"wd-image wd-wpb wd-rs-62facba38e936 text-center\">\n\t\t\t\n\t\t\t<img loading=\"lazy\" decoding=\"async\" width=\"300\" height=\"300\" src=\"https:\/\/i0.wp.com\/hawaymusic.com\/wp-content\/uploads\/2022\/08\/047e4b68-cacd-4ab2-bd50-453eed9bb3bb._SR300300_.jpg?fit=300%2C300&amp;ssl=1\" class=\"attachment-full size-full\" alt=\"\" srcset=\"https:\/\/i0.wp.com\/hawaymusic.com\/wp-content\/uploads\/2022\/08\/047e4b68-cacd-4ab2-bd50-453eed9bb3bb._SR300300_.jpg?w=300&amp;ssl=1 300w, https:\/\/i0.wp.com\/hawaymusic.com\/wp-content\/uploads\/2022\/08\/047e4b68-cacd-4ab2-bd50-453eed9bb3bb._SR300300_.jpg?resize=150%2C150&amp;ssl=1 150w\" sizes=\"auto, (max-width: 300px) 100vw, 300px\" \/>\n\t\t\t\t\t<\/div>\n\t\t<\/div><\/div><\/div><\/div><div class=\"vc_row wpb_row vc_row-fluid vc_row-o-content-middle vc_row-flex wd-rs-62facb8fa70b9\"><div class=\"wpb_column vc_column_container vc_col-sm-6\"><div class=\"vc_column-inner\"><div class=\"wpb_wrapper\">\t\t<div id=\"wd-62facbba95a54\" class=\"wd-image wd-wpb wd-rs-62facbba95a54 text-center\">\n\t\t\t\n\t\t\t<img loading=\"lazy\" decoding=\"async\" width=\"300\" height=\"300\" src=\"https:\/\/i0.wp.com\/hawaymusic.com\/wp-content\/uploads\/2022\/08\/41543457-12c2-49ee-92d2-28f39d554ce9._SR300300_.jpg?fit=300%2C300&amp;ssl=1\" class=\"attachment-full size-full\" alt=\"\" srcset=\"https:\/\/i0.wp.com\/hawaymusic.com\/wp-content\/uploads\/2022\/08\/41543457-12c2-49ee-92d2-28f39d554ce9._SR300300_.jpg?w=300&amp;ssl=1 300w, https:\/\/i0.wp.com\/hawaymusic.com\/wp-content\/uploads\/2022\/08\/41543457-12c2-49ee-92d2-28f39d554ce9._SR300300_.jpg?resize=150%2C150&amp;ssl=1 150w\" sizes=\"auto, (max-width: 300px) 100vw, 300px\" \/>\n\t\t\t\t\t<\/div>\n\t\t<\/div><\/div><\/div><div class=\"wpb_column vc_column_container vc_col-sm-6\"><div class=\"vc_column-inner\"><div class=\"wpb_wrapper\">\n\t<div class=\"wpb_text_column wpb_content_element\" >\n\t\t<div class=\"wpb_wrapper\">\n\t\t\t<h3 class=\"a-spacing-mini\">Suspensi\u00f3n de bloqueo para m\u00e1xima protecci\u00f3n del cuello.<\/h3>\n<p>El Vertigo cuenta con un sistema de suspensi\u00f3n de cuello Headlock totalmente redise\u00f1ado. No requiere flejado, hebilla o cintur\u00f3n. No hay pasos adicionales. Solo tienes que meter tu guitarra y el cuello encuentra un punto de descanso natural en la base del Headlock. A continuaci\u00f3n, cierra la funda y la parte superior del Headlock se sujeta autom\u00e1ticamente sobre el cuello, sujet\u00e1ndolo firmemente en su lugar. Su cabezal est\u00e1 ahora totalmente protegido contra ca\u00eddas hacia atr\u00e1s y golpes de lado a lado.<\/p>\n\n\t\t<\/div>\n\t<\/div>\n<\/div><\/div><\/div><\/div>\n<\/div>","protected":false},"excerpt":{"rendered":"<ul>\n<li>Dise\u00f1o de carga superior Paneles de impacto para la cabeza y el cuerpo de ABS Cubierta impermeable de piel de tibur\u00f3n con ribete de goma industrial (sin PVC) Suela exterior de goma moldeada a medida The Boot Bolsillo grande para equipo con bolsillo interior de malla Asa y correas reforzadas con remaches de acero Libre de animales<\/li>\n<li>Caracter\u00edsticas interiores El dise\u00f1o Headlock integral suspende el clavijero y los afinadores La plantilla de EVA protege el cuerpo de la guitarra y el pasador de la correa contra ca\u00eddas verticales Los protectores de cuerdas de nailon de 420 denier evitan enganches y pinchazos El revestimiento de pulido extra suave mantiene los acabados brillantes<\/li>\n<\/ul>","protected":false},"featured_media":774,"comment_status":"open","ping_status":"closed","template":"","meta":[],"pwb-brand":[86],"product_brand":[],"product_cat":[25,47,20],"product_tag":[],"class_list":{"0":"post-190","1":"product","2":"type-product","3":"status-publish","4":"has-post-thumbnail","6":"pwb-brand-mono","7":"product_cat-accesorios","8":"product_cat-estuches","9":"product_cat-guitarra","11":"first","12":"instock","13":"taxable","14":"shipping-taxable","15":"purchasable","16":"product-type-simple"},"yoast_head":"<!-- This site is optimized with the Yoast SEO plugin v27.6 - https:\/\/yoast.com\/product\/yoast-seo-wordpress\/ -->\n<title>MONO Case Vertigo Estuche Bolso Guitarra, Negro - Haway Music<\/title>\n<meta name=\"robots\" content=\"index, follow, max-snippet:-1, max-image-preview:large, max-video-preview:-1\" \/>\n<link rel=\"canonical\" href=\"https:\/\/hawaymusic.com\/es\/product\/mono-vertigo-funda-para-bajo-negro\/\" \/>\n<meta property=\"og:locale\" content=\"es_ES\" \/>\n<meta property=\"og:type\" content=\"article\" \/>\n<meta property=\"og:title\" content=\"MONO Case Vertigo Estuche Bolso Guitarra, Negro - Haway Music\" \/>\n<meta property=\"og:description\" content=\"Dise\u00f1o de carga superior Paneles de impacto para la cabeza y el cuerpo de ABS Cubierta impermeable de piel de tibur\u00f3n con ribete de goma industrial (sin PVC) Suela exterior de goma moldeada a medida The Boot Bolsillo grande para equipo con bolsillo interior de malla Asa y correas reforzadas con remaches de acero Libre de animales  Caracter\u00edsticas interiores El dise\u00f1o Headlock integral suspende el clavijero y los afinadores La plantilla de EVA protege el cuerpo de la guitarra y el pasador de la correa contra ca\u00eddas verticales Los protectores de cuerdas de nailon de 420 denier evitan enganches y pinchazos El revestimiento de pulido extra suave mantiene los acabados brillantes\" \/>\n<meta property=\"og:url\" content=\"https:\/\/hawaymusic.com\/es\/product\/mono-vertigo-funda-para-bajo-negro\/\" \/>\n<meta property=\"og:site_name\" content=\"Haway Music\" \/>\n<meta property=\"article:modified_time\" content=\"2026-03-15T23:02:05+00:00\" \/>\n<meta property=\"og:image\" content=\"https:\/\/hawaymusic.com\/wp-content\/uploads\/2022\/08\/M80-VEG-BLK_1520385114639.webp\" \/>\n\t<meta property=\"og:image:width\" content=\"2048\" \/>\n\t<meta property=\"og:image:height\" content=\"2048\" \/>\n\t<meta property=\"og:image:type\" content=\"image\/webp\" \/>\n<meta name=\"twitter:card\" content=\"summary_large_image\" \/>\n<meta name=\"twitter:label1\" content=\"Tiempo de lectura\" \/>\n\t<meta name=\"twitter:data1\" content=\"2 minutos\" \/>\n<script type=\"application\/ld+json\" class=\"yoast-schema-graph\">{\"@context\":\"https:\\\/\\\/schema.org\",\"@graph\":[{\"@type\":\"WebPage\",\"@id\":\"https:\\\/\\\/hawaymusic.com\\\/product\\\/mono-vertigo-funda-para-bajo-negro\\\/\",\"url\":\"https:\\\/\\\/hawaymusic.com\\\/product\\\/mono-vertigo-funda-para-bajo-negro\\\/\",\"name\":\"MONO Case Vertigo Estuche Bolso Guitarra, Negro - Haway Music\",\"isPartOf\":{\"@id\":\"https:\\\/\\\/hawaymusic.com\\\/#website\"},\"primaryImageOfPage\":{\"@id\":\"https:\\\/\\\/hawaymusic.com\\\/product\\\/mono-vertigo-funda-para-bajo-negro\\\/#primaryimage\"},\"image\":{\"@id\":\"https:\\\/\\\/hawaymusic.com\\\/product\\\/mono-vertigo-funda-para-bajo-negro\\\/#primaryimage\"},\"thumbnailUrl\":\"https:\\\/\\\/i0.wp.com\\\/hawaymusic.com\\\/wp-content\\\/uploads\\\/2022\\\/08\\\/M80-VEG-BLK_1520385114639.webp?fit=2048%2C2048&ssl=1\",\"datePublished\":\"2022-08-15T22:42:29+00:00\",\"dateModified\":\"2026-03-15T23:02:05+00:00\",\"breadcrumb\":{\"@id\":\"https:\\\/\\\/hawaymusic.com\\\/product\\\/mono-vertigo-funda-para-bajo-negro\\\/#breadcrumb\"},\"inLanguage\":\"es-CO\",\"potentialAction\":[{\"@type\":\"ReadAction\",\"target\":[\"https:\\\/\\\/hawaymusic.com\\\/product\\\/mono-vertigo-funda-para-bajo-negro\\\/\"]}]},{\"@type\":\"ImageObject\",\"inLanguage\":\"es-CO\",\"@id\":\"https:\\\/\\\/hawaymusic.com\\\/product\\\/mono-vertigo-funda-para-bajo-negro\\\/#primaryimage\",\"url\":\"https:\\\/\\\/i0.wp.com\\\/hawaymusic.com\\\/wp-content\\\/uploads\\\/2022\\\/08\\\/M80-VEG-BLK_1520385114639.webp?fit=2048%2C2048&ssl=1\",\"contentUrl\":\"https:\\\/\\\/i0.wp.com\\\/hawaymusic.com\\\/wp-content\\\/uploads\\\/2022\\\/08\\\/M80-VEG-BLK_1520385114639.webp?fit=2048%2C2048&ssl=1\",\"width\":2048,\"height\":2048},{\"@type\":\"BreadcrumbList\",\"@id\":\"https:\\\/\\\/hawaymusic.com\\\/product\\\/mono-vertigo-funda-para-bajo-negro\\\/#breadcrumb\",\"itemListElement\":[{\"@type\":\"ListItem\",\"position\":1,\"name\":\"Inicio\",\"item\":\"https:\\\/\\\/hawaymusic.com\\\/\"},{\"@type\":\"ListItem\",\"position\":2,\"name\":\"Shop\",\"item\":\"https:\\\/\\\/hawaymusic.com\\\/shop\\\/\"},{\"@type\":\"ListItem\",\"position\":3,\"name\":\"MONO Case Vertigo Estuche Bolso Guitarra, Negro\"}]},{\"@type\":\"WebSite\",\"@id\":\"https:\\\/\\\/hawaymusic.com\\\/#website\",\"url\":\"https:\\\/\\\/hawaymusic.com\\\/\",\"name\":\"Haway Music\",\"description\":\"La mejor tienda de instrumentos musicales en Ecuador\",\"potentialAction\":[{\"@type\":\"SearchAction\",\"target\":{\"@type\":\"EntryPoint\",\"urlTemplate\":\"https:\\\/\\\/hawaymusic.com\\\/?s={search_term_string}\"},\"query-input\":{\"@type\":\"PropertyValueSpecification\",\"valueRequired\":true,\"valueName\":\"search_term_string\"}}],\"inLanguage\":\"es-CO\"}]}<\/script>\n<!-- \/ Yoast SEO plugin. -->","yoast_head_json":{"title":"MONO Case Vertigo Estuche Bolso Guitarra, Negro - Haway Music","robots":{"index":"index","follow":"follow","max-snippet":"max-snippet:-1","max-image-preview":"max-image-preview:large","max-video-preview":"max-video-preview:-1"},"canonical":"https:\/\/hawaymusic.com\/es\/product\/mono-vertigo-funda-para-bajo-negro\/","og_locale":"es_ES","og_type":"article","og_title":"MONO Case Vertigo Estuche Bolso Guitarra, Negro - Haway Music","og_description":"Dise\u00f1o de carga superior Paneles de impacto para la cabeza y el cuerpo de ABS Cubierta impermeable de piel de tibur\u00f3n con ribete de goma industrial (sin PVC) Suela exterior de goma moldeada a medida The Boot Bolsillo grande para equipo con bolsillo interior de malla Asa y correas reforzadas con remaches de acero Libre de animales  Caracter\u00edsticas interiores El dise\u00f1o Headlock integral suspende el clavijero y los afinadores La plantilla de EVA protege el cuerpo de la guitarra y el pasador de la correa contra ca\u00eddas verticales Los protectores de cuerdas de nailon de 420 denier evitan enganches y pinchazos El revestimiento de pulido extra suave mantiene los acabados brillantes","og_url":"https:\/\/hawaymusic.com\/es\/product\/mono-vertigo-funda-para-bajo-negro\/","og_site_name":"Haway Music","article_modified_time":"2026-03-15T23:02:05+00:00","og_image":[{"width":2048,"height":2048,"url":"https:\/\/hawaymusic.com\/wp-content\/uploads\/2022\/08\/M80-VEG-BLK_1520385114639.webp","type":"image\/webp"}],"twitter_card":"summary_large_image","twitter_misc":{"Tiempo de lectura":"2 minutos"},"schema":{"@context":"https:\/\/schema.org","@graph":[{"@type":"WebPage","@id":"https:\/\/hawaymusic.com\/product\/mono-vertigo-funda-para-bajo-negro\/","url":"https:\/\/hawaymusic.com\/product\/mono-vertigo-funda-para-bajo-negro\/","name":"MONO Case Vertigo Estuche Bolso Guitarra, Negro - Haway Music","isPartOf":{"@id":"https:\/\/hawaymusic.com\/#website"},"primaryImageOfPage":{"@id":"https:\/\/hawaymusic.com\/product\/mono-vertigo-funda-para-bajo-negro\/#primaryimage"},"image":{"@id":"https:\/\/hawaymusic.com\/product\/mono-vertigo-funda-para-bajo-negro\/#primaryimage"},"thumbnailUrl":"https:\/\/i0.wp.com\/hawaymusic.com\/wp-content\/uploads\/2022\/08\/M80-VEG-BLK_1520385114639.webp?fit=2048%2C2048&ssl=1","datePublished":"2022-08-15T22:42:29+00:00","dateModified":"2026-03-15T23:02:05+00:00","breadcrumb":{"@id":"https:\/\/hawaymusic.com\/product\/mono-vertigo-funda-para-bajo-negro\/#breadcrumb"},"inLanguage":"es-CO","potentialAction":[{"@type":"ReadAction","target":["https:\/\/hawaymusic.com\/product\/mono-vertigo-funda-para-bajo-negro\/"]}]},{"@type":"ImageObject","inLanguage":"es-CO","@id":"https:\/\/hawaymusic.com\/product\/mono-vertigo-funda-para-bajo-negro\/#primaryimage","url":"https:\/\/i0.wp.com\/hawaymusic.com\/wp-content\/uploads\/2022\/08\/M80-VEG-BLK_1520385114639.webp?fit=2048%2C2048&ssl=1","contentUrl":"https:\/\/i0.wp.com\/hawaymusic.com\/wp-content\/uploads\/2022\/08\/M80-VEG-BLK_1520385114639.webp?fit=2048%2C2048&ssl=1","width":2048,"height":2048},{"@type":"BreadcrumbList","@id":"https:\/\/hawaymusic.com\/product\/mono-vertigo-funda-para-bajo-negro\/#breadcrumb","itemListElement":[{"@type":"ListItem","position":1,"name":"Inicio","item":"https:\/\/hawaymusic.com\/"},{"@type":"ListItem","position":2,"name":"Shop","item":"https:\/\/hawaymusic.com\/shop\/"},{"@type":"ListItem","position":3,"name":"MONO Case Vertigo Estuche Bolso Guitarra, Negro"}]},{"@type":"WebSite","@id":"https:\/\/hawaymusic.com\/#website","url":"https:\/\/hawaymusic.com\/","name":"Haway Music","description":"La mejor tienda de instrumentos musicales en Ecuador","potentialAction":[{"@type":"SearchAction","target":{"@type":"EntryPoint","urlTemplate":"https:\/\/hawaymusic.com\/?s={search_term_string}"},"query-input":{"@type":"PropertyValueSpecification","valueRequired":true,"valueName":"search_term_string"}}],"inLanguage":"es-CO"}]}},"jetpack_sharing_enabled":true,"brands":[{"id":86,"name":"Mono","slug":"mono"}],"_links":{"self":[{"href":"https:\/\/hawaymusic.com\/es\/wp-json\/wp\/v2\/product\/190","targetHints":{"allow":["GET"]}}],"collection":[{"href":"https:\/\/hawaymusic.com\/es\/wp-json\/wp\/v2\/product"}],"about":[{"href":"https:\/\/hawaymusic.com\/es\/wp-json\/wp\/v2\/types\/product"}],"replies":[{"embeddable":true,"href":"https:\/\/hawaymusic.com\/es\/wp-json\/wp\/v2\/comments?post=190"}],"wp:featuredmedia":[{"embeddable":true,"href":"https:\/\/hawaymusic.com\/es\/wp-json\/wp\/v2\/media\/774"}],"wp:attachment":[{"href":"https:\/\/hawaymusic.com\/es\/wp-json\/wp\/v2\/media?parent=190"}],"wp:term":[{"taxonomy":"pwb-brand","embeddable":true,"href":"https:\/\/hawaymusic.com\/es\/wp-json\/wp\/v2\/pwb-brand?post=190"},{"taxonomy":"product_brand","embeddable":true,"href":"https:\/\/hawaymusic.com\/es\/wp-json\/wp\/v2\/product_brand?post=190"},{"taxonomy":"product_cat","embeddable":true,"href":"https:\/\/hawaymusic.com\/es\/wp-json\/wp\/v2\/product_cat?post=190"},{"taxonomy":"product_tag","embeddable":true,"href":"https:\/\/hawaymusic.com\/es\/wp-json\/wp\/v2\/product_tag?post=190"}],"curies":[{"name":"wp","href":"https:\/\/api.w.org\/{rel}","templated":true}]}}