{"id":183,"date":"2022-08-15T22:20:40","date_gmt":"2022-08-15T22:20:40","guid":{"rendered":"https:\/\/hawaymusic.com\/?post_type=product&#038;p=183"},"modified":"2026-04-15T02:50:55","modified_gmt":"2026-04-15T02:50:55","slug":"microfono-cardioide-dinamico-shure-sm57-lc-negro","status":"publish","type":"product","link":"https:\/\/hawaymusic.com\/es\/product\/microfono-cardioide-dinamico-shure-sm57-lc-negro\/","title":{"rendered":"Shure SM57 Micr\u00f3fono Cardioide Din\u00e1mico, Negro"},"content":{"rendered":"<p><strong>Descripci\u00f3n del producto<\/strong><br \/>\nEl Shure SM57 es un accesorio en el negocio de la m\u00fasica. Lo ves en todas partes. En clubes peque\u00f1os y estadios de 100.000 asientos. Este micr\u00f3fono de renombre es utilizado por artistas legendarios y por los reci\u00e9n llegados. Lo que quiz\u00e1s no hayas visto son los miles de SM57 trabajando detr\u00e1s de escena en los estudios de grabaci\u00f3n profesionales de todo el mundo. De hecho, probablemente lo encontrar\u00e1s en m\u00e1s estudios que cualquier otro micr\u00f3fono. No es sorprendente. El SM57 din\u00e1mico unidireccional ha establecido el est\u00e1ndar de la industria al definir la forma en que deben sonar los instrumentos. Es por eso que lo utiliza cualquier m\u00fasico serio o profesional de la grabaci\u00f3n. Su sonido c\u00e1lido y limpio junto con su presencia cuidadosamente contorneada lo hacen ideal para una amplia gama de aplicaciones de microfon\u00eda de instrumentos, en particular amplificadores de guitarra y bater\u00eda. El SM57 cuenta con un patr\u00f3n de captaci\u00f3n cardioide uniforme que a\u00edsla la fuente de sonido principal y minimiza el ruido de fondo.<\/p>\n<p><strong>Desde el fabricante<\/strong><br \/>\nPocos micr\u00f3fonos tienen la reputaci\u00f3n de calidad y durabilidad que el SM57 ha construido desde que sali\u00f3 al mercado por primera vez en 1965. Desde entonces, este producto ha sido un punto de referencia de la industria con el que se han comparado todos los dem\u00e1s micr\u00f3fonos de estudio. Se puede ver en cualquier lugar, desde clubes peque\u00f1os hasta estadios deportivos, y ha sido utilizado en el estudio por muchos de los mejores m\u00fasicos del mundo. El Shure SM57 tambi\u00e9n es el micr\u00f3fono elegido por la Casa Blanca, ya que proporciona proyecci\u00f3n de voz para el presidente desde la d\u00e9cada de 1970.<\/p>\n<p><strong>Construcci\u00f3n de Shure en la que puede confiar<\/strong><br \/>\nLa marca Shure garantiza un producto duradero que puede resistir a\u00f1os de uso en la carretera o en el estudio. El SM57 se someti\u00f3 a la famosa prueba de ca\u00edda de Shure, en la que el micr\u00f3fono se dej\u00f3 caer diez veces desde una altura de diez pies sin p\u00e9rdida en la calidad de entrada. Los compradores pueden confiar en la durabilidad de este micr\u00f3fono, exponi\u00e9ndolo a horas en el estudio oa los elementos de una actuaci\u00f3n al aire libre. El SM57 utiliza un patr\u00f3n de captaci\u00f3n cardioide para enfocarse espec\u00edficamente en una fuente, rechazando el audio desde fuera del \u00e1rea de captaci\u00f3n. Esto tambi\u00e9n puede ser una gran ventaja en presentaciones en vivo, ya que puede colocar el micr\u00f3fono donde desee y no preocuparse por la retroalimentaci\u00f3n.<\/p>\n<p><strong>Calidad de sonido presidencial<\/strong><br \/>\nEl SM57 es uno de los micr\u00f3fonos m\u00e1s vers\u00e1tiles del mercado. Este producto din\u00e1mico puede manejar los niveles de presi\u00f3n de sonido m\u00e1s altos sin distorsi\u00f3n, lo que lo convierte en la elecci\u00f3n perfecta para grabar instrumentos de alto volumen como la bater\u00eda. Muchas grabaciones exitosas cuentan con el SM57 en la caja, ya que puede manejar el ruido sin distorsi\u00f3n. Este producto tambi\u00e9n es perfecto para usar con amplificadores de alto volumen. El SM57 incluso puede manejar la grabaci\u00f3n de primeros planos en amplificadores de media pila que son terriblemente altos para los o\u00eddos humanos. Este micr\u00f3fono lo ayudar\u00e1 a brindar la sensaci\u00f3n de una actuaci\u00f3n en vivo a sus grabaciones para una mejor representaci\u00f3n de su m\u00fasica. Si bien este micr\u00f3fono es conocido por usarse en el estudio para grabar los sonidos de instrumentos de percusi\u00f3n, viento y cuerda, tambi\u00e9n proporciona una grabaci\u00f3n vocal de alta calidad. Ya sea que lo use para palabras habladas o voces, el SM57 brindar\u00e1 un sonido impecable y eliminar\u00e1 los ruidos de fondo. Debido a su confiabilidad, aislamiento de sonido y reproducci\u00f3n de sonido de calidad, el SM57 se ha utilizado en el podio de los discursos presidenciales durante los \u00faltimos 40 a\u00f1os.<\/p>\n<p>El SM57 se diferencia de los micr\u00f3fonos que se fabrican \u00fanicamente para captar voces en muchos aspectos. Los micr\u00f3fonos vocales como el SM58 tienen su frecuencia marcada en un cierto rango que es com\u00fan en la mayor\u00eda de los cantantes, mejorando la captaci\u00f3n de la voz humana de ese micr\u00f3fono. El SM57 no tiene esta afinaci\u00f3n espec\u00edfica, por lo que puede manejar frecuencias en una escala mucho m\u00e1s amplia, con una respuesta de 40 Hz a 15 KHz. Sin esta afinaci\u00f3n, el micr\u00f3fono capta el sonido exactamente como se reproduce, creando una grabaci\u00f3n perfecta cada vez. Esto es incluso preferido por algunos vocalistas que solo quieren la entrada en bruto de su voz sin afinar en absoluto.<\/p>","protected":false},"excerpt":{"rendered":"<ul>\n<li>La respuesta de frecuencia contorneada es una reproducci\u00f3n instrumental limpia y una captaci\u00f3n vocal rica<\/li>\n<li>Reproducci\u00f3n de calidad profesional para micr\u00f3fonos de bater\u00eda, precusi\u00f3n y amplificadores de instrumentos<\/li>\n<li>El patr\u00f3n de captaci\u00f3n cardioide uniforme a\u00edsla la fuente principal y reduce el ruido de fondo<\/li>\n<li>Extremadamente duradero bajo el uso m\u00e1s intenso. Respuesta de frecuencia 40 a 15,000 Hz<\/li>\n<li>Conectividad: Al\u00e1mbrico.<\/li>\n<\/ul>","protected":false},"featured_media":184,"comment_status":"open","ping_status":"closed","template":"","meta":[],"pwb-brand":[],"product_brand":[],"product_cat":[43],"product_tag":[],"class_list":{"0":"post-183","1":"product","2":"type-product","3":"status-publish","4":"has-post-thumbnail","6":"product_cat-microfonos","8":"first","9":"instock","10":"taxable","11":"shipping-taxable","12":"purchasable","13":"product-type-simple"},"yoast_head":"<!-- This site is optimized with the Yoast SEO plugin v27.6 - https:\/\/yoast.com\/product\/yoast-seo-wordpress\/ -->\n<title>Shure SM57 Micr\u00f3fono Cardioide Din\u00e1mico, Negro - Haway Music<\/title>\n<meta name=\"robots\" content=\"index, follow, max-snippet:-1, max-image-preview:large, max-video-preview:-1\" \/>\n<link rel=\"canonical\" href=\"https:\/\/hawaymusic.com\/es\/product\/microfono-cardioide-dinamico-shure-sm57-lc-negro\/\" \/>\n<meta property=\"og:locale\" content=\"es_ES\" \/>\n<meta property=\"og:type\" content=\"article\" \/>\n<meta property=\"og:title\" content=\"Shure SM57 Micr\u00f3fono Cardioide Din\u00e1mico, Negro - Haway Music\" \/>\n<meta property=\"og:description\" content=\"La respuesta de frecuencia contorneada es una reproducci\u00f3n instrumental limpia y una captaci\u00f3n vocal rica  Reproducci\u00f3n de calidad profesional para micr\u00f3fonos de bater\u00eda, precusi\u00f3n y amplificadores de instrumentos  El patr\u00f3n de captaci\u00f3n cardioide uniforme a\u00edsla la fuente principal y reduce el ruido de fondo  Extremadamente duradero bajo el uso m\u00e1s intenso. Respuesta de frecuencia 40 a 15,000 Hz  Conectividad: Al\u00e1mbrico.\" \/>\n<meta property=\"og:url\" content=\"https:\/\/hawaymusic.com\/es\/product\/microfono-cardioide-dinamico-shure-sm57-lc-negro\/\" \/>\n<meta property=\"og:site_name\" content=\"Haway Music\" \/>\n<meta property=\"article:modified_time\" content=\"2026-04-15T02:50:55+00:00\" \/>\n<meta property=\"og:image\" content=\"https:\/\/hawaymusic.com\/wp-content\/uploads\/2022\/08\/shure-1.jpg\" \/>\n\t<meta property=\"og:image:width\" content=\"1080\" \/>\n\t<meta property=\"og:image:height\" content=\"1080\" \/>\n\t<meta property=\"og:image:type\" content=\"image\/jpeg\" \/>\n<meta name=\"twitter:card\" content=\"summary_large_image\" \/>\n<meta name=\"twitter:label1\" content=\"Tiempo de lectura\" \/>\n\t<meta name=\"twitter:data1\" content=\"4 minutos\" \/>\n<script type=\"application\/ld+json\" class=\"yoast-schema-graph\">{\"@context\":\"https:\\\/\\\/schema.org\",\"@graph\":[{\"@type\":\"WebPage\",\"@id\":\"https:\\\/\\\/hawaymusic.com\\\/product\\\/microfono-cardioide-dinamico-shure-sm57-lc-negro\\\/\",\"url\":\"https:\\\/\\\/hawaymusic.com\\\/product\\\/microfono-cardioide-dinamico-shure-sm57-lc-negro\\\/\",\"name\":\"Shure SM57 Micr\u00f3fono Cardioide Din\u00e1mico, Negro - Haway Music\",\"isPartOf\":{\"@id\":\"https:\\\/\\\/hawaymusic.com\\\/#website\"},\"primaryImageOfPage\":{\"@id\":\"https:\\\/\\\/hawaymusic.com\\\/product\\\/microfono-cardioide-dinamico-shure-sm57-lc-negro\\\/#primaryimage\"},\"image\":{\"@id\":\"https:\\\/\\\/hawaymusic.com\\\/product\\\/microfono-cardioide-dinamico-shure-sm57-lc-negro\\\/#primaryimage\"},\"thumbnailUrl\":\"https:\\\/\\\/i0.wp.com\\\/hawaymusic.com\\\/wp-content\\\/uploads\\\/2022\\\/08\\\/shure-1.jpg?fit=1080%2C1080&ssl=1\",\"datePublished\":\"2022-08-15T22:20:40+00:00\",\"dateModified\":\"2026-04-15T02:50:55+00:00\",\"breadcrumb\":{\"@id\":\"https:\\\/\\\/hawaymusic.com\\\/product\\\/microfono-cardioide-dinamico-shure-sm57-lc-negro\\\/#breadcrumb\"},\"inLanguage\":\"es-CO\",\"potentialAction\":[{\"@type\":\"ReadAction\",\"target\":[\"https:\\\/\\\/hawaymusic.com\\\/product\\\/microfono-cardioide-dinamico-shure-sm57-lc-negro\\\/\"]}]},{\"@type\":\"ImageObject\",\"inLanguage\":\"es-CO\",\"@id\":\"https:\\\/\\\/hawaymusic.com\\\/product\\\/microfono-cardioide-dinamico-shure-sm57-lc-negro\\\/#primaryimage\",\"url\":\"https:\\\/\\\/i0.wp.com\\\/hawaymusic.com\\\/wp-content\\\/uploads\\\/2022\\\/08\\\/shure-1.jpg?fit=1080%2C1080&ssl=1\",\"contentUrl\":\"https:\\\/\\\/i0.wp.com\\\/hawaymusic.com\\\/wp-content\\\/uploads\\\/2022\\\/08\\\/shure-1.jpg?fit=1080%2C1080&ssl=1\",\"width\":1080,\"height\":1080},{\"@type\":\"BreadcrumbList\",\"@id\":\"https:\\\/\\\/hawaymusic.com\\\/product\\\/microfono-cardioide-dinamico-shure-sm57-lc-negro\\\/#breadcrumb\",\"itemListElement\":[{\"@type\":\"ListItem\",\"position\":1,\"name\":\"Inicio\",\"item\":\"https:\\\/\\\/hawaymusic.com\\\/\"},{\"@type\":\"ListItem\",\"position\":2,\"name\":\"Shop\",\"item\":\"https:\\\/\\\/hawaymusic.com\\\/shop\\\/\"},{\"@type\":\"ListItem\",\"position\":3,\"name\":\"Shure SM57 Micr\u00f3fono Cardioide Din\u00e1mico, Negro\"}]},{\"@type\":\"WebSite\",\"@id\":\"https:\\\/\\\/hawaymusic.com\\\/#website\",\"url\":\"https:\\\/\\\/hawaymusic.com\\\/\",\"name\":\"Haway Music\",\"description\":\"La mejor tienda de instrumentos musicales en Ecuador\",\"potentialAction\":[{\"@type\":\"SearchAction\",\"target\":{\"@type\":\"EntryPoint\",\"urlTemplate\":\"https:\\\/\\\/hawaymusic.com\\\/?s={search_term_string}\"},\"query-input\":{\"@type\":\"PropertyValueSpecification\",\"valueRequired\":true,\"valueName\":\"search_term_string\"}}],\"inLanguage\":\"es-CO\"}]}<\/script>\n<!-- \/ Yoast SEO plugin. -->","yoast_head_json":{"title":"Shure SM57 Micr\u00f3fono Cardioide Din\u00e1mico, Negro - Haway Music","robots":{"index":"index","follow":"follow","max-snippet":"max-snippet:-1","max-image-preview":"max-image-preview:large","max-video-preview":"max-video-preview:-1"},"canonical":"https:\/\/hawaymusic.com\/es\/product\/microfono-cardioide-dinamico-shure-sm57-lc-negro\/","og_locale":"es_ES","og_type":"article","og_title":"Shure SM57 Micr\u00f3fono Cardioide Din\u00e1mico, Negro - Haway Music","og_description":"La respuesta de frecuencia contorneada es una reproducci\u00f3n instrumental limpia y una captaci\u00f3n vocal rica  Reproducci\u00f3n de calidad profesional para micr\u00f3fonos de bater\u00eda, precusi\u00f3n y amplificadores de instrumentos  El patr\u00f3n de captaci\u00f3n cardioide uniforme a\u00edsla la fuente principal y reduce el ruido de fondo  Extremadamente duradero bajo el uso m\u00e1s intenso. Respuesta de frecuencia 40 a 15,000 Hz  Conectividad: Al\u00e1mbrico.","og_url":"https:\/\/hawaymusic.com\/es\/product\/microfono-cardioide-dinamico-shure-sm57-lc-negro\/","og_site_name":"Haway Music","article_modified_time":"2026-04-15T02:50:55+00:00","og_image":[{"width":1080,"height":1080,"url":"https:\/\/hawaymusic.com\/wp-content\/uploads\/2022\/08\/shure-1.jpg","type":"image\/jpeg"}],"twitter_card":"summary_large_image","twitter_misc":{"Tiempo de lectura":"4 minutos"},"schema":{"@context":"https:\/\/schema.org","@graph":[{"@type":"WebPage","@id":"https:\/\/hawaymusic.com\/product\/microfono-cardioide-dinamico-shure-sm57-lc-negro\/","url":"https:\/\/hawaymusic.com\/product\/microfono-cardioide-dinamico-shure-sm57-lc-negro\/","name":"Shure SM57 Micr\u00f3fono Cardioide Din\u00e1mico, Negro - Haway Music","isPartOf":{"@id":"https:\/\/hawaymusic.com\/#website"},"primaryImageOfPage":{"@id":"https:\/\/hawaymusic.com\/product\/microfono-cardioide-dinamico-shure-sm57-lc-negro\/#primaryimage"},"image":{"@id":"https:\/\/hawaymusic.com\/product\/microfono-cardioide-dinamico-shure-sm57-lc-negro\/#primaryimage"},"thumbnailUrl":"https:\/\/i0.wp.com\/hawaymusic.com\/wp-content\/uploads\/2022\/08\/shure-1.jpg?fit=1080%2C1080&ssl=1","datePublished":"2022-08-15T22:20:40+00:00","dateModified":"2026-04-15T02:50:55+00:00","breadcrumb":{"@id":"https:\/\/hawaymusic.com\/product\/microfono-cardioide-dinamico-shure-sm57-lc-negro\/#breadcrumb"},"inLanguage":"es-CO","potentialAction":[{"@type":"ReadAction","target":["https:\/\/hawaymusic.com\/product\/microfono-cardioide-dinamico-shure-sm57-lc-negro\/"]}]},{"@type":"ImageObject","inLanguage":"es-CO","@id":"https:\/\/hawaymusic.com\/product\/microfono-cardioide-dinamico-shure-sm57-lc-negro\/#primaryimage","url":"https:\/\/i0.wp.com\/hawaymusic.com\/wp-content\/uploads\/2022\/08\/shure-1.jpg?fit=1080%2C1080&ssl=1","contentUrl":"https:\/\/i0.wp.com\/hawaymusic.com\/wp-content\/uploads\/2022\/08\/shure-1.jpg?fit=1080%2C1080&ssl=1","width":1080,"height":1080},{"@type":"BreadcrumbList","@id":"https:\/\/hawaymusic.com\/product\/microfono-cardioide-dinamico-shure-sm57-lc-negro\/#breadcrumb","itemListElement":[{"@type":"ListItem","position":1,"name":"Inicio","item":"https:\/\/hawaymusic.com\/"},{"@type":"ListItem","position":2,"name":"Shop","item":"https:\/\/hawaymusic.com\/shop\/"},{"@type":"ListItem","position":3,"name":"Shure SM57 Micr\u00f3fono Cardioide Din\u00e1mico, Negro"}]},{"@type":"WebSite","@id":"https:\/\/hawaymusic.com\/#website","url":"https:\/\/hawaymusic.com\/","name":"Haway Music","description":"La mejor tienda de instrumentos musicales en Ecuador","potentialAction":[{"@type":"SearchAction","target":{"@type":"EntryPoint","urlTemplate":"https:\/\/hawaymusic.com\/?s={search_term_string}"},"query-input":{"@type":"PropertyValueSpecification","valueRequired":true,"valueName":"search_term_string"}}],"inLanguage":"es-CO"}]}},"jetpack_sharing_enabled":true,"brands":[],"_links":{"self":[{"href":"https:\/\/hawaymusic.com\/es\/wp-json\/wp\/v2\/product\/183","targetHints":{"allow":["GET"]}}],"collection":[{"href":"https:\/\/hawaymusic.com\/es\/wp-json\/wp\/v2\/product"}],"about":[{"href":"https:\/\/hawaymusic.com\/es\/wp-json\/wp\/v2\/types\/product"}],"replies":[{"embeddable":true,"href":"https:\/\/hawaymusic.com\/es\/wp-json\/wp\/v2\/comments?post=183"}],"wp:featuredmedia":[{"embeddable":true,"href":"https:\/\/hawaymusic.com\/es\/wp-json\/wp\/v2\/media\/184"}],"wp:attachment":[{"href":"https:\/\/hawaymusic.com\/es\/wp-json\/wp\/v2\/media?parent=183"}],"wp:term":[{"taxonomy":"pwb-brand","embeddable":true,"href":"https:\/\/hawaymusic.com\/es\/wp-json\/wp\/v2\/pwb-brand?post=183"},{"taxonomy":"product_brand","embeddable":true,"href":"https:\/\/hawaymusic.com\/es\/wp-json\/wp\/v2\/product_brand?post=183"},{"taxonomy":"product_cat","embeddable":true,"href":"https:\/\/hawaymusic.com\/es\/wp-json\/wp\/v2\/product_cat?post=183"},{"taxonomy":"product_tag","embeddable":true,"href":"https:\/\/hawaymusic.com\/es\/wp-json\/wp\/v2\/product_tag?post=183"}],"curies":[{"name":"wp","href":"https:\/\/api.w.org\/{rel}","templated":true}]}}