{"id":101,"date":"2022-08-11T23:24:15","date_gmt":"2022-08-11T23:24:15","guid":{"rendered":"https:\/\/hawaymusic.com\/?post_type=product&#038;p=101"},"modified":"2022-12-13T17:09:53","modified_gmt":"2022-12-13T17:09:53","slug":"orange-crush-conector-en-angulo-a-recto-color-naranja","status":"publish","type":"product","link":"https:\/\/hawaymusic.com\/es\/product\/orange-crush-conector-en-angulo-a-recto-color-naranja\/","title":{"rendered":"Orange Crush Cable Instrumento 6 Metros , color naranja"},"content":{"rendered":"<p><strong>CABLES DE CONEXI\u00d3N, INSTRUMENTOS Y ALTAVOCES DE CONFIANZA<\/strong><\/p>\n<p>Los cables Orange Crush est\u00e1n fabricados con los mejores componentes disponibles, incluido el cobre libre de ox\u00edgeno de la m\u00e1s alta calidad para una \u00f3ptima claridad y articulaci\u00f3n de la se\u00f1al. Los conectores de 1\/4\u2033 est\u00e1n niquelados para una mayor resistencia a la corrosi\u00f3n y permiten una gran conductividad, mientras que las diversas capas de protecci\u00f3n reducen al m\u00ednimo el ruido de manejo y la interferencia electromagn\u00e9tica. El manguito exterior est\u00e1 termorretr\u00e1ctil en cada extremo, lo que protege el cable interior contra da\u00f1os en el escenario y reduce el estr\u00e9s y la tensi\u00f3n en los terminales.<\/p>","protected":false},"excerpt":{"rendered":"<p>CABLES DE CONEXI\u00d3N, INSTRUMENTOS Y ALTAVOCES DE CONFIANZA Los cables Orange Crush est\u00e1n fabricados con los mejores componentes disponibles, incluido<\/p>","protected":false},"featured_media":102,"comment_status":"open","ping_status":"closed","template":"","meta":[],"pwb-brand":[],"product_brand":[],"product_cat":[25,40],"product_tag":[],"class_list":{"0":"post-101","1":"product","2":"type-product","3":"status-publish","4":"has-post-thumbnail","6":"product_cat-accesorios","7":"product_cat-cables","9":"first","10":"instock","11":"taxable","12":"shipping-taxable","13":"purchasable","14":"product-type-simple"},"yoast_head":"<!-- This site is optimized with the Yoast SEO plugin v27.5 - https:\/\/yoast.com\/product\/yoast-seo-wordpress\/ -->\n<title>Orange Crush Cable Instrumento 6 Metros , color naranja - Haway Music<\/title>\n<meta name=\"robots\" content=\"index, follow, max-snippet:-1, max-image-preview:large, max-video-preview:-1\" \/>\n<link rel=\"canonical\" href=\"https:\/\/hawaymusic.com\/es\/product\/orange-crush-conector-en-angulo-a-recto-color-naranja\/\" \/>\n<meta property=\"og:locale\" content=\"es_ES\" \/>\n<meta property=\"og:type\" content=\"article\" \/>\n<meta property=\"og:title\" content=\"Orange Crush Cable Instrumento 6 Metros , color naranja - Haway Music\" \/>\n<meta property=\"og:description\" content=\"CABLES DE CONEXI\u00d3N, INSTRUMENTOS Y ALTAVOCES DE CONFIANZA Los cables Orange Crush est\u00e1n fabricados con los mejores componentes disponibles, incluido\" \/>\n<meta property=\"og:url\" content=\"https:\/\/hawaymusic.com\/es\/product\/orange-crush-conector-en-angulo-a-recto-color-naranja\/\" \/>\n<meta property=\"og:site_name\" content=\"Haway Music\" \/>\n<meta property=\"article:modified_time\" content=\"2022-12-13T17:09:53+00:00\" \/>\n<meta property=\"og:image\" content=\"https:\/\/hawaymusic.com\/wp-content\/uploads\/2022\/08\/orange-1.jpg\" \/>\n\t<meta property=\"og:image:width\" content=\"1080\" \/>\n\t<meta property=\"og:image:height\" content=\"1080\" \/>\n\t<meta property=\"og:image:type\" content=\"image\/jpeg\" \/>\n<meta name=\"twitter:card\" content=\"summary_large_image\" \/>\n<meta name=\"twitter:label1\" content=\"Tiempo de lectura\" \/>\n\t<meta name=\"twitter:data1\" content=\"1 minuto\" \/>\n<script type=\"application\/ld+json\" class=\"yoast-schema-graph\">{\"@context\":\"https:\\\/\\\/schema.org\",\"@graph\":[{\"@type\":\"WebPage\",\"@id\":\"https:\\\/\\\/hawaymusic.com\\\/product\\\/orange-crush-conector-en-angulo-a-recto-color-naranja\\\/\",\"url\":\"https:\\\/\\\/hawaymusic.com\\\/product\\\/orange-crush-conector-en-angulo-a-recto-color-naranja\\\/\",\"name\":\"Orange Crush Cable Instrumento 6 Metros , color naranja - Haway Music\",\"isPartOf\":{\"@id\":\"https:\\\/\\\/hawaymusic.com\\\/#website\"},\"primaryImageOfPage\":{\"@id\":\"https:\\\/\\\/hawaymusic.com\\\/product\\\/orange-crush-conector-en-angulo-a-recto-color-naranja\\\/#primaryimage\"},\"image\":{\"@id\":\"https:\\\/\\\/hawaymusic.com\\\/product\\\/orange-crush-conector-en-angulo-a-recto-color-naranja\\\/#primaryimage\"},\"thumbnailUrl\":\"https:\\\/\\\/i0.wp.com\\\/hawaymusic.com\\\/wp-content\\\/uploads\\\/2022\\\/08\\\/orange-1.jpg?fit=1080%2C1080&ssl=1\",\"datePublished\":\"2022-08-11T23:24:15+00:00\",\"dateModified\":\"2022-12-13T17:09:53+00:00\",\"breadcrumb\":{\"@id\":\"https:\\\/\\\/hawaymusic.com\\\/product\\\/orange-crush-conector-en-angulo-a-recto-color-naranja\\\/#breadcrumb\"},\"inLanguage\":\"es-CO\",\"potentialAction\":[{\"@type\":\"ReadAction\",\"target\":[\"https:\\\/\\\/hawaymusic.com\\\/product\\\/orange-crush-conector-en-angulo-a-recto-color-naranja\\\/\"]}]},{\"@type\":\"ImageObject\",\"inLanguage\":\"es-CO\",\"@id\":\"https:\\\/\\\/hawaymusic.com\\\/product\\\/orange-crush-conector-en-angulo-a-recto-color-naranja\\\/#primaryimage\",\"url\":\"https:\\\/\\\/i0.wp.com\\\/hawaymusic.com\\\/wp-content\\\/uploads\\\/2022\\\/08\\\/orange-1.jpg?fit=1080%2C1080&ssl=1\",\"contentUrl\":\"https:\\\/\\\/i0.wp.com\\\/hawaymusic.com\\\/wp-content\\\/uploads\\\/2022\\\/08\\\/orange-1.jpg?fit=1080%2C1080&ssl=1\",\"width\":1080,\"height\":1080},{\"@type\":\"BreadcrumbList\",\"@id\":\"https:\\\/\\\/hawaymusic.com\\\/product\\\/orange-crush-conector-en-angulo-a-recto-color-naranja\\\/#breadcrumb\",\"itemListElement\":[{\"@type\":\"ListItem\",\"position\":1,\"name\":\"Inicio\",\"item\":\"https:\\\/\\\/hawaymusic.com\\\/\"},{\"@type\":\"ListItem\",\"position\":2,\"name\":\"Shop\",\"item\":\"https:\\\/\\\/hawaymusic.com\\\/shop\\\/\"},{\"@type\":\"ListItem\",\"position\":3,\"name\":\"Orange Crush Cable Instrumento 6 Metros , color naranja\"}]},{\"@type\":\"WebSite\",\"@id\":\"https:\\\/\\\/hawaymusic.com\\\/#website\",\"url\":\"https:\\\/\\\/hawaymusic.com\\\/\",\"name\":\"Haway Music\",\"description\":\"La mejor tienda de instrumentos musicales en Ecuador\",\"potentialAction\":[{\"@type\":\"SearchAction\",\"target\":{\"@type\":\"EntryPoint\",\"urlTemplate\":\"https:\\\/\\\/hawaymusic.com\\\/?s={search_term_string}\"},\"query-input\":{\"@type\":\"PropertyValueSpecification\",\"valueRequired\":true,\"valueName\":\"search_term_string\"}}],\"inLanguage\":\"es-CO\"}]}<\/script>\n<!-- \/ Yoast SEO plugin. -->","yoast_head_json":{"title":"Orange Crush Cable Instrumento 6 Metros , color naranja - Haway Music","robots":{"index":"index","follow":"follow","max-snippet":"max-snippet:-1","max-image-preview":"max-image-preview:large","max-video-preview":"max-video-preview:-1"},"canonical":"https:\/\/hawaymusic.com\/es\/product\/orange-crush-conector-en-angulo-a-recto-color-naranja\/","og_locale":"es_ES","og_type":"article","og_title":"Orange Crush Cable Instrumento 6 Metros , color naranja - Haway Music","og_description":"CABLES DE CONEXI\u00d3N, INSTRUMENTOS Y ALTAVOCES DE CONFIANZA Los cables Orange Crush est\u00e1n fabricados con los mejores componentes disponibles, incluido","og_url":"https:\/\/hawaymusic.com\/es\/product\/orange-crush-conector-en-angulo-a-recto-color-naranja\/","og_site_name":"Haway Music","article_modified_time":"2022-12-13T17:09:53+00:00","og_image":[{"width":1080,"height":1080,"url":"https:\/\/hawaymusic.com\/wp-content\/uploads\/2022\/08\/orange-1.jpg","type":"image\/jpeg"}],"twitter_card":"summary_large_image","twitter_misc":{"Tiempo de lectura":"1 minuto"},"schema":{"@context":"https:\/\/schema.org","@graph":[{"@type":"WebPage","@id":"https:\/\/hawaymusic.com\/product\/orange-crush-conector-en-angulo-a-recto-color-naranja\/","url":"https:\/\/hawaymusic.com\/product\/orange-crush-conector-en-angulo-a-recto-color-naranja\/","name":"Orange Crush Cable Instrumento 6 Metros , color naranja - Haway Music","isPartOf":{"@id":"https:\/\/hawaymusic.com\/#website"},"primaryImageOfPage":{"@id":"https:\/\/hawaymusic.com\/product\/orange-crush-conector-en-angulo-a-recto-color-naranja\/#primaryimage"},"image":{"@id":"https:\/\/hawaymusic.com\/product\/orange-crush-conector-en-angulo-a-recto-color-naranja\/#primaryimage"},"thumbnailUrl":"https:\/\/i0.wp.com\/hawaymusic.com\/wp-content\/uploads\/2022\/08\/orange-1.jpg?fit=1080%2C1080&ssl=1","datePublished":"2022-08-11T23:24:15+00:00","dateModified":"2022-12-13T17:09:53+00:00","breadcrumb":{"@id":"https:\/\/hawaymusic.com\/product\/orange-crush-conector-en-angulo-a-recto-color-naranja\/#breadcrumb"},"inLanguage":"es-CO","potentialAction":[{"@type":"ReadAction","target":["https:\/\/hawaymusic.com\/product\/orange-crush-conector-en-angulo-a-recto-color-naranja\/"]}]},{"@type":"ImageObject","inLanguage":"es-CO","@id":"https:\/\/hawaymusic.com\/product\/orange-crush-conector-en-angulo-a-recto-color-naranja\/#primaryimage","url":"https:\/\/i0.wp.com\/hawaymusic.com\/wp-content\/uploads\/2022\/08\/orange-1.jpg?fit=1080%2C1080&ssl=1","contentUrl":"https:\/\/i0.wp.com\/hawaymusic.com\/wp-content\/uploads\/2022\/08\/orange-1.jpg?fit=1080%2C1080&ssl=1","width":1080,"height":1080},{"@type":"BreadcrumbList","@id":"https:\/\/hawaymusic.com\/product\/orange-crush-conector-en-angulo-a-recto-color-naranja\/#breadcrumb","itemListElement":[{"@type":"ListItem","position":1,"name":"Inicio","item":"https:\/\/hawaymusic.com\/"},{"@type":"ListItem","position":2,"name":"Shop","item":"https:\/\/hawaymusic.com\/shop\/"},{"@type":"ListItem","position":3,"name":"Orange Crush Cable Instrumento 6 Metros , color naranja"}]},{"@type":"WebSite","@id":"https:\/\/hawaymusic.com\/#website","url":"https:\/\/hawaymusic.com\/","name":"Haway Music","description":"La mejor tienda de instrumentos musicales en Ecuador","potentialAction":[{"@type":"SearchAction","target":{"@type":"EntryPoint","urlTemplate":"https:\/\/hawaymusic.com\/?s={search_term_string}"},"query-input":{"@type":"PropertyValueSpecification","valueRequired":true,"valueName":"search_term_string"}}],"inLanguage":"es-CO"}]}},"jetpack_sharing_enabled":true,"brands":[],"_links":{"self":[{"href":"https:\/\/hawaymusic.com\/es\/wp-json\/wp\/v2\/product\/101","targetHints":{"allow":["GET"]}}],"collection":[{"href":"https:\/\/hawaymusic.com\/es\/wp-json\/wp\/v2\/product"}],"about":[{"href":"https:\/\/hawaymusic.com\/es\/wp-json\/wp\/v2\/types\/product"}],"replies":[{"embeddable":true,"href":"https:\/\/hawaymusic.com\/es\/wp-json\/wp\/v2\/comments?post=101"}],"wp:featuredmedia":[{"embeddable":true,"href":"https:\/\/hawaymusic.com\/es\/wp-json\/wp\/v2\/media\/102"}],"wp:attachment":[{"href":"https:\/\/hawaymusic.com\/es\/wp-json\/wp\/v2\/media?parent=101"}],"wp:term":[{"taxonomy":"pwb-brand","embeddable":true,"href":"https:\/\/hawaymusic.com\/es\/wp-json\/wp\/v2\/pwb-brand?post=101"},{"taxonomy":"product_brand","embeddable":true,"href":"https:\/\/hawaymusic.com\/es\/wp-json\/wp\/v2\/product_brand?post=101"},{"taxonomy":"product_cat","embeddable":true,"href":"https:\/\/hawaymusic.com\/es\/wp-json\/wp\/v2\/product_cat?post=101"},{"taxonomy":"product_tag","embeddable":true,"href":"https:\/\/hawaymusic.com\/es\/wp-json\/wp\/v2\/product_tag?post=101"}],"curies":[{"name":"wp","href":"https:\/\/api.w.org\/{rel}","templated":true}]}}